{"id":6261,"date":"2016-10-06T12:20:09","date_gmt":"2016-10-06T10:20:09","guid":{"rendered":"http:\/\/www.sagardoarenlurraldea.eus\/reservar\/sin%20categorizar\/eumuseo-y-sidreria-prueba-disponibilidad\/"},"modified":"2016-10-24T17:37:57","modified_gmt":"2016-10-24T15:37:57","slug":"eumuseo-y-sidreria-prueba-disponibilidad","status":"publish","type":"product","link":"https:\/\/sagardoarenlurraldea.eus\/eu\/erreserbatu\/uncategorized-2\/eumuseo-y-sidreria-prueba-disponibilidad\/","title":{"rendered":"(EU)Museo y sidrer\u00eda (prueba disponibilidad)"},"content":{"rendered":"<h2>(EU)Actividades que incluye la experiencia<\/h2>\n<ul>\n<li>Visita a Sagardoetxea,<strong> Museo de la Sidra Vasca<\/strong>.<\/li>\n<li><strong>Degustaci\u00f3n<\/strong> de sidra, mosto y licor.<\/li>\n<li><strong>Comida\/Cena en una sidrer\u00eda tradicional<\/strong>. Men\u00fa tradicional de sidrer\u00eda compuesto por tortilla de bacalao, bacalao frito con pimientos, chulet\u00f3n, queso con nueces y membrillo y sidra al txotx.<br \/>\nNOTA: Transporte no inclu\u00eddo. Si fuera necesario\u00a0transporte, indicarlo en las observaciones de la reserva (siguiente paso).<\/li>\n<\/ul>\n<h2>Informaci\u00f3n pr\u00e1ctica<\/h2>\n<ul>\n<li><strong>Horarios<\/strong>: Lunes (julio y agosto) y de martes a s\u00e1bado (todo el a\u00f1o): 12:30 y 19:00. Domingos y festivos: 12:30.<\/li>\n<li><strong>Duraci\u00f3n<\/strong>: 3 horas en total (1 hora visita al museo + 2 horas en sidrer\u00eda).<\/li>\n<li><strong>\u00bfCuando se puede hacer?<\/strong>\u00a0Durante todo el a\u00f1o.<\/li>\n<li><strong>\u00bfPara qui\u00e9n?<\/strong>\u00a0Grupos y familias.<\/li>\n<li><strong>Idiomas<\/strong>: Castellano (con reserva previa), Euskera (con reserva previa), Franc\u00e9s (con reserva previa) e Ingl\u00e9s (con reserva previa).<\/li>\n<li><strong>Punto de encuentro<\/strong>: Sagardoetxea, Museo de la Sidra Vasca (Kale Nagusia, 48 &#8211; Astigarraga). Coordenadas GPS: 43.281204, -1.946554.<\/li>\n<li><strong>C\u00f3mo llegar<\/strong>:\n<ul>\n<li>En veh\u00edculo propio: aparcamiento en el centro de Astigarraga (C\/ Nagusia) y en el pol\u00edgono industrial (C\/ Donostia ibilbidea). Tiempo estimado desde el aparcamiento: 5-10 min.<\/li>\n<li>En autob\u00fas de l\u00ednea: Desde San Sebastian (C\/ Okendo) y desde Hernani (C\/ Txirrita): L\u00edneas A1 y A2. Ver horarios. Tiempo estimado desde la parada: 5 min.<\/li>\n<\/ul>\n<\/li>\n<\/ul>\n<h2>Tarifas<\/h2>\n<ul>\n<li><strong>Adultos<\/strong>: 32,50 \u20ac.<\/li>\n<li><strong>Ni\u00f1os:<\/strong>\n<ul>\n<li><strong>Ni\u00f1os de 0-3 a\u00f1os<\/strong>:\u00a0gratis.<\/li>\n<li><strong>Ni\u00f1os de 4-17 a\u00f1os<\/strong>: 14,00 \u20ac.<\/li>\n<\/ul>\n<\/li>\n<\/ul>\n<h2>Lo mejor<\/h2>\n<ul>\n<li><strong>Un viaje a nuestras\u00a0<\/strong><b>ra\u00edces<\/b>: Secretos y curiosidades de la cultura de la sidra.<\/li>\n<li><strong>Comer en grupo y muy rico<\/strong>: La experiencia del txotx y la comida de producto local de alt\u00edsima calidad.<\/li>\n<\/ul>\n","protected":false},"excerpt":{"rendered":"<p>(EU)Visita el Museo de la Sidra &#8211;\u00a0Sagardoetxea antes de irte de sidrer\u00eda y convierte tu visita al Territorio de la Sidra en una experiencia completa. Te proponemos hacer una visita guiada de Sagardoetxea antes de ir a comer, visitando el manzanal, el espacio muse\u00edstico y finalizar con una cata comentada de sidra. Despu\u00e9s, te vas de sidrer\u00eda a poner en pr\u00e1ctica todo lo aprendido.<\/p>\n","protected":false},"featured_media":6262,"comment_status":"open","ping_status":"closed","template":"","meta":{"_acf_changed":false,"_et_pb_use_builder":"","_et_pb_old_content":"","_et_gb_content_width":""},"product_brand":[],"product_cat":[3077],"product_tag":[],"class_list":{"0":"post-6261","1":"product","2":"type-product","3":"status-publish","4":"has-post-thumbnail","6":"product_cat-uncategorized-2","8":"first","9":"instock","10":"virtual","11":"sold-individually","12":"purchasable","13":"product-type-booking"},"exclude_global_add_ons":false,"addons":[{"name":"Sidrer\u00edas disponibles  (EU)","type":"select","position":0,"required":false,"title_format":"label","default":"","description_enable":false,"description":" (EU)Elige la sidrer\u00eda que m\u00e1s te guste. De todos modos, la asignaci\u00f3n de sidrer\u00eda definitiva se te comunicar\u00e1 por e-mail, de acuerdo a la disponibilidad y horarios.","placeholder_enable":false,"placeholder":"","display":"select","restrictions_type":"any_text","adjust_price":false,"price":"","price_type":"","restrictions":false,"min":"0","max":"0","options":[]},{"name":"Servicio de gu\u00eda en idiomas  (EU)","type":"select","position":1,"required":false,"title_format":"label","default":"","description_enable":false,"description":"","placeholder_enable":false,"placeholder":"","display":"select","restrictions_type":"any_text","adjust_price":false,"price":"","price_type":"","restrictions":false,"min":"0","max":"0","options":[]}],"acf":[],"yoast_head":"<!-- This site is optimized with the Yoast SEO plugin v25.4 - https:\/\/yoast.com\/wordpress\/plugins\/seo\/ -->\n<title>(EU)Museo y sidrer\u00eda (prueba disponibilidad) - Sagardoaren Lurraldea<\/title>\n<meta name=\"robots\" content=\"index, follow, max-snippet:-1, max-image-preview:large, max-video-preview:-1\" \/>\n<link rel=\"canonical\" href=\"https:\/\/sagardoarenlurraldea.eus\/eu\/erreserbatu\/uncategorized-2\/eumuseo-y-sidreria-prueba-disponibilidad\/\" \/>\n<meta property=\"og:locale\" content=\"en_US\" \/>\n<meta property=\"og:type\" content=\"article\" \/>\n<meta property=\"og:title\" content=\"(EU)Museo y sidrer\u00eda (prueba disponibilidad) - Sagardoaren Lurraldea\" \/>\n<meta property=\"og:description\" content=\"(EU)Visita el Museo de la Sidra -\u00a0Sagardoetxea antes de irte de sidrer\u00eda y convierte tu visita al Territorio de la Sidra en una experiencia completa. Te proponemos hacer una visita guiada de Sagardoetxea antes de ir a comer, visitando el manzanal, el espacio muse\u00edstico y finalizar con una cata comentada de sidra. Despu\u00e9s, te vas de sidrer\u00eda a poner en pr\u00e1ctica todo lo aprendido.\" \/>\n<meta property=\"og:url\" content=\"https:\/\/sagardoarenlurraldea.eus\/eu\/erreserbatu\/uncategorized-2\/eumuseo-y-sidreria-prueba-disponibilidad\/\" \/>\n<meta property=\"og:site_name\" content=\"Sagardoaren Lurraldea\" \/>\n<meta property=\"article:publisher\" content=\"https:\/\/www.facebook.com\/sagardoarenlurraldea\" \/>\n<meta property=\"article:modified_time\" content=\"2016-10-24T15:37:57+00:00\" \/>\n<meta property=\"og:image\" content=\"https:\/\/sagardoarenlurraldea.eus\/wp-content\/uploads\/2016\/06\/EXPMUSEOSIDRERIA-F00.jpg\" \/>\n\t<meta property=\"og:image:width\" content=\"900\" \/>\n\t<meta property=\"og:image:height\" content=\"600\" \/>\n\t<meta property=\"og:image:type\" content=\"image\/jpeg\" \/>\n<meta name=\"twitter:card\" content=\"summary_large_image\" \/>\n<meta name=\"twitter:label1\" content=\"Est. reading time\" \/>\n\t<meta name=\"twitter:data1\" content=\"1 minutua\" \/>\n<script type=\"application\/ld+json\" class=\"yoast-schema-graph\">{\"@context\":\"https:\/\/schema.org\",\"@graph\":[{\"@type\":\"WebPage\",\"@id\":\"https:\/\/sagardoarenlurraldea.eus\/eu\/erreserbatu\/uncategorized-2\/eumuseo-y-sidreria-prueba-disponibilidad\/\",\"url\":\"https:\/\/sagardoarenlurraldea.eus\/eu\/erreserbatu\/uncategorized-2\/eumuseo-y-sidreria-prueba-disponibilidad\/\",\"name\":\"(EU)Museo y sidrer\u00eda (prueba disponibilidad) - Sagardoaren Lurraldea\",\"isPartOf\":{\"@id\":\"https:\/\/sagardoarenlurraldea.eus\/eu\/#website\"},\"primaryImageOfPage\":{\"@id\":\"https:\/\/sagardoarenlurraldea.eus\/eu\/erreserbatu\/uncategorized-2\/eumuseo-y-sidreria-prueba-disponibilidad\/#primaryimage\"},\"image\":{\"@id\":\"https:\/\/sagardoarenlurraldea.eus\/eu\/erreserbatu\/uncategorized-2\/eumuseo-y-sidreria-prueba-disponibilidad\/#primaryimage\"},\"thumbnailUrl\":\"https:\/\/sagardoarenlurraldea.eus\/wp-content\/uploads\/2016\/06\/EXPMUSEOSIDRERIA-F00.jpg\",\"datePublished\":\"2016-10-06T10:20:09+00:00\",\"dateModified\":\"2016-10-24T15:37:57+00:00\",\"breadcrumb\":{\"@id\":\"https:\/\/sagardoarenlurraldea.eus\/eu\/erreserbatu\/uncategorized-2\/eumuseo-y-sidreria-prueba-disponibilidad\/#breadcrumb\"},\"inLanguage\":\"eu\",\"potentialAction\":[{\"@type\":\"ReadAction\",\"target\":[\"https:\/\/sagardoarenlurraldea.eus\/eu\/erreserbatu\/uncategorized-2\/eumuseo-y-sidreria-prueba-disponibilidad\/\"]}]},{\"@type\":\"ImageObject\",\"inLanguage\":\"eu\",\"@id\":\"https:\/\/sagardoarenlurraldea.eus\/eu\/erreserbatu\/uncategorized-2\/eumuseo-y-sidreria-prueba-disponibilidad\/#primaryimage\",\"url\":\"https:\/\/sagardoarenlurraldea.eus\/wp-content\/uploads\/2016\/06\/EXPMUSEOSIDRERIA-F00.jpg\",\"contentUrl\":\"https:\/\/sagardoarenlurraldea.eus\/wp-content\/uploads\/2016\/06\/EXPMUSEOSIDRERIA-F00.jpg\",\"width\":900,\"height\":600,\"caption\":\"Pisoiekin sagarra jotzea Sagardoetxean\"},{\"@type\":\"BreadcrumbList\",\"@id\":\"https:\/\/sagardoarenlurraldea.eus\/eu\/erreserbatu\/uncategorized-2\/eumuseo-y-sidreria-prueba-disponibilidad\/#breadcrumb\",\"itemListElement\":[{\"@type\":\"ListItem\",\"position\":1,\"name\":\"Inicio\",\"item\":\"https:\/\/sagardoarenlurraldea.eus\/eu\/\"},{\"@type\":\"ListItem\",\"position\":2,\"name\":\"Erreserbatu\",\"item\":\"https:\/\/sagardoarenlurraldea.eus\/eu\/erreserbatu\/\"},{\"@type\":\"ListItem\",\"position\":3,\"name\":\"(EU)Museo y sidrer\u00eda (prueba disponibilidad)\"}]},{\"@type\":\"WebSite\",\"@id\":\"https:\/\/sagardoarenlurraldea.eus\/eu\/#website\",\"url\":\"https:\/\/sagardoarenlurraldea.eus\/eu\/\",\"name\":\"Sagardoaren Lurraldea\",\"description\":\"El territorio de la sidra\",\"potentialAction\":[{\"@type\":\"SearchAction\",\"target\":{\"@type\":\"EntryPoint\",\"urlTemplate\":\"https:\/\/sagardoarenlurraldea.eus\/eu\/?s={search_term_string}\"},\"query-input\":{\"@type\":\"PropertyValueSpecification\",\"valueRequired\":true,\"valueName\":\"search_term_string\"}}],\"inLanguage\":\"eu\"}]}<\/script>\n<!-- \/ Yoast SEO plugin. -->","yoast_head_json":{"title":"(EU)Museo y sidrer\u00eda (prueba disponibilidad) - Sagardoaren Lurraldea","robots":{"index":"index","follow":"follow","max-snippet":"max-snippet:-1","max-image-preview":"max-image-preview:large","max-video-preview":"max-video-preview:-1"},"canonical":"https:\/\/sagardoarenlurraldea.eus\/eu\/erreserbatu\/uncategorized-2\/eumuseo-y-sidreria-prueba-disponibilidad\/","og_locale":"en_US","og_type":"article","og_title":"(EU)Museo y sidrer\u00eda (prueba disponibilidad) - Sagardoaren Lurraldea","og_description":"(EU)Visita el Museo de la Sidra -\u00a0Sagardoetxea antes de irte de sidrer\u00eda y convierte tu visita al Territorio de la Sidra en una experiencia completa. Te proponemos hacer una visita guiada de Sagardoetxea antes de ir a comer, visitando el manzanal, el espacio muse\u00edstico y finalizar con una cata comentada de sidra. Despu\u00e9s, te vas de sidrer\u00eda a poner en pr\u00e1ctica todo lo aprendido.","og_url":"https:\/\/sagardoarenlurraldea.eus\/eu\/erreserbatu\/uncategorized-2\/eumuseo-y-sidreria-prueba-disponibilidad\/","og_site_name":"Sagardoaren Lurraldea","article_publisher":"https:\/\/www.facebook.com\/sagardoarenlurraldea","article_modified_time":"2016-10-24T15:37:57+00:00","og_image":[{"width":900,"height":600,"url":"https:\/\/sagardoarenlurraldea.eus\/wp-content\/uploads\/2016\/06\/EXPMUSEOSIDRERIA-F00.jpg","type":"image\/jpeg"}],"twitter_card":"summary_large_image","twitter_misc":{"Est. reading time":"1 minutua"},"schema":{"@context":"https:\/\/schema.org","@graph":[{"@type":"WebPage","@id":"https:\/\/sagardoarenlurraldea.eus\/eu\/erreserbatu\/uncategorized-2\/eumuseo-y-sidreria-prueba-disponibilidad\/","url":"https:\/\/sagardoarenlurraldea.eus\/eu\/erreserbatu\/uncategorized-2\/eumuseo-y-sidreria-prueba-disponibilidad\/","name":"(EU)Museo y sidrer\u00eda (prueba disponibilidad) - Sagardoaren Lurraldea","isPartOf":{"@id":"https:\/\/sagardoarenlurraldea.eus\/eu\/#website"},"primaryImageOfPage":{"@id":"https:\/\/sagardoarenlurraldea.eus\/eu\/erreserbatu\/uncategorized-2\/eumuseo-y-sidreria-prueba-disponibilidad\/#primaryimage"},"image":{"@id":"https:\/\/sagardoarenlurraldea.eus\/eu\/erreserbatu\/uncategorized-2\/eumuseo-y-sidreria-prueba-disponibilidad\/#primaryimage"},"thumbnailUrl":"https:\/\/sagardoarenlurraldea.eus\/wp-content\/uploads\/2016\/06\/EXPMUSEOSIDRERIA-F00.jpg","datePublished":"2016-10-06T10:20:09+00:00","dateModified":"2016-10-24T15:37:57+00:00","breadcrumb":{"@id":"https:\/\/sagardoarenlurraldea.eus\/eu\/erreserbatu\/uncategorized-2\/eumuseo-y-sidreria-prueba-disponibilidad\/#breadcrumb"},"inLanguage":"eu","potentialAction":[{"@type":"ReadAction","target":["https:\/\/sagardoarenlurraldea.eus\/eu\/erreserbatu\/uncategorized-2\/eumuseo-y-sidreria-prueba-disponibilidad\/"]}]},{"@type":"ImageObject","inLanguage":"eu","@id":"https:\/\/sagardoarenlurraldea.eus\/eu\/erreserbatu\/uncategorized-2\/eumuseo-y-sidreria-prueba-disponibilidad\/#primaryimage","url":"https:\/\/sagardoarenlurraldea.eus\/wp-content\/uploads\/2016\/06\/EXPMUSEOSIDRERIA-F00.jpg","contentUrl":"https:\/\/sagardoarenlurraldea.eus\/wp-content\/uploads\/2016\/06\/EXPMUSEOSIDRERIA-F00.jpg","width":900,"height":600,"caption":"Pisoiekin sagarra jotzea Sagardoetxean"},{"@type":"BreadcrumbList","@id":"https:\/\/sagardoarenlurraldea.eus\/eu\/erreserbatu\/uncategorized-2\/eumuseo-y-sidreria-prueba-disponibilidad\/#breadcrumb","itemListElement":[{"@type":"ListItem","position":1,"name":"Inicio","item":"https:\/\/sagardoarenlurraldea.eus\/eu\/"},{"@type":"ListItem","position":2,"name":"Erreserbatu","item":"https:\/\/sagardoarenlurraldea.eus\/eu\/erreserbatu\/"},{"@type":"ListItem","position":3,"name":"(EU)Museo y sidrer\u00eda (prueba disponibilidad)"}]},{"@type":"WebSite","@id":"https:\/\/sagardoarenlurraldea.eus\/eu\/#website","url":"https:\/\/sagardoarenlurraldea.eus\/eu\/","name":"Sagardoaren Lurraldea","description":"El territorio de la sidra","potentialAction":[{"@type":"SearchAction","target":{"@type":"EntryPoint","urlTemplate":"https:\/\/sagardoarenlurraldea.eus\/eu\/?s={search_term_string}"},"query-input":{"@type":"PropertyValueSpecification","valueRequired":true,"valueName":"search_term_string"}}],"inLanguage":"eu"}]}},"_links":{"self":[{"href":"https:\/\/sagardoarenlurraldea.eus\/eu\/wp-json\/wp\/v2\/product\/6261","targetHints":{"allow":["GET"]}}],"collection":[{"href":"https:\/\/sagardoarenlurraldea.eus\/eu\/wp-json\/wp\/v2\/product"}],"about":[{"href":"https:\/\/sagardoarenlurraldea.eus\/eu\/wp-json\/wp\/v2\/types\/product"}],"replies":[{"embeddable":true,"href":"https:\/\/sagardoarenlurraldea.eus\/eu\/wp-json\/wp\/v2\/comments?post=6261"}],"wp:featuredmedia":[{"embeddable":true,"href":"https:\/\/sagardoarenlurraldea.eus\/eu\/wp-json\/wp\/v2\/media\/6262"}],"wp:attachment":[{"href":"https:\/\/sagardoarenlurraldea.eus\/eu\/wp-json\/wp\/v2\/media?parent=6261"}],"wp:term":[{"taxonomy":"product_brand","embeddable":true,"href":"https:\/\/sagardoarenlurraldea.eus\/eu\/wp-json\/wp\/v2\/product_brand?post=6261"},{"taxonomy":"product_cat","embeddable":true,"href":"https:\/\/sagardoarenlurraldea.eus\/eu\/wp-json\/wp\/v2\/product_cat?post=6261"},{"taxonomy":"product_tag","embeddable":true,"href":"https:\/\/sagardoarenlurraldea.eus\/eu\/wp-json\/wp\/v2\/product_tag?post=6261"}],"curies":[{"name":"wp","href":"https:\/\/api.w.org\/{rel}","templated":true}]}}