{"id":27429,"date":"2020-05-27T15:54:59","date_gmt":"2016-08-24T14:42:59","guid":{"rendered":"http:\/\/www.sagardoarenlurraldea.eus\/reservar\/sin%20categorizar\/museo-sidreria\/"},"modified":"2020-09-23T13:42:08","modified_gmt":"2020-09-23T11:42:08","slug":"musee-et-cidrerie","status":"publish","type":"product","link":"https:\/\/sagardoarenlurraldea.eus\/eu\/erreserbatu\/experiences-fr-2\/musee-et-cidrerie\/musee-et-cidrerie\/","title":{"rendered":"Musee et cidrerie"},"content":{"rendered":"<h2>Covid-19: Mesures de pr\u00e9vention et de s\u00e9curit\u00e9 face \u00e0 l\u2019\u00e9pid\u00e9mie<\/h2>\n<ul>\n<li><strong>Le port du masque sera obligatoire durant toute la dur\u00e9e de l\u2019exp\u00e9rience<\/strong> : zone de r\u00e9ception, ext\u00e9rieurs, espace mus\u00e9al et boutique.<\/li>\n<li><a href=\"https:\/\/sagardoarenlurraldea.eus\/fr\/experiences\/mesures-de-prevention-et-de-securite-face-a-lepidemie-de-covid-19\/\">Voir plus<\/a><\/li>\n<\/ul>\n<h2>Activit\u00e9s inclues dans l\u2019exp\u00e9rience<\/h2>\n<ul>\n<li>Visite de la <strong>Sagardoetxea, Mus\u00e9e du Cidre Basque<\/strong>.<\/li>\n<li><strong>D\u00e9gustation<\/strong> de Cidre, jus de pomme et liqueur.<\/li>\n<li><strong>D\u00e9jeuner\/ Diner dans une Cidrerie traditionnelle<\/strong>. Le menu traditionnel de Cidrerie est compos\u00e9 d\u2019omelette de morue, morue frite avec des poivrons, c\u00f4te de b\u0153uf, fromage, noix, p\u00e2te de coing et cidre au txotx.<\/li>\n<\/ul>\n<p><strong>NOTE<\/strong>:<br \/>\nEn cas de besoin de transport indiquez-le dans le cadre des observations au moment de la r\u00e9servation.<\/p>\n<h2>Informations pratiques<\/h2>\n<ul>\n<li><strong>Horaires<\/strong>: Mardi \u00e0 samedis (toute l\u2019ann\u00e9e) : 12:30 et 19:00. Dimanche et jours f\u00e9ri\u00e9s: 12:30. Juillet et ao\u00fbt tous les jours.<\/li>\n<li><strong>Dur\u00e9e<\/strong>: 3 h en tout (1 h visite du Mus\u00e9e + 2 h en Cidrerie).<\/li>\n<li><strong>Quand venir?<\/strong> Toute l\u2019ann\u00e9e.<\/li>\n<li><strong>Qui?<\/strong> Groupes et familles.<\/li>\n<li><strong>Langues<\/strong>: Espagnol (avec r\u00e9servation), Euskera (avec r\u00e9servation), Fran\u00e7ais (avec r\u00e9servation) et Anglais (avec r\u00e9servation).<\/li>\n<li><strong>Points de rencontre<\/strong>: Sagardoetxea, Mus\u00e9e du Cidre basque (Kale Nagusia, 48 \u2013 Astigarraga). Coordonn\u00e9es GPS : 43.281204, -1.946554.<\/li>\n<li><strong>Comment s\u2019y rendre<\/strong>:\n<ul>\n<li>En v\u00e9hicule propre : Parking dans le centre de Astigarraga (C\/ Nagusia) et dans la zone industrielle (C\/ Donostia ibilbidea). A 5-10 min du point de rencontre.<\/li>\n<li>En bus de ligne : Au d\u00e9part de San Sebastian (C\/ Okendo) au d\u00e9part de Hernani (C\/ Txirrita) : Lignes A1 y A2. Voir horaires. Arr\u00eat \u00e0 5 min du point de rencontre.<\/li>\n<\/ul>\n<\/li>\n<\/ul>\n<h2>Tarifs<\/h2>\n<ul>\n<li><strong>Adultes<\/strong>: 35\u20ac.<\/li>\n<li><strong>Enfants:<\/strong>\n<ul>\n<li><strong>Enfants de 0-3 ans<\/strong>: Gratuit.<\/li>\n<li><strong>Enfants de 4-17 ans<\/strong>: 17 \u20ac (<span id=\"result_box\" class=\"short_text\" lang=\"fr\"><span class=\"\">menu pour enfants<\/span><\/span>)<\/li>\n<\/ul>\n<\/li>\n<\/ul>\n<h2>Le plus<\/h2>\n<ul>\n<li><strong>Un voyage dans nos racines<\/strong>: Secrets y curiosit\u00e9s de la culture du Cidre Basque.<\/li>\n<li><strong>Manger en groupe<\/strong>: L\u2019exp\u00e9rience du Txotx et les produits locaux de haute qualit\u00e9.<\/li>\n<\/ul>\n<p>&nbsp;<\/p>\n","protected":false},"excerpt":{"rendered":"<p>Visitez le Mus\u00e9e du Cidre Basque avant de d\u00e9couvrir la cidrerie c\u2019est vivre une exp\u00e9rience compl\u00e8te sur le territoire du Cidre. Nous te proposons de faire une visite guid\u00e9e de la Sagardoetxea avant le d\u00e9jeuner, visiter les champs de pommiers, l\u2019espace mus\u00e9al et terminer par une d\u00e9gustation comment\u00e9e de Cidre. Ensuite rendez-vous \u00e0 la Cidrerie pour mettre en pratique ce que vous avez appris!.<\/p>\n","protected":false},"featured_media":24790,"comment_status":"open","ping_status":"closed","template":"","meta":{"_acf_changed":false,"_et_pb_use_builder":"","_et_pb_old_content":"","_et_gb_content_width":""},"product_brand":[],"product_cat":[2023,2668],"product_tag":[2647,2628,2621],"class_list":{"0":"post-27429","1":"product","2":"type-product","3":"status-publish","4":"has-post-thumbnail","6":"product_cat-experiences-fr-2","7":"product_cat-musee-et-cidrerie","8":"product_tag-disponible-toute-lannee","9":"product_tag-le-matin","10":"product_tag-lapres-midi","11":"dtwm_map-alorrenea-fr","12":"dtwm_map-iretza-fr","13":"dtwm_map-sagardoetxea-fr","15":"first","16":"instock","17":"virtual","18":"sold-individually","19":"purchasable","20":"product-type-booking"},"exclude_global_add_ons":false,"addons":[{"name":"Cidreries disponibles","type":"select","position":0,"required":false,"title_format":"label","default":"","description_enable":false,"description":"Choisissez la Cidrerie qui vous plait le plus. Le nom de la Cidrerie d\u00e9finitive vous sera communiqu\u00e9 par mail, en fonction des disponibilit\u00e9s et horaires","placeholder_enable":false,"placeholder":"","display":"select","restrictions_type":"any_text","adjust_price":false,"price":"","price_type":"","restrictions":false,"min":"0","max":"0","options":[]},{"name":"Service de guide en langues","type":"select","position":1,"required":false,"title_format":"label","default":"","description_enable":false,"description":"","placeholder_enable":false,"placeholder":"","display":"select","restrictions_type":"any_text","adjust_price":false,"price":"","price_type":"","restrictions":false,"min":"0","max":"0","options":[]}],"acf":[],"yoast_head":"<!-- This site is optimized with the Yoast SEO plugin v25.4 - https:\/\/yoast.com\/wordpress\/plugins\/seo\/ -->\n<title>Musee et cidrerie - Sagardoaren Lurraldea<\/title>\n<meta name=\"robots\" content=\"index, follow, max-snippet:-1, max-image-preview:large, max-video-preview:-1\" \/>\n<link rel=\"canonical\" href=\"https:\/\/sagardoarenlurraldea.eus\/eu\/erreserbatu\/experiences-fr-2\/musee-et-cidrerie\/musee-et-cidrerie\/\" \/>\n<meta property=\"og:locale\" content=\"en_US\" \/>\n<meta property=\"og:type\" content=\"article\" \/>\n<meta property=\"og:title\" content=\"Musee et cidrerie - Sagardoaren Lurraldea\" \/>\n<meta property=\"og:description\" content=\"Visitez le Mus\u00e9e du Cidre Basque avant de d\u00e9couvrir la cidrerie c\u2019est vivre une exp\u00e9rience compl\u00e8te sur le territoire du Cidre. Nous te proposons de faire une visite guid\u00e9e de la Sagardoetxea avant le d\u00e9jeuner, visiter les champs de pommiers, l\u2019espace mus\u00e9al et terminer par une d\u00e9gustation comment\u00e9e de Cidre. Ensuite rendez-vous \u00e0 la Cidrerie pour mettre en pratique ce que vous avez appris!.\" \/>\n<meta property=\"og:url\" content=\"https:\/\/sagardoarenlurraldea.eus\/eu\/erreserbatu\/experiences-fr-2\/musee-et-cidrerie\/musee-et-cidrerie\/\" \/>\n<meta property=\"og:site_name\" content=\"Sagardoaren Lurraldea\" \/>\n<meta property=\"article:publisher\" content=\"https:\/\/www.facebook.com\/sagardoarenlurraldea\" \/>\n<meta property=\"article:modified_time\" content=\"2020-09-23T11:42:08+00:00\" \/>\n<meta property=\"og:image\" content=\"https:\/\/sagardoarenlurraldea.eus\/wp-content\/uploads\/2016\/08\/EXPSIDRERIA-F00.jpg\" \/>\n\t<meta property=\"og:image:width\" content=\"900\" \/>\n\t<meta property=\"og:image:height\" content=\"598\" \/>\n\t<meta property=\"og:image:type\" content=\"image\/jpeg\" \/>\n<meta name=\"twitter:card\" content=\"summary_large_image\" \/>\n<meta name=\"twitter:label1\" content=\"Est. reading time\" \/>\n\t<meta name=\"twitter:data1\" content=\"2 minutua\" \/>\n<script type=\"application\/ld+json\" class=\"yoast-schema-graph\">{\"@context\":\"https:\/\/schema.org\",\"@graph\":[{\"@type\":\"WebPage\",\"@id\":\"https:\/\/sagardoarenlurraldea.eus\/eu\/erreserbatu\/experiences-fr-2\/musee-et-cidrerie\/musee-et-cidrerie\/\",\"url\":\"https:\/\/sagardoarenlurraldea.eus\/eu\/erreserbatu\/experiences-fr-2\/musee-et-cidrerie\/musee-et-cidrerie\/\",\"name\":\"Musee et cidrerie - Sagardoaren Lurraldea\",\"isPartOf\":{\"@id\":\"https:\/\/sagardoarenlurraldea.eus\/eu\/#website\"},\"primaryImageOfPage\":{\"@id\":\"https:\/\/sagardoarenlurraldea.eus\/eu\/erreserbatu\/experiences-fr-2\/musee-et-cidrerie\/musee-et-cidrerie\/#primaryimage\"},\"image\":{\"@id\":\"https:\/\/sagardoarenlurraldea.eus\/eu\/erreserbatu\/experiences-fr-2\/musee-et-cidrerie\/musee-et-cidrerie\/#primaryimage\"},\"thumbnailUrl\":\"https:\/\/sagardoarenlurraldea.eus\/wp-content\/uploads\/2016\/08\/EXPSIDRERIA-F00.jpg\",\"datePublished\":\"2016-08-24T14:42:59+00:00\",\"dateModified\":\"2020-09-23T11:42:08+00:00\",\"breadcrumb\":{\"@id\":\"https:\/\/sagardoarenlurraldea.eus\/eu\/erreserbatu\/experiences-fr-2\/musee-et-cidrerie\/musee-et-cidrerie\/#breadcrumb\"},\"inLanguage\":\"eu\",\"potentialAction\":[{\"@type\":\"ReadAction\",\"target\":[\"https:\/\/sagardoarenlurraldea.eus\/eu\/erreserbatu\/experiences-fr-2\/musee-et-cidrerie\/musee-et-cidrerie\/\"]}]},{\"@type\":\"ImageObject\",\"inLanguage\":\"eu\",\"@id\":\"https:\/\/sagardoarenlurraldea.eus\/eu\/erreserbatu\/experiences-fr-2\/musee-et-cidrerie\/musee-et-cidrerie\/#primaryimage\",\"url\":\"https:\/\/sagardoarenlurraldea.eus\/wp-content\/uploads\/2016\/08\/EXPSIDRERIA-F00.jpg\",\"contentUrl\":\"https:\/\/sagardoarenlurraldea.eus\/wp-content\/uploads\/2016\/08\/EXPSIDRERIA-F00.jpg\",\"width\":900,\"height\":598},{\"@type\":\"BreadcrumbList\",\"@id\":\"https:\/\/sagardoarenlurraldea.eus\/eu\/erreserbatu\/experiences-fr-2\/musee-et-cidrerie\/musee-et-cidrerie\/#breadcrumb\",\"itemListElement\":[{\"@type\":\"ListItem\",\"position\":1,\"name\":\"Inicio\",\"item\":\"https:\/\/sagardoarenlurraldea.eus\/eu\/\"},{\"@type\":\"ListItem\",\"position\":2,\"name\":\"Erreserbatu\",\"item\":\"https:\/\/sagardoarenlurraldea.eus\/eu\/erreserbatu\/\"},{\"@type\":\"ListItem\",\"position\":3,\"name\":\"Musee et cidrerie\"}]},{\"@type\":\"WebSite\",\"@id\":\"https:\/\/sagardoarenlurraldea.eus\/eu\/#website\",\"url\":\"https:\/\/sagardoarenlurraldea.eus\/eu\/\",\"name\":\"Sagardoaren Lurraldea\",\"description\":\"El territorio de la sidra\",\"potentialAction\":[{\"@type\":\"SearchAction\",\"target\":{\"@type\":\"EntryPoint\",\"urlTemplate\":\"https:\/\/sagardoarenlurraldea.eus\/eu\/?s={search_term_string}\"},\"query-input\":{\"@type\":\"PropertyValueSpecification\",\"valueRequired\":true,\"valueName\":\"search_term_string\"}}],\"inLanguage\":\"eu\"}]}<\/script>\n<!-- \/ Yoast SEO plugin. -->","yoast_head_json":{"title":"Musee et cidrerie - Sagardoaren Lurraldea","robots":{"index":"index","follow":"follow","max-snippet":"max-snippet:-1","max-image-preview":"max-image-preview:large","max-video-preview":"max-video-preview:-1"},"canonical":"https:\/\/sagardoarenlurraldea.eus\/eu\/erreserbatu\/experiences-fr-2\/musee-et-cidrerie\/musee-et-cidrerie\/","og_locale":"en_US","og_type":"article","og_title":"Musee et cidrerie - Sagardoaren Lurraldea","og_description":"Visitez le Mus\u00e9e du Cidre Basque avant de d\u00e9couvrir la cidrerie c\u2019est vivre une exp\u00e9rience compl\u00e8te sur le territoire du Cidre. Nous te proposons de faire une visite guid\u00e9e de la Sagardoetxea avant le d\u00e9jeuner, visiter les champs de pommiers, l\u2019espace mus\u00e9al et terminer par une d\u00e9gustation comment\u00e9e de Cidre. Ensuite rendez-vous \u00e0 la Cidrerie pour mettre en pratique ce que vous avez appris!.","og_url":"https:\/\/sagardoarenlurraldea.eus\/eu\/erreserbatu\/experiences-fr-2\/musee-et-cidrerie\/musee-et-cidrerie\/","og_site_name":"Sagardoaren Lurraldea","article_publisher":"https:\/\/www.facebook.com\/sagardoarenlurraldea","article_modified_time":"2020-09-23T11:42:08+00:00","og_image":[{"width":900,"height":598,"url":"https:\/\/sagardoarenlurraldea.eus\/wp-content\/uploads\/2016\/08\/EXPSIDRERIA-F00.jpg","type":"image\/jpeg"}],"twitter_card":"summary_large_image","twitter_misc":{"Est. reading time":"2 minutua"},"schema":{"@context":"https:\/\/schema.org","@graph":[{"@type":"WebPage","@id":"https:\/\/sagardoarenlurraldea.eus\/eu\/erreserbatu\/experiences-fr-2\/musee-et-cidrerie\/musee-et-cidrerie\/","url":"https:\/\/sagardoarenlurraldea.eus\/eu\/erreserbatu\/experiences-fr-2\/musee-et-cidrerie\/musee-et-cidrerie\/","name":"Musee et cidrerie - Sagardoaren Lurraldea","isPartOf":{"@id":"https:\/\/sagardoarenlurraldea.eus\/eu\/#website"},"primaryImageOfPage":{"@id":"https:\/\/sagardoarenlurraldea.eus\/eu\/erreserbatu\/experiences-fr-2\/musee-et-cidrerie\/musee-et-cidrerie\/#primaryimage"},"image":{"@id":"https:\/\/sagardoarenlurraldea.eus\/eu\/erreserbatu\/experiences-fr-2\/musee-et-cidrerie\/musee-et-cidrerie\/#primaryimage"},"thumbnailUrl":"https:\/\/sagardoarenlurraldea.eus\/wp-content\/uploads\/2016\/08\/EXPSIDRERIA-F00.jpg","datePublished":"2016-08-24T14:42:59+00:00","dateModified":"2020-09-23T11:42:08+00:00","breadcrumb":{"@id":"https:\/\/sagardoarenlurraldea.eus\/eu\/erreserbatu\/experiences-fr-2\/musee-et-cidrerie\/musee-et-cidrerie\/#breadcrumb"},"inLanguage":"eu","potentialAction":[{"@type":"ReadAction","target":["https:\/\/sagardoarenlurraldea.eus\/eu\/erreserbatu\/experiences-fr-2\/musee-et-cidrerie\/musee-et-cidrerie\/"]}]},{"@type":"ImageObject","inLanguage":"eu","@id":"https:\/\/sagardoarenlurraldea.eus\/eu\/erreserbatu\/experiences-fr-2\/musee-et-cidrerie\/musee-et-cidrerie\/#primaryimage","url":"https:\/\/sagardoarenlurraldea.eus\/wp-content\/uploads\/2016\/08\/EXPSIDRERIA-F00.jpg","contentUrl":"https:\/\/sagardoarenlurraldea.eus\/wp-content\/uploads\/2016\/08\/EXPSIDRERIA-F00.jpg","width":900,"height":598},{"@type":"BreadcrumbList","@id":"https:\/\/sagardoarenlurraldea.eus\/eu\/erreserbatu\/experiences-fr-2\/musee-et-cidrerie\/musee-et-cidrerie\/#breadcrumb","itemListElement":[{"@type":"ListItem","position":1,"name":"Inicio","item":"https:\/\/sagardoarenlurraldea.eus\/eu\/"},{"@type":"ListItem","position":2,"name":"Erreserbatu","item":"https:\/\/sagardoarenlurraldea.eus\/eu\/erreserbatu\/"},{"@type":"ListItem","position":3,"name":"Musee et cidrerie"}]},{"@type":"WebSite","@id":"https:\/\/sagardoarenlurraldea.eus\/eu\/#website","url":"https:\/\/sagardoarenlurraldea.eus\/eu\/","name":"Sagardoaren Lurraldea","description":"El territorio de la sidra","potentialAction":[{"@type":"SearchAction","target":{"@type":"EntryPoint","urlTemplate":"https:\/\/sagardoarenlurraldea.eus\/eu\/?s={search_term_string}"},"query-input":{"@type":"PropertyValueSpecification","valueRequired":true,"valueName":"search_term_string"}}],"inLanguage":"eu"}]}},"_links":{"self":[{"href":"https:\/\/sagardoarenlurraldea.eus\/eu\/wp-json\/wp\/v2\/product\/27429","targetHints":{"allow":["GET"]}}],"collection":[{"href":"https:\/\/sagardoarenlurraldea.eus\/eu\/wp-json\/wp\/v2\/product"}],"about":[{"href":"https:\/\/sagardoarenlurraldea.eus\/eu\/wp-json\/wp\/v2\/types\/product"}],"replies":[{"embeddable":true,"href":"https:\/\/sagardoarenlurraldea.eus\/eu\/wp-json\/wp\/v2\/comments?post=27429"}],"wp:featuredmedia":[{"embeddable":true,"href":"https:\/\/sagardoarenlurraldea.eus\/eu\/wp-json\/wp\/v2\/media\/24790"}],"wp:attachment":[{"href":"https:\/\/sagardoarenlurraldea.eus\/eu\/wp-json\/wp\/v2\/media?parent=27429"}],"wp:term":[{"taxonomy":"product_brand","embeddable":true,"href":"https:\/\/sagardoarenlurraldea.eus\/eu\/wp-json\/wp\/v2\/product_brand?post=27429"},{"taxonomy":"product_cat","embeddable":true,"href":"https:\/\/sagardoarenlurraldea.eus\/eu\/wp-json\/wp\/v2\/product_cat?post=27429"},{"taxonomy":"product_tag","embeddable":true,"href":"https:\/\/sagardoarenlurraldea.eus\/eu\/wp-json\/wp\/v2\/product_tag?post=27429"}],"curies":[{"name":"wp","href":"https:\/\/api.w.org\/{rel}","templated":true}]}}