{"id":7688,"date":"2016-10-28T16:14:59","date_gmt":"2016-10-28T14:14:59","guid":{"rendered":"http:\/\/www.sagardoarenlurraldea.eus\/reservar\/museo\/entrada-escolares\/"},"modified":"2026-03-10T18:08:51","modified_gmt":"2026-03-10T16:08:51","slug":"entrada-escolares","status":"publish","type":"product","link":"https:\/\/sagardoarenlurraldea.eus\/es\/reservar\/museo\/entrada-escolares\/","title":{"rendered":"Entrada escolares"},"content":{"rendered":"<h2>Actividades que incluye la experiencia<\/h2>\n<ul>\n<li>Visita guiada del manzanal, donde se puede apreciar de una forma din\u00e1mica y pedag\u00f3gica la cultura de la manzana. Durante la visita al manzanal se realiza la recogida de las manzanas con kizkia, el machacado con los pisones y la actividad correspondiente a la estaci\u00f3n del a\u00f1o:<br \/>\n&#8211; En primavera: \u00abManzanos en flor\u00bb. La polinizaci\u00f3n, el mundo de las abejas y plagas y enfermedades de los manzanos.<br \/>\n&#8211; En oto\u00f1o: \u00abRecolecci\u00f3n de las manzanas\u00bb. Cata de manzanas de sidra y realizaci\u00f3n del proceso completo de elaboraci\u00f3n del mosto de manzana: recogida de las manzanas con kizkia, machacado con los pisones, prensado y degustaci\u00f3n del mosto elaborado. An\u00e1lisis del mosto elaborado: densidad, bacterias, levaduras, etc.<br \/>\n&#8211; En invierno: \u00abTiempo de siembra\u00bb: Siembra de semillas, formaci\u00f3n de los manzanos e injertos.<\/li>\n<li>Visita guiada del espacio muse\u00edstico de Sagardoetxea.<\/li>\n<\/ul>\n<h2 style=\"margin-top: 20px;\">Horarios<\/h2>\n<ul>\n<li>Lunes cerrado.<\/li>\n<li>De martes a viernes de 11:00-13:30 y 16:00-19:30.<\/li>\n<li>Consultar otros horarios para escolares.<\/li>\n<\/ul>\n<h2>Duraci\u00f3n<\/h2>\n<ul>\n<li>1 hora<\/li>\n<\/ul>\n<h2>\u00bfCu\u00e1ndo se puede hacer?<\/h2>\n<ul>\n<li>Septiembre-junio<\/li>\n<\/ul>\n<h2>\u00bfPara qui\u00e9n?<\/h2>\n<ul>\n<li>Grupos<\/li>\n<\/ul>\n<h2>Idiomas<\/h2>\n<ul>\n<li>Castellano, euskera, franc\u00e9s e ingl\u00e9s. <strong>(Siempre con reserva previa)<\/strong><\/li>\n<\/ul>\n<h2>Punto de encuentro<\/h2>\n<ul>\n<li>Sagardoetxea, Museo de la Sidra Vasca (Kale Nagusia, 48 \u2013 Astigarraga).<\/li>\n<li>Coordenadas GPS: 43.281204, -1.946554&#8243;<\/li>\n<\/ul>\n<p><strong>NOTA IMPORTANTE:<\/strong> Al realizar la reserva, no recibir\u00e1 las entradas por email. Su reserva se ha registrado en nuestro sistema de reservas, y solo debe acercarse al punto de encuentro el d\u00eda de la actividad y dar su nombre.<\/p>\n<p>&nbsp;<\/p>\n<h2>C\u00f3mo llegar<\/h2>\n<ul>\n<li>En autob\u00fas: aparcamiento en el centro de Astigarraga (C\/ Nagusia) y en el pol\u00edgono industrial (C\/ Donostia ibilbidea). Tiempo estimado desde el aparcamiento: 5-10 min.<\/li>\n<li>En autob\u00fas de l\u00ednea: Desde San Sebastian (C\/ Okendo) y desde Hernani (C\/ Txirrita): L\u00edneas BU12 y BU13. <a href=\"http:\/\/www.lurraldebus.eus\">Ver horarios<\/a>. Tiempo estimado desde la parada: 5 min.<\/li>\n<\/ul>\n<h2>Lo mejor<\/h2>\n<ul>\n<li>Participar en una actividad diferente en cada estaci\u00f3n del a\u00f1o.<\/li>\n<li>Visitar un espacio did\u00e1ctico, en contacto con la naturaleza.<\/li>\n<li>Conocer las ra\u00edces y la cultura de la sidra vasca de forma participativa<\/li>\n<\/ul>\n","protected":false},"excerpt":{"rendered":"<p>Los centros escolares disponen de una oferta especial. Visitas guiadas espec\u00edficamente adaptadas a los distintos grupos de edad de los escolares y actividades pr\u00e1cticas en funci\u00f3n de la \u00e9poca del a\u00f1o. Igualmente, Sagardoetxea ha editado un material did\u00e1ctico espec\u00edfico para los distintos cursos escolares, desde Primaria hasta la Ense\u00f1anza Secundaria Obligatoria. Si deseas recibir el material did\u00e1ctico, env\u00eda un e-mail a <a href=\"mailto:info@sagardoetxea.eus\">info@sagardoetxea.eus<\/a><\/p>\n<p>&nbsp;<\/p>\n<ul>\n<li><strong>Alumnos (hasta 17 a\u00f1os)<\/strong>:<strong> 3\u20ac<\/strong> (incluye visita guiada)<\/li>\n<li>Los <strong>profesores<\/strong> que acompa\u00f1an a los grupos escolares tienen <strong>entrada gratuita<\/strong>.<\/li>\n<\/ul>\n","protected":false},"featured_media":7692,"comment_status":"closed","ping_status":"closed","template":"","meta":{"_acf_changed":false,"_et_pb_use_builder":"","_et_pb_old_content":"","_et_gb_content_width":""},"product_brand":[],"product_cat":[2012,107],"product_tag":[2153,151,152],"class_list":{"0":"post-7688","1":"product","2":"type-product","3":"status-publish","4":"has-post-thumbnail","6":"product_cat-entrada","7":"product_cat-museo","8":"product_tag-disponible-todo-el-ano","9":"product_tag-actividad-matutina","10":"product_tag-actividad-vespertina","11":"dtwm_map-sagardoetxea","13":"first","14":"instock","15":"virtual","16":"sold-individually","17":"purchasable","18":"product-type-booking"},"exclude_global_add_ons":false,"addons":[{"name":"Visita guiada","type":"select","position":0,"required":false,"title_format":"label","default":"","description_enable":false,"description":"","placeholder_enable":false,"placeholder":"","display":"select","restrictions_type":"any_text","adjust_price":false,"price":"","price_type":"flat_fee","restrictions":false,"min":"0","max":"0","options":[],"id":1773165936}],"acf":[],"yoast_head":"<!-- This site is optimized with the Yoast SEO plugin v25.4 - https:\/\/yoast.com\/wordpress\/plugins\/seo\/ -->\n<title>Entrada escolares - Sagardoaren Lurraldea<\/title>\n<meta name=\"robots\" content=\"index, follow, max-snippet:-1, max-image-preview:large, max-video-preview:-1\" \/>\n<link rel=\"canonical\" href=\"https:\/\/sagardoarenlurraldea.eus\/es\/reservar\/museo\/entrada-escolares\/\" \/>\n<meta property=\"og:locale\" content=\"es_ES\" \/>\n<meta property=\"og:type\" content=\"article\" \/>\n<meta property=\"og:title\" content=\"Entrada escolares - Sagardoaren Lurraldea\" \/>\n<meta property=\"og:description\" content=\"Los centros escolares disponen de una oferta especial. Visitas guiadas espec\u00edficamente adaptadas a los distintos grupos de edad de los escolares y actividades pr\u00e1cticas en funci\u00f3n de la \u00e9poca del a\u00f1o. Igualmente, Sagardoetxea ha editado un material did\u00e1ctico espec\u00edfico para los distintos cursos escolares, desde Primaria hasta la Ense\u00f1anza Secundaria Obligatoria. Si deseas recibir el material did\u00e1ctico, env\u00eda un e-mail a info@sagardoetxea.eus  &nbsp;   Alumnos (hasta 17 a\u00f1os): 3\u20ac (incluye visita guiada)  Los profesores que acompa\u00f1an a los grupos escolares tienen entrada gratuita.\" \/>\n<meta property=\"og:url\" content=\"https:\/\/sagardoarenlurraldea.eus\/es\/reservar\/museo\/entrada-escolares\/\" \/>\n<meta property=\"og:site_name\" content=\"Sagardoaren Lurraldea\" \/>\n<meta property=\"article:publisher\" content=\"https:\/\/www.facebook.com\/sagardoarenlurraldea\" \/>\n<meta property=\"article:modified_time\" content=\"2026-03-10T16:08:51+00:00\" \/>\n<meta property=\"og:image\" content=\"https:\/\/sagardoarenlurraldea.eus\/wp-content\/uploads\/2016\/10\/EXPMUSEOIKASTOLA-F00.jpg\" \/>\n\t<meta property=\"og:image:width\" content=\"900\" \/>\n\t<meta property=\"og:image:height\" content=\"600\" \/>\n\t<meta property=\"og:image:type\" content=\"image\/jpeg\" \/>\n<meta name=\"twitter:card\" content=\"summary_large_image\" \/>\n<meta name=\"twitter:label1\" content=\"Tiempo de lectura\" \/>\n\t<meta name=\"twitter:data1\" content=\"2 minutos\" \/>\n<script type=\"application\/ld+json\" class=\"yoast-schema-graph\">{\"@context\":\"https:\/\/schema.org\",\"@graph\":[{\"@type\":\"WebPage\",\"@id\":\"https:\/\/sagardoarenlurraldea.eus\/es\/reservar\/museo\/entrada-escolares\/\",\"url\":\"https:\/\/sagardoarenlurraldea.eus\/es\/reservar\/museo\/entrada-escolares\/\",\"name\":\"Entrada escolares - Sagardoaren Lurraldea\",\"isPartOf\":{\"@id\":\"https:\/\/sagardoarenlurraldea.eus\/es\/#website\"},\"primaryImageOfPage\":{\"@id\":\"https:\/\/sagardoarenlurraldea.eus\/es\/reservar\/museo\/entrada-escolares\/#primaryimage\"},\"image\":{\"@id\":\"https:\/\/sagardoarenlurraldea.eus\/es\/reservar\/museo\/entrada-escolares\/#primaryimage\"},\"thumbnailUrl\":\"https:\/\/sagardoarenlurraldea.eus\/wp-content\/uploads\/2016\/10\/EXPMUSEOIKASTOLA-F00.jpg\",\"datePublished\":\"2016-10-28T14:14:59+00:00\",\"dateModified\":\"2026-03-10T16:08:51+00:00\",\"breadcrumb\":{\"@id\":\"https:\/\/sagardoarenlurraldea.eus\/es\/reservar\/museo\/entrada-escolares\/#breadcrumb\"},\"inLanguage\":\"es\",\"potentialAction\":[{\"@type\":\"ReadAction\",\"target\":[\"https:\/\/sagardoarenlurraldea.eus\/es\/reservar\/museo\/entrada-escolares\/\"]}]},{\"@type\":\"ImageObject\",\"inLanguage\":\"es\",\"@id\":\"https:\/\/sagardoarenlurraldea.eus\/es\/reservar\/museo\/entrada-escolares\/#primaryimage\",\"url\":\"https:\/\/sagardoarenlurraldea.eus\/wp-content\/uploads\/2016\/10\/EXPMUSEOIKASTOLA-F00.jpg\",\"contentUrl\":\"https:\/\/sagardoarenlurraldea.eus\/wp-content\/uploads\/2016\/10\/EXPMUSEOIKASTOLA-F00.jpg\",\"width\":900,\"height\":600,\"caption\":\"Ni\u00f1os degustando las manzanas en el manzanal\"},{\"@type\":\"BreadcrumbList\",\"@id\":\"https:\/\/sagardoarenlurraldea.eus\/es\/reservar\/museo\/entrada-escolares\/#breadcrumb\",\"itemListElement\":[{\"@type\":\"ListItem\",\"position\":1,\"name\":\"Inicio\",\"item\":\"https:\/\/sagardoarenlurraldea.eus\/es\/\"},{\"@type\":\"ListItem\",\"position\":2,\"name\":\"Reservar\",\"item\":\"https:\/\/sagardoarenlurraldea.eus\/es\/reservar\/\"},{\"@type\":\"ListItem\",\"position\":3,\"name\":\"Entrada escolares\"}]},{\"@type\":\"WebSite\",\"@id\":\"https:\/\/sagardoarenlurraldea.eus\/es\/#website\",\"url\":\"https:\/\/sagardoarenlurraldea.eus\/es\/\",\"name\":\"Sagardoaren Lurraldea\",\"description\":\"El territorio de la sidra\",\"potentialAction\":[{\"@type\":\"SearchAction\",\"target\":{\"@type\":\"EntryPoint\",\"urlTemplate\":\"https:\/\/sagardoarenlurraldea.eus\/es\/?s={search_term_string}\"},\"query-input\":{\"@type\":\"PropertyValueSpecification\",\"valueRequired\":true,\"valueName\":\"search_term_string\"}}],\"inLanguage\":\"es\"}]}<\/script>\n<!-- \/ Yoast SEO plugin. -->","yoast_head_json":{"title":"Entrada escolares - Sagardoaren Lurraldea","robots":{"index":"index","follow":"follow","max-snippet":"max-snippet:-1","max-image-preview":"max-image-preview:large","max-video-preview":"max-video-preview:-1"},"canonical":"https:\/\/sagardoarenlurraldea.eus\/es\/reservar\/museo\/entrada-escolares\/","og_locale":"es_ES","og_type":"article","og_title":"Entrada escolares - Sagardoaren Lurraldea","og_description":"Los centros escolares disponen de una oferta especial. Visitas guiadas espec\u00edficamente adaptadas a los distintos grupos de edad de los escolares y actividades pr\u00e1cticas en funci\u00f3n de la \u00e9poca del a\u00f1o. Igualmente, Sagardoetxea ha editado un material did\u00e1ctico espec\u00edfico para los distintos cursos escolares, desde Primaria hasta la Ense\u00f1anza Secundaria Obligatoria. Si deseas recibir el material did\u00e1ctico, env\u00eda un e-mail a info@sagardoetxea.eus  &nbsp;   Alumnos (hasta 17 a\u00f1os): 3\u20ac (incluye visita guiada)  Los profesores que acompa\u00f1an a los grupos escolares tienen entrada gratuita.","og_url":"https:\/\/sagardoarenlurraldea.eus\/es\/reservar\/museo\/entrada-escolares\/","og_site_name":"Sagardoaren Lurraldea","article_publisher":"https:\/\/www.facebook.com\/sagardoarenlurraldea","article_modified_time":"2026-03-10T16:08:51+00:00","og_image":[{"width":900,"height":600,"url":"https:\/\/sagardoarenlurraldea.eus\/wp-content\/uploads\/2016\/10\/EXPMUSEOIKASTOLA-F00.jpg","type":"image\/jpeg"}],"twitter_card":"summary_large_image","twitter_misc":{"Tiempo de lectura":"2 minutos"},"schema":{"@context":"https:\/\/schema.org","@graph":[{"@type":"WebPage","@id":"https:\/\/sagardoarenlurraldea.eus\/es\/reservar\/museo\/entrada-escolares\/","url":"https:\/\/sagardoarenlurraldea.eus\/es\/reservar\/museo\/entrada-escolares\/","name":"Entrada escolares - Sagardoaren Lurraldea","isPartOf":{"@id":"https:\/\/sagardoarenlurraldea.eus\/es\/#website"},"primaryImageOfPage":{"@id":"https:\/\/sagardoarenlurraldea.eus\/es\/reservar\/museo\/entrada-escolares\/#primaryimage"},"image":{"@id":"https:\/\/sagardoarenlurraldea.eus\/es\/reservar\/museo\/entrada-escolares\/#primaryimage"},"thumbnailUrl":"https:\/\/sagardoarenlurraldea.eus\/wp-content\/uploads\/2016\/10\/EXPMUSEOIKASTOLA-F00.jpg","datePublished":"2016-10-28T14:14:59+00:00","dateModified":"2026-03-10T16:08:51+00:00","breadcrumb":{"@id":"https:\/\/sagardoarenlurraldea.eus\/es\/reservar\/museo\/entrada-escolares\/#breadcrumb"},"inLanguage":"es","potentialAction":[{"@type":"ReadAction","target":["https:\/\/sagardoarenlurraldea.eus\/es\/reservar\/museo\/entrada-escolares\/"]}]},{"@type":"ImageObject","inLanguage":"es","@id":"https:\/\/sagardoarenlurraldea.eus\/es\/reservar\/museo\/entrada-escolares\/#primaryimage","url":"https:\/\/sagardoarenlurraldea.eus\/wp-content\/uploads\/2016\/10\/EXPMUSEOIKASTOLA-F00.jpg","contentUrl":"https:\/\/sagardoarenlurraldea.eus\/wp-content\/uploads\/2016\/10\/EXPMUSEOIKASTOLA-F00.jpg","width":900,"height":600,"caption":"Ni\u00f1os degustando las manzanas en el manzanal"},{"@type":"BreadcrumbList","@id":"https:\/\/sagardoarenlurraldea.eus\/es\/reservar\/museo\/entrada-escolares\/#breadcrumb","itemListElement":[{"@type":"ListItem","position":1,"name":"Inicio","item":"https:\/\/sagardoarenlurraldea.eus\/es\/"},{"@type":"ListItem","position":2,"name":"Reservar","item":"https:\/\/sagardoarenlurraldea.eus\/es\/reservar\/"},{"@type":"ListItem","position":3,"name":"Entrada escolares"}]},{"@type":"WebSite","@id":"https:\/\/sagardoarenlurraldea.eus\/es\/#website","url":"https:\/\/sagardoarenlurraldea.eus\/es\/","name":"Sagardoaren Lurraldea","description":"El territorio de la sidra","potentialAction":[{"@type":"SearchAction","target":{"@type":"EntryPoint","urlTemplate":"https:\/\/sagardoarenlurraldea.eus\/es\/?s={search_term_string}"},"query-input":{"@type":"PropertyValueSpecification","valueRequired":true,"valueName":"search_term_string"}}],"inLanguage":"es"}]}},"_links":{"self":[{"href":"https:\/\/sagardoarenlurraldea.eus\/es\/wp-json\/wp\/v2\/product\/7688","targetHints":{"allow":["GET"]}}],"collection":[{"href":"https:\/\/sagardoarenlurraldea.eus\/es\/wp-json\/wp\/v2\/product"}],"about":[{"href":"https:\/\/sagardoarenlurraldea.eus\/es\/wp-json\/wp\/v2\/types\/product"}],"replies":[{"embeddable":true,"href":"https:\/\/sagardoarenlurraldea.eus\/es\/wp-json\/wp\/v2\/comments?post=7688"}],"wp:featuredmedia":[{"embeddable":true,"href":"https:\/\/sagardoarenlurraldea.eus\/es\/wp-json\/wp\/v2\/media\/7692"}],"wp:attachment":[{"href":"https:\/\/sagardoarenlurraldea.eus\/es\/wp-json\/wp\/v2\/media?parent=7688"}],"wp:term":[{"taxonomy":"product_brand","embeddable":true,"href":"https:\/\/sagardoarenlurraldea.eus\/es\/wp-json\/wp\/v2\/product_brand?post=7688"},{"taxonomy":"product_cat","embeddable":true,"href":"https:\/\/sagardoarenlurraldea.eus\/es\/wp-json\/wp\/v2\/product_cat?post=7688"},{"taxonomy":"product_tag","embeddable":true,"href":"https:\/\/sagardoarenlurraldea.eus\/es\/wp-json\/wp\/v2\/product_tag?post=7688"}],"curies":[{"name":"wp","href":"https:\/\/api.w.org\/{rel}","templated":true}]}}