{"id":7656,"date":"2020-09-19T10:00:25","date_gmt":"2020-09-19T08:00:25","guid":{"rendered":"http:\/\/www.sagardoarenlurraldea.eus\/?post_type=product&#038;p=7656"},"modified":"2026-03-10T18:02:04","modified_gmt":"2026-03-10T16:02:04","slug":"entrada-individual","status":"publish","type":"product","link":"https:\/\/sagardoarenlurraldea.eus\/es\/reservar\/museo\/entrada-individual\/","title":{"rendered":"Entrada individual"},"content":{"rendered":"<h2>Actividades que incluye la experiencia<\/h2>\n<ul>\n<li>Visita del manzanal, donde se puede apreciar de una forma din\u00e1mica y pedag\u00f3gica la cultura de la manzana.<\/li>\n<li>Visita del espacio muse\u00edstico, donde se conoce el pasado, presente y futuro de la manzana y de la sidra y todo el proceso de elaboraci\u00f3n de la sidra.<\/li>\n<li>Cata y degustaci\u00f3n de sidra.<\/li>\n<\/ul>\n<h2 style=\"margin-top: 20px;\">Horarios<\/h2>\n<ul>\n<li>Lunes cerrado (excepto julio y agosto)<\/li>\n<li>De martes a s\u00e1bado de 11:00-13:30 y 16:00-19:30.<\/li>\n<li>Domingos y festivos: 11:00-13:30.<\/li>\n<\/ul>\n<h2>Duraci\u00f3n<\/h2>\n<ul>\n<li>1 hora<\/li>\n<\/ul>\n<h2>\u00bfCu\u00e1ndo se puede hacer?<\/h2>\n<ul>\n<li>Durante todo el a\u00f1o<\/li>\n<\/ul>\n<h2>\u00bfPara qui\u00e9n?<\/h2>\n<ul>\n<li>Individual, Familias, Parejas<\/li>\n<\/ul>\n<h2>Idiomas<\/h2>\n<ul>\n<li>Castellano, euskera, franc\u00e9s e ingl\u00e9s (con reserva previa).<\/li>\n<\/ul>\n<h2>Punto de encuentro<\/h2>\n<ul>\n<li>Sagardoetxea, Museo de la Sidra Vasca (Kale Nagusia, 48 \u2013 Astigarraga).<\/li>\n<li>Coordenadas GPS: 43.281204, -1.946554&#8243;<\/li>\n<\/ul>\n<p><strong>NOTA IMPORTANTE:<\/strong> Al realizar la reserva, no recibir\u00e1 las entradas por email. Su reserva se ha registrado en nuestro sistema de reservas, y solo debe acercarse al punto de encuentro el d\u00eda de la actividad y dar su nombre.<\/p>\n<p>&nbsp;<\/p>\n<h2>C\u00f3mo llegar<\/h2>\n<ul>\n<li>En veh\u00edculo propio: aparcamiento en el centro de Astigarraga (C\/ Nagusia) y en el pol\u00edgono industrial (C\/ Donostia ibilbidea). Tiempo estimado desde el aparcamiento: 5-10 min.<\/li>\n<li>En autob\u00fas de l\u00ednea: Desde San Sebastian (C\/ Okendo) y desde Hernani (C\/ Txirrita). L\u00edneas BU12 y BU13. <a href=\"http:\/\/www.lurraldebus.eus\">Ver horarios<\/a>. Tiempo estimado desde la parada: 5 min.<\/li>\n<\/ul>\n<h2>Lo mejor<\/h2>\n<ul>\n<li>Conocer las ra\u00edces y la cultura de la sidra vasca de forma participativa.<\/li>\n<li>Visitar un espacio did\u00e1ctico, en contacto con la naturaleza.<\/li>\n<li>Aprender los secretos que acompa\u00f1an a la degustaci\u00f3n de la sidra al txotx.<\/li>\n<\/ul>\n","protected":false},"excerpt":{"rendered":"<p>Los visitantes individuales de Sagardoetxea disponen de la posibilidad de auto guiarse tanto por el por el manzanal muse\u00edstico como por el centro de interpretaci\u00f3n, aunque la opci\u00f3n recomendada siempre es la visita guiada. Alcanzar\u00e1 un mayor aprovechamiento de los contenidos del museo, as\u00ed como de los detalles y curiosidades que, en torno al mundo de la sidra, le est\u00e1n aguardando.<\/p>\n<p>&nbsp;<\/p>\n<ul>\n<li><strong>Adultos: 5\u20ac<\/strong> (incluye visita guiada y degustaci\u00f3n)<\/li>\n<li><strong>Ni\u00f1os de 0-6 a\u00f1os (acompa\u00f1ados por un adulto)<\/strong>: Gratuito<\/li>\n<li><strong>Ni\u00f1os de 7-17 a\u00f1os<\/strong>: 3\u20ac<\/li>\n<\/ul>\n","protected":false},"featured_media":7662,"comment_status":"closed","ping_status":"closed","template":"","meta":{"_acf_changed":false,"_et_pb_use_builder":"","_et_pb_old_content":"","_et_gb_content_width":""},"product_brand":[],"product_cat":[2012,107],"product_tag":[2153,151,152],"class_list":{"0":"post-7656","1":"product","2":"type-product","3":"status-publish","4":"has-post-thumbnail","6":"product_cat-entrada","7":"product_cat-museo","8":"product_tag-disponible-todo-el-ano","9":"product_tag-actividad-matutina","10":"product_tag-actividad-vespertina","11":"dtwm_map-sagardoetxea","13":"first","14":"instock","15":"virtual","16":"sold-individually","17":"purchasable","18":"product-type-booking"},"exclude_global_add_ons":false,"addons":[{"name":"Visita guiada","type":"select","position":0,"required":false,"title_format":"label","default":"","description_enable":false,"description":"","placeholder_enable":false,"placeholder":"","display":"select","restrictions_type":"any_text","adjust_price":false,"price":"","price_type":"flat_fee","restrictions":false,"min":"0","max":"0","options":[],"id":1773164936}],"acf":[],"yoast_head":"<!-- This site is optimized with the Yoast SEO plugin v25.4 - https:\/\/yoast.com\/wordpress\/plugins\/seo\/ -->\n<title>Entrada individual - Sagardoaren Lurraldea<\/title>\n<meta name=\"robots\" content=\"index, follow, max-snippet:-1, max-image-preview:large, max-video-preview:-1\" \/>\n<link rel=\"canonical\" href=\"https:\/\/sagardoarenlurraldea.eus\/es\/reservar\/museo\/entrada-individual\/\" \/>\n<meta property=\"og:locale\" content=\"es_ES\" \/>\n<meta property=\"og:type\" content=\"article\" \/>\n<meta property=\"og:title\" content=\"Entrada individual - Sagardoaren Lurraldea\" \/>\n<meta property=\"og:description\" content=\"Los visitantes individuales de Sagardoetxea disponen de la posibilidad de auto guiarse tanto por el por el manzanal muse\u00edstico como por el centro de interpretaci\u00f3n, aunque la opci\u00f3n recomendada siempre es la visita guiada. Alcanzar\u00e1 un mayor aprovechamiento de los contenidos del museo, as\u00ed como de los detalles y curiosidades que, en torno al mundo de la sidra, le est\u00e1n aguardando.  &nbsp;   Adultos: 5\u20ac (incluye visita guiada y degustaci\u00f3n)  Ni\u00f1os de 0-6 a\u00f1os (acompa\u00f1ados por un adulto): Gratuito  Ni\u00f1os de 7-17 a\u00f1os: 3\u20ac\" \/>\n<meta property=\"og:url\" content=\"https:\/\/sagardoarenlurraldea.eus\/es\/reservar\/museo\/entrada-individual\/\" \/>\n<meta property=\"og:site_name\" content=\"Sagardoaren Lurraldea\" \/>\n<meta property=\"article:publisher\" content=\"https:\/\/www.facebook.com\/sagardoarenlurraldea\" \/>\n<meta property=\"article:modified_time\" content=\"2026-03-10T16:02:04+00:00\" \/>\n<meta property=\"og:image\" content=\"https:\/\/sagardoarenlurraldea.eus\/wp-content\/uploads\/2016\/10\/EXPMUSEOINDIVIDUAL-F00.jpg\" \/>\n\t<meta property=\"og:image:width\" content=\"900\" \/>\n\t<meta property=\"og:image:height\" content=\"600\" \/>\n\t<meta property=\"og:image:type\" content=\"image\/jpeg\" \/>\n<meta name=\"twitter:card\" content=\"summary_large_image\" \/>\n<meta name=\"twitter:label1\" content=\"Tiempo de lectura\" \/>\n\t<meta name=\"twitter:data1\" content=\"1 minuto\" \/>\n<script type=\"application\/ld+json\" class=\"yoast-schema-graph\">{\"@context\":\"https:\/\/schema.org\",\"@graph\":[{\"@type\":\"WebPage\",\"@id\":\"https:\/\/sagardoarenlurraldea.eus\/es\/reservar\/museo\/entrada-individual\/\",\"url\":\"https:\/\/sagardoarenlurraldea.eus\/es\/reservar\/museo\/entrada-individual\/\",\"name\":\"Entrada individual - Sagardoaren Lurraldea\",\"isPartOf\":{\"@id\":\"https:\/\/sagardoarenlurraldea.eus\/es\/#website\"},\"primaryImageOfPage\":{\"@id\":\"https:\/\/sagardoarenlurraldea.eus\/es\/reservar\/museo\/entrada-individual\/#primaryimage\"},\"image\":{\"@id\":\"https:\/\/sagardoarenlurraldea.eus\/es\/reservar\/museo\/entrada-individual\/#primaryimage\"},\"thumbnailUrl\":\"https:\/\/sagardoarenlurraldea.eus\/wp-content\/uploads\/2016\/10\/EXPMUSEOINDIVIDUAL-F00.jpg\",\"datePublished\":\"2020-09-19T08:00:25+00:00\",\"dateModified\":\"2026-03-10T16:02:04+00:00\",\"breadcrumb\":{\"@id\":\"https:\/\/sagardoarenlurraldea.eus\/es\/reservar\/museo\/entrada-individual\/#breadcrumb\"},\"inLanguage\":\"es\",\"potentialAction\":[{\"@type\":\"ReadAction\",\"target\":[\"https:\/\/sagardoarenlurraldea.eus\/es\/reservar\/museo\/entrada-individual\/\"]}]},{\"@type\":\"ImageObject\",\"inLanguage\":\"es\",\"@id\":\"https:\/\/sagardoarenlurraldea.eus\/es\/reservar\/museo\/entrada-individual\/#primaryimage\",\"url\":\"https:\/\/sagardoarenlurraldea.eus\/wp-content\/uploads\/2016\/10\/EXPMUSEOINDIVIDUAL-F00.jpg\",\"contentUrl\":\"https:\/\/sagardoarenlurraldea.eus\/wp-content\/uploads\/2016\/10\/EXPMUSEOINDIVIDUAL-F00.jpg\",\"width\":900,\"height\":600},{\"@type\":\"BreadcrumbList\",\"@id\":\"https:\/\/sagardoarenlurraldea.eus\/es\/reservar\/museo\/entrada-individual\/#breadcrumb\",\"itemListElement\":[{\"@type\":\"ListItem\",\"position\":1,\"name\":\"Inicio\",\"item\":\"https:\/\/sagardoarenlurraldea.eus\/es\/\"},{\"@type\":\"ListItem\",\"position\":2,\"name\":\"Reservar\",\"item\":\"https:\/\/sagardoarenlurraldea.eus\/es\/reservar\/\"},{\"@type\":\"ListItem\",\"position\":3,\"name\":\"Entrada individual\"}]},{\"@type\":\"WebSite\",\"@id\":\"https:\/\/sagardoarenlurraldea.eus\/es\/#website\",\"url\":\"https:\/\/sagardoarenlurraldea.eus\/es\/\",\"name\":\"Sagardoaren Lurraldea\",\"description\":\"El territorio de la sidra\",\"potentialAction\":[{\"@type\":\"SearchAction\",\"target\":{\"@type\":\"EntryPoint\",\"urlTemplate\":\"https:\/\/sagardoarenlurraldea.eus\/es\/?s={search_term_string}\"},\"query-input\":{\"@type\":\"PropertyValueSpecification\",\"valueRequired\":true,\"valueName\":\"search_term_string\"}}],\"inLanguage\":\"es\"}]}<\/script>\n<!-- \/ Yoast SEO plugin. -->","yoast_head_json":{"title":"Entrada individual - Sagardoaren Lurraldea","robots":{"index":"index","follow":"follow","max-snippet":"max-snippet:-1","max-image-preview":"max-image-preview:large","max-video-preview":"max-video-preview:-1"},"canonical":"https:\/\/sagardoarenlurraldea.eus\/es\/reservar\/museo\/entrada-individual\/","og_locale":"es_ES","og_type":"article","og_title":"Entrada individual - Sagardoaren Lurraldea","og_description":"Los visitantes individuales de Sagardoetxea disponen de la posibilidad de auto guiarse tanto por el por el manzanal muse\u00edstico como por el centro de interpretaci\u00f3n, aunque la opci\u00f3n recomendada siempre es la visita guiada. Alcanzar\u00e1 un mayor aprovechamiento de los contenidos del museo, as\u00ed como de los detalles y curiosidades que, en torno al mundo de la sidra, le est\u00e1n aguardando.  &nbsp;   Adultos: 5\u20ac (incluye visita guiada y degustaci\u00f3n)  Ni\u00f1os de 0-6 a\u00f1os (acompa\u00f1ados por un adulto): Gratuito  Ni\u00f1os de 7-17 a\u00f1os: 3\u20ac","og_url":"https:\/\/sagardoarenlurraldea.eus\/es\/reservar\/museo\/entrada-individual\/","og_site_name":"Sagardoaren Lurraldea","article_publisher":"https:\/\/www.facebook.com\/sagardoarenlurraldea","article_modified_time":"2026-03-10T16:02:04+00:00","og_image":[{"width":900,"height":600,"url":"https:\/\/sagardoarenlurraldea.eus\/wp-content\/uploads\/2016\/10\/EXPMUSEOINDIVIDUAL-F00.jpg","type":"image\/jpeg"}],"twitter_card":"summary_large_image","twitter_misc":{"Tiempo de lectura":"1 minuto"},"schema":{"@context":"https:\/\/schema.org","@graph":[{"@type":"WebPage","@id":"https:\/\/sagardoarenlurraldea.eus\/es\/reservar\/museo\/entrada-individual\/","url":"https:\/\/sagardoarenlurraldea.eus\/es\/reservar\/museo\/entrada-individual\/","name":"Entrada individual - Sagardoaren Lurraldea","isPartOf":{"@id":"https:\/\/sagardoarenlurraldea.eus\/es\/#website"},"primaryImageOfPage":{"@id":"https:\/\/sagardoarenlurraldea.eus\/es\/reservar\/museo\/entrada-individual\/#primaryimage"},"image":{"@id":"https:\/\/sagardoarenlurraldea.eus\/es\/reservar\/museo\/entrada-individual\/#primaryimage"},"thumbnailUrl":"https:\/\/sagardoarenlurraldea.eus\/wp-content\/uploads\/2016\/10\/EXPMUSEOINDIVIDUAL-F00.jpg","datePublished":"2020-09-19T08:00:25+00:00","dateModified":"2026-03-10T16:02:04+00:00","breadcrumb":{"@id":"https:\/\/sagardoarenlurraldea.eus\/es\/reservar\/museo\/entrada-individual\/#breadcrumb"},"inLanguage":"es","potentialAction":[{"@type":"ReadAction","target":["https:\/\/sagardoarenlurraldea.eus\/es\/reservar\/museo\/entrada-individual\/"]}]},{"@type":"ImageObject","inLanguage":"es","@id":"https:\/\/sagardoarenlurraldea.eus\/es\/reservar\/museo\/entrada-individual\/#primaryimage","url":"https:\/\/sagardoarenlurraldea.eus\/wp-content\/uploads\/2016\/10\/EXPMUSEOINDIVIDUAL-F00.jpg","contentUrl":"https:\/\/sagardoarenlurraldea.eus\/wp-content\/uploads\/2016\/10\/EXPMUSEOINDIVIDUAL-F00.jpg","width":900,"height":600},{"@type":"BreadcrumbList","@id":"https:\/\/sagardoarenlurraldea.eus\/es\/reservar\/museo\/entrada-individual\/#breadcrumb","itemListElement":[{"@type":"ListItem","position":1,"name":"Inicio","item":"https:\/\/sagardoarenlurraldea.eus\/es\/"},{"@type":"ListItem","position":2,"name":"Reservar","item":"https:\/\/sagardoarenlurraldea.eus\/es\/reservar\/"},{"@type":"ListItem","position":3,"name":"Entrada individual"}]},{"@type":"WebSite","@id":"https:\/\/sagardoarenlurraldea.eus\/es\/#website","url":"https:\/\/sagardoarenlurraldea.eus\/es\/","name":"Sagardoaren Lurraldea","description":"El territorio de la sidra","potentialAction":[{"@type":"SearchAction","target":{"@type":"EntryPoint","urlTemplate":"https:\/\/sagardoarenlurraldea.eus\/es\/?s={search_term_string}"},"query-input":{"@type":"PropertyValueSpecification","valueRequired":true,"valueName":"search_term_string"}}],"inLanguage":"es"}]}},"_links":{"self":[{"href":"https:\/\/sagardoarenlurraldea.eus\/es\/wp-json\/wp\/v2\/product\/7656","targetHints":{"allow":["GET"]}}],"collection":[{"href":"https:\/\/sagardoarenlurraldea.eus\/es\/wp-json\/wp\/v2\/product"}],"about":[{"href":"https:\/\/sagardoarenlurraldea.eus\/es\/wp-json\/wp\/v2\/types\/product"}],"replies":[{"embeddable":true,"href":"https:\/\/sagardoarenlurraldea.eus\/es\/wp-json\/wp\/v2\/comments?post=7656"}],"wp:featuredmedia":[{"embeddable":true,"href":"https:\/\/sagardoarenlurraldea.eus\/es\/wp-json\/wp\/v2\/media\/7662"}],"wp:attachment":[{"href":"https:\/\/sagardoarenlurraldea.eus\/es\/wp-json\/wp\/v2\/media?parent=7656"}],"wp:term":[{"taxonomy":"product_brand","embeddable":true,"href":"https:\/\/sagardoarenlurraldea.eus\/es\/wp-json\/wp\/v2\/product_brand?post=7656"},{"taxonomy":"product_cat","embeddable":true,"href":"https:\/\/sagardoarenlurraldea.eus\/es\/wp-json\/wp\/v2\/product_cat?post=7656"},{"taxonomy":"product_tag","embeddable":true,"href":"https:\/\/sagardoarenlurraldea.eus\/es\/wp-json\/wp\/v2\/product_tag?post=7656"}],"curies":[{"name":"wp","href":"https:\/\/api.w.org\/{rel}","templated":true}]}}