{"id":674,"date":"2016-06-20T17:48:21","date_gmt":"2016-06-20T15:48:21","guid":{"rendered":"http:\/\/www.sagardoarenlurraldea.eus\/reservar\/sidreria-astigarraga-zapiain\/"},"modified":"2023-01-03T19:16:44","modified_gmt":"2023-01-03T17:16:44","slug":"sidreria-astigarraga-zapiain","status":"publish","type":"product","link":"https:\/\/sagardoarenlurraldea.eus\/es\/reservar\/astigarraga\/sidreria-astigarraga-zapiain\/","title":{"rendered":"Sidrer\u00eda Zapiain"},"content":{"rendered":"<h2>Descripci\u00f3n<\/h2>\n<p>Gastronom\u00eda tradicional, es decir, su afamada tortilla de bacalao, el bacalao frito, luego la chuleta y finalmente el queso y nueces del pa\u00eds. Se come de pie, en mesa alta, con la sidra de la nueva cosecha como \u00fanica bebida, directamente de las kupelas. Todos sus proveedores han sido seleccionados por la calidad del producto que les suministran y por su contrastada profesionalidad.<\/p>\n<h2>Comidas y cenas<\/h2>\n<p><strong>En temporada<\/strong> (enero &#8211; abril) ofrece cenas, de pie en mesas largas (forma habitual de comer en cuadrilla), ofreciendo sidra al txotx. Men\u00fa tradicional de sidrer\u00eda. Horarios: Cenas de lunes a s\u00e1bado y comidas los s\u00e1bados.<\/p>\n<p><strong>Fuera de temporada<\/strong> (a partir de mayo): Cerrado.<\/p>\n<p>Capacidad: 150 comensales<\/p>\n<h2>Informaci\u00f3n adicional<\/h2>\n<p>Responsable: Miguel Zapiain<\/p>\n<p>Direcci\u00f3n: Kale Nagusia, 96. Astigarraga.<br \/>\nTfno.: 943330033<br \/>\nFax.: 943555657<br \/>\nE-mail:<a href=\"mailto:info@zapiain.eus\"> info@zapiain.eus <\/a><br \/>\nWeb: <a href=\"http:\/\/www.zapiain.eus\">http:\/\/www.zapiain.eus<\/a><\/p>\n","protected":false},"excerpt":{"rendered":"<p>Sidrer\u00eda abierta en temporada del txotx (enero-abril). Hoy es una firma de vanguardia, primer productor del sector y con una fuerte implantaci\u00f3n en el mercado.<\/p>\n","protected":false},"featured_media":25328,"comment_status":"open","ping_status":"closed","template":"","meta":{"_acf_changed":false,"_et_pb_use_builder":"","_et_pb_old_content":"","_et_gb_content_width":""},"product_brand":[],"product_cat":[26,2152],"product_tag":[38,40,42,39,41,182,28,58,34,48,32,30,31],"class_list":{"0":"post-674","1":"product","2":"type-product","3":"status-publish","4":"has-post-thumbnail","6":"product_cat-astigarraga","7":"product_cat-sidrerias","8":"product_tag-acceso-a-pie","9":"product_tag-acceso-en-autobus","10":"product_tag-acceso-en-autobus-de-linea","11":"product_tag-acceso-en-coche","12":"product_tag-acceso-en-microbus","13":"product_tag-acceso-para-minusvalidos","14":"product_tag-comer-de-pie","15":"product_tag-grupos-menores-de-25","16":"product_tag-menu-tradicional","17":"product_tag-parking","18":"product_tag-sidra-en-txotx","19":"product_tag-turno-cena","20":"product_tag-turno-comida","21":"pa_acceso-a_pie","22":"pa_acceso-autobus_de_linea","23":"pa_caracteristicas-y-menus-comer-sidreria-de-pie","24":"pa_caracteristicas-y-menus-sidra_en_txotx","25":"dtwm_map-zapiain","27":"first","28":"instock","29":"virtual","30":"product-type-simple"},"exclude_global_add_ons":[],"addons":[],"acf":[],"yoast_head":"<!-- This site is optimized with the Yoast SEO plugin v25.4 - https:\/\/yoast.com\/wordpress\/plugins\/seo\/ -->\n<title>Sidrer\u00eda Zapiain - Sagardoaren Lurraldea<\/title>\n<meta name=\"robots\" content=\"index, follow, max-snippet:-1, max-image-preview:large, max-video-preview:-1\" \/>\n<link rel=\"canonical\" href=\"https:\/\/sagardoarenlurraldea.eus\/es\/reservar\/astigarraga\/sidreria-astigarraga-zapiain\/\" \/>\n<meta property=\"og:locale\" content=\"es_ES\" \/>\n<meta property=\"og:type\" content=\"article\" \/>\n<meta property=\"og:title\" content=\"Sidrer\u00eda Zapiain - Sagardoaren Lurraldea\" \/>\n<meta property=\"og:description\" content=\"Sidrer\u00eda abierta en temporada del txotx (enero-abril). Hoy es una firma de vanguardia, primer productor del sector y con una fuerte implantaci\u00f3n en el mercado.\" \/>\n<meta property=\"og:url\" content=\"https:\/\/sagardoarenlurraldea.eus\/es\/reservar\/astigarraga\/sidreria-astigarraga-zapiain\/\" \/>\n<meta property=\"og:site_name\" content=\"Sagardoaren Lurraldea\" \/>\n<meta property=\"article:publisher\" content=\"https:\/\/www.facebook.com\/sagardoarenlurraldea\" \/>\n<meta property=\"article:modified_time\" content=\"2023-01-03T17:16:44+00:00\" \/>\n<meta property=\"og:image\" content=\"https:\/\/sagardoarenlurraldea.eus\/wp-content\/uploads\/2016\/06\/SIDZAP-F130.jpg\" \/>\n\t<meta property=\"og:image:width\" content=\"1500\" \/>\n\t<meta property=\"og:image:height\" content=\"1000\" \/>\n\t<meta property=\"og:image:type\" content=\"image\/jpeg\" \/>\n<meta name=\"twitter:card\" content=\"summary_large_image\" \/>\n<meta name=\"twitter:label1\" content=\"Tiempo de lectura\" \/>\n\t<meta name=\"twitter:data1\" content=\"1 minuto\" \/>\n<script type=\"application\/ld+json\" class=\"yoast-schema-graph\">{\"@context\":\"https:\/\/schema.org\",\"@graph\":[{\"@type\":\"WebPage\",\"@id\":\"https:\/\/sagardoarenlurraldea.eus\/es\/reservar\/astigarraga\/sidreria-astigarraga-zapiain\/\",\"url\":\"https:\/\/sagardoarenlurraldea.eus\/es\/reservar\/astigarraga\/sidreria-astigarraga-zapiain\/\",\"name\":\"Sidrer\u00eda Zapiain - Sagardoaren Lurraldea\",\"isPartOf\":{\"@id\":\"https:\/\/sagardoarenlurraldea.eus\/es\/#website\"},\"primaryImageOfPage\":{\"@id\":\"https:\/\/sagardoarenlurraldea.eus\/es\/reservar\/astigarraga\/sidreria-astigarraga-zapiain\/#primaryimage\"},\"image\":{\"@id\":\"https:\/\/sagardoarenlurraldea.eus\/es\/reservar\/astigarraga\/sidreria-astigarraga-zapiain\/#primaryimage\"},\"thumbnailUrl\":\"https:\/\/sagardoarenlurraldea.eus\/wp-content\/uploads\/2016\/06\/SIDZAP-F130.jpg\",\"datePublished\":\"2016-06-20T15:48:21+00:00\",\"dateModified\":\"2023-01-03T17:16:44+00:00\",\"breadcrumb\":{\"@id\":\"https:\/\/sagardoarenlurraldea.eus\/es\/reservar\/astigarraga\/sidreria-astigarraga-zapiain\/#breadcrumb\"},\"inLanguage\":\"es\",\"potentialAction\":[{\"@type\":\"ReadAction\",\"target\":[\"https:\/\/sagardoarenlurraldea.eus\/es\/reservar\/astigarraga\/sidreria-astigarraga-zapiain\/\"]}]},{\"@type\":\"ImageObject\",\"inLanguage\":\"es\",\"@id\":\"https:\/\/sagardoarenlurraldea.eus\/es\/reservar\/astigarraga\/sidreria-astigarraga-zapiain\/#primaryimage\",\"url\":\"https:\/\/sagardoarenlurraldea.eus\/wp-content\/uploads\/2016\/06\/SIDZAP-F130.jpg\",\"contentUrl\":\"https:\/\/sagardoarenlurraldea.eus\/wp-content\/uploads\/2016\/06\/SIDZAP-F130.jpg\",\"width\":1500,\"height\":1000,\"caption\":\"Bodega de la sidrer\u00eda Zapiain\"},{\"@type\":\"BreadcrumbList\",\"@id\":\"https:\/\/sagardoarenlurraldea.eus\/es\/reservar\/astigarraga\/sidreria-astigarraga-zapiain\/#breadcrumb\",\"itemListElement\":[{\"@type\":\"ListItem\",\"position\":1,\"name\":\"Inicio\",\"item\":\"https:\/\/sagardoarenlurraldea.eus\/es\/\"},{\"@type\":\"ListItem\",\"position\":2,\"name\":\"Reservar\",\"item\":\"https:\/\/sagardoarenlurraldea.eus\/es\/reservar\/\"},{\"@type\":\"ListItem\",\"position\":3,\"name\":\"Sidrer\u00eda Zapiain\"}]},{\"@type\":\"WebSite\",\"@id\":\"https:\/\/sagardoarenlurraldea.eus\/es\/#website\",\"url\":\"https:\/\/sagardoarenlurraldea.eus\/es\/\",\"name\":\"Sagardoaren Lurraldea\",\"description\":\"El territorio de la sidra\",\"potentialAction\":[{\"@type\":\"SearchAction\",\"target\":{\"@type\":\"EntryPoint\",\"urlTemplate\":\"https:\/\/sagardoarenlurraldea.eus\/es\/?s={search_term_string}\"},\"query-input\":{\"@type\":\"PropertyValueSpecification\",\"valueRequired\":true,\"valueName\":\"search_term_string\"}}],\"inLanguage\":\"es\"}]}<\/script>\n<!-- \/ Yoast SEO plugin. -->","yoast_head_json":{"title":"Sidrer\u00eda Zapiain - Sagardoaren Lurraldea","robots":{"index":"index","follow":"follow","max-snippet":"max-snippet:-1","max-image-preview":"max-image-preview:large","max-video-preview":"max-video-preview:-1"},"canonical":"https:\/\/sagardoarenlurraldea.eus\/es\/reservar\/astigarraga\/sidreria-astigarraga-zapiain\/","og_locale":"es_ES","og_type":"article","og_title":"Sidrer\u00eda Zapiain - Sagardoaren Lurraldea","og_description":"Sidrer\u00eda abierta en temporada del txotx (enero-abril). Hoy es una firma de vanguardia, primer productor del sector y con una fuerte implantaci\u00f3n en el mercado.","og_url":"https:\/\/sagardoarenlurraldea.eus\/es\/reservar\/astigarraga\/sidreria-astigarraga-zapiain\/","og_site_name":"Sagardoaren Lurraldea","article_publisher":"https:\/\/www.facebook.com\/sagardoarenlurraldea","article_modified_time":"2023-01-03T17:16:44+00:00","og_image":[{"width":1500,"height":1000,"url":"https:\/\/sagardoarenlurraldea.eus\/wp-content\/uploads\/2016\/06\/SIDZAP-F130.jpg","type":"image\/jpeg"}],"twitter_card":"summary_large_image","twitter_misc":{"Tiempo de lectura":"1 minuto"},"schema":{"@context":"https:\/\/schema.org","@graph":[{"@type":"WebPage","@id":"https:\/\/sagardoarenlurraldea.eus\/es\/reservar\/astigarraga\/sidreria-astigarraga-zapiain\/","url":"https:\/\/sagardoarenlurraldea.eus\/es\/reservar\/astigarraga\/sidreria-astigarraga-zapiain\/","name":"Sidrer\u00eda Zapiain - Sagardoaren Lurraldea","isPartOf":{"@id":"https:\/\/sagardoarenlurraldea.eus\/es\/#website"},"primaryImageOfPage":{"@id":"https:\/\/sagardoarenlurraldea.eus\/es\/reservar\/astigarraga\/sidreria-astigarraga-zapiain\/#primaryimage"},"image":{"@id":"https:\/\/sagardoarenlurraldea.eus\/es\/reservar\/astigarraga\/sidreria-astigarraga-zapiain\/#primaryimage"},"thumbnailUrl":"https:\/\/sagardoarenlurraldea.eus\/wp-content\/uploads\/2016\/06\/SIDZAP-F130.jpg","datePublished":"2016-06-20T15:48:21+00:00","dateModified":"2023-01-03T17:16:44+00:00","breadcrumb":{"@id":"https:\/\/sagardoarenlurraldea.eus\/es\/reservar\/astigarraga\/sidreria-astigarraga-zapiain\/#breadcrumb"},"inLanguage":"es","potentialAction":[{"@type":"ReadAction","target":["https:\/\/sagardoarenlurraldea.eus\/es\/reservar\/astigarraga\/sidreria-astigarraga-zapiain\/"]}]},{"@type":"ImageObject","inLanguage":"es","@id":"https:\/\/sagardoarenlurraldea.eus\/es\/reservar\/astigarraga\/sidreria-astigarraga-zapiain\/#primaryimage","url":"https:\/\/sagardoarenlurraldea.eus\/wp-content\/uploads\/2016\/06\/SIDZAP-F130.jpg","contentUrl":"https:\/\/sagardoarenlurraldea.eus\/wp-content\/uploads\/2016\/06\/SIDZAP-F130.jpg","width":1500,"height":1000,"caption":"Bodega de la sidrer\u00eda Zapiain"},{"@type":"BreadcrumbList","@id":"https:\/\/sagardoarenlurraldea.eus\/es\/reservar\/astigarraga\/sidreria-astigarraga-zapiain\/#breadcrumb","itemListElement":[{"@type":"ListItem","position":1,"name":"Inicio","item":"https:\/\/sagardoarenlurraldea.eus\/es\/"},{"@type":"ListItem","position":2,"name":"Reservar","item":"https:\/\/sagardoarenlurraldea.eus\/es\/reservar\/"},{"@type":"ListItem","position":3,"name":"Sidrer\u00eda Zapiain"}]},{"@type":"WebSite","@id":"https:\/\/sagardoarenlurraldea.eus\/es\/#website","url":"https:\/\/sagardoarenlurraldea.eus\/es\/","name":"Sagardoaren Lurraldea","description":"El territorio de la sidra","potentialAction":[{"@type":"SearchAction","target":{"@type":"EntryPoint","urlTemplate":"https:\/\/sagardoarenlurraldea.eus\/es\/?s={search_term_string}"},"query-input":{"@type":"PropertyValueSpecification","valueRequired":true,"valueName":"search_term_string"}}],"inLanguage":"es"}]}},"_links":{"self":[{"href":"https:\/\/sagardoarenlurraldea.eus\/es\/wp-json\/wp\/v2\/product\/674","targetHints":{"allow":["GET"]}}],"collection":[{"href":"https:\/\/sagardoarenlurraldea.eus\/es\/wp-json\/wp\/v2\/product"}],"about":[{"href":"https:\/\/sagardoarenlurraldea.eus\/es\/wp-json\/wp\/v2\/types\/product"}],"replies":[{"embeddable":true,"href":"https:\/\/sagardoarenlurraldea.eus\/es\/wp-json\/wp\/v2\/comments?post=674"}],"wp:featuredmedia":[{"embeddable":true,"href":"https:\/\/sagardoarenlurraldea.eus\/es\/wp-json\/wp\/v2\/media\/25328"}],"wp:attachment":[{"href":"https:\/\/sagardoarenlurraldea.eus\/es\/wp-json\/wp\/v2\/media?parent=674"}],"wp:term":[{"taxonomy":"product_brand","embeddable":true,"href":"https:\/\/sagardoarenlurraldea.eus\/es\/wp-json\/wp\/v2\/product_brand?post=674"},{"taxonomy":"product_cat","embeddable":true,"href":"https:\/\/sagardoarenlurraldea.eus\/es\/wp-json\/wp\/v2\/product_cat?post=674"},{"taxonomy":"product_tag","embeddable":true,"href":"https:\/\/sagardoarenlurraldea.eus\/es\/wp-json\/wp\/v2\/product_tag?post=674"}],"curies":[{"name":"wp","href":"https:\/\/api.w.org\/{rel}","templated":true}]}}