{"id":667,"date":"2016-06-20T17:03:38","date_gmt":"2016-06-20T15:03:38","guid":{"rendered":"http:\/\/www.sagardoarenlurraldea.eus\/reservar\/sidreria-azkaine-txopinondo\/"},"modified":"2023-01-03T19:17:33","modified_gmt":"2023-01-03T17:17:33","slug":"sidreria-azkaine-txopinondo","status":"publish","type":"product","link":"https:\/\/sagardoarenlurraldea.eus\/es\/reservar\/azkaine\/sidreria-azkaine-txopinondo\/","title":{"rendered":"Sidrer\u00eda Txopinondo"},"content":{"rendered":"<h2>Descripci\u00f3n<\/h2>\n<p>En Txopinondo, el txotx es aut\u00e9ntico. Se celebra alrededor de mesas largas, y la sagarnoa se bebe acompa\u00f1ado de la famos\u00edsima txuleta, asada en la parrilla de carb\u00f3n delante los comensales.<\/p>\n<h2>Comidas y cenas<\/h2>\n<p><strong>En temporada<\/strong> (enero &#8211; abril) comidas y cenas, sentado en mesas largas (forma habitual de comer en cuadrilla), ofreciendo sidra al txotx. Adem\u00e1s del men\u00fa tradicional, hay men\u00fa infantil. Horarios: Horario: Cerrado lunes, martes y mi\u00e9rcoles todo el d\u00eda y domingo por la noche. Durante vacaciones escolares de Francia abierto todos los d\u00edas para cenas y comidas. Para grupos de m\u00e1s de 15 personas abierto todos los d\u00edas.<\/p>\n<p><strong>Fuera de temporada<\/strong> (a partir de mayo), hay servicio de comidas y cenas sentado en mesas largas, ofreciendo sidra al txotx y tambi\u00e9n en botella. Los men\u00fas y horarios se mantienen igual que en temporada.<\/p>\n<p>Capacidad: 200 comensales<\/p>\n<h2>Informaci\u00f3n adicional<\/h2>\n<p>Responsable: Dominic Lagadec<\/p>\n<p>Direcci\u00f3n: Route de Saint Jean de Luz. Lanzelai, Sagarnotegi Bidea. Azkaine.<br \/>\nTfno.: 0033559546234<br \/>\nFax.: 0033559859343<br \/>\nE-mail: <a href=\"mailto:txopinondo@wanadoo.fr\">txopinondo@wanadoo.fr <\/a><br \/>\nWeb: <a href=\"http:\/\/www.txopinondo.com\">http:\/\/www.txopinondo.com<\/a><\/p>\n","protected":false},"excerpt":{"rendered":"<p>Sidrer\u00eda abierta todo el a\u00f1o. Se celebra alrededor de mesas largas y la sagarnoa se bebe acompa\u00f1ado de la famos\u00edsima txuleta, asada en la parrilla de carb\u00f3n delante de los comensales.<\/p>\n","protected":false},"featured_media":670,"comment_status":"open","ping_status":"closed","template":"","meta":{"_acf_changed":false,"_et_pb_use_builder":"","_et_pb_old_content":"","_et_gb_content_width":""},"product_brand":[],"product_cat":[71,2152],"product_tag":[38,40,39,41,182,29,37,53,58,35,34,48,33,32,30,31],"class_list":{"0":"post-667","1":"product","2":"type-product","3":"status-publish","4":"has-post-thumbnail","6":"product_cat-azkaine","7":"product_cat-sidrerias","8":"product_tag-acceso-a-pie","9":"product_tag-acceso-en-autobus","10":"product_tag-acceso-en-coche","11":"product_tag-acceso-en-microbus","12":"product_tag-acceso-para-minusvalidos","13":"product_tag-comer-sentado","14":"product_tag-comidas-cenas-siempre","15":"product_tag-grupos-mayores-de-25","16":"product_tag-grupos-menores-de-25","17":"product_tag-menu-infantil","18":"product_tag-menu-tradicional","19":"product_tag-parking","20":"product_tag-sidra-en-botella","21":"product_tag-sidra-en-txotx","22":"product_tag-turno-cena","23":"product_tag-turno-comida","24":"pa_acceso-a_pie","25":"pa_caracteristicas-y-menus-comidas-cenas-siempre-abierto","26":"pa_caracteristicas-y-menus-grupos_mas_25","27":"pa_caracteristicas-y-menus-menu_infantil","28":"pa_caracteristicas-y-menus-sidra_en_txotx","29":"dtwm_map-txopinondo","31":"first","32":"instock","33":"virtual","34":"product-type-simple"},"exclude_global_add_ons":[],"addons":[],"acf":[],"yoast_head":"<!-- This site is optimized with the Yoast SEO plugin v25.4 - https:\/\/yoast.com\/wordpress\/plugins\/seo\/ -->\n<title>Sidrer\u00eda Txopinondo - Sagardoaren Lurraldea<\/title>\n<meta name=\"robots\" content=\"index, follow, max-snippet:-1, max-image-preview:large, max-video-preview:-1\" \/>\n<link rel=\"canonical\" href=\"https:\/\/sagardoarenlurraldea.eus\/es\/reservar\/azkaine\/sidreria-azkaine-txopinondo\/\" \/>\n<meta property=\"og:locale\" content=\"es_ES\" \/>\n<meta property=\"og:type\" content=\"article\" \/>\n<meta property=\"og:title\" content=\"Sidrer\u00eda Txopinondo - Sagardoaren Lurraldea\" \/>\n<meta property=\"og:description\" content=\"Sidrer\u00eda abierta todo el a\u00f1o. Se celebra alrededor de mesas largas y la sagarnoa se bebe acompa\u00f1ado de la famos\u00edsima txuleta, asada en la parrilla de carb\u00f3n delante de los comensales.\" \/>\n<meta property=\"og:url\" content=\"https:\/\/sagardoarenlurraldea.eus\/es\/reservar\/azkaine\/sidreria-azkaine-txopinondo\/\" \/>\n<meta property=\"og:site_name\" content=\"Sagardoaren Lurraldea\" \/>\n<meta property=\"article:publisher\" content=\"https:\/\/www.facebook.com\/sagardoarenlurraldea\" \/>\n<meta property=\"article:modified_time\" content=\"2023-01-03T17:17:33+00:00\" \/>\n<meta property=\"og:image\" content=\"https:\/\/sagardoarenlurraldea.eus\/wp-content\/uploads\/2016\/06\/SIDTXO-F00.jpg\" \/>\n\t<meta property=\"og:image:width\" content=\"900\" \/>\n\t<meta property=\"og:image:height\" content=\"600\" \/>\n\t<meta property=\"og:image:type\" content=\"image\/jpeg\" \/>\n<meta name=\"twitter:card\" content=\"summary_large_image\" \/>\n<meta name=\"twitter:label1\" content=\"Tiempo de lectura\" \/>\n\t<meta name=\"twitter:data1\" content=\"1 minuto\" \/>\n<script type=\"application\/ld+json\" class=\"yoast-schema-graph\">{\"@context\":\"https:\/\/schema.org\",\"@graph\":[{\"@type\":\"WebPage\",\"@id\":\"https:\/\/sagardoarenlurraldea.eus\/es\/reservar\/azkaine\/sidreria-azkaine-txopinondo\/\",\"url\":\"https:\/\/sagardoarenlurraldea.eus\/es\/reservar\/azkaine\/sidreria-azkaine-txopinondo\/\",\"name\":\"Sidrer\u00eda Txopinondo - Sagardoaren Lurraldea\",\"isPartOf\":{\"@id\":\"https:\/\/sagardoarenlurraldea.eus\/es\/#website\"},\"primaryImageOfPage\":{\"@id\":\"https:\/\/sagardoarenlurraldea.eus\/es\/reservar\/azkaine\/sidreria-azkaine-txopinondo\/#primaryimage\"},\"image\":{\"@id\":\"https:\/\/sagardoarenlurraldea.eus\/es\/reservar\/azkaine\/sidreria-azkaine-txopinondo\/#primaryimage\"},\"thumbnailUrl\":\"https:\/\/sagardoarenlurraldea.eus\/wp-content\/uploads\/2016\/06\/SIDTXO-F00.jpg\",\"datePublished\":\"2016-06-20T15:03:38+00:00\",\"dateModified\":\"2023-01-03T17:17:33+00:00\",\"breadcrumb\":{\"@id\":\"https:\/\/sagardoarenlurraldea.eus\/es\/reservar\/azkaine\/sidreria-azkaine-txopinondo\/#breadcrumb\"},\"inLanguage\":\"es\",\"potentialAction\":[{\"@type\":\"ReadAction\",\"target\":[\"https:\/\/sagardoarenlurraldea.eus\/es\/reservar\/azkaine\/sidreria-azkaine-txopinondo\/\"]}]},{\"@type\":\"ImageObject\",\"inLanguage\":\"es\",\"@id\":\"https:\/\/sagardoarenlurraldea.eus\/es\/reservar\/azkaine\/sidreria-azkaine-txopinondo\/#primaryimage\",\"url\":\"https:\/\/sagardoarenlurraldea.eus\/wp-content\/uploads\/2016\/06\/SIDTXO-F00.jpg\",\"contentUrl\":\"https:\/\/sagardoarenlurraldea.eus\/wp-content\/uploads\/2016\/06\/SIDTXO-F00.jpg\",\"width\":900,\"height\":600,\"caption\":\"Zona de toneles de madera de la sidrer\u00eda Txopinondo\"},{\"@type\":\"BreadcrumbList\",\"@id\":\"https:\/\/sagardoarenlurraldea.eus\/es\/reservar\/azkaine\/sidreria-azkaine-txopinondo\/#breadcrumb\",\"itemListElement\":[{\"@type\":\"ListItem\",\"position\":1,\"name\":\"Inicio\",\"item\":\"https:\/\/sagardoarenlurraldea.eus\/es\/\"},{\"@type\":\"ListItem\",\"position\":2,\"name\":\"Reservar\",\"item\":\"https:\/\/sagardoarenlurraldea.eus\/es\/reservar\/\"},{\"@type\":\"ListItem\",\"position\":3,\"name\":\"Sidrer\u00eda Txopinondo\"}]},{\"@type\":\"WebSite\",\"@id\":\"https:\/\/sagardoarenlurraldea.eus\/es\/#website\",\"url\":\"https:\/\/sagardoarenlurraldea.eus\/es\/\",\"name\":\"Sagardoaren Lurraldea\",\"description\":\"El territorio de la sidra\",\"potentialAction\":[{\"@type\":\"SearchAction\",\"target\":{\"@type\":\"EntryPoint\",\"urlTemplate\":\"https:\/\/sagardoarenlurraldea.eus\/es\/?s={search_term_string}\"},\"query-input\":{\"@type\":\"PropertyValueSpecification\",\"valueRequired\":true,\"valueName\":\"search_term_string\"}}],\"inLanguage\":\"es\"}]}<\/script>\n<!-- \/ Yoast SEO plugin. -->","yoast_head_json":{"title":"Sidrer\u00eda Txopinondo - Sagardoaren Lurraldea","robots":{"index":"index","follow":"follow","max-snippet":"max-snippet:-1","max-image-preview":"max-image-preview:large","max-video-preview":"max-video-preview:-1"},"canonical":"https:\/\/sagardoarenlurraldea.eus\/es\/reservar\/azkaine\/sidreria-azkaine-txopinondo\/","og_locale":"es_ES","og_type":"article","og_title":"Sidrer\u00eda Txopinondo - Sagardoaren Lurraldea","og_description":"Sidrer\u00eda abierta todo el a\u00f1o. Se celebra alrededor de mesas largas y la sagarnoa se bebe acompa\u00f1ado de la famos\u00edsima txuleta, asada en la parrilla de carb\u00f3n delante de los comensales.","og_url":"https:\/\/sagardoarenlurraldea.eus\/es\/reservar\/azkaine\/sidreria-azkaine-txopinondo\/","og_site_name":"Sagardoaren Lurraldea","article_publisher":"https:\/\/www.facebook.com\/sagardoarenlurraldea","article_modified_time":"2023-01-03T17:17:33+00:00","og_image":[{"width":900,"height":600,"url":"https:\/\/sagardoarenlurraldea.eus\/wp-content\/uploads\/2016\/06\/SIDTXO-F00.jpg","type":"image\/jpeg"}],"twitter_card":"summary_large_image","twitter_misc":{"Tiempo de lectura":"1 minuto"},"schema":{"@context":"https:\/\/schema.org","@graph":[{"@type":"WebPage","@id":"https:\/\/sagardoarenlurraldea.eus\/es\/reservar\/azkaine\/sidreria-azkaine-txopinondo\/","url":"https:\/\/sagardoarenlurraldea.eus\/es\/reservar\/azkaine\/sidreria-azkaine-txopinondo\/","name":"Sidrer\u00eda Txopinondo - Sagardoaren Lurraldea","isPartOf":{"@id":"https:\/\/sagardoarenlurraldea.eus\/es\/#website"},"primaryImageOfPage":{"@id":"https:\/\/sagardoarenlurraldea.eus\/es\/reservar\/azkaine\/sidreria-azkaine-txopinondo\/#primaryimage"},"image":{"@id":"https:\/\/sagardoarenlurraldea.eus\/es\/reservar\/azkaine\/sidreria-azkaine-txopinondo\/#primaryimage"},"thumbnailUrl":"https:\/\/sagardoarenlurraldea.eus\/wp-content\/uploads\/2016\/06\/SIDTXO-F00.jpg","datePublished":"2016-06-20T15:03:38+00:00","dateModified":"2023-01-03T17:17:33+00:00","breadcrumb":{"@id":"https:\/\/sagardoarenlurraldea.eus\/es\/reservar\/azkaine\/sidreria-azkaine-txopinondo\/#breadcrumb"},"inLanguage":"es","potentialAction":[{"@type":"ReadAction","target":["https:\/\/sagardoarenlurraldea.eus\/es\/reservar\/azkaine\/sidreria-azkaine-txopinondo\/"]}]},{"@type":"ImageObject","inLanguage":"es","@id":"https:\/\/sagardoarenlurraldea.eus\/es\/reservar\/azkaine\/sidreria-azkaine-txopinondo\/#primaryimage","url":"https:\/\/sagardoarenlurraldea.eus\/wp-content\/uploads\/2016\/06\/SIDTXO-F00.jpg","contentUrl":"https:\/\/sagardoarenlurraldea.eus\/wp-content\/uploads\/2016\/06\/SIDTXO-F00.jpg","width":900,"height":600,"caption":"Zona de toneles de madera de la sidrer\u00eda Txopinondo"},{"@type":"BreadcrumbList","@id":"https:\/\/sagardoarenlurraldea.eus\/es\/reservar\/azkaine\/sidreria-azkaine-txopinondo\/#breadcrumb","itemListElement":[{"@type":"ListItem","position":1,"name":"Inicio","item":"https:\/\/sagardoarenlurraldea.eus\/es\/"},{"@type":"ListItem","position":2,"name":"Reservar","item":"https:\/\/sagardoarenlurraldea.eus\/es\/reservar\/"},{"@type":"ListItem","position":3,"name":"Sidrer\u00eda Txopinondo"}]},{"@type":"WebSite","@id":"https:\/\/sagardoarenlurraldea.eus\/es\/#website","url":"https:\/\/sagardoarenlurraldea.eus\/es\/","name":"Sagardoaren Lurraldea","description":"El territorio de la sidra","potentialAction":[{"@type":"SearchAction","target":{"@type":"EntryPoint","urlTemplate":"https:\/\/sagardoarenlurraldea.eus\/es\/?s={search_term_string}"},"query-input":{"@type":"PropertyValueSpecification","valueRequired":true,"valueName":"search_term_string"}}],"inLanguage":"es"}]}},"_links":{"self":[{"href":"https:\/\/sagardoarenlurraldea.eus\/es\/wp-json\/wp\/v2\/product\/667","targetHints":{"allow":["GET"]}}],"collection":[{"href":"https:\/\/sagardoarenlurraldea.eus\/es\/wp-json\/wp\/v2\/product"}],"about":[{"href":"https:\/\/sagardoarenlurraldea.eus\/es\/wp-json\/wp\/v2\/types\/product"}],"replies":[{"embeddable":true,"href":"https:\/\/sagardoarenlurraldea.eus\/es\/wp-json\/wp\/v2\/comments?post=667"}],"wp:featuredmedia":[{"embeddable":true,"href":"https:\/\/sagardoarenlurraldea.eus\/es\/wp-json\/wp\/v2\/media\/670"}],"wp:attachment":[{"href":"https:\/\/sagardoarenlurraldea.eus\/es\/wp-json\/wp\/v2\/media?parent=667"}],"wp:term":[{"taxonomy":"product_brand","embeddable":true,"href":"https:\/\/sagardoarenlurraldea.eus\/es\/wp-json\/wp\/v2\/product_brand?post=667"},{"taxonomy":"product_cat","embeddable":true,"href":"https:\/\/sagardoarenlurraldea.eus\/es\/wp-json\/wp\/v2\/product_cat?post=667"},{"taxonomy":"product_tag","embeddable":true,"href":"https:\/\/sagardoarenlurraldea.eus\/es\/wp-json\/wp\/v2\/product_tag?post=667"}],"curies":[{"name":"wp","href":"https:\/\/api.w.org\/{rel}","templated":true}]}}