{"id":6182,"date":"2016-10-18T12:48:27","date_gmt":"2016-10-18T10:48:27","guid":{"rendered":"http:\/\/www.sagardoarenlurraldea.eus\/reservar\/sidrerias\/sidreria-astigarraga-alorrenea\/"},"modified":"2023-01-03T19:19:38","modified_gmt":"2023-01-03T17:19:38","slug":"sidreria-astigarraga-alorrenea","status":"publish","type":"product","link":"https:\/\/sagardoarenlurraldea.eus\/es\/reservar\/astigarraga\/sidreria-astigarraga-alorrenea\/","title":{"rendered":"Sidrer\u00eda Alorrenea"},"content":{"rendered":"<h2>Descripci\u00f3n<\/h2>\n<p>Durante todo el a\u00f1o puede apreciarse su sidra natural, que elaboran en la propia sidrer\u00eda por m\u00e9todos tradicionales. Dispensan un esmerado servicio caracterizado por un trato familiar. No puede pasarse por alto probar su chulet\u00f3n de buey, especialidad y otra de las se\u00f1as de identidad del establecimiento.<\/p>\n<h2>Comidas y cenas<\/h2>\n<p><strong>En temporada<\/strong> (enero &#8211; abril) comidas y cenas, sentado en mesas largas (forma habitual de comer en cuadrilla), ofreciendo sidra al txotx. Men\u00fa tradicional de sidrer\u00eda. Horarios: Comidas y cenas todos los d\u00edas. Lunes cerrado.<\/p>\n<p><strong>Fuera de temporada<\/strong> (a partir de mayo), hay servicio de comidas y cenas, ofreciendo sidra al txotx y tambi\u00e9n en botella. Los men\u00fas y horarios se mantienen igual que en temporada.<\/p>\n<p>Capacidad: 300 comensales<\/p>\n<h2>Informaci\u00f3n adicional<\/h2>\n<p>Responsable: Xabier Mariezkurrena<\/p>\n<p>Direcci\u00f3n: Alorrene bidea, 4. Astigarraga.<br \/>\nTfno.: <a href=\"tel:+34943336999\">+34 943 33 69 99<\/a><br \/>\nE-mail: <a href=\"mailto:info@alorrenea.com\">info@alorrenea.com <\/a><br \/>\nWeb: <a href=\"http:\/\/www.alorrenea.com\">http:\/\/www.alorrenea.com<\/a><\/p>\n","protected":false},"excerpt":{"rendered":"<p>Sidrer\u00eda abierta todo el a\u00f1o. Ofrece la posibilidad de degustar la sidra elaborada de forma tradicional desde la propia kupela.<\/p>\n","protected":false},"featured_media":25418,"comment_status":"closed","ping_status":"closed","template":"","meta":{"_acf_changed":false,"_et_pb_use_builder":"","_et_pb_old_content":"","_et_gb_content_width":""},"product_brand":[],"product_cat":[26,2152],"product_tag":[38,40,42,39,41,182,29,37,53,58,34,48,33,32,30,31],"class_list":{"0":"post-6182","1":"product","2":"type-product","3":"status-publish","4":"has-post-thumbnail","6":"product_cat-astigarraga","7":"product_cat-sidrerias","8":"product_tag-acceso-a-pie","9":"product_tag-acceso-en-autobus","10":"product_tag-acceso-en-autobus-de-linea","11":"product_tag-acceso-en-coche","12":"product_tag-acceso-en-microbus","13":"product_tag-acceso-para-minusvalidos","14":"product_tag-comer-sentado","15":"product_tag-comidas-cenas-siempre","16":"product_tag-grupos-mayores-de-25","17":"product_tag-grupos-menores-de-25","18":"product_tag-menu-tradicional","19":"product_tag-parking","20":"product_tag-sidra-en-botella","21":"product_tag-sidra-en-txotx","22":"product_tag-turno-cena","23":"product_tag-turno-comida","24":"pa_acceso-a_pie","25":"pa_acceso-autobus_de_linea","26":"pa_caracteristicas-y-menus-comidas-cenas-siempre-abierto","27":"pa_caracteristicas-y-menus-grupos_mas_25","28":"pa_caracteristicas-y-menus-menu_vegetariano","29":"dtwm_map-alorrenea","31":"first","32":"instock","33":"virtual","34":"product-type-simple"},"exclude_global_add_ons":[],"addons":[],"acf":[],"yoast_head":"<!-- This site is optimized with the Yoast SEO plugin v25.4 - https:\/\/yoast.com\/wordpress\/plugins\/seo\/ -->\n<title>Sidrer\u00eda Alorrenea - Sagardoaren Lurraldea<\/title>\n<meta name=\"robots\" content=\"index, follow, max-snippet:-1, max-image-preview:large, max-video-preview:-1\" \/>\n<link rel=\"canonical\" href=\"https:\/\/sagardoarenlurraldea.eus\/es\/reservar\/astigarraga\/sidreria-astigarraga-alorrenea\/\" \/>\n<meta property=\"og:locale\" content=\"es_ES\" \/>\n<meta property=\"og:type\" content=\"article\" \/>\n<meta property=\"og:title\" content=\"Sidrer\u00eda Alorrenea - Sagardoaren Lurraldea\" \/>\n<meta property=\"og:description\" content=\"Sidrer\u00eda abierta todo el a\u00f1o. Ofrece la posibilidad de degustar la sidra elaborada de forma tradicional desde la propia kupela.\" \/>\n<meta property=\"og:url\" content=\"https:\/\/sagardoarenlurraldea.eus\/es\/reservar\/astigarraga\/sidreria-astigarraga-alorrenea\/\" \/>\n<meta property=\"og:site_name\" content=\"Sagardoaren Lurraldea\" \/>\n<meta property=\"article:publisher\" content=\"https:\/\/www.facebook.com\/sagardoarenlurraldea\" \/>\n<meta property=\"article:modified_time\" content=\"2023-01-03T17:19:38+00:00\" \/>\n<meta property=\"og:image\" content=\"https:\/\/sagardoarenlurraldea.eus\/wp-content\/uploads\/2016\/10\/SIDALO-F40-1.jpg\" \/>\n\t<meta property=\"og:image:width\" content=\"800\" \/>\n\t<meta property=\"og:image:height\" content=\"533\" \/>\n\t<meta property=\"og:image:type\" content=\"image\/jpeg\" \/>\n<meta name=\"twitter:card\" content=\"summary_large_image\" \/>\n<meta name=\"twitter:label1\" content=\"Tiempo de lectura\" \/>\n\t<meta name=\"twitter:data1\" content=\"1 minuto\" \/>\n<script type=\"application\/ld+json\" class=\"yoast-schema-graph\">{\"@context\":\"https:\/\/schema.org\",\"@graph\":[{\"@type\":\"WebPage\",\"@id\":\"https:\/\/sagardoarenlurraldea.eus\/es\/reservar\/astigarraga\/sidreria-astigarraga-alorrenea\/\",\"url\":\"https:\/\/sagardoarenlurraldea.eus\/es\/reservar\/astigarraga\/sidreria-astigarraga-alorrenea\/\",\"name\":\"Sidrer\u00eda Alorrenea - Sagardoaren Lurraldea\",\"isPartOf\":{\"@id\":\"https:\/\/sagardoarenlurraldea.eus\/es\/#website\"},\"primaryImageOfPage\":{\"@id\":\"https:\/\/sagardoarenlurraldea.eus\/es\/reservar\/astigarraga\/sidreria-astigarraga-alorrenea\/#primaryimage\"},\"image\":{\"@id\":\"https:\/\/sagardoarenlurraldea.eus\/es\/reservar\/astigarraga\/sidreria-astigarraga-alorrenea\/#primaryimage\"},\"thumbnailUrl\":\"https:\/\/sagardoarenlurraldea.eus\/wp-content\/uploads\/2016\/10\/SIDALO-F40-1.jpg\",\"datePublished\":\"2016-10-18T10:48:27+00:00\",\"dateModified\":\"2023-01-03T17:19:38+00:00\",\"breadcrumb\":{\"@id\":\"https:\/\/sagardoarenlurraldea.eus\/es\/reservar\/astigarraga\/sidreria-astigarraga-alorrenea\/#breadcrumb\"},\"inLanguage\":\"es\",\"potentialAction\":[{\"@type\":\"ReadAction\",\"target\":[\"https:\/\/sagardoarenlurraldea.eus\/es\/reservar\/astigarraga\/sidreria-astigarraga-alorrenea\/\"]}]},{\"@type\":\"ImageObject\",\"inLanguage\":\"es\",\"@id\":\"https:\/\/sagardoarenlurraldea.eus\/es\/reservar\/astigarraga\/sidreria-astigarraga-alorrenea\/#primaryimage\",\"url\":\"https:\/\/sagardoarenlurraldea.eus\/wp-content\/uploads\/2016\/10\/SIDALO-F40-1.jpg\",\"contentUrl\":\"https:\/\/sagardoarenlurraldea.eus\/wp-content\/uploads\/2016\/10\/SIDALO-F40-1.jpg\",\"width\":800,\"height\":533},{\"@type\":\"BreadcrumbList\",\"@id\":\"https:\/\/sagardoarenlurraldea.eus\/es\/reservar\/astigarraga\/sidreria-astigarraga-alorrenea\/#breadcrumb\",\"itemListElement\":[{\"@type\":\"ListItem\",\"position\":1,\"name\":\"Inicio\",\"item\":\"https:\/\/sagardoarenlurraldea.eus\/es\/\"},{\"@type\":\"ListItem\",\"position\":2,\"name\":\"Reservar\",\"item\":\"https:\/\/sagardoarenlurraldea.eus\/es\/reservar\/\"},{\"@type\":\"ListItem\",\"position\":3,\"name\":\"Sidrer\u00eda Alorrenea\"}]},{\"@type\":\"WebSite\",\"@id\":\"https:\/\/sagardoarenlurraldea.eus\/es\/#website\",\"url\":\"https:\/\/sagardoarenlurraldea.eus\/es\/\",\"name\":\"Sagardoaren Lurraldea\",\"description\":\"El territorio de la sidra\",\"potentialAction\":[{\"@type\":\"SearchAction\",\"target\":{\"@type\":\"EntryPoint\",\"urlTemplate\":\"https:\/\/sagardoarenlurraldea.eus\/es\/?s={search_term_string}\"},\"query-input\":{\"@type\":\"PropertyValueSpecification\",\"valueRequired\":true,\"valueName\":\"search_term_string\"}}],\"inLanguage\":\"es\"}]}<\/script>\n<!-- \/ Yoast SEO plugin. -->","yoast_head_json":{"title":"Sidrer\u00eda Alorrenea - Sagardoaren Lurraldea","robots":{"index":"index","follow":"follow","max-snippet":"max-snippet:-1","max-image-preview":"max-image-preview:large","max-video-preview":"max-video-preview:-1"},"canonical":"https:\/\/sagardoarenlurraldea.eus\/es\/reservar\/astigarraga\/sidreria-astigarraga-alorrenea\/","og_locale":"es_ES","og_type":"article","og_title":"Sidrer\u00eda Alorrenea - Sagardoaren Lurraldea","og_description":"Sidrer\u00eda abierta todo el a\u00f1o. Ofrece la posibilidad de degustar la sidra elaborada de forma tradicional desde la propia kupela.","og_url":"https:\/\/sagardoarenlurraldea.eus\/es\/reservar\/astigarraga\/sidreria-astigarraga-alorrenea\/","og_site_name":"Sagardoaren Lurraldea","article_publisher":"https:\/\/www.facebook.com\/sagardoarenlurraldea","article_modified_time":"2023-01-03T17:19:38+00:00","og_image":[{"width":800,"height":533,"url":"https:\/\/sagardoarenlurraldea.eus\/wp-content\/uploads\/2016\/10\/SIDALO-F40-1.jpg","type":"image\/jpeg"}],"twitter_card":"summary_large_image","twitter_misc":{"Tiempo de lectura":"1 minuto"},"schema":{"@context":"https:\/\/schema.org","@graph":[{"@type":"WebPage","@id":"https:\/\/sagardoarenlurraldea.eus\/es\/reservar\/astigarraga\/sidreria-astigarraga-alorrenea\/","url":"https:\/\/sagardoarenlurraldea.eus\/es\/reservar\/astigarraga\/sidreria-astigarraga-alorrenea\/","name":"Sidrer\u00eda Alorrenea - Sagardoaren Lurraldea","isPartOf":{"@id":"https:\/\/sagardoarenlurraldea.eus\/es\/#website"},"primaryImageOfPage":{"@id":"https:\/\/sagardoarenlurraldea.eus\/es\/reservar\/astigarraga\/sidreria-astigarraga-alorrenea\/#primaryimage"},"image":{"@id":"https:\/\/sagardoarenlurraldea.eus\/es\/reservar\/astigarraga\/sidreria-astigarraga-alorrenea\/#primaryimage"},"thumbnailUrl":"https:\/\/sagardoarenlurraldea.eus\/wp-content\/uploads\/2016\/10\/SIDALO-F40-1.jpg","datePublished":"2016-10-18T10:48:27+00:00","dateModified":"2023-01-03T17:19:38+00:00","breadcrumb":{"@id":"https:\/\/sagardoarenlurraldea.eus\/es\/reservar\/astigarraga\/sidreria-astigarraga-alorrenea\/#breadcrumb"},"inLanguage":"es","potentialAction":[{"@type":"ReadAction","target":["https:\/\/sagardoarenlurraldea.eus\/es\/reservar\/astigarraga\/sidreria-astigarraga-alorrenea\/"]}]},{"@type":"ImageObject","inLanguage":"es","@id":"https:\/\/sagardoarenlurraldea.eus\/es\/reservar\/astigarraga\/sidreria-astigarraga-alorrenea\/#primaryimage","url":"https:\/\/sagardoarenlurraldea.eus\/wp-content\/uploads\/2016\/10\/SIDALO-F40-1.jpg","contentUrl":"https:\/\/sagardoarenlurraldea.eus\/wp-content\/uploads\/2016\/10\/SIDALO-F40-1.jpg","width":800,"height":533},{"@type":"BreadcrumbList","@id":"https:\/\/sagardoarenlurraldea.eus\/es\/reservar\/astigarraga\/sidreria-astigarraga-alorrenea\/#breadcrumb","itemListElement":[{"@type":"ListItem","position":1,"name":"Inicio","item":"https:\/\/sagardoarenlurraldea.eus\/es\/"},{"@type":"ListItem","position":2,"name":"Reservar","item":"https:\/\/sagardoarenlurraldea.eus\/es\/reservar\/"},{"@type":"ListItem","position":3,"name":"Sidrer\u00eda Alorrenea"}]},{"@type":"WebSite","@id":"https:\/\/sagardoarenlurraldea.eus\/es\/#website","url":"https:\/\/sagardoarenlurraldea.eus\/es\/","name":"Sagardoaren Lurraldea","description":"El territorio de la sidra","potentialAction":[{"@type":"SearchAction","target":{"@type":"EntryPoint","urlTemplate":"https:\/\/sagardoarenlurraldea.eus\/es\/?s={search_term_string}"},"query-input":{"@type":"PropertyValueSpecification","valueRequired":true,"valueName":"search_term_string"}}],"inLanguage":"es"}]}},"_links":{"self":[{"href":"https:\/\/sagardoarenlurraldea.eus\/es\/wp-json\/wp\/v2\/product\/6182","targetHints":{"allow":["GET"]}}],"collection":[{"href":"https:\/\/sagardoarenlurraldea.eus\/es\/wp-json\/wp\/v2\/product"}],"about":[{"href":"https:\/\/sagardoarenlurraldea.eus\/es\/wp-json\/wp\/v2\/types\/product"}],"replies":[{"embeddable":true,"href":"https:\/\/sagardoarenlurraldea.eus\/es\/wp-json\/wp\/v2\/comments?post=6182"}],"wp:featuredmedia":[{"embeddable":true,"href":"https:\/\/sagardoarenlurraldea.eus\/es\/wp-json\/wp\/v2\/media\/25418"}],"wp:attachment":[{"href":"https:\/\/sagardoarenlurraldea.eus\/es\/wp-json\/wp\/v2\/media?parent=6182"}],"wp:term":[{"taxonomy":"product_brand","embeddable":true,"href":"https:\/\/sagardoarenlurraldea.eus\/es\/wp-json\/wp\/v2\/product_brand?post=6182"},{"taxonomy":"product_cat","embeddable":true,"href":"https:\/\/sagardoarenlurraldea.eus\/es\/wp-json\/wp\/v2\/product_cat?post=6182"},{"taxonomy":"product_tag","embeddable":true,"href":"https:\/\/sagardoarenlurraldea.eus\/es\/wp-json\/wp\/v2\/product_tag?post=6182"}],"curies":[{"name":"wp","href":"https:\/\/api.w.org\/{rel}","templated":true}]}}