{"id":6075,"date":"2016-10-05T16:07:48","date_gmt":"2016-10-05T14:07:48","guid":{"rendered":"http:\/\/www.sagardoarenlurraldea.eus\/reservar\/sidrerias\/sidreria-iparragirre\/"},"modified":"2023-01-03T18:52:50","modified_gmt":"2023-01-03T16:52:50","slug":"sidreria-hernani-itxas-buru","status":"publish","type":"product","link":"https:\/\/sagardoarenlurraldea.eus\/es\/reservar\/hernani\/sidreria-hernani-itxas-buru\/","title":{"rendered":"Sidrer\u00eda Itxas-Buru"},"content":{"rendered":"<h2>Descripci\u00f3n<\/h2>\n<p>La Sidrer\u00eda Itxas-Buru se fund\u00f3 en el a\u00f1o 1982 de manos de su propietario, Ascensio Intxauspe. Aunque conoc\u00edan el arte de la elaboraci\u00f3n de sidra desde siempre en la familia, se dedicaron profesionalmente a ello a partir de la d\u00e9cada de los 80.<\/p>\n<h2>Comidas y cenas<\/h2>\n<p><strong>En temporada<\/strong> (enero &#8211; abril): Comidas y cenas todos los d\u00edas. Domingo noche, lunes y martes cerrado.<\/p>\n<p><strong>Fuera de temporada<\/strong> (a partir de mayo): Cerrado.<\/p>\n<p>Capacidad: 110 comensales<\/p>\n<h2>Informaci\u00f3n adicional<\/h2>\n<p>Responsable: Ascensio Intxauspe<\/p>\n<p>Direcci\u00f3n: Osinaga auzoa, 54. Hernani.<br \/>\nTfno.: 943556879<br \/>\nWeb: <a href=\"http:\/\/www.itxasburusagardotegia.com\">http:\/\/www.itxasburusagardotegia.com<\/a><\/p>\n","protected":false},"excerpt":{"rendered":"<p>Sidrer\u00eda abierta en temporada del txotx (enero-abril). Primando siempre la manzana aut\u00f3ctona, han tratado de dar prioridad a la manzana propia.<\/p>\n","protected":false},"featured_media":6095,"comment_status":"open","ping_status":"closed","template":"","meta":{"_acf_changed":false,"_et_pb_use_builder":"","_et_pb_old_content":"","_et_gb_content_width":""},"product_brand":[],"product_cat":[27,2152],"product_tag":[40,39,41,182,53,58,34,48,32,30,31],"class_list":{"0":"post-6075","1":"product","2":"type-product","3":"status-publish","4":"has-post-thumbnail","6":"product_cat-hernani","7":"product_cat-sidrerias","8":"product_tag-acceso-en-autobus","9":"product_tag-acceso-en-coche","10":"product_tag-acceso-en-microbus","11":"product_tag-acceso-para-minusvalidos","12":"product_tag-grupos-mayores-de-25","13":"product_tag-grupos-menores-de-25","14":"product_tag-menu-tradicional","15":"product_tag-parking","16":"product_tag-sidra-en-txotx","17":"product_tag-turno-cena","18":"product_tag-turno-comida","19":"pa_acceso-a_pie","20":"pa_caracteristicas-y-menus-sidra_en_txotx","21":"dtwm_map-itxas-buru","23":"first","24":"instock","25":"virtual","26":"product-type-simple"},"exclude_global_add_ons":[],"addons":[],"acf":[],"yoast_head":"<!-- This site is optimized with the Yoast SEO plugin v25.4 - https:\/\/yoast.com\/wordpress\/plugins\/seo\/ -->\n<title>Sidrer\u00eda Itxas-Buru - Sagardoaren Lurraldea<\/title>\n<meta name=\"robots\" content=\"index, follow, max-snippet:-1, max-image-preview:large, max-video-preview:-1\" \/>\n<link rel=\"canonical\" href=\"https:\/\/sagardoarenlurraldea.eus\/es\/reservar\/hernani\/sidreria-hernani-itxas-buru\/\" \/>\n<meta property=\"og:locale\" content=\"es_ES\" \/>\n<meta property=\"og:type\" content=\"article\" \/>\n<meta property=\"og:title\" content=\"Sidrer\u00eda Itxas-Buru - Sagardoaren Lurraldea\" \/>\n<meta property=\"og:description\" content=\"Sidrer\u00eda abierta en temporada del txotx (enero-abril). Primando siempre la manzana aut\u00f3ctona, han tratado de dar prioridad a la manzana propia.\" \/>\n<meta property=\"og:url\" content=\"https:\/\/sagardoarenlurraldea.eus\/es\/reservar\/hernani\/sidreria-hernani-itxas-buru\/\" \/>\n<meta property=\"og:site_name\" content=\"Sagardoaren Lurraldea\" \/>\n<meta property=\"article:publisher\" content=\"https:\/\/www.facebook.com\/sagardoarenlurraldea\" \/>\n<meta property=\"article:modified_time\" content=\"2023-01-03T16:52:50+00:00\" \/>\n<meta property=\"og:image\" content=\"https:\/\/sagardoarenlurraldea.eus\/wp-content\/uploads\/2016\/10\/SIDITX-F00.jpg\" \/>\n\t<meta property=\"og:image:width\" content=\"900\" \/>\n\t<meta property=\"og:image:height\" content=\"600\" \/>\n\t<meta property=\"og:image:type\" content=\"image\/jpeg\" \/>\n<meta name=\"twitter:card\" content=\"summary_large_image\" \/>\n<script type=\"application\/ld+json\" class=\"yoast-schema-graph\">{\"@context\":\"https:\/\/schema.org\",\"@graph\":[{\"@type\":\"WebPage\",\"@id\":\"https:\/\/sagardoarenlurraldea.eus\/es\/reservar\/hernani\/sidreria-hernani-itxas-buru\/\",\"url\":\"https:\/\/sagardoarenlurraldea.eus\/es\/reservar\/hernani\/sidreria-hernani-itxas-buru\/\",\"name\":\"Sidrer\u00eda Itxas-Buru - Sagardoaren Lurraldea\",\"isPartOf\":{\"@id\":\"https:\/\/sagardoarenlurraldea.eus\/es\/#website\"},\"primaryImageOfPage\":{\"@id\":\"https:\/\/sagardoarenlurraldea.eus\/es\/reservar\/hernani\/sidreria-hernani-itxas-buru\/#primaryimage\"},\"image\":{\"@id\":\"https:\/\/sagardoarenlurraldea.eus\/es\/reservar\/hernani\/sidreria-hernani-itxas-buru\/#primaryimage\"},\"thumbnailUrl\":\"https:\/\/sagardoarenlurraldea.eus\/wp-content\/uploads\/2016\/10\/SIDITX-F00.jpg\",\"datePublished\":\"2016-10-05T14:07:48+00:00\",\"dateModified\":\"2023-01-03T16:52:50+00:00\",\"breadcrumb\":{\"@id\":\"https:\/\/sagardoarenlurraldea.eus\/es\/reservar\/hernani\/sidreria-hernani-itxas-buru\/#breadcrumb\"},\"inLanguage\":\"es\",\"potentialAction\":[{\"@type\":\"ReadAction\",\"target\":[\"https:\/\/sagardoarenlurraldea.eus\/es\/reservar\/hernani\/sidreria-hernani-itxas-buru\/\"]}]},{\"@type\":\"ImageObject\",\"inLanguage\":\"es\",\"@id\":\"https:\/\/sagardoarenlurraldea.eus\/es\/reservar\/hernani\/sidreria-hernani-itxas-buru\/#primaryimage\",\"url\":\"https:\/\/sagardoarenlurraldea.eus\/wp-content\/uploads\/2016\/10\/SIDITX-F00.jpg\",\"contentUrl\":\"https:\/\/sagardoarenlurraldea.eus\/wp-content\/uploads\/2016\/10\/SIDITX-F00.jpg\",\"width\":900,\"height\":600,\"caption\":\"Zona de toneles de madera de la sidrer\u00eda Itxas-Buru\"},{\"@type\":\"BreadcrumbList\",\"@id\":\"https:\/\/sagardoarenlurraldea.eus\/es\/reservar\/hernani\/sidreria-hernani-itxas-buru\/#breadcrumb\",\"itemListElement\":[{\"@type\":\"ListItem\",\"position\":1,\"name\":\"Inicio\",\"item\":\"https:\/\/sagardoarenlurraldea.eus\/es\/\"},{\"@type\":\"ListItem\",\"position\":2,\"name\":\"Reservar\",\"item\":\"https:\/\/sagardoarenlurraldea.eus\/es\/reservar\/\"},{\"@type\":\"ListItem\",\"position\":3,\"name\":\"Sidrer\u00eda Itxas-Buru\"}]},{\"@type\":\"WebSite\",\"@id\":\"https:\/\/sagardoarenlurraldea.eus\/es\/#website\",\"url\":\"https:\/\/sagardoarenlurraldea.eus\/es\/\",\"name\":\"Sagardoaren Lurraldea\",\"description\":\"El territorio de la sidra\",\"potentialAction\":[{\"@type\":\"SearchAction\",\"target\":{\"@type\":\"EntryPoint\",\"urlTemplate\":\"https:\/\/sagardoarenlurraldea.eus\/es\/?s={search_term_string}\"},\"query-input\":{\"@type\":\"PropertyValueSpecification\",\"valueRequired\":true,\"valueName\":\"search_term_string\"}}],\"inLanguage\":\"es\"}]}<\/script>\n<!-- \/ Yoast SEO plugin. -->","yoast_head_json":{"title":"Sidrer\u00eda Itxas-Buru - Sagardoaren Lurraldea","robots":{"index":"index","follow":"follow","max-snippet":"max-snippet:-1","max-image-preview":"max-image-preview:large","max-video-preview":"max-video-preview:-1"},"canonical":"https:\/\/sagardoarenlurraldea.eus\/es\/reservar\/hernani\/sidreria-hernani-itxas-buru\/","og_locale":"es_ES","og_type":"article","og_title":"Sidrer\u00eda Itxas-Buru - Sagardoaren Lurraldea","og_description":"Sidrer\u00eda abierta en temporada del txotx (enero-abril). Primando siempre la manzana aut\u00f3ctona, han tratado de dar prioridad a la manzana propia.","og_url":"https:\/\/sagardoarenlurraldea.eus\/es\/reservar\/hernani\/sidreria-hernani-itxas-buru\/","og_site_name":"Sagardoaren Lurraldea","article_publisher":"https:\/\/www.facebook.com\/sagardoarenlurraldea","article_modified_time":"2023-01-03T16:52:50+00:00","og_image":[{"width":900,"height":600,"url":"https:\/\/sagardoarenlurraldea.eus\/wp-content\/uploads\/2016\/10\/SIDITX-F00.jpg","type":"image\/jpeg"}],"twitter_card":"summary_large_image","schema":{"@context":"https:\/\/schema.org","@graph":[{"@type":"WebPage","@id":"https:\/\/sagardoarenlurraldea.eus\/es\/reservar\/hernani\/sidreria-hernani-itxas-buru\/","url":"https:\/\/sagardoarenlurraldea.eus\/es\/reservar\/hernani\/sidreria-hernani-itxas-buru\/","name":"Sidrer\u00eda Itxas-Buru - Sagardoaren Lurraldea","isPartOf":{"@id":"https:\/\/sagardoarenlurraldea.eus\/es\/#website"},"primaryImageOfPage":{"@id":"https:\/\/sagardoarenlurraldea.eus\/es\/reservar\/hernani\/sidreria-hernani-itxas-buru\/#primaryimage"},"image":{"@id":"https:\/\/sagardoarenlurraldea.eus\/es\/reservar\/hernani\/sidreria-hernani-itxas-buru\/#primaryimage"},"thumbnailUrl":"https:\/\/sagardoarenlurraldea.eus\/wp-content\/uploads\/2016\/10\/SIDITX-F00.jpg","datePublished":"2016-10-05T14:07:48+00:00","dateModified":"2023-01-03T16:52:50+00:00","breadcrumb":{"@id":"https:\/\/sagardoarenlurraldea.eus\/es\/reservar\/hernani\/sidreria-hernani-itxas-buru\/#breadcrumb"},"inLanguage":"es","potentialAction":[{"@type":"ReadAction","target":["https:\/\/sagardoarenlurraldea.eus\/es\/reservar\/hernani\/sidreria-hernani-itxas-buru\/"]}]},{"@type":"ImageObject","inLanguage":"es","@id":"https:\/\/sagardoarenlurraldea.eus\/es\/reservar\/hernani\/sidreria-hernani-itxas-buru\/#primaryimage","url":"https:\/\/sagardoarenlurraldea.eus\/wp-content\/uploads\/2016\/10\/SIDITX-F00.jpg","contentUrl":"https:\/\/sagardoarenlurraldea.eus\/wp-content\/uploads\/2016\/10\/SIDITX-F00.jpg","width":900,"height":600,"caption":"Zona de toneles de madera de la sidrer\u00eda Itxas-Buru"},{"@type":"BreadcrumbList","@id":"https:\/\/sagardoarenlurraldea.eus\/es\/reservar\/hernani\/sidreria-hernani-itxas-buru\/#breadcrumb","itemListElement":[{"@type":"ListItem","position":1,"name":"Inicio","item":"https:\/\/sagardoarenlurraldea.eus\/es\/"},{"@type":"ListItem","position":2,"name":"Reservar","item":"https:\/\/sagardoarenlurraldea.eus\/es\/reservar\/"},{"@type":"ListItem","position":3,"name":"Sidrer\u00eda Itxas-Buru"}]},{"@type":"WebSite","@id":"https:\/\/sagardoarenlurraldea.eus\/es\/#website","url":"https:\/\/sagardoarenlurraldea.eus\/es\/","name":"Sagardoaren Lurraldea","description":"El territorio de la sidra","potentialAction":[{"@type":"SearchAction","target":{"@type":"EntryPoint","urlTemplate":"https:\/\/sagardoarenlurraldea.eus\/es\/?s={search_term_string}"},"query-input":{"@type":"PropertyValueSpecification","valueRequired":true,"valueName":"search_term_string"}}],"inLanguage":"es"}]}},"_links":{"self":[{"href":"https:\/\/sagardoarenlurraldea.eus\/es\/wp-json\/wp\/v2\/product\/6075","targetHints":{"allow":["GET"]}}],"collection":[{"href":"https:\/\/sagardoarenlurraldea.eus\/es\/wp-json\/wp\/v2\/product"}],"about":[{"href":"https:\/\/sagardoarenlurraldea.eus\/es\/wp-json\/wp\/v2\/types\/product"}],"replies":[{"embeddable":true,"href":"https:\/\/sagardoarenlurraldea.eus\/es\/wp-json\/wp\/v2\/comments?post=6075"}],"wp:featuredmedia":[{"embeddable":true,"href":"https:\/\/sagardoarenlurraldea.eus\/es\/wp-json\/wp\/v2\/media\/6095"}],"wp:attachment":[{"href":"https:\/\/sagardoarenlurraldea.eus\/es\/wp-json\/wp\/v2\/media?parent=6075"}],"wp:term":[{"taxonomy":"product_brand","embeddable":true,"href":"https:\/\/sagardoarenlurraldea.eus\/es\/wp-json\/wp\/v2\/product_brand?post=6075"},{"taxonomy":"product_cat","embeddable":true,"href":"https:\/\/sagardoarenlurraldea.eus\/es\/wp-json\/wp\/v2\/product_cat?post=6075"},{"taxonomy":"product_tag","embeddable":true,"href":"https:\/\/sagardoarenlurraldea.eus\/es\/wp-json\/wp\/v2\/product_tag?post=6075"}],"curies":[{"name":"wp","href":"https:\/\/api.w.org\/{rel}","templated":true}]}}