{"id":6037,"date":"2016-10-05T12:55:44","date_gmt":"2016-10-05T10:55:44","guid":{"rendered":"http:\/\/www.sagardoarenlurraldea.eus\/reservar\/experiencias\/saborea-euskadi-museos-gastronomicos\/"},"modified":"2026-03-10T17:12:29","modified_gmt":"2026-03-10T15:12:29","slug":"centro-interpretacion-queso-idiazabal-y-sagardoetxea","status":"publish","type":"product","link":"https:\/\/sagardoarenlurraldea.eus\/es\/reservar\/experiencias\/030-sidra-y-queso\/centro-interpretacion-queso-idiazabal-y-sagardoetxea\/","title":{"rendered":"Centro de Interpretaci\u00f3n del queso Idiazabal, Sagardoetxea y comida en sidrer\u00eda"},"content":{"rendered":"<h2>Actividades que incluye la experiencia<\/h2>\n<ul>\n<li>Visita guiada del <strong>Centro de Interpretaci\u00f3n del Queso Idiazabal<\/strong> (Idiazabal). La visita incluye una degustaci\u00f3n de queso.<\/li>\n<li>Visita guiada de <strong>Sagardoetxea, Museo de la Sidra Vasca<\/strong> (Astigarraga). La visita guiada incluye una degustaci\u00f3n de sidra.<\/li>\n<li><strong>Comida en una sidrer\u00eda tradicional<\/strong>. Men\u00fa tradicional de sidrer\u00eda compuesto por tortilla de bacalao, bacalao frito con pimientos, chulet\u00f3n, queso con nueces y membrillo y sidra al txotx.<br \/>\nNOTA: Transporte no incluido.<\/li>\n<\/ul>\n<h2>Informaci\u00f3n pr\u00e1ctica<\/h2>\n<ul>\n<li><strong>Horarios<\/strong>: Julio, agosto, septiembre, semana santa (2 semanas) navidades (2 semanas) y grupos mayores de 10 personas todos los d\u00edas a las 11:15. Si no, todos los mi\u00e9rcoles y fin de semana a las 11:15.<\/li>\n<li><strong>Duraci\u00f3n<\/strong>: 6 horas.<\/li>\n<li><b>\u00bfCu\u00e1ndo se puede hacer?<\/b>\u00a0Durante todo el a\u00f1o.<\/li>\n<li><strong>\u00bfPara qui\u00e9n?<\/strong> Individual, grupos, familias y parejas.<\/li>\n<li><strong>Idiomas<\/strong>: Castellano, euskera, franc\u00e9s e ingl\u00e9s. <strong>(Siempre con reserva previa)<\/strong><\/li>\n<li><strong>Punto de encuentro<\/strong>: Centro de Interpretaci\u00f3n del Queso Idiazabal (Kale Nagusia, 37\u2013 Idiazabal). Coordenadas GPS: 43.010163, -2.234075.<\/li>\n<li><strong>C\u00f3mo llegar<\/strong>:\n<ul>\n<li>En veh\u00edculo propio: aparcamiento en el centro de Idiazabal (C\/ Nagusia). Tiempo estimado desde el aparcamiento: 5-10 min.<\/li>\n<li>En transporte p\u00fablico: Desde San Sebasti\u00e1n (C\/ Paseo de Francia, 22) coger el tren de cercan\u00edas Renfe (L\u00ednea C-1 Irun-Brinkola) hasta Ordizia. Despu\u00e9s coger el autob\u00fas de l\u00ednea (L\u00ednea G0003) hasta Idiazabal.<\/li>\n<\/ul>\n<\/li>\n<\/ul>\n<p><strong>NOTA IMPORTANTE<\/strong>: Al realizar la reserva, no recibir\u00e1 las entradas por email. Su reserva se ha registrado en nuestro sistema de reservas, y solo debe acercarse al punto de encuentro el d\u00eda de la actividad y dar su nombre.<\/p>\n<h2>Tarifas<\/h2>\n<ul>\n<li><strong>Adultos<\/strong>: 52\u20ac<\/li>\n<li><strong>Ni\u00f1os<\/strong>:\n<ul>\n<li><strong>Ni\u00f1os de 0-6 a\u00f1os<\/strong>: 24\u20ac (con men\u00fa especial)<\/li>\n<li><strong>Ni\u00f1os de 7-17 a\u00f1os<\/strong>: 28,50\u20ac (con men\u00fa especial)<\/li>\n<\/ul>\n<\/li>\n<\/ul>\n<h2>Lo mejor<\/h2>\n<ul>\n<li>Descubrir la historia y la cultura que hay detr\u00e1s de nuestra gastronom\u00eda.<\/li>\n<li>Saborear dos productos estrella de la gastronom\u00eda vasca: la sidra y el queso idiazabal.<\/li>\n<li>Disfrutar de la autenticidad de la experiencia en sidrer\u00eda.<\/li>\n<\/ul>\n<p>&nbsp;<\/p>\n","protected":false},"excerpt":{"rendered":"<p>La gastronom\u00eda es todo un referente en Euskadi y tanto la sidra vasca como el queso de idiazabal cuentan con museos en los que conocer todo lo relacionado con estos productos gastron\u00f3micos que forman parte de nuestra cultura e identidad. Visita el Centro de Interpretaci\u00f3n del queso Idiazabal (Idiazabal), Sagardoetxea Museo de la Sidra Vasca (Astigarraga) y culmina la jornada con la comida en una sidrer\u00eda.<\/p>\n","protected":false},"featured_media":6044,"comment_status":"open","ping_status":"closed","template":"","meta":{"_acf_changed":false,"_et_pb_use_builder":"","_et_pb_old_content":"","_et_gb_content_width":""},"product_brand":[],"product_cat":[45,143],"product_tag":[2153,151],"class_list":{"0":"post-6037","1":"product","2":"type-product","3":"status-publish","4":"has-post-thumbnail","6":"product_cat-experiencias","7":"product_cat-030-sidra-y-queso","8":"product_tag-disponible-todo-el-ano","9":"product_tag-actividad-matutina","10":"dtwm_map-alorrenea","11":"dtwm_map-centro-de-interpretacion-del-queso-idiazabal","12":"dtwm_map-sagardoetxea","14":"first","15":"instock","16":"virtual","17":"sold-individually","18":"purchasable","19":"product-type-booking"},"exclude_global_add_ons":false,"addons":[{"name":"Sidrer\u00edas disponibles","type":"select","position":0,"required":false,"title_format":"label","default":"","description_enable":false,"description":"Elige la sidrer\u00eda que m\u00e1s te guste. De todos modos, la asignaci\u00f3n de sidrer\u00eda definitiva se te comunicar\u00e1 por e-mail, de acuerdo a la disponibilidad y horarios.","placeholder_enable":false,"placeholder":"","display":"select","restrictions_type":"any_text","adjust_price":false,"price":"","price_type":"flat_fee","restrictions":false,"min":"0","max":"0","options":[],"id":1773162642},{"name":"Servicio de gu\u00eda en idiomas","type":"select","position":1,"required":false,"title_format":"label","default":"","description_enable":false,"description":"","placeholder_enable":false,"placeholder":"","display":"select","restrictions_type":"any_text","adjust_price":false,"price":"","price_type":"flat_fee","restrictions":false,"min":"0","max":"0","options":[],"id":1773162643}],"acf":[],"yoast_head":"<!-- This site is optimized with the Yoast SEO plugin v25.4 - https:\/\/yoast.com\/wordpress\/plugins\/seo\/ -->\n<title>Centro de Interpretaci\u00f3n del queso Idiazabal, Sagardoetxea y comida en sidrer\u00eda - Sagardoaren Lurraldea<\/title>\n<meta name=\"robots\" content=\"index, follow, max-snippet:-1, max-image-preview:large, max-video-preview:-1\" \/>\n<link rel=\"canonical\" href=\"https:\/\/sagardoarenlurraldea.eus\/es\/reservar\/experiencias\/030-sidra-y-queso\/centro-interpretacion-queso-idiazabal-y-sagardoetxea\/\" \/>\n<meta property=\"og:locale\" content=\"es_ES\" \/>\n<meta property=\"og:type\" content=\"article\" \/>\n<meta property=\"og:title\" content=\"Centro de Interpretaci\u00f3n del queso Idiazabal, Sagardoetxea y comida en sidrer\u00eda - Sagardoaren Lurraldea\" \/>\n<meta property=\"og:description\" content=\"La gastronom\u00eda es todo un referente en Euskadi y tanto la sidra vasca como el queso de idiazabal cuentan con museos en los que conocer todo lo relacionado con estos productos gastron\u00f3micos que forman parte de nuestra cultura e identidad. Visita el Centro de Interpretaci\u00f3n del queso Idiazabal (Idiazabal), Sagardoetxea Museo de la Sidra Vasca (Astigarraga) y culmina la jornada con la comida en una sidrer\u00eda.\" \/>\n<meta property=\"og:url\" content=\"https:\/\/sagardoarenlurraldea.eus\/es\/reservar\/experiencias\/030-sidra-y-queso\/centro-interpretacion-queso-idiazabal-y-sagardoetxea\/\" \/>\n<meta property=\"og:site_name\" content=\"Sagardoaren Lurraldea\" \/>\n<meta property=\"article:publisher\" content=\"https:\/\/www.facebook.com\/sagardoarenlurraldea\" \/>\n<meta property=\"article:modified_time\" content=\"2026-03-10T15:12:29+00:00\" \/>\n<meta property=\"og:image\" content=\"https:\/\/sagardoarenlurraldea.eus\/wp-content\/uploads\/2016\/10\/EXPGAZTAMUSEO-F00.jpg\" \/>\n\t<meta property=\"og:image:width\" content=\"900\" \/>\n\t<meta property=\"og:image:height\" content=\"600\" \/>\n\t<meta property=\"og:image:type\" content=\"image\/jpeg\" \/>\n<meta name=\"twitter:card\" content=\"summary_large_image\" \/>\n<meta name=\"twitter:label1\" content=\"Tiempo de lectura\" \/>\n\t<meta name=\"twitter:data1\" content=\"2 minutos\" \/>\n<script type=\"application\/ld+json\" class=\"yoast-schema-graph\">{\"@context\":\"https:\/\/schema.org\",\"@graph\":[{\"@type\":\"WebPage\",\"@id\":\"https:\/\/sagardoarenlurraldea.eus\/es\/reservar\/experiencias\/030-sidra-y-queso\/centro-interpretacion-queso-idiazabal-y-sagardoetxea\/\",\"url\":\"https:\/\/sagardoarenlurraldea.eus\/es\/reservar\/experiencias\/030-sidra-y-queso\/centro-interpretacion-queso-idiazabal-y-sagardoetxea\/\",\"name\":\"Centro de Interpretaci\u00f3n del queso Idiazabal, Sagardoetxea y comida en sidrer\u00eda - Sagardoaren Lurraldea\",\"isPartOf\":{\"@id\":\"https:\/\/sagardoarenlurraldea.eus\/es\/#website\"},\"primaryImageOfPage\":{\"@id\":\"https:\/\/sagardoarenlurraldea.eus\/es\/reservar\/experiencias\/030-sidra-y-queso\/centro-interpretacion-queso-idiazabal-y-sagardoetxea\/#primaryimage\"},\"image\":{\"@id\":\"https:\/\/sagardoarenlurraldea.eus\/es\/reservar\/experiencias\/030-sidra-y-queso\/centro-interpretacion-queso-idiazabal-y-sagardoetxea\/#primaryimage\"},\"thumbnailUrl\":\"https:\/\/sagardoarenlurraldea.eus\/wp-content\/uploads\/2016\/10\/EXPGAZTAMUSEO-F00.jpg\",\"datePublished\":\"2016-10-05T10:55:44+00:00\",\"dateModified\":\"2026-03-10T15:12:29+00:00\",\"breadcrumb\":{\"@id\":\"https:\/\/sagardoarenlurraldea.eus\/es\/reservar\/experiencias\/030-sidra-y-queso\/centro-interpretacion-queso-idiazabal-y-sagardoetxea\/#breadcrumb\"},\"inLanguage\":\"es\",\"potentialAction\":[{\"@type\":\"ReadAction\",\"target\":[\"https:\/\/sagardoarenlurraldea.eus\/es\/reservar\/experiencias\/030-sidra-y-queso\/centro-interpretacion-queso-idiazabal-y-sagardoetxea\/\"]}]},{\"@type\":\"ImageObject\",\"inLanguage\":\"es\",\"@id\":\"https:\/\/sagardoarenlurraldea.eus\/es\/reservar\/experiencias\/030-sidra-y-queso\/centro-interpretacion-queso-idiazabal-y-sagardoetxea\/#primaryimage\",\"url\":\"https:\/\/sagardoarenlurraldea.eus\/wp-content\/uploads\/2016\/10\/EXPGAZTAMUSEO-F00.jpg\",\"contentUrl\":\"https:\/\/sagardoarenlurraldea.eus\/wp-content\/uploads\/2016\/10\/EXPGAZTAMUSEO-F00.jpg\",\"width\":900,\"height\":600},{\"@type\":\"BreadcrumbList\",\"@id\":\"https:\/\/sagardoarenlurraldea.eus\/es\/reservar\/experiencias\/030-sidra-y-queso\/centro-interpretacion-queso-idiazabal-y-sagardoetxea\/#breadcrumb\",\"itemListElement\":[{\"@type\":\"ListItem\",\"position\":1,\"name\":\"Inicio\",\"item\":\"https:\/\/sagardoarenlurraldea.eus\/es\/\"},{\"@type\":\"ListItem\",\"position\":2,\"name\":\"Reservar\",\"item\":\"https:\/\/sagardoarenlurraldea.eus\/es\/reservar\/\"},{\"@type\":\"ListItem\",\"position\":3,\"name\":\"Centro de Interpretaci\u00f3n del queso Idiazabal, Sagardoetxea y comida en sidrer\u00eda\"}]},{\"@type\":\"WebSite\",\"@id\":\"https:\/\/sagardoarenlurraldea.eus\/es\/#website\",\"url\":\"https:\/\/sagardoarenlurraldea.eus\/es\/\",\"name\":\"Sagardoaren Lurraldea\",\"description\":\"El territorio de la sidra\",\"potentialAction\":[{\"@type\":\"SearchAction\",\"target\":{\"@type\":\"EntryPoint\",\"urlTemplate\":\"https:\/\/sagardoarenlurraldea.eus\/es\/?s={search_term_string}\"},\"query-input\":{\"@type\":\"PropertyValueSpecification\",\"valueRequired\":true,\"valueName\":\"search_term_string\"}}],\"inLanguage\":\"es\"}]}<\/script>\n<!-- \/ Yoast SEO plugin. -->","yoast_head_json":{"title":"Centro de Interpretaci\u00f3n del queso Idiazabal, Sagardoetxea y comida en sidrer\u00eda - Sagardoaren Lurraldea","robots":{"index":"index","follow":"follow","max-snippet":"max-snippet:-1","max-image-preview":"max-image-preview:large","max-video-preview":"max-video-preview:-1"},"canonical":"https:\/\/sagardoarenlurraldea.eus\/es\/reservar\/experiencias\/030-sidra-y-queso\/centro-interpretacion-queso-idiazabal-y-sagardoetxea\/","og_locale":"es_ES","og_type":"article","og_title":"Centro de Interpretaci\u00f3n del queso Idiazabal, Sagardoetxea y comida en sidrer\u00eda - Sagardoaren Lurraldea","og_description":"La gastronom\u00eda es todo un referente en Euskadi y tanto la sidra vasca como el queso de idiazabal cuentan con museos en los que conocer todo lo relacionado con estos productos gastron\u00f3micos que forman parte de nuestra cultura e identidad. Visita el Centro de Interpretaci\u00f3n del queso Idiazabal (Idiazabal), Sagardoetxea Museo de la Sidra Vasca (Astigarraga) y culmina la jornada con la comida en una sidrer\u00eda.","og_url":"https:\/\/sagardoarenlurraldea.eus\/es\/reservar\/experiencias\/030-sidra-y-queso\/centro-interpretacion-queso-idiazabal-y-sagardoetxea\/","og_site_name":"Sagardoaren Lurraldea","article_publisher":"https:\/\/www.facebook.com\/sagardoarenlurraldea","article_modified_time":"2026-03-10T15:12:29+00:00","og_image":[{"width":900,"height":600,"url":"https:\/\/sagardoarenlurraldea.eus\/wp-content\/uploads\/2016\/10\/EXPGAZTAMUSEO-F00.jpg","type":"image\/jpeg"}],"twitter_card":"summary_large_image","twitter_misc":{"Tiempo de lectura":"2 minutos"},"schema":{"@context":"https:\/\/schema.org","@graph":[{"@type":"WebPage","@id":"https:\/\/sagardoarenlurraldea.eus\/es\/reservar\/experiencias\/030-sidra-y-queso\/centro-interpretacion-queso-idiazabal-y-sagardoetxea\/","url":"https:\/\/sagardoarenlurraldea.eus\/es\/reservar\/experiencias\/030-sidra-y-queso\/centro-interpretacion-queso-idiazabal-y-sagardoetxea\/","name":"Centro de Interpretaci\u00f3n del queso Idiazabal, Sagardoetxea y comida en sidrer\u00eda - Sagardoaren Lurraldea","isPartOf":{"@id":"https:\/\/sagardoarenlurraldea.eus\/es\/#website"},"primaryImageOfPage":{"@id":"https:\/\/sagardoarenlurraldea.eus\/es\/reservar\/experiencias\/030-sidra-y-queso\/centro-interpretacion-queso-idiazabal-y-sagardoetxea\/#primaryimage"},"image":{"@id":"https:\/\/sagardoarenlurraldea.eus\/es\/reservar\/experiencias\/030-sidra-y-queso\/centro-interpretacion-queso-idiazabal-y-sagardoetxea\/#primaryimage"},"thumbnailUrl":"https:\/\/sagardoarenlurraldea.eus\/wp-content\/uploads\/2016\/10\/EXPGAZTAMUSEO-F00.jpg","datePublished":"2016-10-05T10:55:44+00:00","dateModified":"2026-03-10T15:12:29+00:00","breadcrumb":{"@id":"https:\/\/sagardoarenlurraldea.eus\/es\/reservar\/experiencias\/030-sidra-y-queso\/centro-interpretacion-queso-idiazabal-y-sagardoetxea\/#breadcrumb"},"inLanguage":"es","potentialAction":[{"@type":"ReadAction","target":["https:\/\/sagardoarenlurraldea.eus\/es\/reservar\/experiencias\/030-sidra-y-queso\/centro-interpretacion-queso-idiazabal-y-sagardoetxea\/"]}]},{"@type":"ImageObject","inLanguage":"es","@id":"https:\/\/sagardoarenlurraldea.eus\/es\/reservar\/experiencias\/030-sidra-y-queso\/centro-interpretacion-queso-idiazabal-y-sagardoetxea\/#primaryimage","url":"https:\/\/sagardoarenlurraldea.eus\/wp-content\/uploads\/2016\/10\/EXPGAZTAMUSEO-F00.jpg","contentUrl":"https:\/\/sagardoarenlurraldea.eus\/wp-content\/uploads\/2016\/10\/EXPGAZTAMUSEO-F00.jpg","width":900,"height":600},{"@type":"BreadcrumbList","@id":"https:\/\/sagardoarenlurraldea.eus\/es\/reservar\/experiencias\/030-sidra-y-queso\/centro-interpretacion-queso-idiazabal-y-sagardoetxea\/#breadcrumb","itemListElement":[{"@type":"ListItem","position":1,"name":"Inicio","item":"https:\/\/sagardoarenlurraldea.eus\/es\/"},{"@type":"ListItem","position":2,"name":"Reservar","item":"https:\/\/sagardoarenlurraldea.eus\/es\/reservar\/"},{"@type":"ListItem","position":3,"name":"Centro de Interpretaci\u00f3n del queso Idiazabal, Sagardoetxea y comida en sidrer\u00eda"}]},{"@type":"WebSite","@id":"https:\/\/sagardoarenlurraldea.eus\/es\/#website","url":"https:\/\/sagardoarenlurraldea.eus\/es\/","name":"Sagardoaren Lurraldea","description":"El territorio de la sidra","potentialAction":[{"@type":"SearchAction","target":{"@type":"EntryPoint","urlTemplate":"https:\/\/sagardoarenlurraldea.eus\/es\/?s={search_term_string}"},"query-input":{"@type":"PropertyValueSpecification","valueRequired":true,"valueName":"search_term_string"}}],"inLanguage":"es"}]}},"_links":{"self":[{"href":"https:\/\/sagardoarenlurraldea.eus\/es\/wp-json\/wp\/v2\/product\/6037","targetHints":{"allow":["GET"]}}],"collection":[{"href":"https:\/\/sagardoarenlurraldea.eus\/es\/wp-json\/wp\/v2\/product"}],"about":[{"href":"https:\/\/sagardoarenlurraldea.eus\/es\/wp-json\/wp\/v2\/types\/product"}],"replies":[{"embeddable":true,"href":"https:\/\/sagardoarenlurraldea.eus\/es\/wp-json\/wp\/v2\/comments?post=6037"}],"wp:featuredmedia":[{"embeddable":true,"href":"https:\/\/sagardoarenlurraldea.eus\/es\/wp-json\/wp\/v2\/media\/6044"}],"wp:attachment":[{"href":"https:\/\/sagardoarenlurraldea.eus\/es\/wp-json\/wp\/v2\/media?parent=6037"}],"wp:term":[{"taxonomy":"product_brand","embeddable":true,"href":"https:\/\/sagardoarenlurraldea.eus\/es\/wp-json\/wp\/v2\/product_brand?post=6037"},{"taxonomy":"product_cat","embeddable":true,"href":"https:\/\/sagardoarenlurraldea.eus\/es\/wp-json\/wp\/v2\/product_cat?post=6037"},{"taxonomy":"product_tag","embeddable":true,"href":"https:\/\/sagardoarenlurraldea.eus\/es\/wp-json\/wp\/v2\/product_tag?post=6037"}],"curies":[{"name":"wp","href":"https:\/\/api.w.org\/{rel}","templated":true}]}}