{"id":6026,"date":"2016-10-03T18:49:34","date_gmt":"2016-10-03T16:49:34","guid":{"rendered":"http:\/\/www.sagardoarenlurraldea.eus\/reservar\/experiencias\/la-sidra-y-el-queso-un-viaje-a-nuestras-tradiciones\/"},"modified":"2026-03-10T17:20:24","modified_gmt":"2026-03-10T15:20:24","slug":"adarrazpi-y-sagardoetxea","status":"publish","type":"product","link":"https:\/\/sagardoarenlurraldea.eus\/es\/reservar\/experiencias\/030-sidra-y-queso\/adarrazpi-y-sagardoetxea\/","title":{"rendered":"Queser\u00eda Adarrazpi, Sagardoetxea y comida en sidrer\u00eda"},"content":{"rendered":"<h2>Actividades que incluye la experiencia<\/h2>\n<ul>\n<li>Visita guiada de <strong>Sagardoetxea, Museo de la Sidra Vasca<\/strong> (Astigarraga). La visita guiada incluye una degustaci\u00f3n de sidra.<\/li>\n<li><strong>Comida en una sidrer\u00eda tradicional<\/strong>. Men\u00fa tradicional de sidrer\u00eda compuesto por tortilla de bacalao, bacalao frito con pimientos, chulet\u00f3n, queso con nueces y membrillo y sidra al txotx.<\/li>\n<li>Visita guiada de la <strong>queser\u00eda Adarrazpi<\/strong> (Urnieta). Conocer\u00e1s todos los secretos de la elaboraci\u00f3n del Queso Idiazabal. Tras la visita a sus instalaciones, conocer\u00e1s paso a paso todo el proceso que conlleva su elaboraci\u00f3n. La visita incluye un taller y una degustaci\u00f3n de derivados l\u00e1cteos.<\/li>\n<\/ul>\n<h2>Informaci\u00f3n pr\u00e1ctica<\/h2>\n<ul>\n<li><strong>Horarios<\/strong>: Martes, jueves y s\u00e1bados a las 12:00.<\/li>\n<li><strong>Duraci\u00f3n<\/strong>: 7 horas.<\/li>\n<li><strong>\u00bfCuando se puede hacer?<\/strong>\u00a0Durante todo el a\u00f1o.<\/li>\n<li><strong>\u00bfPara qui\u00e9n?<\/strong> Individual, grupos, familias y parejas.<\/li>\n<li><strong>Idiomas<\/strong>: Castellano, euskera, franc\u00e9s e ingl\u00e9s. <strong>(Siempre con reserva previa)<\/strong><\/li>\n<li><strong>Punto de encuentro<\/strong>: Sagardoetxea, Museo de la Sidra Vasca (Kale Nagusia, 48 \u2013 Astigarraga). Coordenadas GPS: 43.281204, -1.946554<\/li>\n<li><strong>C\u00f3mo llegar<\/strong>:\n<ul>\n<li>En veh\u00edculo propio: aparcamiento en el centro de Astigarraga (C\/ Nagusia) y en el pol\u00edgono industrial (C\/ Donostia ibilbidea). Tiempo estimado desde el aparcamiento: 5-10 min.<\/li>\n<li>En autob\u00fas de l\u00ednea: Desde San Sebastian (C\/ Okendo) y desde Hernani (C\/ Txirrita): L\u00edneas BU12 y BU13. <a href=\"http:\/\/www.lurraldebus.eu\">Ver horarios<\/a>. Tiempo estimado desde la parada: 5 min.<\/li>\n<\/ul>\n<\/li>\n<\/ul>\n<p><strong>NOTA IMPORTANTE:<\/strong> Al realizar la reserva, no recibir\u00e1 las entradas por email. Su reserva se ha registrado en nuestro sistema de reservas, y solo debe acercarse al punto de encuentro el d\u00eda de la actividad y dar su nombre.<\/p>\n<h2>Tarifas<\/h2>\n<ul>\n<li><strong>Adultos<\/strong>: 80\u20ac.<\/li>\n<li><strong>Ni\u00f1os<\/strong>:\n<ul>\n<li><strong>Ni\u00f1os de 0-6 a\u00f1os<\/strong>: 32,50\u20ac (con men\u00fa especial)<\/li>\n<li><strong>Ni\u00f1os de 7-17 a\u00f1os<\/strong>: 58,50\u20ac (con men\u00fa especial)<\/li>\n<\/ul>\n<\/li>\n<\/ul>\n<h2>Lo mejor<\/h2>\n<ul>\n<li>Saborear dos productos estrella de la gastronom\u00eda vasca: la sidra y el queso idiazabal.<\/li>\n<li>Disfrutar de la autenticidad de la experiencia en sidrer\u00eda.<\/li>\n<li>Vivir la experiencia de ser un verdadero pastor.<\/li>\n<li>Disfrutar de las vistas que nos ofrece el monte Adarra, rodeados de naturaleza.<\/li>\n<\/ul>\n<p>&nbsp;<\/p>\n","protected":false},"excerpt":{"rendered":"<p>Como un buen sidrero, descubrir\u00e1s todos los secretos que esconde la elaboraci\u00f3n y la degustaci\u00f3n de la sidra vasca. Despu\u00e9s, conocer\u00e1s la experiencia de ser un verdadero pastor vasco desde la alimentaci\u00f3n del reba\u00f1o, pasando por el orde\u00f1o de las ovejas, hasta la elaboraci\u00f3n del queso en la queser\u00eda.<\/p>\n","protected":false},"featured_media":6030,"comment_status":"open","ping_status":"closed","template":"","meta":{"_acf_changed":false,"_et_pb_use_builder":"","_et_pb_old_content":"","_et_gb_content_width":""},"product_brand":[],"product_cat":[45,143],"product_tag":[2153,151],"class_list":{"0":"post-6026","1":"product","2":"type-product","3":"status-publish","4":"has-post-thumbnail","6":"product_cat-experiencias","7":"product_cat-030-sidra-y-queso","8":"product_tag-disponible-todo-el-ano","9":"product_tag-actividad-matutina","10":"dtwm_map-adarrazpi","11":"dtwm_map-alorrenea","12":"dtwm_map-sagardoetxea","14":"first","15":"instock","16":"virtual","17":"sold-individually","18":"purchasable","19":"product-type-booking"},"exclude_global_add_ons":false,"addons":[{"name":"Sidrer\u00edas disponibles","type":"select","position":0,"required":false,"title_format":"label","default":"","description_enable":false,"description":"Elige la sidrer\u00eda que m\u00e1s te guste. De todos modos, la asignaci\u00f3n de sidrer\u00eda definitiva se te comunicar\u00e1 por e-mail, de acuerdo a la disponibilidad y horarios.","placeholder_enable":false,"placeholder":"","display":"select","restrictions_type":"any_text","adjust_price":false,"price":"","price_type":"flat_fee","restrictions":false,"min":"0","max":"0","options":[],"id":1773163221},{"name":"Servicio de gu\u00eda en idiomas","type":"select","position":1,"required":false,"title_format":"label","default":"","description_enable":false,"description":"","placeholder_enable":false,"placeholder":"","display":"select","restrictions_type":"any_text","adjust_price":false,"price":"","price_type":"flat_fee","restrictions":false,"min":"0","max":"0","options":[],"id":1773163222}],"acf":[],"yoast_head":"<!-- This site is optimized with the Yoast SEO plugin v25.4 - https:\/\/yoast.com\/wordpress\/plugins\/seo\/ -->\n<title>Queser\u00eda Adarrazpi, Sagardoetxea y comida en sidrer\u00eda - Sagardoaren Lurraldea<\/title>\n<meta name=\"robots\" content=\"index, follow, max-snippet:-1, max-image-preview:large, max-video-preview:-1\" \/>\n<link rel=\"canonical\" href=\"https:\/\/sagardoarenlurraldea.eus\/es\/reservar\/experiencias\/030-sidra-y-queso\/adarrazpi-y-sagardoetxea\/\" \/>\n<meta property=\"og:locale\" content=\"es_ES\" \/>\n<meta property=\"og:type\" content=\"article\" \/>\n<meta property=\"og:title\" content=\"Queser\u00eda Adarrazpi, Sagardoetxea y comida en sidrer\u00eda - Sagardoaren Lurraldea\" \/>\n<meta property=\"og:description\" content=\"Como un buen sidrero, descubrir\u00e1s todos los secretos que esconde la elaboraci\u00f3n y la degustaci\u00f3n de la sidra vasca. Despu\u00e9s, conocer\u00e1s la experiencia de ser un verdadero pastor vasco desde la alimentaci\u00f3n del reba\u00f1o, pasando por el orde\u00f1o de las ovejas, hasta la elaboraci\u00f3n del queso en la queser\u00eda.\" \/>\n<meta property=\"og:url\" content=\"https:\/\/sagardoarenlurraldea.eus\/es\/reservar\/experiencias\/030-sidra-y-queso\/adarrazpi-y-sagardoetxea\/\" \/>\n<meta property=\"og:site_name\" content=\"Sagardoaren Lurraldea\" \/>\n<meta property=\"article:publisher\" content=\"https:\/\/www.facebook.com\/sagardoarenlurraldea\" \/>\n<meta property=\"article:modified_time\" content=\"2026-03-10T15:20:24+00:00\" \/>\n<meta property=\"og:image\" content=\"https:\/\/sagardoarenlurraldea.eus\/wp-content\/uploads\/2016\/10\/EXPADARRAZPI-F00.jpg\" \/>\n\t<meta property=\"og:image:width\" content=\"900\" \/>\n\t<meta property=\"og:image:height\" content=\"600\" \/>\n\t<meta property=\"og:image:type\" content=\"image\/jpeg\" \/>\n<meta name=\"twitter:card\" content=\"summary_large_image\" \/>\n<meta name=\"twitter:label1\" content=\"Tiempo de lectura\" \/>\n\t<meta name=\"twitter:data1\" content=\"2 minutos\" \/>\n<script type=\"application\/ld+json\" class=\"yoast-schema-graph\">{\"@context\":\"https:\/\/schema.org\",\"@graph\":[{\"@type\":\"WebPage\",\"@id\":\"https:\/\/sagardoarenlurraldea.eus\/es\/reservar\/experiencias\/030-sidra-y-queso\/adarrazpi-y-sagardoetxea\/\",\"url\":\"https:\/\/sagardoarenlurraldea.eus\/es\/reservar\/experiencias\/030-sidra-y-queso\/adarrazpi-y-sagardoetxea\/\",\"name\":\"Queser\u00eda Adarrazpi, Sagardoetxea y comida en sidrer\u00eda - Sagardoaren Lurraldea\",\"isPartOf\":{\"@id\":\"https:\/\/sagardoarenlurraldea.eus\/es\/#website\"},\"primaryImageOfPage\":{\"@id\":\"https:\/\/sagardoarenlurraldea.eus\/es\/reservar\/experiencias\/030-sidra-y-queso\/adarrazpi-y-sagardoetxea\/#primaryimage\"},\"image\":{\"@id\":\"https:\/\/sagardoarenlurraldea.eus\/es\/reservar\/experiencias\/030-sidra-y-queso\/adarrazpi-y-sagardoetxea\/#primaryimage\"},\"thumbnailUrl\":\"https:\/\/sagardoarenlurraldea.eus\/wp-content\/uploads\/2016\/10\/EXPADARRAZPI-F00.jpg\",\"datePublished\":\"2016-10-03T16:49:34+00:00\",\"dateModified\":\"2026-03-10T15:20:24+00:00\",\"breadcrumb\":{\"@id\":\"https:\/\/sagardoarenlurraldea.eus\/es\/reservar\/experiencias\/030-sidra-y-queso\/adarrazpi-y-sagardoetxea\/#breadcrumb\"},\"inLanguage\":\"es\",\"potentialAction\":[{\"@type\":\"ReadAction\",\"target\":[\"https:\/\/sagardoarenlurraldea.eus\/es\/reservar\/experiencias\/030-sidra-y-queso\/adarrazpi-y-sagardoetxea\/\"]}]},{\"@type\":\"ImageObject\",\"inLanguage\":\"es\",\"@id\":\"https:\/\/sagardoarenlurraldea.eus\/es\/reservar\/experiencias\/030-sidra-y-queso\/adarrazpi-y-sagardoetxea\/#primaryimage\",\"url\":\"https:\/\/sagardoarenlurraldea.eus\/wp-content\/uploads\/2016\/10\/EXPADARRAZPI-F00.jpg\",\"contentUrl\":\"https:\/\/sagardoarenlurraldea.eus\/wp-content\/uploads\/2016\/10\/EXPADARRAZPI-F00.jpg\",\"width\":900,\"height\":600},{\"@type\":\"BreadcrumbList\",\"@id\":\"https:\/\/sagardoarenlurraldea.eus\/es\/reservar\/experiencias\/030-sidra-y-queso\/adarrazpi-y-sagardoetxea\/#breadcrumb\",\"itemListElement\":[{\"@type\":\"ListItem\",\"position\":1,\"name\":\"Inicio\",\"item\":\"https:\/\/sagardoarenlurraldea.eus\/es\/\"},{\"@type\":\"ListItem\",\"position\":2,\"name\":\"Reservar\",\"item\":\"https:\/\/sagardoarenlurraldea.eus\/es\/reservar\/\"},{\"@type\":\"ListItem\",\"position\":3,\"name\":\"Queser\u00eda Adarrazpi, Sagardoetxea y comida en sidrer\u00eda\"}]},{\"@type\":\"WebSite\",\"@id\":\"https:\/\/sagardoarenlurraldea.eus\/es\/#website\",\"url\":\"https:\/\/sagardoarenlurraldea.eus\/es\/\",\"name\":\"Sagardoaren Lurraldea\",\"description\":\"El territorio de la sidra\",\"potentialAction\":[{\"@type\":\"SearchAction\",\"target\":{\"@type\":\"EntryPoint\",\"urlTemplate\":\"https:\/\/sagardoarenlurraldea.eus\/es\/?s={search_term_string}\"},\"query-input\":{\"@type\":\"PropertyValueSpecification\",\"valueRequired\":true,\"valueName\":\"search_term_string\"}}],\"inLanguage\":\"es\"}]}<\/script>\n<!-- \/ Yoast SEO plugin. -->","yoast_head_json":{"title":"Queser\u00eda Adarrazpi, Sagardoetxea y comida en sidrer\u00eda - Sagardoaren Lurraldea","robots":{"index":"index","follow":"follow","max-snippet":"max-snippet:-1","max-image-preview":"max-image-preview:large","max-video-preview":"max-video-preview:-1"},"canonical":"https:\/\/sagardoarenlurraldea.eus\/es\/reservar\/experiencias\/030-sidra-y-queso\/adarrazpi-y-sagardoetxea\/","og_locale":"es_ES","og_type":"article","og_title":"Queser\u00eda Adarrazpi, Sagardoetxea y comida en sidrer\u00eda - Sagardoaren Lurraldea","og_description":"Como un buen sidrero, descubrir\u00e1s todos los secretos que esconde la elaboraci\u00f3n y la degustaci\u00f3n de la sidra vasca. Despu\u00e9s, conocer\u00e1s la experiencia de ser un verdadero pastor vasco desde la alimentaci\u00f3n del reba\u00f1o, pasando por el orde\u00f1o de las ovejas, hasta la elaboraci\u00f3n del queso en la queser\u00eda.","og_url":"https:\/\/sagardoarenlurraldea.eus\/es\/reservar\/experiencias\/030-sidra-y-queso\/adarrazpi-y-sagardoetxea\/","og_site_name":"Sagardoaren Lurraldea","article_publisher":"https:\/\/www.facebook.com\/sagardoarenlurraldea","article_modified_time":"2026-03-10T15:20:24+00:00","og_image":[{"width":900,"height":600,"url":"https:\/\/sagardoarenlurraldea.eus\/wp-content\/uploads\/2016\/10\/EXPADARRAZPI-F00.jpg","type":"image\/jpeg"}],"twitter_card":"summary_large_image","twitter_misc":{"Tiempo de lectura":"2 minutos"},"schema":{"@context":"https:\/\/schema.org","@graph":[{"@type":"WebPage","@id":"https:\/\/sagardoarenlurraldea.eus\/es\/reservar\/experiencias\/030-sidra-y-queso\/adarrazpi-y-sagardoetxea\/","url":"https:\/\/sagardoarenlurraldea.eus\/es\/reservar\/experiencias\/030-sidra-y-queso\/adarrazpi-y-sagardoetxea\/","name":"Queser\u00eda Adarrazpi, Sagardoetxea y comida en sidrer\u00eda - Sagardoaren Lurraldea","isPartOf":{"@id":"https:\/\/sagardoarenlurraldea.eus\/es\/#website"},"primaryImageOfPage":{"@id":"https:\/\/sagardoarenlurraldea.eus\/es\/reservar\/experiencias\/030-sidra-y-queso\/adarrazpi-y-sagardoetxea\/#primaryimage"},"image":{"@id":"https:\/\/sagardoarenlurraldea.eus\/es\/reservar\/experiencias\/030-sidra-y-queso\/adarrazpi-y-sagardoetxea\/#primaryimage"},"thumbnailUrl":"https:\/\/sagardoarenlurraldea.eus\/wp-content\/uploads\/2016\/10\/EXPADARRAZPI-F00.jpg","datePublished":"2016-10-03T16:49:34+00:00","dateModified":"2026-03-10T15:20:24+00:00","breadcrumb":{"@id":"https:\/\/sagardoarenlurraldea.eus\/es\/reservar\/experiencias\/030-sidra-y-queso\/adarrazpi-y-sagardoetxea\/#breadcrumb"},"inLanguage":"es","potentialAction":[{"@type":"ReadAction","target":["https:\/\/sagardoarenlurraldea.eus\/es\/reservar\/experiencias\/030-sidra-y-queso\/adarrazpi-y-sagardoetxea\/"]}]},{"@type":"ImageObject","inLanguage":"es","@id":"https:\/\/sagardoarenlurraldea.eus\/es\/reservar\/experiencias\/030-sidra-y-queso\/adarrazpi-y-sagardoetxea\/#primaryimage","url":"https:\/\/sagardoarenlurraldea.eus\/wp-content\/uploads\/2016\/10\/EXPADARRAZPI-F00.jpg","contentUrl":"https:\/\/sagardoarenlurraldea.eus\/wp-content\/uploads\/2016\/10\/EXPADARRAZPI-F00.jpg","width":900,"height":600},{"@type":"BreadcrumbList","@id":"https:\/\/sagardoarenlurraldea.eus\/es\/reservar\/experiencias\/030-sidra-y-queso\/adarrazpi-y-sagardoetxea\/#breadcrumb","itemListElement":[{"@type":"ListItem","position":1,"name":"Inicio","item":"https:\/\/sagardoarenlurraldea.eus\/es\/"},{"@type":"ListItem","position":2,"name":"Reservar","item":"https:\/\/sagardoarenlurraldea.eus\/es\/reservar\/"},{"@type":"ListItem","position":3,"name":"Queser\u00eda Adarrazpi, Sagardoetxea y comida en sidrer\u00eda"}]},{"@type":"WebSite","@id":"https:\/\/sagardoarenlurraldea.eus\/es\/#website","url":"https:\/\/sagardoarenlurraldea.eus\/es\/","name":"Sagardoaren Lurraldea","description":"El territorio de la sidra","potentialAction":[{"@type":"SearchAction","target":{"@type":"EntryPoint","urlTemplate":"https:\/\/sagardoarenlurraldea.eus\/es\/?s={search_term_string}"},"query-input":{"@type":"PropertyValueSpecification","valueRequired":true,"valueName":"search_term_string"}}],"inLanguage":"es"}]}},"_links":{"self":[{"href":"https:\/\/sagardoarenlurraldea.eus\/es\/wp-json\/wp\/v2\/product\/6026","targetHints":{"allow":["GET"]}}],"collection":[{"href":"https:\/\/sagardoarenlurraldea.eus\/es\/wp-json\/wp\/v2\/product"}],"about":[{"href":"https:\/\/sagardoarenlurraldea.eus\/es\/wp-json\/wp\/v2\/types\/product"}],"replies":[{"embeddable":true,"href":"https:\/\/sagardoarenlurraldea.eus\/es\/wp-json\/wp\/v2\/comments?post=6026"}],"wp:featuredmedia":[{"embeddable":true,"href":"https:\/\/sagardoarenlurraldea.eus\/es\/wp-json\/wp\/v2\/media\/6030"}],"wp:attachment":[{"href":"https:\/\/sagardoarenlurraldea.eus\/es\/wp-json\/wp\/v2\/media?parent=6026"}],"wp:term":[{"taxonomy":"product_brand","embeddable":true,"href":"https:\/\/sagardoarenlurraldea.eus\/es\/wp-json\/wp\/v2\/product_brand?post=6026"},{"taxonomy":"product_cat","embeddable":true,"href":"https:\/\/sagardoarenlurraldea.eus\/es\/wp-json\/wp\/v2\/product_cat?post=6026"},{"taxonomy":"product_tag","embeddable":true,"href":"https:\/\/sagardoarenlurraldea.eus\/es\/wp-json\/wp\/v2\/product_tag?post=6026"}],"curies":[{"name":"wp","href":"https:\/\/api.w.org\/{rel}","templated":true}]}}