{"id":5765,"date":"2016-09-07T18:49:13","date_gmt":"2016-09-07T16:49:13","guid":{"rendered":"http:\/\/www.sagardoarenlurraldea.eus\/reservar\/experiencias\/visita-guiada-astigarraga\/"},"modified":"2026-03-10T18:13:11","modified_gmt":"2026-03-10T16:13:11","slug":"visita-de-astigarraga-con-guia-y-cata-de-sidra-para-grupos","status":"publish","type":"product","link":"https:\/\/sagardoarenlurraldea.eus\/es\/reservar\/experiencias\/060-tours-territorio-sidra\/visita-de-astigarraga-con-guia-y-cata-de-sidra-para-grupos\/","title":{"rendered":"Visita de Astigarraga (con gu\u00eda) y cata de sidra (para grupos)"},"content":{"rendered":"<h2>Actividades que incluye la experiencia<\/h2>\n<ul>\n<li><strong>Visita <\/strong>de Astigarraga (con gu\u00eda).<\/li>\n<li><strong>Cata comentada de sidra<\/strong> en Sagardoetxea, Museo de la Sidra Vasca.<\/li>\n<\/ul>\n<p>NOTAS:<br \/>\n\u2013 Si se desea comer en una <strong>sidrer\u00eda<\/strong>, indicarlo en las observaciones de la reserva (siguiente paso).<\/p>\n<h2>Informaci\u00f3n pr\u00e1ctica<\/h2>\n<ul>\n<li><strong>Horarios<\/strong>: De martes a domingo a las 11:00 y las 12:00.<\/li>\n<li><strong>Duraci\u00f3n<\/strong>: 1 hora.<\/li>\n<li><strong>\u00bfCuando se puede hacer?<\/strong>\u00a0Durante todo el a\u00f1o.<\/li>\n<li><strong>\u00bfPara qui\u00e9n?<\/strong> Grupos (m\u00e1s de 15 personas)<\/li>\n<li><strong>Idiomas<\/strong>: Castellano, euskera, franc\u00e9s e ingl\u00e9s. <strong>(Siempre con reserva previa)<\/strong><\/li>\n<li><strong>Punto de encuentro<\/strong>: Punto de Informaci\u00f3n tur\u00edstica de Astigarraga (Kale Nagusia, 40 \u2013 Astigarraga). Coordenadas GPS: 43.281364, -1.947399.<\/li>\n<li><strong>C\u00f3mo llegar<\/strong>:\n<ul>\n<li>En veh\u00edculo propio: aparcamiento en el centro de Astigarraga (C\/ Nagusia) y en el pol\u00edgono industrial (C\/ Donostia ibilbidea). Tiempo estimado desde el aparcamiento: 5-10 min.<\/li>\n<li>En autob\u00fas de l\u00ednea: Desde San Sebastian (C\/ Okendo) y desde Hernani (C\/ Txirrita): L\u00edneas BU12 y BU13. <a href=\"http:\/\/www.lurraldebus.eus\">Ver horarios<\/a>. Tiempo estimado desde la parada: 5 min.<\/li>\n<\/ul>\n<\/li>\n<\/ul>\n<p><strong>NOTA IMPORTANTE:<\/strong> Al realizar la reserva, no recibir\u00e1 las entradas por email. Su reserva se ha registrado en nuestro sistema de reservas, y solo debe acercarse al punto de encuentro el d\u00eda de la actividad y dar su nombre.<\/p>\n<h2>Tarifas<\/h2>\n<ul>\n<li><strong>Adultos<\/strong>: 3\u20ac<\/li>\n<\/ul>\n<h2>Lo mejor<\/h2>\n<ul>\n<li>Descubrir los secretos que esconde esta localidad que atrae a miles de visitantes durante todo el a\u00f1o.<\/li>\n<li>Adentrarse en la cultura e historia de la sidra vasca en la capital de la sidra.<\/li>\n<\/ul>\n<p>&nbsp;<\/p>\n","protected":false},"excerpt":{"rendered":"<p>Astigarraga, una peque\u00f1a poblaci\u00f3n ubicada a tan s\u00f3lo cinco kil\u00f3metros de San Sebasti\u00e1n, aglutina el mayor n\u00famero de sidrer\u00edas en el territorio de la sidra. La visita guiada de esta localidad muestra los lugares m\u00e1s emblem\u00e1ticos para conocer el v\u00ednculo hist\u00f3rico de Astigarraga con la sidra, acompa\u00f1ados por una gu\u00eda. Para finalizar, se disfruta de una cata comentada de sidra en Sagardoetxea, Museo de la Sidra Vasca.<\/p>\n","protected":false},"featured_media":5776,"comment_status":"open","ping_status":"closed","template":"","meta":{"_acf_changed":false,"_et_pb_use_builder":"","_et_pb_old_content":"","_et_gb_content_width":""},"product_brand":[],"product_cat":[45,147],"product_tag":[2153,151],"class_list":{"0":"post-5765","1":"product","2":"type-product","3":"status-publish","4":"has-post-thumbnail","6":"product_cat-experiencias","7":"product_cat-060-tours-territorio-sidra","8":"product_tag-disponible-todo-el-ano","9":"product_tag-actividad-matutina","10":"dtwm_map-sagardoetxea","12":"first","13":"instock","14":"virtual","15":"sold-individually","16":"purchasable","17":"product-type-booking"},"exclude_global_add_ons":false,"addons":[{"name":"Servicio de gu\u00eda en idiomas","type":"select","position":0,"required":false,"title_format":"label","default":"","description_enable":false,"description":"","placeholder_enable":false,"placeholder":"","display":"select","restrictions_type":"any_text","adjust_price":false,"price":"","price_type":"flat_fee","restrictions":false,"min":"0","max":"0","options":[],"id":1773166390}],"acf":[],"yoast_head":"<!-- This site is optimized with the Yoast SEO plugin v25.4 - https:\/\/yoast.com\/wordpress\/plugins\/seo\/ -->\n<title>Visita de Astigarraga (con gu\u00eda) y cata de sidra (para grupos) - Sagardoaren Lurraldea<\/title>\n<meta name=\"robots\" content=\"index, follow, max-snippet:-1, max-image-preview:large, max-video-preview:-1\" \/>\n<link rel=\"canonical\" href=\"https:\/\/sagardoarenlurraldea.eus\/es\/reservar\/experiencias\/060-tours-territorio-sidra\/visita-de-astigarraga-con-guia-y-cata-de-sidra-para-grupos\/\" \/>\n<meta property=\"og:locale\" content=\"es_ES\" \/>\n<meta property=\"og:type\" content=\"article\" \/>\n<meta property=\"og:title\" content=\"Visita de Astigarraga (con gu\u00eda) y cata de sidra (para grupos) - Sagardoaren Lurraldea\" \/>\n<meta property=\"og:description\" content=\"Astigarraga, una peque\u00f1a poblaci\u00f3n ubicada a tan s\u00f3lo cinco kil\u00f3metros de San Sebasti\u00e1n, aglutina el mayor n\u00famero de sidrer\u00edas en el territorio de la sidra. La visita guiada de esta localidad muestra los lugares m\u00e1s emblem\u00e1ticos para conocer el v\u00ednculo hist\u00f3rico de Astigarraga con la sidra, acompa\u00f1ados por una gu\u00eda. Para finalizar, se disfruta de una cata comentada de sidra en Sagardoetxea, Museo de la Sidra Vasca.\" \/>\n<meta property=\"og:url\" content=\"https:\/\/sagardoarenlurraldea.eus\/es\/reservar\/experiencias\/060-tours-territorio-sidra\/visita-de-astigarraga-con-guia-y-cata-de-sidra-para-grupos\/\" \/>\n<meta property=\"og:site_name\" content=\"Sagardoaren Lurraldea\" \/>\n<meta property=\"article:publisher\" content=\"https:\/\/www.facebook.com\/sagardoarenlurraldea\" \/>\n<meta property=\"article:modified_time\" content=\"2026-03-10T16:13:11+00:00\" \/>\n<meta property=\"og:image\" content=\"https:\/\/sagardoarenlurraldea.eus\/wp-content\/uploads\/2016\/09\/EXPVISITAASTI-F00.jpg\" \/>\n\t<meta property=\"og:image:width\" content=\"900\" \/>\n\t<meta property=\"og:image:height\" content=\"600\" \/>\n\t<meta property=\"og:image:type\" content=\"image\/jpeg\" \/>\n<meta name=\"twitter:card\" content=\"summary_large_image\" \/>\n<meta name=\"twitter:label1\" content=\"Tiempo de lectura\" \/>\n\t<meta name=\"twitter:data1\" content=\"2 minutos\" \/>\n<script type=\"application\/ld+json\" class=\"yoast-schema-graph\">{\"@context\":\"https:\/\/schema.org\",\"@graph\":[{\"@type\":\"WebPage\",\"@id\":\"https:\/\/sagardoarenlurraldea.eus\/es\/reservar\/experiencias\/060-tours-territorio-sidra\/visita-de-astigarraga-con-guia-y-cata-de-sidra-para-grupos\/\",\"url\":\"https:\/\/sagardoarenlurraldea.eus\/es\/reservar\/experiencias\/060-tours-territorio-sidra\/visita-de-astigarraga-con-guia-y-cata-de-sidra-para-grupos\/\",\"name\":\"Visita de Astigarraga (con gu\u00eda) y cata de sidra (para grupos) - Sagardoaren Lurraldea\",\"isPartOf\":{\"@id\":\"https:\/\/sagardoarenlurraldea.eus\/es\/#website\"},\"primaryImageOfPage\":{\"@id\":\"https:\/\/sagardoarenlurraldea.eus\/es\/reservar\/experiencias\/060-tours-territorio-sidra\/visita-de-astigarraga-con-guia-y-cata-de-sidra-para-grupos\/#primaryimage\"},\"image\":{\"@id\":\"https:\/\/sagardoarenlurraldea.eus\/es\/reservar\/experiencias\/060-tours-territorio-sidra\/visita-de-astigarraga-con-guia-y-cata-de-sidra-para-grupos\/#primaryimage\"},\"thumbnailUrl\":\"https:\/\/sagardoarenlurraldea.eus\/wp-content\/uploads\/2016\/09\/EXPVISITAASTI-F00.jpg\",\"datePublished\":\"2016-09-07T16:49:13+00:00\",\"dateModified\":\"2026-03-10T16:13:11+00:00\",\"breadcrumb\":{\"@id\":\"https:\/\/sagardoarenlurraldea.eus\/es\/reservar\/experiencias\/060-tours-territorio-sidra\/visita-de-astigarraga-con-guia-y-cata-de-sidra-para-grupos\/#breadcrumb\"},\"inLanguage\":\"es\",\"potentialAction\":[{\"@type\":\"ReadAction\",\"target\":[\"https:\/\/sagardoarenlurraldea.eus\/es\/reservar\/experiencias\/060-tours-territorio-sidra\/visita-de-astigarraga-con-guia-y-cata-de-sidra-para-grupos\/\"]}]},{\"@type\":\"ImageObject\",\"inLanguage\":\"es\",\"@id\":\"https:\/\/sagardoarenlurraldea.eus\/es\/reservar\/experiencias\/060-tours-territorio-sidra\/visita-de-astigarraga-con-guia-y-cata-de-sidra-para-grupos\/#primaryimage\",\"url\":\"https:\/\/sagardoarenlurraldea.eus\/wp-content\/uploads\/2016\/09\/EXPVISITAASTI-F00.jpg\",\"contentUrl\":\"https:\/\/sagardoarenlurraldea.eus\/wp-content\/uploads\/2016\/09\/EXPVISITAASTI-F00.jpg\",\"width\":900,\"height\":600},{\"@type\":\"BreadcrumbList\",\"@id\":\"https:\/\/sagardoarenlurraldea.eus\/es\/reservar\/experiencias\/060-tours-territorio-sidra\/visita-de-astigarraga-con-guia-y-cata-de-sidra-para-grupos\/#breadcrumb\",\"itemListElement\":[{\"@type\":\"ListItem\",\"position\":1,\"name\":\"Inicio\",\"item\":\"https:\/\/sagardoarenlurraldea.eus\/es\/\"},{\"@type\":\"ListItem\",\"position\":2,\"name\":\"Reservar\",\"item\":\"https:\/\/sagardoarenlurraldea.eus\/es\/reservar\/\"},{\"@type\":\"ListItem\",\"position\":3,\"name\":\"Visita de Astigarraga (con gu\u00eda) y cata de sidra (para grupos)\"}]},{\"@type\":\"WebSite\",\"@id\":\"https:\/\/sagardoarenlurraldea.eus\/es\/#website\",\"url\":\"https:\/\/sagardoarenlurraldea.eus\/es\/\",\"name\":\"Sagardoaren Lurraldea\",\"description\":\"El territorio de la sidra\",\"potentialAction\":[{\"@type\":\"SearchAction\",\"target\":{\"@type\":\"EntryPoint\",\"urlTemplate\":\"https:\/\/sagardoarenlurraldea.eus\/es\/?s={search_term_string}\"},\"query-input\":{\"@type\":\"PropertyValueSpecification\",\"valueRequired\":true,\"valueName\":\"search_term_string\"}}],\"inLanguage\":\"es\"}]}<\/script>\n<!-- \/ Yoast SEO plugin. -->","yoast_head_json":{"title":"Visita de Astigarraga (con gu\u00eda) y cata de sidra (para grupos) - Sagardoaren Lurraldea","robots":{"index":"index","follow":"follow","max-snippet":"max-snippet:-1","max-image-preview":"max-image-preview:large","max-video-preview":"max-video-preview:-1"},"canonical":"https:\/\/sagardoarenlurraldea.eus\/es\/reservar\/experiencias\/060-tours-territorio-sidra\/visita-de-astigarraga-con-guia-y-cata-de-sidra-para-grupos\/","og_locale":"es_ES","og_type":"article","og_title":"Visita de Astigarraga (con gu\u00eda) y cata de sidra (para grupos) - Sagardoaren Lurraldea","og_description":"Astigarraga, una peque\u00f1a poblaci\u00f3n ubicada a tan s\u00f3lo cinco kil\u00f3metros de San Sebasti\u00e1n, aglutina el mayor n\u00famero de sidrer\u00edas en el territorio de la sidra. La visita guiada de esta localidad muestra los lugares m\u00e1s emblem\u00e1ticos para conocer el v\u00ednculo hist\u00f3rico de Astigarraga con la sidra, acompa\u00f1ados por una gu\u00eda. Para finalizar, se disfruta de una cata comentada de sidra en Sagardoetxea, Museo de la Sidra Vasca.","og_url":"https:\/\/sagardoarenlurraldea.eus\/es\/reservar\/experiencias\/060-tours-territorio-sidra\/visita-de-astigarraga-con-guia-y-cata-de-sidra-para-grupos\/","og_site_name":"Sagardoaren Lurraldea","article_publisher":"https:\/\/www.facebook.com\/sagardoarenlurraldea","article_modified_time":"2026-03-10T16:13:11+00:00","og_image":[{"width":900,"height":600,"url":"https:\/\/sagardoarenlurraldea.eus\/wp-content\/uploads\/2016\/09\/EXPVISITAASTI-F00.jpg","type":"image\/jpeg"}],"twitter_card":"summary_large_image","twitter_misc":{"Tiempo de lectura":"2 minutos"},"schema":{"@context":"https:\/\/schema.org","@graph":[{"@type":"WebPage","@id":"https:\/\/sagardoarenlurraldea.eus\/es\/reservar\/experiencias\/060-tours-territorio-sidra\/visita-de-astigarraga-con-guia-y-cata-de-sidra-para-grupos\/","url":"https:\/\/sagardoarenlurraldea.eus\/es\/reservar\/experiencias\/060-tours-territorio-sidra\/visita-de-astigarraga-con-guia-y-cata-de-sidra-para-grupos\/","name":"Visita de Astigarraga (con gu\u00eda) y cata de sidra (para grupos) - Sagardoaren Lurraldea","isPartOf":{"@id":"https:\/\/sagardoarenlurraldea.eus\/es\/#website"},"primaryImageOfPage":{"@id":"https:\/\/sagardoarenlurraldea.eus\/es\/reservar\/experiencias\/060-tours-territorio-sidra\/visita-de-astigarraga-con-guia-y-cata-de-sidra-para-grupos\/#primaryimage"},"image":{"@id":"https:\/\/sagardoarenlurraldea.eus\/es\/reservar\/experiencias\/060-tours-territorio-sidra\/visita-de-astigarraga-con-guia-y-cata-de-sidra-para-grupos\/#primaryimage"},"thumbnailUrl":"https:\/\/sagardoarenlurraldea.eus\/wp-content\/uploads\/2016\/09\/EXPVISITAASTI-F00.jpg","datePublished":"2016-09-07T16:49:13+00:00","dateModified":"2026-03-10T16:13:11+00:00","breadcrumb":{"@id":"https:\/\/sagardoarenlurraldea.eus\/es\/reservar\/experiencias\/060-tours-territorio-sidra\/visita-de-astigarraga-con-guia-y-cata-de-sidra-para-grupos\/#breadcrumb"},"inLanguage":"es","potentialAction":[{"@type":"ReadAction","target":["https:\/\/sagardoarenlurraldea.eus\/es\/reservar\/experiencias\/060-tours-territorio-sidra\/visita-de-astigarraga-con-guia-y-cata-de-sidra-para-grupos\/"]}]},{"@type":"ImageObject","inLanguage":"es","@id":"https:\/\/sagardoarenlurraldea.eus\/es\/reservar\/experiencias\/060-tours-territorio-sidra\/visita-de-astigarraga-con-guia-y-cata-de-sidra-para-grupos\/#primaryimage","url":"https:\/\/sagardoarenlurraldea.eus\/wp-content\/uploads\/2016\/09\/EXPVISITAASTI-F00.jpg","contentUrl":"https:\/\/sagardoarenlurraldea.eus\/wp-content\/uploads\/2016\/09\/EXPVISITAASTI-F00.jpg","width":900,"height":600},{"@type":"BreadcrumbList","@id":"https:\/\/sagardoarenlurraldea.eus\/es\/reservar\/experiencias\/060-tours-territorio-sidra\/visita-de-astigarraga-con-guia-y-cata-de-sidra-para-grupos\/#breadcrumb","itemListElement":[{"@type":"ListItem","position":1,"name":"Inicio","item":"https:\/\/sagardoarenlurraldea.eus\/es\/"},{"@type":"ListItem","position":2,"name":"Reservar","item":"https:\/\/sagardoarenlurraldea.eus\/es\/reservar\/"},{"@type":"ListItem","position":3,"name":"Visita de Astigarraga (con gu\u00eda) y cata de sidra (para grupos)"}]},{"@type":"WebSite","@id":"https:\/\/sagardoarenlurraldea.eus\/es\/#website","url":"https:\/\/sagardoarenlurraldea.eus\/es\/","name":"Sagardoaren Lurraldea","description":"El territorio de la sidra","potentialAction":[{"@type":"SearchAction","target":{"@type":"EntryPoint","urlTemplate":"https:\/\/sagardoarenlurraldea.eus\/es\/?s={search_term_string}"},"query-input":{"@type":"PropertyValueSpecification","valueRequired":true,"valueName":"search_term_string"}}],"inLanguage":"es"}]}},"_links":{"self":[{"href":"https:\/\/sagardoarenlurraldea.eus\/es\/wp-json\/wp\/v2\/product\/5765","targetHints":{"allow":["GET"]}}],"collection":[{"href":"https:\/\/sagardoarenlurraldea.eus\/es\/wp-json\/wp\/v2\/product"}],"about":[{"href":"https:\/\/sagardoarenlurraldea.eus\/es\/wp-json\/wp\/v2\/types\/product"}],"replies":[{"embeddable":true,"href":"https:\/\/sagardoarenlurraldea.eus\/es\/wp-json\/wp\/v2\/comments?post=5765"}],"wp:featuredmedia":[{"embeddable":true,"href":"https:\/\/sagardoarenlurraldea.eus\/es\/wp-json\/wp\/v2\/media\/5776"}],"wp:attachment":[{"href":"https:\/\/sagardoarenlurraldea.eus\/es\/wp-json\/wp\/v2\/media?parent=5765"}],"wp:term":[{"taxonomy":"product_brand","embeddable":true,"href":"https:\/\/sagardoarenlurraldea.eus\/es\/wp-json\/wp\/v2\/product_brand?post=5765"},{"taxonomy":"product_cat","embeddable":true,"href":"https:\/\/sagardoarenlurraldea.eus\/es\/wp-json\/wp\/v2\/product_cat?post=5765"},{"taxonomy":"product_tag","embeddable":true,"href":"https:\/\/sagardoarenlurraldea.eus\/es\/wp-json\/wp\/v2\/product_tag?post=5765"}],"curies":[{"name":"wp","href":"https:\/\/api.w.org\/{rel}","templated":true}]}}