{"id":5689,"date":"2016-09-07T17:50:29","date_gmt":"2016-09-07T15:50:29","guid":{"rendered":"http:\/\/www.sagardoarenlurraldea.eus\/reservar\/experiencias\/sagartrekking\/"},"modified":"2026-03-10T17:27:46","modified_gmt":"2026-03-10T15:27:46","slug":"sagartrekking-el-camino-de-la-sidra-con-guia-y-cata-de-sidra","status":"publish","type":"product","link":"https:\/\/sagardoarenlurraldea.eus\/es\/reservar\/experiencias\/050-trekking-senderismo-paseos\/sagartrekking-el-camino-de-la-sidra-con-guia-y-cata-de-sidra\/","title":{"rendered":"Sagartrekking, el camino de la sidra (con gu\u00eda) y cata de sidra (para grupos)"},"content":{"rendered":"<h2>Actividades que incluye la experiencia<\/h2>\n<ul>\n<li>Visita guiada del <strong>paseo tem\u00e1tico de Santiagomendi a pie<\/strong>.<\/li>\n<li><strong>Paradas<\/strong> con explicaciones de la gu\u00eda en los siguientes puntos del recorrido:\n<ul>\n<li>Estaci\u00f3n tem\u00e1tica \u00abPoder\u00bb (Plazaetxea)<\/li>\n<li>Estaci\u00f3n tem\u00e1tica \u00abCaser\u00edos\u00bb (caser\u00edo Goikoetxea)<\/li>\n<li>Estaci\u00f3n tem\u00e1tica \u00abSidra y mar\u00bb (alrededores de la Ermita de Santiagomendi)<\/li>\n<li>Estaci\u00f3n tem\u00e1tica \u00abPara\u00edso\u00bb (Ermita de Santiagomendi)<\/li>\n<li>Estaci\u00f3n tem\u00e1tica \u00abDeclive\u00bb (Erma\u00f1a)<\/li>\n<li>Estaci\u00f3n tem\u00e1tica \u00abRenacimiento\u00bb (Buenavista)<\/li>\n<li>Estaci\u00f3n tem\u00e1tica \u00abEl rito del txotx\u00bb (agroturismo Artola)<\/li>\n<li>Estaci\u00f3n tem\u00e1tica \u00abFuturo\u00bb (cantera Izaskun)<\/li>\n<\/ul>\n<\/li>\n<li><strong>Cata de sidra en Sagardoetxea<\/strong>.<\/li>\n<\/ul>\n<p>NOTAS:<br \/>\n&#8211; <strong>Transporte no incluido<\/strong>. Si fuera necesario transporte, indicarlo en las observaciones de la reserva (siguiente paso).<\/p>\n<h2>Informaci\u00f3n pr\u00e1ctica<\/h2>\n<ul>\n<li><strong>Horarios<\/strong>: De martes a s\u00e1bado a las 10:00 y a las 16:00. Domingos y festivos a las 10:00.<\/li>\n<li><strong>Duraci\u00f3n<\/strong>: 3 horas<\/li>\n<li><strong>\u00bfCuando se puede hacer?<\/strong>\u00a0Durante todo el a\u00f1o.<\/li>\n<li><strong>\u00bfPara qui\u00e9n? <\/strong>Grupos.<\/li>\n<li><strong>Idiomas<\/strong>: Castellano, euskera, franc\u00e9s e ingl\u00e9s. <strong>(Siempre con reserva previa)<\/strong><\/li>\n<li><strong>Punto de encuentro<\/strong>: Sagardoetxea, Museo de la Sidra Vasca (Kale Nagusia, 48 &#8211; Astigarraga). Coordenadas GPS: 43.281204, -1.946554.<\/li>\n<li><strong>C\u00f3mo llegar<\/strong>:\n<ul>\n<li>En veh\u00edculo propio: aparcamiento en el centro de Astigarraga (C\/ Nagusia) y en el pol\u00edgono industrial (C\/ Donostia ibilbidea). Tiempo estimado desde el aparcamiento: 5-10 min.<\/li>\n<li>En autob\u00fas de l\u00ednea: Desde San Sebastian (C\/ Okendo) y desde Hernani (C\/ Txirrita): L\u00edneas BU12 y BU13. Ver horarios. Tiempo estimado desde la parada: 5 min.<\/li>\n<\/ul>\n<\/li>\n<\/ul>\n<p><strong>NOTA IMPORTANTE:<\/strong> Al realizar la reserva, no recibir\u00e1 las entradas por email. Su reserva se ha registrado en nuestro sistema de reservas, y solo debe acercarse al punto de encuentro el d\u00eda de la actividad y dar su nombre.<\/p>\n<h2>Tarifas<\/h2>\n<ul>\n<li><strong>Adultos<\/strong>: 6\u20ac<\/li>\n<\/ul>\n<h2>Lo mejor<\/h2>\n<ul>\n<li>Disfrutar de las preciosas vistas de la costa desde lo alto de la Ermita de Santiagomendi.<\/li>\n<li>Pasear entre manzanales y caser\u00edos lagar en los que se elaboraba la sidra.<\/li>\n<li>Adentrarse en la cultura de la sidra al aire libre.<\/li>\n<\/ul>\n<p>&nbsp;<\/p>\n","protected":false},"excerpt":{"rendered":"<p>Practica senderismo por este bonito recorrido acompa\u00f1ado por nuestra gu\u00eda y disfrutar\u00e1s del paisaje natural de Santiagomendi (Astigarraga). El recorrido tiene una distancia de 6,5 Km y una duraci\u00f3n de 3 horas a pie. El paseo cuenta con 8 estaciones tem\u00e1ticas, donde a trav\u00e9s de la cultura de la sidra, conocer\u00e1s la historia de los caser\u00edos de Santiagomendi y de Astigarraga, los modos de vida de sus habitantes, as\u00ed como uno de los puntos m\u00e1s emblem\u00e1ticos del Camino de Santiago a su paso por Gipuzkoa.<\/p>\n","protected":false},"featured_media":5696,"comment_status":"open","ping_status":"closed","template":"","meta":{"_acf_changed":false,"_et_pb_use_builder":"","_et_pb_old_content":"","_et_gb_content_width":""},"product_brand":[],"product_cat":[45,148],"product_tag":[2153,151,152],"class_list":{"0":"post-5689","1":"product","2":"type-product","3":"status-publish","4":"has-post-thumbnail","6":"product_cat-experiencias","7":"product_cat-050-trekking-senderismo-paseos","8":"product_tag-disponible-todo-el-ano","9":"product_tag-actividad-matutina","10":"product_tag-actividad-vespertina","11":"dtwm_map-sagardoetxea","13":"first","14":"instock","15":"virtual","16":"sold-individually","17":"purchasable","18":"product-type-booking"},"exclude_global_add_ons":false,"addons":[{"name":"Servicio de gu\u00eda en idiomas","type":"select","position":0,"required":false,"title_format":"label","default":"","description_enable":false,"description":"","placeholder_enable":false,"placeholder":"","display":"select","restrictions_type":"any_text","adjust_price":false,"price":"","price_type":"flat_fee","restrictions":false,"min":"0","max":"0","options":[],"id":1773163666}],"acf":[],"yoast_head":"<!-- This site is optimized with the Yoast SEO plugin v25.4 - https:\/\/yoast.com\/wordpress\/plugins\/seo\/ -->\n<title>Sagartrekking, el camino de la sidra (con gu\u00eda) y cata de sidra (para grupos) - Sagardoaren Lurraldea<\/title>\n<meta name=\"robots\" content=\"index, follow, max-snippet:-1, max-image-preview:large, max-video-preview:-1\" \/>\n<link rel=\"canonical\" href=\"https:\/\/sagardoarenlurraldea.eus\/es\/reservar\/experiencias\/050-trekking-senderismo-paseos\/sagartrekking-el-camino-de-la-sidra-con-guia-y-cata-de-sidra\/\" \/>\n<meta property=\"og:locale\" content=\"es_ES\" \/>\n<meta property=\"og:type\" content=\"article\" \/>\n<meta property=\"og:title\" content=\"Sagartrekking, el camino de la sidra (con gu\u00eda) y cata de sidra (para grupos) - Sagardoaren Lurraldea\" \/>\n<meta property=\"og:description\" content=\"Practica senderismo por este bonito recorrido acompa\u00f1ado por nuestra gu\u00eda y disfrutar\u00e1s del paisaje natural de Santiagomendi (Astigarraga). El recorrido tiene una distancia de 6,5 Km y una duraci\u00f3n de 3 horas a pie. El paseo cuenta con 8 estaciones tem\u00e1ticas, donde a trav\u00e9s de la cultura de la sidra, conocer\u00e1s la historia de los caser\u00edos de Santiagomendi y de Astigarraga, los modos de vida de sus habitantes, as\u00ed como uno de los puntos m\u00e1s emblem\u00e1ticos del Camino de Santiago a su paso por Gipuzkoa.\" \/>\n<meta property=\"og:url\" content=\"https:\/\/sagardoarenlurraldea.eus\/es\/reservar\/experiencias\/050-trekking-senderismo-paseos\/sagartrekking-el-camino-de-la-sidra-con-guia-y-cata-de-sidra\/\" \/>\n<meta property=\"og:site_name\" content=\"Sagardoaren Lurraldea\" \/>\n<meta property=\"article:publisher\" content=\"https:\/\/www.facebook.com\/sagardoarenlurraldea\" \/>\n<meta property=\"article:modified_time\" content=\"2026-03-10T15:27:46+00:00\" \/>\n<meta property=\"og:image\" content=\"https:\/\/sagardoarenlurraldea.eus\/wp-content\/uploads\/2016\/09\/EXPSAGARTREKKING-F00.jpg\" \/>\n\t<meta property=\"og:image:width\" content=\"900\" \/>\n\t<meta property=\"og:image:height\" content=\"600\" \/>\n\t<meta property=\"og:image:type\" content=\"image\/jpeg\" \/>\n<meta name=\"twitter:card\" content=\"summary_large_image\" \/>\n<meta name=\"twitter:label1\" content=\"Tiempo de lectura\" \/>\n\t<meta name=\"twitter:data1\" content=\"2 minutos\" \/>\n<script type=\"application\/ld+json\" class=\"yoast-schema-graph\">{\"@context\":\"https:\/\/schema.org\",\"@graph\":[{\"@type\":\"WebPage\",\"@id\":\"https:\/\/sagardoarenlurraldea.eus\/es\/reservar\/experiencias\/050-trekking-senderismo-paseos\/sagartrekking-el-camino-de-la-sidra-con-guia-y-cata-de-sidra\/\",\"url\":\"https:\/\/sagardoarenlurraldea.eus\/es\/reservar\/experiencias\/050-trekking-senderismo-paseos\/sagartrekking-el-camino-de-la-sidra-con-guia-y-cata-de-sidra\/\",\"name\":\"Sagartrekking, el camino de la sidra (con gu\u00eda) y cata de sidra (para grupos) - Sagardoaren Lurraldea\",\"isPartOf\":{\"@id\":\"https:\/\/sagardoarenlurraldea.eus\/es\/#website\"},\"primaryImageOfPage\":{\"@id\":\"https:\/\/sagardoarenlurraldea.eus\/es\/reservar\/experiencias\/050-trekking-senderismo-paseos\/sagartrekking-el-camino-de-la-sidra-con-guia-y-cata-de-sidra\/#primaryimage\"},\"image\":{\"@id\":\"https:\/\/sagardoarenlurraldea.eus\/es\/reservar\/experiencias\/050-trekking-senderismo-paseos\/sagartrekking-el-camino-de-la-sidra-con-guia-y-cata-de-sidra\/#primaryimage\"},\"thumbnailUrl\":\"https:\/\/sagardoarenlurraldea.eus\/wp-content\/uploads\/2016\/09\/EXPSAGARTREKKING-F00.jpg\",\"datePublished\":\"2016-09-07T15:50:29+00:00\",\"dateModified\":\"2026-03-10T15:27:46+00:00\",\"breadcrumb\":{\"@id\":\"https:\/\/sagardoarenlurraldea.eus\/es\/reservar\/experiencias\/050-trekking-senderismo-paseos\/sagartrekking-el-camino-de-la-sidra-con-guia-y-cata-de-sidra\/#breadcrumb\"},\"inLanguage\":\"es\",\"potentialAction\":[{\"@type\":\"ReadAction\",\"target\":[\"https:\/\/sagardoarenlurraldea.eus\/es\/reservar\/experiencias\/050-trekking-senderismo-paseos\/sagartrekking-el-camino-de-la-sidra-con-guia-y-cata-de-sidra\/\"]}]},{\"@type\":\"ImageObject\",\"inLanguage\":\"es\",\"@id\":\"https:\/\/sagardoarenlurraldea.eus\/es\/reservar\/experiencias\/050-trekking-senderismo-paseos\/sagartrekking-el-camino-de-la-sidra-con-guia-y-cata-de-sidra\/#primaryimage\",\"url\":\"https:\/\/sagardoarenlurraldea.eus\/wp-content\/uploads\/2016\/09\/EXPSAGARTREKKING-F00.jpg\",\"contentUrl\":\"https:\/\/sagardoarenlurraldea.eus\/wp-content\/uploads\/2016\/09\/EXPSAGARTREKKING-F00.jpg\",\"width\":900,\"height\":600},{\"@type\":\"BreadcrumbList\",\"@id\":\"https:\/\/sagardoarenlurraldea.eus\/es\/reservar\/experiencias\/050-trekking-senderismo-paseos\/sagartrekking-el-camino-de-la-sidra-con-guia-y-cata-de-sidra\/#breadcrumb\",\"itemListElement\":[{\"@type\":\"ListItem\",\"position\":1,\"name\":\"Inicio\",\"item\":\"https:\/\/sagardoarenlurraldea.eus\/es\/\"},{\"@type\":\"ListItem\",\"position\":2,\"name\":\"Reservar\",\"item\":\"https:\/\/sagardoarenlurraldea.eus\/es\/reservar\/\"},{\"@type\":\"ListItem\",\"position\":3,\"name\":\"Sagartrekking, el camino de la sidra (con gu\u00eda) y cata de sidra (para grupos)\"}]},{\"@type\":\"WebSite\",\"@id\":\"https:\/\/sagardoarenlurraldea.eus\/es\/#website\",\"url\":\"https:\/\/sagardoarenlurraldea.eus\/es\/\",\"name\":\"Sagardoaren Lurraldea\",\"description\":\"El territorio de la sidra\",\"potentialAction\":[{\"@type\":\"SearchAction\",\"target\":{\"@type\":\"EntryPoint\",\"urlTemplate\":\"https:\/\/sagardoarenlurraldea.eus\/es\/?s={search_term_string}\"},\"query-input\":{\"@type\":\"PropertyValueSpecification\",\"valueRequired\":true,\"valueName\":\"search_term_string\"}}],\"inLanguage\":\"es\"}]}<\/script>\n<!-- \/ Yoast SEO plugin. -->","yoast_head_json":{"title":"Sagartrekking, el camino de la sidra (con gu\u00eda) y cata de sidra (para grupos) - Sagardoaren Lurraldea","robots":{"index":"index","follow":"follow","max-snippet":"max-snippet:-1","max-image-preview":"max-image-preview:large","max-video-preview":"max-video-preview:-1"},"canonical":"https:\/\/sagardoarenlurraldea.eus\/es\/reservar\/experiencias\/050-trekking-senderismo-paseos\/sagartrekking-el-camino-de-la-sidra-con-guia-y-cata-de-sidra\/","og_locale":"es_ES","og_type":"article","og_title":"Sagartrekking, el camino de la sidra (con gu\u00eda) y cata de sidra (para grupos) - Sagardoaren Lurraldea","og_description":"Practica senderismo por este bonito recorrido acompa\u00f1ado por nuestra gu\u00eda y disfrutar\u00e1s del paisaje natural de Santiagomendi (Astigarraga). El recorrido tiene una distancia de 6,5 Km y una duraci\u00f3n de 3 horas a pie. El paseo cuenta con 8 estaciones tem\u00e1ticas, donde a trav\u00e9s de la cultura de la sidra, conocer\u00e1s la historia de los caser\u00edos de Santiagomendi y de Astigarraga, los modos de vida de sus habitantes, as\u00ed como uno de los puntos m\u00e1s emblem\u00e1ticos del Camino de Santiago a su paso por Gipuzkoa.","og_url":"https:\/\/sagardoarenlurraldea.eus\/es\/reservar\/experiencias\/050-trekking-senderismo-paseos\/sagartrekking-el-camino-de-la-sidra-con-guia-y-cata-de-sidra\/","og_site_name":"Sagardoaren Lurraldea","article_publisher":"https:\/\/www.facebook.com\/sagardoarenlurraldea","article_modified_time":"2026-03-10T15:27:46+00:00","og_image":[{"width":900,"height":600,"url":"https:\/\/sagardoarenlurraldea.eus\/wp-content\/uploads\/2016\/09\/EXPSAGARTREKKING-F00.jpg","type":"image\/jpeg"}],"twitter_card":"summary_large_image","twitter_misc":{"Tiempo de lectura":"2 minutos"},"schema":{"@context":"https:\/\/schema.org","@graph":[{"@type":"WebPage","@id":"https:\/\/sagardoarenlurraldea.eus\/es\/reservar\/experiencias\/050-trekking-senderismo-paseos\/sagartrekking-el-camino-de-la-sidra-con-guia-y-cata-de-sidra\/","url":"https:\/\/sagardoarenlurraldea.eus\/es\/reservar\/experiencias\/050-trekking-senderismo-paseos\/sagartrekking-el-camino-de-la-sidra-con-guia-y-cata-de-sidra\/","name":"Sagartrekking, el camino de la sidra (con gu\u00eda) y cata de sidra (para grupos) - Sagardoaren Lurraldea","isPartOf":{"@id":"https:\/\/sagardoarenlurraldea.eus\/es\/#website"},"primaryImageOfPage":{"@id":"https:\/\/sagardoarenlurraldea.eus\/es\/reservar\/experiencias\/050-trekking-senderismo-paseos\/sagartrekking-el-camino-de-la-sidra-con-guia-y-cata-de-sidra\/#primaryimage"},"image":{"@id":"https:\/\/sagardoarenlurraldea.eus\/es\/reservar\/experiencias\/050-trekking-senderismo-paseos\/sagartrekking-el-camino-de-la-sidra-con-guia-y-cata-de-sidra\/#primaryimage"},"thumbnailUrl":"https:\/\/sagardoarenlurraldea.eus\/wp-content\/uploads\/2016\/09\/EXPSAGARTREKKING-F00.jpg","datePublished":"2016-09-07T15:50:29+00:00","dateModified":"2026-03-10T15:27:46+00:00","breadcrumb":{"@id":"https:\/\/sagardoarenlurraldea.eus\/es\/reservar\/experiencias\/050-trekking-senderismo-paseos\/sagartrekking-el-camino-de-la-sidra-con-guia-y-cata-de-sidra\/#breadcrumb"},"inLanguage":"es","potentialAction":[{"@type":"ReadAction","target":["https:\/\/sagardoarenlurraldea.eus\/es\/reservar\/experiencias\/050-trekking-senderismo-paseos\/sagartrekking-el-camino-de-la-sidra-con-guia-y-cata-de-sidra\/"]}]},{"@type":"ImageObject","inLanguage":"es","@id":"https:\/\/sagardoarenlurraldea.eus\/es\/reservar\/experiencias\/050-trekking-senderismo-paseos\/sagartrekking-el-camino-de-la-sidra-con-guia-y-cata-de-sidra\/#primaryimage","url":"https:\/\/sagardoarenlurraldea.eus\/wp-content\/uploads\/2016\/09\/EXPSAGARTREKKING-F00.jpg","contentUrl":"https:\/\/sagardoarenlurraldea.eus\/wp-content\/uploads\/2016\/09\/EXPSAGARTREKKING-F00.jpg","width":900,"height":600},{"@type":"BreadcrumbList","@id":"https:\/\/sagardoarenlurraldea.eus\/es\/reservar\/experiencias\/050-trekking-senderismo-paseos\/sagartrekking-el-camino-de-la-sidra-con-guia-y-cata-de-sidra\/#breadcrumb","itemListElement":[{"@type":"ListItem","position":1,"name":"Inicio","item":"https:\/\/sagardoarenlurraldea.eus\/es\/"},{"@type":"ListItem","position":2,"name":"Reservar","item":"https:\/\/sagardoarenlurraldea.eus\/es\/reservar\/"},{"@type":"ListItem","position":3,"name":"Sagartrekking, el camino de la sidra (con gu\u00eda) y cata de sidra (para grupos)"}]},{"@type":"WebSite","@id":"https:\/\/sagardoarenlurraldea.eus\/es\/#website","url":"https:\/\/sagardoarenlurraldea.eus\/es\/","name":"Sagardoaren Lurraldea","description":"El territorio de la sidra","potentialAction":[{"@type":"SearchAction","target":{"@type":"EntryPoint","urlTemplate":"https:\/\/sagardoarenlurraldea.eus\/es\/?s={search_term_string}"},"query-input":{"@type":"PropertyValueSpecification","valueRequired":true,"valueName":"search_term_string"}}],"inLanguage":"es"}]}},"_links":{"self":[{"href":"https:\/\/sagardoarenlurraldea.eus\/es\/wp-json\/wp\/v2\/product\/5689","targetHints":{"allow":["GET"]}}],"collection":[{"href":"https:\/\/sagardoarenlurraldea.eus\/es\/wp-json\/wp\/v2\/product"}],"about":[{"href":"https:\/\/sagardoarenlurraldea.eus\/es\/wp-json\/wp\/v2\/types\/product"}],"replies":[{"embeddable":true,"href":"https:\/\/sagardoarenlurraldea.eus\/es\/wp-json\/wp\/v2\/comments?post=5689"}],"wp:featuredmedia":[{"embeddable":true,"href":"https:\/\/sagardoarenlurraldea.eus\/es\/wp-json\/wp\/v2\/media\/5696"}],"wp:attachment":[{"href":"https:\/\/sagardoarenlurraldea.eus\/es\/wp-json\/wp\/v2\/media?parent=5689"}],"wp:term":[{"taxonomy":"product_brand","embeddable":true,"href":"https:\/\/sagardoarenlurraldea.eus\/es\/wp-json\/wp\/v2\/product_brand?post=5689"},{"taxonomy":"product_cat","embeddable":true,"href":"https:\/\/sagardoarenlurraldea.eus\/es\/wp-json\/wp\/v2\/product_cat?post=5689"},{"taxonomy":"product_tag","embeddable":true,"href":"https:\/\/sagardoarenlurraldea.eus\/es\/wp-json\/wp\/v2\/product_tag?post=5689"}],"curies":[{"name":"wp","href":"https:\/\/api.w.org\/{rel}","templated":true}]}}