{"id":36469,"date":"2023-04-28T19:00:00","date_gmt":"2023-04-28T17:00:00","guid":{"rendered":"http:\/\/www.sagardoarenlurraldea.eus\/?post_type=product&#038;p=36469"},"modified":"2024-02-23T18:35:02","modified_gmt":"2024-02-23T16:35:02","slug":"sagarbike","status":"publish","type":"product","link":"https:\/\/sagardoarenlurraldea.eus\/es\/reservar\/experiencias\/sagarcycling\/sagarbike\/","title":{"rendered":"SagarBike"},"content":{"rendered":"<h2>Actividades que incluye la experiencia<\/h2>\n<ul>\n<li>Paseo en bicicleta (sin gu\u00eda) desde Donostia a Astigarraga por el bidegorri de la ladera del r\u00edo Urumea. <a title=\"Se abrir\u00e1 en nueva ventana\" href=\"https:\/\/goo.gl\/maps\/TXhmxkqCbuC2\" target=\"_blank\" rel=\"external nofollow noopener noreferrer\" data-wpel-link=\"external\">Ver el recorrido en Google Maps<\/a>.<\/li>\n<li>Visita guiada de Sagardoetxea, Museo de la Sidra Vasca (Astigarraga): Introducci\u00f3n a la cultura de la sidra visitando el manzanal y una cata guiada de sidra con pintxos.<\/li>\n<li>Vuelta en bicicleta (sin gu\u00eda) a Donostia por el bidegorri de la ladera del r\u00edo Urumea.<\/li>\n<\/ul>\n<p><strong>NOTAS<\/strong>:<br \/>\n&#8211; Alquiler de bicicleta para 4 horas inclu\u00eddo en el servicio.<br \/>\n&#8211; Entrega de mapa del recorrido al recoger la bicicleta.<br \/>\n&#8211; Visita guiada de Sagardoetxea a las 11:00 en el turno de ma\u00f1ana y a las 16:00 en el turno de tarde.<br \/>\n&#8211; M\u00e1ximo dos personas por reserva.<\/p>\n<p>&nbsp;<\/p>\n<h2>Informaci\u00f3n pr\u00e1ctica<\/h2>\n<ul>\n<li><strong>Horarios<\/strong>: De martes a s\u00e1bados a las 10:00 o 15:00. Domingos y festivos: 10:00. Julio y agosto: todos los d\u00edas.<\/li>\n<li><strong>Duraci\u00f3n<\/strong>: 4 horas<\/li>\n<li><strong>\u00bfCuando se puede hacer?<\/strong> Todo el a\u00f1o<\/li>\n<li><strong>\u00bfPara qui\u00e9n?<\/strong> Individual y parejas.<\/li>\n<li><strong>Idiomas <\/strong>(en la visita de Sagardoetxea): Castellano, Euskera, Franc\u00e9s e Ingl\u00e9s.<\/li>\n<li><strong>Punto de encuentro<\/strong>: Go Local (Sarriegi Plaza, 9 &#8211; 20003 Donostia). Coordenadas GPS: 43.323049, -1.983254699999975.<\/li>\n<li><strong>C\u00f3mo llegar<\/strong>:\n<ul>\n<li>En bicicleta: desde Donostia a Astigarraga por el bidegorri que hay junto a la ladera del r\u00edo Urumea. <a href=\"https:\/\/goo.gl\/maps\/TXhmxkqCbuC2\">Ver el recorrido en Google Maps<\/a>.<\/li>\n<\/ul>\n<\/li>\n<\/ul>\n<h2>Tarifas<\/h2>\n<ul>\n<li><strong>Adultos<\/strong>: 30\u20ac<\/li>\n<\/ul>\n<h2>Lo mejor<\/h2>\n<ul>\n<li>Practicar deporte y realizar un paseo en bicicleta.<\/li>\n<li>Descubrir los secretos del r\u00edo Urumea.<\/li>\n<li>Visitar un espacio did\u00e1ctico, en contacto con la naturaleza.<\/li>\n<li>Disfrutar de la gastronom\u00eda local.<\/li>\n<\/ul>\n","protected":false},"excerpt":{"rendered":"<p>Disfrutar\u00e1s de un recorrido en bicicleta por la ladera del r\u00edo Urumea, donde conocer\u00e1s los secretos que esconde este r\u00edo de sidra y llegar\u00e1s a Astigarraga, coraz\u00f3n de la sidra. En Sagardoetxea, Museo de la Sidra Vasca, te adentrar\u00e1s en la cultura de la sidra y disfrutar\u00e1s de una cata especial de sidra al txotx, derivados de la manzana y unos pintxos. Regresar\u00e1s a Donostia habiendo conocido este rito ancestral de nuestra gastronom\u00eda. Txotx!<\/p>\n","protected":false},"featured_media":37270,"comment_status":"closed","ping_status":"closed","template":"","meta":{"_acf_changed":false,"_et_pb_use_builder":"","_et_pb_old_content":"","_et_gb_content_width":""},"product_brand":[],"product_cat":[45,107,3312],"product_tag":[2920,151,152],"class_list":{"0":"post-36469","1":"product","2":"type-product","3":"status-publish","4":"has-post-thumbnail","6":"product_cat-experiencias","7":"product_cat-museo","8":"product_cat-sagarcycling","9":"product_tag-disponible-junio-octubre","10":"product_tag-actividad-matutina","11":"product_tag-actividad-vespertina","12":"dtwm_map-go-local","13":"dtwm_map-sagardoetxea","15":"first","16":"instock","17":"virtual","18":"sold-individually","19":"purchasable","20":"product-type-booking"},"exclude_global_add_ons":false,"addons":[{"name":"Visita guiada de Sagardoetxea","type":"select","position":0,"required":false,"title_format":"label","default":"","description_enable":false,"description":"","placeholder_enable":false,"placeholder":"","display":"select","restrictions_type":"any_text","adjust_price":false,"price":"","price_type":"","restrictions":false,"min":"0","max":"0","options":[]}],"acf":[],"yoast_head":"<!-- This site is optimized with the Yoast SEO plugin v25.4 - https:\/\/yoast.com\/wordpress\/plugins\/seo\/ -->\n<title>SagarBike - Sagardoaren Lurraldea<\/title>\n<meta name=\"robots\" content=\"index, follow, max-snippet:-1, max-image-preview:large, max-video-preview:-1\" \/>\n<link rel=\"canonical\" href=\"https:\/\/sagardoarenlurraldea.eus\/es\/reservar\/experiencias\/sagarcycling\/sagarbike\/\" \/>\n<meta property=\"og:locale\" content=\"es_ES\" \/>\n<meta property=\"og:type\" content=\"article\" \/>\n<meta property=\"og:title\" content=\"SagarBike - Sagardoaren Lurraldea\" \/>\n<meta property=\"og:description\" content=\"Disfrutar\u00e1s de un recorrido en bicicleta por la ladera del r\u00edo Urumea, donde conocer\u00e1s los secretos que esconde este r\u00edo de sidra y llegar\u00e1s a Astigarraga, coraz\u00f3n de la sidra. En Sagardoetxea, Museo de la Sidra Vasca, te adentrar\u00e1s en la cultura de la sidra y disfrutar\u00e1s de una cata especial de sidra al txotx, derivados de la manzana y unos pintxos. Regresar\u00e1s a Donostia habiendo conocido este rito ancestral de nuestra gastronom\u00eda. Txotx!\" \/>\n<meta property=\"og:url\" content=\"https:\/\/sagardoarenlurraldea.eus\/es\/reservar\/experiencias\/sagarcycling\/sagarbike\/\" \/>\n<meta property=\"og:site_name\" content=\"Sagardoaren Lurraldea\" \/>\n<meta property=\"article:publisher\" content=\"https:\/\/www.facebook.com\/sagardoarenlurraldea\" \/>\n<meta property=\"article:modified_time\" content=\"2024-02-23T16:35:02+00:00\" \/>\n<meta property=\"og:image\" content=\"https:\/\/sagardoarenlurraldea.eus\/wp-content\/uploads\/2018\/08\/SAGARBIKE-F80.jpg\" \/>\n\t<meta property=\"og:image:width\" content=\"900\" \/>\n\t<meta property=\"og:image:height\" content=\"600\" \/>\n\t<meta property=\"og:image:type\" content=\"image\/jpeg\" \/>\n<meta name=\"twitter:card\" content=\"summary_large_image\" \/>\n<meta name=\"twitter:label1\" content=\"Tiempo de lectura\" \/>\n\t<meta name=\"twitter:data1\" content=\"2 minutos\" \/>\n<script type=\"application\/ld+json\" class=\"yoast-schema-graph\">{\"@context\":\"https:\/\/schema.org\",\"@graph\":[{\"@type\":\"WebPage\",\"@id\":\"https:\/\/sagardoarenlurraldea.eus\/es\/reservar\/experiencias\/sagarcycling\/sagarbike\/\",\"url\":\"https:\/\/sagardoarenlurraldea.eus\/es\/reservar\/experiencias\/sagarcycling\/sagarbike\/\",\"name\":\"SagarBike - Sagardoaren Lurraldea\",\"isPartOf\":{\"@id\":\"https:\/\/sagardoarenlurraldea.eus\/es\/#website\"},\"primaryImageOfPage\":{\"@id\":\"https:\/\/sagardoarenlurraldea.eus\/es\/reservar\/experiencias\/sagarcycling\/sagarbike\/#primaryimage\"},\"image\":{\"@id\":\"https:\/\/sagardoarenlurraldea.eus\/es\/reservar\/experiencias\/sagarcycling\/sagarbike\/#primaryimage\"},\"thumbnailUrl\":\"https:\/\/sagardoarenlurraldea.eus\/wp-content\/uploads\/2018\/08\/SAGARBIKE-F80.jpg\",\"datePublished\":\"2023-04-28T17:00:00+00:00\",\"dateModified\":\"2024-02-23T16:35:02+00:00\",\"breadcrumb\":{\"@id\":\"https:\/\/sagardoarenlurraldea.eus\/es\/reservar\/experiencias\/sagarcycling\/sagarbike\/#breadcrumb\"},\"inLanguage\":\"es\",\"potentialAction\":[{\"@type\":\"ReadAction\",\"target\":[\"https:\/\/sagardoarenlurraldea.eus\/es\/reservar\/experiencias\/sagarcycling\/sagarbike\/\"]}]},{\"@type\":\"ImageObject\",\"inLanguage\":\"es\",\"@id\":\"https:\/\/sagardoarenlurraldea.eus\/es\/reservar\/experiencias\/sagarcycling\/sagarbike\/#primaryimage\",\"url\":\"https:\/\/sagardoarenlurraldea.eus\/wp-content\/uploads\/2018\/08\/SAGARBIKE-F80.jpg\",\"contentUrl\":\"https:\/\/sagardoarenlurraldea.eus\/wp-content\/uploads\/2018\/08\/SAGARBIKE-F80.jpg\",\"width\":900,\"height\":600},{\"@type\":\"BreadcrumbList\",\"@id\":\"https:\/\/sagardoarenlurraldea.eus\/es\/reservar\/experiencias\/sagarcycling\/sagarbike\/#breadcrumb\",\"itemListElement\":[{\"@type\":\"ListItem\",\"position\":1,\"name\":\"Inicio\",\"item\":\"https:\/\/sagardoarenlurraldea.eus\/es\/\"},{\"@type\":\"ListItem\",\"position\":2,\"name\":\"Reservar\",\"item\":\"https:\/\/sagardoarenlurraldea.eus\/es\/reservar\/\"},{\"@type\":\"ListItem\",\"position\":3,\"name\":\"SagarBike\"}]},{\"@type\":\"WebSite\",\"@id\":\"https:\/\/sagardoarenlurraldea.eus\/es\/#website\",\"url\":\"https:\/\/sagardoarenlurraldea.eus\/es\/\",\"name\":\"Sagardoaren Lurraldea\",\"description\":\"El territorio de la sidra\",\"potentialAction\":[{\"@type\":\"SearchAction\",\"target\":{\"@type\":\"EntryPoint\",\"urlTemplate\":\"https:\/\/sagardoarenlurraldea.eus\/es\/?s={search_term_string}\"},\"query-input\":{\"@type\":\"PropertyValueSpecification\",\"valueRequired\":true,\"valueName\":\"search_term_string\"}}],\"inLanguage\":\"es\"}]}<\/script>\n<!-- \/ Yoast SEO plugin. -->","yoast_head_json":{"title":"SagarBike - Sagardoaren Lurraldea","robots":{"index":"index","follow":"follow","max-snippet":"max-snippet:-1","max-image-preview":"max-image-preview:large","max-video-preview":"max-video-preview:-1"},"canonical":"https:\/\/sagardoarenlurraldea.eus\/es\/reservar\/experiencias\/sagarcycling\/sagarbike\/","og_locale":"es_ES","og_type":"article","og_title":"SagarBike - Sagardoaren Lurraldea","og_description":"Disfrutar\u00e1s de un recorrido en bicicleta por la ladera del r\u00edo Urumea, donde conocer\u00e1s los secretos que esconde este r\u00edo de sidra y llegar\u00e1s a Astigarraga, coraz\u00f3n de la sidra. En Sagardoetxea, Museo de la Sidra Vasca, te adentrar\u00e1s en la cultura de la sidra y disfrutar\u00e1s de una cata especial de sidra al txotx, derivados de la manzana y unos pintxos. Regresar\u00e1s a Donostia habiendo conocido este rito ancestral de nuestra gastronom\u00eda. Txotx!","og_url":"https:\/\/sagardoarenlurraldea.eus\/es\/reservar\/experiencias\/sagarcycling\/sagarbike\/","og_site_name":"Sagardoaren Lurraldea","article_publisher":"https:\/\/www.facebook.com\/sagardoarenlurraldea","article_modified_time":"2024-02-23T16:35:02+00:00","og_image":[{"width":900,"height":600,"url":"https:\/\/sagardoarenlurraldea.eus\/wp-content\/uploads\/2018\/08\/SAGARBIKE-F80.jpg","type":"image\/jpeg"}],"twitter_card":"summary_large_image","twitter_misc":{"Tiempo de lectura":"2 minutos"},"schema":{"@context":"https:\/\/schema.org","@graph":[{"@type":"WebPage","@id":"https:\/\/sagardoarenlurraldea.eus\/es\/reservar\/experiencias\/sagarcycling\/sagarbike\/","url":"https:\/\/sagardoarenlurraldea.eus\/es\/reservar\/experiencias\/sagarcycling\/sagarbike\/","name":"SagarBike - Sagardoaren Lurraldea","isPartOf":{"@id":"https:\/\/sagardoarenlurraldea.eus\/es\/#website"},"primaryImageOfPage":{"@id":"https:\/\/sagardoarenlurraldea.eus\/es\/reservar\/experiencias\/sagarcycling\/sagarbike\/#primaryimage"},"image":{"@id":"https:\/\/sagardoarenlurraldea.eus\/es\/reservar\/experiencias\/sagarcycling\/sagarbike\/#primaryimage"},"thumbnailUrl":"https:\/\/sagardoarenlurraldea.eus\/wp-content\/uploads\/2018\/08\/SAGARBIKE-F80.jpg","datePublished":"2023-04-28T17:00:00+00:00","dateModified":"2024-02-23T16:35:02+00:00","breadcrumb":{"@id":"https:\/\/sagardoarenlurraldea.eus\/es\/reservar\/experiencias\/sagarcycling\/sagarbike\/#breadcrumb"},"inLanguage":"es","potentialAction":[{"@type":"ReadAction","target":["https:\/\/sagardoarenlurraldea.eus\/es\/reservar\/experiencias\/sagarcycling\/sagarbike\/"]}]},{"@type":"ImageObject","inLanguage":"es","@id":"https:\/\/sagardoarenlurraldea.eus\/es\/reservar\/experiencias\/sagarcycling\/sagarbike\/#primaryimage","url":"https:\/\/sagardoarenlurraldea.eus\/wp-content\/uploads\/2018\/08\/SAGARBIKE-F80.jpg","contentUrl":"https:\/\/sagardoarenlurraldea.eus\/wp-content\/uploads\/2018\/08\/SAGARBIKE-F80.jpg","width":900,"height":600},{"@type":"BreadcrumbList","@id":"https:\/\/sagardoarenlurraldea.eus\/es\/reservar\/experiencias\/sagarcycling\/sagarbike\/#breadcrumb","itemListElement":[{"@type":"ListItem","position":1,"name":"Inicio","item":"https:\/\/sagardoarenlurraldea.eus\/es\/"},{"@type":"ListItem","position":2,"name":"Reservar","item":"https:\/\/sagardoarenlurraldea.eus\/es\/reservar\/"},{"@type":"ListItem","position":3,"name":"SagarBike"}]},{"@type":"WebSite","@id":"https:\/\/sagardoarenlurraldea.eus\/es\/#website","url":"https:\/\/sagardoarenlurraldea.eus\/es\/","name":"Sagardoaren Lurraldea","description":"El territorio de la sidra","potentialAction":[{"@type":"SearchAction","target":{"@type":"EntryPoint","urlTemplate":"https:\/\/sagardoarenlurraldea.eus\/es\/?s={search_term_string}"},"query-input":{"@type":"PropertyValueSpecification","valueRequired":true,"valueName":"search_term_string"}}],"inLanguage":"es"}]}},"_links":{"self":[{"href":"https:\/\/sagardoarenlurraldea.eus\/es\/wp-json\/wp\/v2\/product\/36469","targetHints":{"allow":["GET"]}}],"collection":[{"href":"https:\/\/sagardoarenlurraldea.eus\/es\/wp-json\/wp\/v2\/product"}],"about":[{"href":"https:\/\/sagardoarenlurraldea.eus\/es\/wp-json\/wp\/v2\/types\/product"}],"replies":[{"embeddable":true,"href":"https:\/\/sagardoarenlurraldea.eus\/es\/wp-json\/wp\/v2\/comments?post=36469"}],"wp:featuredmedia":[{"embeddable":true,"href":"https:\/\/sagardoarenlurraldea.eus\/es\/wp-json\/wp\/v2\/media\/37270"}],"wp:attachment":[{"href":"https:\/\/sagardoarenlurraldea.eus\/es\/wp-json\/wp\/v2\/media?parent=36469"}],"wp:term":[{"taxonomy":"product_brand","embeddable":true,"href":"https:\/\/sagardoarenlurraldea.eus\/es\/wp-json\/wp\/v2\/product_brand?post=36469"},{"taxonomy":"product_cat","embeddable":true,"href":"https:\/\/sagardoarenlurraldea.eus\/es\/wp-json\/wp\/v2\/product_cat?post=36469"},{"taxonomy":"product_tag","embeddable":true,"href":"https:\/\/sagardoarenlurraldea.eus\/es\/wp-json\/wp\/v2\/product_tag?post=36469"}],"curies":[{"name":"wp","href":"https:\/\/api.w.org\/{rel}","templated":true}]}}