{"id":307491,"date":"2026-04-15T17:06:56","date_gmt":"2026-04-16T11:12:14","guid":{"rendered":"https:\/\/sagardoarenlurraldea.eus\/?post_type=product&#038;p=307491"},"modified":"2026-04-17T16:14:34","modified_gmt":"2026-04-17T14:14:34","slug":"taller-familiar-para-pintar-tote-bags-bolsas-de-tela-el-16-de-mayo","status":"publish","type":"product","link":"https:\/\/sagardoarenlurraldea.eus\/es\/reservar\/uncategorized-eu\/taller-familiar-para-pintar-tote-bags-bolsas-de-tela-el-16-de-mayo\/","title":{"rendered":"Taller familiar para pintar tote bags (bolsas de tela) el 16 de mayo"},"content":{"rendered":"<h2>Qu\u00e9 incluye la experiencia<\/h2>\n<ul>\n<li><strong>Taller para pintar tote bags (bolsas de tela) en familia.<\/strong>\n<ul>\n<li>Bolsas de tela.<\/li>\n<li>Material necesario para adornarlas.<\/li>\n<\/ul>\n<\/li>\n<\/ul>\n<h2>Cu\u00e1ndo<\/h2>\n<ul>\n<li>16 de mayo (s\u00e1bado). Habr\u00e1 cuatro turnos, y resulta obligatorio realizar una reserva previa:\n<ul>\n<li>17:00, 17:30, 18:00 y 18:30.<\/li>\n<\/ul>\n<\/li>\n<\/ul>\n<h2>Duraci\u00f3n<\/h2>\n<ul>\n<li>1 hora<\/li>\n<\/ul>\n<h2>\u00bfPara qui\u00e9n?<\/h2>\n<ul>\n<li>Familias con ni\u00f1os y ni\u00f1as mayores de 6 a\u00f1os. Los menores deber\u00e1n estar siempre acompa\u00f1ados.<\/li>\n<\/ul>\n<h2>Idiomas<\/h2>\n<ul>\n<li>Euskera y castellano.<\/li>\n<\/ul>\n<h2>Punto de encuentro<\/h2>\n<ul>\n<li>Sagardoetxea, Museo de la Sidra Vasca (Kale Nagusia, 48 \u2013 Astigarraga).<\/li>\n<li>Coordenadas GPS: 43.281204, -1.946554&#8243;<\/li>\n<\/ul>\n<h2>C\u00f3mo llegar<\/h2>\n<ul>\n<li>En veh\u00edculo propio: aparcamiento en el centro de Astigarraga (C\/ Nagusia) y en el pol\u00edgono industrial (C\/ Donostia ibilbidea). Tiempo estimado desde el aparcamiento: 5-10 min.<\/li>\n<li>En autob\u00fas de l\u00ednea: Desde San Sebastian (C\/ Okendo) y desde Hernani (C\/ Txirrita). L\u00edneas BU12 y BU13. <a href=\"http:\/\/www.lurraldebus.eus\">Ver horarios<\/a>. Tiempo estimado desde la parada: 5 min.<\/li>\n<\/ul>\n","protected":false},"excerpt":{"rendered":"<div><span id=\"tgt_sent_0\"><span class=\"interactive\">Con<\/span> <span class=\"interactive\">motivo<\/span> <span class=\"interactive\">del<\/span> <span class=\"interactive\">D\u00eda<\/span> <span class=\"interactive\">de<\/span> <span class=\"interactive\">los<\/span> <span class=\"interactive\">Museos, que se celebra el 18 de mayo,<\/span> <span class=\"interactive\">en<\/span> <span class=\"interactive\">Sagardoetxea<\/span> <span class=\"interactive\">hemos<\/span> <span class=\"interactive\">organizado<\/span> <span class=\"interactive\">este<\/span> <span class=\"interactive\">taller<\/span> <span class=\"interactive\">para<\/span> <span class=\"interactive\">familias que tendr\u00e1 lugar el 16 de mayo, s\u00e1bado.<\/span><\/span><\/div>\n<div><\/div>\n<div><span id=\"tgt_sent_1\"><span class=\"interactive\">Utilizando<\/span> <span class=\"interactive\">im\u00e1genes<\/span> <span class=\"interactive\">inspiradas en los<\/span>\u00a0<span class=\"interactive\">manzanos<\/span> <span class=\"interactive\">se<\/span> <span class=\"interactive\">crear\u00e1<\/span>n los<span class=\"interactive\">\u00a0<\/span><span class=\"interactive\">dise\u00f1o<\/span>s\u00a0<span class=\"interactive\">para<\/span>\u00a0las\u00a0<span class=\"interactive\">tote<\/span> <span class=\"interactive\">bags<\/span>\u00a0<span class=\"interactive\">y<\/span> <span class=\"interactive\">se<\/span> <span class=\"interactive\">pintar\u00e1n<\/span> <span class=\"interactive\">mediante<\/span> <span class=\"interactive\">plantillas<\/span> <span class=\"interactive\">y<\/span> <span class=\"interactive\">estampaciones.<\/span><\/span><\/div>\n<div><\/div>\n<div>Antes del taller, a las 16:30, alumnos y alumnas de guitarra de la Escuela de M\u00fasica Norberto Almandoz ofrecer\u00e1n una peque\u00f1a actuaci\u00f3n en Sagardoetxea.<\/div>\n","protected":false},"featured_media":307499,"comment_status":"open","ping_status":"closed","template":"","meta":{"_acf_changed":false,"_et_pb_use_builder":"","_et_pb_old_content":"","_et_gb_content_width":""},"product_brand":[],"product_cat":[3018],"product_tag":[],"class_list":{"0":"post-307491","1":"product","2":"type-product","3":"status-publish","4":"has-post-thumbnail","6":"product_cat-uncategorized-eu","8":"first","9":"instock","10":"sold-individually","11":"shipping-taxable","12":"purchasable","13":"product-type-booking"},"exclude_global_add_ons":[],"addons":[],"acf":[],"yoast_head":"<!-- This site is optimized with the Yoast SEO plugin v25.4 - https:\/\/yoast.com\/wordpress\/plugins\/seo\/ -->\n<title>Taller familiar para pintar tote bags (bolsas de tela) el 16 de mayo - Sagardoaren Lurraldea<\/title>\n<meta name=\"robots\" content=\"index, follow, max-snippet:-1, max-image-preview:large, max-video-preview:-1\" \/>\n<link rel=\"canonical\" href=\"https:\/\/sagardoarenlurraldea.eus\/es\/reservar\/uncategorized-eu\/taller-familiar-para-pintar-tote-bags-bolsas-de-tela-el-16-de-mayo\/\" \/>\n<meta property=\"og:locale\" content=\"es_ES\" \/>\n<meta property=\"og:type\" content=\"article\" \/>\n<meta property=\"og:title\" content=\"Taller familiar para pintar tote bags (bolsas de tela) el 16 de mayo - Sagardoaren Lurraldea\" \/>\n<meta property=\"og:description\" content=\"Con motivo del D\u00eda de los Museos, que se celebra el 18 de mayo, en Sagardoetxea hemos organizado este taller para familias que tendr\u00e1 lugar el 16 de mayo, s\u00e1bado.  Utilizando im\u00e1genes inspiradas en los\u00a0manzanos se crear\u00e1n los\u00a0dise\u00f1os\u00a0para\u00a0las\u00a0tote bags\u00a0y se pintar\u00e1n mediante plantillas y estampaciones.  Antes del taller, a las 16:30, alumnos y alumnas de guitarra de la Escuela de M\u00fasica Norberto Almandoz ofrecer\u00e1n una peque\u00f1a actuaci\u00f3n en Sagardoetxea.\" \/>\n<meta property=\"og:url\" content=\"https:\/\/sagardoarenlurraldea.eus\/es\/reservar\/uncategorized-eu\/taller-familiar-para-pintar-tote-bags-bolsas-de-tela-el-16-de-mayo\/\" \/>\n<meta property=\"og:site_name\" content=\"Sagardoaren Lurraldea\" \/>\n<meta property=\"article:publisher\" content=\"https:\/\/www.facebook.com\/sagardoarenlurraldea\" \/>\n<meta property=\"article:modified_time\" content=\"2026-04-17T14:14:34+00:00\" \/>\n<meta property=\"og:image\" content=\"https:\/\/sagardoarenlurraldea.eus\/wp-content\/uploads\/2026\/04\/IMG_2625-scaled.jpg\" \/>\n\t<meta property=\"og:image:width\" content=\"2560\" \/>\n\t<meta property=\"og:image:height\" content=\"2052\" \/>\n\t<meta property=\"og:image:type\" content=\"image\/jpeg\" \/>\n<meta name=\"twitter:card\" content=\"summary_large_image\" \/>\n<meta name=\"twitter:label1\" content=\"Tiempo de lectura\" \/>\n\t<meta name=\"twitter:data1\" content=\"1 minuto\" \/>\n<script type=\"application\/ld+json\" class=\"yoast-schema-graph\">{\"@context\":\"https:\/\/schema.org\",\"@graph\":[{\"@type\":\"WebPage\",\"@id\":\"https:\/\/sagardoarenlurraldea.eus\/es\/reservar\/uncategorized-eu\/taller-familiar-para-pintar-tote-bags-bolsas-de-tela-el-16-de-mayo\/\",\"url\":\"https:\/\/sagardoarenlurraldea.eus\/es\/reservar\/uncategorized-eu\/taller-familiar-para-pintar-tote-bags-bolsas-de-tela-el-16-de-mayo\/\",\"name\":\"Taller familiar para pintar tote bags (bolsas de tela) el 16 de mayo - Sagardoaren Lurraldea\",\"isPartOf\":{\"@id\":\"https:\/\/sagardoarenlurraldea.eus\/es\/#website\"},\"primaryImageOfPage\":{\"@id\":\"https:\/\/sagardoarenlurraldea.eus\/es\/reservar\/uncategorized-eu\/taller-familiar-para-pintar-tote-bags-bolsas-de-tela-el-16-de-mayo\/#primaryimage\"},\"image\":{\"@id\":\"https:\/\/sagardoarenlurraldea.eus\/es\/reservar\/uncategorized-eu\/taller-familiar-para-pintar-tote-bags-bolsas-de-tela-el-16-de-mayo\/#primaryimage\"},\"thumbnailUrl\":\"https:\/\/sagardoarenlurraldea.eus\/wp-content\/uploads\/2026\/04\/IMG_2625-scaled.jpg\",\"datePublished\":\"2026-04-16T11:12:14+00:00\",\"dateModified\":\"2026-04-17T14:14:34+00:00\",\"breadcrumb\":{\"@id\":\"https:\/\/sagardoarenlurraldea.eus\/es\/reservar\/uncategorized-eu\/taller-familiar-para-pintar-tote-bags-bolsas-de-tela-el-16-de-mayo\/#breadcrumb\"},\"inLanguage\":\"es\",\"potentialAction\":[{\"@type\":\"ReadAction\",\"target\":[\"https:\/\/sagardoarenlurraldea.eus\/es\/reservar\/uncategorized-eu\/taller-familiar-para-pintar-tote-bags-bolsas-de-tela-el-16-de-mayo\/\"]}]},{\"@type\":\"ImageObject\",\"inLanguage\":\"es\",\"@id\":\"https:\/\/sagardoarenlurraldea.eus\/es\/reservar\/uncategorized-eu\/taller-familiar-para-pintar-tote-bags-bolsas-de-tela-el-16-de-mayo\/#primaryimage\",\"url\":\"https:\/\/sagardoarenlurraldea.eus\/wp-content\/uploads\/2026\/04\/IMG_2625-scaled.jpg\",\"contentUrl\":\"https:\/\/sagardoarenlurraldea.eus\/wp-content\/uploads\/2026\/04\/IMG_2625-scaled.jpg\",\"width\":2560,\"height\":2052},{\"@type\":\"BreadcrumbList\",\"@id\":\"https:\/\/sagardoarenlurraldea.eus\/es\/reservar\/uncategorized-eu\/taller-familiar-para-pintar-tote-bags-bolsas-de-tela-el-16-de-mayo\/#breadcrumb\",\"itemListElement\":[{\"@type\":\"ListItem\",\"position\":1,\"name\":\"Inicio\",\"item\":\"https:\/\/sagardoarenlurraldea.eus\/es\/\"},{\"@type\":\"ListItem\",\"position\":2,\"name\":\"Reservar\",\"item\":\"https:\/\/sagardoarenlurraldea.eus\/es\/reservar\/\"},{\"@type\":\"ListItem\",\"position\":3,\"name\":\"Taller familiar para pintar tote bags (bolsas de tela) el 16 de mayo\"}]},{\"@type\":\"WebSite\",\"@id\":\"https:\/\/sagardoarenlurraldea.eus\/es\/#website\",\"url\":\"https:\/\/sagardoarenlurraldea.eus\/es\/\",\"name\":\"Sagardoaren Lurraldea\",\"description\":\"El territorio de la sidra\",\"potentialAction\":[{\"@type\":\"SearchAction\",\"target\":{\"@type\":\"EntryPoint\",\"urlTemplate\":\"https:\/\/sagardoarenlurraldea.eus\/es\/?s={search_term_string}\"},\"query-input\":{\"@type\":\"PropertyValueSpecification\",\"valueRequired\":true,\"valueName\":\"search_term_string\"}}],\"inLanguage\":\"es\"}]}<\/script>\n<!-- \/ Yoast SEO plugin. -->","yoast_head_json":{"title":"Taller familiar para pintar tote bags (bolsas de tela) el 16 de mayo - Sagardoaren Lurraldea","robots":{"index":"index","follow":"follow","max-snippet":"max-snippet:-1","max-image-preview":"max-image-preview:large","max-video-preview":"max-video-preview:-1"},"canonical":"https:\/\/sagardoarenlurraldea.eus\/es\/reservar\/uncategorized-eu\/taller-familiar-para-pintar-tote-bags-bolsas-de-tela-el-16-de-mayo\/","og_locale":"es_ES","og_type":"article","og_title":"Taller familiar para pintar tote bags (bolsas de tela) el 16 de mayo - Sagardoaren Lurraldea","og_description":"Con motivo del D\u00eda de los Museos, que se celebra el 18 de mayo, en Sagardoetxea hemos organizado este taller para familias que tendr\u00e1 lugar el 16 de mayo, s\u00e1bado.  Utilizando im\u00e1genes inspiradas en los\u00a0manzanos se crear\u00e1n los\u00a0dise\u00f1os\u00a0para\u00a0las\u00a0tote bags\u00a0y se pintar\u00e1n mediante plantillas y estampaciones.  Antes del taller, a las 16:30, alumnos y alumnas de guitarra de la Escuela de M\u00fasica Norberto Almandoz ofrecer\u00e1n una peque\u00f1a actuaci\u00f3n en Sagardoetxea.","og_url":"https:\/\/sagardoarenlurraldea.eus\/es\/reservar\/uncategorized-eu\/taller-familiar-para-pintar-tote-bags-bolsas-de-tela-el-16-de-mayo\/","og_site_name":"Sagardoaren Lurraldea","article_publisher":"https:\/\/www.facebook.com\/sagardoarenlurraldea","article_modified_time":"2026-04-17T14:14:34+00:00","og_image":[{"width":2560,"height":2052,"url":"https:\/\/sagardoarenlurraldea.eus\/wp-content\/uploads\/2026\/04\/IMG_2625-scaled.jpg","type":"image\/jpeg"}],"twitter_card":"summary_large_image","twitter_misc":{"Tiempo de lectura":"1 minuto"},"schema":{"@context":"https:\/\/schema.org","@graph":[{"@type":"WebPage","@id":"https:\/\/sagardoarenlurraldea.eus\/es\/reservar\/uncategorized-eu\/taller-familiar-para-pintar-tote-bags-bolsas-de-tela-el-16-de-mayo\/","url":"https:\/\/sagardoarenlurraldea.eus\/es\/reservar\/uncategorized-eu\/taller-familiar-para-pintar-tote-bags-bolsas-de-tela-el-16-de-mayo\/","name":"Taller familiar para pintar tote bags (bolsas de tela) el 16 de mayo - Sagardoaren Lurraldea","isPartOf":{"@id":"https:\/\/sagardoarenlurraldea.eus\/es\/#website"},"primaryImageOfPage":{"@id":"https:\/\/sagardoarenlurraldea.eus\/es\/reservar\/uncategorized-eu\/taller-familiar-para-pintar-tote-bags-bolsas-de-tela-el-16-de-mayo\/#primaryimage"},"image":{"@id":"https:\/\/sagardoarenlurraldea.eus\/es\/reservar\/uncategorized-eu\/taller-familiar-para-pintar-tote-bags-bolsas-de-tela-el-16-de-mayo\/#primaryimage"},"thumbnailUrl":"https:\/\/sagardoarenlurraldea.eus\/wp-content\/uploads\/2026\/04\/IMG_2625-scaled.jpg","datePublished":"2026-04-16T11:12:14+00:00","dateModified":"2026-04-17T14:14:34+00:00","breadcrumb":{"@id":"https:\/\/sagardoarenlurraldea.eus\/es\/reservar\/uncategorized-eu\/taller-familiar-para-pintar-tote-bags-bolsas-de-tela-el-16-de-mayo\/#breadcrumb"},"inLanguage":"es","potentialAction":[{"@type":"ReadAction","target":["https:\/\/sagardoarenlurraldea.eus\/es\/reservar\/uncategorized-eu\/taller-familiar-para-pintar-tote-bags-bolsas-de-tela-el-16-de-mayo\/"]}]},{"@type":"ImageObject","inLanguage":"es","@id":"https:\/\/sagardoarenlurraldea.eus\/es\/reservar\/uncategorized-eu\/taller-familiar-para-pintar-tote-bags-bolsas-de-tela-el-16-de-mayo\/#primaryimage","url":"https:\/\/sagardoarenlurraldea.eus\/wp-content\/uploads\/2026\/04\/IMG_2625-scaled.jpg","contentUrl":"https:\/\/sagardoarenlurraldea.eus\/wp-content\/uploads\/2026\/04\/IMG_2625-scaled.jpg","width":2560,"height":2052},{"@type":"BreadcrumbList","@id":"https:\/\/sagardoarenlurraldea.eus\/es\/reservar\/uncategorized-eu\/taller-familiar-para-pintar-tote-bags-bolsas-de-tela-el-16-de-mayo\/#breadcrumb","itemListElement":[{"@type":"ListItem","position":1,"name":"Inicio","item":"https:\/\/sagardoarenlurraldea.eus\/es\/"},{"@type":"ListItem","position":2,"name":"Reservar","item":"https:\/\/sagardoarenlurraldea.eus\/es\/reservar\/"},{"@type":"ListItem","position":3,"name":"Taller familiar para pintar tote bags (bolsas de tela) el 16 de mayo"}]},{"@type":"WebSite","@id":"https:\/\/sagardoarenlurraldea.eus\/es\/#website","url":"https:\/\/sagardoarenlurraldea.eus\/es\/","name":"Sagardoaren Lurraldea","description":"El territorio de la sidra","potentialAction":[{"@type":"SearchAction","target":{"@type":"EntryPoint","urlTemplate":"https:\/\/sagardoarenlurraldea.eus\/es\/?s={search_term_string}"},"query-input":{"@type":"PropertyValueSpecification","valueRequired":true,"valueName":"search_term_string"}}],"inLanguage":"es"}]}},"_links":{"self":[{"href":"https:\/\/sagardoarenlurraldea.eus\/es\/wp-json\/wp\/v2\/product\/307491","targetHints":{"allow":["GET"]}}],"collection":[{"href":"https:\/\/sagardoarenlurraldea.eus\/es\/wp-json\/wp\/v2\/product"}],"about":[{"href":"https:\/\/sagardoarenlurraldea.eus\/es\/wp-json\/wp\/v2\/types\/product"}],"replies":[{"embeddable":true,"href":"https:\/\/sagardoarenlurraldea.eus\/es\/wp-json\/wp\/v2\/comments?post=307491"}],"wp:featuredmedia":[{"embeddable":true,"href":"https:\/\/sagardoarenlurraldea.eus\/es\/wp-json\/wp\/v2\/media\/307499"}],"wp:attachment":[{"href":"https:\/\/sagardoarenlurraldea.eus\/es\/wp-json\/wp\/v2\/media?parent=307491"}],"wp:term":[{"taxonomy":"product_brand","embeddable":true,"href":"https:\/\/sagardoarenlurraldea.eus\/es\/wp-json\/wp\/v2\/product_brand?post=307491"},{"taxonomy":"product_cat","embeddable":true,"href":"https:\/\/sagardoarenlurraldea.eus\/es\/wp-json\/wp\/v2\/product_cat?post=307491"},{"taxonomy":"product_tag","embeddable":true,"href":"https:\/\/sagardoarenlurraldea.eus\/es\/wp-json\/wp\/v2\/product_tag?post=307491"}],"curies":[{"name":"wp","href":"https:\/\/api.w.org\/{rel}","templated":true}]}}