{"id":306775,"date":"2026-02-06T18:56:50","date_gmt":"2026-02-06T16:56:50","guid":{"rendered":"https:\/\/sagardoarenlurraldea.eus\/?post_type=product&#038;p=306775"},"modified":"2026-03-23T18:46:26","modified_gmt":"2026-03-23T16:46:26","slug":"aquarium-donostia-sagardoetxea-y-sidreria","status":"publish","type":"product","link":"https:\/\/sagardoarenlurraldea.eus\/es\/reservar\/experiencias\/020-sidra-y-mar\/aquarium-donostia-sagardoetxea-y-sidreria\/","title":{"rendered":"La sidra y el mar: Aquarium Donostia, Sagardoetxea y sidrer\u00eda"},"content":{"rendered":"<h2>Actividades que incluye la experiencia<\/h2>\n<ul>\n<li>Visita guiada del <strong>Aquarium Donostia-San Sebasti\u00e1n<\/strong>.<\/li>\n<li>Visita guiada de <strong>Sagardoetxea Museo de la Sidra Vasca<\/strong> y degustaci\u00f3n de sidra.<\/li>\n<li><strong>Comida\/Cena en una sidrer\u00eda tradicional<\/strong>. Men\u00fa adultos: Men\u00fa tradicional de sidrer\u00eda compuesto por tortilla de bacalao, bacalao frito con pimientos, chulet\u00f3n, queso con nueces y membrillo y sidra al txotx. Men\u00fa ni\u00f1os: tortilla, carne y helado.<br \/>\n<strong>NOTA<\/strong>: transporte no incluido. Si fuera necesario transporte, indicarlo en las observaciones de la reserva (siguiente paso).<\/li>\n<\/ul>\n<h2>Informaci\u00f3n pr\u00e1ctica<\/h2>\n<ul>\n<li><strong>Horarios<\/strong>: de martes a s\u00e1bado a las 10:00 y a las 16:00. Domingos y festivos a las 10:00.<\/li>\n<li><strong>Duraci\u00f3n<\/strong>: 5 horas.<\/li>\n<li><strong>\u00bfCuando se puede hacer?<\/strong>\u00a0De junio a septiembre.<\/li>\n<li><strong>\u00bfPara qui\u00e9n?<\/strong> Individual, grupos, familias y parejas.<\/li>\n<li><strong>Idiomas<\/strong>: castellano, euskera, franc\u00e9s e ingl\u00e9s.<strong>*Siempre con reserva previa.<\/strong><\/li>\n<li><strong>Punto de encuentro<\/strong>: Aquarium Donostia-San Sebasti\u00e1n (Plaza de Carlos Blasco Imaz, 1 &#8211; Donostia). Coordenadas GPS: 43.322785, -1.991578.<\/li>\n<li><strong>C\u00f3mo llegar<\/strong>:\n<ul>\n<li>En veh\u00edculo propio: aparcamiento en el paseo nuevo (C\/ Pasealeku berria) y en el parking del Boulevard (C\/ Alameda Boulevard). Tiempo estimado desde el aparcamiento: 10-15 min.<\/li>\n<\/ul>\n<\/li>\n<\/ul>\n<p><strong>NOTA IMPORTANTE:<\/strong> al realizar la reserva, no recibir\u00e1 las entradas por email. Su reserva se ha registrado en nuestro sistema de reservas, y solo debe acercarse al punto de encuentro el d\u00eda de la actividad y dar su nombre.<\/p>\n<h2>Tarifas<\/h2>\n<ul>\n<li><strong>Adultos<\/strong>: 67\u20ac (incluye visitas guiadas, paseo en barco y comida\/cena en sidrer\u00eda).<\/li>\n<li><strong>Ni\u00f1os:<\/strong>\n<ul>\n<li><strong>Ni\u00f1os de 0-6 a\u00f1os<\/strong>: 30,50\u20ac (con men\u00fa especial)<\/li>\n<li><strong>Ni\u00f1os de 7-17 a\u00f1os<\/strong>: 33\u20ac (con men\u00fa especial)<\/li>\n<\/ul>\n<\/li>\n<\/ul>\n<h2>Lo mejor<\/h2>\n<ul>\n<li>Descubrir el viaje sorprendente para la caza de las ballenas.<\/li>\n<li>Disfrutar de la visita y de la comida en sidrer\u00eda.<\/li>\n<\/ul>\n<p>&nbsp;<\/p>\n","protected":false},"excerpt":{"rendered":"<p>Revive la aventura de la caza de las ballenas visitando el <a href=\"https:\/\/aquariumss.com\/\">Aquarium de Donostia-San Sebasti\u00e1n<\/a> y descubre el tama\u00f1o que tiene el esqueleto de un cetaceo de verdad. \u00bfSab\u00edas que la sidra est\u00e1 muy vinculada al mar? En el museo <a href=\"https:\/\/sagardoarenlurraldea.eus\/es\/museo-de-la-sidra\/sagardoetxea-el-museo\/\">Sagardoetxea<\/a> te explicar\u00e1n cual era el secreto de los marineros para evitar el escorbuto. Para finalizar la jornada, saborea de la gastronom\u00eda local en una sidrer\u00eda.<\/p>\n","protected":false},"featured_media":1767,"comment_status":"open","ping_status":"closed","template":"","meta":{"_acf_changed":false,"_et_pb_use_builder":"","_et_pb_old_content":"","_et_gb_content_width":""},"product_brand":[],"product_cat":[45,144],"product_tag":[154,151,152],"class_list":{"0":"post-306775","1":"product","2":"type-product","3":"status-publish","4":"has-post-thumbnail","6":"product_cat-experiencias","7":"product_cat-020-sidra-y-mar","8":"product_tag-disponible-junio-septiembre","9":"product_tag-actividad-matutina","10":"product_tag-actividad-vespertina","12":"first","13":"instock","14":"virtual","15":"sold-individually","16":"purchasable","17":"product-type-booking"},"exclude_global_add_ons":false,"addons":[{"name":"Sidrer\u00edas disponibles","type":"select","position":0,"required":false,"title_format":"label","default":"","description_enable":false,"description":"Elige la sidrer\u00eda que m\u00e1s te guste. De todos modos, la asignaci\u00f3n de sidrer\u00eda definitiva se te comunicar\u00e1 por e-mail, de acuerdo a la disponibilidad y horarios.","placeholder_enable":false,"placeholder":"","display":"select","restrictions_type":"any_text","adjust_price":false,"price":"","price_type":"flat_fee","restrictions":false,"min":"0","max":"0","options":[],"id":1770405445},{"name":"Servicio de gu\u00eda en idiomas","type":"select","position":1,"required":false,"title_format":"label","default":"","description_enable":false,"description":"","placeholder_enable":false,"placeholder":"","display":"select","restrictions_type":"any_text","adjust_price":false,"price":"","price_type":"flat_fee","restrictions":false,"min":"0","max":"0","options":[],"id":1770405446}],"acf":[],"yoast_head":"<!-- This site is optimized with the Yoast SEO plugin v25.4 - https:\/\/yoast.com\/wordpress\/plugins\/seo\/ -->\n<title>La sidra y el mar: Aquarium Donostia, Sagardoetxea y sidrer\u00eda - Sagardoaren Lurraldea<\/title>\n<meta name=\"robots\" content=\"index, follow, max-snippet:-1, max-image-preview:large, max-video-preview:-1\" \/>\n<link rel=\"canonical\" href=\"https:\/\/sagardoarenlurraldea.eus\/es\/reservar\/experiencias\/020-sidra-y-mar\/aquarium-donostia-sagardoetxea-y-sidreria\/\" \/>\n<meta property=\"og:locale\" content=\"es_ES\" \/>\n<meta property=\"og:type\" content=\"article\" \/>\n<meta property=\"og:title\" content=\"La sidra y el mar: Aquarium Donostia, Sagardoetxea y sidrer\u00eda - Sagardoaren Lurraldea\" \/>\n<meta property=\"og:description\" content=\"Revive la aventura de la caza de las ballenas visitando el Aquarium de Donostia-San Sebasti\u00e1n y descubre el tama\u00f1o que tiene el esqueleto de un cetaceo de verdad. \u00bfSab\u00edas que la sidra est\u00e1 muy vinculada al mar? En el museo Sagardoetxea te explicar\u00e1n cual era el secreto de los marineros para evitar el escorbuto. Para finalizar la jornada, saborea de la gastronom\u00eda local en una sidrer\u00eda.\" \/>\n<meta property=\"og:url\" content=\"https:\/\/sagardoarenlurraldea.eus\/es\/reservar\/experiencias\/020-sidra-y-mar\/aquarium-donostia-sagardoetxea-y-sidreria\/\" \/>\n<meta property=\"og:site_name\" content=\"Sagardoaren Lurraldea\" \/>\n<meta property=\"article:publisher\" content=\"https:\/\/www.facebook.com\/sagardoarenlurraldea\" \/>\n<meta property=\"article:modified_time\" content=\"2026-03-23T16:46:26+00:00\" \/>\n<meta property=\"og:image\" content=\"https:\/\/sagardoarenlurraldea.eus\/wp-content\/uploads\/2016\/08\/EXPSIDRAMARAQUA-F10.jpg\" \/>\n\t<meta property=\"og:image:width\" content=\"900\" \/>\n\t<meta property=\"og:image:height\" content=\"600\" \/>\n\t<meta property=\"og:image:type\" content=\"image\/jpeg\" \/>\n<meta name=\"twitter:card\" content=\"summary_large_image\" \/>\n<meta name=\"twitter:label1\" content=\"Tiempo de lectura\" \/>\n\t<meta name=\"twitter:data1\" content=\"2 minutos\" \/>\n<script type=\"application\/ld+json\" class=\"yoast-schema-graph\">{\"@context\":\"https:\/\/schema.org\",\"@graph\":[{\"@type\":\"WebPage\",\"@id\":\"https:\/\/sagardoarenlurraldea.eus\/es\/reservar\/experiencias\/020-sidra-y-mar\/aquarium-donostia-sagardoetxea-y-sidreria\/\",\"url\":\"https:\/\/sagardoarenlurraldea.eus\/es\/reservar\/experiencias\/020-sidra-y-mar\/aquarium-donostia-sagardoetxea-y-sidreria\/\",\"name\":\"La sidra y el mar: Aquarium Donostia, Sagardoetxea y sidrer\u00eda - Sagardoaren Lurraldea\",\"isPartOf\":{\"@id\":\"https:\/\/sagardoarenlurraldea.eus\/es\/#website\"},\"primaryImageOfPage\":{\"@id\":\"https:\/\/sagardoarenlurraldea.eus\/es\/reservar\/experiencias\/020-sidra-y-mar\/aquarium-donostia-sagardoetxea-y-sidreria\/#primaryimage\"},\"image\":{\"@id\":\"https:\/\/sagardoarenlurraldea.eus\/es\/reservar\/experiencias\/020-sidra-y-mar\/aquarium-donostia-sagardoetxea-y-sidreria\/#primaryimage\"},\"thumbnailUrl\":\"https:\/\/sagardoarenlurraldea.eus\/wp-content\/uploads\/2016\/08\/EXPSIDRAMARAQUA-F10.jpg\",\"datePublished\":\"2026-02-06T16:56:50+00:00\",\"dateModified\":\"2026-03-23T16:46:26+00:00\",\"breadcrumb\":{\"@id\":\"https:\/\/sagardoarenlurraldea.eus\/es\/reservar\/experiencias\/020-sidra-y-mar\/aquarium-donostia-sagardoetxea-y-sidreria\/#breadcrumb\"},\"inLanguage\":\"es\",\"potentialAction\":[{\"@type\":\"ReadAction\",\"target\":[\"https:\/\/sagardoarenlurraldea.eus\/es\/reservar\/experiencias\/020-sidra-y-mar\/aquarium-donostia-sagardoetxea-y-sidreria\/\"]}]},{\"@type\":\"ImageObject\",\"inLanguage\":\"es\",\"@id\":\"https:\/\/sagardoarenlurraldea.eus\/es\/reservar\/experiencias\/020-sidra-y-mar\/aquarium-donostia-sagardoetxea-y-sidreria\/#primaryimage\",\"url\":\"https:\/\/sagardoarenlurraldea.eus\/wp-content\/uploads\/2016\/08\/EXPSIDRAMARAQUA-F10.jpg\",\"contentUrl\":\"https:\/\/sagardoarenlurraldea.eus\/wp-content\/uploads\/2016\/08\/EXPSIDRAMARAQUA-F10.jpg\",\"width\":900,\"height\":600,\"caption\":\"Visita al Aquarium Donostia-San Sebasti\u00e1n\"},{\"@type\":\"BreadcrumbList\",\"@id\":\"https:\/\/sagardoarenlurraldea.eus\/es\/reservar\/experiencias\/020-sidra-y-mar\/aquarium-donostia-sagardoetxea-y-sidreria\/#breadcrumb\",\"itemListElement\":[{\"@type\":\"ListItem\",\"position\":1,\"name\":\"Inicio\",\"item\":\"https:\/\/sagardoarenlurraldea.eus\/es\/\"},{\"@type\":\"ListItem\",\"position\":2,\"name\":\"Reservar\",\"item\":\"https:\/\/sagardoarenlurraldea.eus\/es\/reservar\/\"},{\"@type\":\"ListItem\",\"position\":3,\"name\":\"La sidra y el mar: Aquarium Donostia, Sagardoetxea y sidrer\u00eda\"}]},{\"@type\":\"WebSite\",\"@id\":\"https:\/\/sagardoarenlurraldea.eus\/es\/#website\",\"url\":\"https:\/\/sagardoarenlurraldea.eus\/es\/\",\"name\":\"Sagardoaren Lurraldea\",\"description\":\"El territorio de la sidra\",\"potentialAction\":[{\"@type\":\"SearchAction\",\"target\":{\"@type\":\"EntryPoint\",\"urlTemplate\":\"https:\/\/sagardoarenlurraldea.eus\/es\/?s={search_term_string}\"},\"query-input\":{\"@type\":\"PropertyValueSpecification\",\"valueRequired\":true,\"valueName\":\"search_term_string\"}}],\"inLanguage\":\"es\"}]}<\/script>\n<!-- \/ Yoast SEO plugin. -->","yoast_head_json":{"title":"La sidra y el mar: Aquarium Donostia, Sagardoetxea y sidrer\u00eda - Sagardoaren Lurraldea","robots":{"index":"index","follow":"follow","max-snippet":"max-snippet:-1","max-image-preview":"max-image-preview:large","max-video-preview":"max-video-preview:-1"},"canonical":"https:\/\/sagardoarenlurraldea.eus\/es\/reservar\/experiencias\/020-sidra-y-mar\/aquarium-donostia-sagardoetxea-y-sidreria\/","og_locale":"es_ES","og_type":"article","og_title":"La sidra y el mar: Aquarium Donostia, Sagardoetxea y sidrer\u00eda - Sagardoaren Lurraldea","og_description":"Revive la aventura de la caza de las ballenas visitando el Aquarium de Donostia-San Sebasti\u00e1n y descubre el tama\u00f1o que tiene el esqueleto de un cetaceo de verdad. \u00bfSab\u00edas que la sidra est\u00e1 muy vinculada al mar? En el museo Sagardoetxea te explicar\u00e1n cual era el secreto de los marineros para evitar el escorbuto. Para finalizar la jornada, saborea de la gastronom\u00eda local en una sidrer\u00eda.","og_url":"https:\/\/sagardoarenlurraldea.eus\/es\/reservar\/experiencias\/020-sidra-y-mar\/aquarium-donostia-sagardoetxea-y-sidreria\/","og_site_name":"Sagardoaren Lurraldea","article_publisher":"https:\/\/www.facebook.com\/sagardoarenlurraldea","article_modified_time":"2026-03-23T16:46:26+00:00","og_image":[{"width":900,"height":600,"url":"https:\/\/sagardoarenlurraldea.eus\/wp-content\/uploads\/2016\/08\/EXPSIDRAMARAQUA-F10.jpg","type":"image\/jpeg"}],"twitter_card":"summary_large_image","twitter_misc":{"Tiempo de lectura":"2 minutos"},"schema":{"@context":"https:\/\/schema.org","@graph":[{"@type":"WebPage","@id":"https:\/\/sagardoarenlurraldea.eus\/es\/reservar\/experiencias\/020-sidra-y-mar\/aquarium-donostia-sagardoetxea-y-sidreria\/","url":"https:\/\/sagardoarenlurraldea.eus\/es\/reservar\/experiencias\/020-sidra-y-mar\/aquarium-donostia-sagardoetxea-y-sidreria\/","name":"La sidra y el mar: Aquarium Donostia, Sagardoetxea y sidrer\u00eda - Sagardoaren Lurraldea","isPartOf":{"@id":"https:\/\/sagardoarenlurraldea.eus\/es\/#website"},"primaryImageOfPage":{"@id":"https:\/\/sagardoarenlurraldea.eus\/es\/reservar\/experiencias\/020-sidra-y-mar\/aquarium-donostia-sagardoetxea-y-sidreria\/#primaryimage"},"image":{"@id":"https:\/\/sagardoarenlurraldea.eus\/es\/reservar\/experiencias\/020-sidra-y-mar\/aquarium-donostia-sagardoetxea-y-sidreria\/#primaryimage"},"thumbnailUrl":"https:\/\/sagardoarenlurraldea.eus\/wp-content\/uploads\/2016\/08\/EXPSIDRAMARAQUA-F10.jpg","datePublished":"2026-02-06T16:56:50+00:00","dateModified":"2026-03-23T16:46:26+00:00","breadcrumb":{"@id":"https:\/\/sagardoarenlurraldea.eus\/es\/reservar\/experiencias\/020-sidra-y-mar\/aquarium-donostia-sagardoetxea-y-sidreria\/#breadcrumb"},"inLanguage":"es","potentialAction":[{"@type":"ReadAction","target":["https:\/\/sagardoarenlurraldea.eus\/es\/reservar\/experiencias\/020-sidra-y-mar\/aquarium-donostia-sagardoetxea-y-sidreria\/"]}]},{"@type":"ImageObject","inLanguage":"es","@id":"https:\/\/sagardoarenlurraldea.eus\/es\/reservar\/experiencias\/020-sidra-y-mar\/aquarium-donostia-sagardoetxea-y-sidreria\/#primaryimage","url":"https:\/\/sagardoarenlurraldea.eus\/wp-content\/uploads\/2016\/08\/EXPSIDRAMARAQUA-F10.jpg","contentUrl":"https:\/\/sagardoarenlurraldea.eus\/wp-content\/uploads\/2016\/08\/EXPSIDRAMARAQUA-F10.jpg","width":900,"height":600,"caption":"Visita al Aquarium Donostia-San Sebasti\u00e1n"},{"@type":"BreadcrumbList","@id":"https:\/\/sagardoarenlurraldea.eus\/es\/reservar\/experiencias\/020-sidra-y-mar\/aquarium-donostia-sagardoetxea-y-sidreria\/#breadcrumb","itemListElement":[{"@type":"ListItem","position":1,"name":"Inicio","item":"https:\/\/sagardoarenlurraldea.eus\/es\/"},{"@type":"ListItem","position":2,"name":"Reservar","item":"https:\/\/sagardoarenlurraldea.eus\/es\/reservar\/"},{"@type":"ListItem","position":3,"name":"La sidra y el mar: Aquarium Donostia, Sagardoetxea y sidrer\u00eda"}]},{"@type":"WebSite","@id":"https:\/\/sagardoarenlurraldea.eus\/es\/#website","url":"https:\/\/sagardoarenlurraldea.eus\/es\/","name":"Sagardoaren Lurraldea","description":"El territorio de la sidra","potentialAction":[{"@type":"SearchAction","target":{"@type":"EntryPoint","urlTemplate":"https:\/\/sagardoarenlurraldea.eus\/es\/?s={search_term_string}"},"query-input":{"@type":"PropertyValueSpecification","valueRequired":true,"valueName":"search_term_string"}}],"inLanguage":"es"}]}},"_links":{"self":[{"href":"https:\/\/sagardoarenlurraldea.eus\/es\/wp-json\/wp\/v2\/product\/306775","targetHints":{"allow":["GET"]}}],"collection":[{"href":"https:\/\/sagardoarenlurraldea.eus\/es\/wp-json\/wp\/v2\/product"}],"about":[{"href":"https:\/\/sagardoarenlurraldea.eus\/es\/wp-json\/wp\/v2\/types\/product"}],"replies":[{"embeddable":true,"href":"https:\/\/sagardoarenlurraldea.eus\/es\/wp-json\/wp\/v2\/comments?post=306775"}],"wp:featuredmedia":[{"embeddable":true,"href":"https:\/\/sagardoarenlurraldea.eus\/es\/wp-json\/wp\/v2\/media\/1767"}],"wp:attachment":[{"href":"https:\/\/sagardoarenlurraldea.eus\/es\/wp-json\/wp\/v2\/media?parent=306775"}],"wp:term":[{"taxonomy":"product_brand","embeddable":true,"href":"https:\/\/sagardoarenlurraldea.eus\/es\/wp-json\/wp\/v2\/product_brand?post=306775"},{"taxonomy":"product_cat","embeddable":true,"href":"https:\/\/sagardoarenlurraldea.eus\/es\/wp-json\/wp\/v2\/product_cat?post=306775"},{"taxonomy":"product_tag","embeddable":true,"href":"https:\/\/sagardoarenlurraldea.eus\/es\/wp-json\/wp\/v2\/product_tag?post=306775"}],"curies":[{"name":"wp","href":"https:\/\/api.w.org\/{rel}","templated":true}]}}