{"id":305357,"date":"2025-09-30T14:32:56","date_gmt":"2025-09-30T12:32:56","guid":{"rendered":"https:\/\/sagardoarenlurraldea.eus\/?post_type=product&#038;p=305357"},"modified":"2025-11-12T19:57:58","modified_gmt":"2025-11-12T17:57:58","slug":"cata-guiada-sidras-sin-alcohol","status":"publish","type":"product","link":"https:\/\/sagardoarenlurraldea.eus\/es\/reservar\/sagardo-forum\/cata-guiada-sidras-sin-alcohol\/","title":{"rendered":"22 de noviembre: Cata guiada &#8216;Sidras sin alcohol&#8217;"},"content":{"rendered":"","protected":false},"excerpt":{"rendered":"<p>Cata guida que se va a celebrar durante la <a href=\"https:\/\/sagardoarenlurraldea.eus\/es\/sagardo-forum\/feria-internacional-de-sidra\/\" data-cke-saved-href=\"https:\/\/sagardoarenlurraldea.eus\/es\/sagardo-forum\/feria-internacional-de-sidra\/\">Feria Internacional de Sidra<\/a> del <strong>VI Sagardo Forum:<\/strong><\/p>\n<p><strong>-D\u00eda<\/strong>: 22 de noviembre<\/p>\n<p><strong>-Hora:<\/strong> 12:00<\/p>\n<p><strong>-Lugar: <\/strong>Basque Culinary Center.<\/p>\n<p><strong>*Nota:<\/strong>\u00a0la cata es gratuita, pero es imprescindible comprar una <a href=\"https:\/\/sagardoarenlurraldea.eus\/es\/reservar\/sagardo-forum\/feria\/\" data-cke-saved-href=\"https:\/\/sagardoarenlurraldea.eus\/es\/reservar\/sagardo-forum\/feria\/\">entrada para la Feria.\u00a0<\/a>Adem\u00e1s, las personas que se inscriban no recibir\u00e1n la entrada por correo electr\u00f3nico, sino que deben acudir directamente a la cata y facilitar su nombre. De plus, les personnes inscrites ne recevront pas leur billet par courriel, mais devront se rendre directement \u00e0 la d\u00e9gustation et indiquer leur nom.<\/p>\n","protected":false},"featured_media":305360,"comment_status":"open","ping_status":"closed","template":"","meta":{"_acf_changed":false,"_et_pb_use_builder":"","_et_pb_old_content":"","_et_gb_content_width":""},"product_brand":[],"product_cat":[2674],"product_tag":[],"class_list":{"0":"post-305357","1":"product","2":"type-product","3":"status-publish","4":"has-post-thumbnail","6":"product_cat-sagardo-forum","8":"first","9":"instock","10":"shipping-taxable","11":"product-type-simple"},"exclude_global_add_ons":[],"addons":[],"acf":[],"yoast_head":"<!-- This site is optimized with the Yoast SEO plugin v25.4 - https:\/\/yoast.com\/wordpress\/plugins\/seo\/ -->\n<title>22 de noviembre: Cata guiada &#039;Sidras sin alcohol&#039; - Sagardoaren Lurraldea<\/title>\n<meta name=\"robots\" content=\"index, follow, max-snippet:-1, max-image-preview:large, max-video-preview:-1\" \/>\n<link rel=\"canonical\" href=\"https:\/\/sagardoarenlurraldea.eus\/es\/reservar\/sagardo-forum\/cata-guiada-sidras-sin-alcohol\/\" \/>\n<meta property=\"og:locale\" content=\"es_ES\" \/>\n<meta property=\"og:type\" content=\"article\" \/>\n<meta property=\"og:title\" content=\"22 de noviembre: Cata guiada &#039;Sidras sin alcohol&#039; - Sagardoaren Lurraldea\" \/>\n<meta property=\"og:description\" content=\"Cata guida que se va a celebrar durante la Feria Internacional de Sidra del VI Sagardo Forum:  -D\u00eda: 22 de noviembre  -Hora: 12:00  -Lugar: Basque Culinary Center.  *Nota:\u00a0la cata es gratuita, pero es imprescindible comprar una entrada para la Feria.\u00a0Adem\u00e1s, las personas que se inscriban no recibir\u00e1n la entrada por correo electr\u00f3nico, sino que deben acudir directamente a la cata y facilitar su nombre. De plus, les personnes inscrites ne recevront pas leur billet par courriel, mais devront se rendre directement \u00e0 la d\u00e9gustation et indiquer leur nom.\" \/>\n<meta property=\"og:url\" content=\"https:\/\/sagardoarenlurraldea.eus\/es\/reservar\/sagardo-forum\/cata-guiada-sidras-sin-alcohol\/\" \/>\n<meta property=\"og:site_name\" content=\"Sagardoaren Lurraldea\" \/>\n<meta property=\"article:publisher\" content=\"https:\/\/www.facebook.com\/sagardoarenlurraldea\" \/>\n<meta property=\"article:modified_time\" content=\"2025-11-12T17:57:58+00:00\" \/>\n<meta property=\"og:image\" content=\"https:\/\/sagardoarenlurraldea.eus\/wp-content\/uploads\/2025\/11\/Azoka-398x391-1.jpg\" \/>\n\t<meta property=\"og:image:width\" content=\"398\" \/>\n\t<meta property=\"og:image:height\" content=\"391\" \/>\n\t<meta property=\"og:image:type\" content=\"image\/jpeg\" \/>\n<meta name=\"twitter:card\" content=\"summary_large_image\" \/>\n<script type=\"application\/ld+json\" class=\"yoast-schema-graph\">{\"@context\":\"https:\/\/schema.org\",\"@graph\":[{\"@type\":\"WebPage\",\"@id\":\"https:\/\/sagardoarenlurraldea.eus\/es\/reservar\/sagardo-forum\/cata-guiada-sidras-sin-alcohol\/\",\"url\":\"https:\/\/sagardoarenlurraldea.eus\/es\/reservar\/sagardo-forum\/cata-guiada-sidras-sin-alcohol\/\",\"name\":\"22 de noviembre: Cata guiada 'Sidras sin alcohol' - Sagardoaren Lurraldea\",\"isPartOf\":{\"@id\":\"https:\/\/sagardoarenlurraldea.eus\/es\/#website\"},\"primaryImageOfPage\":{\"@id\":\"https:\/\/sagardoarenlurraldea.eus\/es\/reservar\/sagardo-forum\/cata-guiada-sidras-sin-alcohol\/#primaryimage\"},\"image\":{\"@id\":\"https:\/\/sagardoarenlurraldea.eus\/es\/reservar\/sagardo-forum\/cata-guiada-sidras-sin-alcohol\/#primaryimage\"},\"thumbnailUrl\":\"https:\/\/sagardoarenlurraldea.eus\/wp-content\/uploads\/2025\/11\/Azoka-398x391-1.jpg\",\"datePublished\":\"2025-09-30T12:32:56+00:00\",\"dateModified\":\"2025-11-12T17:57:58+00:00\",\"breadcrumb\":{\"@id\":\"https:\/\/sagardoarenlurraldea.eus\/es\/reservar\/sagardo-forum\/cata-guiada-sidras-sin-alcohol\/#breadcrumb\"},\"inLanguage\":\"es\",\"potentialAction\":[{\"@type\":\"ReadAction\",\"target\":[\"https:\/\/sagardoarenlurraldea.eus\/es\/reservar\/sagardo-forum\/cata-guiada-sidras-sin-alcohol\/\"]}]},{\"@type\":\"ImageObject\",\"inLanguage\":\"es\",\"@id\":\"https:\/\/sagardoarenlurraldea.eus\/es\/reservar\/sagardo-forum\/cata-guiada-sidras-sin-alcohol\/#primaryimage\",\"url\":\"https:\/\/sagardoarenlurraldea.eus\/wp-content\/uploads\/2025\/11\/Azoka-398x391-1.jpg\",\"contentUrl\":\"https:\/\/sagardoarenlurraldea.eus\/wp-content\/uploads\/2025\/11\/Azoka-398x391-1.jpg\",\"width\":398,\"height\":391},{\"@type\":\"BreadcrumbList\",\"@id\":\"https:\/\/sagardoarenlurraldea.eus\/es\/reservar\/sagardo-forum\/cata-guiada-sidras-sin-alcohol\/#breadcrumb\",\"itemListElement\":[{\"@type\":\"ListItem\",\"position\":1,\"name\":\"Inicio\",\"item\":\"https:\/\/sagardoarenlurraldea.eus\/es\/\"},{\"@type\":\"ListItem\",\"position\":2,\"name\":\"Reservar\",\"item\":\"https:\/\/sagardoarenlurraldea.eus\/es\/reservar\/\"},{\"@type\":\"ListItem\",\"position\":3,\"name\":\"22 de noviembre: Cata guiada &#8216;Sidras sin alcohol&#8217;\"}]},{\"@type\":\"WebSite\",\"@id\":\"https:\/\/sagardoarenlurraldea.eus\/es\/#website\",\"url\":\"https:\/\/sagardoarenlurraldea.eus\/es\/\",\"name\":\"Sagardoaren Lurraldea\",\"description\":\"El territorio de la sidra\",\"potentialAction\":[{\"@type\":\"SearchAction\",\"target\":{\"@type\":\"EntryPoint\",\"urlTemplate\":\"https:\/\/sagardoarenlurraldea.eus\/es\/?s={search_term_string}\"},\"query-input\":{\"@type\":\"PropertyValueSpecification\",\"valueRequired\":true,\"valueName\":\"search_term_string\"}}],\"inLanguage\":\"es\"}]}<\/script>\n<!-- \/ Yoast SEO plugin. -->","yoast_head_json":{"title":"22 de noviembre: Cata guiada 'Sidras sin alcohol' - Sagardoaren Lurraldea","robots":{"index":"index","follow":"follow","max-snippet":"max-snippet:-1","max-image-preview":"max-image-preview:large","max-video-preview":"max-video-preview:-1"},"canonical":"https:\/\/sagardoarenlurraldea.eus\/es\/reservar\/sagardo-forum\/cata-guiada-sidras-sin-alcohol\/","og_locale":"es_ES","og_type":"article","og_title":"22 de noviembre: Cata guiada 'Sidras sin alcohol' - Sagardoaren Lurraldea","og_description":"Cata guida que se va a celebrar durante la Feria Internacional de Sidra del VI Sagardo Forum:  -D\u00eda: 22 de noviembre  -Hora: 12:00  -Lugar: Basque Culinary Center.  *Nota:\u00a0la cata es gratuita, pero es imprescindible comprar una entrada para la Feria.\u00a0Adem\u00e1s, las personas que se inscriban no recibir\u00e1n la entrada por correo electr\u00f3nico, sino que deben acudir directamente a la cata y facilitar su nombre. De plus, les personnes inscrites ne recevront pas leur billet par courriel, mais devront se rendre directement \u00e0 la d\u00e9gustation et indiquer leur nom.","og_url":"https:\/\/sagardoarenlurraldea.eus\/es\/reservar\/sagardo-forum\/cata-guiada-sidras-sin-alcohol\/","og_site_name":"Sagardoaren Lurraldea","article_publisher":"https:\/\/www.facebook.com\/sagardoarenlurraldea","article_modified_time":"2025-11-12T17:57:58+00:00","og_image":[{"width":398,"height":391,"url":"https:\/\/sagardoarenlurraldea.eus\/wp-content\/uploads\/2025\/11\/Azoka-398x391-1.jpg","type":"image\/jpeg"}],"twitter_card":"summary_large_image","schema":{"@context":"https:\/\/schema.org","@graph":[{"@type":"WebPage","@id":"https:\/\/sagardoarenlurraldea.eus\/es\/reservar\/sagardo-forum\/cata-guiada-sidras-sin-alcohol\/","url":"https:\/\/sagardoarenlurraldea.eus\/es\/reservar\/sagardo-forum\/cata-guiada-sidras-sin-alcohol\/","name":"22 de noviembre: Cata guiada 'Sidras sin alcohol' - Sagardoaren Lurraldea","isPartOf":{"@id":"https:\/\/sagardoarenlurraldea.eus\/es\/#website"},"primaryImageOfPage":{"@id":"https:\/\/sagardoarenlurraldea.eus\/es\/reservar\/sagardo-forum\/cata-guiada-sidras-sin-alcohol\/#primaryimage"},"image":{"@id":"https:\/\/sagardoarenlurraldea.eus\/es\/reservar\/sagardo-forum\/cata-guiada-sidras-sin-alcohol\/#primaryimage"},"thumbnailUrl":"https:\/\/sagardoarenlurraldea.eus\/wp-content\/uploads\/2025\/11\/Azoka-398x391-1.jpg","datePublished":"2025-09-30T12:32:56+00:00","dateModified":"2025-11-12T17:57:58+00:00","breadcrumb":{"@id":"https:\/\/sagardoarenlurraldea.eus\/es\/reservar\/sagardo-forum\/cata-guiada-sidras-sin-alcohol\/#breadcrumb"},"inLanguage":"es","potentialAction":[{"@type":"ReadAction","target":["https:\/\/sagardoarenlurraldea.eus\/es\/reservar\/sagardo-forum\/cata-guiada-sidras-sin-alcohol\/"]}]},{"@type":"ImageObject","inLanguage":"es","@id":"https:\/\/sagardoarenlurraldea.eus\/es\/reservar\/sagardo-forum\/cata-guiada-sidras-sin-alcohol\/#primaryimage","url":"https:\/\/sagardoarenlurraldea.eus\/wp-content\/uploads\/2025\/11\/Azoka-398x391-1.jpg","contentUrl":"https:\/\/sagardoarenlurraldea.eus\/wp-content\/uploads\/2025\/11\/Azoka-398x391-1.jpg","width":398,"height":391},{"@type":"BreadcrumbList","@id":"https:\/\/sagardoarenlurraldea.eus\/es\/reservar\/sagardo-forum\/cata-guiada-sidras-sin-alcohol\/#breadcrumb","itemListElement":[{"@type":"ListItem","position":1,"name":"Inicio","item":"https:\/\/sagardoarenlurraldea.eus\/es\/"},{"@type":"ListItem","position":2,"name":"Reservar","item":"https:\/\/sagardoarenlurraldea.eus\/es\/reservar\/"},{"@type":"ListItem","position":3,"name":"22 de noviembre: Cata guiada &#8216;Sidras sin alcohol&#8217;"}]},{"@type":"WebSite","@id":"https:\/\/sagardoarenlurraldea.eus\/es\/#website","url":"https:\/\/sagardoarenlurraldea.eus\/es\/","name":"Sagardoaren Lurraldea","description":"El territorio de la sidra","potentialAction":[{"@type":"SearchAction","target":{"@type":"EntryPoint","urlTemplate":"https:\/\/sagardoarenlurraldea.eus\/es\/?s={search_term_string}"},"query-input":{"@type":"PropertyValueSpecification","valueRequired":true,"valueName":"search_term_string"}}],"inLanguage":"es"}]}},"_links":{"self":[{"href":"https:\/\/sagardoarenlurraldea.eus\/es\/wp-json\/wp\/v2\/product\/305357","targetHints":{"allow":["GET"]}}],"collection":[{"href":"https:\/\/sagardoarenlurraldea.eus\/es\/wp-json\/wp\/v2\/product"}],"about":[{"href":"https:\/\/sagardoarenlurraldea.eus\/es\/wp-json\/wp\/v2\/types\/product"}],"replies":[{"embeddable":true,"href":"https:\/\/sagardoarenlurraldea.eus\/es\/wp-json\/wp\/v2\/comments?post=305357"}],"wp:featuredmedia":[{"embeddable":true,"href":"https:\/\/sagardoarenlurraldea.eus\/es\/wp-json\/wp\/v2\/media\/305360"}],"wp:attachment":[{"href":"https:\/\/sagardoarenlurraldea.eus\/es\/wp-json\/wp\/v2\/media?parent=305357"}],"wp:term":[{"taxonomy":"product_brand","embeddable":true,"href":"https:\/\/sagardoarenlurraldea.eus\/es\/wp-json\/wp\/v2\/product_brand?post=305357"},{"taxonomy":"product_cat","embeddable":true,"href":"https:\/\/sagardoarenlurraldea.eus\/es\/wp-json\/wp\/v2\/product_cat?post=305357"},{"taxonomy":"product_tag","embeddable":true,"href":"https:\/\/sagardoarenlurraldea.eus\/es\/wp-json\/wp\/v2\/product_tag?post=305357"}],"curies":[{"name":"wp","href":"https:\/\/api.w.org\/{rel}","templated":true}]}}