{"id":303917,"date":"2025-10-22T10:53:54","date_gmt":"2025-10-22T08:53:54","guid":{"rendered":"https:\/\/sagardoarenlurraldea.eus\/?post_type=product&#038;p=303917"},"modified":"2025-11-03T18:02:50","modified_gmt":"2025-11-03T16:02:50","slug":"20-de-noviembre-jornadas-tecnicas-copia","status":"publish","type":"product","link":"https:\/\/sagardoarenlurraldea.eus\/es\/reservar\/sagardo-forum\/20-de-noviembre-jornadas-tecnicas-copia\/","title":{"rendered":"21 de noviembre: Jornadas t\u00e9cnicas"},"content":{"rendered":"","protected":false},"excerpt":{"rendered":"<p>Jornadas t\u00e9cnicas del <a href=\"https:\/\/sagardoarenlurraldea.eus\/es\/sagardo-forum\/informacion-general\/\">VI Sagardo Forum<\/a>:<\/p>\n<ul>\n<li><strong>Fecha<\/strong>: 21 de noviembre de 2025 (viernes)<\/li>\n<li><strong>Horarios<\/strong>: 08:30 &#8211; 13:30<\/li>\n<li><strong>Lugar<\/strong>: Instalaciones de Erribera Kulturgunea (<span class=\"LrzXr\">Kontxa Etxeberria plaza, 1<\/span>. Astigarraga). <a title=\"Se abrir\u00e1 en nueva ventana\" href=\"https:\/\/goo.gl\/maps\/hK1NKR8Em6C1ZC4D7\" target=\"_blank\" rel=\"noopener noreferrer nofollow external\" data-wpel-link=\"external\">Ver ubicaci\u00f3n en Google Maps<\/a>.<\/li>\n<li><strong>Ejes<\/strong>: Manzana y Sidra: formaci\u00f3n y comercializaci\u00f3n<\/li>\n<li><a href=\"https:\/\/sagardoarenlurraldea.eus\/es\/reservar\/sagardo-forum\/sagardoforum-conferencias\/\">Ver el programa de las conferencias<\/a><\/li>\n<\/ul>\n<p><em>*Quienes adquieran la entrada no la recibir\u00e1n por email, sino que deber\u00e1n acudir a Erribera Kulturgunea el d\u00eda 21 de noviembre a las 8:30 horas e indicar su nombre.<\/em><\/p>\n","protected":false},"featured_media":120842,"comment_status":"closed","ping_status":"closed","template":"","meta":{"_acf_changed":false,"_et_pb_use_builder":"","_et_pb_old_content":"","_et_gb_content_width":""},"product_brand":[],"product_cat":[2674],"product_tag":[],"class_list":{"0":"post-303917","1":"product","2":"type-product","3":"status-publish","4":"has-post-thumbnail","6":"product_cat-sagardo-forum","8":"first","9":"instock","10":"shipping-taxable","11":"purchasable","12":"product-type-simple"},"exclude_global_add_ons":[],"addons":[],"acf":[],"yoast_head":"<!-- This site is optimized with the Yoast SEO plugin v25.4 - https:\/\/yoast.com\/wordpress\/plugins\/seo\/ -->\n<title>21 de noviembre: Jornadas t\u00e9cnicas - Sagardoaren Lurraldea<\/title>\n<meta name=\"robots\" content=\"index, follow, max-snippet:-1, max-image-preview:large, max-video-preview:-1\" \/>\n<link rel=\"canonical\" href=\"https:\/\/sagardoarenlurraldea.eus\/es\/reservar\/sagardo-forum\/20-de-noviembre-jornadas-tecnicas-copia\/\" \/>\n<meta property=\"og:locale\" content=\"es_ES\" \/>\n<meta property=\"og:type\" content=\"article\" \/>\n<meta property=\"og:title\" content=\"21 de noviembre: Jornadas t\u00e9cnicas - Sagardoaren Lurraldea\" \/>\n<meta property=\"og:description\" content=\"Jornadas t\u00e9cnicas del VI Sagardo Forum:   Fecha: 21 de noviembre de 2025 (viernes)  Horarios: 08:30 - 13:30  Lugar: Instalaciones de Erribera Kulturgunea (Kontxa Etxeberria plaza, 1. Astigarraga). Ver ubicaci\u00f3n en Google Maps.  Ejes: Manzana y Sidra: formaci\u00f3n y comercializaci\u00f3n  Ver el programa de las conferencias  *Quienes adquieran la entrada no la recibir\u00e1n por email, sino que deber\u00e1n acudir a Erribera Kulturgunea el d\u00eda 21 de noviembre a las 8:30 horas e indicar su nombre.\" \/>\n<meta property=\"og:url\" content=\"https:\/\/sagardoarenlurraldea.eus\/es\/reservar\/sagardo-forum\/20-de-noviembre-jornadas-tecnicas-copia\/\" \/>\n<meta property=\"og:site_name\" content=\"Sagardoaren Lurraldea\" \/>\n<meta property=\"article:publisher\" content=\"https:\/\/www.facebook.com\/sagardoarenlurraldea\" \/>\n<meta property=\"article:modified_time\" content=\"2025-11-03T16:02:50+00:00\" \/>\n<meta property=\"og:image\" content=\"https:\/\/sagardoarenlurraldea.eus\/wp-content\/uploads\/2019\/09\/Hitzaldiak-398x391.jpg\" \/>\n\t<meta property=\"og:image:width\" content=\"398\" \/>\n\t<meta property=\"og:image:height\" content=\"391\" \/>\n\t<meta property=\"og:image:type\" content=\"image\/jpeg\" \/>\n<meta name=\"twitter:card\" content=\"summary_large_image\" \/>\n<meta name=\"twitter:label1\" content=\"Tiempo de lectura\" \/>\n\t<meta name=\"twitter:data1\" content=\"1 minuto\" \/>\n<script type=\"application\/ld+json\" class=\"yoast-schema-graph\">{\"@context\":\"https:\/\/schema.org\",\"@graph\":[{\"@type\":\"WebPage\",\"@id\":\"https:\/\/sagardoarenlurraldea.eus\/es\/reservar\/sagardo-forum\/20-de-noviembre-jornadas-tecnicas-copia\/\",\"url\":\"https:\/\/sagardoarenlurraldea.eus\/es\/reservar\/sagardo-forum\/20-de-noviembre-jornadas-tecnicas-copia\/\",\"name\":\"21 de noviembre: Jornadas t\u00e9cnicas - Sagardoaren Lurraldea\",\"isPartOf\":{\"@id\":\"https:\/\/sagardoarenlurraldea.eus\/es\/#website\"},\"primaryImageOfPage\":{\"@id\":\"https:\/\/sagardoarenlurraldea.eus\/es\/reservar\/sagardo-forum\/20-de-noviembre-jornadas-tecnicas-copia\/#primaryimage\"},\"image\":{\"@id\":\"https:\/\/sagardoarenlurraldea.eus\/es\/reservar\/sagardo-forum\/20-de-noviembre-jornadas-tecnicas-copia\/#primaryimage\"},\"thumbnailUrl\":\"https:\/\/sagardoarenlurraldea.eus\/wp-content\/uploads\/2019\/09\/Hitzaldiak-398x391.jpg\",\"datePublished\":\"2025-10-22T08:53:54+00:00\",\"dateModified\":\"2025-11-03T16:02:50+00:00\",\"breadcrumb\":{\"@id\":\"https:\/\/sagardoarenlurraldea.eus\/es\/reservar\/sagardo-forum\/20-de-noviembre-jornadas-tecnicas-copia\/#breadcrumb\"},\"inLanguage\":\"es\",\"potentialAction\":[{\"@type\":\"ReadAction\",\"target\":[\"https:\/\/sagardoarenlurraldea.eus\/es\/reservar\/sagardo-forum\/20-de-noviembre-jornadas-tecnicas-copia\/\"]}]},{\"@type\":\"ImageObject\",\"inLanguage\":\"es\",\"@id\":\"https:\/\/sagardoarenlurraldea.eus\/es\/reservar\/sagardo-forum\/20-de-noviembre-jornadas-tecnicas-copia\/#primaryimage\",\"url\":\"https:\/\/sagardoarenlurraldea.eus\/wp-content\/uploads\/2019\/09\/Hitzaldiak-398x391.jpg\",\"contentUrl\":\"https:\/\/sagardoarenlurraldea.eus\/wp-content\/uploads\/2019\/09\/Hitzaldiak-398x391.jpg\",\"width\":398,\"height\":391},{\"@type\":\"BreadcrumbList\",\"@id\":\"https:\/\/sagardoarenlurraldea.eus\/es\/reservar\/sagardo-forum\/20-de-noviembre-jornadas-tecnicas-copia\/#breadcrumb\",\"itemListElement\":[{\"@type\":\"ListItem\",\"position\":1,\"name\":\"Inicio\",\"item\":\"https:\/\/sagardoarenlurraldea.eus\/es\/\"},{\"@type\":\"ListItem\",\"position\":2,\"name\":\"Reservar\",\"item\":\"https:\/\/sagardoarenlurraldea.eus\/es\/reservar\/\"},{\"@type\":\"ListItem\",\"position\":3,\"name\":\"21 de noviembre: Jornadas t\u00e9cnicas\"}]},{\"@type\":\"WebSite\",\"@id\":\"https:\/\/sagardoarenlurraldea.eus\/es\/#website\",\"url\":\"https:\/\/sagardoarenlurraldea.eus\/es\/\",\"name\":\"Sagardoaren Lurraldea\",\"description\":\"El territorio de la sidra\",\"potentialAction\":[{\"@type\":\"SearchAction\",\"target\":{\"@type\":\"EntryPoint\",\"urlTemplate\":\"https:\/\/sagardoarenlurraldea.eus\/es\/?s={search_term_string}\"},\"query-input\":{\"@type\":\"PropertyValueSpecification\",\"valueRequired\":true,\"valueName\":\"search_term_string\"}}],\"inLanguage\":\"es\"}]}<\/script>\n<!-- \/ Yoast SEO plugin. -->","yoast_head_json":{"title":"21 de noviembre: Jornadas t\u00e9cnicas - Sagardoaren Lurraldea","robots":{"index":"index","follow":"follow","max-snippet":"max-snippet:-1","max-image-preview":"max-image-preview:large","max-video-preview":"max-video-preview:-1"},"canonical":"https:\/\/sagardoarenlurraldea.eus\/es\/reservar\/sagardo-forum\/20-de-noviembre-jornadas-tecnicas-copia\/","og_locale":"es_ES","og_type":"article","og_title":"21 de noviembre: Jornadas t\u00e9cnicas - Sagardoaren Lurraldea","og_description":"Jornadas t\u00e9cnicas del VI Sagardo Forum:   Fecha: 21 de noviembre de 2025 (viernes)  Horarios: 08:30 - 13:30  Lugar: Instalaciones de Erribera Kulturgunea (Kontxa Etxeberria plaza, 1. Astigarraga). Ver ubicaci\u00f3n en Google Maps.  Ejes: Manzana y Sidra: formaci\u00f3n y comercializaci\u00f3n  Ver el programa de las conferencias  *Quienes adquieran la entrada no la recibir\u00e1n por email, sino que deber\u00e1n acudir a Erribera Kulturgunea el d\u00eda 21 de noviembre a las 8:30 horas e indicar su nombre.","og_url":"https:\/\/sagardoarenlurraldea.eus\/es\/reservar\/sagardo-forum\/20-de-noviembre-jornadas-tecnicas-copia\/","og_site_name":"Sagardoaren Lurraldea","article_publisher":"https:\/\/www.facebook.com\/sagardoarenlurraldea","article_modified_time":"2025-11-03T16:02:50+00:00","og_image":[{"width":398,"height":391,"url":"https:\/\/sagardoarenlurraldea.eus\/wp-content\/uploads\/2019\/09\/Hitzaldiak-398x391.jpg","type":"image\/jpeg"}],"twitter_card":"summary_large_image","twitter_misc":{"Tiempo de lectura":"1 minuto"},"schema":{"@context":"https:\/\/schema.org","@graph":[{"@type":"WebPage","@id":"https:\/\/sagardoarenlurraldea.eus\/es\/reservar\/sagardo-forum\/20-de-noviembre-jornadas-tecnicas-copia\/","url":"https:\/\/sagardoarenlurraldea.eus\/es\/reservar\/sagardo-forum\/20-de-noviembre-jornadas-tecnicas-copia\/","name":"21 de noviembre: Jornadas t\u00e9cnicas - Sagardoaren Lurraldea","isPartOf":{"@id":"https:\/\/sagardoarenlurraldea.eus\/es\/#website"},"primaryImageOfPage":{"@id":"https:\/\/sagardoarenlurraldea.eus\/es\/reservar\/sagardo-forum\/20-de-noviembre-jornadas-tecnicas-copia\/#primaryimage"},"image":{"@id":"https:\/\/sagardoarenlurraldea.eus\/es\/reservar\/sagardo-forum\/20-de-noviembre-jornadas-tecnicas-copia\/#primaryimage"},"thumbnailUrl":"https:\/\/sagardoarenlurraldea.eus\/wp-content\/uploads\/2019\/09\/Hitzaldiak-398x391.jpg","datePublished":"2025-10-22T08:53:54+00:00","dateModified":"2025-11-03T16:02:50+00:00","breadcrumb":{"@id":"https:\/\/sagardoarenlurraldea.eus\/es\/reservar\/sagardo-forum\/20-de-noviembre-jornadas-tecnicas-copia\/#breadcrumb"},"inLanguage":"es","potentialAction":[{"@type":"ReadAction","target":["https:\/\/sagardoarenlurraldea.eus\/es\/reservar\/sagardo-forum\/20-de-noviembre-jornadas-tecnicas-copia\/"]}]},{"@type":"ImageObject","inLanguage":"es","@id":"https:\/\/sagardoarenlurraldea.eus\/es\/reservar\/sagardo-forum\/20-de-noviembre-jornadas-tecnicas-copia\/#primaryimage","url":"https:\/\/sagardoarenlurraldea.eus\/wp-content\/uploads\/2019\/09\/Hitzaldiak-398x391.jpg","contentUrl":"https:\/\/sagardoarenlurraldea.eus\/wp-content\/uploads\/2019\/09\/Hitzaldiak-398x391.jpg","width":398,"height":391},{"@type":"BreadcrumbList","@id":"https:\/\/sagardoarenlurraldea.eus\/es\/reservar\/sagardo-forum\/20-de-noviembre-jornadas-tecnicas-copia\/#breadcrumb","itemListElement":[{"@type":"ListItem","position":1,"name":"Inicio","item":"https:\/\/sagardoarenlurraldea.eus\/es\/"},{"@type":"ListItem","position":2,"name":"Reservar","item":"https:\/\/sagardoarenlurraldea.eus\/es\/reservar\/"},{"@type":"ListItem","position":3,"name":"21 de noviembre: Jornadas t\u00e9cnicas"}]},{"@type":"WebSite","@id":"https:\/\/sagardoarenlurraldea.eus\/es\/#website","url":"https:\/\/sagardoarenlurraldea.eus\/es\/","name":"Sagardoaren Lurraldea","description":"El territorio de la sidra","potentialAction":[{"@type":"SearchAction","target":{"@type":"EntryPoint","urlTemplate":"https:\/\/sagardoarenlurraldea.eus\/es\/?s={search_term_string}"},"query-input":{"@type":"PropertyValueSpecification","valueRequired":true,"valueName":"search_term_string"}}],"inLanguage":"es"}]}},"_links":{"self":[{"href":"https:\/\/sagardoarenlurraldea.eus\/es\/wp-json\/wp\/v2\/product\/303917","targetHints":{"allow":["GET"]}}],"collection":[{"href":"https:\/\/sagardoarenlurraldea.eus\/es\/wp-json\/wp\/v2\/product"}],"about":[{"href":"https:\/\/sagardoarenlurraldea.eus\/es\/wp-json\/wp\/v2\/types\/product"}],"replies":[{"embeddable":true,"href":"https:\/\/sagardoarenlurraldea.eus\/es\/wp-json\/wp\/v2\/comments?post=303917"}],"wp:featuredmedia":[{"embeddable":true,"href":"https:\/\/sagardoarenlurraldea.eus\/es\/wp-json\/wp\/v2\/media\/120842"}],"wp:attachment":[{"href":"https:\/\/sagardoarenlurraldea.eus\/es\/wp-json\/wp\/v2\/media?parent=303917"}],"wp:term":[{"taxonomy":"product_brand","embeddable":true,"href":"https:\/\/sagardoarenlurraldea.eus\/es\/wp-json\/wp\/v2\/product_brand?post=303917"},{"taxonomy":"product_cat","embeddable":true,"href":"https:\/\/sagardoarenlurraldea.eus\/es\/wp-json\/wp\/v2\/product_cat?post=303917"},{"taxonomy":"product_tag","embeddable":true,"href":"https:\/\/sagardoarenlurraldea.eus\/es\/wp-json\/wp\/v2\/product_tag?post=303917"}],"curies":[{"name":"wp","href":"https:\/\/api.w.org\/{rel}","templated":true}]}}