{"id":25363,"date":"2017-12-29T17:32:43","date_gmt":"2017-12-29T15:32:43","guid":{"rendered":"http:\/\/www.sagardoarenlurraldea.eus\/?post_type=product&#038;p=25363"},"modified":"2018-11-23T11:58:49","modified_gmt":"2018-11-23T09:58:49","slug":"sidreria-astigarraga-rezola","status":"publish","type":"product","link":"https:\/\/sagardoarenlurraldea.eus\/es\/reservar\/astigarraga\/sidreria-astigarraga-rezola\/","title":{"rendered":"Sidrer\u00eda Rezola"},"content":{"rendered":"<h2>Descripci\u00f3n<\/h2>\n<p>Una larga tradici\u00f3n en la elaboraci\u00f3n de la sidra en bodega propia y, a su vez, una de las sidrer\u00eda m\u00e1s j\u00f3venes en cuanto a su comercializaci\u00f3n y establecimiento de restauraci\u00f3n. Adem\u00e1s del txotx, ofrece un ambiente r\u00fastico y acogedor, con una selecta variedad de asados. Destaca su cordero y cochinillo al burduntzi.<\/p>\n<h2>Comidas y cenas<\/h2>\n<p><strong>En temporada<\/strong> (enero &#8211; abril) comidas y cenas, sentado en mesas largas (forma habitual de comer en cuadrilla), ofreciendo sidra al txotx. Adem\u00e1s del men\u00fa tradicional y hay men\u00fa infantil. Horarios: Comidas y cenas todos los d\u00edas. Domingo noche y lunes cerrado.<\/p>\n<p><strong>Fuera de temporada<\/strong> (a partir de mayo), hay servicio de comidas y cenas sentado en mesas largas, ofreciendo sidra al txotx y tambi\u00e9n en botella. Horarios: Comidas y cenas de jueves a domingo. Domingo noche cerrado.<\/p>\n<p>Capacidad: 350 comensales<\/p>\n<h2>Informaci\u00f3n adicional<\/h2>\n<p>Responsable: Joxe Ram\u00f3n Rezola<\/p>\n<p>Direcci\u00f3n: Santio Zeharra, 12. Astigarraga.<br \/>\nTfno.: 943552720 \/ 608143332<br \/>\nE-mail: <a href=\"mailto:rezolasagardotegia@gmail.com\">rezolasagardotegia@gmail.com <\/a><br \/>\nWeb: <a href=\"http:\/\/www.rezolasagardotegia.net\">www.rezolasagardotegia.net<\/a><\/p>\n","protected":false},"excerpt":{"rendered":"<p>Sidrer\u00eda abierta todo el a\u00f1o. La sidreria alberga en la nueva construcci\u00f3n un excelente museo con instrumentos antiguos relacionados con la elaboraci\u00f3n de sidra.<\/p>\n","protected":false},"featured_media":657,"comment_status":"open","ping_status":"closed","template":"","meta":{"_acf_changed":false,"_et_pb_use_builder":"","_et_pb_old_content":"","_et_gb_content_width":""},"product_brand":[],"product_cat":[26,2152],"product_tag":[38,40,42,39,41,182,29,37,53,58,35,34,36,48,33,32,30,31],"class_list":{"0":"post-25363","1":"product","2":"type-product","3":"status-publish","4":"has-post-thumbnail","6":"product_cat-astigarraga","7":"product_cat-sidrerias","8":"product_tag-acceso-a-pie","9":"product_tag-acceso-en-autobus","10":"product_tag-acceso-en-autobus-de-linea","11":"product_tag-acceso-en-coche","12":"product_tag-acceso-en-microbus","13":"product_tag-acceso-para-minusvalidos","14":"product_tag-comer-sentado","15":"product_tag-comidas-cenas-siempre","16":"product_tag-grupos-mayores-de-25","17":"product_tag-grupos-menores-de-25","18":"product_tag-menu-infantil","19":"product_tag-menu-tradicional","20":"product_tag-menu-vegetariano","21":"product_tag-parking","22":"product_tag-sidra-en-botella","23":"product_tag-sidra-en-txotx","24":"product_tag-turno-cena","25":"product_tag-turno-comida","26":"pa_acceso-a_pie","27":"pa_acceso-autobus_de_linea","28":"pa_caracteristicas-y-menus-comidas-cenas-siempre-abierto","29":"pa_caracteristicas-y-menus-grupos_mas_25","30":"pa_caracteristicas-y-menus-menu_infantil","31":"pa_caracteristicas-y-menus-menu_vegetariano","32":"pa_caracteristicas-y-menus-sidra_en_txotx","33":"dtwm_map-rezola","35":"first","36":"instock","37":"virtual","38":"product-type-simple"},"exclude_global_add_ons":[],"addons":[],"acf":[],"yoast_head":"<!-- This site is optimized with the Yoast SEO plugin v25.4 - https:\/\/yoast.com\/wordpress\/plugins\/seo\/ -->\n<title>Sidrer\u00eda Rezola - Sagardoaren Lurraldea<\/title>\n<meta name=\"robots\" content=\"index, follow, max-snippet:-1, max-image-preview:large, max-video-preview:-1\" \/>\n<link rel=\"canonical\" href=\"https:\/\/sagardoarenlurraldea.eus\/es\/reservar\/astigarraga\/sidreria-astigarraga-rezola\/\" \/>\n<meta property=\"og:locale\" content=\"es_ES\" \/>\n<meta property=\"og:type\" content=\"article\" \/>\n<meta property=\"og:title\" content=\"Sidrer\u00eda Rezola - Sagardoaren Lurraldea\" \/>\n<meta property=\"og:description\" content=\"Sidrer\u00eda abierta todo el a\u00f1o. La sidreria alberga en la nueva construcci\u00f3n un excelente museo con instrumentos antiguos relacionados con la elaboraci\u00f3n de sidra.\" \/>\n<meta property=\"og:url\" content=\"https:\/\/sagardoarenlurraldea.eus\/es\/reservar\/astigarraga\/sidreria-astigarraga-rezola\/\" \/>\n<meta property=\"og:site_name\" content=\"Sagardoaren Lurraldea\" \/>\n<meta property=\"article:publisher\" content=\"https:\/\/www.facebook.com\/sagardoarenlurraldea\" \/>\n<meta property=\"article:modified_time\" content=\"2018-11-23T09:58:49+00:00\" \/>\n<meta property=\"og:image\" content=\"https:\/\/sagardoarenlurraldea.eus\/wp-content\/uploads\/2016\/06\/SIDREZ-F00.jpg\" \/>\n\t<meta property=\"og:image:width\" content=\"900\" \/>\n\t<meta property=\"og:image:height\" content=\"600\" \/>\n\t<meta property=\"og:image:type\" content=\"image\/jpeg\" \/>\n<meta name=\"twitter:card\" content=\"summary_large_image\" \/>\n<meta name=\"twitter:label1\" content=\"Tiempo de lectura\" \/>\n\t<meta name=\"twitter:data1\" content=\"1 minuto\" \/>\n<script type=\"application\/ld+json\" class=\"yoast-schema-graph\">{\"@context\":\"https:\/\/schema.org\",\"@graph\":[{\"@type\":\"WebPage\",\"@id\":\"https:\/\/sagardoarenlurraldea.eus\/es\/reservar\/astigarraga\/sidreria-astigarraga-rezola\/\",\"url\":\"https:\/\/sagardoarenlurraldea.eus\/es\/reservar\/astigarraga\/sidreria-astigarraga-rezola\/\",\"name\":\"Sidrer\u00eda Rezola - Sagardoaren Lurraldea\",\"isPartOf\":{\"@id\":\"https:\/\/sagardoarenlurraldea.eus\/es\/#website\"},\"primaryImageOfPage\":{\"@id\":\"https:\/\/sagardoarenlurraldea.eus\/es\/reservar\/astigarraga\/sidreria-astigarraga-rezola\/#primaryimage\"},\"image\":{\"@id\":\"https:\/\/sagardoarenlurraldea.eus\/es\/reservar\/astigarraga\/sidreria-astigarraga-rezola\/#primaryimage\"},\"thumbnailUrl\":\"https:\/\/sagardoarenlurraldea.eus\/wp-content\/uploads\/2016\/06\/SIDREZ-F00.jpg\",\"datePublished\":\"2017-12-29T15:32:43+00:00\",\"dateModified\":\"2018-11-23T09:58:49+00:00\",\"breadcrumb\":{\"@id\":\"https:\/\/sagardoarenlurraldea.eus\/es\/reservar\/astigarraga\/sidreria-astigarraga-rezola\/#breadcrumb\"},\"inLanguage\":\"es\",\"potentialAction\":[{\"@type\":\"ReadAction\",\"target\":[\"https:\/\/sagardoarenlurraldea.eus\/es\/reservar\/astigarraga\/sidreria-astigarraga-rezola\/\"]}]},{\"@type\":\"ImageObject\",\"inLanguage\":\"es\",\"@id\":\"https:\/\/sagardoarenlurraldea.eus\/es\/reservar\/astigarraga\/sidreria-astigarraga-rezola\/#primaryimage\",\"url\":\"https:\/\/sagardoarenlurraldea.eus\/wp-content\/uploads\/2016\/06\/SIDREZ-F00.jpg\",\"contentUrl\":\"https:\/\/sagardoarenlurraldea.eus\/wp-content\/uploads\/2016\/06\/SIDREZ-F00.jpg\",\"width\":900,\"height\":600,\"caption\":\"Entrada principal de la sidrer\u00eda Rezola\"},{\"@type\":\"BreadcrumbList\",\"@id\":\"https:\/\/sagardoarenlurraldea.eus\/es\/reservar\/astigarraga\/sidreria-astigarraga-rezola\/#breadcrumb\",\"itemListElement\":[{\"@type\":\"ListItem\",\"position\":1,\"name\":\"Inicio\",\"item\":\"https:\/\/sagardoarenlurraldea.eus\/es\/\"},{\"@type\":\"ListItem\",\"position\":2,\"name\":\"Reservar\",\"item\":\"https:\/\/sagardoarenlurraldea.eus\/es\/reservar\/\"},{\"@type\":\"ListItem\",\"position\":3,\"name\":\"Sidrer\u00eda Rezola\"}]},{\"@type\":\"WebSite\",\"@id\":\"https:\/\/sagardoarenlurraldea.eus\/es\/#website\",\"url\":\"https:\/\/sagardoarenlurraldea.eus\/es\/\",\"name\":\"Sagardoaren Lurraldea\",\"description\":\"El territorio de la sidra\",\"potentialAction\":[{\"@type\":\"SearchAction\",\"target\":{\"@type\":\"EntryPoint\",\"urlTemplate\":\"https:\/\/sagardoarenlurraldea.eus\/es\/?s={search_term_string}\"},\"query-input\":{\"@type\":\"PropertyValueSpecification\",\"valueRequired\":true,\"valueName\":\"search_term_string\"}}],\"inLanguage\":\"es\"}]}<\/script>\n<!-- \/ Yoast SEO plugin. -->","yoast_head_json":{"title":"Sidrer\u00eda Rezola - Sagardoaren Lurraldea","robots":{"index":"index","follow":"follow","max-snippet":"max-snippet:-1","max-image-preview":"max-image-preview:large","max-video-preview":"max-video-preview:-1"},"canonical":"https:\/\/sagardoarenlurraldea.eus\/es\/reservar\/astigarraga\/sidreria-astigarraga-rezola\/","og_locale":"es_ES","og_type":"article","og_title":"Sidrer\u00eda Rezola - Sagardoaren Lurraldea","og_description":"Sidrer\u00eda abierta todo el a\u00f1o. La sidreria alberga en la nueva construcci\u00f3n un excelente museo con instrumentos antiguos relacionados con la elaboraci\u00f3n de sidra.","og_url":"https:\/\/sagardoarenlurraldea.eus\/es\/reservar\/astigarraga\/sidreria-astigarraga-rezola\/","og_site_name":"Sagardoaren Lurraldea","article_publisher":"https:\/\/www.facebook.com\/sagardoarenlurraldea","article_modified_time":"2018-11-23T09:58:49+00:00","og_image":[{"width":900,"height":600,"url":"https:\/\/sagardoarenlurraldea.eus\/wp-content\/uploads\/2016\/06\/SIDREZ-F00.jpg","type":"image\/jpeg"}],"twitter_card":"summary_large_image","twitter_misc":{"Tiempo de lectura":"1 minuto"},"schema":{"@context":"https:\/\/schema.org","@graph":[{"@type":"WebPage","@id":"https:\/\/sagardoarenlurraldea.eus\/es\/reservar\/astigarraga\/sidreria-astigarraga-rezola\/","url":"https:\/\/sagardoarenlurraldea.eus\/es\/reservar\/astigarraga\/sidreria-astigarraga-rezola\/","name":"Sidrer\u00eda Rezola - Sagardoaren Lurraldea","isPartOf":{"@id":"https:\/\/sagardoarenlurraldea.eus\/es\/#website"},"primaryImageOfPage":{"@id":"https:\/\/sagardoarenlurraldea.eus\/es\/reservar\/astigarraga\/sidreria-astigarraga-rezola\/#primaryimage"},"image":{"@id":"https:\/\/sagardoarenlurraldea.eus\/es\/reservar\/astigarraga\/sidreria-astigarraga-rezola\/#primaryimage"},"thumbnailUrl":"https:\/\/sagardoarenlurraldea.eus\/wp-content\/uploads\/2016\/06\/SIDREZ-F00.jpg","datePublished":"2017-12-29T15:32:43+00:00","dateModified":"2018-11-23T09:58:49+00:00","breadcrumb":{"@id":"https:\/\/sagardoarenlurraldea.eus\/es\/reservar\/astigarraga\/sidreria-astigarraga-rezola\/#breadcrumb"},"inLanguage":"es","potentialAction":[{"@type":"ReadAction","target":["https:\/\/sagardoarenlurraldea.eus\/es\/reservar\/astigarraga\/sidreria-astigarraga-rezola\/"]}]},{"@type":"ImageObject","inLanguage":"es","@id":"https:\/\/sagardoarenlurraldea.eus\/es\/reservar\/astigarraga\/sidreria-astigarraga-rezola\/#primaryimage","url":"https:\/\/sagardoarenlurraldea.eus\/wp-content\/uploads\/2016\/06\/SIDREZ-F00.jpg","contentUrl":"https:\/\/sagardoarenlurraldea.eus\/wp-content\/uploads\/2016\/06\/SIDREZ-F00.jpg","width":900,"height":600,"caption":"Entrada principal de la sidrer\u00eda Rezola"},{"@type":"BreadcrumbList","@id":"https:\/\/sagardoarenlurraldea.eus\/es\/reservar\/astigarraga\/sidreria-astigarraga-rezola\/#breadcrumb","itemListElement":[{"@type":"ListItem","position":1,"name":"Inicio","item":"https:\/\/sagardoarenlurraldea.eus\/es\/"},{"@type":"ListItem","position":2,"name":"Reservar","item":"https:\/\/sagardoarenlurraldea.eus\/es\/reservar\/"},{"@type":"ListItem","position":3,"name":"Sidrer\u00eda Rezola"}]},{"@type":"WebSite","@id":"https:\/\/sagardoarenlurraldea.eus\/es\/#website","url":"https:\/\/sagardoarenlurraldea.eus\/es\/","name":"Sagardoaren Lurraldea","description":"El territorio de la sidra","potentialAction":[{"@type":"SearchAction","target":{"@type":"EntryPoint","urlTemplate":"https:\/\/sagardoarenlurraldea.eus\/es\/?s={search_term_string}"},"query-input":{"@type":"PropertyValueSpecification","valueRequired":true,"valueName":"search_term_string"}}],"inLanguage":"es"}]}},"_links":{"self":[{"href":"https:\/\/sagardoarenlurraldea.eus\/es\/wp-json\/wp\/v2\/product\/25363","targetHints":{"allow":["GET"]}}],"collection":[{"href":"https:\/\/sagardoarenlurraldea.eus\/es\/wp-json\/wp\/v2\/product"}],"about":[{"href":"https:\/\/sagardoarenlurraldea.eus\/es\/wp-json\/wp\/v2\/types\/product"}],"replies":[{"embeddable":true,"href":"https:\/\/sagardoarenlurraldea.eus\/es\/wp-json\/wp\/v2\/comments?post=25363"}],"wp:featuredmedia":[{"embeddable":true,"href":"https:\/\/sagardoarenlurraldea.eus\/es\/wp-json\/wp\/v2\/media\/657"}],"wp:attachment":[{"href":"https:\/\/sagardoarenlurraldea.eus\/es\/wp-json\/wp\/v2\/media?parent=25363"}],"wp:term":[{"taxonomy":"product_brand","embeddable":true,"href":"https:\/\/sagardoarenlurraldea.eus\/es\/wp-json\/wp\/v2\/product_brand?post=25363"},{"taxonomy":"product_cat","embeddable":true,"href":"https:\/\/sagardoarenlurraldea.eus\/es\/wp-json\/wp\/v2\/product_cat?post=25363"},{"taxonomy":"product_tag","embeddable":true,"href":"https:\/\/sagardoarenlurraldea.eus\/es\/wp-json\/wp\/v2\/product_tag?post=25363"}],"curies":[{"name":"wp","href":"https:\/\/api.w.org\/{rel}","templated":true}]}}