{"id":25281,"date":"2017-12-29T19:21:23","date_gmt":"2017-12-29T17:21:23","guid":{"rendered":"http:\/\/www.sagardoarenlurraldea.eus\/?post_type=product&#038;p=25281"},"modified":"2017-12-29T19:22:32","modified_gmt":"2017-12-29T17:22:32","slug":"sidreria-usurbil-aginaga","status":"publish","type":"product","link":"https:\/\/sagardoarenlurraldea.eus\/es\/reservar\/usurbil\/sidreria-usurbil-aginaga\/","title":{"rendered":"Sidrer\u00eda Aginaga"},"content":{"rendered":"<h2>Descripci\u00f3n<\/h2>\n<p>La sidrer\u00eda Aginaga la fundaron los hermanos Errasti en el a\u00f1o 1992. Desde entonces, esta sidrer\u00eda ha volcado sus esfuerzos en la elaboraci\u00f3n de sidra natural desde la producci\u00f3n propia de manzana, as\u00ed como la de abrir sus puertas al p\u00fablico durante todo el a\u00f1o.<\/p>\n<h2>Comidas y cenas<\/h2>\n<p><strong>En temporada<\/strong> (enero &#8211; abril): Comidas y cenas todos los d\u00edas. Lunes cerrado.<\/p>\n<p><strong>Fuera de temporada<\/strong> (a partir de mayo): Comidas y cenas todos los d\u00edas. Lunes cerrado. Diciembre cerrado.<\/p>\n<p>Capacidad: 300 comensales<\/p>\n<h2>Informaci\u00f3n adicional<\/h2>\n<p>Responsable: Arantza Arruti<\/p>\n<p>Direcci\u00f3n: Aginaga auzoa, 31. Usurbil.<br \/>\nTfno.: 943366710<br \/>\nE-mail: <a href=\"mailto:a.sagardotegia@aginagasagardotegia.com\">a.sagardotegia@aginagasagardotegia.com <\/a><br \/>\nWeb: <a href=\"http:\/\/www.aginagasagardotegia.com\">http:\/\/www.aginagasagardotegia.com<\/a><\/p>\n","protected":false},"excerpt":{"rendered":"<p>Sidrer\u00eda abierta todo el a\u00f1o. Aparte del men\u00fa tradicional de sidrer\u00eda, tambi\u00e9n ofrece carta durante todo el a\u00f1o. Cuenta con un hotel con el mismo nombre al lado de la sidrer\u00eda.<\/p>\n","protected":false},"featured_media":1257,"comment_status":"open","ping_status":"closed","template":"","meta":{"_acf_changed":false,"_et_pb_use_builder":"","_et_pb_old_content":"","_et_gb_content_width":""},"product_brand":[],"product_cat":[2152,101],"product_tag":[40,39,41,182,220,29,37,53,58,34,48,33,32,30,31],"class_list":{"0":"post-25281","1":"product","2":"type-product","3":"status-publish","4":"has-post-thumbnail","6":"product_cat-sidrerias","7":"product_cat-usurbil","8":"product_tag-acceso-en-autobus","9":"product_tag-acceso-en-coche","10":"product_tag-acceso-en-microbus","11":"product_tag-acceso-para-minusvalidos","12":"product_tag-sidreria-con-agroturismo","13":"product_tag-comer-sentado","14":"product_tag-comidas-cenas-siempre","15":"product_tag-grupos-mayores-de-25","16":"product_tag-grupos-menores-de-25","17":"product_tag-menu-tradicional","18":"product_tag-parking","19":"product_tag-sidra-en-botella","20":"product_tag-sidra-en-txotx","21":"product_tag-turno-cena","22":"product_tag-turno-comida","23":"pa_acceso-tren","24":"pa_caracteristicas-y-menus-comidas-cenas-siempre-abierto","25":"pa_caracteristicas-y-menus-grupos_mas_25","26":"pa_caracteristicas-y-menus-sidra_en_txotx","27":"dtwm_map-aginaga","29":"first","30":"instock","31":"virtual","32":"product-type-simple"},"exclude_global_add_ons":[],"addons":[],"acf":[],"yoast_head":"<!-- This site is optimized with the Yoast SEO plugin v25.4 - https:\/\/yoast.com\/wordpress\/plugins\/seo\/ -->\n<title>Sidrer\u00eda Aginaga - Sagardoaren Lurraldea<\/title>\n<meta name=\"robots\" content=\"index, follow, max-snippet:-1, max-image-preview:large, max-video-preview:-1\" \/>\n<link rel=\"canonical\" href=\"https:\/\/sagardoarenlurraldea.eus\/es\/reservar\/usurbil\/sidreria-usurbil-aginaga\/\" \/>\n<meta property=\"og:locale\" content=\"es_ES\" \/>\n<meta property=\"og:type\" content=\"article\" \/>\n<meta property=\"og:title\" content=\"Sidrer\u00eda Aginaga - Sagardoaren Lurraldea\" \/>\n<meta property=\"og:description\" content=\"Sidrer\u00eda abierta todo el a\u00f1o. Aparte del men\u00fa tradicional de sidrer\u00eda, tambi\u00e9n ofrece carta durante todo el a\u00f1o. Cuenta con un hotel con el mismo nombre al lado de la sidrer\u00eda.\" \/>\n<meta property=\"og:url\" content=\"https:\/\/sagardoarenlurraldea.eus\/es\/reservar\/usurbil\/sidreria-usurbil-aginaga\/\" \/>\n<meta property=\"og:site_name\" content=\"Sagardoaren Lurraldea\" \/>\n<meta property=\"article:publisher\" content=\"https:\/\/www.facebook.com\/sagardoarenlurraldea\" \/>\n<meta property=\"article:modified_time\" content=\"2017-12-29T17:22:32+00:00\" \/>\n<meta property=\"og:image\" content=\"https:\/\/sagardoarenlurraldea.eus\/wp-content\/uploads\/2016\/07\/SIDAGI-F00.jpg\" \/>\n\t<meta property=\"og:image:width\" content=\"900\" \/>\n\t<meta property=\"og:image:height\" content=\"600\" \/>\n\t<meta property=\"og:image:type\" content=\"image\/jpeg\" \/>\n<meta name=\"twitter:card\" content=\"summary_large_image\" \/>\n<meta name=\"twitter:label1\" content=\"Tiempo de lectura\" \/>\n\t<meta name=\"twitter:data1\" content=\"1 minuto\" \/>\n<script type=\"application\/ld+json\" class=\"yoast-schema-graph\">{\"@context\":\"https:\/\/schema.org\",\"@graph\":[{\"@type\":\"WebPage\",\"@id\":\"https:\/\/sagardoarenlurraldea.eus\/es\/reservar\/usurbil\/sidreria-usurbil-aginaga\/\",\"url\":\"https:\/\/sagardoarenlurraldea.eus\/es\/reservar\/usurbil\/sidreria-usurbil-aginaga\/\",\"name\":\"Sidrer\u00eda Aginaga - Sagardoaren Lurraldea\",\"isPartOf\":{\"@id\":\"https:\/\/sagardoarenlurraldea.eus\/es\/#website\"},\"primaryImageOfPage\":{\"@id\":\"https:\/\/sagardoarenlurraldea.eus\/es\/reservar\/usurbil\/sidreria-usurbil-aginaga\/#primaryimage\"},\"image\":{\"@id\":\"https:\/\/sagardoarenlurraldea.eus\/es\/reservar\/usurbil\/sidreria-usurbil-aginaga\/#primaryimage\"},\"thumbnailUrl\":\"https:\/\/sagardoarenlurraldea.eus\/wp-content\/uploads\/2016\/07\/SIDAGI-F00.jpg\",\"datePublished\":\"2017-12-29T17:21:23+00:00\",\"dateModified\":\"2017-12-29T17:22:32+00:00\",\"breadcrumb\":{\"@id\":\"https:\/\/sagardoarenlurraldea.eus\/es\/reservar\/usurbil\/sidreria-usurbil-aginaga\/#breadcrumb\"},\"inLanguage\":\"es\",\"potentialAction\":[{\"@type\":\"ReadAction\",\"target\":[\"https:\/\/sagardoarenlurraldea.eus\/es\/reservar\/usurbil\/sidreria-usurbil-aginaga\/\"]}]},{\"@type\":\"ImageObject\",\"inLanguage\":\"es\",\"@id\":\"https:\/\/sagardoarenlurraldea.eus\/es\/reservar\/usurbil\/sidreria-usurbil-aginaga\/#primaryimage\",\"url\":\"https:\/\/sagardoarenlurraldea.eus\/wp-content\/uploads\/2016\/07\/SIDAGI-F00.jpg\",\"contentUrl\":\"https:\/\/sagardoarenlurraldea.eus\/wp-content\/uploads\/2016\/07\/SIDAGI-F00.jpg\",\"width\":900,\"height\":600,\"caption\":\"Entrada principal de la sidrer\u00eda Aginaga\"},{\"@type\":\"BreadcrumbList\",\"@id\":\"https:\/\/sagardoarenlurraldea.eus\/es\/reservar\/usurbil\/sidreria-usurbil-aginaga\/#breadcrumb\",\"itemListElement\":[{\"@type\":\"ListItem\",\"position\":1,\"name\":\"Inicio\",\"item\":\"https:\/\/sagardoarenlurraldea.eus\/es\/\"},{\"@type\":\"ListItem\",\"position\":2,\"name\":\"Reservar\",\"item\":\"https:\/\/sagardoarenlurraldea.eus\/es\/reservar\/\"},{\"@type\":\"ListItem\",\"position\":3,\"name\":\"Sidrer\u00eda Aginaga\"}]},{\"@type\":\"WebSite\",\"@id\":\"https:\/\/sagardoarenlurraldea.eus\/es\/#website\",\"url\":\"https:\/\/sagardoarenlurraldea.eus\/es\/\",\"name\":\"Sagardoaren Lurraldea\",\"description\":\"El territorio de la sidra\",\"potentialAction\":[{\"@type\":\"SearchAction\",\"target\":{\"@type\":\"EntryPoint\",\"urlTemplate\":\"https:\/\/sagardoarenlurraldea.eus\/es\/?s={search_term_string}\"},\"query-input\":{\"@type\":\"PropertyValueSpecification\",\"valueRequired\":true,\"valueName\":\"search_term_string\"}}],\"inLanguage\":\"es\"}]}<\/script>\n<!-- \/ Yoast SEO plugin. -->","yoast_head_json":{"title":"Sidrer\u00eda Aginaga - Sagardoaren Lurraldea","robots":{"index":"index","follow":"follow","max-snippet":"max-snippet:-1","max-image-preview":"max-image-preview:large","max-video-preview":"max-video-preview:-1"},"canonical":"https:\/\/sagardoarenlurraldea.eus\/es\/reservar\/usurbil\/sidreria-usurbil-aginaga\/","og_locale":"es_ES","og_type":"article","og_title":"Sidrer\u00eda Aginaga - Sagardoaren Lurraldea","og_description":"Sidrer\u00eda abierta todo el a\u00f1o. Aparte del men\u00fa tradicional de sidrer\u00eda, tambi\u00e9n ofrece carta durante todo el a\u00f1o. Cuenta con un hotel con el mismo nombre al lado de la sidrer\u00eda.","og_url":"https:\/\/sagardoarenlurraldea.eus\/es\/reservar\/usurbil\/sidreria-usurbil-aginaga\/","og_site_name":"Sagardoaren Lurraldea","article_publisher":"https:\/\/www.facebook.com\/sagardoarenlurraldea","article_modified_time":"2017-12-29T17:22:32+00:00","og_image":[{"width":900,"height":600,"url":"https:\/\/sagardoarenlurraldea.eus\/wp-content\/uploads\/2016\/07\/SIDAGI-F00.jpg","type":"image\/jpeg"}],"twitter_card":"summary_large_image","twitter_misc":{"Tiempo de lectura":"1 minuto"},"schema":{"@context":"https:\/\/schema.org","@graph":[{"@type":"WebPage","@id":"https:\/\/sagardoarenlurraldea.eus\/es\/reservar\/usurbil\/sidreria-usurbil-aginaga\/","url":"https:\/\/sagardoarenlurraldea.eus\/es\/reservar\/usurbil\/sidreria-usurbil-aginaga\/","name":"Sidrer\u00eda Aginaga - Sagardoaren Lurraldea","isPartOf":{"@id":"https:\/\/sagardoarenlurraldea.eus\/es\/#website"},"primaryImageOfPage":{"@id":"https:\/\/sagardoarenlurraldea.eus\/es\/reservar\/usurbil\/sidreria-usurbil-aginaga\/#primaryimage"},"image":{"@id":"https:\/\/sagardoarenlurraldea.eus\/es\/reservar\/usurbil\/sidreria-usurbil-aginaga\/#primaryimage"},"thumbnailUrl":"https:\/\/sagardoarenlurraldea.eus\/wp-content\/uploads\/2016\/07\/SIDAGI-F00.jpg","datePublished":"2017-12-29T17:21:23+00:00","dateModified":"2017-12-29T17:22:32+00:00","breadcrumb":{"@id":"https:\/\/sagardoarenlurraldea.eus\/es\/reservar\/usurbil\/sidreria-usurbil-aginaga\/#breadcrumb"},"inLanguage":"es","potentialAction":[{"@type":"ReadAction","target":["https:\/\/sagardoarenlurraldea.eus\/es\/reservar\/usurbil\/sidreria-usurbil-aginaga\/"]}]},{"@type":"ImageObject","inLanguage":"es","@id":"https:\/\/sagardoarenlurraldea.eus\/es\/reservar\/usurbil\/sidreria-usurbil-aginaga\/#primaryimage","url":"https:\/\/sagardoarenlurraldea.eus\/wp-content\/uploads\/2016\/07\/SIDAGI-F00.jpg","contentUrl":"https:\/\/sagardoarenlurraldea.eus\/wp-content\/uploads\/2016\/07\/SIDAGI-F00.jpg","width":900,"height":600,"caption":"Entrada principal de la sidrer\u00eda Aginaga"},{"@type":"BreadcrumbList","@id":"https:\/\/sagardoarenlurraldea.eus\/es\/reservar\/usurbil\/sidreria-usurbil-aginaga\/#breadcrumb","itemListElement":[{"@type":"ListItem","position":1,"name":"Inicio","item":"https:\/\/sagardoarenlurraldea.eus\/es\/"},{"@type":"ListItem","position":2,"name":"Reservar","item":"https:\/\/sagardoarenlurraldea.eus\/es\/reservar\/"},{"@type":"ListItem","position":3,"name":"Sidrer\u00eda Aginaga"}]},{"@type":"WebSite","@id":"https:\/\/sagardoarenlurraldea.eus\/es\/#website","url":"https:\/\/sagardoarenlurraldea.eus\/es\/","name":"Sagardoaren Lurraldea","description":"El territorio de la sidra","potentialAction":[{"@type":"SearchAction","target":{"@type":"EntryPoint","urlTemplate":"https:\/\/sagardoarenlurraldea.eus\/es\/?s={search_term_string}"},"query-input":{"@type":"PropertyValueSpecification","valueRequired":true,"valueName":"search_term_string"}}],"inLanguage":"es"}]}},"_links":{"self":[{"href":"https:\/\/sagardoarenlurraldea.eus\/es\/wp-json\/wp\/v2\/product\/25281","targetHints":{"allow":["GET"]}}],"collection":[{"href":"https:\/\/sagardoarenlurraldea.eus\/es\/wp-json\/wp\/v2\/product"}],"about":[{"href":"https:\/\/sagardoarenlurraldea.eus\/es\/wp-json\/wp\/v2\/types\/product"}],"replies":[{"embeddable":true,"href":"https:\/\/sagardoarenlurraldea.eus\/es\/wp-json\/wp\/v2\/comments?post=25281"}],"wp:featuredmedia":[{"embeddable":true,"href":"https:\/\/sagardoarenlurraldea.eus\/es\/wp-json\/wp\/v2\/media\/1257"}],"wp:attachment":[{"href":"https:\/\/sagardoarenlurraldea.eus\/es\/wp-json\/wp\/v2\/media?parent=25281"}],"wp:term":[{"taxonomy":"product_brand","embeddable":true,"href":"https:\/\/sagardoarenlurraldea.eus\/es\/wp-json\/wp\/v2\/product_brand?post=25281"},{"taxonomy":"product_cat","embeddable":true,"href":"https:\/\/sagardoarenlurraldea.eus\/es\/wp-json\/wp\/v2\/product_cat?post=25281"},{"taxonomy":"product_tag","embeddable":true,"href":"https:\/\/sagardoarenlurraldea.eus\/es\/wp-json\/wp\/v2\/product_tag?post=25281"}],"curies":[{"name":"wp","href":"https:\/\/api.w.org\/{rel}","templated":true}]}}