{"id":25276,"date":"2017-12-29T19:19:11","date_gmt":"2017-12-29T17:19:11","guid":{"rendered":"http:\/\/www.sagardoarenlurraldea.eus\/?post_type=product&#038;p=25276"},"modified":"2017-12-29T19:20:16","modified_gmt":"2017-12-29T17:20:16","slug":"sidreria-hernani-alberro","status":"publish","type":"product","link":"https:\/\/sagardoarenlurraldea.eus\/es\/reservar\/hernani\/sidreria-hernani-alberro\/","title":{"rendered":"Sidrer\u00eda Alberro"},"content":{"rendered":"<h2>Descripci\u00f3n<\/h2>\n<p>En funcionamiento desde el a\u00f1o 1924, la sidrer\u00eda Alberro es una de las pocas sidrer\u00edas de Hernani que se sit\u00faa muy cerca del casco urbano. Produce cerca de 100.000 litros de sidra al a\u00f1o.<\/p>\n<h2>Comidas y cenas<\/h2>\n<p><strong>En temporada<\/strong> (enero &#8211; abril): Cenas de martes a s\u00e1bado. Domingos y lunes cerrado.<\/p>\n<p><strong>Fuera de temporada<\/strong> (a partir de mayo): Cerrado.<\/p>\n<p>Capacidad: 60 comensales<\/p>\n<h2>Informaci\u00f3n adicional<\/h2>\n<p>Responsable: Joxe Mari Alberro<\/p>\n<p>Direcci\u00f3n: Santa barbara, 61. Hernani.<br \/>\nTfno.: 943550019<\/p>\n","protected":false},"excerpt":{"rendered":"<p>Sidrer\u00eda abierta en temporada del txotx (enero-abril). Alberro est\u00e1 ubicada muy cerca del casco urbano de Hernani y produce sidra de forma tradicional.<\/p>\n","protected":false},"featured_media":1269,"comment_status":"open","ping_status":"closed","template":"","meta":{"_acf_changed":false,"_et_pb_use_builder":"","_et_pb_old_content":"","_et_gb_content_width":""},"product_brand":[],"product_cat":[27,2152],"product_tag":[38,40,42,39,41,58,34,48,32,30],"class_list":{"0":"post-25276","1":"product","2":"type-product","3":"status-publish","4":"has-post-thumbnail","6":"product_cat-hernani","7":"product_cat-sidrerias","8":"product_tag-acceso-a-pie","9":"product_tag-acceso-en-autobus","10":"product_tag-acceso-en-autobus-de-linea","11":"product_tag-acceso-en-coche","12":"product_tag-acceso-en-microbus","13":"product_tag-grupos-menores-de-25","14":"product_tag-menu-tradicional","15":"product_tag-parking","16":"product_tag-sidra-en-txotx","17":"product_tag-turno-cena","18":"pa_acceso-a_pie","19":"pa_acceso-autobus_de_linea","20":"pa_caracteristicas-y-menus-sidra_en_txotx","21":"dtwm_map-alberro","23":"first","24":"instock","25":"virtual","26":"product-type-simple"},"exclude_global_add_ons":[],"addons":[],"acf":[],"yoast_head":"<!-- This site is optimized with the Yoast SEO plugin v25.4 - https:\/\/yoast.com\/wordpress\/plugins\/seo\/ -->\n<title>Sidrer\u00eda Alberro - Sagardoaren Lurraldea<\/title>\n<meta name=\"robots\" content=\"index, follow, max-snippet:-1, max-image-preview:large, max-video-preview:-1\" \/>\n<link rel=\"canonical\" href=\"https:\/\/sagardoarenlurraldea.eus\/es\/reservar\/hernani\/sidreria-hernani-alberro\/\" \/>\n<meta property=\"og:locale\" content=\"es_ES\" \/>\n<meta property=\"og:type\" content=\"article\" \/>\n<meta property=\"og:title\" content=\"Sidrer\u00eda Alberro - Sagardoaren Lurraldea\" \/>\n<meta property=\"og:description\" content=\"Sidrer\u00eda abierta en temporada del txotx (enero-abril). Alberro est\u00e1 ubicada muy cerca del casco urbano de Hernani y produce sidra de forma tradicional.\" \/>\n<meta property=\"og:url\" content=\"https:\/\/sagardoarenlurraldea.eus\/es\/reservar\/hernani\/sidreria-hernani-alberro\/\" \/>\n<meta property=\"og:site_name\" content=\"Sagardoaren Lurraldea\" \/>\n<meta property=\"article:publisher\" content=\"https:\/\/www.facebook.com\/sagardoarenlurraldea\" \/>\n<meta property=\"article:modified_time\" content=\"2017-12-29T17:20:16+00:00\" \/>\n<meta property=\"og:image\" content=\"https:\/\/sagardoarenlurraldea.eus\/wp-content\/uploads\/2016\/07\/SIDALB-F00.jpg\" \/>\n\t<meta property=\"og:image:width\" content=\"900\" \/>\n\t<meta property=\"og:image:height\" content=\"600\" \/>\n\t<meta property=\"og:image:type\" content=\"image\/jpeg\" \/>\n<meta name=\"twitter:card\" content=\"summary_large_image\" \/>\n<script type=\"application\/ld+json\" class=\"yoast-schema-graph\">{\"@context\":\"https:\/\/schema.org\",\"@graph\":[{\"@type\":\"WebPage\",\"@id\":\"https:\/\/sagardoarenlurraldea.eus\/es\/reservar\/hernani\/sidreria-hernani-alberro\/\",\"url\":\"https:\/\/sagardoarenlurraldea.eus\/es\/reservar\/hernani\/sidreria-hernani-alberro\/\",\"name\":\"Sidrer\u00eda Alberro - Sagardoaren Lurraldea\",\"isPartOf\":{\"@id\":\"https:\/\/sagardoarenlurraldea.eus\/es\/#website\"},\"primaryImageOfPage\":{\"@id\":\"https:\/\/sagardoarenlurraldea.eus\/es\/reservar\/hernani\/sidreria-hernani-alberro\/#primaryimage\"},\"image\":{\"@id\":\"https:\/\/sagardoarenlurraldea.eus\/es\/reservar\/hernani\/sidreria-hernani-alberro\/#primaryimage\"},\"thumbnailUrl\":\"https:\/\/sagardoarenlurraldea.eus\/wp-content\/uploads\/2016\/07\/SIDALB-F00.jpg\",\"datePublished\":\"2017-12-29T17:19:11+00:00\",\"dateModified\":\"2017-12-29T17:20:16+00:00\",\"breadcrumb\":{\"@id\":\"https:\/\/sagardoarenlurraldea.eus\/es\/reservar\/hernani\/sidreria-hernani-alberro\/#breadcrumb\"},\"inLanguage\":\"es\",\"potentialAction\":[{\"@type\":\"ReadAction\",\"target\":[\"https:\/\/sagardoarenlurraldea.eus\/es\/reservar\/hernani\/sidreria-hernani-alberro\/\"]}]},{\"@type\":\"ImageObject\",\"inLanguage\":\"es\",\"@id\":\"https:\/\/sagardoarenlurraldea.eus\/es\/reservar\/hernani\/sidreria-hernani-alberro\/#primaryimage\",\"url\":\"https:\/\/sagardoarenlurraldea.eus\/wp-content\/uploads\/2016\/07\/SIDALB-F00.jpg\",\"contentUrl\":\"https:\/\/sagardoarenlurraldea.eus\/wp-content\/uploads\/2016\/07\/SIDALB-F00.jpg\",\"width\":900,\"height\":600,\"caption\":\"Entrada principal de la sidrer\u00eda Alberro\"},{\"@type\":\"BreadcrumbList\",\"@id\":\"https:\/\/sagardoarenlurraldea.eus\/es\/reservar\/hernani\/sidreria-hernani-alberro\/#breadcrumb\",\"itemListElement\":[{\"@type\":\"ListItem\",\"position\":1,\"name\":\"Inicio\",\"item\":\"https:\/\/sagardoarenlurraldea.eus\/es\/\"},{\"@type\":\"ListItem\",\"position\":2,\"name\":\"Reservar\",\"item\":\"https:\/\/sagardoarenlurraldea.eus\/es\/reservar\/\"},{\"@type\":\"ListItem\",\"position\":3,\"name\":\"Sidrer\u00eda Alberro\"}]},{\"@type\":\"WebSite\",\"@id\":\"https:\/\/sagardoarenlurraldea.eus\/es\/#website\",\"url\":\"https:\/\/sagardoarenlurraldea.eus\/es\/\",\"name\":\"Sagardoaren Lurraldea\",\"description\":\"El territorio de la sidra\",\"potentialAction\":[{\"@type\":\"SearchAction\",\"target\":{\"@type\":\"EntryPoint\",\"urlTemplate\":\"https:\/\/sagardoarenlurraldea.eus\/es\/?s={search_term_string}\"},\"query-input\":{\"@type\":\"PropertyValueSpecification\",\"valueRequired\":true,\"valueName\":\"search_term_string\"}}],\"inLanguage\":\"es\"}]}<\/script>\n<!-- \/ Yoast SEO plugin. -->","yoast_head_json":{"title":"Sidrer\u00eda Alberro - Sagardoaren Lurraldea","robots":{"index":"index","follow":"follow","max-snippet":"max-snippet:-1","max-image-preview":"max-image-preview:large","max-video-preview":"max-video-preview:-1"},"canonical":"https:\/\/sagardoarenlurraldea.eus\/es\/reservar\/hernani\/sidreria-hernani-alberro\/","og_locale":"es_ES","og_type":"article","og_title":"Sidrer\u00eda Alberro - Sagardoaren Lurraldea","og_description":"Sidrer\u00eda abierta en temporada del txotx (enero-abril). Alberro est\u00e1 ubicada muy cerca del casco urbano de Hernani y produce sidra de forma tradicional.","og_url":"https:\/\/sagardoarenlurraldea.eus\/es\/reservar\/hernani\/sidreria-hernani-alberro\/","og_site_name":"Sagardoaren Lurraldea","article_publisher":"https:\/\/www.facebook.com\/sagardoarenlurraldea","article_modified_time":"2017-12-29T17:20:16+00:00","og_image":[{"width":900,"height":600,"url":"https:\/\/sagardoarenlurraldea.eus\/wp-content\/uploads\/2016\/07\/SIDALB-F00.jpg","type":"image\/jpeg"}],"twitter_card":"summary_large_image","schema":{"@context":"https:\/\/schema.org","@graph":[{"@type":"WebPage","@id":"https:\/\/sagardoarenlurraldea.eus\/es\/reservar\/hernani\/sidreria-hernani-alberro\/","url":"https:\/\/sagardoarenlurraldea.eus\/es\/reservar\/hernani\/sidreria-hernani-alberro\/","name":"Sidrer\u00eda Alberro - Sagardoaren Lurraldea","isPartOf":{"@id":"https:\/\/sagardoarenlurraldea.eus\/es\/#website"},"primaryImageOfPage":{"@id":"https:\/\/sagardoarenlurraldea.eus\/es\/reservar\/hernani\/sidreria-hernani-alberro\/#primaryimage"},"image":{"@id":"https:\/\/sagardoarenlurraldea.eus\/es\/reservar\/hernani\/sidreria-hernani-alberro\/#primaryimage"},"thumbnailUrl":"https:\/\/sagardoarenlurraldea.eus\/wp-content\/uploads\/2016\/07\/SIDALB-F00.jpg","datePublished":"2017-12-29T17:19:11+00:00","dateModified":"2017-12-29T17:20:16+00:00","breadcrumb":{"@id":"https:\/\/sagardoarenlurraldea.eus\/es\/reservar\/hernani\/sidreria-hernani-alberro\/#breadcrumb"},"inLanguage":"es","potentialAction":[{"@type":"ReadAction","target":["https:\/\/sagardoarenlurraldea.eus\/es\/reservar\/hernani\/sidreria-hernani-alberro\/"]}]},{"@type":"ImageObject","inLanguage":"es","@id":"https:\/\/sagardoarenlurraldea.eus\/es\/reservar\/hernani\/sidreria-hernani-alberro\/#primaryimage","url":"https:\/\/sagardoarenlurraldea.eus\/wp-content\/uploads\/2016\/07\/SIDALB-F00.jpg","contentUrl":"https:\/\/sagardoarenlurraldea.eus\/wp-content\/uploads\/2016\/07\/SIDALB-F00.jpg","width":900,"height":600,"caption":"Entrada principal de la sidrer\u00eda Alberro"},{"@type":"BreadcrumbList","@id":"https:\/\/sagardoarenlurraldea.eus\/es\/reservar\/hernani\/sidreria-hernani-alberro\/#breadcrumb","itemListElement":[{"@type":"ListItem","position":1,"name":"Inicio","item":"https:\/\/sagardoarenlurraldea.eus\/es\/"},{"@type":"ListItem","position":2,"name":"Reservar","item":"https:\/\/sagardoarenlurraldea.eus\/es\/reservar\/"},{"@type":"ListItem","position":3,"name":"Sidrer\u00eda Alberro"}]},{"@type":"WebSite","@id":"https:\/\/sagardoarenlurraldea.eus\/es\/#website","url":"https:\/\/sagardoarenlurraldea.eus\/es\/","name":"Sagardoaren Lurraldea","description":"El territorio de la sidra","potentialAction":[{"@type":"SearchAction","target":{"@type":"EntryPoint","urlTemplate":"https:\/\/sagardoarenlurraldea.eus\/es\/?s={search_term_string}"},"query-input":{"@type":"PropertyValueSpecification","valueRequired":true,"valueName":"search_term_string"}}],"inLanguage":"es"}]}},"_links":{"self":[{"href":"https:\/\/sagardoarenlurraldea.eus\/es\/wp-json\/wp\/v2\/product\/25276","targetHints":{"allow":["GET"]}}],"collection":[{"href":"https:\/\/sagardoarenlurraldea.eus\/es\/wp-json\/wp\/v2\/product"}],"about":[{"href":"https:\/\/sagardoarenlurraldea.eus\/es\/wp-json\/wp\/v2\/types\/product"}],"replies":[{"embeddable":true,"href":"https:\/\/sagardoarenlurraldea.eus\/es\/wp-json\/wp\/v2\/comments?post=25276"}],"wp:featuredmedia":[{"embeddable":true,"href":"https:\/\/sagardoarenlurraldea.eus\/es\/wp-json\/wp\/v2\/media\/1269"}],"wp:attachment":[{"href":"https:\/\/sagardoarenlurraldea.eus\/es\/wp-json\/wp\/v2\/media?parent=25276"}],"wp:term":[{"taxonomy":"product_brand","embeddable":true,"href":"https:\/\/sagardoarenlurraldea.eus\/es\/wp-json\/wp\/v2\/product_brand?post=25276"},{"taxonomy":"product_cat","embeddable":true,"href":"https:\/\/sagardoarenlurraldea.eus\/es\/wp-json\/wp\/v2\/product_cat?post=25276"},{"taxonomy":"product_tag","embeddable":true,"href":"https:\/\/sagardoarenlurraldea.eus\/es\/wp-json\/wp\/v2\/product_tag?post=25276"}],"curies":[{"name":"wp","href":"https:\/\/api.w.org\/{rel}","templated":true}]}}