{"id":25261,"date":"2017-12-29T19:09:25","date_gmt":"2017-12-29T17:09:25","guid":{"rendered":"http:\/\/www.sagardoarenlurraldea.eus\/?post_type=product&#038;p=25261"},"modified":"2017-12-29T19:10:43","modified_gmt":"2017-12-29T17:10:43","slug":"sidreria-usurbil-araeta","status":"publish","type":"product","link":"https:\/\/sagardoarenlurraldea.eus\/es\/reservar\/usurbil\/sidreria-usurbil-araeta\/","title":{"rendered":"Sidrer\u00eda Araeta"},"content":{"rendered":"<h2>Descripci\u00f3n<\/h2>\n<p>Desde que se fund\u00f3 en 1992, una de las labores principales de la sidrer\u00eda Araeta ha sido la producci\u00f3n propia y familiar de sidra, siguiendo paso a paso el m\u00e9todo tradicional, desde la recepci\u00f3n de la manzana, pasando por el prensado, hasta el embotellado, gracias a 40.000 m2 de terreno propio de manzanos.<\/p>\n<h2>Comidas y cenas<\/h2>\n<p><strong>En temporada<\/strong> (enero &#8211; abril): Comidas y cenas todos los d\u00edas.<\/p>\n<p><strong>Fuera de temporada<\/strong> (a partir de mayo): Comidas y cenas todos los d\u00edas.<\/p>\n<p>Capacidad: 120 comensales<\/p>\n<h2>Informaci\u00f3n adicional<\/h2>\n<p>Responsable: Ignacio O\u00f1ate<\/p>\n<p>Direcci\u00f3n: Berridi bidea, 22. Zubieta auzoa. Usurbil.<br \/>\nTfno.: 943362049<br \/>\nFax.: 943366073<br \/>\nE-mail: <a href=\"mailto:araeta@araeta.com\">araeta@araeta.com <\/a><br \/>\nWeb: <a href=\"http:\/\/www.araeta.com\">http:\/\/www.araeta.com<\/a><\/p>\n","protected":false},"excerpt":{"rendered":"<p>Sidrer\u00eda abierta todo el a\u00f1o. Adem\u00e1s del men\u00fa tradiconal de sidrer\u00eda, Araeta ofrece men\u00fas especiales y carta.<\/p>\n","protected":false},"featured_media":1304,"comment_status":"open","ping_status":"closed","template":"","meta":{"_acf_changed":false,"_et_pb_use_builder":"","_et_pb_old_content":"","_et_gb_content_width":""},"product_brand":[],"product_cat":[2152,101],"product_tag":[38,40,42,39,41,182,29,37,53,58,34,48,33,32,30,31],"class_list":{"0":"post-25261","1":"product","2":"type-product","3":"status-publish","4":"has-post-thumbnail","6":"product_cat-sidrerias","7":"product_cat-usurbil","8":"product_tag-acceso-a-pie","9":"product_tag-acceso-en-autobus","10":"product_tag-acceso-en-autobus-de-linea","11":"product_tag-acceso-en-coche","12":"product_tag-acceso-en-microbus","13":"product_tag-acceso-para-minusvalidos","14":"product_tag-comer-sentado","15":"product_tag-comidas-cenas-siempre","16":"product_tag-grupos-mayores-de-25","17":"product_tag-grupos-menores-de-25","18":"product_tag-menu-tradicional","19":"product_tag-parking","20":"product_tag-sidra-en-botella","21":"product_tag-sidra-en-txotx","22":"product_tag-turno-cena","23":"product_tag-turno-comida","24":"pa_acceso-a_pie","25":"pa_acceso-autobus_de_linea","26":"pa_caracteristicas-y-menus-comidas-cenas-siempre-abierto","27":"pa_caracteristicas-y-menus-grupos_mas_25","28":"pa_caracteristicas-y-menus-sidra_en_txotx","29":"dtwm_map-araeta","31":"first","32":"instock","33":"virtual","34":"product-type-simple"},"exclude_global_add_ons":[],"addons":[],"acf":[],"yoast_head":"<!-- This site is optimized with the Yoast SEO plugin v25.4 - https:\/\/yoast.com\/wordpress\/plugins\/seo\/ -->\n<title>Sidrer\u00eda Araeta - Sagardoaren Lurraldea<\/title>\n<meta name=\"robots\" content=\"index, follow, max-snippet:-1, max-image-preview:large, max-video-preview:-1\" \/>\n<link rel=\"canonical\" href=\"https:\/\/sagardoarenlurraldea.eus\/es\/reservar\/usurbil\/sidreria-usurbil-araeta\/\" \/>\n<meta property=\"og:locale\" content=\"es_ES\" \/>\n<meta property=\"og:type\" content=\"article\" \/>\n<meta property=\"og:title\" content=\"Sidrer\u00eda Araeta - Sagardoaren Lurraldea\" \/>\n<meta property=\"og:description\" content=\"Sidrer\u00eda abierta todo el a\u00f1o. Adem\u00e1s del men\u00fa tradiconal de sidrer\u00eda, Araeta ofrece men\u00fas especiales y carta.\" \/>\n<meta property=\"og:url\" content=\"https:\/\/sagardoarenlurraldea.eus\/es\/reservar\/usurbil\/sidreria-usurbil-araeta\/\" \/>\n<meta property=\"og:site_name\" content=\"Sagardoaren Lurraldea\" \/>\n<meta property=\"article:publisher\" content=\"https:\/\/www.facebook.com\/sagardoarenlurraldea\" \/>\n<meta property=\"article:modified_time\" content=\"2017-12-29T17:10:43+00:00\" \/>\n<meta property=\"og:image\" content=\"https:\/\/sagardoarenlurraldea.eus\/wp-content\/uploads\/2016\/08\/SIDARA-F00.jpg\" \/>\n\t<meta property=\"og:image:width\" content=\"900\" \/>\n\t<meta property=\"og:image:height\" content=\"600\" \/>\n\t<meta property=\"og:image:type\" content=\"image\/jpeg\" \/>\n<meta name=\"twitter:card\" content=\"summary_large_image\" \/>\n<meta name=\"twitter:label1\" content=\"Tiempo de lectura\" \/>\n\t<meta name=\"twitter:data1\" content=\"1 minuto\" \/>\n<script type=\"application\/ld+json\" class=\"yoast-schema-graph\">{\"@context\":\"https:\/\/schema.org\",\"@graph\":[{\"@type\":\"WebPage\",\"@id\":\"https:\/\/sagardoarenlurraldea.eus\/es\/reservar\/usurbil\/sidreria-usurbil-araeta\/\",\"url\":\"https:\/\/sagardoarenlurraldea.eus\/es\/reservar\/usurbil\/sidreria-usurbil-araeta\/\",\"name\":\"Sidrer\u00eda Araeta - Sagardoaren Lurraldea\",\"isPartOf\":{\"@id\":\"https:\/\/sagardoarenlurraldea.eus\/es\/#website\"},\"primaryImageOfPage\":{\"@id\":\"https:\/\/sagardoarenlurraldea.eus\/es\/reservar\/usurbil\/sidreria-usurbil-araeta\/#primaryimage\"},\"image\":{\"@id\":\"https:\/\/sagardoarenlurraldea.eus\/es\/reservar\/usurbil\/sidreria-usurbil-araeta\/#primaryimage\"},\"thumbnailUrl\":\"https:\/\/sagardoarenlurraldea.eus\/wp-content\/uploads\/2016\/08\/SIDARA-F00.jpg\",\"datePublished\":\"2017-12-29T17:09:25+00:00\",\"dateModified\":\"2017-12-29T17:10:43+00:00\",\"breadcrumb\":{\"@id\":\"https:\/\/sagardoarenlurraldea.eus\/es\/reservar\/usurbil\/sidreria-usurbil-araeta\/#breadcrumb\"},\"inLanguage\":\"es\",\"potentialAction\":[{\"@type\":\"ReadAction\",\"target\":[\"https:\/\/sagardoarenlurraldea.eus\/es\/reservar\/usurbil\/sidreria-usurbil-araeta\/\"]}]},{\"@type\":\"ImageObject\",\"inLanguage\":\"es\",\"@id\":\"https:\/\/sagardoarenlurraldea.eus\/es\/reservar\/usurbil\/sidreria-usurbil-araeta\/#primaryimage\",\"url\":\"https:\/\/sagardoarenlurraldea.eus\/wp-content\/uploads\/2016\/08\/SIDARA-F00.jpg\",\"contentUrl\":\"https:\/\/sagardoarenlurraldea.eus\/wp-content\/uploads\/2016\/08\/SIDARA-F00.jpg\",\"width\":900,\"height\":600,\"caption\":\"Comedor de la sidrer\u00eda Araeta\"},{\"@type\":\"BreadcrumbList\",\"@id\":\"https:\/\/sagardoarenlurraldea.eus\/es\/reservar\/usurbil\/sidreria-usurbil-araeta\/#breadcrumb\",\"itemListElement\":[{\"@type\":\"ListItem\",\"position\":1,\"name\":\"Inicio\",\"item\":\"https:\/\/sagardoarenlurraldea.eus\/es\/\"},{\"@type\":\"ListItem\",\"position\":2,\"name\":\"Reservar\",\"item\":\"https:\/\/sagardoarenlurraldea.eus\/es\/reservar\/\"},{\"@type\":\"ListItem\",\"position\":3,\"name\":\"Sidrer\u00eda Araeta\"}]},{\"@type\":\"WebSite\",\"@id\":\"https:\/\/sagardoarenlurraldea.eus\/es\/#website\",\"url\":\"https:\/\/sagardoarenlurraldea.eus\/es\/\",\"name\":\"Sagardoaren Lurraldea\",\"description\":\"El territorio de la sidra\",\"potentialAction\":[{\"@type\":\"SearchAction\",\"target\":{\"@type\":\"EntryPoint\",\"urlTemplate\":\"https:\/\/sagardoarenlurraldea.eus\/es\/?s={search_term_string}\"},\"query-input\":{\"@type\":\"PropertyValueSpecification\",\"valueRequired\":true,\"valueName\":\"search_term_string\"}}],\"inLanguage\":\"es\"}]}<\/script>\n<!-- \/ Yoast SEO plugin. -->","yoast_head_json":{"title":"Sidrer\u00eda Araeta - Sagardoaren Lurraldea","robots":{"index":"index","follow":"follow","max-snippet":"max-snippet:-1","max-image-preview":"max-image-preview:large","max-video-preview":"max-video-preview:-1"},"canonical":"https:\/\/sagardoarenlurraldea.eus\/es\/reservar\/usurbil\/sidreria-usurbil-araeta\/","og_locale":"es_ES","og_type":"article","og_title":"Sidrer\u00eda Araeta - Sagardoaren Lurraldea","og_description":"Sidrer\u00eda abierta todo el a\u00f1o. Adem\u00e1s del men\u00fa tradiconal de sidrer\u00eda, Araeta ofrece men\u00fas especiales y carta.","og_url":"https:\/\/sagardoarenlurraldea.eus\/es\/reservar\/usurbil\/sidreria-usurbil-araeta\/","og_site_name":"Sagardoaren Lurraldea","article_publisher":"https:\/\/www.facebook.com\/sagardoarenlurraldea","article_modified_time":"2017-12-29T17:10:43+00:00","og_image":[{"width":900,"height":600,"url":"https:\/\/sagardoarenlurraldea.eus\/wp-content\/uploads\/2016\/08\/SIDARA-F00.jpg","type":"image\/jpeg"}],"twitter_card":"summary_large_image","twitter_misc":{"Tiempo de lectura":"1 minuto"},"schema":{"@context":"https:\/\/schema.org","@graph":[{"@type":"WebPage","@id":"https:\/\/sagardoarenlurraldea.eus\/es\/reservar\/usurbil\/sidreria-usurbil-araeta\/","url":"https:\/\/sagardoarenlurraldea.eus\/es\/reservar\/usurbil\/sidreria-usurbil-araeta\/","name":"Sidrer\u00eda Araeta - Sagardoaren Lurraldea","isPartOf":{"@id":"https:\/\/sagardoarenlurraldea.eus\/es\/#website"},"primaryImageOfPage":{"@id":"https:\/\/sagardoarenlurraldea.eus\/es\/reservar\/usurbil\/sidreria-usurbil-araeta\/#primaryimage"},"image":{"@id":"https:\/\/sagardoarenlurraldea.eus\/es\/reservar\/usurbil\/sidreria-usurbil-araeta\/#primaryimage"},"thumbnailUrl":"https:\/\/sagardoarenlurraldea.eus\/wp-content\/uploads\/2016\/08\/SIDARA-F00.jpg","datePublished":"2017-12-29T17:09:25+00:00","dateModified":"2017-12-29T17:10:43+00:00","breadcrumb":{"@id":"https:\/\/sagardoarenlurraldea.eus\/es\/reservar\/usurbil\/sidreria-usurbil-araeta\/#breadcrumb"},"inLanguage":"es","potentialAction":[{"@type":"ReadAction","target":["https:\/\/sagardoarenlurraldea.eus\/es\/reservar\/usurbil\/sidreria-usurbil-araeta\/"]}]},{"@type":"ImageObject","inLanguage":"es","@id":"https:\/\/sagardoarenlurraldea.eus\/es\/reservar\/usurbil\/sidreria-usurbil-araeta\/#primaryimage","url":"https:\/\/sagardoarenlurraldea.eus\/wp-content\/uploads\/2016\/08\/SIDARA-F00.jpg","contentUrl":"https:\/\/sagardoarenlurraldea.eus\/wp-content\/uploads\/2016\/08\/SIDARA-F00.jpg","width":900,"height":600,"caption":"Comedor de la sidrer\u00eda Araeta"},{"@type":"BreadcrumbList","@id":"https:\/\/sagardoarenlurraldea.eus\/es\/reservar\/usurbil\/sidreria-usurbil-araeta\/#breadcrumb","itemListElement":[{"@type":"ListItem","position":1,"name":"Inicio","item":"https:\/\/sagardoarenlurraldea.eus\/es\/"},{"@type":"ListItem","position":2,"name":"Reservar","item":"https:\/\/sagardoarenlurraldea.eus\/es\/reservar\/"},{"@type":"ListItem","position":3,"name":"Sidrer\u00eda Araeta"}]},{"@type":"WebSite","@id":"https:\/\/sagardoarenlurraldea.eus\/es\/#website","url":"https:\/\/sagardoarenlurraldea.eus\/es\/","name":"Sagardoaren Lurraldea","description":"El territorio de la sidra","potentialAction":[{"@type":"SearchAction","target":{"@type":"EntryPoint","urlTemplate":"https:\/\/sagardoarenlurraldea.eus\/es\/?s={search_term_string}"},"query-input":{"@type":"PropertyValueSpecification","valueRequired":true,"valueName":"search_term_string"}}],"inLanguage":"es"}]}},"_links":{"self":[{"href":"https:\/\/sagardoarenlurraldea.eus\/es\/wp-json\/wp\/v2\/product\/25261","targetHints":{"allow":["GET"]}}],"collection":[{"href":"https:\/\/sagardoarenlurraldea.eus\/es\/wp-json\/wp\/v2\/product"}],"about":[{"href":"https:\/\/sagardoarenlurraldea.eus\/es\/wp-json\/wp\/v2\/types\/product"}],"replies":[{"embeddable":true,"href":"https:\/\/sagardoarenlurraldea.eus\/es\/wp-json\/wp\/v2\/comments?post=25261"}],"wp:featuredmedia":[{"embeddable":true,"href":"https:\/\/sagardoarenlurraldea.eus\/es\/wp-json\/wp\/v2\/media\/1304"}],"wp:attachment":[{"href":"https:\/\/sagardoarenlurraldea.eus\/es\/wp-json\/wp\/v2\/media?parent=25261"}],"wp:term":[{"taxonomy":"product_brand","embeddable":true,"href":"https:\/\/sagardoarenlurraldea.eus\/es\/wp-json\/wp\/v2\/product_brand?post=25261"},{"taxonomy":"product_cat","embeddable":true,"href":"https:\/\/sagardoarenlurraldea.eus\/es\/wp-json\/wp\/v2\/product_cat?post=25261"},{"taxonomy":"product_tag","embeddable":true,"href":"https:\/\/sagardoarenlurraldea.eus\/es\/wp-json\/wp\/v2\/product_tag?post=25261"}],"curies":[{"name":"wp","href":"https:\/\/api.w.org\/{rel}","templated":true}]}}