{"id":25256,"date":"2017-12-29T19:06:42","date_gmt":"2017-12-29T17:06:42","guid":{"rendered":"http:\/\/www.sagardoarenlurraldea.eus\/?post_type=product&#038;p=25256"},"modified":"2025-01-21T14:14:51","modified_gmt":"2025-01-21T12:14:51","slug":"sidreria-zarautz-arizia","status":"publish","type":"product","link":"https:\/\/sagardoarenlurraldea.eus\/es\/reservar\/zarautz\/sidreria-zarautz-arizia\/","title":{"rendered":"Sidrer\u00eda Arizia"},"content":{"rendered":"<h2>Descripci\u00f3n<\/h2>\n<p>Es una familia de Zarautz que lleva m\u00e1s de tres d\u00e9cadas elaborando sidra natural con manzanas propias en cultivo ecol\u00f3gico. Se puede degustar al txotx durante todo el a\u00f1o junto con su amplia oferta gastron\u00f3mica ya que tienen tanto el men\u00fa tradicional como carta con pescados a la parrilla y productos de temporada.<\/p>\n<h2>Comidas y cenas<\/h2>\n<p><strong>En temporada de invierno<\/strong> (septiembre-junio) abren todos los d\u00edas al mediod\u00eda excepto los mi\u00e9rcoles y los viernes y s\u00e1bado por la noche<\/p>\n<p><strong>En Julio y Agosto<\/strong> sin embargo, ampl\u00edan a las cenas de los lunes, martes y jueves.<\/p>\n<p>Capacidad: 100 comensales<\/p>\n<h2>Informaci\u00f3n adicional<\/h2>\n<p>Direcci\u00f3n: Aitze auzoa 531, 20800 Zarautz (Gipuzkoa)<br \/>\nTlf y Whatsapp: 943100489<br \/>\nE-mail: <a href=\"mailto:arizia@arizia.eus\">arizia@arizia.eus <\/a><br \/>\nWeb: <a href=\"http:\/\/www.arizia.eus\">http:\/\/www.arizia.eus<\/a><\/p>\n","protected":false},"excerpt":{"rendered":"<p>Sidrer\u00eda abierta todo el a\u00f1o. Desde la terraza se puede ver una excelente panor\u00e1mica de Zarautz.<\/p>\n","protected":false},"featured_media":300186,"comment_status":"open","ping_status":"closed","template":"","meta":{"_acf_changed":false,"_et_pb_use_builder":"","_et_pb_old_content":"","_et_gb_content_width":""},"product_brand":[],"product_cat":[2152,102],"product_tag":[40,39,41,182,29,37,53,58,34,48,33,32,30,31],"class_list":{"0":"post-25256","1":"product","2":"type-product","3":"status-publish","4":"has-post-thumbnail","6":"product_cat-sidrerias","7":"product_cat-zarautz","8":"product_tag-acceso-en-autobus","9":"product_tag-acceso-en-coche","10":"product_tag-acceso-en-microbus","11":"product_tag-acceso-para-minusvalidos","12":"product_tag-comer-sentado","13":"product_tag-comidas-cenas-siempre","14":"product_tag-grupos-mayores-de-25","15":"product_tag-grupos-menores-de-25","16":"product_tag-menu-tradicional","17":"product_tag-parking","18":"product_tag-sidra-en-botella","19":"product_tag-sidra-en-txotx","20":"product_tag-turno-cena","21":"product_tag-turno-comida","22":"pa_caracteristicas-y-menus-comidas-cenas-siempre-abierto","23":"pa_caracteristicas-y-menus-grupos_mas_25","24":"pa_caracteristicas-y-menus-sidra_en_txotx","25":"dtwm_map-arizia","27":"first","28":"instock","29":"virtual","30":"product-type-simple"},"exclude_global_add_ons":[],"addons":[],"acf":[],"yoast_head":"<!-- This site is optimized with the Yoast SEO plugin v25.4 - https:\/\/yoast.com\/wordpress\/plugins\/seo\/ -->\n<title>Sidrer\u00eda Arizia - Sagardoaren Lurraldea<\/title>\n<meta name=\"robots\" content=\"index, follow, max-snippet:-1, max-image-preview:large, max-video-preview:-1\" \/>\n<link rel=\"canonical\" href=\"https:\/\/sagardoarenlurraldea.eus\/es\/reservar\/zarautz\/sidreria-zarautz-arizia\/\" \/>\n<meta property=\"og:locale\" content=\"es_ES\" \/>\n<meta property=\"og:type\" content=\"article\" \/>\n<meta property=\"og:title\" content=\"Sidrer\u00eda Arizia - Sagardoaren Lurraldea\" \/>\n<meta property=\"og:description\" content=\"Sidrer\u00eda abierta todo el a\u00f1o. Desde la terraza se puede ver una excelente panor\u00e1mica de Zarautz.\" \/>\n<meta property=\"og:url\" content=\"https:\/\/sagardoarenlurraldea.eus\/es\/reservar\/zarautz\/sidreria-zarautz-arizia\/\" \/>\n<meta property=\"og:site_name\" content=\"Sagardoaren Lurraldea\" \/>\n<meta property=\"article:publisher\" content=\"https:\/\/www.facebook.com\/sagardoarenlurraldea\" \/>\n<meta property=\"article:modified_time\" content=\"2025-01-21T12:14:51+00:00\" \/>\n<meta property=\"og:image\" content=\"https:\/\/sagardoarenlurraldea.eus\/wp-content\/uploads\/2017\/12\/instalaciones_arizia_v2_2.jpg\" \/>\n\t<meta property=\"og:image:width\" content=\"1400\" \/>\n\t<meta property=\"og:image:height\" content=\"933\" \/>\n\t<meta property=\"og:image:type\" content=\"image\/jpeg\" \/>\n<meta name=\"twitter:card\" content=\"summary_large_image\" \/>\n<meta name=\"twitter:label1\" content=\"Tiempo de lectura\" \/>\n\t<meta name=\"twitter:data1\" content=\"1 minuto\" \/>\n<script type=\"application\/ld+json\" class=\"yoast-schema-graph\">{\"@context\":\"https:\/\/schema.org\",\"@graph\":[{\"@type\":\"WebPage\",\"@id\":\"https:\/\/sagardoarenlurraldea.eus\/es\/reservar\/zarautz\/sidreria-zarautz-arizia\/\",\"url\":\"https:\/\/sagardoarenlurraldea.eus\/es\/reservar\/zarautz\/sidreria-zarautz-arizia\/\",\"name\":\"Sidrer\u00eda Arizia - Sagardoaren Lurraldea\",\"isPartOf\":{\"@id\":\"https:\/\/sagardoarenlurraldea.eus\/es\/#website\"},\"primaryImageOfPage\":{\"@id\":\"https:\/\/sagardoarenlurraldea.eus\/es\/reservar\/zarautz\/sidreria-zarautz-arizia\/#primaryimage\"},\"image\":{\"@id\":\"https:\/\/sagardoarenlurraldea.eus\/es\/reservar\/zarautz\/sidreria-zarautz-arizia\/#primaryimage\"},\"thumbnailUrl\":\"https:\/\/sagardoarenlurraldea.eus\/wp-content\/uploads\/2017\/12\/instalaciones_arizia_v2_2.jpg\",\"datePublished\":\"2017-12-29T17:06:42+00:00\",\"dateModified\":\"2025-01-21T12:14:51+00:00\",\"breadcrumb\":{\"@id\":\"https:\/\/sagardoarenlurraldea.eus\/es\/reservar\/zarautz\/sidreria-zarautz-arizia\/#breadcrumb\"},\"inLanguage\":\"es\",\"potentialAction\":[{\"@type\":\"ReadAction\",\"target\":[\"https:\/\/sagardoarenlurraldea.eus\/es\/reservar\/zarautz\/sidreria-zarautz-arizia\/\"]}]},{\"@type\":\"ImageObject\",\"inLanguage\":\"es\",\"@id\":\"https:\/\/sagardoarenlurraldea.eus\/es\/reservar\/zarautz\/sidreria-zarautz-arizia\/#primaryimage\",\"url\":\"https:\/\/sagardoarenlurraldea.eus\/wp-content\/uploads\/2017\/12\/instalaciones_arizia_v2_2.jpg\",\"contentUrl\":\"https:\/\/sagardoarenlurraldea.eus\/wp-content\/uploads\/2017\/12\/instalaciones_arizia_v2_2.jpg\",\"width\":1400,\"height\":933},{\"@type\":\"BreadcrumbList\",\"@id\":\"https:\/\/sagardoarenlurraldea.eus\/es\/reservar\/zarautz\/sidreria-zarautz-arizia\/#breadcrumb\",\"itemListElement\":[{\"@type\":\"ListItem\",\"position\":1,\"name\":\"Inicio\",\"item\":\"https:\/\/sagardoarenlurraldea.eus\/es\/\"},{\"@type\":\"ListItem\",\"position\":2,\"name\":\"Reservar\",\"item\":\"https:\/\/sagardoarenlurraldea.eus\/es\/reservar\/\"},{\"@type\":\"ListItem\",\"position\":3,\"name\":\"Sidrer\u00eda Arizia\"}]},{\"@type\":\"WebSite\",\"@id\":\"https:\/\/sagardoarenlurraldea.eus\/es\/#website\",\"url\":\"https:\/\/sagardoarenlurraldea.eus\/es\/\",\"name\":\"Sagardoaren Lurraldea\",\"description\":\"El territorio de la sidra\",\"potentialAction\":[{\"@type\":\"SearchAction\",\"target\":{\"@type\":\"EntryPoint\",\"urlTemplate\":\"https:\/\/sagardoarenlurraldea.eus\/es\/?s={search_term_string}\"},\"query-input\":{\"@type\":\"PropertyValueSpecification\",\"valueRequired\":true,\"valueName\":\"search_term_string\"}}],\"inLanguage\":\"es\"}]}<\/script>\n<!-- \/ Yoast SEO plugin. -->","yoast_head_json":{"title":"Sidrer\u00eda Arizia - Sagardoaren Lurraldea","robots":{"index":"index","follow":"follow","max-snippet":"max-snippet:-1","max-image-preview":"max-image-preview:large","max-video-preview":"max-video-preview:-1"},"canonical":"https:\/\/sagardoarenlurraldea.eus\/es\/reservar\/zarautz\/sidreria-zarautz-arizia\/","og_locale":"es_ES","og_type":"article","og_title":"Sidrer\u00eda Arizia - Sagardoaren Lurraldea","og_description":"Sidrer\u00eda abierta todo el a\u00f1o. Desde la terraza se puede ver una excelente panor\u00e1mica de Zarautz.","og_url":"https:\/\/sagardoarenlurraldea.eus\/es\/reservar\/zarautz\/sidreria-zarautz-arizia\/","og_site_name":"Sagardoaren Lurraldea","article_publisher":"https:\/\/www.facebook.com\/sagardoarenlurraldea","article_modified_time":"2025-01-21T12:14:51+00:00","og_image":[{"width":1400,"height":933,"url":"https:\/\/sagardoarenlurraldea.eus\/wp-content\/uploads\/2017\/12\/instalaciones_arizia_v2_2.jpg","type":"image\/jpeg"}],"twitter_card":"summary_large_image","twitter_misc":{"Tiempo de lectura":"1 minuto"},"schema":{"@context":"https:\/\/schema.org","@graph":[{"@type":"WebPage","@id":"https:\/\/sagardoarenlurraldea.eus\/es\/reservar\/zarautz\/sidreria-zarautz-arizia\/","url":"https:\/\/sagardoarenlurraldea.eus\/es\/reservar\/zarautz\/sidreria-zarautz-arizia\/","name":"Sidrer\u00eda Arizia - Sagardoaren Lurraldea","isPartOf":{"@id":"https:\/\/sagardoarenlurraldea.eus\/es\/#website"},"primaryImageOfPage":{"@id":"https:\/\/sagardoarenlurraldea.eus\/es\/reservar\/zarautz\/sidreria-zarautz-arizia\/#primaryimage"},"image":{"@id":"https:\/\/sagardoarenlurraldea.eus\/es\/reservar\/zarautz\/sidreria-zarautz-arizia\/#primaryimage"},"thumbnailUrl":"https:\/\/sagardoarenlurraldea.eus\/wp-content\/uploads\/2017\/12\/instalaciones_arizia_v2_2.jpg","datePublished":"2017-12-29T17:06:42+00:00","dateModified":"2025-01-21T12:14:51+00:00","breadcrumb":{"@id":"https:\/\/sagardoarenlurraldea.eus\/es\/reservar\/zarautz\/sidreria-zarautz-arizia\/#breadcrumb"},"inLanguage":"es","potentialAction":[{"@type":"ReadAction","target":["https:\/\/sagardoarenlurraldea.eus\/es\/reservar\/zarautz\/sidreria-zarautz-arizia\/"]}]},{"@type":"ImageObject","inLanguage":"es","@id":"https:\/\/sagardoarenlurraldea.eus\/es\/reservar\/zarautz\/sidreria-zarautz-arizia\/#primaryimage","url":"https:\/\/sagardoarenlurraldea.eus\/wp-content\/uploads\/2017\/12\/instalaciones_arizia_v2_2.jpg","contentUrl":"https:\/\/sagardoarenlurraldea.eus\/wp-content\/uploads\/2017\/12\/instalaciones_arizia_v2_2.jpg","width":1400,"height":933},{"@type":"BreadcrumbList","@id":"https:\/\/sagardoarenlurraldea.eus\/es\/reservar\/zarautz\/sidreria-zarautz-arizia\/#breadcrumb","itemListElement":[{"@type":"ListItem","position":1,"name":"Inicio","item":"https:\/\/sagardoarenlurraldea.eus\/es\/"},{"@type":"ListItem","position":2,"name":"Reservar","item":"https:\/\/sagardoarenlurraldea.eus\/es\/reservar\/"},{"@type":"ListItem","position":3,"name":"Sidrer\u00eda Arizia"}]},{"@type":"WebSite","@id":"https:\/\/sagardoarenlurraldea.eus\/es\/#website","url":"https:\/\/sagardoarenlurraldea.eus\/es\/","name":"Sagardoaren Lurraldea","description":"El territorio de la sidra","potentialAction":[{"@type":"SearchAction","target":{"@type":"EntryPoint","urlTemplate":"https:\/\/sagardoarenlurraldea.eus\/es\/?s={search_term_string}"},"query-input":{"@type":"PropertyValueSpecification","valueRequired":true,"valueName":"search_term_string"}}],"inLanguage":"es"}]}},"_links":{"self":[{"href":"https:\/\/sagardoarenlurraldea.eus\/es\/wp-json\/wp\/v2\/product\/25256","targetHints":{"allow":["GET"]}}],"collection":[{"href":"https:\/\/sagardoarenlurraldea.eus\/es\/wp-json\/wp\/v2\/product"}],"about":[{"href":"https:\/\/sagardoarenlurraldea.eus\/es\/wp-json\/wp\/v2\/types\/product"}],"replies":[{"embeddable":true,"href":"https:\/\/sagardoarenlurraldea.eus\/es\/wp-json\/wp\/v2\/comments?post=25256"}],"wp:featuredmedia":[{"embeddable":true,"href":"https:\/\/sagardoarenlurraldea.eus\/es\/wp-json\/wp\/v2\/media\/300186"}],"wp:attachment":[{"href":"https:\/\/sagardoarenlurraldea.eus\/es\/wp-json\/wp\/v2\/media?parent=25256"}],"wp:term":[{"taxonomy":"product_brand","embeddable":true,"href":"https:\/\/sagardoarenlurraldea.eus\/es\/wp-json\/wp\/v2\/product_brand?post=25256"},{"taxonomy":"product_cat","embeddable":true,"href":"https:\/\/sagardoarenlurraldea.eus\/es\/wp-json\/wp\/v2\/product_cat?post=25256"},{"taxonomy":"product_tag","embeddable":true,"href":"https:\/\/sagardoarenlurraldea.eus\/es\/wp-json\/wp\/v2\/product_tag?post=25256"}],"curies":[{"name":"wp","href":"https:\/\/api.w.org\/{rel}","templated":true}]}}