{"id":25156,"date":"2017-12-29T14:04:27","date_gmt":"2017-12-29T12:04:27","guid":{"rendered":"http:\/\/www.sagardoarenlurraldea.eus\/?post_type=product&#038;p=25156"},"modified":"2017-12-29T14:05:59","modified_gmt":"2017-12-29T12:05:59","slug":"sidreria-donostia-san-sebastian-calonge","status":"publish","type":"product","link":"https:\/\/sagardoarenlurraldea.eus\/es\/reservar\/donostia-san-sebastian\/sidreria-donostia-san-sebastian-calonge\/","title":{"rendered":"Sidrer\u00eda Calonge"},"content":{"rendered":"<h2>Descripci\u00f3n<\/h2>\n<p>La sidrer\u00eda Calonge mantiene la tradici\u00f3n, hoy en d\u00eda convertida en actividad principal, de elaborar sidra natural desde principios del siglo XX. Despu\u00e9s de varias adaptaciones al aumento de la demanda de sidra, desde el a\u00f1o 2006 gozan de unas instalaciones completamente renovadas y abiertas al p\u00fablico todo el a\u00f1o. Esta sidrer\u00eda produce cerca de los 145.000 litros de sidra al a\u00f1o.<\/p>\n<h2>Comidas y cenas<\/h2>\n<p><strong>En temporada<\/strong> (enero &#8211; abril): De lunes a viernes solo cenas; s\u00e1bados comidas y cenas. Domingos cerrado.<\/p>\n<p><strong>Fuera de temporada<\/strong> (a partir de mayo): Comidas y cenas todos los d\u00edas (lunes todo el dia y domingo a la noche cerrado).<\/p>\n<p>Capacidad: 120 comensales<\/p>\n<h2>Informaci\u00f3n adicional<\/h2>\n<p>Responsable: Jose Cruz Calonge<\/p>\n<p>Direcci\u00f3n: Gurutzeta Baserria. Orkolaga Paseoa, 8. Igeldo (Donostia-San Sebastian).<br \/>\nTfno.: 943213251<br \/>\nFax.: 943313154<br \/>\nE-mail: <a href=\"mailto:sidreriacalonge@gmail.com\">sidreriacalonge@gmail.com<\/a><br \/>\nWeb: <a href=\"http:\/\/www.sidreriacalonge.com\">http:\/\/www.sidreriacalonge.com<\/a><\/p>\n","protected":false},"excerpt":{"rendered":"<p>Sidrer\u00eda abierta todo el a\u00f1o. Calonge est\u00e1 adaptada a los nuevos tiempos, con aspecto moderno y vistas al mar.<\/p>\n","protected":false},"featured_media":1439,"comment_status":"open","ping_status":"closed","template":"","meta":{"_acf_changed":false,"_et_pb_use_builder":"","_et_pb_old_content":"","_et_gb_content_width":""},"product_brand":[],"product_cat":[77,2152],"product_tag":[40,42,39,41,29,37,53,58,34,48,32,30,31],"class_list":{"0":"post-25156","1":"product","2":"type-product","3":"status-publish","4":"has-post-thumbnail","6":"product_cat-donostia-san-sebastian","7":"product_cat-sidrerias","8":"product_tag-acceso-en-autobus","9":"product_tag-acceso-en-autobus-de-linea","10":"product_tag-acceso-en-coche","11":"product_tag-acceso-en-microbus","12":"product_tag-comer-sentado","13":"product_tag-comidas-cenas-siempre","14":"product_tag-grupos-mayores-de-25","15":"product_tag-grupos-menores-de-25","16":"product_tag-menu-tradicional","17":"product_tag-parking","18":"product_tag-sidra-en-txotx","19":"product_tag-turno-cena","20":"product_tag-turno-comida","21":"pa_acceso-autobus_de_linea","22":"pa_caracteristicas-y-menus-grupos_mas_25","23":"pa_caracteristicas-y-menus-sidra_en_txotx","24":"dtwm_map-calonge","26":"first","27":"instock","28":"virtual","29":"product-type-simple"},"exclude_global_add_ons":[],"addons":[],"acf":[],"yoast_head":"<!-- This site is optimized with the Yoast SEO plugin v25.4 - https:\/\/yoast.com\/wordpress\/plugins\/seo\/ -->\n<title>Sidrer\u00eda Calonge - Sagardoaren Lurraldea<\/title>\n<meta name=\"robots\" content=\"index, follow, max-snippet:-1, max-image-preview:large, max-video-preview:-1\" \/>\n<link rel=\"canonical\" href=\"https:\/\/sagardoarenlurraldea.eus\/es\/reservar\/donostia-san-sebastian\/sidreria-donostia-san-sebastian-calonge\/\" \/>\n<meta property=\"og:locale\" content=\"es_ES\" \/>\n<meta property=\"og:type\" content=\"article\" \/>\n<meta property=\"og:title\" content=\"Sidrer\u00eda Calonge - Sagardoaren Lurraldea\" \/>\n<meta property=\"og:description\" content=\"Sidrer\u00eda abierta todo el a\u00f1o. Calonge est\u00e1 adaptada a los nuevos tiempos, con aspecto moderno y vistas al mar.\" \/>\n<meta property=\"og:url\" content=\"https:\/\/sagardoarenlurraldea.eus\/es\/reservar\/donostia-san-sebastian\/sidreria-donostia-san-sebastian-calonge\/\" \/>\n<meta property=\"og:site_name\" content=\"Sagardoaren Lurraldea\" \/>\n<meta property=\"article:publisher\" content=\"https:\/\/www.facebook.com\/sagardoarenlurraldea\" \/>\n<meta property=\"article:modified_time\" content=\"2017-12-29T12:05:59+00:00\" \/>\n<meta property=\"og:image\" content=\"https:\/\/sagardoarenlurraldea.eus\/wp-content\/uploads\/2016\/08\/SIDCAL-F00.jpg\" \/>\n\t<meta property=\"og:image:width\" content=\"900\" \/>\n\t<meta property=\"og:image:height\" content=\"600\" \/>\n\t<meta property=\"og:image:type\" content=\"image\/jpeg\" \/>\n<meta name=\"twitter:card\" content=\"summary_large_image\" \/>\n<meta name=\"twitter:label1\" content=\"Tiempo de lectura\" \/>\n\t<meta name=\"twitter:data1\" content=\"1 minuto\" \/>\n<script type=\"application\/ld+json\" class=\"yoast-schema-graph\">{\"@context\":\"https:\/\/schema.org\",\"@graph\":[{\"@type\":\"WebPage\",\"@id\":\"https:\/\/sagardoarenlurraldea.eus\/es\/reservar\/donostia-san-sebastian\/sidreria-donostia-san-sebastian-calonge\/\",\"url\":\"https:\/\/sagardoarenlurraldea.eus\/es\/reservar\/donostia-san-sebastian\/sidreria-donostia-san-sebastian-calonge\/\",\"name\":\"Sidrer\u00eda Calonge - Sagardoaren Lurraldea\",\"isPartOf\":{\"@id\":\"https:\/\/sagardoarenlurraldea.eus\/es\/#website\"},\"primaryImageOfPage\":{\"@id\":\"https:\/\/sagardoarenlurraldea.eus\/es\/reservar\/donostia-san-sebastian\/sidreria-donostia-san-sebastian-calonge\/#primaryimage\"},\"image\":{\"@id\":\"https:\/\/sagardoarenlurraldea.eus\/es\/reservar\/donostia-san-sebastian\/sidreria-donostia-san-sebastian-calonge\/#primaryimage\"},\"thumbnailUrl\":\"https:\/\/sagardoarenlurraldea.eus\/wp-content\/uploads\/2016\/08\/SIDCAL-F00.jpg\",\"datePublished\":\"2017-12-29T12:04:27+00:00\",\"dateModified\":\"2017-12-29T12:05:59+00:00\",\"breadcrumb\":{\"@id\":\"https:\/\/sagardoarenlurraldea.eus\/es\/reservar\/donostia-san-sebastian\/sidreria-donostia-san-sebastian-calonge\/#breadcrumb\"},\"inLanguage\":\"es\",\"potentialAction\":[{\"@type\":\"ReadAction\",\"target\":[\"https:\/\/sagardoarenlurraldea.eus\/es\/reservar\/donostia-san-sebastian\/sidreria-donostia-san-sebastian-calonge\/\"]}]},{\"@type\":\"ImageObject\",\"inLanguage\":\"es\",\"@id\":\"https:\/\/sagardoarenlurraldea.eus\/es\/reservar\/donostia-san-sebastian\/sidreria-donostia-san-sebastian-calonge\/#primaryimage\",\"url\":\"https:\/\/sagardoarenlurraldea.eus\/wp-content\/uploads\/2016\/08\/SIDCAL-F00.jpg\",\"contentUrl\":\"https:\/\/sagardoarenlurraldea.eus\/wp-content\/uploads\/2016\/08\/SIDCAL-F00.jpg\",\"width\":900,\"height\":600,\"caption\":\"Fachada principal de la sidrer\u00eda Calonge\"},{\"@type\":\"BreadcrumbList\",\"@id\":\"https:\/\/sagardoarenlurraldea.eus\/es\/reservar\/donostia-san-sebastian\/sidreria-donostia-san-sebastian-calonge\/#breadcrumb\",\"itemListElement\":[{\"@type\":\"ListItem\",\"position\":1,\"name\":\"Inicio\",\"item\":\"https:\/\/sagardoarenlurraldea.eus\/es\/\"},{\"@type\":\"ListItem\",\"position\":2,\"name\":\"Reservar\",\"item\":\"https:\/\/sagardoarenlurraldea.eus\/es\/reservar\/\"},{\"@type\":\"ListItem\",\"position\":3,\"name\":\"Sidrer\u00eda Calonge\"}]},{\"@type\":\"WebSite\",\"@id\":\"https:\/\/sagardoarenlurraldea.eus\/es\/#website\",\"url\":\"https:\/\/sagardoarenlurraldea.eus\/es\/\",\"name\":\"Sagardoaren Lurraldea\",\"description\":\"El territorio de la sidra\",\"potentialAction\":[{\"@type\":\"SearchAction\",\"target\":{\"@type\":\"EntryPoint\",\"urlTemplate\":\"https:\/\/sagardoarenlurraldea.eus\/es\/?s={search_term_string}\"},\"query-input\":{\"@type\":\"PropertyValueSpecification\",\"valueRequired\":true,\"valueName\":\"search_term_string\"}}],\"inLanguage\":\"es\"}]}<\/script>\n<!-- \/ Yoast SEO plugin. -->","yoast_head_json":{"title":"Sidrer\u00eda Calonge - Sagardoaren Lurraldea","robots":{"index":"index","follow":"follow","max-snippet":"max-snippet:-1","max-image-preview":"max-image-preview:large","max-video-preview":"max-video-preview:-1"},"canonical":"https:\/\/sagardoarenlurraldea.eus\/es\/reservar\/donostia-san-sebastian\/sidreria-donostia-san-sebastian-calonge\/","og_locale":"es_ES","og_type":"article","og_title":"Sidrer\u00eda Calonge - Sagardoaren Lurraldea","og_description":"Sidrer\u00eda abierta todo el a\u00f1o. Calonge est\u00e1 adaptada a los nuevos tiempos, con aspecto moderno y vistas al mar.","og_url":"https:\/\/sagardoarenlurraldea.eus\/es\/reservar\/donostia-san-sebastian\/sidreria-donostia-san-sebastian-calonge\/","og_site_name":"Sagardoaren Lurraldea","article_publisher":"https:\/\/www.facebook.com\/sagardoarenlurraldea","article_modified_time":"2017-12-29T12:05:59+00:00","og_image":[{"width":900,"height":600,"url":"https:\/\/sagardoarenlurraldea.eus\/wp-content\/uploads\/2016\/08\/SIDCAL-F00.jpg","type":"image\/jpeg"}],"twitter_card":"summary_large_image","twitter_misc":{"Tiempo de lectura":"1 minuto"},"schema":{"@context":"https:\/\/schema.org","@graph":[{"@type":"WebPage","@id":"https:\/\/sagardoarenlurraldea.eus\/es\/reservar\/donostia-san-sebastian\/sidreria-donostia-san-sebastian-calonge\/","url":"https:\/\/sagardoarenlurraldea.eus\/es\/reservar\/donostia-san-sebastian\/sidreria-donostia-san-sebastian-calonge\/","name":"Sidrer\u00eda Calonge - Sagardoaren Lurraldea","isPartOf":{"@id":"https:\/\/sagardoarenlurraldea.eus\/es\/#website"},"primaryImageOfPage":{"@id":"https:\/\/sagardoarenlurraldea.eus\/es\/reservar\/donostia-san-sebastian\/sidreria-donostia-san-sebastian-calonge\/#primaryimage"},"image":{"@id":"https:\/\/sagardoarenlurraldea.eus\/es\/reservar\/donostia-san-sebastian\/sidreria-donostia-san-sebastian-calonge\/#primaryimage"},"thumbnailUrl":"https:\/\/sagardoarenlurraldea.eus\/wp-content\/uploads\/2016\/08\/SIDCAL-F00.jpg","datePublished":"2017-12-29T12:04:27+00:00","dateModified":"2017-12-29T12:05:59+00:00","breadcrumb":{"@id":"https:\/\/sagardoarenlurraldea.eus\/es\/reservar\/donostia-san-sebastian\/sidreria-donostia-san-sebastian-calonge\/#breadcrumb"},"inLanguage":"es","potentialAction":[{"@type":"ReadAction","target":["https:\/\/sagardoarenlurraldea.eus\/es\/reservar\/donostia-san-sebastian\/sidreria-donostia-san-sebastian-calonge\/"]}]},{"@type":"ImageObject","inLanguage":"es","@id":"https:\/\/sagardoarenlurraldea.eus\/es\/reservar\/donostia-san-sebastian\/sidreria-donostia-san-sebastian-calonge\/#primaryimage","url":"https:\/\/sagardoarenlurraldea.eus\/wp-content\/uploads\/2016\/08\/SIDCAL-F00.jpg","contentUrl":"https:\/\/sagardoarenlurraldea.eus\/wp-content\/uploads\/2016\/08\/SIDCAL-F00.jpg","width":900,"height":600,"caption":"Fachada principal de la sidrer\u00eda Calonge"},{"@type":"BreadcrumbList","@id":"https:\/\/sagardoarenlurraldea.eus\/es\/reservar\/donostia-san-sebastian\/sidreria-donostia-san-sebastian-calonge\/#breadcrumb","itemListElement":[{"@type":"ListItem","position":1,"name":"Inicio","item":"https:\/\/sagardoarenlurraldea.eus\/es\/"},{"@type":"ListItem","position":2,"name":"Reservar","item":"https:\/\/sagardoarenlurraldea.eus\/es\/reservar\/"},{"@type":"ListItem","position":3,"name":"Sidrer\u00eda Calonge"}]},{"@type":"WebSite","@id":"https:\/\/sagardoarenlurraldea.eus\/es\/#website","url":"https:\/\/sagardoarenlurraldea.eus\/es\/","name":"Sagardoaren Lurraldea","description":"El territorio de la sidra","potentialAction":[{"@type":"SearchAction","target":{"@type":"EntryPoint","urlTemplate":"https:\/\/sagardoarenlurraldea.eus\/es\/?s={search_term_string}"},"query-input":{"@type":"PropertyValueSpecification","valueRequired":true,"valueName":"search_term_string"}}],"inLanguage":"es"}]}},"_links":{"self":[{"href":"https:\/\/sagardoarenlurraldea.eus\/es\/wp-json\/wp\/v2\/product\/25156","targetHints":{"allow":["GET"]}}],"collection":[{"href":"https:\/\/sagardoarenlurraldea.eus\/es\/wp-json\/wp\/v2\/product"}],"about":[{"href":"https:\/\/sagardoarenlurraldea.eus\/es\/wp-json\/wp\/v2\/types\/product"}],"replies":[{"embeddable":true,"href":"https:\/\/sagardoarenlurraldea.eus\/es\/wp-json\/wp\/v2\/comments?post=25156"}],"wp:featuredmedia":[{"embeddable":true,"href":"https:\/\/sagardoarenlurraldea.eus\/es\/wp-json\/wp\/v2\/media\/1439"}],"wp:attachment":[{"href":"https:\/\/sagardoarenlurraldea.eus\/es\/wp-json\/wp\/v2\/media?parent=25156"}],"wp:term":[{"taxonomy":"product_brand","embeddable":true,"href":"https:\/\/sagardoarenlurraldea.eus\/es\/wp-json\/wp\/v2\/product_brand?post=25156"},{"taxonomy":"product_cat","embeddable":true,"href":"https:\/\/sagardoarenlurraldea.eus\/es\/wp-json\/wp\/v2\/product_cat?post=25156"},{"taxonomy":"product_tag","embeddable":true,"href":"https:\/\/sagardoarenlurraldea.eus\/es\/wp-json\/wp\/v2\/product_tag?post=25156"}],"curies":[{"name":"wp","href":"https:\/\/api.w.org\/{rel}","templated":true}]}}