{"id":25131,"date":"2017-12-29T13:56:05","date_gmt":"2017-12-29T11:56:05","guid":{"rendered":"http:\/\/www.sagardoarenlurraldea.eus\/?post_type=product&#038;p=25131"},"modified":"2017-12-29T13:57:24","modified_gmt":"2017-12-29T11:57:24","slug":"sidreria-lezama-erdikoetxe","status":"publish","type":"product","link":"https:\/\/sagardoarenlurraldea.eus\/es\/reservar\/lezama\/sidreria-lezama-erdikoetxe\/","title":{"rendered":"Sidrer\u00eda Erdikoetxe"},"content":{"rendered":"<h2>Descripci\u00f3n<\/h2>\n<p>Construido en el a\u00f1o 1890, el caserio Erdikoetxe ha sido rehabilitado conjugando su arquitectura original con la funcionalidad de lo actual. Enclavado en zona de protecci\u00f3n agr\u00edcola especial, este rinc\u00f3n tranquilo se encuentra proximo a lugares emblem\u00e1ticos del Pais Vasco, como son los Parques Naturales de Urkiola y del Gorbea, Reserva del Urdaibai con las playas de Laga y Laida en su entorno.<\/p>\n<h2>Comidas y cenas<\/h2>\n<p>No ofrece servicio de restauraci\u00f3n. Solamente vende sidra en botella.<\/p>\n<h2>Informaci\u00f3n adicional<\/h2>\n<p>Responsable: Andoni Ojanguren<\/p>\n<p>Direcci\u00f3n: Goitioltza, 38. Lezama.<br \/>\nTfno.: 944573285<\/p>\n","protected":false},"excerpt":{"rendered":"<p>Sidrer\u00eda-agroturismo ubicado en Lezama.<\/p>\n","protected":false},"featured_media":1461,"comment_status":"open","ping_status":"closed","template":"","meta":{"_acf_changed":false,"_et_pb_use_builder":"","_et_pb_old_content":"","_et_gb_content_width":""},"product_brand":[],"product_cat":[91,2152],"product_tag":[40,39,41,220,48,33],"class_list":{"0":"post-25131","1":"product","2":"type-product","3":"status-publish","4":"has-post-thumbnail","6":"product_cat-lezama","7":"product_cat-sidrerias","8":"product_tag-acceso-en-autobus","9":"product_tag-acceso-en-coche","10":"product_tag-acceso-en-microbus","11":"product_tag-sidreria-con-agroturismo","12":"product_tag-parking","13":"product_tag-sidra-en-botella","14":"dtwm_map-erdikoetxe","16":"first","17":"instock","18":"virtual","19":"product-type-simple"},"exclude_global_add_ons":[],"addons":[],"acf":[],"yoast_head":"<!-- This site is optimized with the Yoast SEO plugin v25.4 - https:\/\/yoast.com\/wordpress\/plugins\/seo\/ -->\n<title>Sidrer\u00eda Erdikoetxe - Sagardoaren Lurraldea<\/title>\n<meta name=\"robots\" content=\"index, follow, max-snippet:-1, max-image-preview:large, max-video-preview:-1\" \/>\n<link rel=\"canonical\" href=\"https:\/\/sagardoarenlurraldea.eus\/es\/reservar\/lezama\/sidreria-lezama-erdikoetxe\/\" \/>\n<meta property=\"og:locale\" content=\"es_ES\" \/>\n<meta property=\"og:type\" content=\"article\" \/>\n<meta property=\"og:title\" content=\"Sidrer\u00eda Erdikoetxe - Sagardoaren Lurraldea\" \/>\n<meta property=\"og:description\" content=\"Sidrer\u00eda-agroturismo ubicado en Lezama.\" \/>\n<meta property=\"og:url\" content=\"https:\/\/sagardoarenlurraldea.eus\/es\/reservar\/lezama\/sidreria-lezama-erdikoetxe\/\" \/>\n<meta property=\"og:site_name\" content=\"Sagardoaren Lurraldea\" \/>\n<meta property=\"article:publisher\" content=\"https:\/\/www.facebook.com\/sagardoarenlurraldea\" \/>\n<meta property=\"article:modified_time\" content=\"2017-12-29T11:57:24+00:00\" \/>\n<meta property=\"og:image\" content=\"https:\/\/sagardoarenlurraldea.eus\/wp-content\/uploads\/2016\/08\/SIDERD-F00.jpg\" \/>\n\t<meta property=\"og:image:width\" content=\"900\" \/>\n\t<meta property=\"og:image:height\" content=\"600\" \/>\n\t<meta property=\"og:image:type\" content=\"image\/jpeg\" \/>\n<meta name=\"twitter:card\" content=\"summary_large_image\" \/>\n<script type=\"application\/ld+json\" class=\"yoast-schema-graph\">{\"@context\":\"https:\/\/schema.org\",\"@graph\":[{\"@type\":\"WebPage\",\"@id\":\"https:\/\/sagardoarenlurraldea.eus\/es\/reservar\/lezama\/sidreria-lezama-erdikoetxe\/\",\"url\":\"https:\/\/sagardoarenlurraldea.eus\/es\/reservar\/lezama\/sidreria-lezama-erdikoetxe\/\",\"name\":\"Sidrer\u00eda Erdikoetxe - Sagardoaren Lurraldea\",\"isPartOf\":{\"@id\":\"https:\/\/sagardoarenlurraldea.eus\/es\/#website\"},\"primaryImageOfPage\":{\"@id\":\"https:\/\/sagardoarenlurraldea.eus\/es\/reservar\/lezama\/sidreria-lezama-erdikoetxe\/#primaryimage\"},\"image\":{\"@id\":\"https:\/\/sagardoarenlurraldea.eus\/es\/reservar\/lezama\/sidreria-lezama-erdikoetxe\/#primaryimage\"},\"thumbnailUrl\":\"https:\/\/sagardoarenlurraldea.eus\/wp-content\/uploads\/2016\/08\/SIDERD-F00.jpg\",\"datePublished\":\"2017-12-29T11:56:05+00:00\",\"dateModified\":\"2017-12-29T11:57:24+00:00\",\"breadcrumb\":{\"@id\":\"https:\/\/sagardoarenlurraldea.eus\/es\/reservar\/lezama\/sidreria-lezama-erdikoetxe\/#breadcrumb\"},\"inLanguage\":\"es\",\"potentialAction\":[{\"@type\":\"ReadAction\",\"target\":[\"https:\/\/sagardoarenlurraldea.eus\/es\/reservar\/lezama\/sidreria-lezama-erdikoetxe\/\"]}]},{\"@type\":\"ImageObject\",\"inLanguage\":\"es\",\"@id\":\"https:\/\/sagardoarenlurraldea.eus\/es\/reservar\/lezama\/sidreria-lezama-erdikoetxe\/#primaryimage\",\"url\":\"https:\/\/sagardoarenlurraldea.eus\/wp-content\/uploads\/2016\/08\/SIDERD-F00.jpg\",\"contentUrl\":\"https:\/\/sagardoarenlurraldea.eus\/wp-content\/uploads\/2016\/08\/SIDERD-F00.jpg\",\"width\":900,\"height\":600,\"caption\":\"Fachada principal de la sidrer\u00eda Erdikoetxe\"},{\"@type\":\"BreadcrumbList\",\"@id\":\"https:\/\/sagardoarenlurraldea.eus\/es\/reservar\/lezama\/sidreria-lezama-erdikoetxe\/#breadcrumb\",\"itemListElement\":[{\"@type\":\"ListItem\",\"position\":1,\"name\":\"Inicio\",\"item\":\"https:\/\/sagardoarenlurraldea.eus\/es\/\"},{\"@type\":\"ListItem\",\"position\":2,\"name\":\"Reservar\",\"item\":\"https:\/\/sagardoarenlurraldea.eus\/es\/reservar\/\"},{\"@type\":\"ListItem\",\"position\":3,\"name\":\"Sidrer\u00eda Erdikoetxe\"}]},{\"@type\":\"WebSite\",\"@id\":\"https:\/\/sagardoarenlurraldea.eus\/es\/#website\",\"url\":\"https:\/\/sagardoarenlurraldea.eus\/es\/\",\"name\":\"Sagardoaren Lurraldea\",\"description\":\"El territorio de la sidra\",\"potentialAction\":[{\"@type\":\"SearchAction\",\"target\":{\"@type\":\"EntryPoint\",\"urlTemplate\":\"https:\/\/sagardoarenlurraldea.eus\/es\/?s={search_term_string}\"},\"query-input\":{\"@type\":\"PropertyValueSpecification\",\"valueRequired\":true,\"valueName\":\"search_term_string\"}}],\"inLanguage\":\"es\"}]}<\/script>\n<!-- \/ Yoast SEO plugin. -->","yoast_head_json":{"title":"Sidrer\u00eda Erdikoetxe - Sagardoaren Lurraldea","robots":{"index":"index","follow":"follow","max-snippet":"max-snippet:-1","max-image-preview":"max-image-preview:large","max-video-preview":"max-video-preview:-1"},"canonical":"https:\/\/sagardoarenlurraldea.eus\/es\/reservar\/lezama\/sidreria-lezama-erdikoetxe\/","og_locale":"es_ES","og_type":"article","og_title":"Sidrer\u00eda Erdikoetxe - Sagardoaren Lurraldea","og_description":"Sidrer\u00eda-agroturismo ubicado en Lezama.","og_url":"https:\/\/sagardoarenlurraldea.eus\/es\/reservar\/lezama\/sidreria-lezama-erdikoetxe\/","og_site_name":"Sagardoaren Lurraldea","article_publisher":"https:\/\/www.facebook.com\/sagardoarenlurraldea","article_modified_time":"2017-12-29T11:57:24+00:00","og_image":[{"width":900,"height":600,"url":"https:\/\/sagardoarenlurraldea.eus\/wp-content\/uploads\/2016\/08\/SIDERD-F00.jpg","type":"image\/jpeg"}],"twitter_card":"summary_large_image","schema":{"@context":"https:\/\/schema.org","@graph":[{"@type":"WebPage","@id":"https:\/\/sagardoarenlurraldea.eus\/es\/reservar\/lezama\/sidreria-lezama-erdikoetxe\/","url":"https:\/\/sagardoarenlurraldea.eus\/es\/reservar\/lezama\/sidreria-lezama-erdikoetxe\/","name":"Sidrer\u00eda Erdikoetxe - Sagardoaren Lurraldea","isPartOf":{"@id":"https:\/\/sagardoarenlurraldea.eus\/es\/#website"},"primaryImageOfPage":{"@id":"https:\/\/sagardoarenlurraldea.eus\/es\/reservar\/lezama\/sidreria-lezama-erdikoetxe\/#primaryimage"},"image":{"@id":"https:\/\/sagardoarenlurraldea.eus\/es\/reservar\/lezama\/sidreria-lezama-erdikoetxe\/#primaryimage"},"thumbnailUrl":"https:\/\/sagardoarenlurraldea.eus\/wp-content\/uploads\/2016\/08\/SIDERD-F00.jpg","datePublished":"2017-12-29T11:56:05+00:00","dateModified":"2017-12-29T11:57:24+00:00","breadcrumb":{"@id":"https:\/\/sagardoarenlurraldea.eus\/es\/reservar\/lezama\/sidreria-lezama-erdikoetxe\/#breadcrumb"},"inLanguage":"es","potentialAction":[{"@type":"ReadAction","target":["https:\/\/sagardoarenlurraldea.eus\/es\/reservar\/lezama\/sidreria-lezama-erdikoetxe\/"]}]},{"@type":"ImageObject","inLanguage":"es","@id":"https:\/\/sagardoarenlurraldea.eus\/es\/reservar\/lezama\/sidreria-lezama-erdikoetxe\/#primaryimage","url":"https:\/\/sagardoarenlurraldea.eus\/wp-content\/uploads\/2016\/08\/SIDERD-F00.jpg","contentUrl":"https:\/\/sagardoarenlurraldea.eus\/wp-content\/uploads\/2016\/08\/SIDERD-F00.jpg","width":900,"height":600,"caption":"Fachada principal de la sidrer\u00eda Erdikoetxe"},{"@type":"BreadcrumbList","@id":"https:\/\/sagardoarenlurraldea.eus\/es\/reservar\/lezama\/sidreria-lezama-erdikoetxe\/#breadcrumb","itemListElement":[{"@type":"ListItem","position":1,"name":"Inicio","item":"https:\/\/sagardoarenlurraldea.eus\/es\/"},{"@type":"ListItem","position":2,"name":"Reservar","item":"https:\/\/sagardoarenlurraldea.eus\/es\/reservar\/"},{"@type":"ListItem","position":3,"name":"Sidrer\u00eda Erdikoetxe"}]},{"@type":"WebSite","@id":"https:\/\/sagardoarenlurraldea.eus\/es\/#website","url":"https:\/\/sagardoarenlurraldea.eus\/es\/","name":"Sagardoaren Lurraldea","description":"El territorio de la sidra","potentialAction":[{"@type":"SearchAction","target":{"@type":"EntryPoint","urlTemplate":"https:\/\/sagardoarenlurraldea.eus\/es\/?s={search_term_string}"},"query-input":{"@type":"PropertyValueSpecification","valueRequired":true,"valueName":"search_term_string"}}],"inLanguage":"es"}]}},"_links":{"self":[{"href":"https:\/\/sagardoarenlurraldea.eus\/es\/wp-json\/wp\/v2\/product\/25131","targetHints":{"allow":["GET"]}}],"collection":[{"href":"https:\/\/sagardoarenlurraldea.eus\/es\/wp-json\/wp\/v2\/product"}],"about":[{"href":"https:\/\/sagardoarenlurraldea.eus\/es\/wp-json\/wp\/v2\/types\/product"}],"replies":[{"embeddable":true,"href":"https:\/\/sagardoarenlurraldea.eus\/es\/wp-json\/wp\/v2\/comments?post=25131"}],"wp:featuredmedia":[{"embeddable":true,"href":"https:\/\/sagardoarenlurraldea.eus\/es\/wp-json\/wp\/v2\/media\/1461"}],"wp:attachment":[{"href":"https:\/\/sagardoarenlurraldea.eus\/es\/wp-json\/wp\/v2\/media?parent=25131"}],"wp:term":[{"taxonomy":"product_brand","embeddable":true,"href":"https:\/\/sagardoarenlurraldea.eus\/es\/wp-json\/wp\/v2\/product_brand?post=25131"},{"taxonomy":"product_cat","embeddable":true,"href":"https:\/\/sagardoarenlurraldea.eus\/es\/wp-json\/wp\/v2\/product_cat?post=25131"},{"taxonomy":"product_tag","embeddable":true,"href":"https:\/\/sagardoarenlurraldea.eus\/es\/wp-json\/wp\/v2\/product_tag?post=25131"}],"curies":[{"name":"wp","href":"https:\/\/api.w.org\/{rel}","templated":true}]}}