{"id":25122,"date":"2017-12-29T13:53:39","date_gmt":"2017-12-29T11:53:39","guid":{"rendered":"http:\/\/www.sagardoarenlurraldea.eus\/?post_type=product&#038;p=25122"},"modified":"2017-12-29T13:54:47","modified_gmt":"2017-12-29T11:54:47","slug":"sidreria-olaberria-etxe-zuri","status":"publish","type":"product","link":"https:\/\/sagardoarenlurraldea.eus\/es\/reservar\/olaberria\/sidreria-olaberria-etxe-zuri\/","title":{"rendered":"Sidrer\u00eda Etxe-zuri"},"content":{"rendered":"<h2>Descripci\u00f3n<\/h2>\n<p>Los antepasados de Etxe-Zuri ten\u00edan como oficio la agricultura y la ganader\u00eda. All\u00ed, la cosecha de las manzanas era casera, hac\u00edan sidra para todo el a\u00f1o y la gente del barrio iba all\u00ed tambi\u00e9n a hacer sidra.<\/p>\n<h2>Comidas y cenas<\/h2>\n<p><strong>En temporada<\/strong> (enero &#8211; abril): Comidas y cenas todos los d\u00edas. Domingo noche y lunes cerrado.<\/p>\n<p><strong>Fuera de temporada<\/strong> (a partir de mayo): Comidas y cenas todos los d\u00edas. Domingo noche y lunes cerrado.<\/p>\n<p>Capacidad: 110 comensales<\/p>\n<h2>Informaci\u00f3n adicional<\/h2>\n<p>Responsable: Felix Garmendia<\/p>\n<p>Direcci\u00f3n: Etxe-zuri Baserria. Errekalde auzoa, 11. Olaberria.<br \/>\nTfno.: 943882049<br \/>\nE-mail: <a href=\"mailto:etxezuri@etxezurisagardotegia.com\">etxezuri@etxezurisagardotegia.com<\/a><br \/>\nWeb: <a href=\"http:\/\/www.etxezurisagardotegia.net\">http:\/\/www.etxezurisagardotegia.net<\/a><\/p>\n","protected":false},"excerpt":{"rendered":"<p>Sidrer\u00eda abierta todo el a\u00f1o. A parte de ofrecer menu de sidreria, es Restaurante.<\/p>\n","protected":false},"featured_media":1465,"comment_status":"open","ping_status":"closed","template":"","meta":{"_acf_changed":false,"_et_pb_use_builder":"","_et_pb_old_content":"","_et_gb_content_width":""},"product_brand":[],"product_cat":[97,2152],"product_tag":[40,39,41,29,37,34,48,33,32,30,31],"class_list":{"0":"post-25122","1":"product","2":"type-product","3":"status-publish","4":"has-post-thumbnail","6":"product_cat-olaberria","7":"product_cat-sidrerias","8":"product_tag-acceso-en-autobus","9":"product_tag-acceso-en-coche","10":"product_tag-acceso-en-microbus","11":"product_tag-comer-sentado","12":"product_tag-comidas-cenas-siempre","13":"product_tag-menu-tradicional","14":"product_tag-parking","15":"product_tag-sidra-en-botella","16":"product_tag-sidra-en-txotx","17":"product_tag-turno-cena","18":"product_tag-turno-comida","19":"pa_caracteristicas-y-menus-comidas-cenas-siempre-abierto","20":"pa_caracteristicas-y-menus-sidra_en_txotx","21":"dtwm_map-etxezuri","23":"first","24":"instock","25":"virtual","26":"product-type-simple"},"exclude_global_add_ons":[],"addons":[],"acf":[],"yoast_head":"<!-- This site is optimized with the Yoast SEO plugin v25.4 - https:\/\/yoast.com\/wordpress\/plugins\/seo\/ -->\n<title>Sidrer\u00eda Etxe-zuri - Sagardoaren Lurraldea<\/title>\n<meta name=\"robots\" content=\"index, follow, max-snippet:-1, max-image-preview:large, max-video-preview:-1\" \/>\n<link rel=\"canonical\" href=\"https:\/\/sagardoarenlurraldea.eus\/es\/reservar\/olaberria\/sidreria-olaberria-etxe-zuri\/\" \/>\n<meta property=\"og:locale\" content=\"es_ES\" \/>\n<meta property=\"og:type\" content=\"article\" \/>\n<meta property=\"og:title\" content=\"Sidrer\u00eda Etxe-zuri - Sagardoaren Lurraldea\" \/>\n<meta property=\"og:description\" content=\"Sidrer\u00eda abierta todo el a\u00f1o. A parte de ofrecer menu de sidreria, es Restaurante.\" \/>\n<meta property=\"og:url\" content=\"https:\/\/sagardoarenlurraldea.eus\/es\/reservar\/olaberria\/sidreria-olaberria-etxe-zuri\/\" \/>\n<meta property=\"og:site_name\" content=\"Sagardoaren Lurraldea\" \/>\n<meta property=\"article:publisher\" content=\"https:\/\/www.facebook.com\/sagardoarenlurraldea\" \/>\n<meta property=\"article:modified_time\" content=\"2017-12-29T11:54:47+00:00\" \/>\n<meta property=\"og:image\" content=\"https:\/\/sagardoarenlurraldea.eus\/wp-content\/uploads\/2016\/08\/SIDETXEZU-F00.jpg\" \/>\n\t<meta property=\"og:image:width\" content=\"900\" \/>\n\t<meta property=\"og:image:height\" content=\"600\" \/>\n\t<meta property=\"og:image:type\" content=\"image\/jpeg\" \/>\n<meta name=\"twitter:card\" content=\"summary_large_image\" \/>\n<meta name=\"twitter:label1\" content=\"Tiempo de lectura\" \/>\n\t<meta name=\"twitter:data1\" content=\"1 minuto\" \/>\n<script type=\"application\/ld+json\" class=\"yoast-schema-graph\">{\"@context\":\"https:\/\/schema.org\",\"@graph\":[{\"@type\":\"WebPage\",\"@id\":\"https:\/\/sagardoarenlurraldea.eus\/es\/reservar\/olaberria\/sidreria-olaberria-etxe-zuri\/\",\"url\":\"https:\/\/sagardoarenlurraldea.eus\/es\/reservar\/olaberria\/sidreria-olaberria-etxe-zuri\/\",\"name\":\"Sidrer\u00eda Etxe-zuri - Sagardoaren Lurraldea\",\"isPartOf\":{\"@id\":\"https:\/\/sagardoarenlurraldea.eus\/es\/#website\"},\"primaryImageOfPage\":{\"@id\":\"https:\/\/sagardoarenlurraldea.eus\/es\/reservar\/olaberria\/sidreria-olaberria-etxe-zuri\/#primaryimage\"},\"image\":{\"@id\":\"https:\/\/sagardoarenlurraldea.eus\/es\/reservar\/olaberria\/sidreria-olaberria-etxe-zuri\/#primaryimage\"},\"thumbnailUrl\":\"https:\/\/sagardoarenlurraldea.eus\/wp-content\/uploads\/2016\/08\/SIDETXEZU-F00.jpg\",\"datePublished\":\"2017-12-29T11:53:39+00:00\",\"dateModified\":\"2017-12-29T11:54:47+00:00\",\"breadcrumb\":{\"@id\":\"https:\/\/sagardoarenlurraldea.eus\/es\/reservar\/olaberria\/sidreria-olaberria-etxe-zuri\/#breadcrumb\"},\"inLanguage\":\"es\",\"potentialAction\":[{\"@type\":\"ReadAction\",\"target\":[\"https:\/\/sagardoarenlurraldea.eus\/es\/reservar\/olaberria\/sidreria-olaberria-etxe-zuri\/\"]}]},{\"@type\":\"ImageObject\",\"inLanguage\":\"es\",\"@id\":\"https:\/\/sagardoarenlurraldea.eus\/es\/reservar\/olaberria\/sidreria-olaberria-etxe-zuri\/#primaryimage\",\"url\":\"https:\/\/sagardoarenlurraldea.eus\/wp-content\/uploads\/2016\/08\/SIDETXEZU-F00.jpg\",\"contentUrl\":\"https:\/\/sagardoarenlurraldea.eus\/wp-content\/uploads\/2016\/08\/SIDETXEZU-F00.jpg\",\"width\":900,\"height\":600,\"caption\":\"Fachada principal de la sidrer\u00eda Etxe-zuri\"},{\"@type\":\"BreadcrumbList\",\"@id\":\"https:\/\/sagardoarenlurraldea.eus\/es\/reservar\/olaberria\/sidreria-olaberria-etxe-zuri\/#breadcrumb\",\"itemListElement\":[{\"@type\":\"ListItem\",\"position\":1,\"name\":\"Inicio\",\"item\":\"https:\/\/sagardoarenlurraldea.eus\/es\/\"},{\"@type\":\"ListItem\",\"position\":2,\"name\":\"Reservar\",\"item\":\"https:\/\/sagardoarenlurraldea.eus\/es\/reservar\/\"},{\"@type\":\"ListItem\",\"position\":3,\"name\":\"Sidrer\u00eda Etxe-zuri\"}]},{\"@type\":\"WebSite\",\"@id\":\"https:\/\/sagardoarenlurraldea.eus\/es\/#website\",\"url\":\"https:\/\/sagardoarenlurraldea.eus\/es\/\",\"name\":\"Sagardoaren Lurraldea\",\"description\":\"El territorio de la sidra\",\"potentialAction\":[{\"@type\":\"SearchAction\",\"target\":{\"@type\":\"EntryPoint\",\"urlTemplate\":\"https:\/\/sagardoarenlurraldea.eus\/es\/?s={search_term_string}\"},\"query-input\":{\"@type\":\"PropertyValueSpecification\",\"valueRequired\":true,\"valueName\":\"search_term_string\"}}],\"inLanguage\":\"es\"}]}<\/script>\n<!-- \/ Yoast SEO plugin. -->","yoast_head_json":{"title":"Sidrer\u00eda Etxe-zuri - Sagardoaren Lurraldea","robots":{"index":"index","follow":"follow","max-snippet":"max-snippet:-1","max-image-preview":"max-image-preview:large","max-video-preview":"max-video-preview:-1"},"canonical":"https:\/\/sagardoarenlurraldea.eus\/es\/reservar\/olaberria\/sidreria-olaberria-etxe-zuri\/","og_locale":"es_ES","og_type":"article","og_title":"Sidrer\u00eda Etxe-zuri - Sagardoaren Lurraldea","og_description":"Sidrer\u00eda abierta todo el a\u00f1o. A parte de ofrecer menu de sidreria, es Restaurante.","og_url":"https:\/\/sagardoarenlurraldea.eus\/es\/reservar\/olaberria\/sidreria-olaberria-etxe-zuri\/","og_site_name":"Sagardoaren Lurraldea","article_publisher":"https:\/\/www.facebook.com\/sagardoarenlurraldea","article_modified_time":"2017-12-29T11:54:47+00:00","og_image":[{"width":900,"height":600,"url":"https:\/\/sagardoarenlurraldea.eus\/wp-content\/uploads\/2016\/08\/SIDETXEZU-F00.jpg","type":"image\/jpeg"}],"twitter_card":"summary_large_image","twitter_misc":{"Tiempo de lectura":"1 minuto"},"schema":{"@context":"https:\/\/schema.org","@graph":[{"@type":"WebPage","@id":"https:\/\/sagardoarenlurraldea.eus\/es\/reservar\/olaberria\/sidreria-olaberria-etxe-zuri\/","url":"https:\/\/sagardoarenlurraldea.eus\/es\/reservar\/olaberria\/sidreria-olaberria-etxe-zuri\/","name":"Sidrer\u00eda Etxe-zuri - Sagardoaren Lurraldea","isPartOf":{"@id":"https:\/\/sagardoarenlurraldea.eus\/es\/#website"},"primaryImageOfPage":{"@id":"https:\/\/sagardoarenlurraldea.eus\/es\/reservar\/olaberria\/sidreria-olaberria-etxe-zuri\/#primaryimage"},"image":{"@id":"https:\/\/sagardoarenlurraldea.eus\/es\/reservar\/olaberria\/sidreria-olaberria-etxe-zuri\/#primaryimage"},"thumbnailUrl":"https:\/\/sagardoarenlurraldea.eus\/wp-content\/uploads\/2016\/08\/SIDETXEZU-F00.jpg","datePublished":"2017-12-29T11:53:39+00:00","dateModified":"2017-12-29T11:54:47+00:00","breadcrumb":{"@id":"https:\/\/sagardoarenlurraldea.eus\/es\/reservar\/olaberria\/sidreria-olaberria-etxe-zuri\/#breadcrumb"},"inLanguage":"es","potentialAction":[{"@type":"ReadAction","target":["https:\/\/sagardoarenlurraldea.eus\/es\/reservar\/olaberria\/sidreria-olaberria-etxe-zuri\/"]}]},{"@type":"ImageObject","inLanguage":"es","@id":"https:\/\/sagardoarenlurraldea.eus\/es\/reservar\/olaberria\/sidreria-olaberria-etxe-zuri\/#primaryimage","url":"https:\/\/sagardoarenlurraldea.eus\/wp-content\/uploads\/2016\/08\/SIDETXEZU-F00.jpg","contentUrl":"https:\/\/sagardoarenlurraldea.eus\/wp-content\/uploads\/2016\/08\/SIDETXEZU-F00.jpg","width":900,"height":600,"caption":"Fachada principal de la sidrer\u00eda Etxe-zuri"},{"@type":"BreadcrumbList","@id":"https:\/\/sagardoarenlurraldea.eus\/es\/reservar\/olaberria\/sidreria-olaberria-etxe-zuri\/#breadcrumb","itemListElement":[{"@type":"ListItem","position":1,"name":"Inicio","item":"https:\/\/sagardoarenlurraldea.eus\/es\/"},{"@type":"ListItem","position":2,"name":"Reservar","item":"https:\/\/sagardoarenlurraldea.eus\/es\/reservar\/"},{"@type":"ListItem","position":3,"name":"Sidrer\u00eda Etxe-zuri"}]},{"@type":"WebSite","@id":"https:\/\/sagardoarenlurraldea.eus\/es\/#website","url":"https:\/\/sagardoarenlurraldea.eus\/es\/","name":"Sagardoaren Lurraldea","description":"El territorio de la sidra","potentialAction":[{"@type":"SearchAction","target":{"@type":"EntryPoint","urlTemplate":"https:\/\/sagardoarenlurraldea.eus\/es\/?s={search_term_string}"},"query-input":{"@type":"PropertyValueSpecification","valueRequired":true,"valueName":"search_term_string"}}],"inLanguage":"es"}]}},"_links":{"self":[{"href":"https:\/\/sagardoarenlurraldea.eus\/es\/wp-json\/wp\/v2\/product\/25122","targetHints":{"allow":["GET"]}}],"collection":[{"href":"https:\/\/sagardoarenlurraldea.eus\/es\/wp-json\/wp\/v2\/product"}],"about":[{"href":"https:\/\/sagardoarenlurraldea.eus\/es\/wp-json\/wp\/v2\/types\/product"}],"replies":[{"embeddable":true,"href":"https:\/\/sagardoarenlurraldea.eus\/es\/wp-json\/wp\/v2\/comments?post=25122"}],"wp:featuredmedia":[{"embeddable":true,"href":"https:\/\/sagardoarenlurraldea.eus\/es\/wp-json\/wp\/v2\/media\/1465"}],"wp:attachment":[{"href":"https:\/\/sagardoarenlurraldea.eus\/es\/wp-json\/wp\/v2\/media?parent=25122"}],"wp:term":[{"taxonomy":"product_brand","embeddable":true,"href":"https:\/\/sagardoarenlurraldea.eus\/es\/wp-json\/wp\/v2\/product_brand?post=25122"},{"taxonomy":"product_cat","embeddable":true,"href":"https:\/\/sagardoarenlurraldea.eus\/es\/wp-json\/wp\/v2\/product_cat?post=25122"},{"taxonomy":"product_tag","embeddable":true,"href":"https:\/\/sagardoarenlurraldea.eus\/es\/wp-json\/wp\/v2\/product_tag?post=25122"}],"curies":[{"name":"wp","href":"https:\/\/api.w.org\/{rel}","templated":true}]}}