{"id":25082,"date":"2017-12-29T13:39:14","date_gmt":"2017-12-29T11:39:14","guid":{"rendered":"http:\/\/www.sagardoarenlurraldea.eus\/?post_type=product&#038;p=25082"},"modified":"2021-03-01T12:13:29","modified_gmt":"2021-03-01T10:13:29","slug":"sidreria-gernika-isasi","status":"publish","type":"product","link":"https:\/\/sagardoarenlurraldea.eus\/es\/reservar\/sidrerias\/sidreria-gernika-isasi\/","title":{"rendered":"Sidrer\u00eda Isasi"},"content":{"rendered":"<h2>Descripci\u00f3n<\/h2>\n<p>Tradicional sidreria de Gernika.<\/p>\n<h2>Comidas y cenas<\/h2>\n<p>No abre al p\u00fablico y no ofrece servicio de restauraci\u00f3n. Solamente vende sidra en botella.<\/p>\n<h2>Informaci\u00f3n adicional<\/h2>\n<p>Direcci\u00f3n: Trazaola Baserria n\u00ba 36, Fauste auzoa. 48215 Iurreta (Bizkaia)<br \/>\nTfno.: 946816044<br \/>\nE-mail: <a href=\"mailto:isasitxakolina@hotmail.com\">isasitxakolina@hotmail.com<\/a><\/p>\n","protected":false},"excerpt":{"rendered":"<p>Isasi Sagardoa, es un producto elaborado en el lagar del caser\u00edo Trazaola de Iurreta, con manzanas de Bizkaia. La sidra Isasi es un producto elaborado con mimo y con t\u00e9cnicas artesanas. La sidra Isasi est\u00e1 casi en su totalidad elaborada con la manzanas que producen Sonia Isasi y su familia (madre y hermanas) en las tierras de su caser\u00edo.<\/p>\n","protected":false},"featured_media":1453,"comment_status":"open","ping_status":"closed","template":"","meta":{"_acf_changed":false,"_et_pb_use_builder":"","_et_pb_old_content":"","_et_gb_content_width":""},"product_brand":[],"product_cat":[3382,2152],"product_tag":[40,39,41,48,219],"class_list":{"0":"post-25082","1":"product","2":"type-product","3":"status-publish","4":"has-post-thumbnail","6":"product_cat-iurreta","7":"product_cat-sidrerias","8":"product_tag-acceso-en-autobus","9":"product_tag-acceso-en-coche","10":"product_tag-acceso-en-microbus","11":"product_tag-parking","12":"product_tag-tienda-venta-sidra-sidreria","13":"dtwm_map-isasi","15":"first","16":"instock","17":"virtual","18":"product-type-simple"},"exclude_global_add_ons":[],"addons":[],"acf":[],"yoast_head":"<!-- This site is optimized with the Yoast SEO plugin v25.4 - https:\/\/yoast.com\/wordpress\/plugins\/seo\/ -->\n<title>Sidrer\u00eda Isasi - Sagardoaren Lurraldea<\/title>\n<meta name=\"robots\" content=\"index, follow, max-snippet:-1, max-image-preview:large, max-video-preview:-1\" \/>\n<link rel=\"canonical\" href=\"https:\/\/sagardoarenlurraldea.eus\/es\/reservar\/sidrerias\/sidreria-gernika-isasi\/\" \/>\n<meta property=\"og:locale\" content=\"es_ES\" \/>\n<meta property=\"og:type\" content=\"article\" \/>\n<meta property=\"og:title\" content=\"Sidrer\u00eda Isasi - Sagardoaren Lurraldea\" \/>\n<meta property=\"og:description\" content=\"Isasi Sagardoa, es un producto elaborado en el lagar del caser\u00edo Trazaola de Iurreta, con manzanas de Bizkaia. La sidra Isasi es un producto elaborado con mimo y con t\u00e9cnicas artesanas. La sidra Isasi est\u00e1 casi en su totalidad elaborada con la manzanas que producen Sonia Isasi y su familia (madre y hermanas) en las tierras de su caser\u00edo.\" \/>\n<meta property=\"og:url\" content=\"https:\/\/sagardoarenlurraldea.eus\/es\/reservar\/sidrerias\/sidreria-gernika-isasi\/\" \/>\n<meta property=\"og:site_name\" content=\"Sagardoaren Lurraldea\" \/>\n<meta property=\"article:publisher\" content=\"https:\/\/www.facebook.com\/sagardoarenlurraldea\" \/>\n<meta property=\"article:modified_time\" content=\"2021-03-01T10:13:29+00:00\" \/>\n<meta property=\"og:image\" content=\"https:\/\/sagardoarenlurraldea.eus\/wp-content\/uploads\/2016\/08\/Comodin.png\" \/>\n\t<meta property=\"og:image:width\" content=\"900\" \/>\n\t<meta property=\"og:image:height\" content=\"624\" \/>\n\t<meta property=\"og:image:type\" content=\"image\/png\" \/>\n<meta name=\"twitter:card\" content=\"summary_large_image\" \/>\n<script type=\"application\/ld+json\" class=\"yoast-schema-graph\">{\"@context\":\"https:\/\/schema.org\",\"@graph\":[{\"@type\":\"WebPage\",\"@id\":\"https:\/\/sagardoarenlurraldea.eus\/es\/reservar\/sidrerias\/sidreria-gernika-isasi\/\",\"url\":\"https:\/\/sagardoarenlurraldea.eus\/es\/reservar\/sidrerias\/sidreria-gernika-isasi\/\",\"name\":\"Sidrer\u00eda Isasi - Sagardoaren Lurraldea\",\"isPartOf\":{\"@id\":\"https:\/\/sagardoarenlurraldea.eus\/es\/#website\"},\"primaryImageOfPage\":{\"@id\":\"https:\/\/sagardoarenlurraldea.eus\/es\/reservar\/sidrerias\/sidreria-gernika-isasi\/#primaryimage\"},\"image\":{\"@id\":\"https:\/\/sagardoarenlurraldea.eus\/es\/reservar\/sidrerias\/sidreria-gernika-isasi\/#primaryimage\"},\"thumbnailUrl\":\"https:\/\/sagardoarenlurraldea.eus\/wp-content\/uploads\/2016\/08\/Comodin.png\",\"datePublished\":\"2017-12-29T11:39:14+00:00\",\"dateModified\":\"2021-03-01T10:13:29+00:00\",\"breadcrumb\":{\"@id\":\"https:\/\/sagardoarenlurraldea.eus\/es\/reservar\/sidrerias\/sidreria-gernika-isasi\/#breadcrumb\"},\"inLanguage\":\"es\",\"potentialAction\":[{\"@type\":\"ReadAction\",\"target\":[\"https:\/\/sagardoarenlurraldea.eus\/es\/reservar\/sidrerias\/sidreria-gernika-isasi\/\"]}]},{\"@type\":\"ImageObject\",\"inLanguage\":\"es\",\"@id\":\"https:\/\/sagardoarenlurraldea.eus\/es\/reservar\/sidrerias\/sidreria-gernika-isasi\/#primaryimage\",\"url\":\"https:\/\/sagardoarenlurraldea.eus\/wp-content\/uploads\/2016\/08\/Comodin.png\",\"contentUrl\":\"https:\/\/sagardoarenlurraldea.eus\/wp-content\/uploads\/2016\/08\/Comodin.png\",\"width\":900,\"height\":624},{\"@type\":\"BreadcrumbList\",\"@id\":\"https:\/\/sagardoarenlurraldea.eus\/es\/reservar\/sidrerias\/sidreria-gernika-isasi\/#breadcrumb\",\"itemListElement\":[{\"@type\":\"ListItem\",\"position\":1,\"name\":\"Inicio\",\"item\":\"https:\/\/sagardoarenlurraldea.eus\/es\/\"},{\"@type\":\"ListItem\",\"position\":2,\"name\":\"Reservar\",\"item\":\"https:\/\/sagardoarenlurraldea.eus\/es\/reservar\/\"},{\"@type\":\"ListItem\",\"position\":3,\"name\":\"Sidrer\u00eda Isasi\"}]},{\"@type\":\"WebSite\",\"@id\":\"https:\/\/sagardoarenlurraldea.eus\/es\/#website\",\"url\":\"https:\/\/sagardoarenlurraldea.eus\/es\/\",\"name\":\"Sagardoaren Lurraldea\",\"description\":\"El territorio de la sidra\",\"potentialAction\":[{\"@type\":\"SearchAction\",\"target\":{\"@type\":\"EntryPoint\",\"urlTemplate\":\"https:\/\/sagardoarenlurraldea.eus\/es\/?s={search_term_string}\"},\"query-input\":{\"@type\":\"PropertyValueSpecification\",\"valueRequired\":true,\"valueName\":\"search_term_string\"}}],\"inLanguage\":\"es\"}]}<\/script>\n<!-- \/ Yoast SEO plugin. -->","yoast_head_json":{"title":"Sidrer\u00eda Isasi - Sagardoaren Lurraldea","robots":{"index":"index","follow":"follow","max-snippet":"max-snippet:-1","max-image-preview":"max-image-preview:large","max-video-preview":"max-video-preview:-1"},"canonical":"https:\/\/sagardoarenlurraldea.eus\/es\/reservar\/sidrerias\/sidreria-gernika-isasi\/","og_locale":"es_ES","og_type":"article","og_title":"Sidrer\u00eda Isasi - Sagardoaren Lurraldea","og_description":"Isasi Sagardoa, es un producto elaborado en el lagar del caser\u00edo Trazaola de Iurreta, con manzanas de Bizkaia. La sidra Isasi es un producto elaborado con mimo y con t\u00e9cnicas artesanas. La sidra Isasi est\u00e1 casi en su totalidad elaborada con la manzanas que producen Sonia Isasi y su familia (madre y hermanas) en las tierras de su caser\u00edo.","og_url":"https:\/\/sagardoarenlurraldea.eus\/es\/reservar\/sidrerias\/sidreria-gernika-isasi\/","og_site_name":"Sagardoaren Lurraldea","article_publisher":"https:\/\/www.facebook.com\/sagardoarenlurraldea","article_modified_time":"2021-03-01T10:13:29+00:00","og_image":[{"width":900,"height":624,"url":"https:\/\/sagardoarenlurraldea.eus\/wp-content\/uploads\/2016\/08\/Comodin.png","type":"image\/png"}],"twitter_card":"summary_large_image","schema":{"@context":"https:\/\/schema.org","@graph":[{"@type":"WebPage","@id":"https:\/\/sagardoarenlurraldea.eus\/es\/reservar\/sidrerias\/sidreria-gernika-isasi\/","url":"https:\/\/sagardoarenlurraldea.eus\/es\/reservar\/sidrerias\/sidreria-gernika-isasi\/","name":"Sidrer\u00eda Isasi - Sagardoaren Lurraldea","isPartOf":{"@id":"https:\/\/sagardoarenlurraldea.eus\/es\/#website"},"primaryImageOfPage":{"@id":"https:\/\/sagardoarenlurraldea.eus\/es\/reservar\/sidrerias\/sidreria-gernika-isasi\/#primaryimage"},"image":{"@id":"https:\/\/sagardoarenlurraldea.eus\/es\/reservar\/sidrerias\/sidreria-gernika-isasi\/#primaryimage"},"thumbnailUrl":"https:\/\/sagardoarenlurraldea.eus\/wp-content\/uploads\/2016\/08\/Comodin.png","datePublished":"2017-12-29T11:39:14+00:00","dateModified":"2021-03-01T10:13:29+00:00","breadcrumb":{"@id":"https:\/\/sagardoarenlurraldea.eus\/es\/reservar\/sidrerias\/sidreria-gernika-isasi\/#breadcrumb"},"inLanguage":"es","potentialAction":[{"@type":"ReadAction","target":["https:\/\/sagardoarenlurraldea.eus\/es\/reservar\/sidrerias\/sidreria-gernika-isasi\/"]}]},{"@type":"ImageObject","inLanguage":"es","@id":"https:\/\/sagardoarenlurraldea.eus\/es\/reservar\/sidrerias\/sidreria-gernika-isasi\/#primaryimage","url":"https:\/\/sagardoarenlurraldea.eus\/wp-content\/uploads\/2016\/08\/Comodin.png","contentUrl":"https:\/\/sagardoarenlurraldea.eus\/wp-content\/uploads\/2016\/08\/Comodin.png","width":900,"height":624},{"@type":"BreadcrumbList","@id":"https:\/\/sagardoarenlurraldea.eus\/es\/reservar\/sidrerias\/sidreria-gernika-isasi\/#breadcrumb","itemListElement":[{"@type":"ListItem","position":1,"name":"Inicio","item":"https:\/\/sagardoarenlurraldea.eus\/es\/"},{"@type":"ListItem","position":2,"name":"Reservar","item":"https:\/\/sagardoarenlurraldea.eus\/es\/reservar\/"},{"@type":"ListItem","position":3,"name":"Sidrer\u00eda Isasi"}]},{"@type":"WebSite","@id":"https:\/\/sagardoarenlurraldea.eus\/es\/#website","url":"https:\/\/sagardoarenlurraldea.eus\/es\/","name":"Sagardoaren Lurraldea","description":"El territorio de la sidra","potentialAction":[{"@type":"SearchAction","target":{"@type":"EntryPoint","urlTemplate":"https:\/\/sagardoarenlurraldea.eus\/es\/?s={search_term_string}"},"query-input":{"@type":"PropertyValueSpecification","valueRequired":true,"valueName":"search_term_string"}}],"inLanguage":"es"}]}},"_links":{"self":[{"href":"https:\/\/sagardoarenlurraldea.eus\/es\/wp-json\/wp\/v2\/product\/25082","targetHints":{"allow":["GET"]}}],"collection":[{"href":"https:\/\/sagardoarenlurraldea.eus\/es\/wp-json\/wp\/v2\/product"}],"about":[{"href":"https:\/\/sagardoarenlurraldea.eus\/es\/wp-json\/wp\/v2\/types\/product"}],"replies":[{"embeddable":true,"href":"https:\/\/sagardoarenlurraldea.eus\/es\/wp-json\/wp\/v2\/comments?post=25082"}],"wp:featuredmedia":[{"embeddable":true,"href":"https:\/\/sagardoarenlurraldea.eus\/es\/wp-json\/wp\/v2\/media\/1453"}],"wp:attachment":[{"href":"https:\/\/sagardoarenlurraldea.eus\/es\/wp-json\/wp\/v2\/media?parent=25082"}],"wp:term":[{"taxonomy":"product_brand","embeddable":true,"href":"https:\/\/sagardoarenlurraldea.eus\/es\/wp-json\/wp\/v2\/product_brand?post=25082"},{"taxonomy":"product_cat","embeddable":true,"href":"https:\/\/sagardoarenlurraldea.eus\/es\/wp-json\/wp\/v2\/product_cat?post=25082"},{"taxonomy":"product_tag","embeddable":true,"href":"https:\/\/sagardoarenlurraldea.eus\/es\/wp-json\/wp\/v2\/product_tag?post=25082"}],"curies":[{"name":"wp","href":"https:\/\/api.w.org\/{rel}","templated":true}]}}