{"id":24893,"date":"2017-12-29T12:02:47","date_gmt":"2017-12-29T10:02:47","guid":{"rendered":"http:\/\/www.sagardoarenlurraldea.eus\/?post_type=product&#038;p=24893"},"modified":"2017-12-29T12:04:44","modified_gmt":"2017-12-29T10:04:44","slug":"sidreria-oiartzun-ordo-zelai","status":"publish","type":"product","link":"https:\/\/sagardoarenlurraldea.eus\/es\/reservar\/oiartzun\/sidreria-oiartzun-ordo-zelai\/","title":{"rendered":"Sidrer\u00eda Ordo Zelai"},"content":{"rendered":"<h2>Descripci\u00f3n<\/h2>\n<p>La sidrer\u00eda Ordo-zelai se fund\u00f3 en el a\u00f1o 1993 y se estableci\u00f3 como elaborador de sidra natural. Sin embargo, fue en el a\u00f1o 1996 cuando abri\u00f3 sus puertas al p\u00fablico, en la temporada del txotx.<\/p>\n<h2>Comidas y cenas<\/h2>\n<p><strong>En temporada<\/strong> (enero &#8211; abril): Comidas y cenas todos los dias, opcion sentado y de pie.<\/p>\n<p><strong>Fuera de temporada<\/strong> (a partir de mayo): Comidas y cenas todos los dias, opcion sentado y de pie.<\/p>\n<p>Capacidad: 180 comensales<\/p>\n<h2>Informaci\u00f3n adicional<\/h2>\n<p>Responsable: Joxe Errandonea<\/p>\n<p>Direcci\u00f3n: Txalaka bidea 3, Oiartzun.<br \/>\nTfno.: 943491686<\/p>\n<p>&nbsp;<\/p>\n","protected":false},"excerpt":{"rendered":"<p>Sidrer\u00eda abierta todo el a\u00f1o. Sidreria que cuenta con su propio manzanal.<\/p>\n","protected":false},"featured_media":6181,"comment_status":"open","ping_status":"closed","template":"","meta":{"_acf_changed":false,"_et_pb_use_builder":"","_et_pb_old_content":"","_et_gb_content_width":""},"product_brand":[],"product_cat":[96,2152],"product_tag":[40,39,41,182,28,29,37,53,58,35,34,48,33,32,30,31],"class_list":{"0":"post-24893","1":"product","2":"type-product","3":"status-publish","4":"has-post-thumbnail","6":"product_cat-oiartzun","7":"product_cat-sidrerias","8":"product_tag-acceso-en-autobus","9":"product_tag-acceso-en-coche","10":"product_tag-acceso-en-microbus","11":"product_tag-acceso-para-minusvalidos","12":"product_tag-comer-de-pie","13":"product_tag-comer-sentado","14":"product_tag-comidas-cenas-siempre","15":"product_tag-grupos-mayores-de-25","16":"product_tag-grupos-menores-de-25","17":"product_tag-menu-infantil","18":"product_tag-menu-tradicional","19":"product_tag-parking","20":"product_tag-sidra-en-botella","21":"product_tag-sidra-en-txotx","22":"product_tag-turno-cena","23":"product_tag-turno-comida","24":"pa_caracteristicas-y-menus-comidas-cenas-siempre-abierto","25":"pa_caracteristicas-y-menus-grupos_mas_25","26":"pa_caracteristicas-y-menus-menu_infantil","27":"pa_caracteristicas-y-menus-sidra_en_txotx","28":"dtwm_map-ordo-zelai","30":"first","31":"instock","32":"virtual","33":"product-type-simple"},"exclude_global_add_ons":[],"addons":[],"acf":[],"yoast_head":"<!-- This site is optimized with the Yoast SEO plugin v25.4 - https:\/\/yoast.com\/wordpress\/plugins\/seo\/ -->\n<title>Sidrer\u00eda Ordo Zelai - Sagardoaren Lurraldea<\/title>\n<meta name=\"robots\" content=\"index, follow, max-snippet:-1, max-image-preview:large, max-video-preview:-1\" \/>\n<link rel=\"canonical\" href=\"https:\/\/sagardoarenlurraldea.eus\/es\/reservar\/oiartzun\/sidreria-oiartzun-ordo-zelai\/\" \/>\n<meta property=\"og:locale\" content=\"es_ES\" \/>\n<meta property=\"og:type\" content=\"article\" \/>\n<meta property=\"og:title\" content=\"Sidrer\u00eda Ordo Zelai - Sagardoaren Lurraldea\" \/>\n<meta property=\"og:description\" content=\"Sidrer\u00eda abierta todo el a\u00f1o. Sidreria que cuenta con su propio manzanal.\" \/>\n<meta property=\"og:url\" content=\"https:\/\/sagardoarenlurraldea.eus\/es\/reservar\/oiartzun\/sidreria-oiartzun-ordo-zelai\/\" \/>\n<meta property=\"og:site_name\" content=\"Sagardoaren Lurraldea\" \/>\n<meta property=\"article:publisher\" content=\"https:\/\/www.facebook.com\/sagardoarenlurraldea\" \/>\n<meta property=\"article:modified_time\" content=\"2017-12-29T10:04:44+00:00\" \/>\n<meta property=\"og:image\" content=\"https:\/\/sagardoarenlurraldea.eus\/wp-content\/uploads\/2016\/10\/SIDORD-F00.jpg\" \/>\n\t<meta property=\"og:image:width\" content=\"900\" \/>\n\t<meta property=\"og:image:height\" content=\"600\" \/>\n\t<meta property=\"og:image:type\" content=\"image\/jpeg\" \/>\n<meta name=\"twitter:card\" content=\"summary_large_image\" \/>\n<script type=\"application\/ld+json\" class=\"yoast-schema-graph\">{\"@context\":\"https:\/\/schema.org\",\"@graph\":[{\"@type\":\"WebPage\",\"@id\":\"https:\/\/sagardoarenlurraldea.eus\/es\/reservar\/oiartzun\/sidreria-oiartzun-ordo-zelai\/\",\"url\":\"https:\/\/sagardoarenlurraldea.eus\/es\/reservar\/oiartzun\/sidreria-oiartzun-ordo-zelai\/\",\"name\":\"Sidrer\u00eda Ordo Zelai - Sagardoaren Lurraldea\",\"isPartOf\":{\"@id\":\"https:\/\/sagardoarenlurraldea.eus\/es\/#website\"},\"primaryImageOfPage\":{\"@id\":\"https:\/\/sagardoarenlurraldea.eus\/es\/reservar\/oiartzun\/sidreria-oiartzun-ordo-zelai\/#primaryimage\"},\"image\":{\"@id\":\"https:\/\/sagardoarenlurraldea.eus\/es\/reservar\/oiartzun\/sidreria-oiartzun-ordo-zelai\/#primaryimage\"},\"thumbnailUrl\":\"https:\/\/sagardoarenlurraldea.eus\/wp-content\/uploads\/2016\/10\/SIDORD-F00.jpg\",\"datePublished\":\"2017-12-29T10:02:47+00:00\",\"dateModified\":\"2017-12-29T10:04:44+00:00\",\"breadcrumb\":{\"@id\":\"https:\/\/sagardoarenlurraldea.eus\/es\/reservar\/oiartzun\/sidreria-oiartzun-ordo-zelai\/#breadcrumb\"},\"inLanguage\":\"es\",\"potentialAction\":[{\"@type\":\"ReadAction\",\"target\":[\"https:\/\/sagardoarenlurraldea.eus\/es\/reservar\/oiartzun\/sidreria-oiartzun-ordo-zelai\/\"]}]},{\"@type\":\"ImageObject\",\"inLanguage\":\"es\",\"@id\":\"https:\/\/sagardoarenlurraldea.eus\/es\/reservar\/oiartzun\/sidreria-oiartzun-ordo-zelai\/#primaryimage\",\"url\":\"https:\/\/sagardoarenlurraldea.eus\/wp-content\/uploads\/2016\/10\/SIDORD-F00.jpg\",\"contentUrl\":\"https:\/\/sagardoarenlurraldea.eus\/wp-content\/uploads\/2016\/10\/SIDORD-F00.jpg\",\"width\":900,\"height\":600,\"caption\":\"Comedor de la sidrer\u00eda Ordo Zelai\"},{\"@type\":\"BreadcrumbList\",\"@id\":\"https:\/\/sagardoarenlurraldea.eus\/es\/reservar\/oiartzun\/sidreria-oiartzun-ordo-zelai\/#breadcrumb\",\"itemListElement\":[{\"@type\":\"ListItem\",\"position\":1,\"name\":\"Inicio\",\"item\":\"https:\/\/sagardoarenlurraldea.eus\/es\/\"},{\"@type\":\"ListItem\",\"position\":2,\"name\":\"Reservar\",\"item\":\"https:\/\/sagardoarenlurraldea.eus\/es\/reservar\/\"},{\"@type\":\"ListItem\",\"position\":3,\"name\":\"Sidrer\u00eda Ordo Zelai\"}]},{\"@type\":\"WebSite\",\"@id\":\"https:\/\/sagardoarenlurraldea.eus\/es\/#website\",\"url\":\"https:\/\/sagardoarenlurraldea.eus\/es\/\",\"name\":\"Sagardoaren Lurraldea\",\"description\":\"El territorio de la sidra\",\"potentialAction\":[{\"@type\":\"SearchAction\",\"target\":{\"@type\":\"EntryPoint\",\"urlTemplate\":\"https:\/\/sagardoarenlurraldea.eus\/es\/?s={search_term_string}\"},\"query-input\":{\"@type\":\"PropertyValueSpecification\",\"valueRequired\":true,\"valueName\":\"search_term_string\"}}],\"inLanguage\":\"es\"}]}<\/script>\n<!-- \/ Yoast SEO plugin. -->","yoast_head_json":{"title":"Sidrer\u00eda Ordo Zelai - Sagardoaren Lurraldea","robots":{"index":"index","follow":"follow","max-snippet":"max-snippet:-1","max-image-preview":"max-image-preview:large","max-video-preview":"max-video-preview:-1"},"canonical":"https:\/\/sagardoarenlurraldea.eus\/es\/reservar\/oiartzun\/sidreria-oiartzun-ordo-zelai\/","og_locale":"es_ES","og_type":"article","og_title":"Sidrer\u00eda Ordo Zelai - Sagardoaren Lurraldea","og_description":"Sidrer\u00eda abierta todo el a\u00f1o. Sidreria que cuenta con su propio manzanal.","og_url":"https:\/\/sagardoarenlurraldea.eus\/es\/reservar\/oiartzun\/sidreria-oiartzun-ordo-zelai\/","og_site_name":"Sagardoaren Lurraldea","article_publisher":"https:\/\/www.facebook.com\/sagardoarenlurraldea","article_modified_time":"2017-12-29T10:04:44+00:00","og_image":[{"width":900,"height":600,"url":"https:\/\/sagardoarenlurraldea.eus\/wp-content\/uploads\/2016\/10\/SIDORD-F00.jpg","type":"image\/jpeg"}],"twitter_card":"summary_large_image","schema":{"@context":"https:\/\/schema.org","@graph":[{"@type":"WebPage","@id":"https:\/\/sagardoarenlurraldea.eus\/es\/reservar\/oiartzun\/sidreria-oiartzun-ordo-zelai\/","url":"https:\/\/sagardoarenlurraldea.eus\/es\/reservar\/oiartzun\/sidreria-oiartzun-ordo-zelai\/","name":"Sidrer\u00eda Ordo Zelai - Sagardoaren Lurraldea","isPartOf":{"@id":"https:\/\/sagardoarenlurraldea.eus\/es\/#website"},"primaryImageOfPage":{"@id":"https:\/\/sagardoarenlurraldea.eus\/es\/reservar\/oiartzun\/sidreria-oiartzun-ordo-zelai\/#primaryimage"},"image":{"@id":"https:\/\/sagardoarenlurraldea.eus\/es\/reservar\/oiartzun\/sidreria-oiartzun-ordo-zelai\/#primaryimage"},"thumbnailUrl":"https:\/\/sagardoarenlurraldea.eus\/wp-content\/uploads\/2016\/10\/SIDORD-F00.jpg","datePublished":"2017-12-29T10:02:47+00:00","dateModified":"2017-12-29T10:04:44+00:00","breadcrumb":{"@id":"https:\/\/sagardoarenlurraldea.eus\/es\/reservar\/oiartzun\/sidreria-oiartzun-ordo-zelai\/#breadcrumb"},"inLanguage":"es","potentialAction":[{"@type":"ReadAction","target":["https:\/\/sagardoarenlurraldea.eus\/es\/reservar\/oiartzun\/sidreria-oiartzun-ordo-zelai\/"]}]},{"@type":"ImageObject","inLanguage":"es","@id":"https:\/\/sagardoarenlurraldea.eus\/es\/reservar\/oiartzun\/sidreria-oiartzun-ordo-zelai\/#primaryimage","url":"https:\/\/sagardoarenlurraldea.eus\/wp-content\/uploads\/2016\/10\/SIDORD-F00.jpg","contentUrl":"https:\/\/sagardoarenlurraldea.eus\/wp-content\/uploads\/2016\/10\/SIDORD-F00.jpg","width":900,"height":600,"caption":"Comedor de la sidrer\u00eda Ordo Zelai"},{"@type":"BreadcrumbList","@id":"https:\/\/sagardoarenlurraldea.eus\/es\/reservar\/oiartzun\/sidreria-oiartzun-ordo-zelai\/#breadcrumb","itemListElement":[{"@type":"ListItem","position":1,"name":"Inicio","item":"https:\/\/sagardoarenlurraldea.eus\/es\/"},{"@type":"ListItem","position":2,"name":"Reservar","item":"https:\/\/sagardoarenlurraldea.eus\/es\/reservar\/"},{"@type":"ListItem","position":3,"name":"Sidrer\u00eda Ordo Zelai"}]},{"@type":"WebSite","@id":"https:\/\/sagardoarenlurraldea.eus\/es\/#website","url":"https:\/\/sagardoarenlurraldea.eus\/es\/","name":"Sagardoaren Lurraldea","description":"El territorio de la sidra","potentialAction":[{"@type":"SearchAction","target":{"@type":"EntryPoint","urlTemplate":"https:\/\/sagardoarenlurraldea.eus\/es\/?s={search_term_string}"},"query-input":{"@type":"PropertyValueSpecification","valueRequired":true,"valueName":"search_term_string"}}],"inLanguage":"es"}]}},"_links":{"self":[{"href":"https:\/\/sagardoarenlurraldea.eus\/es\/wp-json\/wp\/v2\/product\/24893","targetHints":{"allow":["GET"]}}],"collection":[{"href":"https:\/\/sagardoarenlurraldea.eus\/es\/wp-json\/wp\/v2\/product"}],"about":[{"href":"https:\/\/sagardoarenlurraldea.eus\/es\/wp-json\/wp\/v2\/types\/product"}],"replies":[{"embeddable":true,"href":"https:\/\/sagardoarenlurraldea.eus\/es\/wp-json\/wp\/v2\/comments?post=24893"}],"wp:featuredmedia":[{"embeddable":true,"href":"https:\/\/sagardoarenlurraldea.eus\/es\/wp-json\/wp\/v2\/media\/6181"}],"wp:attachment":[{"href":"https:\/\/sagardoarenlurraldea.eus\/es\/wp-json\/wp\/v2\/media?parent=24893"}],"wp:term":[{"taxonomy":"product_brand","embeddable":true,"href":"https:\/\/sagardoarenlurraldea.eus\/es\/wp-json\/wp\/v2\/product_brand?post=24893"},{"taxonomy":"product_cat","embeddable":true,"href":"https:\/\/sagardoarenlurraldea.eus\/es\/wp-json\/wp\/v2\/product_cat?post=24893"},{"taxonomy":"product_tag","embeddable":true,"href":"https:\/\/sagardoarenlurraldea.eus\/es\/wp-json\/wp\/v2\/product_tag?post=24893"}],"curies":[{"name":"wp","href":"https:\/\/api.w.org\/{rel}","templated":true}]}}