{"id":24706,"date":"2017-12-27T17:41:40","date_gmt":"2017-12-27T15:41:40","guid":{"rendered":"http:\/\/www.sagardoarenlurraldea.eus\/?post_type=product&#038;p=24706"},"modified":"2017-12-27T17:43:21","modified_gmt":"2017-12-27T15:43:21","slug":"sidreria-urnieta-setien","status":"publish","type":"product","link":"https:\/\/sagardoarenlurraldea.eus\/es\/reservar\/urnieta\/sidreria-urnieta-setien\/","title":{"rendered":"Sidrer\u00eda Setien"},"content":{"rendered":"<h2>Descripci\u00f3n<\/h2>\n<p>Se trata de una de las sidrer\u00edas con m\u00e1s historia de Urnieta, conocida entre los clientes fieles como Kaxiano, haciendo honor a su antiguo propietario. Se encuentra rodeada por manzanales de cultivo propio. Siguiendo la trayectoria de casi la totalidad de las sidrer\u00edas actuales, tambi\u00e9n esta comenz\u00f3 en sus inicios haciendo sidra para la familia y los vecinos.<\/p>\n<h2>Comidas y cenas<\/h2>\n<p><strong>En temporada<\/strong> (enero &#8211; abril): Cenas todos los dias. Comidas los viernes, sabados y domingos. Domingo noche y lunes todo el dia cerrado.<\/p>\n<p><strong>Fuera de temporada<\/strong> (a partir de mayo): Cerrado<\/p>\n<p>Capacidad: 90 comensales<\/p>\n<h2>Informaci\u00f3n adicional<\/h2>\n<p>Responsable: Eugenio Urruzola<\/p>\n<p>Direcci\u00f3n: Oztaran auzoa z\/g. Urnieta.<br \/>\nTfno.: 943551014<br \/>\nWeb: <a href=\"http:\/\/www.setien.net\">http:\/\/www.setien.net<\/a><\/p>\n<p>&nbsp;<\/p>\n","protected":false},"excerpt":{"rendered":"<p>Sidrer\u00eda abierta en temporada del txotx (enero-abril). La sidrer\u00eda Setien fue fundada hacia 1920 por Miguel Seti\u00e9n (Miel Moko), produciendo la sidra en el lagar del caser\u00edo Gurutzeta y almacenada en las kupelas.<\/p>\n","protected":false},"featured_media":6231,"comment_status":"open","ping_status":"closed","template":"","meta":{"_acf_changed":false,"_et_pb_use_builder":"","_et_pb_old_content":"","_et_gb_content_width":""},"product_brand":[],"product_cat":[2152,100],"product_tag":[40,39,41,182,53,58,34,48,32,30,31],"class_list":{"0":"post-24706","1":"product","2":"type-product","3":"status-publish","4":"has-post-thumbnail","6":"product_cat-sidrerias","7":"product_cat-urnieta","8":"product_tag-acceso-en-autobus","9":"product_tag-acceso-en-coche","10":"product_tag-acceso-en-microbus","11":"product_tag-acceso-para-minusvalidos","12":"product_tag-grupos-mayores-de-25","13":"product_tag-grupos-menores-de-25","14":"product_tag-menu-tradicional","15":"product_tag-parking","16":"product_tag-sidra-en-txotx","17":"product_tag-turno-cena","18":"product_tag-turno-comida","19":"pa_caracteristicas-y-menus-grupos_mas_25","20":"pa_caracteristicas-y-menus-sidra_en_txotx","21":"dtwm_map-setien","23":"first","24":"instock","25":"virtual","26":"product-type-simple"},"exclude_global_add_ons":[],"addons":[],"acf":[],"yoast_head":"<!-- This site is optimized with the Yoast SEO plugin v25.4 - https:\/\/yoast.com\/wordpress\/plugins\/seo\/ -->\n<title>Sidrer\u00eda Setien - Sagardoaren Lurraldea<\/title>\n<meta name=\"robots\" content=\"index, follow, max-snippet:-1, max-image-preview:large, max-video-preview:-1\" \/>\n<link rel=\"canonical\" href=\"https:\/\/sagardoarenlurraldea.eus\/es\/reservar\/urnieta\/sidreria-urnieta-setien\/\" \/>\n<meta property=\"og:locale\" content=\"es_ES\" \/>\n<meta property=\"og:type\" content=\"article\" \/>\n<meta property=\"og:title\" content=\"Sidrer\u00eda Setien - Sagardoaren Lurraldea\" \/>\n<meta property=\"og:description\" content=\"Sidrer\u00eda abierta en temporada del txotx (enero-abril). La sidrer\u00eda Setien fue fundada hacia 1920 por Miguel Seti\u00e9n (Miel Moko), produciendo la sidra en el lagar del caser\u00edo Gurutzeta y almacenada en las kupelas.\" \/>\n<meta property=\"og:url\" content=\"https:\/\/sagardoarenlurraldea.eus\/es\/reservar\/urnieta\/sidreria-urnieta-setien\/\" \/>\n<meta property=\"og:site_name\" content=\"Sagardoaren Lurraldea\" \/>\n<meta property=\"article:publisher\" content=\"https:\/\/www.facebook.com\/sagardoarenlurraldea\" \/>\n<meta property=\"article:modified_time\" content=\"2017-12-27T15:43:21+00:00\" \/>\n<meta property=\"og:image\" content=\"https:\/\/sagardoarenlurraldea.eus\/wp-content\/uploads\/2016\/10\/SIDSET-F00.jpg\" \/>\n\t<meta property=\"og:image:width\" content=\"900\" \/>\n\t<meta property=\"og:image:height\" content=\"600\" \/>\n\t<meta property=\"og:image:type\" content=\"image\/jpeg\" \/>\n<meta name=\"twitter:card\" content=\"summary_large_image\" \/>\n<meta name=\"twitter:label1\" content=\"Tiempo de lectura\" \/>\n\t<meta name=\"twitter:data1\" content=\"1 minuto\" \/>\n<script type=\"application\/ld+json\" class=\"yoast-schema-graph\">{\"@context\":\"https:\/\/schema.org\",\"@graph\":[{\"@type\":\"WebPage\",\"@id\":\"https:\/\/sagardoarenlurraldea.eus\/es\/reservar\/urnieta\/sidreria-urnieta-setien\/\",\"url\":\"https:\/\/sagardoarenlurraldea.eus\/es\/reservar\/urnieta\/sidreria-urnieta-setien\/\",\"name\":\"Sidrer\u00eda Setien - Sagardoaren Lurraldea\",\"isPartOf\":{\"@id\":\"https:\/\/sagardoarenlurraldea.eus\/es\/#website\"},\"primaryImageOfPage\":{\"@id\":\"https:\/\/sagardoarenlurraldea.eus\/es\/reservar\/urnieta\/sidreria-urnieta-setien\/#primaryimage\"},\"image\":{\"@id\":\"https:\/\/sagardoarenlurraldea.eus\/es\/reservar\/urnieta\/sidreria-urnieta-setien\/#primaryimage\"},\"thumbnailUrl\":\"https:\/\/sagardoarenlurraldea.eus\/wp-content\/uploads\/2016\/10\/SIDSET-F00.jpg\",\"datePublished\":\"2017-12-27T15:41:40+00:00\",\"dateModified\":\"2017-12-27T15:43:21+00:00\",\"breadcrumb\":{\"@id\":\"https:\/\/sagardoarenlurraldea.eus\/es\/reservar\/urnieta\/sidreria-urnieta-setien\/#breadcrumb\"},\"inLanguage\":\"es\",\"potentialAction\":[{\"@type\":\"ReadAction\",\"target\":[\"https:\/\/sagardoarenlurraldea.eus\/es\/reservar\/urnieta\/sidreria-urnieta-setien\/\"]}]},{\"@type\":\"ImageObject\",\"inLanguage\":\"es\",\"@id\":\"https:\/\/sagardoarenlurraldea.eus\/es\/reservar\/urnieta\/sidreria-urnieta-setien\/#primaryimage\",\"url\":\"https:\/\/sagardoarenlurraldea.eus\/wp-content\/uploads\/2016\/10\/SIDSET-F00.jpg\",\"contentUrl\":\"https:\/\/sagardoarenlurraldea.eus\/wp-content\/uploads\/2016\/10\/SIDSET-F00.jpg\",\"width\":900,\"height\":600,\"caption\":\"Botella de sidra de la sidrer\u00eda Setien\"},{\"@type\":\"BreadcrumbList\",\"@id\":\"https:\/\/sagardoarenlurraldea.eus\/es\/reservar\/urnieta\/sidreria-urnieta-setien\/#breadcrumb\",\"itemListElement\":[{\"@type\":\"ListItem\",\"position\":1,\"name\":\"Inicio\",\"item\":\"https:\/\/sagardoarenlurraldea.eus\/es\/\"},{\"@type\":\"ListItem\",\"position\":2,\"name\":\"Reservar\",\"item\":\"https:\/\/sagardoarenlurraldea.eus\/es\/reservar\/\"},{\"@type\":\"ListItem\",\"position\":3,\"name\":\"Sidrer\u00eda Setien\"}]},{\"@type\":\"WebSite\",\"@id\":\"https:\/\/sagardoarenlurraldea.eus\/es\/#website\",\"url\":\"https:\/\/sagardoarenlurraldea.eus\/es\/\",\"name\":\"Sagardoaren Lurraldea\",\"description\":\"El territorio de la sidra\",\"potentialAction\":[{\"@type\":\"SearchAction\",\"target\":{\"@type\":\"EntryPoint\",\"urlTemplate\":\"https:\/\/sagardoarenlurraldea.eus\/es\/?s={search_term_string}\"},\"query-input\":{\"@type\":\"PropertyValueSpecification\",\"valueRequired\":true,\"valueName\":\"search_term_string\"}}],\"inLanguage\":\"es\"}]}<\/script>\n<!-- \/ Yoast SEO plugin. -->","yoast_head_json":{"title":"Sidrer\u00eda Setien - Sagardoaren Lurraldea","robots":{"index":"index","follow":"follow","max-snippet":"max-snippet:-1","max-image-preview":"max-image-preview:large","max-video-preview":"max-video-preview:-1"},"canonical":"https:\/\/sagardoarenlurraldea.eus\/es\/reservar\/urnieta\/sidreria-urnieta-setien\/","og_locale":"es_ES","og_type":"article","og_title":"Sidrer\u00eda Setien - Sagardoaren Lurraldea","og_description":"Sidrer\u00eda abierta en temporada del txotx (enero-abril). La sidrer\u00eda Setien fue fundada hacia 1920 por Miguel Seti\u00e9n (Miel Moko), produciendo la sidra en el lagar del caser\u00edo Gurutzeta y almacenada en las kupelas.","og_url":"https:\/\/sagardoarenlurraldea.eus\/es\/reservar\/urnieta\/sidreria-urnieta-setien\/","og_site_name":"Sagardoaren Lurraldea","article_publisher":"https:\/\/www.facebook.com\/sagardoarenlurraldea","article_modified_time":"2017-12-27T15:43:21+00:00","og_image":[{"width":900,"height":600,"url":"https:\/\/sagardoarenlurraldea.eus\/wp-content\/uploads\/2016\/10\/SIDSET-F00.jpg","type":"image\/jpeg"}],"twitter_card":"summary_large_image","twitter_misc":{"Tiempo de lectura":"1 minuto"},"schema":{"@context":"https:\/\/schema.org","@graph":[{"@type":"WebPage","@id":"https:\/\/sagardoarenlurraldea.eus\/es\/reservar\/urnieta\/sidreria-urnieta-setien\/","url":"https:\/\/sagardoarenlurraldea.eus\/es\/reservar\/urnieta\/sidreria-urnieta-setien\/","name":"Sidrer\u00eda Setien - Sagardoaren Lurraldea","isPartOf":{"@id":"https:\/\/sagardoarenlurraldea.eus\/es\/#website"},"primaryImageOfPage":{"@id":"https:\/\/sagardoarenlurraldea.eus\/es\/reservar\/urnieta\/sidreria-urnieta-setien\/#primaryimage"},"image":{"@id":"https:\/\/sagardoarenlurraldea.eus\/es\/reservar\/urnieta\/sidreria-urnieta-setien\/#primaryimage"},"thumbnailUrl":"https:\/\/sagardoarenlurraldea.eus\/wp-content\/uploads\/2016\/10\/SIDSET-F00.jpg","datePublished":"2017-12-27T15:41:40+00:00","dateModified":"2017-12-27T15:43:21+00:00","breadcrumb":{"@id":"https:\/\/sagardoarenlurraldea.eus\/es\/reservar\/urnieta\/sidreria-urnieta-setien\/#breadcrumb"},"inLanguage":"es","potentialAction":[{"@type":"ReadAction","target":["https:\/\/sagardoarenlurraldea.eus\/es\/reservar\/urnieta\/sidreria-urnieta-setien\/"]}]},{"@type":"ImageObject","inLanguage":"es","@id":"https:\/\/sagardoarenlurraldea.eus\/es\/reservar\/urnieta\/sidreria-urnieta-setien\/#primaryimage","url":"https:\/\/sagardoarenlurraldea.eus\/wp-content\/uploads\/2016\/10\/SIDSET-F00.jpg","contentUrl":"https:\/\/sagardoarenlurraldea.eus\/wp-content\/uploads\/2016\/10\/SIDSET-F00.jpg","width":900,"height":600,"caption":"Botella de sidra de la sidrer\u00eda Setien"},{"@type":"BreadcrumbList","@id":"https:\/\/sagardoarenlurraldea.eus\/es\/reservar\/urnieta\/sidreria-urnieta-setien\/#breadcrumb","itemListElement":[{"@type":"ListItem","position":1,"name":"Inicio","item":"https:\/\/sagardoarenlurraldea.eus\/es\/"},{"@type":"ListItem","position":2,"name":"Reservar","item":"https:\/\/sagardoarenlurraldea.eus\/es\/reservar\/"},{"@type":"ListItem","position":3,"name":"Sidrer\u00eda Setien"}]},{"@type":"WebSite","@id":"https:\/\/sagardoarenlurraldea.eus\/es\/#website","url":"https:\/\/sagardoarenlurraldea.eus\/es\/","name":"Sagardoaren Lurraldea","description":"El territorio de la sidra","potentialAction":[{"@type":"SearchAction","target":{"@type":"EntryPoint","urlTemplate":"https:\/\/sagardoarenlurraldea.eus\/es\/?s={search_term_string}"},"query-input":{"@type":"PropertyValueSpecification","valueRequired":true,"valueName":"search_term_string"}}],"inLanguage":"es"}]}},"_links":{"self":[{"href":"https:\/\/sagardoarenlurraldea.eus\/es\/wp-json\/wp\/v2\/product\/24706","targetHints":{"allow":["GET"]}}],"collection":[{"href":"https:\/\/sagardoarenlurraldea.eus\/es\/wp-json\/wp\/v2\/product"}],"about":[{"href":"https:\/\/sagardoarenlurraldea.eus\/es\/wp-json\/wp\/v2\/types\/product"}],"replies":[{"embeddable":true,"href":"https:\/\/sagardoarenlurraldea.eus\/es\/wp-json\/wp\/v2\/comments?post=24706"}],"wp:featuredmedia":[{"embeddable":true,"href":"https:\/\/sagardoarenlurraldea.eus\/es\/wp-json\/wp\/v2\/media\/6231"}],"wp:attachment":[{"href":"https:\/\/sagardoarenlurraldea.eus\/es\/wp-json\/wp\/v2\/media?parent=24706"}],"wp:term":[{"taxonomy":"product_brand","embeddable":true,"href":"https:\/\/sagardoarenlurraldea.eus\/es\/wp-json\/wp\/v2\/product_brand?post=24706"},{"taxonomy":"product_cat","embeddable":true,"href":"https:\/\/sagardoarenlurraldea.eus\/es\/wp-json\/wp\/v2\/product_cat?post=24706"},{"taxonomy":"product_tag","embeddable":true,"href":"https:\/\/sagardoarenlurraldea.eus\/es\/wp-json\/wp\/v2\/product_tag?post=24706"}],"curies":[{"name":"wp","href":"https:\/\/api.w.org\/{rel}","templated":true}]}}