{"id":1693,"date":"2026-02-07T09:00:59","date_gmt":"2026-02-07T07:00:59","guid":{"rendered":"http:\/\/www.sagardoarenlurraldea.eus\/reservar\/experiencias\/museo-sidreria\/"},"modified":"2026-03-10T14:27:44","modified_gmt":"2026-03-10T12:27:44","slug":"museo-sidreria","status":"publish","type":"product","link":"https:\/\/sagardoarenlurraldea.eus\/es\/reservar\/experiencias\/010-museo-y-sidreria\/museo-sidreria\/","title":{"rendered":"Museo y sidrer\u00eda"},"content":{"rendered":"<h2>Actividades que incluye la experiencia<\/h2>\n<ul>\n<li>Visita a Sagardoetxea,<strong> Museo de la Sidra Vasca<\/strong>.<\/li>\n<li><strong>Degustaci\u00f3n<\/strong> de sidra.<\/li>\n<li><strong>Comida\/Cena en la sidrer\u00eda Alorrenea<\/strong>. Men\u00fa tradicional de sidrer\u00eda compuesto por tortilla de bacalao, bacalao frito con pimientos, chulet\u00f3n, queso con nueces y membrillo y sidra.NOTA:<br \/>\nTransporte no incluido. Si fuera necesario transporte, indicarlo en las observaciones de la reserva (siguiente paso).<\/li>\n<\/ul>\n<h2>Informaci\u00f3n pr\u00e1ctica<\/h2>\n<ul>\n<li><strong>Horarios<\/strong>: De martes a s\u00e1bado (todo el a\u00f1o): 12:00 y 19:00. Domingos y festivos: 12:00. Julio y agosto todos los d\u00edas.<\/li>\n<li><strong>Duraci\u00f3n<\/strong>: 3 horas en total (1 hora visita al museo + 2 horas en sidrer\u00eda).<\/li>\n<li><strong>\u00bfCuando se puede hacer?<\/strong>\u00a0Durante todo el a\u00f1o.<\/li>\n<li><strong>\u00bfPara qui\u00e9n?<\/strong>\u00a0Grupos y familias.<\/li>\n<li><strong>Idiomas<\/strong>: Castellano, euskera, franc\u00e9s e ingl\u00e9s. <strong>(Siempre con reserva previa)<\/strong><\/li>\n<li><strong>Punto de encuentro<\/strong>: Sagardoetxea, Museo de la Sidra Vasca (Kale Nagusia, 48 &#8211; Astigarraga). Coordenadas GPS: 43.281204, -1.946554.<\/li>\n<li><strong>C\u00f3mo llegar<\/strong>:\n<ul>\n<li>En veh\u00edculo propio: aparcamiento en el centro de Astigarraga (C\/ Nagusia) y en el pol\u00edgono industrial (C\/ Donostia ibilbidea). Tiempo estimado desde el aparcamiento: 5-10 min.<\/li>\n<li>En autob\u00fas de l\u00ednea: Desde San Sebastian (C\/ Okendo) y desde Hernani (C\/ Txirrita). L\u00edneas BU12 y BU13. <a href=\"http:\/\/www.lurraldebus.eus\">Ver horarios<\/a>. Tiempo estimado desde la parada: 5 min.<\/li>\n<\/ul>\n<\/li>\n<\/ul>\n<p><strong>NOTA IMPORTANTE:<\/strong> Al realizar la reserva, no recibir\u00e1 las entradas por email. Su reserva se ha registrado en nuestro sistema de reservas, y solo debe acercarse al punto de encuentro el d\u00eda de la actividad y dar su nombre.<\/p>\n<p>&nbsp;<\/p>\n<h2>Tarifas<\/h2>\n<ul>\n<li><strong>Adultos<\/strong>: 53\u20ac (con men\u00fa tradicional)<\/li>\n<li><strong>Ni\u00f1os:<\/strong>\n<ul>\n<li><strong>Ni\u00f1os de 0-6 a\u00f1os<\/strong>: 27\u20ac (con men\u00fa especial)<\/li>\n<li><strong>Ni\u00f1os de 7-17 a\u00f1os<\/strong>: 30\u20ac (con men\u00fa especial)<\/li>\n<\/ul>\n<\/li>\n<\/ul>\n<h2>Lo mejor<\/h2>\n<ul>\n<li><strong>Un viaje a nuestras\u00a0<\/strong><b>ra\u00edces<\/b>: Secretos y curiosidades de la cultura de la sidra.<\/li>\n<li><strong>Comer en grupo y muy rico<\/strong>: La experiencia de sidrer\u00eda y la comida de producto local de alt\u00edsima calidad.<\/li>\n<\/ul>\n<p>&nbsp;<\/p>\n","protected":false},"excerpt":{"rendered":"<p>Visita Sagardoetxea, Museo de la Sidra Vasca, antes de irte de sidrer\u00eda y convierte tu visita al Territorio de la Sidra en una experiencia completa. Te proponemos hacer una visita guiada de Sagardoetxea antes de ir a comer, visitando el manzanal, el espacio muse\u00edstico y finalizar con una cata comentada de sidra. Despu\u00e9s, te vas de sidrer\u00eda a poner en pr\u00e1ctica todo lo aprendido.<\/p>\n","protected":false},"featured_media":1778,"comment_status":"open","ping_status":"closed","template":"","meta":{"_acf_changed":false,"_et_pb_use_builder":"","_et_pb_old_content":"","_et_gb_content_width":""},"product_brand":[],"product_cat":[45,149],"product_tag":[2153,151,152],"class_list":{"0":"post-1693","1":"product","2":"type-product","3":"status-publish","4":"has-post-thumbnail","6":"product_cat-experiencias","7":"product_cat-010-museo-y-sidreria","8":"product_tag-disponible-todo-el-ano","9":"product_tag-actividad-matutina","10":"product_tag-actividad-vespertina","11":"dtwm_map-alorrenea","12":"dtwm_map-sagardoetxea","14":"first","15":"instock","16":"virtual","17":"sold-individually","18":"purchasable","19":"product-type-booking"},"exclude_global_add_ons":false,"addons":[{"name":"Servicio de gu\u00eda en idiomas","type":"select","position":0,"required":false,"title_format":"label","default":"","description_enable":false,"description":"","placeholder_enable":false,"placeholder":"","display":"select","restrictions_type":"any_text","adjust_price":false,"price":"","price_type":"flat_fee","restrictions":false,"min":"0","max":"0","options":[],"id":1768821557}],"acf":[],"yoast_head":"<!-- This site is optimized with the Yoast SEO plugin v25.4 - https:\/\/yoast.com\/wordpress\/plugins\/seo\/ -->\n<title>Museo y sidrer\u00eda - Sagardoaren Lurraldea<\/title>\n<meta name=\"robots\" content=\"index, follow, max-snippet:-1, max-image-preview:large, max-video-preview:-1\" \/>\n<link rel=\"canonical\" href=\"https:\/\/sagardoarenlurraldea.eus\/es\/reservar\/experiencias\/010-museo-y-sidreria\/museo-sidreria\/\" \/>\n<meta property=\"og:locale\" content=\"es_ES\" \/>\n<meta property=\"og:type\" content=\"article\" \/>\n<meta property=\"og:title\" content=\"Museo y sidrer\u00eda - Sagardoaren Lurraldea\" \/>\n<meta property=\"og:description\" content=\"Visita Sagardoetxea, Museo de la Sidra Vasca, antes de irte de sidrer\u00eda y convierte tu visita al Territorio de la Sidra en una experiencia completa. Te proponemos hacer una visita guiada de Sagardoetxea antes de ir a comer, visitando el manzanal, el espacio muse\u00edstico y finalizar con una cata comentada de sidra. Despu\u00e9s, te vas de sidrer\u00eda a poner en pr\u00e1ctica todo lo aprendido.\" \/>\n<meta property=\"og:url\" content=\"https:\/\/sagardoarenlurraldea.eus\/es\/reservar\/experiencias\/010-museo-y-sidreria\/museo-sidreria\/\" \/>\n<meta property=\"og:site_name\" content=\"Sagardoaren Lurraldea\" \/>\n<meta property=\"article:publisher\" content=\"https:\/\/www.facebook.com\/sagardoarenlurraldea\" \/>\n<meta property=\"article:modified_time\" content=\"2026-03-10T12:27:44+00:00\" \/>\n<meta property=\"og:image\" content=\"https:\/\/sagardoarenlurraldea.eus\/wp-content\/uploads\/2016\/08\/EXPSIDRERIA-F00.jpg\" \/>\n\t<meta property=\"og:image:width\" content=\"900\" \/>\n\t<meta property=\"og:image:height\" content=\"598\" \/>\n\t<meta property=\"og:image:type\" content=\"image\/jpeg\" \/>\n<meta name=\"twitter:card\" content=\"summary_large_image\" \/>\n<meta name=\"twitter:label1\" content=\"Tiempo de lectura\" \/>\n\t<meta name=\"twitter:data1\" content=\"2 minutos\" \/>\n<script type=\"application\/ld+json\" class=\"yoast-schema-graph\">{\"@context\":\"https:\/\/schema.org\",\"@graph\":[{\"@type\":\"WebPage\",\"@id\":\"https:\/\/sagardoarenlurraldea.eus\/es\/reservar\/experiencias\/010-museo-y-sidreria\/museo-sidreria\/\",\"url\":\"https:\/\/sagardoarenlurraldea.eus\/es\/reservar\/experiencias\/010-museo-y-sidreria\/museo-sidreria\/\",\"name\":\"Museo y sidrer\u00eda - Sagardoaren Lurraldea\",\"isPartOf\":{\"@id\":\"https:\/\/sagardoarenlurraldea.eus\/es\/#website\"},\"primaryImageOfPage\":{\"@id\":\"https:\/\/sagardoarenlurraldea.eus\/es\/reservar\/experiencias\/010-museo-y-sidreria\/museo-sidreria\/#primaryimage\"},\"image\":{\"@id\":\"https:\/\/sagardoarenlurraldea.eus\/es\/reservar\/experiencias\/010-museo-y-sidreria\/museo-sidreria\/#primaryimage\"},\"thumbnailUrl\":\"https:\/\/sagardoarenlurraldea.eus\/wp-content\/uploads\/2016\/08\/EXPSIDRERIA-F00.jpg\",\"datePublished\":\"2026-02-07T07:00:59+00:00\",\"dateModified\":\"2026-03-10T12:27:44+00:00\",\"breadcrumb\":{\"@id\":\"https:\/\/sagardoarenlurraldea.eus\/es\/reservar\/experiencias\/010-museo-y-sidreria\/museo-sidreria\/#breadcrumb\"},\"inLanguage\":\"es\",\"potentialAction\":[{\"@type\":\"ReadAction\",\"target\":[\"https:\/\/sagardoarenlurraldea.eus\/es\/reservar\/experiencias\/010-museo-y-sidreria\/museo-sidreria\/\"]}]},{\"@type\":\"ImageObject\",\"inLanguage\":\"es\",\"@id\":\"https:\/\/sagardoarenlurraldea.eus\/es\/reservar\/experiencias\/010-museo-y-sidreria\/museo-sidreria\/#primaryimage\",\"url\":\"https:\/\/sagardoarenlurraldea.eus\/wp-content\/uploads\/2016\/08\/EXPSIDRERIA-F00.jpg\",\"contentUrl\":\"https:\/\/sagardoarenlurraldea.eus\/wp-content\/uploads\/2016\/08\/EXPSIDRERIA-F00.jpg\",\"width\":900,\"height\":598},{\"@type\":\"BreadcrumbList\",\"@id\":\"https:\/\/sagardoarenlurraldea.eus\/es\/reservar\/experiencias\/010-museo-y-sidreria\/museo-sidreria\/#breadcrumb\",\"itemListElement\":[{\"@type\":\"ListItem\",\"position\":1,\"name\":\"Inicio\",\"item\":\"https:\/\/sagardoarenlurraldea.eus\/es\/\"},{\"@type\":\"ListItem\",\"position\":2,\"name\":\"Reservar\",\"item\":\"https:\/\/sagardoarenlurraldea.eus\/es\/reservar\/\"},{\"@type\":\"ListItem\",\"position\":3,\"name\":\"Museo y sidrer\u00eda\"}]},{\"@type\":\"WebSite\",\"@id\":\"https:\/\/sagardoarenlurraldea.eus\/es\/#website\",\"url\":\"https:\/\/sagardoarenlurraldea.eus\/es\/\",\"name\":\"Sagardoaren Lurraldea\",\"description\":\"El territorio de la sidra\",\"potentialAction\":[{\"@type\":\"SearchAction\",\"target\":{\"@type\":\"EntryPoint\",\"urlTemplate\":\"https:\/\/sagardoarenlurraldea.eus\/es\/?s={search_term_string}\"},\"query-input\":{\"@type\":\"PropertyValueSpecification\",\"valueRequired\":true,\"valueName\":\"search_term_string\"}}],\"inLanguage\":\"es\"}]}<\/script>\n<!-- \/ Yoast SEO plugin. -->","yoast_head_json":{"title":"Museo y sidrer\u00eda - Sagardoaren Lurraldea","robots":{"index":"index","follow":"follow","max-snippet":"max-snippet:-1","max-image-preview":"max-image-preview:large","max-video-preview":"max-video-preview:-1"},"canonical":"https:\/\/sagardoarenlurraldea.eus\/es\/reservar\/experiencias\/010-museo-y-sidreria\/museo-sidreria\/","og_locale":"es_ES","og_type":"article","og_title":"Museo y sidrer\u00eda - Sagardoaren Lurraldea","og_description":"Visita Sagardoetxea, Museo de la Sidra Vasca, antes de irte de sidrer\u00eda y convierte tu visita al Territorio de la Sidra en una experiencia completa. Te proponemos hacer una visita guiada de Sagardoetxea antes de ir a comer, visitando el manzanal, el espacio muse\u00edstico y finalizar con una cata comentada de sidra. Despu\u00e9s, te vas de sidrer\u00eda a poner en pr\u00e1ctica todo lo aprendido.","og_url":"https:\/\/sagardoarenlurraldea.eus\/es\/reservar\/experiencias\/010-museo-y-sidreria\/museo-sidreria\/","og_site_name":"Sagardoaren Lurraldea","article_publisher":"https:\/\/www.facebook.com\/sagardoarenlurraldea","article_modified_time":"2026-03-10T12:27:44+00:00","og_image":[{"width":900,"height":598,"url":"https:\/\/sagardoarenlurraldea.eus\/wp-content\/uploads\/2016\/08\/EXPSIDRERIA-F00.jpg","type":"image\/jpeg"}],"twitter_card":"summary_large_image","twitter_misc":{"Tiempo de lectura":"2 minutos"},"schema":{"@context":"https:\/\/schema.org","@graph":[{"@type":"WebPage","@id":"https:\/\/sagardoarenlurraldea.eus\/es\/reservar\/experiencias\/010-museo-y-sidreria\/museo-sidreria\/","url":"https:\/\/sagardoarenlurraldea.eus\/es\/reservar\/experiencias\/010-museo-y-sidreria\/museo-sidreria\/","name":"Museo y sidrer\u00eda - Sagardoaren Lurraldea","isPartOf":{"@id":"https:\/\/sagardoarenlurraldea.eus\/es\/#website"},"primaryImageOfPage":{"@id":"https:\/\/sagardoarenlurraldea.eus\/es\/reservar\/experiencias\/010-museo-y-sidreria\/museo-sidreria\/#primaryimage"},"image":{"@id":"https:\/\/sagardoarenlurraldea.eus\/es\/reservar\/experiencias\/010-museo-y-sidreria\/museo-sidreria\/#primaryimage"},"thumbnailUrl":"https:\/\/sagardoarenlurraldea.eus\/wp-content\/uploads\/2016\/08\/EXPSIDRERIA-F00.jpg","datePublished":"2026-02-07T07:00:59+00:00","dateModified":"2026-03-10T12:27:44+00:00","breadcrumb":{"@id":"https:\/\/sagardoarenlurraldea.eus\/es\/reservar\/experiencias\/010-museo-y-sidreria\/museo-sidreria\/#breadcrumb"},"inLanguage":"es","potentialAction":[{"@type":"ReadAction","target":["https:\/\/sagardoarenlurraldea.eus\/es\/reservar\/experiencias\/010-museo-y-sidreria\/museo-sidreria\/"]}]},{"@type":"ImageObject","inLanguage":"es","@id":"https:\/\/sagardoarenlurraldea.eus\/es\/reservar\/experiencias\/010-museo-y-sidreria\/museo-sidreria\/#primaryimage","url":"https:\/\/sagardoarenlurraldea.eus\/wp-content\/uploads\/2016\/08\/EXPSIDRERIA-F00.jpg","contentUrl":"https:\/\/sagardoarenlurraldea.eus\/wp-content\/uploads\/2016\/08\/EXPSIDRERIA-F00.jpg","width":900,"height":598},{"@type":"BreadcrumbList","@id":"https:\/\/sagardoarenlurraldea.eus\/es\/reservar\/experiencias\/010-museo-y-sidreria\/museo-sidreria\/#breadcrumb","itemListElement":[{"@type":"ListItem","position":1,"name":"Inicio","item":"https:\/\/sagardoarenlurraldea.eus\/es\/"},{"@type":"ListItem","position":2,"name":"Reservar","item":"https:\/\/sagardoarenlurraldea.eus\/es\/reservar\/"},{"@type":"ListItem","position":3,"name":"Museo y sidrer\u00eda"}]},{"@type":"WebSite","@id":"https:\/\/sagardoarenlurraldea.eus\/es\/#website","url":"https:\/\/sagardoarenlurraldea.eus\/es\/","name":"Sagardoaren Lurraldea","description":"El territorio de la sidra","potentialAction":[{"@type":"SearchAction","target":{"@type":"EntryPoint","urlTemplate":"https:\/\/sagardoarenlurraldea.eus\/es\/?s={search_term_string}"},"query-input":{"@type":"PropertyValueSpecification","valueRequired":true,"valueName":"search_term_string"}}],"inLanguage":"es"}]}},"_links":{"self":[{"href":"https:\/\/sagardoarenlurraldea.eus\/es\/wp-json\/wp\/v2\/product\/1693","targetHints":{"allow":["GET"]}}],"collection":[{"href":"https:\/\/sagardoarenlurraldea.eus\/es\/wp-json\/wp\/v2\/product"}],"about":[{"href":"https:\/\/sagardoarenlurraldea.eus\/es\/wp-json\/wp\/v2\/types\/product"}],"replies":[{"embeddable":true,"href":"https:\/\/sagardoarenlurraldea.eus\/es\/wp-json\/wp\/v2\/comments?post=1693"}],"wp:featuredmedia":[{"embeddable":true,"href":"https:\/\/sagardoarenlurraldea.eus\/es\/wp-json\/wp\/v2\/media\/1778"}],"wp:attachment":[{"href":"https:\/\/sagardoarenlurraldea.eus\/es\/wp-json\/wp\/v2\/media?parent=1693"}],"wp:term":[{"taxonomy":"product_brand","embeddable":true,"href":"https:\/\/sagardoarenlurraldea.eus\/es\/wp-json\/wp\/v2\/product_brand?post=1693"},{"taxonomy":"product_cat","embeddable":true,"href":"https:\/\/sagardoarenlurraldea.eus\/es\/wp-json\/wp\/v2\/product_cat?post=1693"},{"taxonomy":"product_tag","embeddable":true,"href":"https:\/\/sagardoarenlurraldea.eus\/es\/wp-json\/wp\/v2\/product_tag?post=1693"}],"curies":[{"name":"wp","href":"https:\/\/api.w.org\/{rel}","templated":true}]}}