{"id":154541,"date":"2026-03-06T11:00:48","date_gmt":"2026-03-06T09:00:48","guid":{"rendered":"http:\/\/www.sagardoarenlurraldea.eus\/?post_type=product&#038;p=154541"},"modified":"2026-03-09T18:16:46","modified_gmt":"2026-03-09T16:16:46","slug":"semana-santa-en-sagardoetxea-degustacion-de-sidra-y-quesos-del-pais-vasco","status":"publish","type":"product","link":"https:\/\/sagardoarenlurraldea.eus\/es\/reservar\/museo\/semana-santa-en-sagardoetxea-degustacion-de-sidra-y-quesos-del-pais-vasco\/","title":{"rendered":"Semana Santa en Sagardoetxea: Degustaci\u00f3n de sidra y quesos del Pa\u00eds Vasco"},"content":{"rendered":"<h2>Actividades que incluye la experiencia<\/h2>\n<ul>\n<li>Visita al manzanal, donde se puede apreciar de una forma din\u00e1mica y pedag\u00f3gica la cultura de la manzana.<\/li>\n<li>Visita al espacio muse\u00edstico, donde se conoce el pasado, presente y futuro de la manzana y de la sidra y todo el proceso de elaboraci\u00f3n de la sidra.<\/li>\n<li>Degustaci\u00f3n de sidra y diferentes quesos de Euskal Herria: queso D.O. Idiazabal, queso D.O. Iraty y queso D.O. Roncal.<\/li>\n<\/ul>\n<h2>Horarios<\/h2>\n<ul>\n<li><strong>2-5 de abril:<\/strong> 11:00, 12:00, 13:00, 16:00, 17:00, 18:00, 19:00<\/li>\n<li><strong>7-11 de abril:<\/strong> 11:00, 12:00, 13:00, 16:00, 17:00, 18:00, 19:00<\/li>\n<li><strong>6 y 12 de abril:<\/strong> 11:00, 12:00, 13:00<\/li>\n<\/ul>\n<h2>Duraci\u00f3n<\/h2>\n<ul>\n<li>1 hora<\/li>\n<\/ul>\n<h2>\u00bfCu\u00e1ndo se puede hacer?<\/h2>\n<ul>\n<li>Semana Santa y Semana de Pascua<\/li>\n<\/ul>\n<h2>\u00bfPara qui\u00e9n?<\/h2>\n<ul>\n<li>Individual, Familias, Parejas, Grupos<\/li>\n<\/ul>\n<h2>Idiomas<\/h2>\n<ul>\n<li>Castellano, euskera, franc\u00e9s e ingl\u00e9s (con reserva previa).<\/li>\n<\/ul>\n<h2>Punto de encuentro<\/h2>\n<ul>\n<li>Sagardoetxea, Museo de la Sidra Vasca (Kale Nagusia, 48 \u2013 Astigarraga).<\/li>\n<li>Coordenadas GPS: 43.281204, -1.946554&#8243;<\/li>\n<\/ul>\n<h2>C\u00f3mo llegar<\/h2>\n<ul>\n<li>En veh\u00edculo propio: aparcamiento en el centro de Astigarraga (C\/ Nagusia) y en el pol\u00edgono industrial (C\/ Donostia ibilbidea). Tiempo estimado desde el aparcamiento: 5-10 min.<\/li>\n<li>En autob\u00fas de l\u00ednea: Desde San Sebasti\u00e1n (C\/ Okendo) y desde Hernani (C\/ Txirrita). L\u00edneas BU12 y BU13. <a href=\"http:\/\/www.lurraldebus.eus\">Ver horarios<\/a>. Tiempo estimado desde la parada: 5 min.<\/li>\n<\/ul>\n<p><strong>NOTA IMPORTANTE:<\/strong> Al realizar la reserva, no recibir\u00e1 las entradas por email. Su reserva se ha registrado en nuestro sistema de reservas, y solo debe acercarse al punto de encuentro el d\u00eda de la actividad y dar su nombre.<\/p>\n<p>&nbsp;<\/p>\n<h2>Lo mejor<\/h2>\n<ul>\n<li>Degustar dos productos gastron\u00f3micos t\u00edpicos del Pa\u00eds Vasco: la sidra y el queso.<\/li>\n<li>Aprender los secretos que acompa\u00f1an a la degustaci\u00f3n de la sidra.<\/li>\n<li>Descubrir la cultura de la sidra en contacto con la naturaleza.<\/li>\n<\/ul>\n","protected":false},"excerpt":{"rendered":"<p>Durante los d\u00edas de Semana Santa <a href=\"https:\/\/sagardoarenlurraldea.eus\/es\/museo-de-la-sidra\/sagardoetxea-el-museo\/\">Sagardoetxea<\/a> ofrece un maridaje de dos productos gastron\u00f3micos que combinan a la perfecci\u00f3n: la sidra y el queso. Por lo que, adem\u00e1s de la habitual visita guiada de Sagardoetxea, disfrutar\u00e1s de una <strong>degustaci\u00f3n de diferentes quesos de Euskal Herria<\/strong>: queso D.O. Idiazabal, queso D.O. Iraty y queso D.O. Roncal.<\/p>\n<p>&nbsp;<\/p>\n<ul>\n<li><strong>Adultos: 9,5\u20ac<\/strong> (incluye visita guiada y degustaci\u00f3n de sidra y quesos)<\/li>\n<li><strong>Ni\u00f1os de 0-6 a\u00f1os <\/strong>(acompa\u00f1ados por un adulto):<strong> Gratuito <\/strong>(no incluye degustaci\u00f3n. <strong>(Queso: +4,5\u20ac.\u00a0Mosto: +1\u20ac)<\/strong><\/li>\n<li><strong>Ni\u00f1os de 7-17 a\u00f1os: 7,5\u20ac <\/strong>(incluye visita guiada y degustaci\u00f3n de 3 quesos. <strong>Mosto: +1\u20ac<\/strong>)<\/li>\n<\/ul>\n","protected":false},"featured_media":284737,"comment_status":"open","ping_status":"closed","template":"","meta":{"_acf_changed":false,"_et_pb_use_builder":"","_et_pb_old_content":"","_et_gb_content_width":""},"product_brand":[],"product_cat":[2013,107],"product_tag":[3557,3556],"class_list":{"0":"post-154541","1":"product","2":"type-product","3":"status-publish","4":"has-post-thumbnail","6":"product_cat-actividad","7":"product_cat-museo","8":"product_tag-sagardoetxea","9":"product_tag-semana-santa","10":"dtwm_map-sagardoetxea","12":"first","13":"instock","14":"virtual","15":"sold-individually","16":"purchasable","17":"product-type-booking"},"exclude_global_add_ons":false,"addons":[{"name":"Servicio de gu\u00eda en idiomas","type":"select","position":0,"required":false,"title_format":"label","default":"","description_enable":false,"description":"","placeholder_enable":false,"placeholder":"","display":"select","restrictions_type":"any_text","adjust_price":false,"price":"","price_type":"flat_fee","restrictions":false,"min":"0","max":"0","options":[],"id":1772562348}],"acf":[],"yoast_head":"<!-- This site is optimized with the Yoast SEO plugin v25.4 - https:\/\/yoast.com\/wordpress\/plugins\/seo\/ -->\n<title>Semana Santa en Sagardoetxea: Degustaci\u00f3n de sidra y quesos del Pa\u00eds Vasco - Sagardoaren Lurraldea<\/title>\n<meta name=\"robots\" content=\"index, follow, max-snippet:-1, max-image-preview:large, max-video-preview:-1\" \/>\n<link rel=\"canonical\" href=\"https:\/\/sagardoarenlurraldea.eus\/es\/reservar\/museo\/semana-santa-en-sagardoetxea-degustacion-de-sidra-y-quesos-del-pais-vasco\/\" \/>\n<meta property=\"og:locale\" content=\"es_ES\" \/>\n<meta property=\"og:type\" content=\"article\" \/>\n<meta property=\"og:title\" content=\"Semana Santa en Sagardoetxea: Degustaci\u00f3n de sidra y quesos del Pa\u00eds Vasco - Sagardoaren Lurraldea\" \/>\n<meta property=\"og:description\" content=\"Durante los d\u00edas de Semana Santa Sagardoetxea ofrece un maridaje de dos productos gastron\u00f3micos que combinan a la perfecci\u00f3n: la sidra y el queso. Por lo que, adem\u00e1s de la habitual visita guiada de Sagardoetxea, disfrutar\u00e1s de una degustaci\u00f3n de diferentes quesos de Euskal Herria: queso D.O. Idiazabal, queso D.O. Iraty y queso D.O. Roncal.  &nbsp;   Adultos: 9,5\u20ac (incluye visita guiada y degustaci\u00f3n de sidra y quesos)  Ni\u00f1os de 0-6 a\u00f1os (acompa\u00f1ados por un adulto): Gratuito (no incluye degustaci\u00f3n. (Queso: +4,5\u20ac.\u00a0Mosto: +1\u20ac)  Ni\u00f1os de 7-17 a\u00f1os: 7,5\u20ac (incluye visita guiada y degustaci\u00f3n de 3 quesos. Mosto: +1\u20ac)\" \/>\n<meta property=\"og:url\" content=\"https:\/\/sagardoarenlurraldea.eus\/es\/reservar\/museo\/semana-santa-en-sagardoetxea-degustacion-de-sidra-y-quesos-del-pais-vasco\/\" \/>\n<meta property=\"og:site_name\" content=\"Sagardoaren Lurraldea\" \/>\n<meta property=\"article:publisher\" content=\"https:\/\/www.facebook.com\/sagardoarenlurraldea\" \/>\n<meta property=\"article:modified_time\" content=\"2026-03-09T16:16:46+00:00\" \/>\n<meta property=\"og:image\" content=\"https:\/\/sagardoarenlurraldea.eus\/wp-content\/uploads\/2024\/03\/ASTESANTUA2024_1-scaled.jpg\" \/>\n\t<meta property=\"og:image:width\" content=\"2560\" \/>\n\t<meta property=\"og:image:height\" content=\"1920\" \/>\n\t<meta property=\"og:image:type\" content=\"image\/jpeg\" \/>\n<meta name=\"twitter:card\" content=\"summary_large_image\" \/>\n<meta name=\"twitter:label1\" content=\"Tiempo de lectura\" \/>\n\t<meta name=\"twitter:data1\" content=\"2 minutos\" \/>\n<script type=\"application\/ld+json\" class=\"yoast-schema-graph\">{\"@context\":\"https:\/\/schema.org\",\"@graph\":[{\"@type\":\"WebPage\",\"@id\":\"https:\/\/sagardoarenlurraldea.eus\/es\/reservar\/museo\/semana-santa-en-sagardoetxea-degustacion-de-sidra-y-quesos-del-pais-vasco\/\",\"url\":\"https:\/\/sagardoarenlurraldea.eus\/es\/reservar\/museo\/semana-santa-en-sagardoetxea-degustacion-de-sidra-y-quesos-del-pais-vasco\/\",\"name\":\"Semana Santa en Sagardoetxea: Degustaci\u00f3n de sidra y quesos del Pa\u00eds Vasco - Sagardoaren Lurraldea\",\"isPartOf\":{\"@id\":\"https:\/\/sagardoarenlurraldea.eus\/es\/#website\"},\"primaryImageOfPage\":{\"@id\":\"https:\/\/sagardoarenlurraldea.eus\/es\/reservar\/museo\/semana-santa-en-sagardoetxea-degustacion-de-sidra-y-quesos-del-pais-vasco\/#primaryimage\"},\"image\":{\"@id\":\"https:\/\/sagardoarenlurraldea.eus\/es\/reservar\/museo\/semana-santa-en-sagardoetxea-degustacion-de-sidra-y-quesos-del-pais-vasco\/#primaryimage\"},\"thumbnailUrl\":\"https:\/\/sagardoarenlurraldea.eus\/wp-content\/uploads\/2024\/03\/ASTESANTUA2024_1-scaled.jpg\",\"datePublished\":\"2026-03-06T09:00:48+00:00\",\"dateModified\":\"2026-03-09T16:16:46+00:00\",\"breadcrumb\":{\"@id\":\"https:\/\/sagardoarenlurraldea.eus\/es\/reservar\/museo\/semana-santa-en-sagardoetxea-degustacion-de-sidra-y-quesos-del-pais-vasco\/#breadcrumb\"},\"inLanguage\":\"es\",\"potentialAction\":[{\"@type\":\"ReadAction\",\"target\":[\"https:\/\/sagardoarenlurraldea.eus\/es\/reservar\/museo\/semana-santa-en-sagardoetxea-degustacion-de-sidra-y-quesos-del-pais-vasco\/\"]}]},{\"@type\":\"ImageObject\",\"inLanguage\":\"es\",\"@id\":\"https:\/\/sagardoarenlurraldea.eus\/es\/reservar\/museo\/semana-santa-en-sagardoetxea-degustacion-de-sidra-y-quesos-del-pais-vasco\/#primaryimage\",\"url\":\"https:\/\/sagardoarenlurraldea.eus\/wp-content\/uploads\/2024\/03\/ASTESANTUA2024_1-scaled.jpg\",\"contentUrl\":\"https:\/\/sagardoarenlurraldea.eus\/wp-content\/uploads\/2024\/03\/ASTESANTUA2024_1-scaled.jpg\",\"width\":2560,\"height\":1920},{\"@type\":\"BreadcrumbList\",\"@id\":\"https:\/\/sagardoarenlurraldea.eus\/es\/reservar\/museo\/semana-santa-en-sagardoetxea-degustacion-de-sidra-y-quesos-del-pais-vasco\/#breadcrumb\",\"itemListElement\":[{\"@type\":\"ListItem\",\"position\":1,\"name\":\"Inicio\",\"item\":\"https:\/\/sagardoarenlurraldea.eus\/es\/\"},{\"@type\":\"ListItem\",\"position\":2,\"name\":\"Reservar\",\"item\":\"https:\/\/sagardoarenlurraldea.eus\/es\/reservar\/\"},{\"@type\":\"ListItem\",\"position\":3,\"name\":\"Semana Santa en Sagardoetxea: Degustaci\u00f3n de sidra y quesos del Pa\u00eds Vasco\"}]},{\"@type\":\"WebSite\",\"@id\":\"https:\/\/sagardoarenlurraldea.eus\/es\/#website\",\"url\":\"https:\/\/sagardoarenlurraldea.eus\/es\/\",\"name\":\"Sagardoaren Lurraldea\",\"description\":\"El territorio de la sidra\",\"potentialAction\":[{\"@type\":\"SearchAction\",\"target\":{\"@type\":\"EntryPoint\",\"urlTemplate\":\"https:\/\/sagardoarenlurraldea.eus\/es\/?s={search_term_string}\"},\"query-input\":{\"@type\":\"PropertyValueSpecification\",\"valueRequired\":true,\"valueName\":\"search_term_string\"}}],\"inLanguage\":\"es\"}]}<\/script>\n<!-- \/ Yoast SEO plugin. -->","yoast_head_json":{"title":"Semana Santa en Sagardoetxea: Degustaci\u00f3n de sidra y quesos del Pa\u00eds Vasco - Sagardoaren Lurraldea","robots":{"index":"index","follow":"follow","max-snippet":"max-snippet:-1","max-image-preview":"max-image-preview:large","max-video-preview":"max-video-preview:-1"},"canonical":"https:\/\/sagardoarenlurraldea.eus\/es\/reservar\/museo\/semana-santa-en-sagardoetxea-degustacion-de-sidra-y-quesos-del-pais-vasco\/","og_locale":"es_ES","og_type":"article","og_title":"Semana Santa en Sagardoetxea: Degustaci\u00f3n de sidra y quesos del Pa\u00eds Vasco - Sagardoaren Lurraldea","og_description":"Durante los d\u00edas de Semana Santa Sagardoetxea ofrece un maridaje de dos productos gastron\u00f3micos que combinan a la perfecci\u00f3n: la sidra y el queso. Por lo que, adem\u00e1s de la habitual visita guiada de Sagardoetxea, disfrutar\u00e1s de una degustaci\u00f3n de diferentes quesos de Euskal Herria: queso D.O. Idiazabal, queso D.O. Iraty y queso D.O. Roncal.  &nbsp;   Adultos: 9,5\u20ac (incluye visita guiada y degustaci\u00f3n de sidra y quesos)  Ni\u00f1os de 0-6 a\u00f1os (acompa\u00f1ados por un adulto): Gratuito (no incluye degustaci\u00f3n. (Queso: +4,5\u20ac.\u00a0Mosto: +1\u20ac)  Ni\u00f1os de 7-17 a\u00f1os: 7,5\u20ac (incluye visita guiada y degustaci\u00f3n de 3 quesos. Mosto: +1\u20ac)","og_url":"https:\/\/sagardoarenlurraldea.eus\/es\/reservar\/museo\/semana-santa-en-sagardoetxea-degustacion-de-sidra-y-quesos-del-pais-vasco\/","og_site_name":"Sagardoaren Lurraldea","article_publisher":"https:\/\/www.facebook.com\/sagardoarenlurraldea","article_modified_time":"2026-03-09T16:16:46+00:00","og_image":[{"width":2560,"height":1920,"url":"https:\/\/sagardoarenlurraldea.eus\/wp-content\/uploads\/2024\/03\/ASTESANTUA2024_1-scaled.jpg","type":"image\/jpeg"}],"twitter_card":"summary_large_image","twitter_misc":{"Tiempo de lectura":"2 minutos"},"schema":{"@context":"https:\/\/schema.org","@graph":[{"@type":"WebPage","@id":"https:\/\/sagardoarenlurraldea.eus\/es\/reservar\/museo\/semana-santa-en-sagardoetxea-degustacion-de-sidra-y-quesos-del-pais-vasco\/","url":"https:\/\/sagardoarenlurraldea.eus\/es\/reservar\/museo\/semana-santa-en-sagardoetxea-degustacion-de-sidra-y-quesos-del-pais-vasco\/","name":"Semana Santa en Sagardoetxea: Degustaci\u00f3n de sidra y quesos del Pa\u00eds Vasco - Sagardoaren Lurraldea","isPartOf":{"@id":"https:\/\/sagardoarenlurraldea.eus\/es\/#website"},"primaryImageOfPage":{"@id":"https:\/\/sagardoarenlurraldea.eus\/es\/reservar\/museo\/semana-santa-en-sagardoetxea-degustacion-de-sidra-y-quesos-del-pais-vasco\/#primaryimage"},"image":{"@id":"https:\/\/sagardoarenlurraldea.eus\/es\/reservar\/museo\/semana-santa-en-sagardoetxea-degustacion-de-sidra-y-quesos-del-pais-vasco\/#primaryimage"},"thumbnailUrl":"https:\/\/sagardoarenlurraldea.eus\/wp-content\/uploads\/2024\/03\/ASTESANTUA2024_1-scaled.jpg","datePublished":"2026-03-06T09:00:48+00:00","dateModified":"2026-03-09T16:16:46+00:00","breadcrumb":{"@id":"https:\/\/sagardoarenlurraldea.eus\/es\/reservar\/museo\/semana-santa-en-sagardoetxea-degustacion-de-sidra-y-quesos-del-pais-vasco\/#breadcrumb"},"inLanguage":"es","potentialAction":[{"@type":"ReadAction","target":["https:\/\/sagardoarenlurraldea.eus\/es\/reservar\/museo\/semana-santa-en-sagardoetxea-degustacion-de-sidra-y-quesos-del-pais-vasco\/"]}]},{"@type":"ImageObject","inLanguage":"es","@id":"https:\/\/sagardoarenlurraldea.eus\/es\/reservar\/museo\/semana-santa-en-sagardoetxea-degustacion-de-sidra-y-quesos-del-pais-vasco\/#primaryimage","url":"https:\/\/sagardoarenlurraldea.eus\/wp-content\/uploads\/2024\/03\/ASTESANTUA2024_1-scaled.jpg","contentUrl":"https:\/\/sagardoarenlurraldea.eus\/wp-content\/uploads\/2024\/03\/ASTESANTUA2024_1-scaled.jpg","width":2560,"height":1920},{"@type":"BreadcrumbList","@id":"https:\/\/sagardoarenlurraldea.eus\/es\/reservar\/museo\/semana-santa-en-sagardoetxea-degustacion-de-sidra-y-quesos-del-pais-vasco\/#breadcrumb","itemListElement":[{"@type":"ListItem","position":1,"name":"Inicio","item":"https:\/\/sagardoarenlurraldea.eus\/es\/"},{"@type":"ListItem","position":2,"name":"Reservar","item":"https:\/\/sagardoarenlurraldea.eus\/es\/reservar\/"},{"@type":"ListItem","position":3,"name":"Semana Santa en Sagardoetxea: Degustaci\u00f3n de sidra y quesos del Pa\u00eds Vasco"}]},{"@type":"WebSite","@id":"https:\/\/sagardoarenlurraldea.eus\/es\/#website","url":"https:\/\/sagardoarenlurraldea.eus\/es\/","name":"Sagardoaren Lurraldea","description":"El territorio de la sidra","potentialAction":[{"@type":"SearchAction","target":{"@type":"EntryPoint","urlTemplate":"https:\/\/sagardoarenlurraldea.eus\/es\/?s={search_term_string}"},"query-input":{"@type":"PropertyValueSpecification","valueRequired":true,"valueName":"search_term_string"}}],"inLanguage":"es"}]}},"_links":{"self":[{"href":"https:\/\/sagardoarenlurraldea.eus\/es\/wp-json\/wp\/v2\/product\/154541","targetHints":{"allow":["GET"]}}],"collection":[{"href":"https:\/\/sagardoarenlurraldea.eus\/es\/wp-json\/wp\/v2\/product"}],"about":[{"href":"https:\/\/sagardoarenlurraldea.eus\/es\/wp-json\/wp\/v2\/types\/product"}],"replies":[{"embeddable":true,"href":"https:\/\/sagardoarenlurraldea.eus\/es\/wp-json\/wp\/v2\/comments?post=154541"}],"wp:featuredmedia":[{"embeddable":true,"href":"https:\/\/sagardoarenlurraldea.eus\/es\/wp-json\/wp\/v2\/media\/284737"}],"wp:attachment":[{"href":"https:\/\/sagardoarenlurraldea.eus\/es\/wp-json\/wp\/v2\/media?parent=154541"}],"wp:term":[{"taxonomy":"product_brand","embeddable":true,"href":"https:\/\/sagardoarenlurraldea.eus\/es\/wp-json\/wp\/v2\/product_brand?post=154541"},{"taxonomy":"product_cat","embeddable":true,"href":"https:\/\/sagardoarenlurraldea.eus\/es\/wp-json\/wp\/v2\/product_cat?post=154541"},{"taxonomy":"product_tag","embeddable":true,"href":"https:\/\/sagardoarenlurraldea.eus\/es\/wp-json\/wp\/v2\/product_tag?post=154541"}],"curies":[{"name":"wp","href":"https:\/\/api.w.org\/{rel}","templated":true}]}}