{"id":154120,"date":"2021-09-24T17:36:08","date_gmt":"2021-09-24T15:36:08","guid":{"rendered":"http:\/\/www.sagardoarenlurraldea.eus\/?post_type=product&#038;p=154120"},"modified":"2026-03-10T14:24:51","modified_gmt":"2026-03-10T12:24:51","slug":"chillida-y-la-cultura-de-la-sidra","status":"publish","type":"product","link":"https:\/\/sagardoarenlurraldea.eus\/es\/reservar\/experiencias\/010-museo-y-sidreria\/chillida-y-la-cultura-de-la-sidra\/","title":{"rendered":"Chillida y la cultura de la sidra"},"content":{"rendered":"<h2>Actividades que incluye la experiencia<\/h2>\n<ul>\n<li>Visita de <strong>Chillida Leku<\/strong>.<\/li>\n<li>Visita de <strong>Sagardoetxea<\/strong> y cata de sidra.<\/li>\n<li><strong>Comida en la sidrer\u00eda<\/strong> Alorrenea. Degustaci\u00f3n del men\u00fa tradicional de sidrer\u00eda: tortilla de bacalao, bacalao frito con pimientos, chulet\u00f3n, queso con nueces y membrillo y sidra.<br \/>\nNOTA:<br \/>\nEl transporte no est\u00e1 incluido. De ser necesario, incluirlo al realizar la reserva (siguiente paso).<\/li>\n<\/ul>\n<h2>Informaci\u00f3n pr\u00e1ctica<\/h2>\n<ul>\n<li><strong>Horarios<\/strong>: jueves, viernes, s\u00e1bados y domingos: 10:00.<\/li>\n<li><strong>Duraci\u00f3n<\/strong>: 5 horas y media.<\/li>\n<li><strong>\u00bfCuando se puede hacer?<\/strong> Durante todo el a\u00f1o.<\/li>\n<li><strong>\u00bfPara qui\u00e9n?<\/strong> Parejas y familias<\/li>\n<li><strong>Idiomas<\/strong>: Castellano, euskera, franc\u00e9s e ingl\u00e9s. <strong>(Siempre con reserva previa)<\/strong><\/li>\n<li><strong>Punto de encuentro<\/strong>: Chillida Leku (Jauregi bailara, 66 \u2013 Hernani). Coordenadas GPS: 43.27883285577467, -1.9981152447255695.<\/li>\n<li><strong>C\u00f3mo llegar<\/strong>:\n<ul>\n<li>En veh\u00edculo propio: Aparcamiento en el museo Chillida Leku.<\/li>\n<li>En autob\u00fas de l\u00ednea: En autob\u00fas de l\u00ednea: Desde Donostia (Okendo kalea) y Andoain (Goiko plaza): <a href=\"http:\/\/www.lurraldebus.eus\" target=\"_blank\" rel=\"noopener noreferrer\">BU05.<\/a><\/li>\n<\/ul>\n<\/li>\n<\/ul>\n<p><strong>NOTA IMPORTANTE<\/strong>: Al realizar la reserva, no recibir\u00e1 las entradas por email. Su reserva se ha registrado en nuestro sistema de reservas, y solo debe acercarse al punto de encuentro el d\u00eda de la actividad y dar su nombre.<\/p>\n<p>&nbsp;<\/p>\n<h2>Tarifas<\/h2>\n<ul>\n<li><strong>Adultos<\/strong>: 61\u20ac<\/li>\n<li><strong>Ni\u00f1os<\/strong>:\n<ul>\n<li><strong>Ni\u00f1os de 0-6 a\u00f1os<\/strong>: 28\u20ac (con men\u00fa especial)<\/li>\n<li><strong>Ni\u00f1os de 7-17 a\u00f1os<\/strong>: 31\u20ac (con men\u00fa especial)<\/li>\n<\/ul>\n<\/li>\n<\/ul>\n<h2>Lo mejor<\/h2>\n<ul>\n<li>Disfrutar del arte y de la cultura de la sidra al aire libre y en contacto con la naturaleza.<\/li>\n<li>Viaje a nuestras ra\u00edces: Conocer los secretos y las curiosidades de la cultura de la sidra.<\/li>\n<li>Disfrutar de las tradiciones y productos locales con la comida en la sidrer\u00eda.<\/li>\n<\/ul>\n","protected":false},"excerpt":{"rendered":"<p>Descubre las obras de arte del escultor Eduardo Chillida y la cultura de la sidra, emblemas tanto de Hernani como de Astigarraga, visitando sus dos museos importantes: Chillida Leku en Hernani y Sagardoetxea Museo de la Sidra Vasca en Astigarraga. Para redondear el plan, disfrutaras de la tradici\u00f3n por excelencia del territorio, disfrutando de la comida en una sidrer\u00eda.<\/p>\n","protected":false},"featured_media":154129,"comment_status":"open","ping_status":"closed","template":"","meta":{"_acf_changed":false,"_et_pb_use_builder":"","_et_pb_old_content":"","_et_gb_content_width":""},"product_brand":[],"product_cat":[45,149],"product_tag":[151],"class_list":{"0":"post-154120","1":"product","2":"type-product","3":"status-publish","4":"has-post-thumbnail","6":"product_cat-experiencias","7":"product_cat-010-museo-y-sidreria","8":"product_tag-actividad-matutina","9":"dtwm_map-alorrenea","10":"dtwm_map-chillida-leku","11":"dtwm_map-sagardoetxea","13":"first","14":"instock","15":"virtual","16":"sold-individually","17":"purchasable","18":"product-type-booking"},"exclude_global_add_ons":false,"addons":[{"name":"Servicio de gu\u00eda en idiomas","type":"select","position":0,"required":false,"title_format":"label","default":"","description_enable":false,"description":"","placeholder_enable":false,"placeholder":"","display":"select","restrictions_type":"any_text","adjust_price":false,"price":"","price_type":"flat_fee","restrictions":false,"min":"0","max":"0","options":[],"id":1773152232}],"acf":[],"yoast_head":"<!-- This site is optimized with the Yoast SEO plugin v25.4 - https:\/\/yoast.com\/wordpress\/plugins\/seo\/ -->\n<title>Chillida y la cultura de la sidra - Sagardoaren Lurraldea<\/title>\n<meta name=\"robots\" content=\"index, follow, max-snippet:-1, max-image-preview:large, max-video-preview:-1\" \/>\n<link rel=\"canonical\" href=\"https:\/\/sagardoarenlurraldea.eus\/es\/reservar\/experiencias\/010-museo-y-sidreria\/chillida-y-la-cultura-de-la-sidra\/\" \/>\n<meta property=\"og:locale\" content=\"es_ES\" \/>\n<meta property=\"og:type\" content=\"article\" \/>\n<meta property=\"og:title\" content=\"Chillida y la cultura de la sidra - Sagardoaren Lurraldea\" \/>\n<meta property=\"og:description\" content=\"Descubre las obras de arte del escultor Eduardo Chillida y la cultura de la sidra, emblemas tanto de Hernani como de Astigarraga, visitando sus dos museos importantes: Chillida Leku en Hernani y Sagardoetxea Museo de la Sidra Vasca en Astigarraga. Para redondear el plan, disfrutaras de la tradici\u00f3n por excelencia del territorio, disfrutando de la comida en una sidrer\u00eda.\" \/>\n<meta property=\"og:url\" content=\"https:\/\/sagardoarenlurraldea.eus\/es\/reservar\/experiencias\/010-museo-y-sidreria\/chillida-y-la-cultura-de-la-sidra\/\" \/>\n<meta property=\"og:site_name\" content=\"Sagardoaren Lurraldea\" \/>\n<meta property=\"article:publisher\" content=\"https:\/\/www.facebook.com\/sagardoarenlurraldea\" \/>\n<meta property=\"article:modified_time\" content=\"2026-03-10T12:24:51+00:00\" \/>\n<meta property=\"og:image\" content=\"https:\/\/sagardoarenlurraldea.eus\/wp-content\/uploads\/2021\/03\/EXPCHILLIDASIDRA-F01.jpg\" \/>\n\t<meta property=\"og:image:width\" content=\"1024\" \/>\n\t<meta property=\"og:image:height\" content=\"683\" \/>\n\t<meta property=\"og:image:type\" content=\"image\/jpeg\" \/>\n<meta name=\"twitter:card\" content=\"summary_large_image\" \/>\n<meta name=\"twitter:label1\" content=\"Tiempo de lectura\" \/>\n\t<meta name=\"twitter:data1\" content=\"1 minuto\" \/>\n<script type=\"application\/ld+json\" class=\"yoast-schema-graph\">{\"@context\":\"https:\/\/schema.org\",\"@graph\":[{\"@type\":\"WebPage\",\"@id\":\"https:\/\/sagardoarenlurraldea.eus\/es\/reservar\/experiencias\/010-museo-y-sidreria\/chillida-y-la-cultura-de-la-sidra\/\",\"url\":\"https:\/\/sagardoarenlurraldea.eus\/es\/reservar\/experiencias\/010-museo-y-sidreria\/chillida-y-la-cultura-de-la-sidra\/\",\"name\":\"Chillida y la cultura de la sidra - Sagardoaren Lurraldea\",\"isPartOf\":{\"@id\":\"https:\/\/sagardoarenlurraldea.eus\/es\/#website\"},\"primaryImageOfPage\":{\"@id\":\"https:\/\/sagardoarenlurraldea.eus\/es\/reservar\/experiencias\/010-museo-y-sidreria\/chillida-y-la-cultura-de-la-sidra\/#primaryimage\"},\"image\":{\"@id\":\"https:\/\/sagardoarenlurraldea.eus\/es\/reservar\/experiencias\/010-museo-y-sidreria\/chillida-y-la-cultura-de-la-sidra\/#primaryimage\"},\"thumbnailUrl\":\"https:\/\/sagardoarenlurraldea.eus\/wp-content\/uploads\/2021\/03\/EXPCHILLIDASIDRA-F01.jpg\",\"datePublished\":\"2021-09-24T15:36:08+00:00\",\"dateModified\":\"2026-03-10T12:24:51+00:00\",\"breadcrumb\":{\"@id\":\"https:\/\/sagardoarenlurraldea.eus\/es\/reservar\/experiencias\/010-museo-y-sidreria\/chillida-y-la-cultura-de-la-sidra\/#breadcrumb\"},\"inLanguage\":\"es\",\"potentialAction\":[{\"@type\":\"ReadAction\",\"target\":[\"https:\/\/sagardoarenlurraldea.eus\/es\/reservar\/experiencias\/010-museo-y-sidreria\/chillida-y-la-cultura-de-la-sidra\/\"]}]},{\"@type\":\"ImageObject\",\"inLanguage\":\"es\",\"@id\":\"https:\/\/sagardoarenlurraldea.eus\/es\/reservar\/experiencias\/010-museo-y-sidreria\/chillida-y-la-cultura-de-la-sidra\/#primaryimage\",\"url\":\"https:\/\/sagardoarenlurraldea.eus\/wp-content\/uploads\/2021\/03\/EXPCHILLIDASIDRA-F01.jpg\",\"contentUrl\":\"https:\/\/sagardoarenlurraldea.eus\/wp-content\/uploads\/2021\/03\/EXPCHILLIDASIDRA-F01.jpg\",\"width\":1950,\"height\":1301},{\"@type\":\"BreadcrumbList\",\"@id\":\"https:\/\/sagardoarenlurraldea.eus\/es\/reservar\/experiencias\/010-museo-y-sidreria\/chillida-y-la-cultura-de-la-sidra\/#breadcrumb\",\"itemListElement\":[{\"@type\":\"ListItem\",\"position\":1,\"name\":\"Inicio\",\"item\":\"https:\/\/sagardoarenlurraldea.eus\/es\/\"},{\"@type\":\"ListItem\",\"position\":2,\"name\":\"Reservar\",\"item\":\"https:\/\/sagardoarenlurraldea.eus\/es\/reservar\/\"},{\"@type\":\"ListItem\",\"position\":3,\"name\":\"Chillida y la cultura de la sidra\"}]},{\"@type\":\"WebSite\",\"@id\":\"https:\/\/sagardoarenlurraldea.eus\/es\/#website\",\"url\":\"https:\/\/sagardoarenlurraldea.eus\/es\/\",\"name\":\"Sagardoaren Lurraldea\",\"description\":\"El territorio de la sidra\",\"potentialAction\":[{\"@type\":\"SearchAction\",\"target\":{\"@type\":\"EntryPoint\",\"urlTemplate\":\"https:\/\/sagardoarenlurraldea.eus\/es\/?s={search_term_string}\"},\"query-input\":{\"@type\":\"PropertyValueSpecification\",\"valueRequired\":true,\"valueName\":\"search_term_string\"}}],\"inLanguage\":\"es\"}]}<\/script>\n<!-- \/ Yoast SEO plugin. -->","yoast_head_json":{"title":"Chillida y la cultura de la sidra - Sagardoaren Lurraldea","robots":{"index":"index","follow":"follow","max-snippet":"max-snippet:-1","max-image-preview":"max-image-preview:large","max-video-preview":"max-video-preview:-1"},"canonical":"https:\/\/sagardoarenlurraldea.eus\/es\/reservar\/experiencias\/010-museo-y-sidreria\/chillida-y-la-cultura-de-la-sidra\/","og_locale":"es_ES","og_type":"article","og_title":"Chillida y la cultura de la sidra - Sagardoaren Lurraldea","og_description":"Descubre las obras de arte del escultor Eduardo Chillida y la cultura de la sidra, emblemas tanto de Hernani como de Astigarraga, visitando sus dos museos importantes: Chillida Leku en Hernani y Sagardoetxea Museo de la Sidra Vasca en Astigarraga. Para redondear el plan, disfrutaras de la tradici\u00f3n por excelencia del territorio, disfrutando de la comida en una sidrer\u00eda.","og_url":"https:\/\/sagardoarenlurraldea.eus\/es\/reservar\/experiencias\/010-museo-y-sidreria\/chillida-y-la-cultura-de-la-sidra\/","og_site_name":"Sagardoaren Lurraldea","article_publisher":"https:\/\/www.facebook.com\/sagardoarenlurraldea","article_modified_time":"2026-03-10T12:24:51+00:00","og_image":[{"url":"https:\/\/sagardoarenlurraldea.eus\/wp-content\/uploads\/2021\/03\/EXPCHILLIDASIDRA-F01.jpg","width":1024,"height":683,"type":"image\/jpeg"}],"twitter_card":"summary_large_image","twitter_misc":{"Tiempo de lectura":"1 minuto"},"schema":{"@context":"https:\/\/schema.org","@graph":[{"@type":"WebPage","@id":"https:\/\/sagardoarenlurraldea.eus\/es\/reservar\/experiencias\/010-museo-y-sidreria\/chillida-y-la-cultura-de-la-sidra\/","url":"https:\/\/sagardoarenlurraldea.eus\/es\/reservar\/experiencias\/010-museo-y-sidreria\/chillida-y-la-cultura-de-la-sidra\/","name":"Chillida y la cultura de la sidra - Sagardoaren Lurraldea","isPartOf":{"@id":"https:\/\/sagardoarenlurraldea.eus\/es\/#website"},"primaryImageOfPage":{"@id":"https:\/\/sagardoarenlurraldea.eus\/es\/reservar\/experiencias\/010-museo-y-sidreria\/chillida-y-la-cultura-de-la-sidra\/#primaryimage"},"image":{"@id":"https:\/\/sagardoarenlurraldea.eus\/es\/reservar\/experiencias\/010-museo-y-sidreria\/chillida-y-la-cultura-de-la-sidra\/#primaryimage"},"thumbnailUrl":"https:\/\/sagardoarenlurraldea.eus\/wp-content\/uploads\/2021\/03\/EXPCHILLIDASIDRA-F01.jpg","datePublished":"2021-09-24T15:36:08+00:00","dateModified":"2026-03-10T12:24:51+00:00","breadcrumb":{"@id":"https:\/\/sagardoarenlurraldea.eus\/es\/reservar\/experiencias\/010-museo-y-sidreria\/chillida-y-la-cultura-de-la-sidra\/#breadcrumb"},"inLanguage":"es","potentialAction":[{"@type":"ReadAction","target":["https:\/\/sagardoarenlurraldea.eus\/es\/reservar\/experiencias\/010-museo-y-sidreria\/chillida-y-la-cultura-de-la-sidra\/"]}]},{"@type":"ImageObject","inLanguage":"es","@id":"https:\/\/sagardoarenlurraldea.eus\/es\/reservar\/experiencias\/010-museo-y-sidreria\/chillida-y-la-cultura-de-la-sidra\/#primaryimage","url":"https:\/\/sagardoarenlurraldea.eus\/wp-content\/uploads\/2021\/03\/EXPCHILLIDASIDRA-F01.jpg","contentUrl":"https:\/\/sagardoarenlurraldea.eus\/wp-content\/uploads\/2021\/03\/EXPCHILLIDASIDRA-F01.jpg","width":1950,"height":1301},{"@type":"BreadcrumbList","@id":"https:\/\/sagardoarenlurraldea.eus\/es\/reservar\/experiencias\/010-museo-y-sidreria\/chillida-y-la-cultura-de-la-sidra\/#breadcrumb","itemListElement":[{"@type":"ListItem","position":1,"name":"Inicio","item":"https:\/\/sagardoarenlurraldea.eus\/es\/"},{"@type":"ListItem","position":2,"name":"Reservar","item":"https:\/\/sagardoarenlurraldea.eus\/es\/reservar\/"},{"@type":"ListItem","position":3,"name":"Chillida y la cultura de la sidra"}]},{"@type":"WebSite","@id":"https:\/\/sagardoarenlurraldea.eus\/es\/#website","url":"https:\/\/sagardoarenlurraldea.eus\/es\/","name":"Sagardoaren Lurraldea","description":"El territorio de la sidra","potentialAction":[{"@type":"SearchAction","target":{"@type":"EntryPoint","urlTemplate":"https:\/\/sagardoarenlurraldea.eus\/es\/?s={search_term_string}"},"query-input":{"@type":"PropertyValueSpecification","valueRequired":true,"valueName":"search_term_string"}}],"inLanguage":"es"}]}},"_links":{"self":[{"href":"https:\/\/sagardoarenlurraldea.eus\/es\/wp-json\/wp\/v2\/product\/154120","targetHints":{"allow":["GET"]}}],"collection":[{"href":"https:\/\/sagardoarenlurraldea.eus\/es\/wp-json\/wp\/v2\/product"}],"about":[{"href":"https:\/\/sagardoarenlurraldea.eus\/es\/wp-json\/wp\/v2\/types\/product"}],"replies":[{"embeddable":true,"href":"https:\/\/sagardoarenlurraldea.eus\/es\/wp-json\/wp\/v2\/comments?post=154120"}],"wp:featuredmedia":[{"embeddable":true,"href":"https:\/\/sagardoarenlurraldea.eus\/es\/wp-json\/wp\/v2\/media\/154129"}],"wp:attachment":[{"href":"https:\/\/sagardoarenlurraldea.eus\/es\/wp-json\/wp\/v2\/media?parent=154120"}],"wp:term":[{"taxonomy":"product_brand","embeddable":true,"href":"https:\/\/sagardoarenlurraldea.eus\/es\/wp-json\/wp\/v2\/product_brand?post=154120"},{"taxonomy":"product_cat","embeddable":true,"href":"https:\/\/sagardoarenlurraldea.eus\/es\/wp-json\/wp\/v2\/product_cat?post=154120"},{"taxonomy":"product_tag","embeddable":true,"href":"https:\/\/sagardoarenlurraldea.eus\/es\/wp-json\/wp\/v2\/product_tag?post=154120"}],"curies":[{"name":"wp","href":"https:\/\/api.w.org\/{rel}","templated":true}]}}