{"id":1470,"date":"2016-08-16T16:38:08","date_gmt":"2016-08-16T14:38:08","guid":{"rendered":"http:\/\/www.sagardoarenlurraldea.eus\/reservar\/sidreria-astigarraga-etxeberria\/"},"modified":"2023-01-03T19:16:12","modified_gmt":"2023-01-03T17:16:12","slug":"sidreria-astigarraga-etxeberria","status":"publish","type":"product","link":"https:\/\/sagardoarenlurraldea.eus\/es\/reservar\/astigarraga\/sidreria-astigarraga-etxeberria\/","title":{"rendered":"Sidrer\u00eda Etxeberria"},"content":{"rendered":"<h2>Descripci\u00f3n<\/h2>\n<p>La Sidrer\u00eda Etxeberria se encuentra ubicada en un entorno natural privilegiado, rodeada de manzanos y desde ella se puede disfrutar de unas preciosas vistas que llegan hasta la Isla de Santa de Clara y la Bah\u00eda Donostiarra. En 1980 se inici\u00f3 la explotaci\u00f3n hostelera y de cata de sidra, actividad que unida a la fabricaci\u00f3n y distribuci\u00f3n de sidra desarrollan en la actualidad con dedicaci\u00f3n plena. En la actualidad la actividad agr\u00edcola se centra en la producci\u00f3n de manzana, con la plantaci\u00f3n de nuevos \u00e1rboles aut\u00f3ctonos, asegur\u00e1ndose as\u00ed una cosecha propia abundante para la elaboraci\u00f3n de la sidra.<\/p>\n<h2>Comidas y cenas<\/h2>\n<p><strong>En temporada<\/strong> (enero &#8211; abril) comidas y cenas, sentado en mesas largas (forma habitual de comer en cuadrilla), ofreciendo sidra al txotx. Men\u00fa tradicional de sidrer\u00eda. Horarios: Cenas de jueves a s\u00e1bados. Comidas sabados y domingos. Domingos noche cerrado.<\/p>\n<p><strong>Fuera de temporada<\/strong> (a partir de mayo): Cerrado.<\/p>\n<p>Capacidad: 350 comensales<\/p>\n<h2>Informaci\u00f3n adicional<\/h2>\n<p>Responsable: Agustin Etxeberria<\/p>\n<p>Direcci\u00f3n: Santiago enea Baserria. Sagardotegi zeharra, 5. Astigarraga.<br \/>\nTfno.: 943555697<br \/>\nFax.: 943554674<br \/>\nE-mail: <a href=\"mailto:info@sidreriaetxeberria.com\">info@sidreriaetxeberria.com<\/a><br \/>\nWeb: <a href=\"http:\/\/www.sidreriaetxeberria.com\">http:\/\/www.sidreriaetxeberria.com<\/a><\/p>\n","protected":false},"excerpt":{"rendered":"<p>Sidrer\u00eda abierta en temporada del txotx (enero-abril). Etxeberria cuenta con preciosas vistas a la Bah\u00eda Donostiarra.<\/p>\n","protected":false},"featured_media":1473,"comment_status":"open","ping_status":"closed","template":"","meta":{"_acf_changed":false,"_et_pb_use_builder":"","_et_pb_old_content":"","_et_gb_content_width":""},"product_brand":[],"product_cat":[26,2152],"product_tag":[40,39,41,53,58,34,48,32,30,31],"class_list":{"0":"post-1470","1":"product","2":"type-product","3":"status-publish","4":"has-post-thumbnail","6":"product_cat-astigarraga","7":"product_cat-sidrerias","8":"product_tag-acceso-en-autobus","9":"product_tag-acceso-en-coche","10":"product_tag-acceso-en-microbus","11":"product_tag-grupos-mayores-de-25","12":"product_tag-grupos-menores-de-25","13":"product_tag-menu-tradicional","14":"product_tag-parking","15":"product_tag-sidra-en-txotx","16":"product_tag-turno-cena","17":"product_tag-turno-comida","18":"pa_caracteristicas-y-menus-grupos_mas_25","19":"pa_caracteristicas-y-menus-sidra_en_txotx","20":"dtwm_map-etxeberria","22":"first","23":"instock","24":"virtual","25":"product-type-simple"},"exclude_global_add_ons":[],"addons":[],"acf":[],"yoast_head":"<!-- This site is optimized with the Yoast SEO plugin v25.4 - https:\/\/yoast.com\/wordpress\/plugins\/seo\/ -->\n<title>Sidrer\u00eda Etxeberria - Sagardoaren Lurraldea<\/title>\n<meta name=\"robots\" content=\"index, follow, max-snippet:-1, max-image-preview:large, max-video-preview:-1\" \/>\n<link rel=\"canonical\" href=\"https:\/\/sagardoarenlurraldea.eus\/es\/reservar\/astigarraga\/sidreria-astigarraga-etxeberria\/\" \/>\n<meta property=\"og:locale\" content=\"es_ES\" \/>\n<meta property=\"og:type\" content=\"article\" \/>\n<meta property=\"og:title\" content=\"Sidrer\u00eda Etxeberria - Sagardoaren Lurraldea\" \/>\n<meta property=\"og:description\" content=\"Sidrer\u00eda abierta en temporada del txotx (enero-abril). Etxeberria cuenta con preciosas vistas a la Bah\u00eda Donostiarra.\" \/>\n<meta property=\"og:url\" content=\"https:\/\/sagardoarenlurraldea.eus\/es\/reservar\/astigarraga\/sidreria-astigarraga-etxeberria\/\" \/>\n<meta property=\"og:site_name\" content=\"Sagardoaren Lurraldea\" \/>\n<meta property=\"article:publisher\" content=\"https:\/\/www.facebook.com\/sagardoarenlurraldea\" \/>\n<meta property=\"article:modified_time\" content=\"2023-01-03T17:16:12+00:00\" \/>\n<meta property=\"og:image\" content=\"https:\/\/sagardoarenlurraldea.eus\/wp-content\/uploads\/2016\/08\/SIDETXEBE-F00.jpg\" \/>\n\t<meta property=\"og:image:width\" content=\"901\" \/>\n\t<meta property=\"og:image:height\" content=\"600\" \/>\n\t<meta property=\"og:image:type\" content=\"image\/jpeg\" \/>\n<meta name=\"twitter:card\" content=\"summary_large_image\" \/>\n<meta name=\"twitter:label1\" content=\"Tiempo de lectura\" \/>\n\t<meta name=\"twitter:data1\" content=\"1 minuto\" \/>\n<script type=\"application\/ld+json\" class=\"yoast-schema-graph\">{\"@context\":\"https:\/\/schema.org\",\"@graph\":[{\"@type\":\"WebPage\",\"@id\":\"https:\/\/sagardoarenlurraldea.eus\/es\/reservar\/astigarraga\/sidreria-astigarraga-etxeberria\/\",\"url\":\"https:\/\/sagardoarenlurraldea.eus\/es\/reservar\/astigarraga\/sidreria-astigarraga-etxeberria\/\",\"name\":\"Sidrer\u00eda Etxeberria - Sagardoaren Lurraldea\",\"isPartOf\":{\"@id\":\"https:\/\/sagardoarenlurraldea.eus\/es\/#website\"},\"primaryImageOfPage\":{\"@id\":\"https:\/\/sagardoarenlurraldea.eus\/es\/reservar\/astigarraga\/sidreria-astigarraga-etxeberria\/#primaryimage\"},\"image\":{\"@id\":\"https:\/\/sagardoarenlurraldea.eus\/es\/reservar\/astigarraga\/sidreria-astigarraga-etxeberria\/#primaryimage\"},\"thumbnailUrl\":\"https:\/\/sagardoarenlurraldea.eus\/wp-content\/uploads\/2016\/08\/SIDETXEBE-F00.jpg\",\"datePublished\":\"2016-08-16T14:38:08+00:00\",\"dateModified\":\"2023-01-03T17:16:12+00:00\",\"breadcrumb\":{\"@id\":\"https:\/\/sagardoarenlurraldea.eus\/es\/reservar\/astigarraga\/sidreria-astigarraga-etxeberria\/#breadcrumb\"},\"inLanguage\":\"es\",\"potentialAction\":[{\"@type\":\"ReadAction\",\"target\":[\"https:\/\/sagardoarenlurraldea.eus\/es\/reservar\/astigarraga\/sidreria-astigarraga-etxeberria\/\"]}]},{\"@type\":\"ImageObject\",\"inLanguage\":\"es\",\"@id\":\"https:\/\/sagardoarenlurraldea.eus\/es\/reservar\/astigarraga\/sidreria-astigarraga-etxeberria\/#primaryimage\",\"url\":\"https:\/\/sagardoarenlurraldea.eus\/wp-content\/uploads\/2016\/08\/SIDETXEBE-F00.jpg\",\"contentUrl\":\"https:\/\/sagardoarenlurraldea.eus\/wp-content\/uploads\/2016\/08\/SIDETXEBE-F00.jpg\",\"width\":901,\"height\":600,\"caption\":\"Comedor de la sidrer\u00eda Etxeberria\"},{\"@type\":\"BreadcrumbList\",\"@id\":\"https:\/\/sagardoarenlurraldea.eus\/es\/reservar\/astigarraga\/sidreria-astigarraga-etxeberria\/#breadcrumb\",\"itemListElement\":[{\"@type\":\"ListItem\",\"position\":1,\"name\":\"Inicio\",\"item\":\"https:\/\/sagardoarenlurraldea.eus\/es\/\"},{\"@type\":\"ListItem\",\"position\":2,\"name\":\"Reservar\",\"item\":\"https:\/\/sagardoarenlurraldea.eus\/es\/reservar\/\"},{\"@type\":\"ListItem\",\"position\":3,\"name\":\"Sidrer\u00eda Etxeberria\"}]},{\"@type\":\"WebSite\",\"@id\":\"https:\/\/sagardoarenlurraldea.eus\/es\/#website\",\"url\":\"https:\/\/sagardoarenlurraldea.eus\/es\/\",\"name\":\"Sagardoaren Lurraldea\",\"description\":\"El territorio de la sidra\",\"potentialAction\":[{\"@type\":\"SearchAction\",\"target\":{\"@type\":\"EntryPoint\",\"urlTemplate\":\"https:\/\/sagardoarenlurraldea.eus\/es\/?s={search_term_string}\"},\"query-input\":{\"@type\":\"PropertyValueSpecification\",\"valueRequired\":true,\"valueName\":\"search_term_string\"}}],\"inLanguage\":\"es\"}]}<\/script>\n<!-- \/ Yoast SEO plugin. -->","yoast_head_json":{"title":"Sidrer\u00eda Etxeberria - Sagardoaren Lurraldea","robots":{"index":"index","follow":"follow","max-snippet":"max-snippet:-1","max-image-preview":"max-image-preview:large","max-video-preview":"max-video-preview:-1"},"canonical":"https:\/\/sagardoarenlurraldea.eus\/es\/reservar\/astigarraga\/sidreria-astigarraga-etxeberria\/","og_locale":"es_ES","og_type":"article","og_title":"Sidrer\u00eda Etxeberria - Sagardoaren Lurraldea","og_description":"Sidrer\u00eda abierta en temporada del txotx (enero-abril). Etxeberria cuenta con preciosas vistas a la Bah\u00eda Donostiarra.","og_url":"https:\/\/sagardoarenlurraldea.eus\/es\/reservar\/astigarraga\/sidreria-astigarraga-etxeberria\/","og_site_name":"Sagardoaren Lurraldea","article_publisher":"https:\/\/www.facebook.com\/sagardoarenlurraldea","article_modified_time":"2023-01-03T17:16:12+00:00","og_image":[{"width":901,"height":600,"url":"https:\/\/sagardoarenlurraldea.eus\/wp-content\/uploads\/2016\/08\/SIDETXEBE-F00.jpg","type":"image\/jpeg"}],"twitter_card":"summary_large_image","twitter_misc":{"Tiempo de lectura":"1 minuto"},"schema":{"@context":"https:\/\/schema.org","@graph":[{"@type":"WebPage","@id":"https:\/\/sagardoarenlurraldea.eus\/es\/reservar\/astigarraga\/sidreria-astigarraga-etxeberria\/","url":"https:\/\/sagardoarenlurraldea.eus\/es\/reservar\/astigarraga\/sidreria-astigarraga-etxeberria\/","name":"Sidrer\u00eda Etxeberria - Sagardoaren Lurraldea","isPartOf":{"@id":"https:\/\/sagardoarenlurraldea.eus\/es\/#website"},"primaryImageOfPage":{"@id":"https:\/\/sagardoarenlurraldea.eus\/es\/reservar\/astigarraga\/sidreria-astigarraga-etxeberria\/#primaryimage"},"image":{"@id":"https:\/\/sagardoarenlurraldea.eus\/es\/reservar\/astigarraga\/sidreria-astigarraga-etxeberria\/#primaryimage"},"thumbnailUrl":"https:\/\/sagardoarenlurraldea.eus\/wp-content\/uploads\/2016\/08\/SIDETXEBE-F00.jpg","datePublished":"2016-08-16T14:38:08+00:00","dateModified":"2023-01-03T17:16:12+00:00","breadcrumb":{"@id":"https:\/\/sagardoarenlurraldea.eus\/es\/reservar\/astigarraga\/sidreria-astigarraga-etxeberria\/#breadcrumb"},"inLanguage":"es","potentialAction":[{"@type":"ReadAction","target":["https:\/\/sagardoarenlurraldea.eus\/es\/reservar\/astigarraga\/sidreria-astigarraga-etxeberria\/"]}]},{"@type":"ImageObject","inLanguage":"es","@id":"https:\/\/sagardoarenlurraldea.eus\/es\/reservar\/astigarraga\/sidreria-astigarraga-etxeberria\/#primaryimage","url":"https:\/\/sagardoarenlurraldea.eus\/wp-content\/uploads\/2016\/08\/SIDETXEBE-F00.jpg","contentUrl":"https:\/\/sagardoarenlurraldea.eus\/wp-content\/uploads\/2016\/08\/SIDETXEBE-F00.jpg","width":901,"height":600,"caption":"Comedor de la sidrer\u00eda Etxeberria"},{"@type":"BreadcrumbList","@id":"https:\/\/sagardoarenlurraldea.eus\/es\/reservar\/astigarraga\/sidreria-astigarraga-etxeberria\/#breadcrumb","itemListElement":[{"@type":"ListItem","position":1,"name":"Inicio","item":"https:\/\/sagardoarenlurraldea.eus\/es\/"},{"@type":"ListItem","position":2,"name":"Reservar","item":"https:\/\/sagardoarenlurraldea.eus\/es\/reservar\/"},{"@type":"ListItem","position":3,"name":"Sidrer\u00eda Etxeberria"}]},{"@type":"WebSite","@id":"https:\/\/sagardoarenlurraldea.eus\/es\/#website","url":"https:\/\/sagardoarenlurraldea.eus\/es\/","name":"Sagardoaren Lurraldea","description":"El territorio de la sidra","potentialAction":[{"@type":"SearchAction","target":{"@type":"EntryPoint","urlTemplate":"https:\/\/sagardoarenlurraldea.eus\/es\/?s={search_term_string}"},"query-input":{"@type":"PropertyValueSpecification","valueRequired":true,"valueName":"search_term_string"}}],"inLanguage":"es"}]}},"_links":{"self":[{"href":"https:\/\/sagardoarenlurraldea.eus\/es\/wp-json\/wp\/v2\/product\/1470","targetHints":{"allow":["GET"]}}],"collection":[{"href":"https:\/\/sagardoarenlurraldea.eus\/es\/wp-json\/wp\/v2\/product"}],"about":[{"href":"https:\/\/sagardoarenlurraldea.eus\/es\/wp-json\/wp\/v2\/types\/product"}],"replies":[{"embeddable":true,"href":"https:\/\/sagardoarenlurraldea.eus\/es\/wp-json\/wp\/v2\/comments?post=1470"}],"wp:featuredmedia":[{"embeddable":true,"href":"https:\/\/sagardoarenlurraldea.eus\/es\/wp-json\/wp\/v2\/media\/1473"}],"wp:attachment":[{"href":"https:\/\/sagardoarenlurraldea.eus\/es\/wp-json\/wp\/v2\/media?parent=1470"}],"wp:term":[{"taxonomy":"product_brand","embeddable":true,"href":"https:\/\/sagardoarenlurraldea.eus\/es\/wp-json\/wp\/v2\/product_brand?post=1470"},{"taxonomy":"product_cat","embeddable":true,"href":"https:\/\/sagardoarenlurraldea.eus\/es\/wp-json\/wp\/v2\/product_cat?post=1470"},{"taxonomy":"product_tag","embeddable":true,"href":"https:\/\/sagardoarenlurraldea.eus\/es\/wp-json\/wp\/v2\/product_tag?post=1470"}],"curies":[{"name":"wp","href":"https:\/\/api.w.org\/{rel}","templated":true}]}}