{"id":142352,"date":"2020-11-17T16:34:58","date_gmt":"2020-11-17T14:34:58","guid":{"rendered":"http:\/\/www.sagardoarenlurraldea.eus\/reservar\/kategoria-gabea\/sagardoetxea-lote-1\/"},"modified":"2021-12-09T19:23:34","modified_gmt":"2021-12-09T17:23:34","slug":"especiales-bizi-goxo-mosto-sidra","status":"publish","type":"product","link":"https:\/\/sagardoarenlurraldea.eus\/es\/reservar\/tienda\/lotes\/especiales-bizi-goxo-mosto-sidra\/","title":{"rendered":"Especiales (Bizi-goxo, mosto y sidra)"},"content":{"rendered":"<p><strong>Lote de 3 botellas seleccionadas por Sagardoetxea<\/strong>:<br \/>\n&#8211; <strong>1 botella de mosto \u00abGozo-Gozo\u00bb<\/strong>: Sin alcohol. 75 cl. Mosto de manzana elaborado con manzanas de sidra aut\u00f3ctonas. Es una bebida refrescante con aroma a manzanas asadas, que nos trae recuerdos de la tradicional \u00abZizarra\u00bb.<br \/>\n&#8211; <strong>1 botella de sidra Oialume Zar<\/strong>: 6% vol. 75 cl. Sidra natural elaborada por la sidrer\u00eda Oialume Zar (Astigarraga). Elaborada 100% con manzana aut\u00f3ctona. La sidra de Oialume Zar se produce con manzanas locales. Adem\u00e1s de los que compran a los baserritarras, cuentan con un manzanal propio.<br \/>\n&#8211; <strong>1 botella de sidra de postre \u00abBizi Goxo\u00bb<\/strong>: 10,15% vol. 50 cl. Sidra de hielo elaborada por la sidrer\u00eda Zapiain (Astigarraga). Elaborada con 100% manzana variedad Errezila, aut\u00f3ctona, que marca la diferencia por sus caracter\u00edsticas: maduraci\u00f3n tard\u00eda, \u00e1cida y rica en azucares. \u00abBizi\u00bb por su acidez, \u00abGoxo\u00bb por el dulzor.<\/p>\n<p><strong>NOTA<\/strong>: Siendo producto del a\u00f1o, no podemos garantizar la existencia de la sidra que incluye este lote durante todo el a\u00f1o, por lo que si en el momento de realizar el pedido no lo hubiera, se completar\u00eda el lote con sidra de otra marca.<\/p>\n","protected":false},"excerpt":{"rendered":"<p>Lote de 3 botellas seleccionadas por Sagardoetxea: &#8211; 1 botella de mosto \u00abGozo-Gozo\u00bb: Sin alcohol. 75 cl. Mosto de manzana elaborado con manzanas de sidra aut\u00f3ctonas. Es una bebida refrescante [&hellip;]<\/p>\n","protected":false},"featured_media":142319,"comment_status":"open","ping_status":"closed","template":"","meta":{"_acf_changed":false,"_et_pb_use_builder":"","_et_pb_old_content":"","_et_gb_content_width":""},"product_brand":[],"product_cat":[3345],"product_tag":[],"class_list":{"0":"post-142352","1":"product","2":"type-product","3":"status-publish","4":"has-post-thumbnail","6":"product_cat-lotes","8":"first","9":"instock","10":"shipping-taxable","11":"purchasable","12":"product-type-simple"},"exclude_global_add_ons":[],"addons":[],"acf":[],"yoast_head":"<!-- This site is optimized with the Yoast SEO plugin v25.4 - https:\/\/yoast.com\/wordpress\/plugins\/seo\/ -->\n<title>Especiales (Bizi-goxo, mosto y sidra) - Sagardoaren Lurraldea<\/title>\n<meta name=\"description\" content=\"Sorta berezia: sagar muztioa, Oialume Zar sagardoa eta Bizi-Goxo izotzezko sagardoa\" \/>\n<meta name=\"robots\" content=\"index, follow, max-snippet:-1, max-image-preview:large, max-video-preview:-1\" \/>\n<link rel=\"canonical\" href=\"https:\/\/sagardoarenlurraldea.eus\/es\/reservar\/tienda\/lotes\/especiales-bizi-goxo-mosto-sidra\/\" \/>\n<meta property=\"og:locale\" content=\"es_ES\" \/>\n<meta property=\"og:type\" content=\"article\" \/>\n<meta property=\"og:title\" content=\"Especiales (Bizi-goxo, mosto y sidra) - Sagardoaren Lurraldea\" \/>\n<meta property=\"og:description\" content=\"Sorta berezia: sagar muztioa, Oialume Zar sagardoa eta Bizi-Goxo izotzezko sagardoa\" \/>\n<meta property=\"og:url\" content=\"https:\/\/sagardoarenlurraldea.eus\/es\/reservar\/tienda\/lotes\/especiales-bizi-goxo-mosto-sidra\/\" \/>\n<meta property=\"og:site_name\" content=\"Sagardoaren Lurraldea\" \/>\n<meta property=\"article:publisher\" content=\"https:\/\/www.facebook.com\/sagardoarenlurraldea\" \/>\n<meta property=\"article:modified_time\" content=\"2021-12-09T17:23:34+00:00\" \/>\n<meta property=\"og:image\" content=\"https:\/\/sagardoarenlurraldea.eus\/wp-content\/uploads\/2020\/11\/BEREZIAK-BIZI-GOXO-MUZTIOA-ETA-SAGARDOA-2-scaled.jpg\" \/>\n\t<meta property=\"og:image:width\" content=\"2560\" \/>\n\t<meta property=\"og:image:height\" content=\"1920\" \/>\n\t<meta property=\"og:image:type\" content=\"image\/jpeg\" \/>\n<meta name=\"twitter:card\" content=\"summary_large_image\" \/>\n<meta name=\"twitter:label1\" content=\"Tiempo de lectura\" \/>\n\t<meta name=\"twitter:data1\" content=\"1 minuto\" \/>\n<script type=\"application\/ld+json\" class=\"yoast-schema-graph\">{\"@context\":\"https:\/\/schema.org\",\"@graph\":[{\"@type\":\"WebPage\",\"@id\":\"https:\/\/sagardoarenlurraldea.eus\/es\/reservar\/tienda\/lotes\/especiales-bizi-goxo-mosto-sidra\/\",\"url\":\"https:\/\/sagardoarenlurraldea.eus\/es\/reservar\/tienda\/lotes\/especiales-bizi-goxo-mosto-sidra\/\",\"name\":\"Especiales (Bizi-goxo, mosto y sidra) - Sagardoaren Lurraldea\",\"isPartOf\":{\"@id\":\"https:\/\/sagardoarenlurraldea.eus\/es\/#website\"},\"primaryImageOfPage\":{\"@id\":\"https:\/\/sagardoarenlurraldea.eus\/es\/reservar\/tienda\/lotes\/especiales-bizi-goxo-mosto-sidra\/#primaryimage\"},\"image\":{\"@id\":\"https:\/\/sagardoarenlurraldea.eus\/es\/reservar\/tienda\/lotes\/especiales-bizi-goxo-mosto-sidra\/#primaryimage\"},\"thumbnailUrl\":\"https:\/\/sagardoarenlurraldea.eus\/wp-content\/uploads\/2020\/11\/BEREZIAK-BIZI-GOXO-MUZTIOA-ETA-SAGARDOA-2-scaled.jpg\",\"datePublished\":\"2020-11-17T14:34:58+00:00\",\"dateModified\":\"2021-12-09T17:23:34+00:00\",\"description\":\"Sorta berezia: sagar muztioa, Oialume Zar sagardoa eta Bizi-Goxo izotzezko sagardoa\",\"breadcrumb\":{\"@id\":\"https:\/\/sagardoarenlurraldea.eus\/es\/reservar\/tienda\/lotes\/especiales-bizi-goxo-mosto-sidra\/#breadcrumb\"},\"inLanguage\":\"es\",\"potentialAction\":[{\"@type\":\"ReadAction\",\"target\":[\"https:\/\/sagardoarenlurraldea.eus\/es\/reservar\/tienda\/lotes\/especiales-bizi-goxo-mosto-sidra\/\"]}]},{\"@type\":\"ImageObject\",\"inLanguage\":\"es\",\"@id\":\"https:\/\/sagardoarenlurraldea.eus\/es\/reservar\/tienda\/lotes\/especiales-bizi-goxo-mosto-sidra\/#primaryimage\",\"url\":\"https:\/\/sagardoarenlurraldea.eus\/wp-content\/uploads\/2020\/11\/BEREZIAK-BIZI-GOXO-MUZTIOA-ETA-SAGARDOA-2-scaled.jpg\",\"contentUrl\":\"https:\/\/sagardoarenlurraldea.eus\/wp-content\/uploads\/2020\/11\/BEREZIAK-BIZI-GOXO-MUZTIOA-ETA-SAGARDOA-2-scaled.jpg\",\"width\":2560,\"height\":1920},{\"@type\":\"BreadcrumbList\",\"@id\":\"https:\/\/sagardoarenlurraldea.eus\/es\/reservar\/tienda\/lotes\/especiales-bizi-goxo-mosto-sidra\/#breadcrumb\",\"itemListElement\":[{\"@type\":\"ListItem\",\"position\":1,\"name\":\"Inicio\",\"item\":\"https:\/\/sagardoarenlurraldea.eus\/es\/\"},{\"@type\":\"ListItem\",\"position\":2,\"name\":\"Reservar\",\"item\":\"https:\/\/sagardoarenlurraldea.eus\/es\/reservar\/\"},{\"@type\":\"ListItem\",\"position\":3,\"name\":\"Especiales (Bizi-goxo, mosto y sidra)\"}]},{\"@type\":\"WebSite\",\"@id\":\"https:\/\/sagardoarenlurraldea.eus\/es\/#website\",\"url\":\"https:\/\/sagardoarenlurraldea.eus\/es\/\",\"name\":\"Sagardoaren Lurraldea\",\"description\":\"El territorio de la sidra\",\"potentialAction\":[{\"@type\":\"SearchAction\",\"target\":{\"@type\":\"EntryPoint\",\"urlTemplate\":\"https:\/\/sagardoarenlurraldea.eus\/es\/?s={search_term_string}\"},\"query-input\":{\"@type\":\"PropertyValueSpecification\",\"valueRequired\":true,\"valueName\":\"search_term_string\"}}],\"inLanguage\":\"es\"}]}<\/script>\n<!-- \/ Yoast SEO plugin. -->","yoast_head_json":{"title":"Especiales (Bizi-goxo, mosto y sidra) - Sagardoaren Lurraldea","description":"Sorta berezia: sagar muztioa, Oialume Zar sagardoa eta Bizi-Goxo izotzezko sagardoa","robots":{"index":"index","follow":"follow","max-snippet":"max-snippet:-1","max-image-preview":"max-image-preview:large","max-video-preview":"max-video-preview:-1"},"canonical":"https:\/\/sagardoarenlurraldea.eus\/es\/reservar\/tienda\/lotes\/especiales-bizi-goxo-mosto-sidra\/","og_locale":"es_ES","og_type":"article","og_title":"Especiales (Bizi-goxo, mosto y sidra) - Sagardoaren Lurraldea","og_description":"Sorta berezia: sagar muztioa, Oialume Zar sagardoa eta Bizi-Goxo izotzezko sagardoa","og_url":"https:\/\/sagardoarenlurraldea.eus\/es\/reservar\/tienda\/lotes\/especiales-bizi-goxo-mosto-sidra\/","og_site_name":"Sagardoaren Lurraldea","article_publisher":"https:\/\/www.facebook.com\/sagardoarenlurraldea","article_modified_time":"2021-12-09T17:23:34+00:00","og_image":[{"width":2560,"height":1920,"url":"https:\/\/sagardoarenlurraldea.eus\/wp-content\/uploads\/2020\/11\/BEREZIAK-BIZI-GOXO-MUZTIOA-ETA-SAGARDOA-2-scaled.jpg","type":"image\/jpeg"}],"twitter_card":"summary_large_image","twitter_misc":{"Tiempo de lectura":"1 minuto"},"schema":{"@context":"https:\/\/schema.org","@graph":[{"@type":"WebPage","@id":"https:\/\/sagardoarenlurraldea.eus\/es\/reservar\/tienda\/lotes\/especiales-bizi-goxo-mosto-sidra\/","url":"https:\/\/sagardoarenlurraldea.eus\/es\/reservar\/tienda\/lotes\/especiales-bizi-goxo-mosto-sidra\/","name":"Especiales (Bizi-goxo, mosto y sidra) - Sagardoaren Lurraldea","isPartOf":{"@id":"https:\/\/sagardoarenlurraldea.eus\/es\/#website"},"primaryImageOfPage":{"@id":"https:\/\/sagardoarenlurraldea.eus\/es\/reservar\/tienda\/lotes\/especiales-bizi-goxo-mosto-sidra\/#primaryimage"},"image":{"@id":"https:\/\/sagardoarenlurraldea.eus\/es\/reservar\/tienda\/lotes\/especiales-bizi-goxo-mosto-sidra\/#primaryimage"},"thumbnailUrl":"https:\/\/sagardoarenlurraldea.eus\/wp-content\/uploads\/2020\/11\/BEREZIAK-BIZI-GOXO-MUZTIOA-ETA-SAGARDOA-2-scaled.jpg","datePublished":"2020-11-17T14:34:58+00:00","dateModified":"2021-12-09T17:23:34+00:00","description":"Sorta berezia: sagar muztioa, Oialume Zar sagardoa eta Bizi-Goxo izotzezko sagardoa","breadcrumb":{"@id":"https:\/\/sagardoarenlurraldea.eus\/es\/reservar\/tienda\/lotes\/especiales-bizi-goxo-mosto-sidra\/#breadcrumb"},"inLanguage":"es","potentialAction":[{"@type":"ReadAction","target":["https:\/\/sagardoarenlurraldea.eus\/es\/reservar\/tienda\/lotes\/especiales-bizi-goxo-mosto-sidra\/"]}]},{"@type":"ImageObject","inLanguage":"es","@id":"https:\/\/sagardoarenlurraldea.eus\/es\/reservar\/tienda\/lotes\/especiales-bizi-goxo-mosto-sidra\/#primaryimage","url":"https:\/\/sagardoarenlurraldea.eus\/wp-content\/uploads\/2020\/11\/BEREZIAK-BIZI-GOXO-MUZTIOA-ETA-SAGARDOA-2-scaled.jpg","contentUrl":"https:\/\/sagardoarenlurraldea.eus\/wp-content\/uploads\/2020\/11\/BEREZIAK-BIZI-GOXO-MUZTIOA-ETA-SAGARDOA-2-scaled.jpg","width":2560,"height":1920},{"@type":"BreadcrumbList","@id":"https:\/\/sagardoarenlurraldea.eus\/es\/reservar\/tienda\/lotes\/especiales-bizi-goxo-mosto-sidra\/#breadcrumb","itemListElement":[{"@type":"ListItem","position":1,"name":"Inicio","item":"https:\/\/sagardoarenlurraldea.eus\/es\/"},{"@type":"ListItem","position":2,"name":"Reservar","item":"https:\/\/sagardoarenlurraldea.eus\/es\/reservar\/"},{"@type":"ListItem","position":3,"name":"Especiales (Bizi-goxo, mosto y sidra)"}]},{"@type":"WebSite","@id":"https:\/\/sagardoarenlurraldea.eus\/es\/#website","url":"https:\/\/sagardoarenlurraldea.eus\/es\/","name":"Sagardoaren Lurraldea","description":"El territorio de la sidra","potentialAction":[{"@type":"SearchAction","target":{"@type":"EntryPoint","urlTemplate":"https:\/\/sagardoarenlurraldea.eus\/es\/?s={search_term_string}"},"query-input":{"@type":"PropertyValueSpecification","valueRequired":true,"valueName":"search_term_string"}}],"inLanguage":"es"}]}},"_links":{"self":[{"href":"https:\/\/sagardoarenlurraldea.eus\/es\/wp-json\/wp\/v2\/product\/142352","targetHints":{"allow":["GET"]}}],"collection":[{"href":"https:\/\/sagardoarenlurraldea.eus\/es\/wp-json\/wp\/v2\/product"}],"about":[{"href":"https:\/\/sagardoarenlurraldea.eus\/es\/wp-json\/wp\/v2\/types\/product"}],"replies":[{"embeddable":true,"href":"https:\/\/sagardoarenlurraldea.eus\/es\/wp-json\/wp\/v2\/comments?post=142352"}],"wp:featuredmedia":[{"embeddable":true,"href":"https:\/\/sagardoarenlurraldea.eus\/es\/wp-json\/wp\/v2\/media\/142319"}],"wp:attachment":[{"href":"https:\/\/sagardoarenlurraldea.eus\/es\/wp-json\/wp\/v2\/media?parent=142352"}],"wp:term":[{"taxonomy":"product_brand","embeddable":true,"href":"https:\/\/sagardoarenlurraldea.eus\/es\/wp-json\/wp\/v2\/product_brand?post=142352"},{"taxonomy":"product_cat","embeddable":true,"href":"https:\/\/sagardoarenlurraldea.eus\/es\/wp-json\/wp\/v2\/product_cat?post=142352"},{"taxonomy":"product_tag","embeddable":true,"href":"https:\/\/sagardoarenlurraldea.eus\/es\/wp-json\/wp\/v2\/product_tag?post=142352"}],"curies":[{"name":"wp","href":"https:\/\/api.w.org\/{rel}","templated":true}]}}