{"id":142349,"date":"2020-11-17T16:27:05","date_gmt":"2020-11-17T14:27:05","guid":{"rendered":"http:\/\/www.sagardoarenlurraldea.eus\/reservar\/kategoria-gabea\/sagardo-naturala\/"},"modified":"2021-12-09T19:23:38","modified_gmt":"2021-12-09T17:23:38","slug":"autoctonas","status":"publish","type":"product","link":"https:\/\/sagardoarenlurraldea.eus\/es\/reservar\/tienda\/lotes\/autoctonas\/","title":{"rendered":"Aut\u00f3ctonas"},"content":{"rendered":"<p><strong>Lote de 6 botellas de sidra natural<\/strong>:<br \/>\n&#8211; <strong>1 botella de sidra Alorrenea Euskal Sagardoa (Astigarraga)<\/strong>: 6% vol. 75 cl. Sidra natural con Denominaci\u00f3n de Origen y elaborada 100 % con manzana aut\u00f3ctona. Sidra intensa con sabores ex\u00f3ticos, tiene aromas florales, c\u00edtricos, un toque de pomelo\u2026 Tiene una personalidad fresca, bien integrada, con chispa que permanece durante largo tiempo. Variedades de manzana: Moko, Txalaka, Goikoetxe, Patzolua, Urtebi Haundi- Txiki, Urdin Sagarra y Frantzes sagarra.<br \/>\n&#8211; <strong>1 botella de sidra Gurutzeta Euskal Sagardoa (Astigarraga)<\/strong>: 6% vol. 75 cl. Sidra natural con Denominaci\u00f3n de Origen y elaborada 100 % con manzana aut\u00f3ctona. Sidra suave en boca con un claro toque frutal en nariz, de burbuja duradera. Es una sidra que marida a la perfecci\u00f3n tanto con pescados como con carnes. Son sidras suaves, con aromas muy marcados a fruta. Variedades de manzana: Urtebi Handi, Urtebi Txiki, Errezilla, Manttoni, Txalaka, Moko.<br \/>\n&#8211;<strong> 1 botella de sidra Gartziategi Euskal Sagardoa 700 (Astigarraga)<\/strong>: 6% vol. 75 cl. Sidra natural con Denominaci\u00f3n de Origen y elaborada 100 % con manzana aut\u00f3ctona. Sidra elaborada con manzana seleccionada por la familia de los manzanales situados a 700 m sobre el nivel del mar. Sidra de color amarillo, con aroma afrutado e intenso en boca. Presenta una chispa fina y duradera. Las manzanas utilizadas para elaborar esta sidra, situadas a 700 metros de altura, confieren unas caracter\u00edsticas muy especiales a esta sidra Gartziategi 700 Euskal Sagardoa. Variedades de manzana: Urtebi Txiki y Urtebi Haundia, Txalaka y Manttoni.<br \/>\n&#8211; <strong>1 botella de sidra Etxeberria Euskal Sagardoa (Astigarraga)<\/strong>: 6% vol. 75 cl. Sidra natural con Denominaci\u00f3n de Origen y elaborada 100 % con manzana aut\u00f3ctona. Sidra de color pajizo, larga en boca y equilibrada en nariz, limpia y de gran intensidad. Presenta una espuma que permanece al servirla. Variedades de manzana: Urtebi txikia, Txalaka, Urtebi Haundia, Goikoetxe y Patzuloa.<br \/>\n&#8211; <strong>1 botella de sidra Zapiain Euskal Sagardoa (Astigarraga)<\/strong>: 6% vol. 75 cl. Sidra natural con Denominaci\u00f3n de Origen y elaborada 100 % con manzana aut\u00f3ctona. Sidra de color amarillento. Con aromas a flores y manzanas frescas. Largo en boca con una complejidad equilibrada, acompa\u00f1ada de una espuma muy fina. Buen equilibrio entre acidez y amargor. No contiene sulfitos. Equilibrio y claridad. Tanto en nariz como en boca, prevalecen el aroma y el sabor a manzana. Variedades de manzana: Gezami\u00f1a, Urtebi, Patzolua, Errezila, Moko.<br \/>\n&#8211; <strong>1 botella de sidra Oialume Zar (Astigarraga)<\/strong>: 6% vol. 75 cl. Sidra natural elaborada 100% con manzana aut\u00f3ctona. La sidra de Oialume Zar se produce con manzanas locales.<\/p>\n<p><strong>NOTA<\/strong>: Siendo productos del a\u00f1o, no podemos garantizar la existencia de todas las sidras Euskal Sagardoa que incluye este lote durante todo el a\u00f1o, por lo que si en el momento de realizar el pedido no hubiera alguna de ellas, se completar\u00eda el lote con sidra Euskal Sagardoa de otra marca.<\/p>\n","protected":false},"excerpt":{"rendered":"<p>Lote de 6 botellas de sidra natural: &#8211; 1 botella de sidra Alorrenea Euskal Sagardoa (Astigarraga): 6% vol. 75 cl. Sidra natural con Denominaci\u00f3n de Origen y elaborada 100 % [&hellip;]<\/p>\n","protected":false},"featured_media":142309,"comment_status":"open","ping_status":"closed","template":"","meta":{"_acf_changed":false,"_et_pb_use_builder":"","_et_pb_old_content":"","_et_gb_content_width":""},"product_brand":[],"product_cat":[3345],"product_tag":[],"class_list":{"0":"post-142349","1":"product","2":"type-product","3":"status-publish","4":"has-post-thumbnail","6":"product_cat-lotes","8":"first","9":"instock","10":"shipping-taxable","11":"purchasable","12":"product-type-simple"},"exclude_global_add_ons":[],"addons":[],"acf":[],"yoast_head":"<!-- This site is optimized with the Yoast SEO plugin v25.4 - https:\/\/yoast.com\/wordpress\/plugins\/seo\/ -->\n<title>Aut\u00f3ctonas - Sagardoaren Lurraldea<\/title>\n<meta name=\"description\" content=\"Bertako sagardoen sorta: Alorrenea Euskal Sagardoa, Gurutzeta Euskal Sagardoa, Gartziategi 700 Euskal Sagardoa, Etxeberria Euskal Sagardoa, Zapiain Euskal Sagardoa eta Oialume Zar sagardoa.\" \/>\n<meta name=\"robots\" content=\"index, follow, max-snippet:-1, max-image-preview:large, max-video-preview:-1\" \/>\n<link rel=\"canonical\" href=\"https:\/\/sagardoarenlurraldea.eus\/es\/reservar\/tienda\/lotes\/autoctonas\/\" \/>\n<meta property=\"og:locale\" content=\"es_ES\" \/>\n<meta property=\"og:type\" content=\"article\" \/>\n<meta property=\"og:title\" content=\"Aut\u00f3ctonas - Sagardoaren Lurraldea\" \/>\n<meta property=\"og:description\" content=\"Bertako sagardoen sorta: Alorrenea Euskal Sagardoa, Gurutzeta Euskal Sagardoa, Gartziategi 700 Euskal Sagardoa, Etxeberria Euskal Sagardoa, Zapiain Euskal Sagardoa eta Oialume Zar sagardoa.\" \/>\n<meta property=\"og:url\" content=\"https:\/\/sagardoarenlurraldea.eus\/es\/reservar\/tienda\/lotes\/autoctonas\/\" \/>\n<meta property=\"og:site_name\" content=\"Sagardoaren Lurraldea\" \/>\n<meta property=\"article:publisher\" content=\"https:\/\/www.facebook.com\/sagardoarenlurraldea\" \/>\n<meta property=\"article:modified_time\" content=\"2021-12-09T17:23:38+00:00\" \/>\n<meta property=\"og:image\" content=\"https:\/\/sagardoarenlurraldea.eus\/wp-content\/uploads\/2020\/11\/BERTAKOAK-scaled.jpg\" \/>\n\t<meta property=\"og:image:width\" content=\"2560\" \/>\n\t<meta property=\"og:image:height\" content=\"1920\" \/>\n\t<meta property=\"og:image:type\" content=\"image\/jpeg\" \/>\n<meta name=\"twitter:card\" content=\"summary_large_image\" \/>\n<meta name=\"twitter:label1\" content=\"Tiempo de lectura\" \/>\n\t<meta name=\"twitter:data1\" content=\"3 minutos\" \/>\n<script type=\"application\/ld+json\" class=\"yoast-schema-graph\">{\"@context\":\"https:\/\/schema.org\",\"@graph\":[{\"@type\":\"WebPage\",\"@id\":\"https:\/\/sagardoarenlurraldea.eus\/es\/reservar\/tienda\/lotes\/autoctonas\/\",\"url\":\"https:\/\/sagardoarenlurraldea.eus\/es\/reservar\/tienda\/lotes\/autoctonas\/\",\"name\":\"Aut\u00f3ctonas - Sagardoaren Lurraldea\",\"isPartOf\":{\"@id\":\"https:\/\/sagardoarenlurraldea.eus\/es\/#website\"},\"primaryImageOfPage\":{\"@id\":\"https:\/\/sagardoarenlurraldea.eus\/es\/reservar\/tienda\/lotes\/autoctonas\/#primaryimage\"},\"image\":{\"@id\":\"https:\/\/sagardoarenlurraldea.eus\/es\/reservar\/tienda\/lotes\/autoctonas\/#primaryimage\"},\"thumbnailUrl\":\"https:\/\/sagardoarenlurraldea.eus\/wp-content\/uploads\/2020\/11\/BERTAKOAK-scaled.jpg\",\"datePublished\":\"2020-11-17T14:27:05+00:00\",\"dateModified\":\"2021-12-09T17:23:38+00:00\",\"description\":\"Bertako sagardoen sorta: Alorrenea Euskal Sagardoa, Gurutzeta Euskal Sagardoa, Gartziategi 700 Euskal Sagardoa, Etxeberria Euskal Sagardoa, Zapiain Euskal Sagardoa eta Oialume Zar sagardoa.\",\"breadcrumb\":{\"@id\":\"https:\/\/sagardoarenlurraldea.eus\/es\/reservar\/tienda\/lotes\/autoctonas\/#breadcrumb\"},\"inLanguage\":\"es\",\"potentialAction\":[{\"@type\":\"ReadAction\",\"target\":[\"https:\/\/sagardoarenlurraldea.eus\/es\/reservar\/tienda\/lotes\/autoctonas\/\"]}]},{\"@type\":\"ImageObject\",\"inLanguage\":\"es\",\"@id\":\"https:\/\/sagardoarenlurraldea.eus\/es\/reservar\/tienda\/lotes\/autoctonas\/#primaryimage\",\"url\":\"https:\/\/sagardoarenlurraldea.eus\/wp-content\/uploads\/2020\/11\/BERTAKOAK-scaled.jpg\",\"contentUrl\":\"https:\/\/sagardoarenlurraldea.eus\/wp-content\/uploads\/2020\/11\/BERTAKOAK-scaled.jpg\",\"width\":2560,\"height\":1920},{\"@type\":\"BreadcrumbList\",\"@id\":\"https:\/\/sagardoarenlurraldea.eus\/es\/reservar\/tienda\/lotes\/autoctonas\/#breadcrumb\",\"itemListElement\":[{\"@type\":\"ListItem\",\"position\":1,\"name\":\"Inicio\",\"item\":\"https:\/\/sagardoarenlurraldea.eus\/es\/\"},{\"@type\":\"ListItem\",\"position\":2,\"name\":\"Reservar\",\"item\":\"https:\/\/sagardoarenlurraldea.eus\/es\/reservar\/\"},{\"@type\":\"ListItem\",\"position\":3,\"name\":\"Aut\u00f3ctonas\"}]},{\"@type\":\"WebSite\",\"@id\":\"https:\/\/sagardoarenlurraldea.eus\/es\/#website\",\"url\":\"https:\/\/sagardoarenlurraldea.eus\/es\/\",\"name\":\"Sagardoaren Lurraldea\",\"description\":\"El territorio de la sidra\",\"potentialAction\":[{\"@type\":\"SearchAction\",\"target\":{\"@type\":\"EntryPoint\",\"urlTemplate\":\"https:\/\/sagardoarenlurraldea.eus\/es\/?s={search_term_string}\"},\"query-input\":{\"@type\":\"PropertyValueSpecification\",\"valueRequired\":true,\"valueName\":\"search_term_string\"}}],\"inLanguage\":\"es\"}]}<\/script>\n<!-- \/ Yoast SEO plugin. -->","yoast_head_json":{"title":"Aut\u00f3ctonas - Sagardoaren Lurraldea","description":"Bertako sagardoen sorta: Alorrenea Euskal Sagardoa, Gurutzeta Euskal Sagardoa, Gartziategi 700 Euskal Sagardoa, Etxeberria Euskal Sagardoa, Zapiain Euskal Sagardoa eta Oialume Zar sagardoa.","robots":{"index":"index","follow":"follow","max-snippet":"max-snippet:-1","max-image-preview":"max-image-preview:large","max-video-preview":"max-video-preview:-1"},"canonical":"https:\/\/sagardoarenlurraldea.eus\/es\/reservar\/tienda\/lotes\/autoctonas\/","og_locale":"es_ES","og_type":"article","og_title":"Aut\u00f3ctonas - Sagardoaren Lurraldea","og_description":"Bertako sagardoen sorta: Alorrenea Euskal Sagardoa, Gurutzeta Euskal Sagardoa, Gartziategi 700 Euskal Sagardoa, Etxeberria Euskal Sagardoa, Zapiain Euskal Sagardoa eta Oialume Zar sagardoa.","og_url":"https:\/\/sagardoarenlurraldea.eus\/es\/reservar\/tienda\/lotes\/autoctonas\/","og_site_name":"Sagardoaren Lurraldea","article_publisher":"https:\/\/www.facebook.com\/sagardoarenlurraldea","article_modified_time":"2021-12-09T17:23:38+00:00","og_image":[{"width":2560,"height":1920,"url":"https:\/\/sagardoarenlurraldea.eus\/wp-content\/uploads\/2020\/11\/BERTAKOAK-scaled.jpg","type":"image\/jpeg"}],"twitter_card":"summary_large_image","twitter_misc":{"Tiempo de lectura":"3 minutos"},"schema":{"@context":"https:\/\/schema.org","@graph":[{"@type":"WebPage","@id":"https:\/\/sagardoarenlurraldea.eus\/es\/reservar\/tienda\/lotes\/autoctonas\/","url":"https:\/\/sagardoarenlurraldea.eus\/es\/reservar\/tienda\/lotes\/autoctonas\/","name":"Aut\u00f3ctonas - Sagardoaren Lurraldea","isPartOf":{"@id":"https:\/\/sagardoarenlurraldea.eus\/es\/#website"},"primaryImageOfPage":{"@id":"https:\/\/sagardoarenlurraldea.eus\/es\/reservar\/tienda\/lotes\/autoctonas\/#primaryimage"},"image":{"@id":"https:\/\/sagardoarenlurraldea.eus\/es\/reservar\/tienda\/lotes\/autoctonas\/#primaryimage"},"thumbnailUrl":"https:\/\/sagardoarenlurraldea.eus\/wp-content\/uploads\/2020\/11\/BERTAKOAK-scaled.jpg","datePublished":"2020-11-17T14:27:05+00:00","dateModified":"2021-12-09T17:23:38+00:00","description":"Bertako sagardoen sorta: Alorrenea Euskal Sagardoa, Gurutzeta Euskal Sagardoa, Gartziategi 700 Euskal Sagardoa, Etxeberria Euskal Sagardoa, Zapiain Euskal Sagardoa eta Oialume Zar sagardoa.","breadcrumb":{"@id":"https:\/\/sagardoarenlurraldea.eus\/es\/reservar\/tienda\/lotes\/autoctonas\/#breadcrumb"},"inLanguage":"es","potentialAction":[{"@type":"ReadAction","target":["https:\/\/sagardoarenlurraldea.eus\/es\/reservar\/tienda\/lotes\/autoctonas\/"]}]},{"@type":"ImageObject","inLanguage":"es","@id":"https:\/\/sagardoarenlurraldea.eus\/es\/reservar\/tienda\/lotes\/autoctonas\/#primaryimage","url":"https:\/\/sagardoarenlurraldea.eus\/wp-content\/uploads\/2020\/11\/BERTAKOAK-scaled.jpg","contentUrl":"https:\/\/sagardoarenlurraldea.eus\/wp-content\/uploads\/2020\/11\/BERTAKOAK-scaled.jpg","width":2560,"height":1920},{"@type":"BreadcrumbList","@id":"https:\/\/sagardoarenlurraldea.eus\/es\/reservar\/tienda\/lotes\/autoctonas\/#breadcrumb","itemListElement":[{"@type":"ListItem","position":1,"name":"Inicio","item":"https:\/\/sagardoarenlurraldea.eus\/es\/"},{"@type":"ListItem","position":2,"name":"Reservar","item":"https:\/\/sagardoarenlurraldea.eus\/es\/reservar\/"},{"@type":"ListItem","position":3,"name":"Aut\u00f3ctonas"}]},{"@type":"WebSite","@id":"https:\/\/sagardoarenlurraldea.eus\/es\/#website","url":"https:\/\/sagardoarenlurraldea.eus\/es\/","name":"Sagardoaren Lurraldea","description":"El territorio de la sidra","potentialAction":[{"@type":"SearchAction","target":{"@type":"EntryPoint","urlTemplate":"https:\/\/sagardoarenlurraldea.eus\/es\/?s={search_term_string}"},"query-input":{"@type":"PropertyValueSpecification","valueRequired":true,"valueName":"search_term_string"}}],"inLanguage":"es"}]}},"_links":{"self":[{"href":"https:\/\/sagardoarenlurraldea.eus\/es\/wp-json\/wp\/v2\/product\/142349","targetHints":{"allow":["GET"]}}],"collection":[{"href":"https:\/\/sagardoarenlurraldea.eus\/es\/wp-json\/wp\/v2\/product"}],"about":[{"href":"https:\/\/sagardoarenlurraldea.eus\/es\/wp-json\/wp\/v2\/types\/product"}],"replies":[{"embeddable":true,"href":"https:\/\/sagardoarenlurraldea.eus\/es\/wp-json\/wp\/v2\/comments?post=142349"}],"wp:featuredmedia":[{"embeddable":true,"href":"https:\/\/sagardoarenlurraldea.eus\/es\/wp-json\/wp\/v2\/media\/142309"}],"wp:attachment":[{"href":"https:\/\/sagardoarenlurraldea.eus\/es\/wp-json\/wp\/v2\/media?parent=142349"}],"wp:term":[{"taxonomy":"product_brand","embeddable":true,"href":"https:\/\/sagardoarenlurraldea.eus\/es\/wp-json\/wp\/v2\/product_brand?post=142349"},{"taxonomy":"product_cat","embeddable":true,"href":"https:\/\/sagardoarenlurraldea.eus\/es\/wp-json\/wp\/v2\/product_cat?post=142349"},{"taxonomy":"product_tag","embeddable":true,"href":"https:\/\/sagardoarenlurraldea.eus\/es\/wp-json\/wp\/v2\/product_tag?post=142349"}],"curies":[{"name":"wp","href":"https:\/\/api.w.org\/{rel}","templated":true}]}}