{"id":136820,"date":"2021-03-06T15:00:28","date_gmt":"2021-03-06T13:00:28","guid":{"rendered":"http:\/\/www.sagardoarenlurraldea.eus\/?post_type=product&#038;p=136820"},"modified":"2023-09-12T10:02:26","modified_gmt":"2023-09-12T08:02:26","slug":"sagartrekking-el-camino-de-la-sidra-y-cata-de-sidra","status":"publish","type":"product","link":"https:\/\/sagardoarenlurraldea.eus\/es\/reservar\/experiencias\/050-trekking-senderismo-paseos\/sagartrekking-el-camino-de-la-sidra-y-cata-de-sidra\/","title":{"rendered":"Sagartrekking, el camino de la sidra (sin guia) y cata de sidra"},"content":{"rendered":"<h2>Actividades que incluye la experiencia<\/h2>\n<ul>\n<li><strong>Paseo por el camino de la sidra de Santiagomendi a pie<\/strong>.<\/li>\n<li><strong>Cata comentada de sidra<\/strong> en Sagardoetxea, Museo de la Sidra Vasca.<\/li>\n<\/ul>\n<p>NOTA:<br \/>\n&#8211; Si se desea <strong>comer en una sidrer\u00eda<\/strong>, indicarlo en las observaciones de la reserva (siguiente paso).<\/p>\n<h2>Informaci\u00f3n pr\u00e1ctica<\/h2>\n<ul>\n<li><strong>Horarios<\/strong>: De martes a s\u00e1bado a las 10:30 y a las 16:00. Domingos y festivos a las 10:30.<\/li>\n<li><strong>Duraci\u00f3n<\/strong>: 3 horas<\/li>\n<li><strong>\u00bfCuando se puede hacer?<\/strong>\u00a0Durante todo el a\u00f1o.<\/li>\n<li><strong>\u00bfPara qui\u00e9n?\u00a0<\/strong>Individual, Familias, Parejas<\/li>\n<li><strong>Idiomas<\/strong>: Castellano (con reserva previa), Euskera (con reserva previa), Franc\u00e9s (con reserva previa) e Ingl\u00e9s (con reserva previa) .<\/li>\n<li><strong>Punto de encuentro<\/strong>: Sagardoetxea, Museo de la Sidra Vasca (Kale Nagusia, 48 &#8211; Astigarraga). Coordenadas GPS: 43.281204, -1.946554.<\/li>\n<li><strong>C\u00f3mo llegar<\/strong>:\n<ul>\n<li>En veh\u00edculo propio: aparcamiento en el centro de Astigarraga (C\/ Nagusia) y en el pol\u00edgono industrial (C\/ Donostia ibilbidea). Tiempo estimado desde el aparcamiento: 5-10 min.<\/li>\n<li>En autob\u00fas de l\u00ednea: Desde San Sebastian (C\/ Okendo) y desde Hernani (C\/ Txirrita). L\u00edneas BU12 y BU13. <a href=\"http:\/\/www.lurraldebus.eus\">Ver horarios<\/a>. Tiempo estimado desde la parada: 5 min.<\/li>\n<\/ul>\n<\/li>\n<\/ul>\n<h2>Tarifas<\/h2>\n<ul>\n<li><strong>Adultos<\/strong>: 4\u20ac<\/li>\n<\/ul>\n<h2>Lo mejor<\/h2>\n<ul>\n<li>Disfrutar de las preciosas vistas de la costa desde lo alto de la Ermita de Santiagomendi.<\/li>\n<li>Pasear entre manzanales y caser\u00edos lagar en los que se elaboraba la sidra.<\/li>\n<li>Adentrarse en la cultura de la sidra al aire libre.<\/li>\n<li>Disfrutar de una cata de sidra en Sagardoetxea.<\/li>\n<\/ul>\n<p>&nbsp;<\/p>\n","protected":false},"excerpt":{"rendered":"<p>Practica senderismo por este bonito recorrido y disfrutar\u00e1s del paisaje natural de Santiagomendi (Astigarraga). El recorrido tiene una distancia de 6,5 Km y una duraci\u00f3n de 3 horas a pie. En el paseo encontrar\u00e1s estaciones tem\u00e1ticas donde conocer\u00e1s la historia de los caser\u00edos de Santiagomendi y de Astigarraga. Tras el paseo disfrutar\u00e1s de una cata de sidra en Sagardoetxea, Museo de la Sidra Vasca.<\/p>\n","protected":false},"featured_media":5716,"comment_status":"open","ping_status":"closed","template":"","meta":{"_acf_changed":false,"_et_pb_use_builder":"","_et_pb_old_content":"","_et_gb_content_width":""},"product_brand":[],"product_cat":[45,148],"product_tag":[2153,151,152],"class_list":{"0":"post-136820","1":"product","2":"type-product","3":"status-publish","4":"has-post-thumbnail","6":"product_cat-experiencias","7":"product_cat-050-trekking-senderismo-paseos","8":"product_tag-disponible-todo-el-ano","9":"product_tag-actividad-matutina","10":"product_tag-actividad-vespertina","11":"dtwm_map-camino-de-la-sidra-de-santiagomendi","12":"dtwm_map-sagardoetxea","14":"first","15":"instock","16":"virtual","17":"sold-individually","18":"purchasable","19":"product-type-booking"},"exclude_global_add_ons":[],"addons":[],"acf":[],"yoast_head":"<!-- This site is optimized with the Yoast SEO plugin v25.4 - https:\/\/yoast.com\/wordpress\/plugins\/seo\/ -->\n<title>Sagartrekking, el camino de la sidra (sin guia) y cata de sidra - Sagardoaren Lurraldea<\/title>\n<meta name=\"robots\" content=\"index, follow, max-snippet:-1, max-image-preview:large, max-video-preview:-1\" \/>\n<link rel=\"canonical\" href=\"https:\/\/sagardoarenlurraldea.eus\/es\/reservar\/experiencias\/050-trekking-senderismo-paseos\/sagartrekking-el-camino-de-la-sidra-y-cata-de-sidra\/\" \/>\n<meta property=\"og:locale\" content=\"es_ES\" \/>\n<meta property=\"og:type\" content=\"article\" \/>\n<meta property=\"og:title\" content=\"Sagartrekking, el camino de la sidra (sin guia) y cata de sidra - Sagardoaren Lurraldea\" \/>\n<meta property=\"og:description\" content=\"Practica senderismo por este bonito recorrido y disfrutar\u00e1s del paisaje natural de Santiagomendi (Astigarraga). El recorrido tiene una distancia de 6,5 Km y una duraci\u00f3n de 3 horas a pie. En el paseo encontrar\u00e1s estaciones tem\u00e1ticas donde conocer\u00e1s la historia de los caser\u00edos de Santiagomendi y de Astigarraga. Tras el paseo disfrutar\u00e1s de una cata de sidra en Sagardoetxea, Museo de la Sidra Vasca.\" \/>\n<meta property=\"og:url\" content=\"https:\/\/sagardoarenlurraldea.eus\/es\/reservar\/experiencias\/050-trekking-senderismo-paseos\/sagartrekking-el-camino-de-la-sidra-y-cata-de-sidra\/\" \/>\n<meta property=\"og:site_name\" content=\"Sagardoaren Lurraldea\" \/>\n<meta property=\"article:publisher\" content=\"https:\/\/www.facebook.com\/sagardoarenlurraldea\" \/>\n<meta property=\"article:modified_time\" content=\"2023-09-12T08:02:26+00:00\" \/>\n<meta property=\"og:image\" content=\"https:\/\/sagardoarenlurraldea.eus\/wp-content\/uploads\/2016\/09\/EXPSAGARTREKKING-F50.jpg\" \/>\n\t<meta property=\"og:image:width\" content=\"900\" \/>\n\t<meta property=\"og:image:height\" content=\"600\" \/>\n\t<meta property=\"og:image:type\" content=\"image\/jpeg\" \/>\n<meta name=\"twitter:card\" content=\"summary_large_image\" \/>\n<meta name=\"twitter:label1\" content=\"Tiempo de lectura\" \/>\n\t<meta name=\"twitter:data1\" content=\"2 minutos\" \/>\n<script type=\"application\/ld+json\" class=\"yoast-schema-graph\">{\"@context\":\"https:\/\/schema.org\",\"@graph\":[{\"@type\":\"WebPage\",\"@id\":\"https:\/\/sagardoarenlurraldea.eus\/es\/reservar\/experiencias\/050-trekking-senderismo-paseos\/sagartrekking-el-camino-de-la-sidra-y-cata-de-sidra\/\",\"url\":\"https:\/\/sagardoarenlurraldea.eus\/es\/reservar\/experiencias\/050-trekking-senderismo-paseos\/sagartrekking-el-camino-de-la-sidra-y-cata-de-sidra\/\",\"name\":\"Sagartrekking, el camino de la sidra (sin guia) y cata de sidra - Sagardoaren Lurraldea\",\"isPartOf\":{\"@id\":\"https:\/\/sagardoarenlurraldea.eus\/es\/#website\"},\"primaryImageOfPage\":{\"@id\":\"https:\/\/sagardoarenlurraldea.eus\/es\/reservar\/experiencias\/050-trekking-senderismo-paseos\/sagartrekking-el-camino-de-la-sidra-y-cata-de-sidra\/#primaryimage\"},\"image\":{\"@id\":\"https:\/\/sagardoarenlurraldea.eus\/es\/reservar\/experiencias\/050-trekking-senderismo-paseos\/sagartrekking-el-camino-de-la-sidra-y-cata-de-sidra\/#primaryimage\"},\"thumbnailUrl\":\"https:\/\/sagardoarenlurraldea.eus\/wp-content\/uploads\/2016\/09\/EXPSAGARTREKKING-F50.jpg\",\"datePublished\":\"2021-03-06T13:00:28+00:00\",\"dateModified\":\"2023-09-12T08:02:26+00:00\",\"breadcrumb\":{\"@id\":\"https:\/\/sagardoarenlurraldea.eus\/es\/reservar\/experiencias\/050-trekking-senderismo-paseos\/sagartrekking-el-camino-de-la-sidra-y-cata-de-sidra\/#breadcrumb\"},\"inLanguage\":\"es\",\"potentialAction\":[{\"@type\":\"ReadAction\",\"target\":[\"https:\/\/sagardoarenlurraldea.eus\/es\/reservar\/experiencias\/050-trekking-senderismo-paseos\/sagartrekking-el-camino-de-la-sidra-y-cata-de-sidra\/\"]}]},{\"@type\":\"ImageObject\",\"inLanguage\":\"es\",\"@id\":\"https:\/\/sagardoarenlurraldea.eus\/es\/reservar\/experiencias\/050-trekking-senderismo-paseos\/sagartrekking-el-camino-de-la-sidra-y-cata-de-sidra\/#primaryimage\",\"url\":\"https:\/\/sagardoarenlurraldea.eus\/wp-content\/uploads\/2016\/09\/EXPSAGARTREKKING-F50.jpg\",\"contentUrl\":\"https:\/\/sagardoarenlurraldea.eus\/wp-content\/uploads\/2016\/09\/EXPSAGARTREKKING-F50.jpg\",\"width\":900,\"height\":600},{\"@type\":\"BreadcrumbList\",\"@id\":\"https:\/\/sagardoarenlurraldea.eus\/es\/reservar\/experiencias\/050-trekking-senderismo-paseos\/sagartrekking-el-camino-de-la-sidra-y-cata-de-sidra\/#breadcrumb\",\"itemListElement\":[{\"@type\":\"ListItem\",\"position\":1,\"name\":\"Inicio\",\"item\":\"https:\/\/sagardoarenlurraldea.eus\/es\/\"},{\"@type\":\"ListItem\",\"position\":2,\"name\":\"Reservar\",\"item\":\"https:\/\/sagardoarenlurraldea.eus\/es\/reservar\/\"},{\"@type\":\"ListItem\",\"position\":3,\"name\":\"Sagartrekking, el camino de la sidra (sin guia) y cata de sidra\"}]},{\"@type\":\"WebSite\",\"@id\":\"https:\/\/sagardoarenlurraldea.eus\/es\/#website\",\"url\":\"https:\/\/sagardoarenlurraldea.eus\/es\/\",\"name\":\"Sagardoaren Lurraldea\",\"description\":\"El territorio de la sidra\",\"potentialAction\":[{\"@type\":\"SearchAction\",\"target\":{\"@type\":\"EntryPoint\",\"urlTemplate\":\"https:\/\/sagardoarenlurraldea.eus\/es\/?s={search_term_string}\"},\"query-input\":{\"@type\":\"PropertyValueSpecification\",\"valueRequired\":true,\"valueName\":\"search_term_string\"}}],\"inLanguage\":\"es\"}]}<\/script>\n<!-- \/ Yoast SEO plugin. -->","yoast_head_json":{"title":"Sagartrekking, el camino de la sidra (sin guia) y cata de sidra - Sagardoaren Lurraldea","robots":{"index":"index","follow":"follow","max-snippet":"max-snippet:-1","max-image-preview":"max-image-preview:large","max-video-preview":"max-video-preview:-1"},"canonical":"https:\/\/sagardoarenlurraldea.eus\/es\/reservar\/experiencias\/050-trekking-senderismo-paseos\/sagartrekking-el-camino-de-la-sidra-y-cata-de-sidra\/","og_locale":"es_ES","og_type":"article","og_title":"Sagartrekking, el camino de la sidra (sin guia) y cata de sidra - Sagardoaren Lurraldea","og_description":"Practica senderismo por este bonito recorrido y disfrutar\u00e1s del paisaje natural de Santiagomendi (Astigarraga). El recorrido tiene una distancia de 6,5 Km y una duraci\u00f3n de 3 horas a pie. En el paseo encontrar\u00e1s estaciones tem\u00e1ticas donde conocer\u00e1s la historia de los caser\u00edos de Santiagomendi y de Astigarraga. Tras el paseo disfrutar\u00e1s de una cata de sidra en Sagardoetxea, Museo de la Sidra Vasca.","og_url":"https:\/\/sagardoarenlurraldea.eus\/es\/reservar\/experiencias\/050-trekking-senderismo-paseos\/sagartrekking-el-camino-de-la-sidra-y-cata-de-sidra\/","og_site_name":"Sagardoaren Lurraldea","article_publisher":"https:\/\/www.facebook.com\/sagardoarenlurraldea","article_modified_time":"2023-09-12T08:02:26+00:00","og_image":[{"width":900,"height":600,"url":"https:\/\/sagardoarenlurraldea.eus\/wp-content\/uploads\/2016\/09\/EXPSAGARTREKKING-F50.jpg","type":"image\/jpeg"}],"twitter_card":"summary_large_image","twitter_misc":{"Tiempo de lectura":"2 minutos"},"schema":{"@context":"https:\/\/schema.org","@graph":[{"@type":"WebPage","@id":"https:\/\/sagardoarenlurraldea.eus\/es\/reservar\/experiencias\/050-trekking-senderismo-paseos\/sagartrekking-el-camino-de-la-sidra-y-cata-de-sidra\/","url":"https:\/\/sagardoarenlurraldea.eus\/es\/reservar\/experiencias\/050-trekking-senderismo-paseos\/sagartrekking-el-camino-de-la-sidra-y-cata-de-sidra\/","name":"Sagartrekking, el camino de la sidra (sin guia) y cata de sidra - Sagardoaren Lurraldea","isPartOf":{"@id":"https:\/\/sagardoarenlurraldea.eus\/es\/#website"},"primaryImageOfPage":{"@id":"https:\/\/sagardoarenlurraldea.eus\/es\/reservar\/experiencias\/050-trekking-senderismo-paseos\/sagartrekking-el-camino-de-la-sidra-y-cata-de-sidra\/#primaryimage"},"image":{"@id":"https:\/\/sagardoarenlurraldea.eus\/es\/reservar\/experiencias\/050-trekking-senderismo-paseos\/sagartrekking-el-camino-de-la-sidra-y-cata-de-sidra\/#primaryimage"},"thumbnailUrl":"https:\/\/sagardoarenlurraldea.eus\/wp-content\/uploads\/2016\/09\/EXPSAGARTREKKING-F50.jpg","datePublished":"2021-03-06T13:00:28+00:00","dateModified":"2023-09-12T08:02:26+00:00","breadcrumb":{"@id":"https:\/\/sagardoarenlurraldea.eus\/es\/reservar\/experiencias\/050-trekking-senderismo-paseos\/sagartrekking-el-camino-de-la-sidra-y-cata-de-sidra\/#breadcrumb"},"inLanguage":"es","potentialAction":[{"@type":"ReadAction","target":["https:\/\/sagardoarenlurraldea.eus\/es\/reservar\/experiencias\/050-trekking-senderismo-paseos\/sagartrekking-el-camino-de-la-sidra-y-cata-de-sidra\/"]}]},{"@type":"ImageObject","inLanguage":"es","@id":"https:\/\/sagardoarenlurraldea.eus\/es\/reservar\/experiencias\/050-trekking-senderismo-paseos\/sagartrekking-el-camino-de-la-sidra-y-cata-de-sidra\/#primaryimage","url":"https:\/\/sagardoarenlurraldea.eus\/wp-content\/uploads\/2016\/09\/EXPSAGARTREKKING-F50.jpg","contentUrl":"https:\/\/sagardoarenlurraldea.eus\/wp-content\/uploads\/2016\/09\/EXPSAGARTREKKING-F50.jpg","width":900,"height":600},{"@type":"BreadcrumbList","@id":"https:\/\/sagardoarenlurraldea.eus\/es\/reservar\/experiencias\/050-trekking-senderismo-paseos\/sagartrekking-el-camino-de-la-sidra-y-cata-de-sidra\/#breadcrumb","itemListElement":[{"@type":"ListItem","position":1,"name":"Inicio","item":"https:\/\/sagardoarenlurraldea.eus\/es\/"},{"@type":"ListItem","position":2,"name":"Reservar","item":"https:\/\/sagardoarenlurraldea.eus\/es\/reservar\/"},{"@type":"ListItem","position":3,"name":"Sagartrekking, el camino de la sidra (sin guia) y cata de sidra"}]},{"@type":"WebSite","@id":"https:\/\/sagardoarenlurraldea.eus\/es\/#website","url":"https:\/\/sagardoarenlurraldea.eus\/es\/","name":"Sagardoaren Lurraldea","description":"El territorio de la sidra","potentialAction":[{"@type":"SearchAction","target":{"@type":"EntryPoint","urlTemplate":"https:\/\/sagardoarenlurraldea.eus\/es\/?s={search_term_string}"},"query-input":{"@type":"PropertyValueSpecification","valueRequired":true,"valueName":"search_term_string"}}],"inLanguage":"es"}]}},"_links":{"self":[{"href":"https:\/\/sagardoarenlurraldea.eus\/es\/wp-json\/wp\/v2\/product\/136820","targetHints":{"allow":["GET"]}}],"collection":[{"href":"https:\/\/sagardoarenlurraldea.eus\/es\/wp-json\/wp\/v2\/product"}],"about":[{"href":"https:\/\/sagardoarenlurraldea.eus\/es\/wp-json\/wp\/v2\/types\/product"}],"replies":[{"embeddable":true,"href":"https:\/\/sagardoarenlurraldea.eus\/es\/wp-json\/wp\/v2\/comments?post=136820"}],"wp:featuredmedia":[{"embeddable":true,"href":"https:\/\/sagardoarenlurraldea.eus\/es\/wp-json\/wp\/v2\/media\/5716"}],"wp:attachment":[{"href":"https:\/\/sagardoarenlurraldea.eus\/es\/wp-json\/wp\/v2\/media?parent=136820"}],"wp:term":[{"taxonomy":"product_brand","embeddable":true,"href":"https:\/\/sagardoarenlurraldea.eus\/es\/wp-json\/wp\/v2\/product_brand?post=136820"},{"taxonomy":"product_cat","embeddable":true,"href":"https:\/\/sagardoarenlurraldea.eus\/es\/wp-json\/wp\/v2\/product_cat?post=136820"},{"taxonomy":"product_tag","embeddable":true,"href":"https:\/\/sagardoarenlurraldea.eus\/es\/wp-json\/wp\/v2\/product_tag?post=136820"}],"curies":[{"name":"wp","href":"https:\/\/api.w.org\/{rel}","templated":true}]}}