{"id":136586,"date":"2026-02-09T09:00:21","date_gmt":"2026-02-09T07:00:21","guid":{"rendered":"http:\/\/www.sagardoarenlurraldea.eus\/?post_type=product&#038;p=136586"},"modified":"2026-03-09T18:19:34","modified_gmt":"2026-03-09T16:19:34","slug":"sagardoetxea-museo-de-la-sidra-vasca","status":"publish","type":"product","link":"https:\/\/sagardoarenlurraldea.eus\/es\/reservar\/experiencias\/010-museo-y-sidreria\/sagardoetxea-museo-de-la-sidra-vasca\/","title":{"rendered":"Sagardoetxea, Museo de la Sidra Vasca"},"content":{"rendered":"<h2>Actividades que incluye la experiencia<\/h2>\n<ul>\n<li>Visita del <strong>manzanal<\/strong>, donde se puede apreciar de una forma din\u00e1mica y pedag\u00f3gica la cultura de la manzana.<\/li>\n<li>Visita del <strong>espacio muse\u00edstico<\/strong>, donde se conoce el pasado, presente y futuro de la manzana y de la sidra y todo el proceso de elaboraci\u00f3n de la sidra.<\/li>\n<li><strong>Degustaci\u00f3n<\/strong> de sidra.<\/li>\n<\/ul>\n<h2>Informaci\u00f3n pr\u00e1ctica<\/h2>\n<ul>\n<li><strong>Horarios<\/strong>: Lunes cerrado (excepto julio y agosto). De martes a s\u00e1bado de 11:00-13:30 y 16:00-19:30. Domingos y festivos: 11:00-13:30.<\/li>\n<li><strong>Duraci\u00f3n<\/strong>: 1 hora<\/li>\n<li><strong>\u00bfCuando se puede hacer?<\/strong>\u00a0Durante todo el a\u00f1o.<\/li>\n<li><strong>\u00bfPara qui\u00e9n?<\/strong> Individual, Familias, Parejas<\/li>\n<li><strong>Idiomas<\/strong>: Castellano (con reserva previa), Euskera (con reserva previa), Franc\u00e9s (con reserva previa) e Ingl\u00e9s (con reserva previa).<\/li>\n<li><strong>Punto de encuentro<\/strong>: Sagardoetxea, Museo de la Sidra Vasca (Kale Nagusia, 48 &#8211; Astigarraga). Coordenadas GPS: 43.281204, -1.946554.<\/li>\n<li><strong>C\u00f3mo llegar<\/strong>:\n<ul>\n<li>En veh\u00edculo propio: aparcamiento en el centro de Astigarraga (C\/ Nagusia) y en el pol\u00edgono industrial (C\/ Donostia ibilbidea). Tiempo estimado desde el aparcamiento: 5-10 min.<\/li>\n<li>En autob\u00fas de l\u00ednea: Desde San Sebastian (C\/ Okendo) y desde Hernani (C\/ Txirrita): L\u00edneas BU12 y BU13. <a href=\"http:\/\/www.lurraldebus.eus\">Ver horarios<\/a>. Tiempo estimado desde la parada: 5 min.<\/li>\n<\/ul>\n<\/li>\n<\/ul>\n<p><strong>NOTA IMPORTANTE:<\/strong> Al realizar la reserva, no recibir\u00e1 las entradas por email. Su reserva se ha registrado en nuestro sistema de reservas, y solo debe acercarse al punto de encuentro el d\u00eda de la actividad y dar su nombre.<\/p>\n<p>&nbsp;<\/p>\n<h2>Tarifas<\/h2>\n<ul>\n<li><strong>Adultos<\/strong>: 5\u20ac<\/li>\n<li><strong>Ni\u00f1os:<\/strong>\n<ul>\n<li><strong>Ni\u00f1os de 0-6 a\u00f1os <\/strong>(acompa\u00f1ados por un adulto): gratis<\/li>\n<li><strong>Ni\u00f1os de 7-17 a\u00f1os<\/strong>: 3\u20ac<\/li>\n<\/ul>\n<\/li>\n<\/ul>\n<h2>Lo mejor<\/h2>\n<ul>\n<li>Conocer las ra\u00edces y la cultura de la sidra vasca de forma <strong>participativa<\/strong>.<\/li>\n<li>Visitar un espacio did\u00e1ctico, en contacto con la <strong>naturaleza<\/strong>.<\/li>\n<li>Aprender los <strong>secretos<\/strong> que acompa\u00f1an a la degustaci\u00f3n de la sidra al txotx.<\/li>\n<\/ul>\n","protected":false},"excerpt":{"rendered":"<p>Ad\u00e9ntrate en la cultura de la sidra y la cultura de Euskal Herria visitando este museo gastron\u00f3mico. Ven a conocer su historia, la relaci\u00f3n tan estrecha de los vascos y la sidra a lo largo de los siglos. Un museo donde podr\u00e1s pasear por el manzanal y descubrir un paisaje que cambia seg\u00fan la estaci\u00f3n del a\u00f1o en la que estemos: la floraci\u00f3n de los manzanos en primavera y la cosecha de la manzana en oto\u00f1o.<\/p>\n<p>Tambi\u00e9n conocer\u00e1s la historia, y podr\u00e1s ver c\u00f3mo hac\u00edan la sidra nuestros antepasados. Para finalizar la visita al Museo, tendr\u00e1s la oportunidad de disfrutar de una cata comentada de sidra: aprender\u00e1s a degustarla, a diferenciar los matices y conocer\u00e1s diferentes tipos de bebidas elaborados con manzana.<\/p>\n","protected":false},"featured_media":284768,"comment_status":"closed","ping_status":"closed","template":"","meta":{"_acf_changed":false,"_et_pb_use_builder":"","_et_pb_old_content":"","_et_gb_content_width":""},"product_brand":[],"product_cat":[45,149],"product_tag":[2153,151,152],"class_list":{"0":"post-136586","1":"product","2":"type-product","3":"status-publish","4":"has-post-thumbnail","6":"product_cat-experiencias","7":"product_cat-010-museo-y-sidreria","8":"product_tag-disponible-todo-el-ano","9":"product_tag-actividad-matutina","10":"product_tag-actividad-vespertina","11":"dtwm_map-sagardoetxea","13":"first","14":"instock","15":"virtual","16":"sold-individually","17":"purchasable","18":"product-type-booking"},"exclude_global_add_ons":false,"addons":[{"name":"Visita guiada","type":"select","position":0,"required":false,"title_format":"label","default":"","description_enable":false,"description":"","placeholder_enable":false,"placeholder":"","display":"select","restrictions_type":"any_text","adjust_price":false,"price":"","price_type":"flat_fee","restrictions":false,"min":"0","max":"0","options":[],"id":1770633534}],"acf":[],"yoast_head":"<!-- This site is optimized with the Yoast SEO plugin v25.4 - https:\/\/yoast.com\/wordpress\/plugins\/seo\/ -->\n<title>Sagardoetxea, Museo de la Sidra Vasca - Sagardoaren Lurraldea<\/title>\n<meta name=\"robots\" content=\"index, follow, max-snippet:-1, max-image-preview:large, max-video-preview:-1\" \/>\n<link rel=\"canonical\" href=\"https:\/\/sagardoarenlurraldea.eus\/es\/reservar\/experiencias\/010-museo-y-sidreria\/sagardoetxea-museo-de-la-sidra-vasca\/\" \/>\n<meta property=\"og:locale\" content=\"es_ES\" \/>\n<meta property=\"og:type\" content=\"article\" \/>\n<meta property=\"og:title\" content=\"Sagardoetxea, Museo de la Sidra Vasca - Sagardoaren Lurraldea\" \/>\n<meta property=\"og:description\" content=\"Ad\u00e9ntrate en la cultura de la sidra y la cultura de Euskal Herria visitando este museo gastron\u00f3mico. Ven a conocer su historia, la relaci\u00f3n tan estrecha de los vascos y la sidra a lo largo de los siglos. Un museo donde podr\u00e1s pasear por el manzanal y descubrir un paisaje que cambia seg\u00fan la estaci\u00f3n del a\u00f1o en la que estemos: la floraci\u00f3n de los manzanos en primavera y la cosecha de la manzana en oto\u00f1o.  Tambi\u00e9n conocer\u00e1s la historia, y podr\u00e1s ver c\u00f3mo hac\u00edan la sidra nuestros antepasados. Para finalizar la visita al Museo, tendr\u00e1s la oportunidad de disfrutar de una cata comentada de sidra: aprender\u00e1s a degustarla, a diferenciar los matices y conocer\u00e1s diferentes tipos de bebidas elaborados con manzana.\" \/>\n<meta property=\"og:url\" content=\"https:\/\/sagardoarenlurraldea.eus\/es\/reservar\/experiencias\/010-museo-y-sidreria\/sagardoetxea-museo-de-la-sidra-vasca\/\" \/>\n<meta property=\"og:site_name\" content=\"Sagardoaren Lurraldea\" \/>\n<meta property=\"article:publisher\" content=\"https:\/\/www.facebook.com\/sagardoarenlurraldea\" \/>\n<meta property=\"article:modified_time\" content=\"2026-03-09T16:19:34+00:00\" \/>\n<meta property=\"og:image\" content=\"https:\/\/sagardoarenlurraldea.eus\/wp-content\/uploads\/2024\/03\/SAGARDOETXEAMUSEOA_1.jpg\" \/>\n\t<meta property=\"og:image:width\" content=\"1800\" \/>\n\t<meta property=\"og:image:height\" content=\"1200\" \/>\n\t<meta property=\"og:image:type\" content=\"image\/jpeg\" \/>\n<meta name=\"twitter:card\" content=\"summary_large_image\" \/>\n<meta name=\"twitter:label1\" content=\"Tiempo de lectura\" \/>\n\t<meta name=\"twitter:data1\" content=\"2 minutos\" \/>\n<script type=\"application\/ld+json\" class=\"yoast-schema-graph\">{\"@context\":\"https:\/\/schema.org\",\"@graph\":[{\"@type\":\"WebPage\",\"@id\":\"https:\/\/sagardoarenlurraldea.eus\/es\/reservar\/experiencias\/010-museo-y-sidreria\/sagardoetxea-museo-de-la-sidra-vasca\/\",\"url\":\"https:\/\/sagardoarenlurraldea.eus\/es\/reservar\/experiencias\/010-museo-y-sidreria\/sagardoetxea-museo-de-la-sidra-vasca\/\",\"name\":\"Sagardoetxea, Museo de la Sidra Vasca - Sagardoaren Lurraldea\",\"isPartOf\":{\"@id\":\"https:\/\/sagardoarenlurraldea.eus\/es\/#website\"},\"primaryImageOfPage\":{\"@id\":\"https:\/\/sagardoarenlurraldea.eus\/es\/reservar\/experiencias\/010-museo-y-sidreria\/sagardoetxea-museo-de-la-sidra-vasca\/#primaryimage\"},\"image\":{\"@id\":\"https:\/\/sagardoarenlurraldea.eus\/es\/reservar\/experiencias\/010-museo-y-sidreria\/sagardoetxea-museo-de-la-sidra-vasca\/#primaryimage\"},\"thumbnailUrl\":\"https:\/\/sagardoarenlurraldea.eus\/wp-content\/uploads\/2024\/03\/SAGARDOETXEAMUSEOA_1.jpg\",\"datePublished\":\"2026-02-09T07:00:21+00:00\",\"dateModified\":\"2026-03-09T16:19:34+00:00\",\"breadcrumb\":{\"@id\":\"https:\/\/sagardoarenlurraldea.eus\/es\/reservar\/experiencias\/010-museo-y-sidreria\/sagardoetxea-museo-de-la-sidra-vasca\/#breadcrumb\"},\"inLanguage\":\"es\",\"potentialAction\":[{\"@type\":\"ReadAction\",\"target\":[\"https:\/\/sagardoarenlurraldea.eus\/es\/reservar\/experiencias\/010-museo-y-sidreria\/sagardoetxea-museo-de-la-sidra-vasca\/\"]}]},{\"@type\":\"ImageObject\",\"inLanguage\":\"es\",\"@id\":\"https:\/\/sagardoarenlurraldea.eus\/es\/reservar\/experiencias\/010-museo-y-sidreria\/sagardoetxea-museo-de-la-sidra-vasca\/#primaryimage\",\"url\":\"https:\/\/sagardoarenlurraldea.eus\/wp-content\/uploads\/2024\/03\/SAGARDOETXEAMUSEOA_1.jpg\",\"contentUrl\":\"https:\/\/sagardoarenlurraldea.eus\/wp-content\/uploads\/2024\/03\/SAGARDOETXEAMUSEOA_1.jpg\",\"width\":1800,\"height\":1200},{\"@type\":\"BreadcrumbList\",\"@id\":\"https:\/\/sagardoarenlurraldea.eus\/es\/reservar\/experiencias\/010-museo-y-sidreria\/sagardoetxea-museo-de-la-sidra-vasca\/#breadcrumb\",\"itemListElement\":[{\"@type\":\"ListItem\",\"position\":1,\"name\":\"Inicio\",\"item\":\"https:\/\/sagardoarenlurraldea.eus\/es\/\"},{\"@type\":\"ListItem\",\"position\":2,\"name\":\"Reservar\",\"item\":\"https:\/\/sagardoarenlurraldea.eus\/es\/reservar\/\"},{\"@type\":\"ListItem\",\"position\":3,\"name\":\"Sagardoetxea, Museo de la Sidra Vasca\"}]},{\"@type\":\"WebSite\",\"@id\":\"https:\/\/sagardoarenlurraldea.eus\/es\/#website\",\"url\":\"https:\/\/sagardoarenlurraldea.eus\/es\/\",\"name\":\"Sagardoaren Lurraldea\",\"description\":\"El territorio de la sidra\",\"potentialAction\":[{\"@type\":\"SearchAction\",\"target\":{\"@type\":\"EntryPoint\",\"urlTemplate\":\"https:\/\/sagardoarenlurraldea.eus\/es\/?s={search_term_string}\"},\"query-input\":{\"@type\":\"PropertyValueSpecification\",\"valueRequired\":true,\"valueName\":\"search_term_string\"}}],\"inLanguage\":\"es\"}]}<\/script>\n<!-- \/ Yoast SEO plugin. -->","yoast_head_json":{"title":"Sagardoetxea, Museo de la Sidra Vasca - Sagardoaren Lurraldea","robots":{"index":"index","follow":"follow","max-snippet":"max-snippet:-1","max-image-preview":"max-image-preview:large","max-video-preview":"max-video-preview:-1"},"canonical":"https:\/\/sagardoarenlurraldea.eus\/es\/reservar\/experiencias\/010-museo-y-sidreria\/sagardoetxea-museo-de-la-sidra-vasca\/","og_locale":"es_ES","og_type":"article","og_title":"Sagardoetxea, Museo de la Sidra Vasca - Sagardoaren Lurraldea","og_description":"Ad\u00e9ntrate en la cultura de la sidra y la cultura de Euskal Herria visitando este museo gastron\u00f3mico. Ven a conocer su historia, la relaci\u00f3n tan estrecha de los vascos y la sidra a lo largo de los siglos. Un museo donde podr\u00e1s pasear por el manzanal y descubrir un paisaje que cambia seg\u00fan la estaci\u00f3n del a\u00f1o en la que estemos: la floraci\u00f3n de los manzanos en primavera y la cosecha de la manzana en oto\u00f1o.  Tambi\u00e9n conocer\u00e1s la historia, y podr\u00e1s ver c\u00f3mo hac\u00edan la sidra nuestros antepasados. Para finalizar la visita al Museo, tendr\u00e1s la oportunidad de disfrutar de una cata comentada de sidra: aprender\u00e1s a degustarla, a diferenciar los matices y conocer\u00e1s diferentes tipos de bebidas elaborados con manzana.","og_url":"https:\/\/sagardoarenlurraldea.eus\/es\/reservar\/experiencias\/010-museo-y-sidreria\/sagardoetxea-museo-de-la-sidra-vasca\/","og_site_name":"Sagardoaren Lurraldea","article_publisher":"https:\/\/www.facebook.com\/sagardoarenlurraldea","article_modified_time":"2026-03-09T16:19:34+00:00","og_image":[{"width":1800,"height":1200,"url":"https:\/\/sagardoarenlurraldea.eus\/wp-content\/uploads\/2024\/03\/SAGARDOETXEAMUSEOA_1.jpg","type":"image\/jpeg"}],"twitter_card":"summary_large_image","twitter_misc":{"Tiempo de lectura":"2 minutos"},"schema":{"@context":"https:\/\/schema.org","@graph":[{"@type":"WebPage","@id":"https:\/\/sagardoarenlurraldea.eus\/es\/reservar\/experiencias\/010-museo-y-sidreria\/sagardoetxea-museo-de-la-sidra-vasca\/","url":"https:\/\/sagardoarenlurraldea.eus\/es\/reservar\/experiencias\/010-museo-y-sidreria\/sagardoetxea-museo-de-la-sidra-vasca\/","name":"Sagardoetxea, Museo de la Sidra Vasca - Sagardoaren Lurraldea","isPartOf":{"@id":"https:\/\/sagardoarenlurraldea.eus\/es\/#website"},"primaryImageOfPage":{"@id":"https:\/\/sagardoarenlurraldea.eus\/es\/reservar\/experiencias\/010-museo-y-sidreria\/sagardoetxea-museo-de-la-sidra-vasca\/#primaryimage"},"image":{"@id":"https:\/\/sagardoarenlurraldea.eus\/es\/reservar\/experiencias\/010-museo-y-sidreria\/sagardoetxea-museo-de-la-sidra-vasca\/#primaryimage"},"thumbnailUrl":"https:\/\/sagardoarenlurraldea.eus\/wp-content\/uploads\/2024\/03\/SAGARDOETXEAMUSEOA_1.jpg","datePublished":"2026-02-09T07:00:21+00:00","dateModified":"2026-03-09T16:19:34+00:00","breadcrumb":{"@id":"https:\/\/sagardoarenlurraldea.eus\/es\/reservar\/experiencias\/010-museo-y-sidreria\/sagardoetxea-museo-de-la-sidra-vasca\/#breadcrumb"},"inLanguage":"es","potentialAction":[{"@type":"ReadAction","target":["https:\/\/sagardoarenlurraldea.eus\/es\/reservar\/experiencias\/010-museo-y-sidreria\/sagardoetxea-museo-de-la-sidra-vasca\/"]}]},{"@type":"ImageObject","inLanguage":"es","@id":"https:\/\/sagardoarenlurraldea.eus\/es\/reservar\/experiencias\/010-museo-y-sidreria\/sagardoetxea-museo-de-la-sidra-vasca\/#primaryimage","url":"https:\/\/sagardoarenlurraldea.eus\/wp-content\/uploads\/2024\/03\/SAGARDOETXEAMUSEOA_1.jpg","contentUrl":"https:\/\/sagardoarenlurraldea.eus\/wp-content\/uploads\/2024\/03\/SAGARDOETXEAMUSEOA_1.jpg","width":1800,"height":1200},{"@type":"BreadcrumbList","@id":"https:\/\/sagardoarenlurraldea.eus\/es\/reservar\/experiencias\/010-museo-y-sidreria\/sagardoetxea-museo-de-la-sidra-vasca\/#breadcrumb","itemListElement":[{"@type":"ListItem","position":1,"name":"Inicio","item":"https:\/\/sagardoarenlurraldea.eus\/es\/"},{"@type":"ListItem","position":2,"name":"Reservar","item":"https:\/\/sagardoarenlurraldea.eus\/es\/reservar\/"},{"@type":"ListItem","position":3,"name":"Sagardoetxea, Museo de la Sidra Vasca"}]},{"@type":"WebSite","@id":"https:\/\/sagardoarenlurraldea.eus\/es\/#website","url":"https:\/\/sagardoarenlurraldea.eus\/es\/","name":"Sagardoaren Lurraldea","description":"El territorio de la sidra","potentialAction":[{"@type":"SearchAction","target":{"@type":"EntryPoint","urlTemplate":"https:\/\/sagardoarenlurraldea.eus\/es\/?s={search_term_string}"},"query-input":{"@type":"PropertyValueSpecification","valueRequired":true,"valueName":"search_term_string"}}],"inLanguage":"es"}]}},"_links":{"self":[{"href":"https:\/\/sagardoarenlurraldea.eus\/es\/wp-json\/wp\/v2\/product\/136586","targetHints":{"allow":["GET"]}}],"collection":[{"href":"https:\/\/sagardoarenlurraldea.eus\/es\/wp-json\/wp\/v2\/product"}],"about":[{"href":"https:\/\/sagardoarenlurraldea.eus\/es\/wp-json\/wp\/v2\/types\/product"}],"replies":[{"embeddable":true,"href":"https:\/\/sagardoarenlurraldea.eus\/es\/wp-json\/wp\/v2\/comments?post=136586"}],"wp:featuredmedia":[{"embeddable":true,"href":"https:\/\/sagardoarenlurraldea.eus\/es\/wp-json\/wp\/v2\/media\/284768"}],"wp:attachment":[{"href":"https:\/\/sagardoarenlurraldea.eus\/es\/wp-json\/wp\/v2\/media?parent=136586"}],"wp:term":[{"taxonomy":"product_brand","embeddable":true,"href":"https:\/\/sagardoarenlurraldea.eus\/es\/wp-json\/wp\/v2\/product_brand?post=136586"},{"taxonomy":"product_cat","embeddable":true,"href":"https:\/\/sagardoarenlurraldea.eus\/es\/wp-json\/wp\/v2\/product_cat?post=136586"},{"taxonomy":"product_tag","embeddable":true,"href":"https:\/\/sagardoarenlurraldea.eus\/es\/wp-json\/wp\/v2\/product_tag?post=136586"}],"curies":[{"name":"wp","href":"https:\/\/api.w.org\/{rel}","templated":true}]}}