{"id":1323,"date":"2016-08-02T10:41:14","date_gmt":"2016-08-02T08:41:14","guid":{"rendered":"http:\/\/www.sagardoarenlurraldea.eus\/reservar\/sidreria-donostia-san-sebastian-barkaiztegi\/"},"modified":"2023-01-03T19:05:01","modified_gmt":"2023-01-03T17:05:01","slug":"sidreria-donostia-san-sebastian-barkaiztegi","status":"publish","type":"product","link":"https:\/\/sagardoarenlurraldea.eus\/es\/reservar\/donostia-san-sebastian\/sidreria-donostia-san-sebastian-barkaiztegi\/","title":{"rendered":"Sidrer\u00eda Barkaiztegi"},"content":{"rendered":"<h2>Descripci\u00f3n<\/h2>\n<p>Situada en el barrio Martutene de San Sebasti\u00e1n, la sidrer\u00eda Barkaiztegi comenz\u00f3 su andadura en la elaboraci\u00f3n de sidra artesanal en el siglo XVII. Parte de la manzana para la elaboraci\u00f3n proviene de cultivos propios, que son complementados con manzana del exterior, de Galicia o Francia. Actualmente produce cerca de los 200.000 litros de sidra al a\u00f1o.<\/p>\n<h2>Comidas y cenas<\/h2>\n<p><strong>En temporada<\/strong> (enero &#8211; abril): Cenas todos los d\u00edas (opci\u00f3n de comidas si se reserva por tel\u00e9fono). Comidas los s\u00e1bados. Domingos y festivos cerrado.<\/p>\n<p><strong>Fuera de temporada<\/strong> (a partir de mayo): Restaurante abierto todo el a\u00f1o, para comidas y cenas.<\/p>\n<p>Capacidad: 100 comensales<\/p>\n<h2>Informaci\u00f3n adicional<\/h2>\n<p>Direcci\u00f3n: Barkaiztegi Baserria. Barkaiztegi pasealekua, 42. Donostia-San Sebastian.<br \/>\nTfno.: 943451304<br \/>\nFax.: 943474583<br \/>\nE-mail: <a href=\"mailto:barkatolare@terra.es\">barkatolare@terra.es <\/a><br \/>\nWeb: <a href=\"http:\/\/www.barkaiztegi.com\">http:\/\/www.barkaiztegi.com<\/a><\/p>\n","protected":false},"excerpt":{"rendered":"<p>Sidrer\u00eda abierta todo el a\u00f1o. La tradicional y excepcional sidra Barkaiztegi se puede degustar en botella durante todo el a\u00f1o o desde los toneles directamente en temporada de sidrer\u00edas.<\/p>\n","protected":false},"featured_media":1329,"comment_status":"open","ping_status":"closed","template":"","meta":{"_acf_changed":false,"_et_pb_use_builder":"","_et_pb_old_content":"","_et_gb_content_width":""},"product_brand":[],"product_cat":[77,2152],"product_tag":[38,40,42,39,41,43,182,28,29,37,58,34,48,32,30,31],"class_list":{"0":"post-1323","1":"product","2":"type-product","3":"status-publish","4":"has-post-thumbnail","6":"product_cat-donostia-san-sebastian","7":"product_cat-sidrerias","8":"product_tag-acceso-a-pie","9":"product_tag-acceso-en-autobus","10":"product_tag-acceso-en-autobus-de-linea","11":"product_tag-acceso-en-coche","12":"product_tag-acceso-en-microbus","13":"product_tag-acceso-en-tren","14":"product_tag-acceso-para-minusvalidos","15":"product_tag-comer-de-pie","16":"product_tag-comer-sentado","17":"product_tag-comidas-cenas-siempre","18":"product_tag-grupos-menores-de-25","19":"product_tag-menu-tradicional","20":"product_tag-parking","21":"product_tag-sidra-en-txotx","22":"product_tag-turno-cena","23":"product_tag-turno-comida","24":"pa_acceso-a_pie","25":"pa_acceso-autobus_de_linea","26":"pa_acceso-tren","27":"pa_caracteristicas-y-menus-comer-sidreria-de-pie","28":"pa_caracteristicas-y-menus-comidas-cenas-siempre-abierto","29":"pa_caracteristicas-y-menus-sidra_en_txotx","30":"dtwm_map-barkaiztegi","32":"first","33":"instock","34":"virtual","35":"product-type-simple"},"exclude_global_add_ons":[],"addons":[],"acf":[],"yoast_head":"<!-- This site is optimized with the Yoast SEO plugin v25.4 - https:\/\/yoast.com\/wordpress\/plugins\/seo\/ -->\n<title>Sidrer\u00eda Barkaiztegi - Sagardoaren Lurraldea<\/title>\n<meta name=\"robots\" content=\"index, follow, max-snippet:-1, max-image-preview:large, max-video-preview:-1\" \/>\n<link rel=\"canonical\" href=\"https:\/\/sagardoarenlurraldea.eus\/es\/reservar\/donostia-san-sebastian\/sidreria-donostia-san-sebastian-barkaiztegi\/\" \/>\n<meta property=\"og:locale\" content=\"es_ES\" \/>\n<meta property=\"og:type\" content=\"article\" \/>\n<meta property=\"og:title\" content=\"Sidrer\u00eda Barkaiztegi - Sagardoaren Lurraldea\" \/>\n<meta property=\"og:description\" content=\"Sidrer\u00eda abierta todo el a\u00f1o. La tradicional y excepcional sidra Barkaiztegi se puede degustar en botella durante todo el a\u00f1o o desde los toneles directamente en temporada de sidrer\u00edas.\" \/>\n<meta property=\"og:url\" content=\"https:\/\/sagardoarenlurraldea.eus\/es\/reservar\/donostia-san-sebastian\/sidreria-donostia-san-sebastian-barkaiztegi\/\" \/>\n<meta property=\"og:site_name\" content=\"Sagardoaren Lurraldea\" \/>\n<meta property=\"article:publisher\" content=\"https:\/\/www.facebook.com\/sagardoarenlurraldea\" \/>\n<meta property=\"article:modified_time\" content=\"2023-01-03T17:05:01+00:00\" \/>\n<meta property=\"og:image\" content=\"https:\/\/sagardoarenlurraldea.eus\/wp-content\/uploads\/2016\/08\/SIDBAR-F00.jpg\" \/>\n\t<meta property=\"og:image:width\" content=\"900\" \/>\n\t<meta property=\"og:image:height\" content=\"600\" \/>\n\t<meta property=\"og:image:type\" content=\"image\/jpeg\" \/>\n<meta name=\"twitter:card\" content=\"summary_large_image\" \/>\n<meta name=\"twitter:label1\" content=\"Tiempo de lectura\" \/>\n\t<meta name=\"twitter:data1\" content=\"1 minuto\" \/>\n<script type=\"application\/ld+json\" class=\"yoast-schema-graph\">{\"@context\":\"https:\/\/schema.org\",\"@graph\":[{\"@type\":\"WebPage\",\"@id\":\"https:\/\/sagardoarenlurraldea.eus\/es\/reservar\/donostia-san-sebastian\/sidreria-donostia-san-sebastian-barkaiztegi\/\",\"url\":\"https:\/\/sagardoarenlurraldea.eus\/es\/reservar\/donostia-san-sebastian\/sidreria-donostia-san-sebastian-barkaiztegi\/\",\"name\":\"Sidrer\u00eda Barkaiztegi - Sagardoaren Lurraldea\",\"isPartOf\":{\"@id\":\"https:\/\/sagardoarenlurraldea.eus\/es\/#website\"},\"primaryImageOfPage\":{\"@id\":\"https:\/\/sagardoarenlurraldea.eus\/es\/reservar\/donostia-san-sebastian\/sidreria-donostia-san-sebastian-barkaiztegi\/#primaryimage\"},\"image\":{\"@id\":\"https:\/\/sagardoarenlurraldea.eus\/es\/reservar\/donostia-san-sebastian\/sidreria-donostia-san-sebastian-barkaiztegi\/#primaryimage\"},\"thumbnailUrl\":\"https:\/\/sagardoarenlurraldea.eus\/wp-content\/uploads\/2016\/08\/SIDBAR-F00.jpg\",\"datePublished\":\"2016-08-02T08:41:14+00:00\",\"dateModified\":\"2023-01-03T17:05:01+00:00\",\"breadcrumb\":{\"@id\":\"https:\/\/sagardoarenlurraldea.eus\/es\/reservar\/donostia-san-sebastian\/sidreria-donostia-san-sebastian-barkaiztegi\/#breadcrumb\"},\"inLanguage\":\"es\",\"potentialAction\":[{\"@type\":\"ReadAction\",\"target\":[\"https:\/\/sagardoarenlurraldea.eus\/es\/reservar\/donostia-san-sebastian\/sidreria-donostia-san-sebastian-barkaiztegi\/\"]}]},{\"@type\":\"ImageObject\",\"inLanguage\":\"es\",\"@id\":\"https:\/\/sagardoarenlurraldea.eus\/es\/reservar\/donostia-san-sebastian\/sidreria-donostia-san-sebastian-barkaiztegi\/#primaryimage\",\"url\":\"https:\/\/sagardoarenlurraldea.eus\/wp-content\/uploads\/2016\/08\/SIDBAR-F00.jpg\",\"contentUrl\":\"https:\/\/sagardoarenlurraldea.eus\/wp-content\/uploads\/2016\/08\/SIDBAR-F00.jpg\",\"width\":900,\"height\":600,\"caption\":\"Entrada principal de la sidrer\u00eda Barkaiztegi\"},{\"@type\":\"BreadcrumbList\",\"@id\":\"https:\/\/sagardoarenlurraldea.eus\/es\/reservar\/donostia-san-sebastian\/sidreria-donostia-san-sebastian-barkaiztegi\/#breadcrumb\",\"itemListElement\":[{\"@type\":\"ListItem\",\"position\":1,\"name\":\"Inicio\",\"item\":\"https:\/\/sagardoarenlurraldea.eus\/es\/\"},{\"@type\":\"ListItem\",\"position\":2,\"name\":\"Reservar\",\"item\":\"https:\/\/sagardoarenlurraldea.eus\/es\/reservar\/\"},{\"@type\":\"ListItem\",\"position\":3,\"name\":\"Sidrer\u00eda Barkaiztegi\"}]},{\"@type\":\"WebSite\",\"@id\":\"https:\/\/sagardoarenlurraldea.eus\/es\/#website\",\"url\":\"https:\/\/sagardoarenlurraldea.eus\/es\/\",\"name\":\"Sagardoaren Lurraldea\",\"description\":\"El territorio de la sidra\",\"potentialAction\":[{\"@type\":\"SearchAction\",\"target\":{\"@type\":\"EntryPoint\",\"urlTemplate\":\"https:\/\/sagardoarenlurraldea.eus\/es\/?s={search_term_string}\"},\"query-input\":{\"@type\":\"PropertyValueSpecification\",\"valueRequired\":true,\"valueName\":\"search_term_string\"}}],\"inLanguage\":\"es\"}]}<\/script>\n<!-- \/ Yoast SEO plugin. -->","yoast_head_json":{"title":"Sidrer\u00eda Barkaiztegi - Sagardoaren Lurraldea","robots":{"index":"index","follow":"follow","max-snippet":"max-snippet:-1","max-image-preview":"max-image-preview:large","max-video-preview":"max-video-preview:-1"},"canonical":"https:\/\/sagardoarenlurraldea.eus\/es\/reservar\/donostia-san-sebastian\/sidreria-donostia-san-sebastian-barkaiztegi\/","og_locale":"es_ES","og_type":"article","og_title":"Sidrer\u00eda Barkaiztegi - Sagardoaren Lurraldea","og_description":"Sidrer\u00eda abierta todo el a\u00f1o. La tradicional y excepcional sidra Barkaiztegi se puede degustar en botella durante todo el a\u00f1o o desde los toneles directamente en temporada de sidrer\u00edas.","og_url":"https:\/\/sagardoarenlurraldea.eus\/es\/reservar\/donostia-san-sebastian\/sidreria-donostia-san-sebastian-barkaiztegi\/","og_site_name":"Sagardoaren Lurraldea","article_publisher":"https:\/\/www.facebook.com\/sagardoarenlurraldea","article_modified_time":"2023-01-03T17:05:01+00:00","og_image":[{"width":900,"height":600,"url":"https:\/\/sagardoarenlurraldea.eus\/wp-content\/uploads\/2016\/08\/SIDBAR-F00.jpg","type":"image\/jpeg"}],"twitter_card":"summary_large_image","twitter_misc":{"Tiempo de lectura":"1 minuto"},"schema":{"@context":"https:\/\/schema.org","@graph":[{"@type":"WebPage","@id":"https:\/\/sagardoarenlurraldea.eus\/es\/reservar\/donostia-san-sebastian\/sidreria-donostia-san-sebastian-barkaiztegi\/","url":"https:\/\/sagardoarenlurraldea.eus\/es\/reservar\/donostia-san-sebastian\/sidreria-donostia-san-sebastian-barkaiztegi\/","name":"Sidrer\u00eda Barkaiztegi - Sagardoaren Lurraldea","isPartOf":{"@id":"https:\/\/sagardoarenlurraldea.eus\/es\/#website"},"primaryImageOfPage":{"@id":"https:\/\/sagardoarenlurraldea.eus\/es\/reservar\/donostia-san-sebastian\/sidreria-donostia-san-sebastian-barkaiztegi\/#primaryimage"},"image":{"@id":"https:\/\/sagardoarenlurraldea.eus\/es\/reservar\/donostia-san-sebastian\/sidreria-donostia-san-sebastian-barkaiztegi\/#primaryimage"},"thumbnailUrl":"https:\/\/sagardoarenlurraldea.eus\/wp-content\/uploads\/2016\/08\/SIDBAR-F00.jpg","datePublished":"2016-08-02T08:41:14+00:00","dateModified":"2023-01-03T17:05:01+00:00","breadcrumb":{"@id":"https:\/\/sagardoarenlurraldea.eus\/es\/reservar\/donostia-san-sebastian\/sidreria-donostia-san-sebastian-barkaiztegi\/#breadcrumb"},"inLanguage":"es","potentialAction":[{"@type":"ReadAction","target":["https:\/\/sagardoarenlurraldea.eus\/es\/reservar\/donostia-san-sebastian\/sidreria-donostia-san-sebastian-barkaiztegi\/"]}]},{"@type":"ImageObject","inLanguage":"es","@id":"https:\/\/sagardoarenlurraldea.eus\/es\/reservar\/donostia-san-sebastian\/sidreria-donostia-san-sebastian-barkaiztegi\/#primaryimage","url":"https:\/\/sagardoarenlurraldea.eus\/wp-content\/uploads\/2016\/08\/SIDBAR-F00.jpg","contentUrl":"https:\/\/sagardoarenlurraldea.eus\/wp-content\/uploads\/2016\/08\/SIDBAR-F00.jpg","width":900,"height":600,"caption":"Entrada principal de la sidrer\u00eda Barkaiztegi"},{"@type":"BreadcrumbList","@id":"https:\/\/sagardoarenlurraldea.eus\/es\/reservar\/donostia-san-sebastian\/sidreria-donostia-san-sebastian-barkaiztegi\/#breadcrumb","itemListElement":[{"@type":"ListItem","position":1,"name":"Inicio","item":"https:\/\/sagardoarenlurraldea.eus\/es\/"},{"@type":"ListItem","position":2,"name":"Reservar","item":"https:\/\/sagardoarenlurraldea.eus\/es\/reservar\/"},{"@type":"ListItem","position":3,"name":"Sidrer\u00eda Barkaiztegi"}]},{"@type":"WebSite","@id":"https:\/\/sagardoarenlurraldea.eus\/es\/#website","url":"https:\/\/sagardoarenlurraldea.eus\/es\/","name":"Sagardoaren Lurraldea","description":"El territorio de la sidra","potentialAction":[{"@type":"SearchAction","target":{"@type":"EntryPoint","urlTemplate":"https:\/\/sagardoarenlurraldea.eus\/es\/?s={search_term_string}"},"query-input":{"@type":"PropertyValueSpecification","valueRequired":true,"valueName":"search_term_string"}}],"inLanguage":"es"}]}},"_links":{"self":[{"href":"https:\/\/sagardoarenlurraldea.eus\/es\/wp-json\/wp\/v2\/product\/1323","targetHints":{"allow":["GET"]}}],"collection":[{"href":"https:\/\/sagardoarenlurraldea.eus\/es\/wp-json\/wp\/v2\/product"}],"about":[{"href":"https:\/\/sagardoarenlurraldea.eus\/es\/wp-json\/wp\/v2\/types\/product"}],"replies":[{"embeddable":true,"href":"https:\/\/sagardoarenlurraldea.eus\/es\/wp-json\/wp\/v2\/comments?post=1323"}],"wp:featuredmedia":[{"embeddable":true,"href":"https:\/\/sagardoarenlurraldea.eus\/es\/wp-json\/wp\/v2\/media\/1329"}],"wp:attachment":[{"href":"https:\/\/sagardoarenlurraldea.eus\/es\/wp-json\/wp\/v2\/media?parent=1323"}],"wp:term":[{"taxonomy":"product_brand","embeddable":true,"href":"https:\/\/sagardoarenlurraldea.eus\/es\/wp-json\/wp\/v2\/product_brand?post=1323"},{"taxonomy":"product_cat","embeddable":true,"href":"https:\/\/sagardoarenlurraldea.eus\/es\/wp-json\/wp\/v2\/product_cat?post=1323"},{"taxonomy":"product_tag","embeddable":true,"href":"https:\/\/sagardoarenlurraldea.eus\/es\/wp-json\/wp\/v2\/product_tag?post=1323"}],"curies":[{"name":"wp","href":"https:\/\/api.w.org\/{rel}","templated":true}]}}