{"id":1262,"date":"2016-07-29T15:01:28","date_gmt":"2016-07-29T13:01:28","guid":{"rendered":"http:\/\/www.sagardoarenlurraldea.eus\/reservar\/sidreria-hernani-akarregi\/"},"modified":"2023-01-03T19:06:17","modified_gmt":"2023-01-03T17:06:17","slug":"sidreria-hernani-akarregi","status":"publish","type":"product","link":"https:\/\/sagardoarenlurraldea.eus\/es\/reservar\/hernani\/sidreria-hernani-akarregi\/","title":{"rendered":"Sidrer\u00eda Akarregi"},"content":{"rendered":"<h2>Descripci\u00f3n<\/h2>\n<p>Aunque la sidrer\u00eda Akarregi ya elaboraba sidra en 1.700, es el a\u00f1o 2006 cuando cambia de propietarios. Los actuales propietarios quieren mantener la esencia de una sidrer\u00eda de tradici\u00f3n, para lo que siguen elaborando sidra de la manera m\u00e1s tradicional.<\/p>\n<h2>Comidas y cenas<\/h2>\n<p><strong>En temporada<\/strong> (enero &#8211; abril): Cenas de martes a s\u00e1bado. Comidas los s\u00e1bados y domingos. Lunes cerrado.<\/p>\n<p><strong>Fuera de temporada<\/strong> (a partir de mayo): Cerrado.<\/p>\n<p>Capacidad: 130 comensales<\/p>\n<h2>Informaci\u00f3n adicional<\/h2>\n<p>Responsable: Jon Pe\u00f1a<\/p>\n<p>Direcci\u00f3n: Akerregi Bailara, 5. Hernani.<br \/>\nTfno.: 943330713<br \/>\nFax.: 943003800<br \/>\nE-mail: <a href=\"mailto:ion.pena@tecnalia.com\">ion.pena@tecnalia.com<\/a><\/p>\n","protected":false},"excerpt":{"rendered":"<p>Sidrer\u00eda abierta en temporada del txotx (enero-abril). Mantiene la esencia de una sidrer\u00eda tradicional, elaborando sidra de forma artesanal.<\/p>\n","protected":false},"featured_media":1265,"comment_status":"open","ping_status":"closed","template":"","meta":{"_acf_changed":false,"_et_pb_use_builder":"","_et_pb_old_content":"","_et_gb_content_width":""},"product_brand":[],"product_cat":[27,2152],"product_tag":[38,40,42,39,41,43,182,29,53,58,34,48,32,30,31],"class_list":{"0":"post-1262","1":"product","2":"type-product","3":"status-publish","4":"has-post-thumbnail","6":"product_cat-hernani","7":"product_cat-sidrerias","8":"product_tag-acceso-a-pie","9":"product_tag-acceso-en-autobus","10":"product_tag-acceso-en-autobus-de-linea","11":"product_tag-acceso-en-coche","12":"product_tag-acceso-en-microbus","13":"product_tag-acceso-en-tren","14":"product_tag-acceso-para-minusvalidos","15":"product_tag-comer-sentado","16":"product_tag-grupos-mayores-de-25","17":"product_tag-grupos-menores-de-25","18":"product_tag-menu-tradicional","19":"product_tag-parking","20":"product_tag-sidra-en-txotx","21":"product_tag-turno-cena","22":"product_tag-turno-comida","23":"pa_acceso-a_pie","24":"pa_acceso-autobus_de_linea","25":"pa_acceso-tren","26":"pa_caracteristicas-y-menus-grupos_mas_25","27":"pa_caracteristicas-y-menus-sidra_en_txotx","28":"dtwm_map-akarregi","30":"first","31":"instock","32":"virtual","33":"product-type-simple"},"exclude_global_add_ons":[],"addons":[],"acf":[],"yoast_head":"<!-- This site is optimized with the Yoast SEO plugin v25.4 - https:\/\/yoast.com\/wordpress\/plugins\/seo\/ -->\n<title>Sidrer\u00eda Akarregi - Sagardoaren Lurraldea<\/title>\n<meta name=\"robots\" content=\"index, follow, max-snippet:-1, max-image-preview:large, max-video-preview:-1\" \/>\n<link rel=\"canonical\" href=\"https:\/\/sagardoarenlurraldea.eus\/es\/reservar\/hernani\/sidreria-hernani-akarregi\/\" \/>\n<meta property=\"og:locale\" content=\"es_ES\" \/>\n<meta property=\"og:type\" content=\"article\" \/>\n<meta property=\"og:title\" content=\"Sidrer\u00eda Akarregi - Sagardoaren Lurraldea\" \/>\n<meta property=\"og:description\" content=\"Sidrer\u00eda abierta en temporada del txotx (enero-abril). Mantiene la esencia de una sidrer\u00eda tradicional, elaborando sidra de forma artesanal.\" \/>\n<meta property=\"og:url\" content=\"https:\/\/sagardoarenlurraldea.eus\/es\/reservar\/hernani\/sidreria-hernani-akarregi\/\" \/>\n<meta property=\"og:site_name\" content=\"Sagardoaren Lurraldea\" \/>\n<meta property=\"article:publisher\" content=\"https:\/\/www.facebook.com\/sagardoarenlurraldea\" \/>\n<meta property=\"article:modified_time\" content=\"2023-01-03T17:06:17+00:00\" \/>\n<meta property=\"og:image\" content=\"https:\/\/sagardoarenlurraldea.eus\/wp-content\/uploads\/2016\/07\/SIDAKA-F00.jpg\" \/>\n\t<meta property=\"og:image:width\" content=\"900\" \/>\n\t<meta property=\"og:image:height\" content=\"600\" \/>\n\t<meta property=\"og:image:type\" content=\"image\/jpeg\" \/>\n<meta name=\"twitter:card\" content=\"summary_large_image\" \/>\n<script type=\"application\/ld+json\" class=\"yoast-schema-graph\">{\"@context\":\"https:\/\/schema.org\",\"@graph\":[{\"@type\":\"WebPage\",\"@id\":\"https:\/\/sagardoarenlurraldea.eus\/es\/reservar\/hernani\/sidreria-hernani-akarregi\/\",\"url\":\"https:\/\/sagardoarenlurraldea.eus\/es\/reservar\/hernani\/sidreria-hernani-akarregi\/\",\"name\":\"Sidrer\u00eda Akarregi - Sagardoaren Lurraldea\",\"isPartOf\":{\"@id\":\"https:\/\/sagardoarenlurraldea.eus\/es\/#website\"},\"primaryImageOfPage\":{\"@id\":\"https:\/\/sagardoarenlurraldea.eus\/es\/reservar\/hernani\/sidreria-hernani-akarregi\/#primaryimage\"},\"image\":{\"@id\":\"https:\/\/sagardoarenlurraldea.eus\/es\/reservar\/hernani\/sidreria-hernani-akarregi\/#primaryimage\"},\"thumbnailUrl\":\"https:\/\/sagardoarenlurraldea.eus\/wp-content\/uploads\/2016\/07\/SIDAKA-F00.jpg\",\"datePublished\":\"2016-07-29T13:01:28+00:00\",\"dateModified\":\"2023-01-03T17:06:17+00:00\",\"breadcrumb\":{\"@id\":\"https:\/\/sagardoarenlurraldea.eus\/es\/reservar\/hernani\/sidreria-hernani-akarregi\/#breadcrumb\"},\"inLanguage\":\"es\",\"potentialAction\":[{\"@type\":\"ReadAction\",\"target\":[\"https:\/\/sagardoarenlurraldea.eus\/es\/reservar\/hernani\/sidreria-hernani-akarregi\/\"]}]},{\"@type\":\"ImageObject\",\"inLanguage\":\"es\",\"@id\":\"https:\/\/sagardoarenlurraldea.eus\/es\/reservar\/hernani\/sidreria-hernani-akarregi\/#primaryimage\",\"url\":\"https:\/\/sagardoarenlurraldea.eus\/wp-content\/uploads\/2016\/07\/SIDAKA-F00.jpg\",\"contentUrl\":\"https:\/\/sagardoarenlurraldea.eus\/wp-content\/uploads\/2016\/07\/SIDAKA-F00.jpg\",\"width\":900,\"height\":600,\"caption\":\"Entrada principal de la sidrer\u00eda Akarregi\"},{\"@type\":\"BreadcrumbList\",\"@id\":\"https:\/\/sagardoarenlurraldea.eus\/es\/reservar\/hernani\/sidreria-hernani-akarregi\/#breadcrumb\",\"itemListElement\":[{\"@type\":\"ListItem\",\"position\":1,\"name\":\"Inicio\",\"item\":\"https:\/\/sagardoarenlurraldea.eus\/es\/\"},{\"@type\":\"ListItem\",\"position\":2,\"name\":\"Reservar\",\"item\":\"https:\/\/sagardoarenlurraldea.eus\/es\/reservar\/\"},{\"@type\":\"ListItem\",\"position\":3,\"name\":\"Sidrer\u00eda Akarregi\"}]},{\"@type\":\"WebSite\",\"@id\":\"https:\/\/sagardoarenlurraldea.eus\/es\/#website\",\"url\":\"https:\/\/sagardoarenlurraldea.eus\/es\/\",\"name\":\"Sagardoaren Lurraldea\",\"description\":\"El territorio de la sidra\",\"potentialAction\":[{\"@type\":\"SearchAction\",\"target\":{\"@type\":\"EntryPoint\",\"urlTemplate\":\"https:\/\/sagardoarenlurraldea.eus\/es\/?s={search_term_string}\"},\"query-input\":{\"@type\":\"PropertyValueSpecification\",\"valueRequired\":true,\"valueName\":\"search_term_string\"}}],\"inLanguage\":\"es\"}]}<\/script>\n<!-- \/ Yoast SEO plugin. -->","yoast_head_json":{"title":"Sidrer\u00eda Akarregi - Sagardoaren Lurraldea","robots":{"index":"index","follow":"follow","max-snippet":"max-snippet:-1","max-image-preview":"max-image-preview:large","max-video-preview":"max-video-preview:-1"},"canonical":"https:\/\/sagardoarenlurraldea.eus\/es\/reservar\/hernani\/sidreria-hernani-akarregi\/","og_locale":"es_ES","og_type":"article","og_title":"Sidrer\u00eda Akarregi - Sagardoaren Lurraldea","og_description":"Sidrer\u00eda abierta en temporada del txotx (enero-abril). Mantiene la esencia de una sidrer\u00eda tradicional, elaborando sidra de forma artesanal.","og_url":"https:\/\/sagardoarenlurraldea.eus\/es\/reservar\/hernani\/sidreria-hernani-akarregi\/","og_site_name":"Sagardoaren Lurraldea","article_publisher":"https:\/\/www.facebook.com\/sagardoarenlurraldea","article_modified_time":"2023-01-03T17:06:17+00:00","og_image":[{"width":900,"height":600,"url":"https:\/\/sagardoarenlurraldea.eus\/wp-content\/uploads\/2016\/07\/SIDAKA-F00.jpg","type":"image\/jpeg"}],"twitter_card":"summary_large_image","schema":{"@context":"https:\/\/schema.org","@graph":[{"@type":"WebPage","@id":"https:\/\/sagardoarenlurraldea.eus\/es\/reservar\/hernani\/sidreria-hernani-akarregi\/","url":"https:\/\/sagardoarenlurraldea.eus\/es\/reservar\/hernani\/sidreria-hernani-akarregi\/","name":"Sidrer\u00eda Akarregi - Sagardoaren Lurraldea","isPartOf":{"@id":"https:\/\/sagardoarenlurraldea.eus\/es\/#website"},"primaryImageOfPage":{"@id":"https:\/\/sagardoarenlurraldea.eus\/es\/reservar\/hernani\/sidreria-hernani-akarregi\/#primaryimage"},"image":{"@id":"https:\/\/sagardoarenlurraldea.eus\/es\/reservar\/hernani\/sidreria-hernani-akarregi\/#primaryimage"},"thumbnailUrl":"https:\/\/sagardoarenlurraldea.eus\/wp-content\/uploads\/2016\/07\/SIDAKA-F00.jpg","datePublished":"2016-07-29T13:01:28+00:00","dateModified":"2023-01-03T17:06:17+00:00","breadcrumb":{"@id":"https:\/\/sagardoarenlurraldea.eus\/es\/reservar\/hernani\/sidreria-hernani-akarregi\/#breadcrumb"},"inLanguage":"es","potentialAction":[{"@type":"ReadAction","target":["https:\/\/sagardoarenlurraldea.eus\/es\/reservar\/hernani\/sidreria-hernani-akarregi\/"]}]},{"@type":"ImageObject","inLanguage":"es","@id":"https:\/\/sagardoarenlurraldea.eus\/es\/reservar\/hernani\/sidreria-hernani-akarregi\/#primaryimage","url":"https:\/\/sagardoarenlurraldea.eus\/wp-content\/uploads\/2016\/07\/SIDAKA-F00.jpg","contentUrl":"https:\/\/sagardoarenlurraldea.eus\/wp-content\/uploads\/2016\/07\/SIDAKA-F00.jpg","width":900,"height":600,"caption":"Entrada principal de la sidrer\u00eda Akarregi"},{"@type":"BreadcrumbList","@id":"https:\/\/sagardoarenlurraldea.eus\/es\/reservar\/hernani\/sidreria-hernani-akarregi\/#breadcrumb","itemListElement":[{"@type":"ListItem","position":1,"name":"Inicio","item":"https:\/\/sagardoarenlurraldea.eus\/es\/"},{"@type":"ListItem","position":2,"name":"Reservar","item":"https:\/\/sagardoarenlurraldea.eus\/es\/reservar\/"},{"@type":"ListItem","position":3,"name":"Sidrer\u00eda Akarregi"}]},{"@type":"WebSite","@id":"https:\/\/sagardoarenlurraldea.eus\/es\/#website","url":"https:\/\/sagardoarenlurraldea.eus\/es\/","name":"Sagardoaren Lurraldea","description":"El territorio de la sidra","potentialAction":[{"@type":"SearchAction","target":{"@type":"EntryPoint","urlTemplate":"https:\/\/sagardoarenlurraldea.eus\/es\/?s={search_term_string}"},"query-input":{"@type":"PropertyValueSpecification","valueRequired":true,"valueName":"search_term_string"}}],"inLanguage":"es"}]}},"_links":{"self":[{"href":"https:\/\/sagardoarenlurraldea.eus\/es\/wp-json\/wp\/v2\/product\/1262","targetHints":{"allow":["GET"]}}],"collection":[{"href":"https:\/\/sagardoarenlurraldea.eus\/es\/wp-json\/wp\/v2\/product"}],"about":[{"href":"https:\/\/sagardoarenlurraldea.eus\/es\/wp-json\/wp\/v2\/types\/product"}],"replies":[{"embeddable":true,"href":"https:\/\/sagardoarenlurraldea.eus\/es\/wp-json\/wp\/v2\/comments?post=1262"}],"wp:featuredmedia":[{"embeddable":true,"href":"https:\/\/sagardoarenlurraldea.eus\/es\/wp-json\/wp\/v2\/media\/1265"}],"wp:attachment":[{"href":"https:\/\/sagardoarenlurraldea.eus\/es\/wp-json\/wp\/v2\/media?parent=1262"}],"wp:term":[{"taxonomy":"product_brand","embeddable":true,"href":"https:\/\/sagardoarenlurraldea.eus\/es\/wp-json\/wp\/v2\/product_brand?post=1262"},{"taxonomy":"product_cat","embeddable":true,"href":"https:\/\/sagardoarenlurraldea.eus\/es\/wp-json\/wp\/v2\/product_cat?post=1262"},{"taxonomy":"product_tag","embeddable":true,"href":"https:\/\/sagardoarenlurraldea.eus\/es\/wp-json\/wp\/v2\/product_tag?post=1262"}],"curies":[{"name":"wp","href":"https:\/\/api.w.org\/{rel}","templated":true}]}}