{"id":120496,"date":"2021-10-30T12:17:10","date_gmt":"2019-09-06T10:17:10","guid":{"rendered":"http:\/\/www.sagardoarenlurraldea.eus\/reservar\/kategoria-gabea\/excursiones\/"},"modified":"2023-12-01T15:06:51","modified_gmt":"2023-12-01T13:06:51","slug":"actividades","status":"publish","type":"product","link":"https:\/\/sagardoarenlurraldea.eus\/es\/reservar\/sagardo-forum\/actividades\/","title":{"rendered":"Actividades"},"content":{"rendered":"","protected":false},"excerpt":{"rendered":"<ol>\n<li><strong>Cena en el Restaurante LABe<\/strong> (Donostia): cena maridada con sidras locales e internacionales.\n<ul>\n<li><strong>Lugar<\/strong>: <a href=\"https:\/\/maps.app.goo.gl\/NMn1G8CgunshGvrG8\">Restaurante LABe <\/a>(Donostia)<\/li>\n<li><strong>D\u00eda:<\/strong> Jueves, 30 de noviembre<\/li>\n<li><strong>Hora<\/strong>: 20:30<\/li>\n<li><strong>Precio:<\/strong> 70\u20ac<\/li>\n<li><a href=\"https:\/\/sagardoarenlurraldea.eus\/es\/sagardo-forum\/cena-labe\/\">Ver el men\u00fa<\/a><\/li>\n<\/ul>\n<\/li>\n<li><strong>Cena \u00abRitual del Txotx\u00bb en la sidrer\u00eda Alorrenea <\/strong>(Astigarraga): cena para disfrutar del rito del txotx y del men\u00fa de sidrer\u00eda.\n<ul>\n<li><strong>Lugar<\/strong>: <a href=\"https:\/\/www.google.com\/maps\/place\/\/data=!4m2!3m1!1s0xd51af090bc57673:0x66442e6ca13a7e91?source=g.page.share\">Sidrer\u00eda Alorrenea <\/a>(Astigarraga)<\/li>\n<li><strong>D\u00eda:<\/strong> Ostirala, 1 de diciembre<\/li>\n<li><strong>Hora: <\/strong>20:30<\/li>\n<li><strong>Precio:<\/strong> 39\u20ac<\/li>\n<\/ul>\n<\/li>\n<\/ol>\n","protected":false},"featured_media":174013,"comment_status":"open","ping_status":"closed","template":"","meta":{"_acf_changed":false,"_et_pb_use_builder":"","_et_pb_old_content":"","_et_gb_content_width":""},"product_brand":[],"product_cat":[2674],"product_tag":[],"class_list":{"0":"post-120496","1":"product","2":"type-product","3":"status-publish","4":"has-post-thumbnail","6":"product_cat-sagardo-forum","8":"first","9":"instock","10":"shipping-taxable","11":"purchasable","12":"product-type-variable"},"exclude_global_add_ons":[],"addons":[],"acf":[],"yoast_head":"<!-- This site is optimized with the Yoast SEO plugin v25.4 - https:\/\/yoast.com\/wordpress\/plugins\/seo\/ -->\n<title>Actividades - Sagardoaren Lurraldea<\/title>\n<meta name=\"robots\" content=\"index, follow, max-snippet:-1, max-image-preview:large, max-video-preview:-1\" \/>\n<link rel=\"canonical\" href=\"https:\/\/sagardoarenlurraldea.eus\/es\/reservar\/sagardo-forum\/actividades\/\" \/>\n<meta property=\"og:locale\" content=\"es_ES\" \/>\n<meta property=\"og:type\" content=\"article\" \/>\n<meta property=\"og:title\" content=\"Actividades - Sagardoaren Lurraldea\" \/>\n<meta property=\"og:description\" content=\"Cena en el Restaurante LABe (Donostia): cena maridada con sidras locales e internacionales.   Lugar: Restaurante LABe (Donostia)  D\u00eda: Jueves, 30 de noviembre  Hora: 20:30  Precio: 70\u20ac  Ver el men\u00fa    Cena &quot;Ritual del Txotx&quot; en la sidrer\u00eda Alorrenea (Astigarraga): cena para disfrutar del rito del txotx y del men\u00fa de sidrer\u00eda.   Lugar: Sidrer\u00eda Alorrenea (Astigarraga)  D\u00eda: Ostirala, 1 de diciembre  Hora: 20:30  Precio: 39\u20ac\" \/>\n<meta property=\"og:url\" content=\"https:\/\/sagardoarenlurraldea.eus\/es\/reservar\/sagardo-forum\/actividades\/\" \/>\n<meta property=\"og:site_name\" content=\"Sagardoaren Lurraldea\" \/>\n<meta property=\"article:publisher\" content=\"https:\/\/www.facebook.com\/sagardoarenlurraldea\" \/>\n<meta property=\"article:modified_time\" content=\"2023-12-01T13:06:51+00:00\" \/>\n<meta property=\"og:image\" content=\"https:\/\/sagardoarenlurraldea.eus\/wp-content\/uploads\/2019\/09\/Jarduerak-398x391-1.jpg\" \/>\n\t<meta property=\"og:image:width\" content=\"398\" \/>\n\t<meta property=\"og:image:height\" content=\"391\" \/>\n\t<meta property=\"og:image:type\" content=\"image\/jpeg\" \/>\n<meta name=\"twitter:card\" content=\"summary_large_image\" \/>\n<meta name=\"twitter:label1\" content=\"Tiempo de lectura\" \/>\n\t<meta name=\"twitter:data1\" content=\"3 minutos\" \/>\n<script type=\"application\/ld+json\" class=\"yoast-schema-graph\">{\"@context\":\"https:\/\/schema.org\",\"@graph\":[{\"@type\":\"WebPage\",\"@id\":\"https:\/\/sagardoarenlurraldea.eus\/es\/reservar\/sagardo-forum\/actividades\/\",\"url\":\"https:\/\/sagardoarenlurraldea.eus\/es\/reservar\/sagardo-forum\/actividades\/\",\"name\":\"Actividades - Sagardoaren Lurraldea\",\"isPartOf\":{\"@id\":\"https:\/\/sagardoarenlurraldea.eus\/es\/#website\"},\"primaryImageOfPage\":{\"@id\":\"https:\/\/sagardoarenlurraldea.eus\/es\/reservar\/sagardo-forum\/actividades\/#primaryimage\"},\"image\":{\"@id\":\"https:\/\/sagardoarenlurraldea.eus\/es\/reservar\/sagardo-forum\/actividades\/#primaryimage\"},\"thumbnailUrl\":\"https:\/\/sagardoarenlurraldea.eus\/wp-content\/uploads\/2019\/09\/Jarduerak-398x391-1.jpg\",\"datePublished\":\"2019-09-06T10:17:10+00:00\",\"dateModified\":\"2023-12-01T13:06:51+00:00\",\"breadcrumb\":{\"@id\":\"https:\/\/sagardoarenlurraldea.eus\/es\/reservar\/sagardo-forum\/actividades\/#breadcrumb\"},\"inLanguage\":\"es\",\"potentialAction\":[{\"@type\":\"ReadAction\",\"target\":[\"https:\/\/sagardoarenlurraldea.eus\/es\/reservar\/sagardo-forum\/actividades\/\"]}]},{\"@type\":\"ImageObject\",\"inLanguage\":\"es\",\"@id\":\"https:\/\/sagardoarenlurraldea.eus\/es\/reservar\/sagardo-forum\/actividades\/#primaryimage\",\"url\":\"https:\/\/sagardoarenlurraldea.eus\/wp-content\/uploads\/2019\/09\/Jarduerak-398x391-1.jpg\",\"contentUrl\":\"https:\/\/sagardoarenlurraldea.eus\/wp-content\/uploads\/2019\/09\/Jarduerak-398x391-1.jpg\",\"width\":398,\"height\":391},{\"@type\":\"BreadcrumbList\",\"@id\":\"https:\/\/sagardoarenlurraldea.eus\/es\/reservar\/sagardo-forum\/actividades\/#breadcrumb\",\"itemListElement\":[{\"@type\":\"ListItem\",\"position\":1,\"name\":\"Inicio\",\"item\":\"https:\/\/sagardoarenlurraldea.eus\/es\/\"},{\"@type\":\"ListItem\",\"position\":2,\"name\":\"Reservar\",\"item\":\"https:\/\/sagardoarenlurraldea.eus\/es\/reservar\/\"},{\"@type\":\"ListItem\",\"position\":3,\"name\":\"Actividades\"}]},{\"@type\":\"WebSite\",\"@id\":\"https:\/\/sagardoarenlurraldea.eus\/es\/#website\",\"url\":\"https:\/\/sagardoarenlurraldea.eus\/es\/\",\"name\":\"Sagardoaren Lurraldea\",\"description\":\"El territorio de la sidra\",\"potentialAction\":[{\"@type\":\"SearchAction\",\"target\":{\"@type\":\"EntryPoint\",\"urlTemplate\":\"https:\/\/sagardoarenlurraldea.eus\/es\/?s={search_term_string}\"},\"query-input\":{\"@type\":\"PropertyValueSpecification\",\"valueRequired\":true,\"valueName\":\"search_term_string\"}}],\"inLanguage\":\"es\"}]}<\/script>\n<!-- \/ Yoast SEO plugin. -->","yoast_head_json":{"title":"Actividades - Sagardoaren Lurraldea","robots":{"index":"index","follow":"follow","max-snippet":"max-snippet:-1","max-image-preview":"max-image-preview:large","max-video-preview":"max-video-preview:-1"},"canonical":"https:\/\/sagardoarenlurraldea.eus\/es\/reservar\/sagardo-forum\/actividades\/","og_locale":"es_ES","og_type":"article","og_title":"Actividades - Sagardoaren Lurraldea","og_description":"Cena en el Restaurante LABe (Donostia): cena maridada con sidras locales e internacionales.   Lugar: Restaurante LABe (Donostia)  D\u00eda: Jueves, 30 de noviembre  Hora: 20:30  Precio: 70\u20ac  Ver el men\u00fa    Cena \"Ritual del Txotx\" en la sidrer\u00eda Alorrenea (Astigarraga): cena para disfrutar del rito del txotx y del men\u00fa de sidrer\u00eda.   Lugar: Sidrer\u00eda Alorrenea (Astigarraga)  D\u00eda: Ostirala, 1 de diciembre  Hora: 20:30  Precio: 39\u20ac","og_url":"https:\/\/sagardoarenlurraldea.eus\/es\/reservar\/sagardo-forum\/actividades\/","og_site_name":"Sagardoaren Lurraldea","article_publisher":"https:\/\/www.facebook.com\/sagardoarenlurraldea","article_modified_time":"2023-12-01T13:06:51+00:00","og_image":[{"width":398,"height":391,"url":"https:\/\/sagardoarenlurraldea.eus\/wp-content\/uploads\/2019\/09\/Jarduerak-398x391-1.jpg","type":"image\/jpeg"}],"twitter_card":"summary_large_image","twitter_misc":{"Tiempo de lectura":"3 minutos"},"schema":{"@context":"https:\/\/schema.org","@graph":[{"@type":"WebPage","@id":"https:\/\/sagardoarenlurraldea.eus\/es\/reservar\/sagardo-forum\/actividades\/","url":"https:\/\/sagardoarenlurraldea.eus\/es\/reservar\/sagardo-forum\/actividades\/","name":"Actividades - Sagardoaren Lurraldea","isPartOf":{"@id":"https:\/\/sagardoarenlurraldea.eus\/es\/#website"},"primaryImageOfPage":{"@id":"https:\/\/sagardoarenlurraldea.eus\/es\/reservar\/sagardo-forum\/actividades\/#primaryimage"},"image":{"@id":"https:\/\/sagardoarenlurraldea.eus\/es\/reservar\/sagardo-forum\/actividades\/#primaryimage"},"thumbnailUrl":"https:\/\/sagardoarenlurraldea.eus\/wp-content\/uploads\/2019\/09\/Jarduerak-398x391-1.jpg","datePublished":"2019-09-06T10:17:10+00:00","dateModified":"2023-12-01T13:06:51+00:00","breadcrumb":{"@id":"https:\/\/sagardoarenlurraldea.eus\/es\/reservar\/sagardo-forum\/actividades\/#breadcrumb"},"inLanguage":"es","potentialAction":[{"@type":"ReadAction","target":["https:\/\/sagardoarenlurraldea.eus\/es\/reservar\/sagardo-forum\/actividades\/"]}]},{"@type":"ImageObject","inLanguage":"es","@id":"https:\/\/sagardoarenlurraldea.eus\/es\/reservar\/sagardo-forum\/actividades\/#primaryimage","url":"https:\/\/sagardoarenlurraldea.eus\/wp-content\/uploads\/2019\/09\/Jarduerak-398x391-1.jpg","contentUrl":"https:\/\/sagardoarenlurraldea.eus\/wp-content\/uploads\/2019\/09\/Jarduerak-398x391-1.jpg","width":398,"height":391},{"@type":"BreadcrumbList","@id":"https:\/\/sagardoarenlurraldea.eus\/es\/reservar\/sagardo-forum\/actividades\/#breadcrumb","itemListElement":[{"@type":"ListItem","position":1,"name":"Inicio","item":"https:\/\/sagardoarenlurraldea.eus\/es\/"},{"@type":"ListItem","position":2,"name":"Reservar","item":"https:\/\/sagardoarenlurraldea.eus\/es\/reservar\/"},{"@type":"ListItem","position":3,"name":"Actividades"}]},{"@type":"WebSite","@id":"https:\/\/sagardoarenlurraldea.eus\/es\/#website","url":"https:\/\/sagardoarenlurraldea.eus\/es\/","name":"Sagardoaren Lurraldea","description":"El territorio de la sidra","potentialAction":[{"@type":"SearchAction","target":{"@type":"EntryPoint","urlTemplate":"https:\/\/sagardoarenlurraldea.eus\/es\/?s={search_term_string}"},"query-input":{"@type":"PropertyValueSpecification","valueRequired":true,"valueName":"search_term_string"}}],"inLanguage":"es"}]}},"_links":{"self":[{"href":"https:\/\/sagardoarenlurraldea.eus\/es\/wp-json\/wp\/v2\/product\/120496","targetHints":{"allow":["GET"]}}],"collection":[{"href":"https:\/\/sagardoarenlurraldea.eus\/es\/wp-json\/wp\/v2\/product"}],"about":[{"href":"https:\/\/sagardoarenlurraldea.eus\/es\/wp-json\/wp\/v2\/types\/product"}],"replies":[{"embeddable":true,"href":"https:\/\/sagardoarenlurraldea.eus\/es\/wp-json\/wp\/v2\/comments?post=120496"}],"wp:featuredmedia":[{"embeddable":true,"href":"https:\/\/sagardoarenlurraldea.eus\/es\/wp-json\/wp\/v2\/media\/174013"}],"wp:attachment":[{"href":"https:\/\/sagardoarenlurraldea.eus\/es\/wp-json\/wp\/v2\/media?parent=120496"}],"wp:term":[{"taxonomy":"product_brand","embeddable":true,"href":"https:\/\/sagardoarenlurraldea.eus\/es\/wp-json\/wp\/v2\/product_brand?post=120496"},{"taxonomy":"product_cat","embeddable":true,"href":"https:\/\/sagardoarenlurraldea.eus\/es\/wp-json\/wp\/v2\/product_cat?post=120496"},{"taxonomy":"product_tag","embeddable":true,"href":"https:\/\/sagardoarenlurraldea.eus\/es\/wp-json\/wp\/v2\/product_tag?post=120496"}],"curies":[{"name":"wp","href":"https:\/\/api.w.org\/{rel}","templated":true}]}}