{"id":98,"date":"2016-05-09T13:15:41","date_gmt":"2016-05-09T11:15:41","guid":{"rendered":"http:\/\/www.sagardoarenlurraldea.eus\/?page_id=98"},"modified":"2025-08-04T12:36:58","modified_gmt":"2025-08-04T10:36:58","slug":"rutas-seleccionadas","status":"publish","type":"page","link":"https:\/\/sagardoarenlurraldea.eus\/es\/experiencias\/rutas-seleccionadas\/","title":{"rendered":"Rutas seleccionadas"},"content":{"rendered":"<p><div class=\"et_pb_section et_pb_section_0 \u00bbinterior\u00bb et_pb_with_background et_section_regular\" >\n\t\t\t\t\n\t\t\t\t\n\t\t\t\t\n\t\t\t\t\n\t\t\t\t\n\t\t\t\t\n\t\t\t\t<div class=\"et_pb_row et_pb_row_0 \u00bbcontenedor\u00bb\">\n\t\t\t\t<div class=\"et_pb_column et_pb_column_\u00bb4_4&#8243; et_pb_column_0  et_pb_css_mix_blend_mode_passthrough\">\n\t\t\t\t\n\t\t\t\t\n\t\t\t\t\n\t\t\t\t\n\t\t\t\t<div class=\"et_pb_module et_pb_text et_pb_text_0 \u00bbintro_rutas\u00bb  et_pb_text_align_left et_pb_bg_layout_light\">\n\t\t\t\t\n\t\t\t\t\n\t\t\t\t\n\t\t\t\t\n\t\t\t\t<div class=\"et_pb_text_inner\"><h2>Propuesta de rutas a explorar en el Territorio de la Sidra<\/h2>\n<p>Los rincones m\u00e1s bonitos y una selecci\u00f3n de las mejores rutas que puedes disfrutar en Sagardoaren Lurraldea \u2013 Territorio de la Sidra. Herrer\u00edas, antiguos fuertes, rios,\u2026 enclaves con historia que te sorprender\u00e1n. Explora nuestras propuestas para disfrutar de nuestro territorio <strong><span class=\"destacado-rojo\">a tan solo 15 minutos de San Sebasti\u00e1n<\/span><\/strong>.<\/div>\n\t\t\t<\/div><div class=\"et_pb_module et_pb_code et_pb_code_0\">\n\t\t\t\t\n\t\t\t\t\n\t\t\t\t\n\t\t\t\t\n\t\t\t\t<div class=\"et_pb_code_inner\">\n  <div class=\"rutas_lista\">\n\t\t<img loading=\"lazy\" decoding=\"async\" width=\"800\" height=\"600\" src=\"https:\/\/sagardoarenlurraldea.eus\/wp-content\/uploads\/2016\/08\/El-paseo-de-Laia.jpg\" class=\"attachment-full size-full wp-post-image\" alt=\"\" srcset=\"https:\/\/sagardoarenlurraldea.eus\/wp-content\/uploads\/2016\/08\/El-paseo-de-Laia.jpg 800w, https:\/\/sagardoarenlurraldea.eus\/wp-content\/uploads\/2016\/08\/El-paseo-de-Laia-400x300.jpg 400w, https:\/\/sagardoarenlurraldea.eus\/wp-content\/uploads\/2016\/08\/El-paseo-de-Laia-510x383.jpg 510w, https:\/\/sagardoarenlurraldea.eus\/wp-content\/uploads\/2016\/08\/El-paseo-de-Laia-300x225.jpg 300w, https:\/\/sagardoarenlurraldea.eus\/wp-content\/uploads\/2016\/08\/El-paseo-de-Laia-768x576.jpg 768w\" sizes=\"(max-width: 800px) 100vw, 800px\" \/>\n\t<div class=\"content_ruta\">\n\t\t<h2>El paseo de Laia<\/h2>\n\t\t<p>A trav\u00e9s de este recorrido podr\u00e1s adentrarte en el espacio natural de Santa B\u00e1rbara y conocer diferentes elementos culturales relacionados con el pueblo de Hernani. Laia, una chica de Hernani, te guiar\u00e1 durante toda la aventura.<\/p> \n\t\t<div class=\"highlights\">\n\t\t\t<p class=\"lo_mejor\"><span>Lo mejor:<\/span> Descubrir el entorno del monte Santa B\u00e1rbara vinculando el centro hist\u00f3rico, la naturaleza, el deporte, la orientaci\u00f3n, la observaci\u00f3n y la cultura.<\/p> \n\t\t\t<p class=\"ubicacion\"><span>Ubicaci\u00f3n:<\/span> Punto de Informaci\u00f3n tur\u00edstica de Hernani - Hernani<\/p> \n\t\t<\/div>\t\n\t\t<a href=\"https:\/\/sagardoarenlurraldea.eus\/es\/experiencias\/rutas-seleccionadas\/el-paseo-de-laia\/\" class=\"et_pb_button\">M\u00e1s informaci\u00f3n<\/a>\n\t<\/div>\n<\/div>\n\n\n  <div class=\"rutas_lista\">\n\t\t<img loading=\"lazy\" decoding=\"async\" width=\"800\" height=\"543\" src=\"https:\/\/sagardoarenlurraldea.eus\/wp-content\/uploads\/2017\/12\/Zumeta-1.jpg\" class=\"attachment-full size-full wp-post-image\" alt=\"\" srcset=\"https:\/\/sagardoarenlurraldea.eus\/wp-content\/uploads\/2017\/12\/Zumeta-1.jpg 800w, https:\/\/sagardoarenlurraldea.eus\/wp-content\/uploads\/2017\/12\/Zumeta-1-510x346.jpg 510w, https:\/\/sagardoarenlurraldea.eus\/wp-content\/uploads\/2017\/12\/Zumeta-1-300x204.jpg 300w, https:\/\/sagardoarenlurraldea.eus\/wp-content\/uploads\/2017\/12\/Zumeta-1-768x521.jpg 768w\" sizes=\"(max-width: 800px) 100vw, 800px\" \/>\n\t<div class=\"content_ruta\">\n\t\t<h2>Recorrido \"Harria Hitz\"<\/h2>\n\t\t<p>El itinerario Harria Hitz tiene por objetivo dar a conocer el papel jugado por Usurbil en la recuperaci\u00f3n de la cultura vasca contempor\u00e1nea por medio de diversos elementos que pueden contemplarse en el casco urbano.<\/p> \n\t\t<div class=\"highlights\">\n\t\t\t<p class=\"lo_mejor\"><span>Lo mejor:<\/span> Descubrir la historia de Usurbil en la recuperaci\u00f3n de la cultura vasca a trav\u00e9s de esculturas y lugaren emblem\u00e1ticos<\/p> \n\t\t\t<p class=\"ubicacion\"><span>Ubicaci\u00f3n:<\/span> Usurbil<\/p> \n\t\t<\/div>\t\n\t\t<a href=\"https:\/\/sagardoarenlurraldea.eus\/es\/experiencias\/rutas-seleccionadas\/harria-hitz-usurbil\/\" class=\"et_pb_button\">M\u00e1s informaci\u00f3n<\/a>\n\t<\/div>\n<\/div>\n\n\n  <div class=\"rutas_lista\">\n\t\t<img loading=\"lazy\" decoding=\"async\" width=\"800\" height=\"600\" src=\"https:\/\/sagardoarenlurraldea.eus\/wp-content\/uploads\/2016\/08\/kayak-oria.jpg\" class=\"attachment-full size-full wp-post-image\" alt=\"\" srcset=\"https:\/\/sagardoarenlurraldea.eus\/wp-content\/uploads\/2016\/08\/kayak-oria.jpg 800w, https:\/\/sagardoarenlurraldea.eus\/wp-content\/uploads\/2016\/08\/kayak-oria-400x300.jpg 400w, https:\/\/sagardoarenlurraldea.eus\/wp-content\/uploads\/2016\/08\/kayak-oria-510x383.jpg 510w, https:\/\/sagardoarenlurraldea.eus\/wp-content\/uploads\/2016\/08\/kayak-oria-300x225.jpg 300w, https:\/\/sagardoarenlurraldea.eus\/wp-content\/uploads\/2016\/08\/kayak-oria-768x576.jpg 768w\" sizes=\"(max-width: 800px) 100vw, 800px\" \/>\n\t<div class=\"content_ruta\">\n\t\t<h2>Kayak en el r\u00edo Oria<\/h2>\n\t\t<p>La r\u00eda del Or\u00eda es el escenario perfecto para entrenarnos en el remo, no en vano es aqu\u00ed donde entrenen los remeros de la trainera de Orio, una actividad de iniciaci\u00f3n adecuada para toda la familia.<\/p> \n\t\t<div class=\"highlights\">\n\t\t\t<p class=\"lo_mejor\"><span>Lo mejor:<\/span> Realizar una actividad deportiva en el r\u00edo y disfrutar del precioso paisaje que nos ofrece las orillas del r\u00edo Oria, cuna de antiguos astilleros.<\/p> \n\t\t\t<p class=\"ubicacion\"><span>Ubicaci\u00f3n:<\/span> Plaza del Ayuntamiento de Orio - Orio<\/p> \n\t\t<\/div>\t\n\t\t<a href=\"https:\/\/sagardoarenlurraldea.eus\/es\/experiencias\/rutas-seleccionadas\/kayak-en-el-rio-oria\/\" class=\"et_pb_button\">M\u00e1s informaci\u00f3n<\/a>\n\t<\/div>\n<\/div>\n\n\n  <div class=\"rutas_lista\">\n\t\t<img loading=\"lazy\" decoding=\"async\" width=\"800\" height=\"600\" src=\"https:\/\/sagardoarenlurraldea.eus\/wp-content\/uploads\/2016\/08\/Fuerte-de-San-Marcos.jpg\" class=\"attachment-full size-full wp-post-image\" alt=\"\" srcset=\"https:\/\/sagardoarenlurraldea.eus\/wp-content\/uploads\/2016\/08\/Fuerte-de-San-Marcos.jpg 800w, https:\/\/sagardoarenlurraldea.eus\/wp-content\/uploads\/2016\/08\/Fuerte-de-San-Marcos-400x300.jpg 400w, https:\/\/sagardoarenlurraldea.eus\/wp-content\/uploads\/2016\/08\/Fuerte-de-San-Marcos-510x383.jpg 510w, https:\/\/sagardoarenlurraldea.eus\/wp-content\/uploads\/2016\/08\/Fuerte-de-San-Marcos-300x225.jpg 300w, https:\/\/sagardoarenlurraldea.eus\/wp-content\/uploads\/2016\/08\/Fuerte-de-San-Marcos-768x576.jpg 768w\" sizes=\"(max-width: 800px) 100vw, 800px\" \/>\n\t<div class=\"content_ruta\">\n\t\t<h2>Fuerte de San Marcos<\/h2>\n\t\t<p>El Fuerte de San Marcos est\u00e1 ubicado en un lugar privilegiado, a menos de 10km de Donostia-San Sebasti\u00e1n, y enmarcado en plena naturaleza. Sin duda alguna es el mirador por excelencia de la comarca de Oarsoaldea. <\/p> \n\t\t<div class=\"highlights\">\n\t\t\t<p class=\"lo_mejor\"><span>Lo mejor:<\/span> Disfrutar de las vistas que ofrece este mirador a las bah\u00edas de la Concha, Pasaia y Txingudi.<\/p> \n\t\t\t<p class=\"ubicacion\"><span>Ubicaci\u00f3n:<\/span> Camino San Marcos \u2013 Errenteria<\/p> \n\t\t<\/div>\t\n\t\t<a href=\"https:\/\/sagardoarenlurraldea.eus\/es\/experiencias\/rutas-seleccionadas\/fuerte-de-san-marcos\/\" class=\"et_pb_button\">M\u00e1s informaci\u00f3n<\/a>\n\t<\/div>\n<\/div>\n\n\n  <div class=\"rutas_lista\">\n\t\t<img loading=\"lazy\" decoding=\"async\" width=\"1903\" height=\"220\" src=\"https:\/\/sagardoarenlurraldea.eus\/wp-content\/uploads\/2016\/05\/Cabecera-Experiencias-2.jpg\" class=\"attachment-full size-full wp-post-image\" alt=\"\" srcset=\"https:\/\/sagardoarenlurraldea.eus\/wp-content\/uploads\/2016\/05\/Cabecera-Experiencias-2.jpg 1903w, https:\/\/sagardoarenlurraldea.eus\/wp-content\/uploads\/2016\/05\/Cabecera-Experiencias-2-510x59.jpg 510w, https:\/\/sagardoarenlurraldea.eus\/wp-content\/uploads\/2016\/05\/Cabecera-Experiencias-2-300x35.jpg 300w, https:\/\/sagardoarenlurraldea.eus\/wp-content\/uploads\/2016\/05\/Cabecera-Experiencias-2-768x89.jpg 768w, https:\/\/sagardoarenlurraldea.eus\/wp-content\/uploads\/2016\/05\/Cabecera-Experiencias-2-1024x118.jpg 1024w, https:\/\/sagardoarenlurraldea.eus\/wp-content\/uploads\/2016\/05\/Cabecera-Experiencias-2-1080x125.jpg 1080w\" sizes=\"(max-width: 1903px) 100vw, 1903px\" \/>\n\t<div class=\"content_ruta\">\n\t\t<h2>Otras propuestas cerca de aqu\u00ed<\/h2>\n\t\t<p>Museos gastron\u00f3micos - A menos de 1 hora Caser\u00edo Museo IgartubeitiEs un magn\u00edfico exponente de la Edad de Oro del caser\u00edo vasco y de la<\/p> \n\t\t<div class=\"highlights\">\n\t\t\t<p class=\"lo_mejor\"><span>Lo mejor:<\/span> <\/p> \n\t\t\t<p class=\"ubicacion\"><span>Ubicaci\u00f3n:<\/span> <\/p> \n\t\t<\/div>\t\n\t\t<a href=\"https:\/\/sagardoarenlurraldea.eus\/es\/experiencias\/rutas-seleccionadas\/otras-propuestas-cerca-de-aqui\/\" class=\"et_pb_button\">M\u00e1s informaci\u00f3n<\/a>\n\t<\/div>\n<\/div>\n\n\n  <div class=\"rutas_lista\">\n\t\t<img loading=\"lazy\" decoding=\"async\" width=\"800\" height=\"600\" src=\"https:\/\/sagardoarenlurraldea.eus\/wp-content\/uploads\/2016\/08\/Ruta-del-Faro-de-la-plata.jpeg\" class=\"attachment-full size-full wp-post-image\" alt=\"\" srcset=\"https:\/\/sagardoarenlurraldea.eus\/wp-content\/uploads\/2016\/08\/Ruta-del-Faro-de-la-plata.jpeg 800w, https:\/\/sagardoarenlurraldea.eus\/wp-content\/uploads\/2016\/08\/Ruta-del-Faro-de-la-plata-400x300.jpeg 400w, https:\/\/sagardoarenlurraldea.eus\/wp-content\/uploads\/2016\/08\/Ruta-del-Faro-de-la-plata-510x383.jpeg 510w, https:\/\/sagardoarenlurraldea.eus\/wp-content\/uploads\/2016\/08\/Ruta-del-Faro-de-la-plata-300x225.jpeg 300w, https:\/\/sagardoarenlurraldea.eus\/wp-content\/uploads\/2016\/08\/Ruta-del-Faro-de-la-plata-768x576.jpeg 768w\" sizes=\"(max-width: 800px) 100vw, 800px\" \/>\n\t<div class=\"content_ruta\">\n\t\t<h2>Ruta del Faro de la Plata<\/h2>\n\t\t<p>Un bonito recorrido a pie que nos permite atravesar el monte costero desde el barrio de Gros hasta Pasaia en un par de horas. A un paso de las calles de la capital donostiarra y del activo puerto de Pasaia, el monte Ulia es un bello lugar desde donde se puede disfrutar de las vistas al mar. <\/p> \n\t\t<div class=\"highlights\">\n\t\t\t<p class=\"lo_mejor\"><span>Lo mejor:<\/span> Disfrutar del paisaje que nos ofrecen las Bah\u00edas de Donostia y Pasaia desde lo alto del monte.<\/p> \n\t\t\t<p class=\"ubicacion\"><span>Ubicaci\u00f3n:<\/span> Zurriola hiribidea - Donostia<\/p> \n\t\t<\/div>\t\n\t\t<a href=\"https:\/\/sagardoarenlurraldea.eus\/es\/experiencias\/rutas-seleccionadas\/ruta-del-faro-de-la-plata\/\" class=\"et_pb_button\">M\u00e1s informaci\u00f3n<\/a>\n\t<\/div>\n<\/div>\n\n<\/div>\n\t\t\t<\/div>\n\t\t\t<\/div>\n\t\t\t\t\n\t\t\t\t\n\t\t\t\t\n\t\t\t\t\n\t\t\t<\/div><div class=\"et_pb_row et_pb_row_1 \u00bbcontenedor\u00bb\">\n\t\t\t\t<div class=\"et_pb_column et_pb_column_\u00bb1_2&#8243; et_pb_column_1  et_pb_css_mix_blend_mode_passthrough\">\n\t\t\t\t\n\t\t\t\t\n\t\t\t\t\n\t\t\t\t\n\t\t\t\t<div class=\"et_pb_module et_pb_code et_pb_code_1\">\n\t\t\t\t\n\t\t\t\t\n\t\t\t\t\n\t\t\t\t\n\t\t\t\t<div class=\"et_pb_code_inner\"><div style=\"background:#1c1c1c;color:#ffffff;text-align:center;padding:30px;\" class=\"modulo-cta\">\r\n\t<h2 style=\"color:#ffffff;text-align:center;\">PR\u00d3XIMOS EVENTOS<\/h2>\r\n\t<p style=\"color:#ffffff;text-align:center;\">Eventos culturales y gastron\u00f3micos<\/p>\r\n\t<a class=\"et_pb_button mas_experiencias et_pb_button_0 et_pb_module et_pb_bg_layout_light\" style=\"margin:20px 0 0 0 !important;color:#ffffff !important;border-color:#ffffff !important\" href=\"https:\/\/sagardoarenlurraldea.eus\/es\/agenda\/\">No te los pierdas<\/a>\r\n<\/div><\/div>\n\t\t\t<\/div>\n\t\t\t<\/div><div class=\"et_pb_column et_pb_column_\u00bb1_2&#8243; et_pb_column_2  et_pb_css_mix_blend_mode_passthrough\">\n\t\t\t\t\n\t\t\t\t\n\t\t\t\t\n\t\t\t\t\n\t\t\t\t<div class=\"et_pb_module et_pb_code et_pb_code_2\">\n\t\t\t\t\n\t\t\t\t\n\t\t\t\t\n\t\t\t\t\n\t\t\t\t<div class=\"et_pb_code_inner\"><div style=\"background:#a0b137;color:#ffffff;text-align:center;padding:30px;\" class=\"modulo-cta\">\r\n\t<h2 style=\"color:#ffffff;text-align:center;\">+ de 100 sidrer\u00edas<\/h2>\r\n\t<p style=\"color:#ffffff;text-align:center;\">El Territorio de la Sidra, un gran destino gastron\u00f3mico<\/p>\r\n\t<a class=\"et_pb_button mas_experiencias et_pb_button_0 et_pb_module et_pb_bg_layout_light\" style=\"margin:20px 0 0 0 !important;color:#ffffff !important;border-color:#ffffff !important\" href=\"https:\/\/sagardoarenlurraldea.eus\/es\/sidrerias\/elige-tu-sidreria\/\">Haz tu reserva<\/a>\r\n<\/div><\/div>\n\t\t\t<\/div>\n\t\t\t<\/div>\n\t\t\t\t\n\t\t\t\t\n\t\t\t\t\n\t\t\t\t\n\t\t\t<\/div><div class=\"et_pb_row et_pb_row_2 \u00bbcontenedor\u00bb\">\n\t\t\t\t<div class=\"et_pb_column et_pb_column_\u00bb4_4&#8243; et_pb_column_3  et_pb_css_mix_blend_mode_passthrough\">\n\t\t\t\t\n\t\t\t\t\n\t\t\t\t\n\t\t\t\t\n\t\t\t\t<div class=\"et_pb_module et_pb_code et_pb_code_3\">\n\t\t\t\t\n\t\t\t\t\n\t\t\t\t\n\t\t\t\t\n\t\t\t\t<div class=\"et_pb_code_inner\"><div class=\"sabias_que\">\r\n\t<h3>Sab\u00edas que...<\/h3>\r\n\t<p>Un <strong>carnicero<\/strong> de nombre San Juan de Olabide fue alcalde de Astigarra en 1580 para enfado del Se\u00f1or de Murgu\u00eda.<\/p>\n\r\n\t<div class=\"fuente\"><span>M\u00e1s info:<\/span> <a href=\"https:\/\/sagardoarenlurraldea.eus\/dokumentazio-zentroa\/es\/dokumentuak\/2319?lang=es\">Sagardoetxea<\/a><\/div>\r\n<\/div><\/div>\n\t\t\t<\/div>\n\t\t\t<\/div>\n\t\t\t\t\n\t\t\t\t\n\t\t\t\t\n\t\t\t\t\n\t\t\t<\/div>\n\t\t\t\t\n\t\t\t\t\n\t\t\t<\/div><\/p>\n","protected":false},"excerpt":{"rendered":"<p>Propuesta de rutas a explorar en el Territorio de la Sidra Los rincones m\u00e1s bonitos y una selecci\u00f3n de las mejores rutas que puedes disfrutar en Sagardoaren Lurraldea \u2013 Territorio [&hellip;]<\/p>\n","protected":false},"author":1,"featured_media":13248,"parent":94,"menu_order":2,"comment_status":"closed","ping_status":"closed","template":"","meta":{"_acf_changed":false,"_et_pb_use_builder":"on","_et_pb_old_content":"","_et_gb_content_width":"","footnotes":""},"class_list":["post-98","page","type-page","status-publish","has-post-thumbnail","hentry"],"acf":[],"yoast_head":"<!-- This site is optimized with the Yoast SEO plugin v25.4 - https:\/\/yoast.com\/wordpress\/plugins\/seo\/ -->\n<title>Rutas seleccionadas - Sagardoaren Lurraldea<\/title>\n<meta name=\"robots\" content=\"index, follow, max-snippet:-1, max-image-preview:large, max-video-preview:-1\" \/>\n<link rel=\"canonical\" href=\"https:\/\/sagardoarenlurraldea.eus\/es\/experiencias\/rutas-seleccionadas\/\" \/>\n<meta property=\"og:locale\" content=\"es_ES\" \/>\n<meta property=\"og:type\" content=\"article\" \/>\n<meta property=\"og:title\" content=\"Rutas seleccionadas - Sagardoaren Lurraldea\" \/>\n<meta property=\"og:description\" content=\"Propuesta de rutas a explorar en el Territorio de la Sidra Los rincones m\u00e1s bonitos y una selecci\u00f3n de las mejores rutas que puedes disfrutar en Sagardoaren Lurraldea \u2013 Territorio [&hellip;]\" \/>\n<meta property=\"og:url\" content=\"https:\/\/sagardoarenlurraldea.eus\/es\/experiencias\/rutas-seleccionadas\/\" \/>\n<meta property=\"og:site_name\" content=\"Sagardoaren Lurraldea\" \/>\n<meta property=\"article:publisher\" content=\"https:\/\/www.facebook.com\/sagardoarenlurraldea\" \/>\n<meta property=\"article:modified_time\" content=\"2025-08-04T10:36:58+00:00\" \/>\n<meta property=\"og:image\" content=\"https:\/\/sagardoarenlurraldea.eus\/wp-content\/uploads\/2016\/05\/Cabecera-Experiencias-2.jpg\" \/>\n\t<meta property=\"og:image:width\" content=\"1903\" \/>\n\t<meta property=\"og:image:height\" content=\"220\" \/>\n\t<meta property=\"og:image:type\" content=\"image\/jpeg\" \/>\n<meta name=\"twitter:card\" content=\"summary_large_image\" \/>\n<meta name=\"twitter:label1\" content=\"Tiempo de lectura\" \/>\n\t<meta name=\"twitter:data1\" content=\"2 minutos\" \/>\n<script type=\"application\/ld+json\" class=\"yoast-schema-graph\">{\"@context\":\"https:\/\/schema.org\",\"@graph\":[{\"@type\":\"WebPage\",\"@id\":\"https:\/\/sagardoarenlurraldea.eus\/es\/experiencias\/rutas-seleccionadas\/\",\"url\":\"https:\/\/sagardoarenlurraldea.eus\/es\/experiencias\/rutas-seleccionadas\/\",\"name\":\"Rutas seleccionadas - Sagardoaren Lurraldea\",\"isPartOf\":{\"@id\":\"https:\/\/sagardoarenlurraldea.eus\/es\/#website\"},\"primaryImageOfPage\":{\"@id\":\"https:\/\/sagardoarenlurraldea.eus\/es\/experiencias\/rutas-seleccionadas\/#primaryimage\"},\"image\":{\"@id\":\"https:\/\/sagardoarenlurraldea.eus\/es\/experiencias\/rutas-seleccionadas\/#primaryimage\"},\"thumbnailUrl\":\"https:\/\/sagardoarenlurraldea.eus\/wp-content\/uploads\/2016\/05\/Cabecera-Experiencias-2.jpg\",\"datePublished\":\"2016-05-09T11:15:41+00:00\",\"dateModified\":\"2025-08-04T10:36:58+00:00\",\"breadcrumb\":{\"@id\":\"https:\/\/sagardoarenlurraldea.eus\/es\/experiencias\/rutas-seleccionadas\/#breadcrumb\"},\"inLanguage\":\"es\",\"potentialAction\":[{\"@type\":\"ReadAction\",\"target\":[\"https:\/\/sagardoarenlurraldea.eus\/es\/experiencias\/rutas-seleccionadas\/\"]}]},{\"@type\":\"ImageObject\",\"inLanguage\":\"es\",\"@id\":\"https:\/\/sagardoarenlurraldea.eus\/es\/experiencias\/rutas-seleccionadas\/#primaryimage\",\"url\":\"https:\/\/sagardoarenlurraldea.eus\/wp-content\/uploads\/2016\/05\/Cabecera-Experiencias-2.jpg\",\"contentUrl\":\"https:\/\/sagardoarenlurraldea.eus\/wp-content\/uploads\/2016\/05\/Cabecera-Experiencias-2.jpg\",\"width\":1903,\"height\":220},{\"@type\":\"BreadcrumbList\",\"@id\":\"https:\/\/sagardoarenlurraldea.eus\/es\/experiencias\/rutas-seleccionadas\/#breadcrumb\",\"itemListElement\":[{\"@type\":\"ListItem\",\"position\":1,\"name\":\"Inicio\",\"item\":\"https:\/\/sagardoarenlurraldea.eus\/es\/\"},{\"@type\":\"ListItem\",\"position\":2,\"name\":\"Experiencias\",\"item\":\"https:\/\/sagardoarenlurraldea.eus\/es\/experiencias\/\"},{\"@type\":\"ListItem\",\"position\":3,\"name\":\"Rutas seleccionadas\"}]},{\"@type\":\"WebSite\",\"@id\":\"https:\/\/sagardoarenlurraldea.eus\/es\/#website\",\"url\":\"https:\/\/sagardoarenlurraldea.eus\/es\/\",\"name\":\"Sagardoaren Lurraldea\",\"description\":\"El territorio de la sidra\",\"potentialAction\":[{\"@type\":\"SearchAction\",\"target\":{\"@type\":\"EntryPoint\",\"urlTemplate\":\"https:\/\/sagardoarenlurraldea.eus\/es\/?s={search_term_string}\"},\"query-input\":{\"@type\":\"PropertyValueSpecification\",\"valueRequired\":true,\"valueName\":\"search_term_string\"}}],\"inLanguage\":\"es\"}]}<\/script>\n<!-- \/ Yoast SEO plugin. -->","yoast_head_json":{"title":"Rutas seleccionadas - Sagardoaren Lurraldea","robots":{"index":"index","follow":"follow","max-snippet":"max-snippet:-1","max-image-preview":"max-image-preview:large","max-video-preview":"max-video-preview:-1"},"canonical":"https:\/\/sagardoarenlurraldea.eus\/es\/experiencias\/rutas-seleccionadas\/","og_locale":"es_ES","og_type":"article","og_title":"Rutas seleccionadas - Sagardoaren Lurraldea","og_description":"Propuesta de rutas a explorar en el Territorio de la Sidra Los rincones m\u00e1s bonitos y una selecci\u00f3n de las mejores rutas que puedes disfrutar en Sagardoaren Lurraldea \u2013 Territorio [&hellip;]","og_url":"https:\/\/sagardoarenlurraldea.eus\/es\/experiencias\/rutas-seleccionadas\/","og_site_name":"Sagardoaren Lurraldea","article_publisher":"https:\/\/www.facebook.com\/sagardoarenlurraldea","article_modified_time":"2025-08-04T10:36:58+00:00","og_image":[{"width":1903,"height":220,"url":"https:\/\/sagardoarenlurraldea.eus\/wp-content\/uploads\/2016\/05\/Cabecera-Experiencias-2.jpg","type":"image\/jpeg"}],"twitter_card":"summary_large_image","twitter_misc":{"Tiempo de lectura":"2 minutos"},"schema":{"@context":"https:\/\/schema.org","@graph":[{"@type":"WebPage","@id":"https:\/\/sagardoarenlurraldea.eus\/es\/experiencias\/rutas-seleccionadas\/","url":"https:\/\/sagardoarenlurraldea.eus\/es\/experiencias\/rutas-seleccionadas\/","name":"Rutas seleccionadas - Sagardoaren Lurraldea","isPartOf":{"@id":"https:\/\/sagardoarenlurraldea.eus\/es\/#website"},"primaryImageOfPage":{"@id":"https:\/\/sagardoarenlurraldea.eus\/es\/experiencias\/rutas-seleccionadas\/#primaryimage"},"image":{"@id":"https:\/\/sagardoarenlurraldea.eus\/es\/experiencias\/rutas-seleccionadas\/#primaryimage"},"thumbnailUrl":"https:\/\/sagardoarenlurraldea.eus\/wp-content\/uploads\/2016\/05\/Cabecera-Experiencias-2.jpg","datePublished":"2016-05-09T11:15:41+00:00","dateModified":"2025-08-04T10:36:58+00:00","breadcrumb":{"@id":"https:\/\/sagardoarenlurraldea.eus\/es\/experiencias\/rutas-seleccionadas\/#breadcrumb"},"inLanguage":"es","potentialAction":[{"@type":"ReadAction","target":["https:\/\/sagardoarenlurraldea.eus\/es\/experiencias\/rutas-seleccionadas\/"]}]},{"@type":"ImageObject","inLanguage":"es","@id":"https:\/\/sagardoarenlurraldea.eus\/es\/experiencias\/rutas-seleccionadas\/#primaryimage","url":"https:\/\/sagardoarenlurraldea.eus\/wp-content\/uploads\/2016\/05\/Cabecera-Experiencias-2.jpg","contentUrl":"https:\/\/sagardoarenlurraldea.eus\/wp-content\/uploads\/2016\/05\/Cabecera-Experiencias-2.jpg","width":1903,"height":220},{"@type":"BreadcrumbList","@id":"https:\/\/sagardoarenlurraldea.eus\/es\/experiencias\/rutas-seleccionadas\/#breadcrumb","itemListElement":[{"@type":"ListItem","position":1,"name":"Inicio","item":"https:\/\/sagardoarenlurraldea.eus\/es\/"},{"@type":"ListItem","position":2,"name":"Experiencias","item":"https:\/\/sagardoarenlurraldea.eus\/es\/experiencias\/"},{"@type":"ListItem","position":3,"name":"Rutas seleccionadas"}]},{"@type":"WebSite","@id":"https:\/\/sagardoarenlurraldea.eus\/es\/#website","url":"https:\/\/sagardoarenlurraldea.eus\/es\/","name":"Sagardoaren Lurraldea","description":"El territorio de la sidra","potentialAction":[{"@type":"SearchAction","target":{"@type":"EntryPoint","urlTemplate":"https:\/\/sagardoarenlurraldea.eus\/es\/?s={search_term_string}"},"query-input":{"@type":"PropertyValueSpecification","valueRequired":true,"valueName":"search_term_string"}}],"inLanguage":"es"}]}},"_links":{"self":[{"href":"https:\/\/sagardoarenlurraldea.eus\/es\/wp-json\/wp\/v2\/pages\/98","targetHints":{"allow":["GET"]}}],"collection":[{"href":"https:\/\/sagardoarenlurraldea.eus\/es\/wp-json\/wp\/v2\/pages"}],"about":[{"href":"https:\/\/sagardoarenlurraldea.eus\/es\/wp-json\/wp\/v2\/types\/page"}],"author":[{"embeddable":true,"href":"https:\/\/sagardoarenlurraldea.eus\/es\/wp-json\/wp\/v2\/users\/1"}],"replies":[{"embeddable":true,"href":"https:\/\/sagardoarenlurraldea.eus\/es\/wp-json\/wp\/v2\/comments?post=98"}],"version-history":[{"count":1,"href":"https:\/\/sagardoarenlurraldea.eus\/es\/wp-json\/wp\/v2\/pages\/98\/revisions"}],"predecessor-version":[{"id":301531,"href":"https:\/\/sagardoarenlurraldea.eus\/es\/wp-json\/wp\/v2\/pages\/98\/revisions\/301531"}],"up":[{"embeddable":true,"href":"https:\/\/sagardoarenlurraldea.eus\/es\/wp-json\/wp\/v2\/pages\/94"}],"wp:featuredmedia":[{"embeddable":true,"href":"https:\/\/sagardoarenlurraldea.eus\/es\/wp-json\/wp\/v2\/media\/13248"}],"wp:attachment":[{"href":"https:\/\/sagardoarenlurraldea.eus\/es\/wp-json\/wp\/v2\/media?parent=98"}],"curies":[{"name":"wp","href":"https:\/\/api.w.org\/{rel}","templated":true}]}}