{"id":96,"date":"2016-05-09T13:15:19","date_gmt":"2016-05-09T13:15:19","guid":{"rendered":"http:\/\/www.sagardoarenlurraldea.eus\/?page_id=96"},"modified":"2025-07-18T09:19:38","modified_gmt":"2025-07-18T07:19:38","slug":"reservar-tu-plan","status":"publish","type":"page","link":"https:\/\/sagardoarenlurraldea.eus\/es\/experiencias\/reservar-tu-plan\/","title":{"rendered":"Reservar tu plan"},"content":{"rendered":"<p>[et_pb_section fb_built=\u00bb1&#8243; custom_padding_last_edited=\u00bbon|desktop\u00bb admin_label=\u00bbsection\u00bb module_class=\u00bbinterior\u00bb _builder_version=\u00bb4.16&#8243; background_color=\u00bb#ffffff\u00bb custom_padding_tablet=\u00bb50px|0|50px|0&#8243; transparent_background=\u00bboff\u00bb padding_mobile=\u00bboff\u00bb make_fullwidth=\u00bboff\u00bb use_custom_width=\u00bboff\u00bb width_unit=\u00bbon\u00bb global_colors_info=\u00bb{}\u00bb custom_padding_phone=\u00bb50px|0|50px|0&#8243;][et_pb_row padding_mobile=\u00bboff\u00bb column_padding_mobile=\u00bbon\u00bb admin_label=\u00bbrow\u00bb module_class=\u00bbcontenedor\u00bb _builder_version=\u00bb4.16&#8243; background_size=\u00bbinitial\u00bb background_position=\u00bbtop_left\u00bb background_repeat=\u00bbrepeat\u00bb make_fullwidth=\u00bboff\u00bb use_custom_width=\u00bboff\u00bb width_unit=\u00bbon\u00bb global_colors_info=\u00bb{}\u00bb][et_pb_column type=\u00bb4_4&#8243; _builder_version=\u00bb4.16&#8243; custom_padding=\u00bb|||\u00bb global_colors_info=\u00bb{}\u00bb custom_padding__hover=\u00bb|||\u00bb][et_pb_text admin_label=\u00bbIntro\u00bb _builder_version=\u00bb4.16&#8243; background_size=\u00bbinitial\u00bb background_position=\u00bbtop_left\u00bb background_repeat=\u00bbrepeat\u00bb use_border_color=\u00bboff\u00bb border_color=\u00bb#ffffff\u00bb border_style=\u00bbsolid\u00bb global_colors_info=\u00bb{}\u00bb]<\/p>\n<h2>Vive la cultura de la sidra a tu manera. Los mejores planes y visitas.<\/h2>\n<p>Experiencias tur\u00edsticas preparadas para ti, con la mayor garant\u00eda de servicio y excelencia. La mayor\u00eda de las experiencias incluyen la visita a Sagardoetxea, Museo de la Sidra Vasca en Astigarraga, y una experiencia en sidrer\u00eda. <span class=\"destacado-rojo\">\u00a1Reserva tu experiencia!<\/span><br \/>\n[\/et_pb_text][\/et_pb_column][\/et_pb_row][et_pb_row padding_mobile=\u00bboff\u00bb column_padding_mobile=\u00bbon\u00bb admin_label=\u00bbrow\u00bb module_class=\u00bbcontenedor\u00bb _builder_version=\u00bb4.16&#8243; background_size=\u00bbinitial\u00bb background_position=\u00bbtop_left\u00bb background_repeat=\u00bbrepeat\u00bb make_fullwidth=\u00bboff\u00bb use_custom_width=\u00bboff\u00bb width_unit=\u00bbon\u00bb global_colors_info=\u00bb{}\u00bb column_structure=\u00bb2_3,1_3&#8243;][et_pb_column type=\u00bb2_3&#8243; _builder_version=\u00bb4.16&#8243; custom_padding=\u00bb|||\u00bb global_colors_info=\u00bb{}\u00bb custom_padding__hover=\u00bb|||\u00bb][et_pb_text admin_label=\u00bbExperiencias\u00bb module_class=\u00bbexperiencias-listado\u00bb _builder_version=\u00bb4.16&#8243; background_size=\u00bbinitial\u00bb background_position=\u00bbtop_left\u00bb background_repeat=\u00bbrepeat\u00bb use_border_color=\u00bboff\u00bb border_color=\u00bb#ffffff\u00bb border_style=\u00bbsolid\u00bb global_colors_info=\u00bb{}\u00bb]<div class=\"woocommerce columns-3\"><ul class=\"products columns-3\">\n<li class=\"product-category product first\">\n\t<a aria-label=\"Visitar la categor\u00eda de producto Museo y sidrer\u00eda\" href=\"https:\/\/sagardoarenlurraldea.eus\/es\/producto-categoria\/experiencias\/010-museo-y-sidreria\/\"><img src=\"https:\/\/sagardoarenlurraldea.eus\/wp-content\/uploads\/2016\/08\/experiencia-categoria-3.gif\" alt=\"Museo y sidrer\u00eda\" width=\"400\" height=\"300\" \/>\t\t<h2 class=\"woocommerce-loop-category__title\">\n\t\t\tMuseo y sidrer\u00eda\t\t<\/h2>\n\t\t<\/a><\/li>\n<li class=\"product-category product\">\n\t<a aria-label=\"Visitar la categor\u00eda de producto La sidra y el mar, un viaje sorprendente\" href=\"https:\/\/sagardoarenlurraldea.eus\/es\/producto-categoria\/experiencias\/020-sidra-y-mar\/\"><img src=\"https:\/\/sagardoarenlurraldea.eus\/wp-content\/uploads\/2016\/08\/experiencia-categoria-1.gif\" alt=\"La sidra y el mar, un viaje sorprendente\" width=\"400\" height=\"300\" \/>\t\t<h2 class=\"woocommerce-loop-category__title\">\n\t\t\tLa sidra y el mar, un viaje sorprendente\t\t<\/h2>\n\t\t<\/a><\/li>\n<li class=\"product-category product last\">\n\t<a aria-label=\"Visitar la categor\u00eda de producto La sidra y el queso, maridaje de sabor aut\u00e9ntico\" href=\"https:\/\/sagardoarenlurraldea.eus\/es\/producto-categoria\/experiencias\/030-sidra-y-queso\/\"><img src=\"https:\/\/sagardoarenlurraldea.eus\/wp-content\/uploads\/2016\/08\/experiencia-categoria-2.gif\" alt=\"La sidra y el queso, maridaje de sabor aut\u00e9ntico\" width=\"400\" height=\"300\" \/>\t\t<h2 class=\"woocommerce-loop-category__title\">\n\t\t\tLa sidra y el queso, maridaje de sabor aut\u00e9ntico\t\t<\/h2>\n\t\t<\/a><\/li>\n<li class=\"product-category product first\">\n\t<a aria-label=\"Visitar la categor\u00eda de producto Sagartrekking, senderismo y paseos\" href=\"https:\/\/sagardoarenlurraldea.eus\/es\/producto-categoria\/experiencias\/050-trekking-senderismo-paseos\/\"><img src=\"https:\/\/sagardoarenlurraldea.eus\/wp-content\/uploads\/2016\/08\/experiencia-categoria-5.gif\" alt=\"Sagartrekking, senderismo y paseos\" width=\"400\" height=\"300\" \/>\t\t<h2 class=\"woocommerce-loop-category__title\">\n\t\t\tSagartrekking, senderismo y paseos\t\t<\/h2>\n\t\t<\/a><\/li>\n<li class=\"product-category product\">\n\t<a aria-label=\"Visitar la categor\u00eda de producto Tours por el territorio de la sidra\" href=\"https:\/\/sagardoarenlurraldea.eus\/es\/producto-categoria\/experiencias\/060-tours-territorio-sidra\/\"><img src=\"https:\/\/sagardoarenlurraldea.eus\/wp-content\/uploads\/2016\/08\/experiencia-categoria-6.gif\" alt=\"Tours por el territorio de la sidra\" width=\"400\" height=\"300\" \/>\t\t<h2 class=\"woocommerce-loop-category__title\">\n\t\t\tTours por el territorio de la sidra\t\t<\/h2>\n\t\t<\/a><\/li>\n<li class=\"product-category product last\">\n\t<a aria-label=\"Visitar la categor\u00eda de producto Sagarcycling\" href=\"https:\/\/sagardoarenlurraldea.eus\/es\/producto-categoria\/experiencias\/sagarcycling\/\"><img src=\"https:\/\/sagardoarenlurraldea.eus\/wp-content\/uploads\/2020\/06\/Sagarcycling-CATEGORIA.jpg\" alt=\"Sagarcycling\" width=\"400\" height=\"300\" \/>\t\t<h2 class=\"woocommerce-loop-category__title\">\n\t\t\tSagarcycling\t\t<\/h2>\n\t\t<\/a><\/li>\n<\/ul>\n<\/div><br \/>\n[\/et_pb_text][\/et_pb_column][et_pb_column type=\u00bb1_3&#8243; _builder_version=\u00bb4.16&#8243; custom_padding=\u00bb|||\u00bb global_colors_info=\u00bb{}\u00bb custom_padding__hover=\u00bb|||\u00bb][et_pb_code admin_label=\u00bbC\u00f3digo\u00bb _builder_version=\u00bb4.27.4&#8243; hover_enabled=\u00bb0&#8243; custom_css_main_element=\u00bbmargin-top:50px;\u00bb global_colors_info=\u00bb{}\u00bb sticky_enabled=\u00bb0&#8243;]<\/p>\n<div class=\"banner-reservar\"><a href=\"https:\/\/sagardoarenlurraldea.eus\/es\/sidrerias\/elige-tu-sidreria\/\"><!-- [et_pb_line_break_holder] --><\/p>\n<h2>RESERVA TU SIDRER\u00cdA<\/h2>\n<pee>Nosotros te buscamos sitio<\/pee>\n<div class=\"serv-gratuito\">SERVICIO<!\u2013- [et_pb_br_holder] -\u2013>GRATUITO<\/div>\n<p><\/a><\/div>\n<p>[\/et_pb_code][\/et_pb_column][\/et_pb_row][et_pb_row padding_mobile=\u00bboff\u00bb column_padding_mobile=\u00bbon\u00bb admin_label=\u00bbFila\u00bb module_class=\u00bbcontenedor\u00bb _builder_version=\u00bb4.16&#8243; background_size=\u00bbinitial\u00bb background_position=\u00bbtop_left\u00bb background_repeat=\u00bbrepeat\u00bb make_fullwidth=\u00bboff\u00bb use_custom_width=\u00bboff\u00bb width_unit=\u00bbon\u00bb global_colors_info=\u00bb{}\u00bb column_structure=\u00bb1_2,1_2&#8243;][et_pb_column type=\u00bb1_2&#8243; _builder_version=\u00bb4.16&#8243; custom_padding=\u00bb|||\u00bb global_colors_info=\u00bb{}\u00bb custom_padding__hover=\u00bb|||\u00bb][et_pb_code admin_label=\u00bbM\u00f3dulo CTA\u00bb _builder_version=\u00bb4.16&#8243; global_colors_info=\u00bb{}\u00bb]<div style=\"background:#1c1c1c;color:#ffffff;text-align:center;padding:30px;\" class=\"modulo-cta\">\r\n\t<h2 style=\"color:#ffffff;text-align:center;\">PR\u00d3XIMOS EVENTOS<\/h2>\r\n\t<p style=\"color:#ffffff;text-align:center;\">Eventos culturales y gastron\u00f3micos<\/p>\r\n\t<a class=\"et_pb_button mas_experiencias et_pb_button_0 et_pb_module et_pb_bg_layout_light\" style=\"margin:20px 0 0 0 !important;color:#ffffff !important;border-color:#ffffff !important\" href=\"https:\/\/sagardoarenlurraldea.eus\/es\/agenda\/\">No te los pierdas<\/a>\r\n<\/div>[\/et_pb_code][\/et_pb_column][et_pb_column type=\u00bb1_2&#8243; _builder_version=\u00bb4.16&#8243; custom_padding=\u00bb|||\u00bb global_colors_info=\u00bb{}\u00bb custom_padding__hover=\u00bb|||\u00bb][et_pb_code admin_label=\u00bbM\u00f3dulo CTA\u00bb _builder_version=\u00bb4.16&#8243; global_colors_info=\u00bb{}\u00bb]<div style=\"background:#a0b137;color:#ffffff;text-align:center;padding:30px;\" class=\"modulo-cta\">\r\n\t<h2 style=\"color:#ffffff;text-align:center;\">+ de 100 sidrer\u00edas<\/h2>\r\n\t<p style=\"color:#ffffff;text-align:center;\">El Territorio de la Sidra, un gran destino gastron\u00f3mico<\/p>\r\n\t<a class=\"et_pb_button mas_experiencias et_pb_button_0 et_pb_module et_pb_bg_layout_light\" style=\"margin:20px 0 0 0 !important;color:#ffffff !important;border-color:#ffffff !important\" href=\"https:\/\/sagardoarenlurraldea.eus\/es\/sidrerias\/elige-tu-sidreria\/\">Haz tu reserva<\/a>\r\n<\/div>[\/et_pb_code][\/et_pb_column][\/et_pb_row][et_pb_row padding_mobile=\u00bboff\u00bb column_padding_mobile=\u00bbon\u00bb admin_label=\u00bbFila\u00bb module_class=\u00bbcontenedor\u00bb _builder_version=\u00bb4.16&#8243; background_size=\u00bbinitial\u00bb background_position=\u00bbtop_left\u00bb background_repeat=\u00bbrepeat\u00bb make_fullwidth=\u00bboff\u00bb use_custom_width=\u00bboff\u00bb width_unit=\u00bbon\u00bb global_colors_info=\u00bb{}\u00bb][et_pb_column type=\u00bb4_4&#8243; _builder_version=\u00bb4.16&#8243; custom_padding=\u00bb|||\u00bb global_colors_info=\u00bb{}\u00bb custom_padding__hover=\u00bb|||\u00bb][et_pb_code admin_label=\u00bbSabias que\u00bb _builder_version=\u00bb4.16&#8243; global_colors_info=\u00bb{}\u00bb]<div class=\"sabias_que\">\r\n\t<h3>Sab\u00edas que...<\/h3>\r\n\t<p>La <strong>sidra<\/strong> formaba parte del salario de algunos operarios contratados en los astilleros, ferrer\u00edas y puertos guipuzcoanos.<\/p>\n\r\n\t<div class=\"fuente\"><span>M\u00e1s info:<\/span> <a href=\"https:\/\/sagardoarenlurraldea.eus\/dokumentazio-zentroa\/es\/hemeroteka\/6477?lang=es\">Sagardoetxea<\/a><\/div>\r\n<\/div>[\/et_pb_code][\/et_pb_column][\/et_pb_row][\/et_pb_section][et_pb_section fb_built=\u00bb1&#8243; custom_padding_last_edited=\u00bbon|desktop\u00bb admin_label=\u00bbsection\u00bb module_class=\u00bbestar_aldia\u00bb _builder_version=\u00bb4.16&#8243; background_color=\u00bbrgba(255,255,255,0)\u00bb custom_padding_tablet=\u00bb50px|0|50px|0&#8243; transparent_background=\u00bbon\u00bb padding_mobile=\u00bboff\u00bb make_fullwidth=\u00bboff\u00bb use_custom_width=\u00bboff\u00bb width_unit=\u00bbon\u00bb global_colors_info=\u00bb{}\u00bb custom_padding_phone=\u00bb50px|0|50px|0&#8243;][et_pb_row padding_mobile=\u00bboff\u00bb column_padding_mobile=\u00bbon\u00bb admin_label=\u00bbFila\u00bb module_class=\u00bbcontenedor boletin\u00bb _builder_version=\u00bb4.16&#8243; background_size=\u00bbinitial\u00bb background_position=\u00bbtop_left\u00bb background_repeat=\u00bbrepeat\u00bb make_fullwidth=\u00bboff\u00bb use_custom_width=\u00bboff\u00bb width_unit=\u00bbon\u00bb global_colors_info=\u00bb{}\u00bb column_structure=\u00bb1_2,1_2&#8243;][et_pb_column type=\u00bb1_2&#8243; _builder_version=\u00bb4.16&#8243; custom_padding=\u00bb|||\u00bb global_colors_info=\u00bb{}\u00bb custom_padding__hover=\u00bb|||\u00bb][et_pb_image src=\u00bbhttps:\/\/sagardoarenlurraldea.eus\/wp-content\/uploads\/2016\/05\/sagarrak.jpg\u00bb align_tablet=\u00bbcenter\u00bb align_last_edited=\u00bbon|desktop\u00bb admin_label=\u00bbImagen\u00bb _builder_version=\u00bb4.16&#8243; animation_style=\u00bbslide\u00bb animation_direction=\u00bbleft\u00bb animation_duration=\u00bb500ms\u00bb animation_intensity_slide=\u00bb10%\u00bb use_border_color=\u00bboff\u00bb border_color=\u00bb#ffffff\u00bb border_style=\u00bbsolid\u00bb animation=\u00bbleft\u00bb sticky=\u00bboff\u00bb always_center_on_mobile=\u00bbon\u00bb global_colors_info=\u00bb{}\u00bb align_phone=\u00bbcenter\u00bb][\/et_pb_image][\/et_pb_column][et_pb_column type=\u00bb1_2&#8243; _builder_version=\u00bb4.16&#8243; custom_padding=\u00bb|||\u00bb global_colors_info=\u00bb{}\u00bb custom_padding__hover=\u00bb|||\u00bb][et_pb_text admin_label=\u00bbTexto\u00bb module_class=\u00bbestar_aldia_txt\u00bb _builder_version=\u00bb4.16&#8243; background_size=\u00bbinitial\u00bb background_position=\u00bbtop_left\u00bb background_repeat=\u00bbrepeat\u00bb use_border_color=\u00bboff\u00bb border_color=\u00bb#ffffff\u00bb border_style=\u00bbsolid\u00bb global_colors_info=\u00bb{}\u00bb]<\/p>\n<h2>\u00bfQuieres estar al d\u00eda?<\/h2>\n<h3>Suscr\u00edbete a nuestro bolet\u00edn<\/h3>\n<p>Experiencias tur\u00edsticas en sidrer\u00edas, organizaci\u00f3n de eventos relacionados con la cultura de la sidra y actividades de Sagardoetxea &#8211; el Museo de la Sidra Vasca. Ver \u00faltimo bolet\u00edn<br \/>\n[\/et_pb_text][et_pb_button button_url=\u00bbhttps:\/\/sagardoarenlurraldea.eus\/es\/difusion\/suscripcion-newsletter\/\u00bb button_text=\u00bbS\u00fascribete\u00bb button_alignment=\u00bbleft\u00bb admin_label=\u00bbBot\u00f3n\u00bb _builder_version=\u00bb4.16&#8243; button_letter_spacing_hover=\u00bb0&#8243; global_colors_info=\u00bb{}\u00bb button_text_size__hover_enabled=\u00bboff\u00bb button_one_text_size__hover_enabled=\u00bboff\u00bb button_two_text_size__hover_enabled=\u00bboff\u00bb button_text_color__hover_enabled=\u00bboff\u00bb button_one_text_color__hover_enabled=\u00bboff\u00bb button_two_text_color__hover_enabled=\u00bboff\u00bb button_border_width__hover_enabled=\u00bboff\u00bb button_one_border_width__hover_enabled=\u00bboff\u00bb button_two_border_width__hover_enabled=\u00bboff\u00bb button_border_color__hover_enabled=\u00bboff\u00bb button_one_border_color__hover_enabled=\u00bboff\u00bb button_two_border_color__hover_enabled=\u00bboff\u00bb button_border_radius__hover_enabled=\u00bboff\u00bb button_one_border_radius__hover_enabled=\u00bboff\u00bb button_two_border_radius__hover_enabled=\u00bboff\u00bb button_letter_spacing__hover_enabled=\u00bbon\u00bb button_letter_spacing__hover=\u00bb0&#8243; button_one_letter_spacing__hover_enabled=\u00bboff\u00bb button_two_letter_spacing__hover_enabled=\u00bboff\u00bb button_bg_color__hover_enabled=\u00bboff\u00bb button_one_bg_color__hover_enabled=\u00bboff\u00bb button_two_bg_color__hover_enabled=\u00bboff\u00bb][\/et_pb_button][\/et_pb_column][\/et_pb_row][\/et_pb_section]<\/p>\n","protected":false},"excerpt":{"rendered":"<p>Vive la cultura de la sidra a tu manera. Los mejores planes y visitas. Experiencias tur\u00edsticas preparadas para ti, con la mayor garant\u00eda de servicio y excelencia. La mayor\u00eda de [&hellip;]<\/p>\n","protected":false},"author":1,"featured_media":13248,"parent":94,"menu_order":1,"comment_status":"closed","ping_status":"closed","template":"","meta":{"_acf_changed":false,"_et_pb_use_builder":"on","_et_pb_old_content":"<p>[product_category category=\"experiencias\"]<\/p>","_et_gb_content_width":"","footnotes":""},"class_list":["post-96","page","type-page","status-publish","has-post-thumbnail","hentry"],"acf":[],"yoast_head":"<!-- This site is optimized with the Yoast SEO plugin v25.4 - https:\/\/yoast.com\/wordpress\/plugins\/seo\/ -->\n<title>Reservar tu plan - Sagardoaren Lurraldea<\/title>\n<meta name=\"robots\" content=\"index, follow, max-snippet:-1, max-image-preview:large, max-video-preview:-1\" \/>\n<link rel=\"canonical\" href=\"https:\/\/sagardoarenlurraldea.eus\/es\/experiencias\/reservar-tu-plan\/\" \/>\n<meta property=\"og:locale\" content=\"es_ES\" \/>\n<meta property=\"og:type\" content=\"article\" \/>\n<meta property=\"og:title\" content=\"Reservar tu plan - Sagardoaren Lurraldea\" \/>\n<meta property=\"og:description\" content=\"Vive la cultura de la sidra a tu manera. Los mejores planes y visitas. Experiencias tur\u00edsticas preparadas para ti, con la mayor garant\u00eda de servicio y excelencia. La mayor\u00eda de [&hellip;]\" \/>\n<meta property=\"og:url\" content=\"https:\/\/sagardoarenlurraldea.eus\/es\/experiencias\/reservar-tu-plan\/\" \/>\n<meta property=\"og:site_name\" content=\"Sagardoaren Lurraldea\" \/>\n<meta property=\"article:publisher\" content=\"https:\/\/www.facebook.com\/sagardoarenlurraldea\" \/>\n<meta property=\"article:modified_time\" content=\"2025-07-18T07:19:38+00:00\" \/>\n<meta property=\"og:image\" content=\"https:\/\/sagardoarenlurraldea.eus\/wp-content\/uploads\/2016\/05\/Cabecera-Experiencias-2.jpg\" \/>\n\t<meta property=\"og:image:width\" content=\"1903\" \/>\n\t<meta property=\"og:image:height\" content=\"220\" \/>\n\t<meta property=\"og:image:type\" content=\"image\/jpeg\" \/>\n<meta name=\"twitter:card\" content=\"summary_large_image\" \/>\n<meta name=\"twitter:label1\" content=\"Tiempo de lectura\" \/>\n\t<meta name=\"twitter:data1\" content=\"5 minutos\" \/>\n<script type=\"application\/ld+json\" class=\"yoast-schema-graph\">{\"@context\":\"https:\/\/schema.org\",\"@graph\":[{\"@type\":\"WebPage\",\"@id\":\"https:\/\/sagardoarenlurraldea.eus\/es\/experiencias\/reservar-tu-plan\/\",\"url\":\"https:\/\/sagardoarenlurraldea.eus\/es\/experiencias\/reservar-tu-plan\/\",\"name\":\"Reservar tu plan - Sagardoaren Lurraldea\",\"isPartOf\":{\"@id\":\"https:\/\/sagardoarenlurraldea.eus\/es\/#website\"},\"primaryImageOfPage\":{\"@id\":\"https:\/\/sagardoarenlurraldea.eus\/es\/experiencias\/reservar-tu-plan\/#primaryimage\"},\"image\":{\"@id\":\"https:\/\/sagardoarenlurraldea.eus\/es\/experiencias\/reservar-tu-plan\/#primaryimage\"},\"thumbnailUrl\":\"https:\/\/sagardoarenlurraldea.eus\/wp-content\/uploads\/2016\/05\/Cabecera-Experiencias-2.jpg\",\"datePublished\":\"2016-05-09T13:15:19+00:00\",\"dateModified\":\"2025-07-18T07:19:38+00:00\",\"breadcrumb\":{\"@id\":\"https:\/\/sagardoarenlurraldea.eus\/es\/experiencias\/reservar-tu-plan\/#breadcrumb\"},\"inLanguage\":\"es\",\"potentialAction\":[{\"@type\":\"ReadAction\",\"target\":[\"https:\/\/sagardoarenlurraldea.eus\/es\/experiencias\/reservar-tu-plan\/\"]}]},{\"@type\":\"ImageObject\",\"inLanguage\":\"es\",\"@id\":\"https:\/\/sagardoarenlurraldea.eus\/es\/experiencias\/reservar-tu-plan\/#primaryimage\",\"url\":\"https:\/\/sagardoarenlurraldea.eus\/wp-content\/uploads\/2016\/05\/Cabecera-Experiencias-2.jpg\",\"contentUrl\":\"https:\/\/sagardoarenlurraldea.eus\/wp-content\/uploads\/2016\/05\/Cabecera-Experiencias-2.jpg\",\"width\":1903,\"height\":220},{\"@type\":\"BreadcrumbList\",\"@id\":\"https:\/\/sagardoarenlurraldea.eus\/es\/experiencias\/reservar-tu-plan\/#breadcrumb\",\"itemListElement\":[{\"@type\":\"ListItem\",\"position\":1,\"name\":\"Inicio\",\"item\":\"https:\/\/sagardoarenlurraldea.eus\/es\/\"},{\"@type\":\"ListItem\",\"position\":2,\"name\":\"Experiencias\",\"item\":\"https:\/\/sagardoarenlurraldea.eus\/es\/experiencias\/\"},{\"@type\":\"ListItem\",\"position\":3,\"name\":\"Reservar tu plan\"}]},{\"@type\":\"WebSite\",\"@id\":\"https:\/\/sagardoarenlurraldea.eus\/es\/#website\",\"url\":\"https:\/\/sagardoarenlurraldea.eus\/es\/\",\"name\":\"Sagardoaren Lurraldea\",\"description\":\"El territorio de la sidra\",\"potentialAction\":[{\"@type\":\"SearchAction\",\"target\":{\"@type\":\"EntryPoint\",\"urlTemplate\":\"https:\/\/sagardoarenlurraldea.eus\/es\/?s={search_term_string}\"},\"query-input\":{\"@type\":\"PropertyValueSpecification\",\"valueRequired\":true,\"valueName\":\"search_term_string\"}}],\"inLanguage\":\"es\"}]}<\/script>\n<!-- \/ Yoast SEO plugin. -->","yoast_head_json":{"title":"Reservar tu plan - Sagardoaren Lurraldea","robots":{"index":"index","follow":"follow","max-snippet":"max-snippet:-1","max-image-preview":"max-image-preview:large","max-video-preview":"max-video-preview:-1"},"canonical":"https:\/\/sagardoarenlurraldea.eus\/es\/experiencias\/reservar-tu-plan\/","og_locale":"es_ES","og_type":"article","og_title":"Reservar tu plan - Sagardoaren Lurraldea","og_description":"Vive la cultura de la sidra a tu manera. Los mejores planes y visitas. Experiencias tur\u00edsticas preparadas para ti, con la mayor garant\u00eda de servicio y excelencia. La mayor\u00eda de [&hellip;]","og_url":"https:\/\/sagardoarenlurraldea.eus\/es\/experiencias\/reservar-tu-plan\/","og_site_name":"Sagardoaren Lurraldea","article_publisher":"https:\/\/www.facebook.com\/sagardoarenlurraldea","article_modified_time":"2025-07-18T07:19:38+00:00","og_image":[{"width":1903,"height":220,"url":"https:\/\/sagardoarenlurraldea.eus\/wp-content\/uploads\/2016\/05\/Cabecera-Experiencias-2.jpg","type":"image\/jpeg"}],"twitter_card":"summary_large_image","twitter_misc":{"Tiempo de lectura":"5 minutos"},"schema":{"@context":"https:\/\/schema.org","@graph":[{"@type":"WebPage","@id":"https:\/\/sagardoarenlurraldea.eus\/es\/experiencias\/reservar-tu-plan\/","url":"https:\/\/sagardoarenlurraldea.eus\/es\/experiencias\/reservar-tu-plan\/","name":"Reservar tu plan - Sagardoaren Lurraldea","isPartOf":{"@id":"https:\/\/sagardoarenlurraldea.eus\/es\/#website"},"primaryImageOfPage":{"@id":"https:\/\/sagardoarenlurraldea.eus\/es\/experiencias\/reservar-tu-plan\/#primaryimage"},"image":{"@id":"https:\/\/sagardoarenlurraldea.eus\/es\/experiencias\/reservar-tu-plan\/#primaryimage"},"thumbnailUrl":"https:\/\/sagardoarenlurraldea.eus\/wp-content\/uploads\/2016\/05\/Cabecera-Experiencias-2.jpg","datePublished":"2016-05-09T13:15:19+00:00","dateModified":"2025-07-18T07:19:38+00:00","breadcrumb":{"@id":"https:\/\/sagardoarenlurraldea.eus\/es\/experiencias\/reservar-tu-plan\/#breadcrumb"},"inLanguage":"es","potentialAction":[{"@type":"ReadAction","target":["https:\/\/sagardoarenlurraldea.eus\/es\/experiencias\/reservar-tu-plan\/"]}]},{"@type":"ImageObject","inLanguage":"es","@id":"https:\/\/sagardoarenlurraldea.eus\/es\/experiencias\/reservar-tu-plan\/#primaryimage","url":"https:\/\/sagardoarenlurraldea.eus\/wp-content\/uploads\/2016\/05\/Cabecera-Experiencias-2.jpg","contentUrl":"https:\/\/sagardoarenlurraldea.eus\/wp-content\/uploads\/2016\/05\/Cabecera-Experiencias-2.jpg","width":1903,"height":220},{"@type":"BreadcrumbList","@id":"https:\/\/sagardoarenlurraldea.eus\/es\/experiencias\/reservar-tu-plan\/#breadcrumb","itemListElement":[{"@type":"ListItem","position":1,"name":"Inicio","item":"https:\/\/sagardoarenlurraldea.eus\/es\/"},{"@type":"ListItem","position":2,"name":"Experiencias","item":"https:\/\/sagardoarenlurraldea.eus\/es\/experiencias\/"},{"@type":"ListItem","position":3,"name":"Reservar tu plan"}]},{"@type":"WebSite","@id":"https:\/\/sagardoarenlurraldea.eus\/es\/#website","url":"https:\/\/sagardoarenlurraldea.eus\/es\/","name":"Sagardoaren Lurraldea","description":"El territorio de la sidra","potentialAction":[{"@type":"SearchAction","target":{"@type":"EntryPoint","urlTemplate":"https:\/\/sagardoarenlurraldea.eus\/es\/?s={search_term_string}"},"query-input":{"@type":"PropertyValueSpecification","valueRequired":true,"valueName":"search_term_string"}}],"inLanguage":"es"}]}},"_links":{"self":[{"href":"https:\/\/sagardoarenlurraldea.eus\/es\/wp-json\/wp\/v2\/pages\/96","targetHints":{"allow":["GET"]}}],"collection":[{"href":"https:\/\/sagardoarenlurraldea.eus\/es\/wp-json\/wp\/v2\/pages"}],"about":[{"href":"https:\/\/sagardoarenlurraldea.eus\/es\/wp-json\/wp\/v2\/types\/page"}],"author":[{"embeddable":true,"href":"https:\/\/sagardoarenlurraldea.eus\/es\/wp-json\/wp\/v2\/users\/1"}],"replies":[{"embeddable":true,"href":"https:\/\/sagardoarenlurraldea.eus\/es\/wp-json\/wp\/v2\/comments?post=96"}],"version-history":[{"count":1,"href":"https:\/\/sagardoarenlurraldea.eus\/es\/wp-json\/wp\/v2\/pages\/96\/revisions"}],"predecessor-version":[{"id":301501,"href":"https:\/\/sagardoarenlurraldea.eus\/es\/wp-json\/wp\/v2\/pages\/96\/revisions\/301501"}],"up":[{"embeddable":true,"href":"https:\/\/sagardoarenlurraldea.eus\/es\/wp-json\/wp\/v2\/pages\/94"}],"wp:featuredmedia":[{"embeddable":true,"href":"https:\/\/sagardoarenlurraldea.eus\/es\/wp-json\/wp\/v2\/media\/13248"}],"wp:attachment":[{"href":"https:\/\/sagardoarenlurraldea.eus\/es\/wp-json\/wp\/v2\/media?parent=96"}],"curies":[{"name":"wp","href":"https:\/\/api.w.org\/{rel}","templated":true}]}}