{"id":92,"date":"2016-05-09T13:14:31","date_gmt":"2016-05-09T13:14:31","guid":{"rendered":"http:\/\/www.sagardoarenlurraldea.eus\/?page_id=92"},"modified":"2025-08-04T12:49:31","modified_gmt":"2025-08-04T10:49:31","slug":"consejos-utiles-para-ir-de-sidreria","status":"publish","type":"page","link":"https:\/\/sagardoarenlurraldea.eus\/es\/sidrerias\/consejos-utiles-para-ir-de-sidreria\/","title":{"rendered":"Consejos \u00fatiles para ir de sidrer\u00eda"},"content":{"rendered":"<p>[et_pb_section fb_built=\u00bb1&#8243; custom_padding_last_edited=\u00bbon|desktop\u00bb admin_label=\u00bbsection\u00bb module_class=\u00bbinterior\u00bb _builder_version=\u00bb4.16&#8243; background_color=\u00bb#ffffff\u00bb custom_padding_tablet=\u00bb50px|0|50px|0&#8243; transparent_background=\u00bboff\u00bb padding_mobile=\u00bboff\u00bb make_fullwidth=\u00bboff\u00bb use_custom_width=\u00bboff\u00bb width_unit=\u00bbon\u00bb global_colors_info=\u00bb{}\u00bb custom_padding_phone=\u00bb50px|0|50px|0&#8243;][et_pb_row padding_mobile=\u00bboff\u00bb column_padding_mobile=\u00bbon\u00bb admin_label=\u00bbrow\u00bb module_class=\u00bbcontenedor\u00bb _builder_version=\u00bb4.16&#8243; background_size=\u00bbinitial\u00bb background_position=\u00bbtop_left\u00bb background_repeat=\u00bbrepeat\u00bb make_fullwidth=\u00bboff\u00bb use_custom_width=\u00bboff\u00bb width_unit=\u00bbon\u00bb global_colors_info=\u00bb{}\u00bb][et_pb_column type=\u00bb4_4&#8243; _builder_version=\u00bb4.16&#8243; custom_padding=\u00bb|||\u00bb global_colors_info=\u00bb{}\u00bb custom_padding__hover=\u00bb|||\u00bb][et_pb_text admin_label=\u00bbTexto\u00bb _builder_version=\u00bb4.16&#8243; background_size=\u00bbinitial\u00bb background_position=\u00bbtop_left\u00bb background_repeat=\u00bbrepeat\u00bb use_border_color=\u00bboff\u00bb border_color=\u00bb#ffffff\u00bb border_style=\u00bbsolid\u00bb global_colors_info=\u00bb{}\u00bb]<\/p>\n<h2>Como es y qu\u00e9 hacer un d\u00eda de txotx<\/h2>\n<p>Acudir a una sidrer\u00eda, iniciarse en el rito del txotx, disfrutar del trasiego de gentes de un lugar a otro, comer de pie, sin platos&#8230; son algunas de las pautas que han de tenerse presentes, hay que conocerlas para no dejarse sorprender por la situaci\u00f3n. La experiencia es \u00fanica y ha de disfrutarse.<br \/>\n[\/et_pb_text][\/et_pb_column][\/et_pb_row][et_pb_row padding_mobile=\u00bboff\u00bb column_padding_mobile=\u00bbon\u00bb admin_label=\u00bbrow\u00bb module_class=\u00bbcontenedor acordeon\u00bb _builder_version=\u00bb4.16&#8243; background_size=\u00bbinitial\u00bb background_position=\u00bbtop_left\u00bb background_repeat=\u00bbrepeat\u00bb make_fullwidth=\u00bboff\u00bb use_custom_width=\u00bboff\u00bb width_unit=\u00bbon\u00bb global_colors_info=\u00bb{}\u00bb column_structure=\u00bb2_3,1_3&#8243;][et_pb_column type=\u00bb2_3&#8243; _builder_version=\u00bb4.16&#8243; custom_padding=\u00bb|||\u00bb global_colors_info=\u00bb{}\u00bb custom_padding__hover=\u00bb|||\u00bb][et_pb_accordion admin_label=\u00bbAcorde\u00f3n\u00bb module_id=\u00bbmoverse\u00bb _builder_version=\u00bb4.16&#8243; use_border_color=\u00bboff\u00bb border_color=\u00bb#ffffff\u00bb border_style=\u00bbsolid\u00bb global_colors_info=\u00bb{}\u00bb][et_pb_accordion_item title=\u00bbAcude abrigado\u00bb _builder_version=\u00bb4.16&#8243; global_colors_info=\u00bb{}\u00bb open=\u00bbon\u00bb]La temporada se desarrolla principalmente en invierno y te encuentras en una bodega. Normalmente no hay calefacci\u00f3n, y tendr\u00e1s que moverte entre dos espacios, el comedor y la bodega, con sensibles diferencias de temperatura.<br \/>\n[\/et_pb_accordion_item][et_pb_accordion_item title=\u00bbSin plato\u00bb _builder_version=\u00bb4.16&#8243; global_colors_info=\u00bb{}\u00bb open=\u00bboff\u00bb]Ten en cuenta que comer\u00e1s sin plato. El tradicional men\u00fa de sidrer\u00eda se disfruta compartiendo una \u00fanica fuente.<br \/>\n[\/et_pb_accordion_item][et_pb_accordion_item title=\u00bbCon el vaso vac\u00edo\u00bb _builder_version=\u00bb4.16&#8243; global_colors_info=\u00bb{}\u00bb open=\u00bboff\u00bb]La sidra se cata y se aprecia en la zona de los toneles, en la bodega. All\u00ed tienes que acudir con un vaso vac\u00edo. Sigue al sidrero al grito de txotx y col\u00f3cate en la fila que se va creando en frente del tonel. Prueba la sidra, comparte tus sensaciones con tus compa\u00f1eros de experiencia y vuelve a la mesa con el vaso vac\u00edo.<br \/>\n[\/et_pb_accordion_item][et_pb_accordion_item title=\u00bbEl txotx\u00bb _builder_version=\u00bb4.16&#8243; global_colors_info=\u00bb{}\u00bb open=\u00bboff\u00bb]Es importante que aprendas a coger el vaso correctamente, inclinarlo hasta el punto que la sidra rompa en una de sus paredes y salte el granillo. Observa el rito y, si tienes alguna duda, pregunta.<br \/>\n[\/et_pb_accordion_item][et_pb_accordion_item title=\u00bbEn evoluci\u00f3n\u00bb _builder_version=\u00bb4.16&#8243; global_colors_info=\u00bb{}\u00bb open=\u00bboff\u00bb]Piensa que la sidra se est\u00e1 haciendo dentro del tonel, ya que es un producto vivo. La sidra que has probado hoy de un tonel, dentro de una quincena tendr\u00e1 otros matices. Y cada uno de los toneles contiene sidra de distintos sabores. Y cada sidrer\u00eda&#8230; Y cada a\u00f1ada&#8230;<br \/>\n[\/et_pb_accordion_item][et_pb_accordion_item title=\u00bbSin igual\u00bb _builder_version=\u00bb4.16&#8243; global_colors_info=\u00bb{}\u00bb open=\u00bboff\u00bb]Prueba desde distintos toneles, sidra con distintos matices&#8230; Piensa que en muy pocos lugares puedes probar la variedad de un producto natural, elaborado artesanalmente, antes de comprarlo.<br \/>\n[\/et_pb_accordion_item][et_pb_accordion_item title=\u00bbTxotx!\u00bb _builder_version=\u00bb4.16&#8243; global_colors_info=\u00bb{}\u00bb open=\u00bboff\u00bb]Debes seguir las instrucciones del sidrero y los usos y costumbres propios de la sidrer\u00eda. Cada uno tiene su sitio y debes acudir siempre a los toneles que el sidrero vaya a abrir u otorgue permiso para catar.<br \/>\n[\/et_pb_accordion_item][et_pb_accordion_item title=\u00bbDisfruta\u00bb _builder_version=\u00bb4.16&#8243; global_colors_info=\u00bb{}\u00bb open=\u00bboff\u00bb]De la comida y de la sidra. Del lugar y del ambiente. De las personas que te rodean y de una situaci\u00f3n aut\u00e9ntica. \u00danica.<br \/>\n[\/et_pb_accordion_item][et_pb_accordion_item title=\u00bbCaf\u00e9 en el pueblo\u00bb _builder_version=\u00bb4.16&#8243; global_colors_info=\u00bb{}\u00bb open=\u00bboff\u00bb]El postre pone fin a tu estancia en la sidrer\u00eda. No podr\u00e1s tomar caf\u00e9 y mucho menos una copa. Pero la experiencia no ha terminado. Lo har\u00e1 en el centro urbano, donde disfrutar\u00e1s del caf\u00e9 y de las primeras horas de una noche para recordar.<br \/>\n[\/et_pb_accordion_item][\/et_pb_accordion][et_pb_text admin_label=\u00bbTexto\u00bb module_class=\u00bbrecuerda contenido\u00bb _builder_version=\u00bb4.16&#8243; background_size=\u00bbinitial\u00bb background_position=\u00bbtop_left\u00bb background_repeat=\u00bbrepeat\u00bb use_border_color=\u00bboff\u00bb border_color=\u00bb#ffffff\u00bb border_style=\u00bbsolid\u00bb global_colors_info=\u00bb{}\u00bb]<\/p>\n<h2>Recuerda:<\/h2>\n<ul>\n<li>Reserva sitio con antelaci\u00f3n.<\/li>\n<li>Lleva ropa de abrigo y calzado adecuado.<\/li>\n<li>Llega a la sidrer\u00eda sobre las 20:00 horas.<\/li>\n<li>Sigue las pautas del sidrero.<\/li>\n<li>Coge el vaso adecuadamente y ll\u00e9nalo poco.<\/li>\n<li>Respeta el descanso de los vecinos.<\/li>\n<li>Mira, huele y saborea.<\/li>\n<li>Comparte sensaciones con el vecino.<\/li>\n<li>Lleva el vaso vac\u00edo a la mesa.<\/li>\n<li>Aparca en los sitios se\u00f1alizados.<\/li>\n<li>Toma el caf\u00e9 en el pueblo.<\/li>\n<\/ul>\n<p>[\/et_pb_text][\/et_pb_column][et_pb_column type=\u00bb1_3&#8243; _builder_version=\u00bb4.16&#8243; custom_padding=\u00bb|||\u00bb global_colors_info=\u00bb{}\u00bb custom_padding__hover=\u00bb|||\u00bb][et_pb_code admin_label=\u00bbC\u00f3digo\u00bb _builder_version=\u00bb4.27.4&#8243; hover_enabled=\u00bb0&#8243; global_colors_info=\u00bb{}\u00bb sticky_enabled=\u00bb0&#8243; disabled_on=\u00bbon|on|on\u00bb disabled=\u00bbon\u00bb]<\/p>\n<div class=\"banner-reservar\"><a href=\"https:\/\/sagardoarenlurraldea.eus\/es\/sidrerias\/reservar-sidreria\/\"><!-- [et_pb_line_break_holder] --><\/p>\n<h2>Reservar sidrer\u00eda<\/h2>\n<pee>Nosotros te buscamos sitio<\/pee>\n<div class=\"serv-gratuito\">\u00a1SERVICIO<!\u2013- [et_pb_br_holder] -\u2013>GRATUITO!<\/div>\n<p><\/a><\/div>\n<p>[\/et_pb_code][et_pb_text _builder_version=\u00bb4.27.4&#8243; _module_preset=\u00bbdefault\u00bb hover_enabled=\u00bb0&#8243; sticky_enabled=\u00bb0&#8243;]<\/p>\n<div class=\"banner-reservar\">\n<a href=\"https:\/\/sagardoarenlurraldea.eus\/es\/sidrerias\/reservar-sidreria\/\"><\/p>\n<h2>Reservar sidrer\u00eda<\/h2>\n<p>Nosotros te buscamos sitio<\/p>\n<div class=\"serv-gratuito\">\u00a1SERVICIO<br \/>GRATUITO!<\/div>\n<p><\/a>\n<\/div>\n<p>[\/et_pb_text][\/et_pb_column][\/et_pb_row][et_pb_row padding_mobile=\u00bboff\u00bb column_padding_mobile=\u00bbon\u00bb admin_label=\u00bbrow\u00bb module_class=\u00bbcontenedor acordeon\u00bb _builder_version=\u00bb4.16&#8243; background_size=\u00bbinitial\u00bb background_position=\u00bbtop_left\u00bb background_repeat=\u00bbrepeat\u00bb make_fullwidth=\u00bboff\u00bb use_custom_width=\u00bboff\u00bb width_unit=\u00bbon\u00bb global_colors_info=\u00bb{}\u00bb column_structure=\u00bb1_2,1_2&#8243;][et_pb_column type=\u00bb1_2&#8243; _builder_version=\u00bb4.16&#8243; custom_padding=\u00bb|||\u00bb global_colors_info=\u00bb{}\u00bb custom_padding__hover=\u00bb|||\u00bb][et_pb_code admin_label=\u00bbC\u00f3digo\u00bb _builder_version=\u00bb4.16&#8243; global_colors_info=\u00bb{}\u00bb]<div style=\"background:#000000;color:#ffffff;text-align:center;padding:30px;\" class=\"modulo-cta\">\r\n\t<h2 style=\"color:#ffffff;text-align:center;\">Basque Card<\/h2>\r\n\t<p style=\"color:#ffffff;text-align:center;\">Tarjeta tur\u00edstica con descuentos para la zona de sidrer\u00edas. Disponible en la Oficina de Turismo de San Sebasti\u00e1n.<\/p>\r\n\t<a class=\"et_pb_button mas_experiencias et_pb_button_0 et_pb_module et_pb_bg_layout_light\" style=\"margin:20px 0 0 0 !important;color:#ffffff !important;border-color:#ffffff !important\" href=\"https:\/\/www.sansebastianturismo.com\/images\/ssturismo\/pdf\/folleto-basque-card-cast-eng.pdf?v=1\">Desc\u00e1rgate el folleto<\/a>\r\n<\/div>[\/et_pb_code][\/et_pb_column][et_pb_column type=\u00bb1_2&#8243; _builder_version=\u00bb4.16&#8243; custom_padding=\u00bb|||\u00bb global_colors_info=\u00bb{}\u00bb custom_padding__hover=\u00bb|||\u00bb][et_pb_code admin_label=\u00bbC\u00f3digo\u00bb _builder_version=\u00bb4.16&#8243; global_colors_info=\u00bb{}\u00bb]<div style=\"background:#0c0c0c;color:#ffffff;text-align:center;padding:30px;\" class=\"modulo-cta\">\r\n\t<h2 style=\"color:#ffffff;text-align:center;\">+20 Experiencias<\/h2>\r\n\t<p style=\"color:#ffffff;text-align:center;\">Vive la cultura de la sidra a tu manera.<\/p>\r\n\t<a class=\"et_pb_button mas_experiencias et_pb_button_0 et_pb_module et_pb_bg_layout_light\" style=\"margin:20px 0 0 0 !important;color:#ffffff !important;border-color:#ffffff !important\" href=\"https:\/\/sagardoarenlurraldea.eus\/es\/experiencias\/reservar-tu-plan\/\">Planes y ofertas<\/a>\r\n<\/div>[\/et_pb_code][\/et_pb_column][\/et_pb_row][et_pb_row padding_mobile=\u00bboff\u00bb column_padding_mobile=\u00bbon\u00bb admin_label=\u00bbrow\u00bb module_class=\u00bbcontenedor acordeon\u00bb _builder_version=\u00bb4.16&#8243; background_size=\u00bbinitial\u00bb background_position=\u00bbtop_left\u00bb background_repeat=\u00bbrepeat\u00bb make_fullwidth=\u00bboff\u00bb use_custom_width=\u00bboff\u00bb width_unit=\u00bbon\u00bb global_colors_info=\u00bb{}\u00bb][et_pb_column type=\u00bb4_4&#8243; _builder_version=\u00bb4.16&#8243; custom_padding=\u00bb|||\u00bb global_colors_info=\u00bb{}\u00bb custom_padding__hover=\u00bb|||\u00bb][et_pb_code admin_label=\u00bbSabias que\u00bb _builder_version=\u00bb4.16&#8243; global_colors_info=\u00bb{}\u00bb]<div class=\"sabias_que\">\r\n\t<h3>Sab\u00edas que...<\/h3>\r\n\t<p>La <strong>manzana<\/strong> ha sido la causa de terribles batallas entre dioses y humanos, fuente de pecado y fruta de la discordia en numerosas ocasiones aunque tambi\u00e9n ha simbolizado el para\u00edso para la mitolog\u00eda celta.<\/p>\n\r\n\t<div class=\"fuente\"><span>M\u00e1s info:<\/span> <a href=\"https:\/\/sagardoarenlurraldea.eus\/museo-de-la-sidra\/sagardoetxea-el-museo\">Centro de Documentaci\u00f3n Sagardoetxea \u2013 Museo de la Sidra Vasca<\/a><\/div>\r\n<\/div>[\/et_pb_code][\/et_pb_column][\/et_pb_row][\/et_pb_section]<\/p>\n","protected":false},"excerpt":{"rendered":"<p>Como es y qu\u00e9 hacer un d\u00eda de txotx Acudir a una sidrer\u00eda, iniciarse en el rito del txotx, disfrutar del trasiego de gentes de un lugar a otro, comer [&hellip;]<\/p>\n","protected":false},"author":1,"featured_media":13258,"parent":82,"menu_order":4,"comment_status":"closed","ping_status":"closed","template":"","meta":{"_acf_changed":false,"_et_pb_use_builder":"on","_et_pb_old_content":"","_et_gb_content_width":"","footnotes":""},"class_list":["post-92","page","type-page","status-publish","has-post-thumbnail","hentry"],"acf":[],"yoast_head":"<!-- This site is optimized with the Yoast SEO plugin v25.4 - https:\/\/yoast.com\/wordpress\/plugins\/seo\/ -->\n<title>Consejos \u00fatiles para ir de sidrer\u00eda - Sagardoaren Lurraldea<\/title>\n<meta name=\"robots\" content=\"index, follow, max-snippet:-1, max-image-preview:large, max-video-preview:-1\" \/>\n<link rel=\"canonical\" href=\"https:\/\/sagardoarenlurraldea.eus\/es\/sidrerias\/consejos-utiles-para-ir-de-sidreria\/\" \/>\n<meta property=\"og:locale\" content=\"es_ES\" \/>\n<meta property=\"og:type\" content=\"article\" \/>\n<meta property=\"og:title\" content=\"Consejos \u00fatiles para ir de sidrer\u00eda - Sagardoaren Lurraldea\" \/>\n<meta property=\"og:description\" content=\"Como es y qu\u00e9 hacer un d\u00eda de txotx Acudir a una sidrer\u00eda, iniciarse en el rito del txotx, disfrutar del trasiego de gentes de un lugar a otro, comer [&hellip;]\" \/>\n<meta property=\"og:url\" content=\"https:\/\/sagardoarenlurraldea.eus\/es\/sidrerias\/consejos-utiles-para-ir-de-sidreria\/\" \/>\n<meta property=\"og:site_name\" content=\"Sagardoaren Lurraldea\" \/>\n<meta property=\"article:publisher\" content=\"https:\/\/www.facebook.com\/sagardoarenlurraldea\" \/>\n<meta property=\"article:modified_time\" content=\"2025-08-04T10:49:31+00:00\" \/>\n<meta property=\"og:image\" content=\"https:\/\/sagardoarenlurraldea.eus\/wp-content\/uploads\/2016\/05\/Cabecera-Sidrerias-1.jpg\" \/>\n\t<meta property=\"og:image:width\" content=\"1903\" \/>\n\t<meta property=\"og:image:height\" content=\"220\" \/>\n\t<meta property=\"og:image:type\" content=\"image\/jpeg\" \/>\n<meta name=\"twitter:card\" content=\"summary_large_image\" \/>\n<meta name=\"twitter:label1\" content=\"Tiempo de lectura\" \/>\n\t<meta name=\"twitter:data1\" content=\"6 minutos\" \/>\n<script type=\"application\/ld+json\" class=\"yoast-schema-graph\">{\"@context\":\"https:\/\/schema.org\",\"@graph\":[{\"@type\":\"WebPage\",\"@id\":\"https:\/\/sagardoarenlurraldea.eus\/es\/sidrerias\/consejos-utiles-para-ir-de-sidreria\/\",\"url\":\"https:\/\/sagardoarenlurraldea.eus\/es\/sidrerias\/consejos-utiles-para-ir-de-sidreria\/\",\"name\":\"Consejos \u00fatiles para ir de sidrer\u00eda - Sagardoaren Lurraldea\",\"isPartOf\":{\"@id\":\"https:\/\/sagardoarenlurraldea.eus\/es\/#website\"},\"primaryImageOfPage\":{\"@id\":\"https:\/\/sagardoarenlurraldea.eus\/es\/sidrerias\/consejos-utiles-para-ir-de-sidreria\/#primaryimage\"},\"image\":{\"@id\":\"https:\/\/sagardoarenlurraldea.eus\/es\/sidrerias\/consejos-utiles-para-ir-de-sidreria\/#primaryimage\"},\"thumbnailUrl\":\"https:\/\/sagardoarenlurraldea.eus\/wp-content\/uploads\/2016\/05\/Cabecera-Sidrerias-1.jpg\",\"datePublished\":\"2016-05-09T13:14:31+00:00\",\"dateModified\":\"2025-08-04T10:49:31+00:00\",\"breadcrumb\":{\"@id\":\"https:\/\/sagardoarenlurraldea.eus\/es\/sidrerias\/consejos-utiles-para-ir-de-sidreria\/#breadcrumb\"},\"inLanguage\":\"es\",\"potentialAction\":[{\"@type\":\"ReadAction\",\"target\":[\"https:\/\/sagardoarenlurraldea.eus\/es\/sidrerias\/consejos-utiles-para-ir-de-sidreria\/\"]}]},{\"@type\":\"ImageObject\",\"inLanguage\":\"es\",\"@id\":\"https:\/\/sagardoarenlurraldea.eus\/es\/sidrerias\/consejos-utiles-para-ir-de-sidreria\/#primaryimage\",\"url\":\"https:\/\/sagardoarenlurraldea.eus\/wp-content\/uploads\/2016\/05\/Cabecera-Sidrerias-1.jpg\",\"contentUrl\":\"https:\/\/sagardoarenlurraldea.eus\/wp-content\/uploads\/2016\/05\/Cabecera-Sidrerias-1.jpg\",\"width\":1903,\"height\":220},{\"@type\":\"BreadcrumbList\",\"@id\":\"https:\/\/sagardoarenlurraldea.eus\/es\/sidrerias\/consejos-utiles-para-ir-de-sidreria\/#breadcrumb\",\"itemListElement\":[{\"@type\":\"ListItem\",\"position\":1,\"name\":\"Inicio\",\"item\":\"https:\/\/sagardoarenlurraldea.eus\/es\/\"},{\"@type\":\"ListItem\",\"position\":2,\"name\":\"Sidrer\u00edas\",\"item\":\"https:\/\/sagardoarenlurraldea.eus\/es\/sidrerias\/\"},{\"@type\":\"ListItem\",\"position\":3,\"name\":\"Consejos \u00fatiles para ir de sidrer\u00eda\"}]},{\"@type\":\"WebSite\",\"@id\":\"https:\/\/sagardoarenlurraldea.eus\/es\/#website\",\"url\":\"https:\/\/sagardoarenlurraldea.eus\/es\/\",\"name\":\"Sagardoaren Lurraldea\",\"description\":\"El territorio de la sidra\",\"potentialAction\":[{\"@type\":\"SearchAction\",\"target\":{\"@type\":\"EntryPoint\",\"urlTemplate\":\"https:\/\/sagardoarenlurraldea.eus\/es\/?s={search_term_string}\"},\"query-input\":{\"@type\":\"PropertyValueSpecification\",\"valueRequired\":true,\"valueName\":\"search_term_string\"}}],\"inLanguage\":\"es\"}]}<\/script>\n<!-- \/ Yoast SEO plugin. -->","yoast_head_json":{"title":"Consejos \u00fatiles para ir de sidrer\u00eda - Sagardoaren Lurraldea","robots":{"index":"index","follow":"follow","max-snippet":"max-snippet:-1","max-image-preview":"max-image-preview:large","max-video-preview":"max-video-preview:-1"},"canonical":"https:\/\/sagardoarenlurraldea.eus\/es\/sidrerias\/consejos-utiles-para-ir-de-sidreria\/","og_locale":"es_ES","og_type":"article","og_title":"Consejos \u00fatiles para ir de sidrer\u00eda - Sagardoaren Lurraldea","og_description":"Como es y qu\u00e9 hacer un d\u00eda de txotx Acudir a una sidrer\u00eda, iniciarse en el rito del txotx, disfrutar del trasiego de gentes de un lugar a otro, comer [&hellip;]","og_url":"https:\/\/sagardoarenlurraldea.eus\/es\/sidrerias\/consejos-utiles-para-ir-de-sidreria\/","og_site_name":"Sagardoaren Lurraldea","article_publisher":"https:\/\/www.facebook.com\/sagardoarenlurraldea","article_modified_time":"2025-08-04T10:49:31+00:00","og_image":[{"width":1903,"height":220,"url":"https:\/\/sagardoarenlurraldea.eus\/wp-content\/uploads\/2016\/05\/Cabecera-Sidrerias-1.jpg","type":"image\/jpeg"}],"twitter_card":"summary_large_image","twitter_misc":{"Tiempo de lectura":"6 minutos"},"schema":{"@context":"https:\/\/schema.org","@graph":[{"@type":"WebPage","@id":"https:\/\/sagardoarenlurraldea.eus\/es\/sidrerias\/consejos-utiles-para-ir-de-sidreria\/","url":"https:\/\/sagardoarenlurraldea.eus\/es\/sidrerias\/consejos-utiles-para-ir-de-sidreria\/","name":"Consejos \u00fatiles para ir de sidrer\u00eda - Sagardoaren Lurraldea","isPartOf":{"@id":"https:\/\/sagardoarenlurraldea.eus\/es\/#website"},"primaryImageOfPage":{"@id":"https:\/\/sagardoarenlurraldea.eus\/es\/sidrerias\/consejos-utiles-para-ir-de-sidreria\/#primaryimage"},"image":{"@id":"https:\/\/sagardoarenlurraldea.eus\/es\/sidrerias\/consejos-utiles-para-ir-de-sidreria\/#primaryimage"},"thumbnailUrl":"https:\/\/sagardoarenlurraldea.eus\/wp-content\/uploads\/2016\/05\/Cabecera-Sidrerias-1.jpg","datePublished":"2016-05-09T13:14:31+00:00","dateModified":"2025-08-04T10:49:31+00:00","breadcrumb":{"@id":"https:\/\/sagardoarenlurraldea.eus\/es\/sidrerias\/consejos-utiles-para-ir-de-sidreria\/#breadcrumb"},"inLanguage":"es","potentialAction":[{"@type":"ReadAction","target":["https:\/\/sagardoarenlurraldea.eus\/es\/sidrerias\/consejos-utiles-para-ir-de-sidreria\/"]}]},{"@type":"ImageObject","inLanguage":"es","@id":"https:\/\/sagardoarenlurraldea.eus\/es\/sidrerias\/consejos-utiles-para-ir-de-sidreria\/#primaryimage","url":"https:\/\/sagardoarenlurraldea.eus\/wp-content\/uploads\/2016\/05\/Cabecera-Sidrerias-1.jpg","contentUrl":"https:\/\/sagardoarenlurraldea.eus\/wp-content\/uploads\/2016\/05\/Cabecera-Sidrerias-1.jpg","width":1903,"height":220},{"@type":"BreadcrumbList","@id":"https:\/\/sagardoarenlurraldea.eus\/es\/sidrerias\/consejos-utiles-para-ir-de-sidreria\/#breadcrumb","itemListElement":[{"@type":"ListItem","position":1,"name":"Inicio","item":"https:\/\/sagardoarenlurraldea.eus\/es\/"},{"@type":"ListItem","position":2,"name":"Sidrer\u00edas","item":"https:\/\/sagardoarenlurraldea.eus\/es\/sidrerias\/"},{"@type":"ListItem","position":3,"name":"Consejos \u00fatiles para ir de sidrer\u00eda"}]},{"@type":"WebSite","@id":"https:\/\/sagardoarenlurraldea.eus\/es\/#website","url":"https:\/\/sagardoarenlurraldea.eus\/es\/","name":"Sagardoaren Lurraldea","description":"El territorio de la sidra","potentialAction":[{"@type":"SearchAction","target":{"@type":"EntryPoint","urlTemplate":"https:\/\/sagardoarenlurraldea.eus\/es\/?s={search_term_string}"},"query-input":{"@type":"PropertyValueSpecification","valueRequired":true,"valueName":"search_term_string"}}],"inLanguage":"es"}]}},"_links":{"self":[{"href":"https:\/\/sagardoarenlurraldea.eus\/es\/wp-json\/wp\/v2\/pages\/92","targetHints":{"allow":["GET"]}}],"collection":[{"href":"https:\/\/sagardoarenlurraldea.eus\/es\/wp-json\/wp\/v2\/pages"}],"about":[{"href":"https:\/\/sagardoarenlurraldea.eus\/es\/wp-json\/wp\/v2\/types\/page"}],"author":[{"embeddable":true,"href":"https:\/\/sagardoarenlurraldea.eus\/es\/wp-json\/wp\/v2\/users\/1"}],"replies":[{"embeddable":true,"href":"https:\/\/sagardoarenlurraldea.eus\/es\/wp-json\/wp\/v2\/comments?post=92"}],"version-history":[{"count":5,"href":"https:\/\/sagardoarenlurraldea.eus\/es\/wp-json\/wp\/v2\/pages\/92\/revisions"}],"predecessor-version":[{"id":301542,"href":"https:\/\/sagardoarenlurraldea.eus\/es\/wp-json\/wp\/v2\/pages\/92\/revisions\/301542"}],"up":[{"embeddable":true,"href":"https:\/\/sagardoarenlurraldea.eus\/es\/wp-json\/wp\/v2\/pages\/82"}],"wp:featuredmedia":[{"embeddable":true,"href":"https:\/\/sagardoarenlurraldea.eus\/es\/wp-json\/wp\/v2\/media\/13258"}],"wp:attachment":[{"href":"https:\/\/sagardoarenlurraldea.eus\/es\/wp-json\/wp\/v2\/media?parent=92"}],"curies":[{"name":"wp","href":"https:\/\/api.w.org\/{rel}","templated":true}]}}