{"id":9185,"date":"2016-11-22T13:45:09","date_gmt":"2016-11-22T11:45:09","guid":{"rendered":"http:\/\/www.sagardoarenlurraldea.eus\/?page_id=9185"},"modified":"2021-07-20T17:48:35","modified_gmt":"2021-07-20T15:48:35","slug":"como-reservar","status":"publish","type":"page","link":"https:\/\/sagardoarenlurraldea.eus\/es\/como-reservar\/","title":{"rendered":"C\u00f3mo reservar"},"content":{"rendered":"<p><strong>Informaci\u00f3n previa<\/strong><\/p>\n<p>El Consorcio Sagardun en cumplimiento de las disposiciones relativas en la Ley 34\/2002, de 11 de julio, sobre Servicios de la Sociedad dela Informaci\u00f3n y de Comercio Electr\u00f3nico, informa al usuario de la p\u00e1gina web con car\u00e1cter previo a la prestaci\u00f3n del servicio, de los tr\u00e1mites y obligaciones que deben llevarse a cabo para la efectiva celebraci\u00f3n del contrato:<\/p>\n<ul>\n<li>El Cliente se compromete a leer detenidamente el contenido de las Condiciones de Contrataci\u00f3n, tanto las Generales como las Particulares que se reflejen en el pedido electr\u00f3nico.<\/li>\n<li>Introducir los datos personales e informaci\u00f3n adicional imprescindible para la prestaci\u00f3n del servicio.<\/li>\n<\/ul>\n<p>El Consorcio Sagardun garantiza a trav\u00e9s de lo dispuesto en las presentes Condiciones, el pleno cumplimiento de la normativa sobre defensa de Consumidores y Clientes que resultare de aplicaci\u00f3n protegiendo sus leg\u00edtimos intereses desde el inicio hasta la finalizaci\u00f3n del proceso de contrataci\u00f3n de los productos y servicios suministrados a trav\u00e9s de la p\u00e1gina web.<\/p>\n<p><strong>Identificaci\u00f3n de las partes<\/strong><\/p>\n<p>De una parte, el Consorcio Sagardun con domicilio en la calle Nagusia, 48, 20115 Astigarraga (Gipuzkoa) y con CIF G-20808986, inscrita en el Registro de Empresas Tur\u00edsticas del Pa\u00eds Vasco con el n\u00ba ASS00224, es el titular de los portales <a href=\"https:\/\/sagardoarenlurraldea.eus\" data-wpel-link=\"internal\">www.sagardoarenlurraldea.eus<\/a> y <a title=\"Se abrir\u00e1 en nueva ventana\" href=\"http:\/\/www.elterritoriodelasidra.com\" target=\"_blank\" rel=\"external nofollow noopener\" data-wpel-link=\"external\">www.elterritoriodelasidra.com<\/a> y pone estos portales a disposici\u00f3n de los usuarios de Internet, con el fin ofrecer un servicio gratuito de b\u00fasqueda y reserva online de sidrer\u00edas y experiencias tur\u00edsticas.<\/p>\n<p>Y de otra, por el Usuario, cuyos datos identificativos son los facilitados directamente por \u00e9ste mediante la incorporaci\u00f3n de sus datos a los distintos formularios que el Consorcio Sagardun pone a su disposici\u00f3n para acceder a cualquiera de los servicios que se ofrecen a trav\u00e9s de la p\u00e1gina web propiedad del Consorcio Sagardun. Esto implica necesariamente la recogida de datos de car\u00e1cter personal, por lo que la responsabilidad sobre la autenticidad de los mismos corresponde directa y exclusivamente al Usuario.<\/p>\n<p><strong>Objeto del contrato<\/strong><\/p>\n<p>Las presentes Condiciones que rigen la prestaci\u00f3n de los servicios tienen por objeto regular el acceso y el r\u00e9gimen de adquisici\u00f3n de los servicios y contenidos facilitados por el Consorcio Sagardun al Cliente a trav\u00e9s de su p\u00e1gina web, constituyendo el marco jur\u00eddico que desarrolla la relaci\u00f3n contractual.<\/p>\n<p>Los servicios y contenidos, ser\u00e1n los que se encuentren a disposici\u00f3n del Cliente en las siguientes p\u00e1ginas web cuya titularidad corresponde al Consorcio Sagardun: <a href=\"https:\/\/sagardoarenlurraldea.eus\" data-wpel-link=\"internal\">www.sagardoarenlurraldea.eus<\/a> y <a title=\"Se abrir\u00e1 en nueva ventana\" href=\"http:\/\/www.elterritoriodelasidra.com\" target=\"_blank\" rel=\"external nofollow noopener\" data-wpel-link=\"external\">www.elterritoriodelasidra.com<\/a><\/p>\n<p><strong>Aceptaci\u00f3n y disponibilidad<\/strong><\/p>\n<p>Las presentes Condiciones regulan la relaci\u00f3n jur\u00eddica derivada de los procesos de contrataci\u00f3n formalizados por los Clientes a trav\u00e9s de la p\u00e1gina web del Consorcio Sagardun. Los Clientes aceptan expresamente la adhesi\u00f3n plena y sin reservas a las presentes estipulaciones, en la versi\u00f3n publicada por el Consorcio Sagardun en el momento en que el Cliente contrate el servicio y\/o contenidos que resulten de su inter\u00e9s. Por tanto, el Cliente se compromete a leer atentamente las Condiciones de Contrataci\u00f3n, cada vez que proceda a la contrataci\u00f3n de alg\u00fan servicio, dado que las mismas han podido ser objeto de modificaci\u00f3n desde la \u00faltima vez que accedi\u00f3 a este servicio.<\/p>\n<p>Mediante la aceptaci\u00f3n de las presentes Condiciones Generales de Contrataci\u00f3n el Cliente declara:<\/p>\n<ul>\n<li>Que es una persona con capacidad para contratar.<\/li>\n<li>Que ha le\u00eddo y acepta las presentes Condiciones Generales de Contrataci\u00f3n.<\/li>\n<\/ul>\n<p>El Cliente tendr\u00e1 acceso, siempre y en todo caso, con car\u00e1cter previo al inicio del procedimiento de contrataci\u00f3n de servicios, a las Condiciones de Contrataci\u00f3n, pudiendo ser almacenadas y\/o reproducidas en un soporte duradero.<\/p>\n<p><strong>Modificaci\u00f3n de las condiciones de contrataci\u00f3n <\/strong><\/p>\n<p>El Consorcio Sagardun podr\u00e1 modificar las presentes estipulaciones siempre que exista causa o motivo suficiente para ello.<\/p>\n<p>Se entiende que existe causa o motivo suficiente para la modificaci\u00f3n, con car\u00e1cter enunciativo y no limitativo, cuando \u00e9sta tenga por finalidad:<\/p>\n<ul>\n<li>Ampliar la gama o n\u00famero de servicios que se ponen a disposici\u00f3n de los Clientes o mejorar los existentes.<\/li>\n<li>Modificar, sustituir o actualizar los precios de los servicios que se ofrecen a trav\u00e9s de la p\u00e1gina web.<\/li>\n<\/ul>\n<p>&nbsp;<\/p>\n<p><strong>Derechos y obligaciones de las partes<\/strong><\/p>\n<ol>\n<li>Obligaciones del Consorcio Sagardun:<\/li>\n<\/ol>\n<p>El Consorcio Sagardun, se compromete a cumplir con las siguientes obligaciones contractuales derivadas de la relaci\u00f3n comercial con el Cliente consecuencia de la contrataci\u00f3n de los servicios por parte del mismo:<\/p>\n<ul>\n<li>Prestar, con las m\u00e1ximas garant\u00edas, al Cliente el servicio solicitado por \u00e9ste conforme a lo dispuesto en las Condiciones de Contrataci\u00f3n, sin faltar a la buena fe contractual.<\/li>\n<li>Informar expresamente al Cliente de la existencia de las presentes Condiciones con car\u00e1cter previo al inicio del procedimiento de contrataci\u00f3n.<\/li>\n<li>Informar al Cliente, con car\u00e1cter previo a la contrataci\u00f3n y de manera concreta, clara, precisa e inequ\u00edvoca, de las caracter\u00edsticas espec\u00edficas de los servicios solicitados, tales como el precio de los mismos y los impuestos que le sean de aplicaci\u00f3n.<\/li>\n<li>Poner a disposici\u00f3n del Cliente un ejemplar del texto de las Condiciones generales.<\/li>\n<li>Confirmar al Cliente, v\u00eda e-mail, tanto su pedido, como la reserva, en su caso, poniendo a su disposici\u00f3n un n\u00famero de pedido, como la realizaci\u00f3n efectiva de la contrataci\u00f3n en el plazo m\u00e1ximo de 24 horas desde la aceptaci\u00f3n por parte del mismo de las Condiciones de Contrataci\u00f3n, tanto Generales como Particulares que se reflejen en su pedido.<\/li>\n<\/ul>\n<ol>\n<li>Obligaciones del Cliente:<\/li>\n<\/ol>\n<p>Por su parte, el Cliente se compromete a:<\/p>\n<ul>\n<li>Llevar a cabo el \u00edntegro cumplimiento de lo establecido en las presentes Condiciones relativas a los servicios facilitados por el Consorcio Sagardun.<\/li>\n<li>Cumplimentar los formularios de registro previos al inicio del procedimiento de contrataci\u00f3n con informaci\u00f3n veraz y actual.<\/li>\n<li>Facilitar, de forma correcta, los datos bancarios solicitados, en tanto que el Consorcio Sagardun se reserva el derecho de cambiar la entidad bancaria colaboradora, comprometi\u00e9ndose a informar al Cliente la entidad bancaria vigente a trav\u00e9s de las presentes Condiciones de Contrataci\u00f3n.<\/li>\n<li>Omitir el env\u00edo de mensajes que, de alg\u00fan modo, impidan o dificulten el normal funcionamiento del servicio. En cualquier caso, el Cliente ser\u00e1 el \u00fanico y total responsable del contenido de los mensajes que escriba o env\u00ede, as\u00ed como de los datos que facilite y de la utilizaci\u00f3n de los contenidos de la p\u00e1gina web de manera il\u00edcita o ileg\u00edtima.<\/li>\n<li>Pagar el precio de los servicios, sin que la presentaci\u00f3n de una queja o reclamaci\u00f3n le exima de esta obligaci\u00f3n.<\/li>\n<\/ul>\n<ol>\n<li>Derechos del Cliente:<\/li>\n<\/ol>\n<p>Toda la informaci\u00f3n proporcionada al Cliente tendr\u00e1 el car\u00e1cter de vinculante para el oferente en los t\u00e9rminos establecidos en las Condiciones de Contrataci\u00f3n y en su defecto y en tanto no se oponga a lo aqu\u00ed estipulado, por la legislaci\u00f3n vigente.<\/p>\n<p>Todo Cliente de los servicios contratados tiene derecho a que los bienes y los servicios que adquiera sean de la calidad, categor\u00eda y requerimientos contratados, en virtud de la Ley de Consumidores y Usuarios y de las Condiciones Generales de Contrataci\u00f3n.<\/p>\n<p>Los precios y tarifas aplicables a la contrataci\u00f3n por parte del usuario de los servicios, ser\u00e1n los que figuren en la p\u00e1gina web titularidad del Consorcio Sagardun, en el momento en el que el usuario acceda al servicio espec\u00edfico, y proceda a iniciar el proceso de contrataci\u00f3n.<\/p>\n<p>El Consorcio Sagardun se reserva el derecho a modificar las tarifas publicadas en la p\u00e1gina web mencionada anteriormente, cuando as\u00ed lo considere conveniente.<\/p>\n<p><strong>Gratuidad en el servicio de reserva<\/strong><\/p>\n<p>El Consorcio Sagardun ofrece a trav\u00e9s de <a href=\"https:\/\/sagardoarenlurraldea.eus\" data-wpel-link=\"internal\">www.sagardoarenlurraldea.eus<\/a> un servicio gratuito de b\u00fasqueda y reserva online de sidrer\u00edas y experiencias tur\u00edsticas, por lo que el Consorcio Sagardun no le cobrar\u00e1 ninguna comisi\u00f3n al cliente al realizar la reserva deseada.<\/p>\n<p><strong>Cancelaci\u00f3n de la reserva<\/strong><\/p>\n<p>La reserva efectuada podr\u00e1 cancelarse con 24 horas de antelaci\u00f3n v\u00eda correo electr\u00f3nico a <a href=\"mailto:info@sagardoarenlurraldea.eus\">info@sagardoarenlurraldea.eus <\/a>o v\u00eda tel\u00e9fono al +34 943550575 indicando siempre el n\u00famero de localizador de reserva.<\/p>\n<p><strong>Modificaci\u00f3n de la reserva<\/strong><\/p>\n<p>La reserva efectuada podr\u00e1 modificarse con 24 horas de antelaci\u00f3n, v\u00eda correo electr\u00f3nico a <a href=\"mailto:info@sagardoarenlurraldea.eus\">info@sagardoarenlurraldea.eus <\/a>o v\u00eda tel\u00e9fono al +34 943550575 indicando siempre el n\u00famero de localizador de reserva.<\/p>\n<p><strong>Seguridad en el pago con tarjetas de cr\u00e9dito <\/strong><\/p>\n<p>El Consorcio Sagardun utiliza los sistemas de autenticaci\u00f3n Verified by Visa y MasterCard SecureCode que proporcionan un alto grado de seguridad en las compras a trav\u00e9s de Internet, comprobando la identidad del titular de la tarjeta antes de la aprobaci\u00f3n de la compra.<\/p>\n<p>Para comprobar la identidad del titular de la tarjeta con la que se quiere pagar, se requiere la introducci\u00f3n de un c\u00f3digo o contrase\u00f1a secreta espec\u00edfica para compras en Internet (de forma similar a c\u00f3mo se opera en cajeros) y que s\u00f3lo conoce el leg\u00edtimo titular. Si Usted no tiene este c\u00f3digo o contrase\u00f1a para compras en Internet, puede obtenerlo siguiendo los pasos que le indique el navegador, ya que el mismo conectar\u00e1 con su Banco. Esta informaci\u00f3n no se comparte con la tienda-comercio, ya que esta ventana est\u00e1 siendo mostrada directamente a usted por su banco (a trav\u00e9s de Sistema 4B).<\/p>\n<p>Todas las comunicaciones utilizan niveles de cifrado SSL 128 bits que garantizan la confidencialidad de la informaci\u00f3n. Puede verificar la autenticidad de la ventana de petici\u00f3n de contrase\u00f1a examinando el certificado de seguridad haciendo click en icono de candado en la parte inferior de la ventana. El certificado debe corresponder a la direcci\u00f3n\u201dtelepago.4b.com\u201d.<\/p>\n<p>MasterCard SecureCode y Verified by Visa son sistemas y marcas registradas de Visa y MasterCard que proporcionan mayor tranquilidad a sus compras en Internet.<\/p>\n<p><strong>Pago directo en destino<\/strong><\/p>\n<p>El cliente realizar\u00e1 el pago por el total de la reserva directamente en el destino, cuando utilice el servicio contratado. El pago ser\u00e1 en la forma y manera que establezcan en ese momento el prestatario del servicio y Vd. como cliente (tarjeta de cr\u00e9dito, efectivo\u2026).<\/p>\n<p><strong>Pago con trasferencia<\/strong><\/p>\n<p>Con una antelaci\u00f3n m\u00ednima de 5 d\u00edas a su llegada, deber\u00e1 realizar la transferencia a nuestra Cuenta de Laboral Kutxa IBAN: ES24 \/\/ n\u00ba 3035 0214 3121 4001 3117, debiendo indicar en la misma el n\u00famero de Localizador de su reserva.<\/p>\n<p>El c\u00e1lculo total y final de la reserva incluye el IVA., salvo que no se incluyan expresamente.<\/p>\n<p><strong>Periodo de validez de las presentes condiciones <\/strong><\/p>\n<p>El per\u00edodo de validez de las presentes Condiciones ser\u00e1 el tiempo que permanezcan publicadas en la p\u00e1gina web y se aplicar\u00e1n a los servicios adquiridos en el momento en que dichas Condiciones estuvieran disponibles.<\/p>\n<p>En todo caso, el Consorcio Sagardun se reserva el derecho de modificarlas de forma unilateral, sin que ello pueda afectar a los servicios contratados por los Clientes con car\u00e1cter previo a la modificaci\u00f3n, salvo en aquellos supuestos en los que el Cliente hubiera cambiado o modificado el servicio contratado, en cuyo caso resultar\u00e1n de aplicaci\u00f3n las condiciones vigentes en el momento del cambio y\/o modificaci\u00f3n.<\/p>\n<p><strong>Nulidad e ineficacia de las cl\u00e1usulas<\/strong><\/p>\n<p>Si cualquiera cl\u00e1usula incluida en estas Condiciones fuese declarada total o parcialmente nula o ineficaz, tal nulidad afectar\u00e1 tan s\u00f3lo a dicha disposici\u00f3n o la parte de la misma que resulte nula o ineficaz, subsistiendo en todo lo dem\u00e1s las condiciones.<\/p>\n<p><strong>Legislaci\u00f3n aplicable y jurisdicci\u00f3n <\/strong><\/p>\n<p>El cliente acepta que la legislaci\u00f3n aplicable al funcionamiento de este servicio es la espa\u00f1ola y se somete a la Jurisdicci\u00f3n y Tribunales de San Sebasti\u00e1n para la resoluci\u00f3n de los conflictos derivados de la interpretaci\u00f3n y aplicaci\u00f3n del presente contrato.<\/p>\n<p><strong>Aviso legal de las instrucciones <\/strong><\/p>\n<p>Mediante la aceptaci\u00f3n de las presentes disposiciones, el Cliente se compromete a usar la presente p\u00e1gina web y los servicios puestos a su disposici\u00f3n en la misma, de la manera y en la forma que en ella misma se establece, seg\u00fan las presentes instrucciones, quedando obligado a no utilizar la web y sus servicios con fines ileg\u00edtimo y\/o contrarios a los fines establecidos en este aviso legal, que pudieran ser lesivos de derechos y\/o intereses de terceros o que de cualquier forma puedan da\u00f1ar la presente web o impedir su correcto funcionamiento o el de los servicios que en ella se ofrecen u ofrecieran en un futuro.<\/p>\n<p>De igual forma, el Cliente se abstendr\u00e1 de obtener directa o indirectamente los contenidos facilitados en la web por medios ileg\u00edtimos, il\u00edcitos, fraudulentos, robo o plagio de los mismos, o de cualquier otra forma que contraviniere de conformidad con lo establecido en el C\u00f3digo Penal y en la normativa de aplicaci\u00f3n.<\/p>\n<p>El Consorcio Sagardun se reserva el derecho a no conceder el acceso a la web, sin previo aviso, a cualquier Cliente o tercero que contravenga lo dispuesto en las presentes condiciones generales de contrataci\u00f3n.<\/p>\n<p>Por su parte, el Cliente, se compromete a no hacer un uso ileg\u00edtimo o il\u00edcito de los contenidos de la web, o que pueda suponer directa o indirectamente un da\u00f1o y\/o perjuicio al Consorcio Sagardun. Por tanto, el Cliente se abstendr\u00e1, a t\u00edtulo meramente enunciativo y no limitativo, de modificar, copiar, distribuir, publicar, ceder y\/o a vender cualquier informaci\u00f3n o apariencia concerniente a la web titularidad del Consorcio Sagardun.<\/p>\n<p>&nbsp;<\/p>\n<p><strong>Pol\u00edtica de protecci\u00f3n de datos personales<br \/>\n<\/strong><\/p>\n<p>El Consorcio Sagardun, como responsable del tratamiento, le informa que sus datos son recabados con la finalidad de: tratamiento de los datos de car\u00e1cter personal que sean obtenidos a trav\u00e9s de los formularios disponibles en la p\u00e1gina web de la empresa para el contacto con el solicitante, respuesta a consultas, reservas de experiencias y env\u00edo de boletines publicitarios. La base jur\u00eddica para el tratamiento es el consentimiento del interesado. Sus datos no se ceder\u00e1n a terceros salvo obligaci\u00f3n legal. Cualquier persona tiene derecho a solicitar el acceso, rectificaci\u00f3n, supresi\u00f3n, limitaci\u00f3n del tratamiento, oposici\u00f3n o derecho a la portabilidad de sus datos personales, escribi\u00e9ndonos a la direcci\u00f3n de nuestras oficinas, o enviando un correo electr\u00f3nico a <a href=\"mailto:info@sagardoarenlurraldea.eus\">info@sagardoarenlurraldea.eus<\/a>, indicando el derecho que desea ejercer. Puede obtener informaci\u00f3n adicional en nuestra p\u00e1gina web.<\/p>\n<p><strong>\u00bfQui\u00e9n es el responsable de sus datos?<\/strong><\/p>\n<p>De acuerdo con lo establecido por el Reglamento (UE) 2016\/679 del Parlamento Europeo y del Consejo, le informamos que los datos personales aportados ser\u00e1n tratados por el Consorcio Sagardun con CIF G20808986 y domicilio en C\/ Nagusia, 48 \u2013 20115, Astigarraga (Gipuzkoa).<\/p>\n<p><strong>\u00bfCon qu\u00e9 finalidad tratamos sus datos personales?<\/strong><\/p>\n<p>Los datos aportados por usted son necesarios para poder prestarle con todas las garant\u00edas el servicio solicitado, y ser\u00e1n tratados con las siguientes finalidades: tratamiento de los datos de car\u00e1cter personal que sean obtenidos a trav\u00e9s de los formularios disponibles en la p\u00e1gina web de la empresa para el contacto con el solicitante, respuesta a consultas, reservas de experiencias y env\u00edo de boletines publicitarios.<\/p>\n<p><strong>\u00bfPor cu\u00e1nto tiempo conservaremos sus datos?<\/strong><\/p>\n<p>Los datos personales proporcionados se conservar\u00e1n mientras se prevea que pueden ser necesarios para contactar con el interesado.<\/p>\n<p><strong>\u00bfCu\u00e1l es la legitimaci\u00f3n para el tratamiento de sus datos?<\/strong><\/p>\n<p>La base legal para el tratamiento de sus datos es el consentimiento del interesado al contactar con nuestra organizaci\u00f3n.<\/p>\n<p><strong>\u00bfA qu\u00e9 destinatarios se comunicar\u00e1n sus datos?<\/strong><\/p>\n<p>Sus datos no se ceder\u00e1n a terceros salvo obligaci\u00f3n legal.<\/p>\n<p><strong>\u00bfCu\u00e1les son sus derechos cuando nos facilita sus datos?<\/strong><\/p>\n<p>Cualquier persona tiene derecho a solicitar el acceso, rectificaci\u00f3n, supresi\u00f3n, limitaci\u00f3n del tratamiento, oposici\u00f3n o derecho a la portabilidad de sus datos personales, escribi\u00e9ndonos a la direcci\u00f3n de nuestras oficinas, o enviando un correo electr\u00f3nico a <a href=\"mailto:info@sagardoarenlurraldea.eus\">info@sagardoarenlurraldea.eus<\/a>, indicando el derecho que desea ejercer.<\/p>\n<p>Tendr\u00e1 derecho igualmente a retirar el consentimiento prestado en cualquier momento. La retirada del consentimiento no afectar\u00e1 a la licitud del tratamiento efectuado antes de la retirada de dicho consentimiento. Tiene derecho a presentar una reclamaci\u00f3n ante la autoridad de control si considera que pueden haber sido vulnerados sus derechos en lo concerniente a la protecci\u00f3n de sus datos personales.<\/p>\n<p>Si lo desea, puede consultar la correspondiente pol\u00edtica de privacidad en funci\u00f3n de cual sea su relaci\u00f3n con el Consorcio Sagardun en el apartado de <a href=\"https:\/\/sagardoarenlurraldea.eus\/es\/proteccion-de-datos\/\" target=\"_blank\" rel=\"noopener\" data-wpel-link=\"internal\">Protecci\u00f3n de Datos<\/a> de nuestra web.<\/p>\n","protected":false},"excerpt":{"rendered":"<p>Informaci\u00f3n previa El Consorcio Sagardun en cumplimiento de las disposiciones relativas en la Ley 34\/2002, de 11 de julio, sobre Servicios de la Sociedad dela Informaci\u00f3n y de Comercio Electr\u00f3nico, [&hellip;]<\/p>\n","protected":false},"author":1,"featured_media":0,"parent":0,"menu_order":150,"comment_status":"closed","ping_status":"closed","template":"","meta":{"_acf_changed":false,"_et_pb_use_builder":"","_et_pb_old_content":"","_et_gb_content_width":"","footnotes":""},"class_list":["post-9185","page","type-page","status-publish","hentry"],"acf":[],"yoast_head":"<!-- This site is optimized with the Yoast SEO plugin v25.4 - https:\/\/yoast.com\/wordpress\/plugins\/seo\/ -->\n<title>C\u00f3mo reservar - Sagardoaren Lurraldea<\/title>\n<meta name=\"robots\" content=\"index, follow, max-snippet:-1, max-image-preview:large, max-video-preview:-1\" \/>\n<link rel=\"canonical\" href=\"https:\/\/sagardoarenlurraldea.eus\/es\/como-reservar\/\" \/>\n<meta property=\"og:locale\" content=\"es_ES\" \/>\n<meta property=\"og:type\" content=\"article\" \/>\n<meta property=\"og:title\" content=\"C\u00f3mo reservar - Sagardoaren Lurraldea\" \/>\n<meta property=\"og:description\" content=\"Informaci\u00f3n previa El Consorcio Sagardun en cumplimiento de las disposiciones relativas en la Ley 34\/2002, de 11 de julio, sobre Servicios de la Sociedad dela Informaci\u00f3n y de Comercio Electr\u00f3nico, [&hellip;]\" \/>\n<meta property=\"og:url\" content=\"https:\/\/sagardoarenlurraldea.eus\/es\/como-reservar\/\" \/>\n<meta property=\"og:site_name\" content=\"Sagardoaren Lurraldea\" \/>\n<meta property=\"article:publisher\" content=\"https:\/\/www.facebook.com\/sagardoarenlurraldea\" \/>\n<meta property=\"article:modified_time\" content=\"2021-07-20T15:48:35+00:00\" \/>\n<meta name=\"twitter:card\" content=\"summary_large_image\" \/>\n<meta name=\"twitter:label1\" content=\"Tiempo de lectura\" \/>\n\t<meta name=\"twitter:data1\" content=\"12 minutos\" \/>\n<script type=\"application\/ld+json\" class=\"yoast-schema-graph\">{\"@context\":\"https:\/\/schema.org\",\"@graph\":[{\"@type\":\"WebPage\",\"@id\":\"https:\/\/sagardoarenlurraldea.eus\/es\/como-reservar\/\",\"url\":\"https:\/\/sagardoarenlurraldea.eus\/es\/como-reservar\/\",\"name\":\"C\u00f3mo reservar - Sagardoaren Lurraldea\",\"isPartOf\":{\"@id\":\"https:\/\/sagardoarenlurraldea.eus\/es\/#website\"},\"datePublished\":\"2016-11-22T11:45:09+00:00\",\"dateModified\":\"2021-07-20T15:48:35+00:00\",\"breadcrumb\":{\"@id\":\"https:\/\/sagardoarenlurraldea.eus\/es\/como-reservar\/#breadcrumb\"},\"inLanguage\":\"es\",\"potentialAction\":[{\"@type\":\"ReadAction\",\"target\":[\"https:\/\/sagardoarenlurraldea.eus\/es\/como-reservar\/\"]}]},{\"@type\":\"BreadcrumbList\",\"@id\":\"https:\/\/sagardoarenlurraldea.eus\/es\/como-reservar\/#breadcrumb\",\"itemListElement\":[{\"@type\":\"ListItem\",\"position\":1,\"name\":\"Inicio\",\"item\":\"https:\/\/sagardoarenlurraldea.eus\/es\/\"},{\"@type\":\"ListItem\",\"position\":2,\"name\":\"C\u00f3mo reservar\"}]},{\"@type\":\"WebSite\",\"@id\":\"https:\/\/sagardoarenlurraldea.eus\/es\/#website\",\"url\":\"https:\/\/sagardoarenlurraldea.eus\/es\/\",\"name\":\"Sagardoaren Lurraldea\",\"description\":\"El territorio de la sidra\",\"potentialAction\":[{\"@type\":\"SearchAction\",\"target\":{\"@type\":\"EntryPoint\",\"urlTemplate\":\"https:\/\/sagardoarenlurraldea.eus\/es\/?s={search_term_string}\"},\"query-input\":{\"@type\":\"PropertyValueSpecification\",\"valueRequired\":true,\"valueName\":\"search_term_string\"}}],\"inLanguage\":\"es\"}]}<\/script>\n<!-- \/ Yoast SEO plugin. -->","yoast_head_json":{"title":"C\u00f3mo reservar - Sagardoaren Lurraldea","robots":{"index":"index","follow":"follow","max-snippet":"max-snippet:-1","max-image-preview":"max-image-preview:large","max-video-preview":"max-video-preview:-1"},"canonical":"https:\/\/sagardoarenlurraldea.eus\/es\/como-reservar\/","og_locale":"es_ES","og_type":"article","og_title":"C\u00f3mo reservar - Sagardoaren Lurraldea","og_description":"Informaci\u00f3n previa El Consorcio Sagardun en cumplimiento de las disposiciones relativas en la Ley 34\/2002, de 11 de julio, sobre Servicios de la Sociedad dela Informaci\u00f3n y de Comercio Electr\u00f3nico, [&hellip;]","og_url":"https:\/\/sagardoarenlurraldea.eus\/es\/como-reservar\/","og_site_name":"Sagardoaren Lurraldea","article_publisher":"https:\/\/www.facebook.com\/sagardoarenlurraldea","article_modified_time":"2021-07-20T15:48:35+00:00","twitter_card":"summary_large_image","twitter_misc":{"Tiempo de lectura":"12 minutos"},"schema":{"@context":"https:\/\/schema.org","@graph":[{"@type":"WebPage","@id":"https:\/\/sagardoarenlurraldea.eus\/es\/como-reservar\/","url":"https:\/\/sagardoarenlurraldea.eus\/es\/como-reservar\/","name":"C\u00f3mo reservar - Sagardoaren Lurraldea","isPartOf":{"@id":"https:\/\/sagardoarenlurraldea.eus\/es\/#website"},"datePublished":"2016-11-22T11:45:09+00:00","dateModified":"2021-07-20T15:48:35+00:00","breadcrumb":{"@id":"https:\/\/sagardoarenlurraldea.eus\/es\/como-reservar\/#breadcrumb"},"inLanguage":"es","potentialAction":[{"@type":"ReadAction","target":["https:\/\/sagardoarenlurraldea.eus\/es\/como-reservar\/"]}]},{"@type":"BreadcrumbList","@id":"https:\/\/sagardoarenlurraldea.eus\/es\/como-reservar\/#breadcrumb","itemListElement":[{"@type":"ListItem","position":1,"name":"Inicio","item":"https:\/\/sagardoarenlurraldea.eus\/es\/"},{"@type":"ListItem","position":2,"name":"C\u00f3mo reservar"}]},{"@type":"WebSite","@id":"https:\/\/sagardoarenlurraldea.eus\/es\/#website","url":"https:\/\/sagardoarenlurraldea.eus\/es\/","name":"Sagardoaren Lurraldea","description":"El territorio de la sidra","potentialAction":[{"@type":"SearchAction","target":{"@type":"EntryPoint","urlTemplate":"https:\/\/sagardoarenlurraldea.eus\/es\/?s={search_term_string}"},"query-input":{"@type":"PropertyValueSpecification","valueRequired":true,"valueName":"search_term_string"}}],"inLanguage":"es"}]}},"_links":{"self":[{"href":"https:\/\/sagardoarenlurraldea.eus\/es\/wp-json\/wp\/v2\/pages\/9185","targetHints":{"allow":["GET"]}}],"collection":[{"href":"https:\/\/sagardoarenlurraldea.eus\/es\/wp-json\/wp\/v2\/pages"}],"about":[{"href":"https:\/\/sagardoarenlurraldea.eus\/es\/wp-json\/wp\/v2\/types\/page"}],"author":[{"embeddable":true,"href":"https:\/\/sagardoarenlurraldea.eus\/es\/wp-json\/wp\/v2\/users\/1"}],"replies":[{"embeddable":true,"href":"https:\/\/sagardoarenlurraldea.eus\/es\/wp-json\/wp\/v2\/comments?post=9185"}],"version-history":[{"count":0,"href":"https:\/\/sagardoarenlurraldea.eus\/es\/wp-json\/wp\/v2\/pages\/9185\/revisions"}],"wp:attachment":[{"href":"https:\/\/sagardoarenlurraldea.eus\/es\/wp-json\/wp\/v2\/media?parent=9185"}],"curies":[{"name":"wp","href":"https:\/\/api.w.org\/{rel}","templated":true}]}}