{"id":8941,"date":"2016-11-17T19:40:10","date_gmt":"2016-11-17T17:40:10","guid":{"rendered":"http:\/\/www.sagardoarenlurraldea.eus\/?page_id=8941"},"modified":"2018-06-04T13:05:48","modified_gmt":"2018-06-04T11:05:48","slug":"informacion-legal","status":"publish","type":"page","link":"https:\/\/sagardoarenlurraldea.eus\/es\/informacion-legal\/","title":{"rendered":"Informaci\u00f3n legal"},"content":{"rendered":"<h2 id=\"politicaCookies\"><strong>Informaci\u00f3n previa<br \/>\n<\/strong><\/h2>\n<p>El Consorcio Sagardun en cumplimiento de las disposiciones relativas en el Reglamento (UE) 2016\/679 del Parlamento Europeo y del Consejo, informa al usuario de la p\u00e1gina web con car\u00e1cter previo a la prestaci\u00f3n del servicio, de los tr\u00e1mites y obligaciones que deben llevarse a cabo para la efectiva celebraci\u00f3n del contrato:<\/p>\n<ul>\n<li>El Cliente se compromete a leer detenidamente el contenido de las Condiciones de Contrataci\u00f3n, tanto las Generales como las Particulares que se reflejen en el pedido electr\u00f3nico.<\/li>\n<li>Introducir los datos personales e informaci\u00f3n adicional imprescindible para la prestaci\u00f3n del servicio.<\/li>\n<\/ul>\n<p>El Consorcio Sagardun garantiza a trav\u00e9s de lo dispuesto en las presentes Condiciones, el pleno cumplimiento de la normativa sobre defensa de Consumidores y Clientes que resultare de aplicaci\u00f3n protegiendo sus leg\u00edtimos intereses desde el inicio hasta la finalizaci\u00f3n del proceso de contrataci\u00f3n de los productos y servicios suministrados a trav\u00e9s de la p\u00e1gina web.<\/p>\n<p><strong>Identificaci\u00f3n de las partes<\/strong><\/p>\n<p>De una parte, el Consorcio Sagardun con domicilio en la calle Nagusia, 48, 20115 Astigarraga (Gipuzkoa) y con CIF G-20808986, inscrita en el Registro de Empresas Tur\u00edsticas del Pa\u00eds Vasco con el n\u00ba ASS00224, es el titular de los portales <a href=\"https:\/\/sagardoarenlurraldea.eus\">www.sagardoarenlurraldea.eus<\/a> y <a href=\"http:\/\/www.elterritoriodelasidra.com\">www.elterritoriodelasidra.com<\/a> y pone estos portales a disposici\u00f3n de los usuarios de Internet, con el fin ofrecer un servicio gratuito de b\u00fasqueda y reserva online de sidrer\u00edas y experiencias tur\u00edsticas.<\/p>\n<p>Y de otra, el Usuario, cuyos datos identificativos son los facilitados directamente por \u00e9ste mediante la incorporaci\u00f3n de sus datos a los distintos formularios que el Consorcio Sagardun pone a su disposici\u00f3n para acceder a cualquiera de los servicios que se ofrecen a trav\u00e9s de la p\u00e1gina web propiedad del Consorcio Sagardun. Esto implica necesariamente la recogida de datos de car\u00e1cter personal, por lo que la responsabilidad sobre la autenticidad de los mismos corresponde directa y exclusivamente al Usuario.<\/p>\n<p><strong>Objeto del contrato<\/strong><\/p>\n<p>Las presentes Condiciones que rigen la prestaci\u00f3n de los servicios tienen por objeto regular el acceso y el r\u00e9gimen de adquisici\u00f3n de los servicios y contenidos facilitados por el Consorcio Sagardun al Cliente a trav\u00e9s de su p\u00e1gina web, constituyendo el marco jur\u00eddico que desarrolla la relaci\u00f3n contractual.<\/p>\n<p>Los servicios y contenidos, ser\u00e1n los que se encuentren a disposici\u00f3n del Cliente en las siguientes p\u00e1ginas web cuya titularidad corresponde al Consorcio Sagardun: <a href=\"https:\/\/sagardoarenlurraldea.eus\">www.sagardoarenlurraldea.eus<\/a> y <a href=\"http:\/\/www.elterritoriodelasidra.com\">www.elterritoriodelasidra.com<\/a><\/p>\n<p><strong>Limitaci\u00f3n de responsabilidad<\/strong><\/p>\n<p>El Cliente exonera expresamente al Consorcio Sagardun de toda responsabilidad por da\u00f1os y perjuicios directos e indirectos derivados de eventuales errores u omisiones en la web, por la eventual interrupci\u00f3n, suspensi\u00f3n, retardo o anomal\u00eda en el acceso a la misma, por las consecuencias que lo anterior ocasione en la prestaci\u00f3n del servicio.<\/p>\n<p>Igualmente, el Cliente exonera al Consorcio Sagardun por cualquier fraude o uso ileg\u00edtimo por parte de terceros sobre el objeto contratado. Todo ello en cualquier instancia y no obstante cualquier otra disposici\u00f3n prevista en estas Condiciones de Contrataci\u00f3n.<\/p>\n<p>El Consorcio Sagardun se compromete a poner el m\u00e1ximo cuidado para preservar la web de cualesquiera virus, troyanos y dem\u00e1s elementos que pudieran vulnerar o da\u00f1ar el sistema inform\u00e1tico del Cliente o de terceros. En cualquier caso, el Cliente exonera de toda responsabilidad al Consorcio Sagardun por los da\u00f1os y perjuicios directos o indirectos causados por la eventual existencia de tales elementos da\u00f1inos o maliciosos.<\/p>\n<p><strong>Entorno seguro <\/strong><\/p>\n<p>El Consorcio Sagardun, a trav\u00e9s de la p\u00e1gina web, utiliza medios de tecnolog\u00eda punta para garantizar la protecci\u00f3n de la informaci\u00f3n. El Consorcio Sagardun garantiza que la contrataci\u00f3n de los servicios se realiza en un entorno seguro.<\/p>\n<p><strong>Hiperenlaces<\/strong><\/p>\n<p>El Consorcio Sagardun, no es responsable de las p\u00e1ginas web enlazadas a esta, por lo que no se hace responsable de sus contenidos. Los riesgos derivados de la consulta de tales p\u00e1ginas web corresponden exclusivamente a los usuarios, que deber\u00e1n regirse por los t\u00e9rminos, condiciones y avisos legales de las mismas, de los que igualmente el Consorcio Sagardun no se hace responsable.<\/p>\n<p><strong>Propiedad intelectual e industrial<\/strong><\/p>\n<p>El \u00a9Consorcio Sagardun es titular de los derechos de Propiedad Intelectual e Industrial de los elementos que integran el dise\u00f1o de la web, como la marca, nombre comercial o signo distintivo. En particular y a t\u00edtulo no limitativo, est\u00e1n protegidos por los derechos de autor, los logos, combinaciones de colores, la selecci\u00f3n y la forma de presentaci\u00f3n, el c\u00f3digo fuente de la p\u00e1gina web, los men\u00fas, los botones de navegaci\u00f3n, el c\u00f3digo HTML, los applets de Java, los textos, im\u00e1genes, gr\u00e1ficos, as\u00ed como cualquier otro contenido de la p\u00e1gina web titularidad del Consorcio Sagardun.<\/p>\n<p>&nbsp;<\/p>\n<h2 id=\"politicaCookies\"><strong>Pol\u00edtica de protecci\u00f3n de datos personales<br \/>\n<\/strong><\/h2>\n<p>El Consorcio Sagardun, como responsable del tratamiento, le informa que sus datos son recabados con la finalidad de: tratamiento de los datos de car\u00e1cter personal que sean obtenidos a trav\u00e9s de los formularios disponibles en la p\u00e1gina web de la empresa para el contacto con el solicitante, respuesta a consultas, reservas de experiencias y env\u00edo de boletines publicitarios. La base jur\u00eddica para el tratamiento es el consentimiento del interesado. Sus datos no se ceder\u00e1n a terceros salvo obligaci\u00f3n legal. Cualquier persona tiene derecho a solicitar el acceso, rectificaci\u00f3n, supresi\u00f3n, limitaci\u00f3n del tratamiento, oposici\u00f3n o derecho a la portabilidad de sus datos personales, escribi\u00e9ndonos a la direcci\u00f3n de nuestras oficinas, o enviando un correo electr\u00f3nico a <a href=\"mailto:info@sagardoarenlurraldea.eus\">info@sagardoarenlurraldea.eus<\/a>, indicando el derecho que desea ejercer. Puede obtener informaci\u00f3n adicional en nuestra p\u00e1gina web.<\/p>\n<p><strong>\u00bfQui\u00e9n es el responsable de sus datos?<\/strong><\/p>\n<p>De acuerdo con lo establecido por el Reglamento (UE) 2016\/679 del Parlamento Europeo y del Consejo, le informamos que los datos personales aportados ser\u00e1n tratados por el Consorcio Sagardun con CIF G20808986 y domicilio en C\/ Nagusia, 48 &#8211; 20115, Astigarraga (Gipuzkoa).<\/p>\n<p><strong>\u00bfCon qu\u00e9 finalidad tratamos sus datos personales?<\/strong><\/p>\n<p>Los datos aportados por usted son necesarios para poder prestarle con todas las garant\u00edas el servicio solicitado, y ser\u00e1n tratados con las siguientes finalidades: tratamiento de los datos de car\u00e1cter personal que sean obtenidos a trav\u00e9s de los formularios disponibles en la p\u00e1gina web de la empresa para el contacto con el solicitante, respuesta a consultas, reservas de experiencias y env\u00edo de boletines publicitarios.<\/p>\n<p><strong>\u00bfPor cu\u00e1nto tiempo conservaremos sus datos?<\/strong><\/p>\n<p>Los datos personales proporcionados se conservar\u00e1n mientras se prevea que pueden ser necesarios para contactar con el interesado.<\/p>\n<p><strong>\u00bfCu\u00e1l es la legitimaci\u00f3n para el tratamiento de sus datos?<\/strong><\/p>\n<p>La base legal para el tratamiento de sus datos es el consentimiento del interesado al contactar con nuestra organizaci\u00f3n.<\/p>\n<p><strong>\u00bfA qu\u00e9 destinatarios se comunicar\u00e1n sus datos?<\/strong><\/p>\n<p>Sus datos no se ceder\u00e1n a terceros salvo obligaci\u00f3n legal.<\/p>\n<p><strong>\u00bfCu\u00e1les son sus derechos cuando nos facilita sus datos?<\/strong><\/p>\n<p>Cualquier persona tiene derecho a solicitar el acceso, rectificaci\u00f3n, supresi\u00f3n, limitaci\u00f3n del tratamiento, oposici\u00f3n o derecho a la portabilidad de sus datos personales, escribi\u00e9ndonos a la direcci\u00f3n de nuestras oficinas, o enviando un correo electr\u00f3nico a <a href=\"mailto:info@sagardoarenlurraldea.eus\">info@sagardoarenlurraldea.eus<\/a>, indicando el derecho que desea ejercer.<\/p>\n<p>Tendr\u00e1 derecho igualmente a retirar el consentimiento prestado en cualquier momento. La retirada del consentimiento no afectar\u00e1 a la licitud del tratamiento efectuado antes de la retirada de dicho consentimiento. Tiene derecho a presentar una reclamaci\u00f3n ante la autoridad de control si considera que pueden haber sido vulnerados sus derechos en lo concerniente a la protecci\u00f3n de sus datos personales.<\/p>\n<p>Si lo desea, puede consultar la correspondiente pol\u00edtica de privacidad en funci\u00f3n de cual sea su relaci\u00f3n con el Consorcio Sagardun en el apartado de <a href=\"https:\/\/sagardoarenlurraldea.eus\/es\/proteccion-de-datos\/\" target=\"_blank\" rel=\"noopener\">Protecci\u00f3n de Datos<\/a> de nuestra web.<\/p>\n<p>&nbsp;<\/p>\n<h2 id=\"politicaCookies\"><strong>Pol\u00edtica de cookies<\/strong><\/h2>\n<h3>\u00bfQu\u00e9 son las cookies?<\/h3>\n<p>Las cookies son peque\u00f1os archivos de texto inofensivos que se descargan en tu equipo al acceder a una p\u00e1gina web.<\/p>\n<p>No son virus malignos, sino herramientas que cumplen un papel esencial para la prestaci\u00f3n de numerosos servicios en internet. Entre otras cosas permiten recordar el idioma en el que quieres navegar en la web, recopilar estad\u00edsticas para optimizar la funcionalidad del sitio o que puedas compartir nuestros contenidos en tus redes sociales.<\/p>\n<h3>\u00bfQu\u00e9 tipos de cookies existen?<\/h3>\n<ul>\n<li><strong>Cookies t\u00e9cnicas<\/strong><br \/>\nSon las m\u00e1s elementales y permiten, entre otras cosas, saber cu\u00e1ndo est\u00e1 navegando un humano o una aplicaci\u00f3n automatizada, cu\u00e1ndo navega un usuario an\u00f3nimo y uno registrado, tareas b\u00e1sicas para el funcionamiento de cualquier web din\u00e1mica.<\/li>\n<li><strong>Cookies de personalizaci\u00f3n<\/strong><br \/>\nSon aqu\u00e9llas que permiten al usuario acceder al servicio con algunas caracter\u00edsticas personalizadas. Como el idioma, la configuraci\u00f3n regional, etc.<\/li>\n<li><strong>Cookies de an\u00e1lisis<\/strong><br \/>\nSon aquellas que permiten cuantificar el n\u00famero de usuarios y realizar la medici\u00f3n y an\u00e1lisis estad\u00edstico de la utilizaci\u00f3n de nuestra web.<\/li>\n<li><strong>Cookies publicitarias<\/strong><br \/>\nMuestran publicidad en funci\u00f3n de tu navegaci\u00f3n, tu pa\u00eds de procedencia, idioma, etc.<\/li>\n<\/ul>\n<h3>\u00bfQu\u00e9 son las cookies propias y las de terceros?<\/h3>\n<p>Las cookies propias son las generadas por la p\u00e1gina que est\u00e1s visitando y las de terceros son las generadas por servicios o proveedores externos como Facebook, Twitter, Google, etc.<\/p>\n<h3>Cookies utilizadas en este sitio web<\/h3>\n<p>Siguiendo las directrices de la Agencia Espa\u00f1ola de Protecci\u00f3n de Datos procedemos a detallar el uso de cookies que hace esta web con el fin de informarte con la m\u00e1xima exactitud posible.<\/p>\n<p>Este sitio web utiliza las siguientes <strong>cookies propias<\/strong>:<\/p>\n<ul>\n<li>Cookies de sesi\u00f3n<br \/>\nPara guardar la aceptaci\u00f3n de la pol\u00edtica de cookies de este sitio y no volver a mostrarte el mensaje de aviso.<\/li>\n<li>Cookies de WordPress<br \/>\nWordPress utiliza una serie de cookies de duraci\u00f3n indefinida para distintas acciones. Algunas sirven para seleccionar la moneda del usuario (_wcml_booking_currency), y otras guardar al \u00fatlima url solicitada tanto en el font-end como en el back-end (wpml_referer_url y wpml_admin_referer_url respectivamente).<br \/>\nTambi\u00e9n utiliza cookies t\u00e9cnicas que permiten visualizar la p\u00e1gina, autoguardar post en el editor, mostrar contenido e interactuar con ella sin obtener ninguna informaci\u00f3n del usuario (wp-settings-xxx, wp-saving-post, &#8230;).<\/li>\n<\/ul>\n<p>Este sitio web utiliza las siguientes <strong>cookies de terceros<\/strong>:<\/p>\n<ul>\n<li>Google Analytics<br \/>\nAlmacena cookies para poder elaborar estad\u00edsticas sobre el tr\u00e1fico y volumen de visitas de esta web. Al utilizar este sitio web est\u00e1 consintiendo el tratamiento de informaci\u00f3n acerca de usted por Google. Por tanto, el ejercicio de cualquier derecho en este sentido deber\u00e1 hacerlo comunicando directamente con Google.<br \/>\nEsta empresa almacena las cookies en servidores ubicados en Estados Unidos y se compromete a no compartirla con terceros, excepto en los casos en los que sea necesario para el funcionamiento del sistema o cuando la ley obligue a tal efecto.<br \/>\nSeg\u00fan Google no guarda su direcci\u00f3n IP. Google Inc. es una compa\u00f1\u00eda adherida al Acuerdo de Puerto Seguro que garantiza que todos los datos transferidos ser\u00e1n tratados con un nivel de protecci\u00f3n acorde a la normativa europea.<br \/>\nPuedes consultar informaci\u00f3n detallada a este respecto en este <a href=\"https:\/\/safeharbor.export.gov\/list.aspx\" target=\"_blank\" rel=\"noopener\">enlace<\/a>. Si deseas informaci\u00f3n sobre el uso que Google da a las cookies proporcionamos este otro <a href=\"https:\/\/developers.google.com\/analytics\/devguides\/collection\/analyticsjs\/cookie-usage?hl=es&amp;csw=1\" target=\"_blank\" rel=\"noopener\">enlace<\/a>.<\/li>\n<\/ul>\n<h3>C\u00f3mo desactivar nuestras cookies (o cualquier otra)<\/h3>\n<p>Aunque la mayor\u00eda de los navegadores acepta cookies de forma autom\u00e1tica, puedes modificar la configuraci\u00f3n de tu navegador para permitir, bloquear o eliminar las cookies instaladas en tu equipo.<\/p>\n<p>A continuaci\u00f3n te ofrecemos enlaces en los que encontrar\u00e1s informaci\u00f3n sobre c\u00f3mo configurar tus preferencias de cookies en los principales navegadores:<\/p>\n<ul>\n<li><a href=\"http:\/\/windows.microsoft.com\/es-xl\/internet-explorer\/delete-manage-cookies\" target=\"_blank\" rel=\"noopener\">Internet Explorer<\/a><\/li>\n<li><a href=\"https:\/\/support.google.com\/chrome\/answer\/95647?hl=es\" target=\"_blank\" rel=\"noopener\">Google Chrome<\/a><\/li>\n<li><a href=\"http:\/\/support.mozilla.org\/es\/kb\/habilitar-y-deshabilitar-cookies-que-los-sitios-we\" target=\"_blank\" rel=\"noopener\">Firefox<\/a><\/li>\n<li><a href=\"https:\/\/support.apple.com\/kb\/ph5042\/\" target=\"_blank\" rel=\"noopener\">Safari<\/a><\/li>\n<li><a href=\"http:\/\/www.windowsphone.com\/es-ES\/how-to\/wp7\/web\/changing-privacy-and-other-browser-settings\" target=\"_blank\" rel=\"noopener\">Windows Phone<\/a><\/li>\n<li><a href=\"http:\/\/docs.blackberry.com\/en\/smartphone_users\/deliverables\/18578\/Turn_off_cookies_in_the_browser_60_1072866_11.jsp\" target=\"_blank\" rel=\"noopener\">BlackBerry<\/a><\/li>\n<\/ul>\n<p>En caso de que decidas desactivar todas las cookies, la calidad y rapidez del servicio podr\u00eda disminuir e, incluso, podr\u00edas perder el acceso a algunos de los servicios o secciones ofrecidos por esta web.<\/p>\n","protected":false},"excerpt":{"rendered":"<p>Informaci\u00f3n previa El Consorcio Sagardun en cumplimiento de las disposiciones relativas en el Reglamento (UE) 2016\/679 del Parlamento Europeo y del Consejo, informa al usuario de la p\u00e1gina web con [&hellip;]<\/p>\n","protected":false},"author":1,"featured_media":0,"parent":0,"menu_order":100,"comment_status":"closed","ping_status":"closed","template":"","meta":{"_acf_changed":false,"_et_pb_use_builder":"","_et_pb_old_content":"","_et_gb_content_width":"","footnotes":""},"class_list":["post-8941","page","type-page","status-publish","hentry"],"acf":[],"yoast_head":"<!-- This site is optimized with the Yoast SEO plugin v25.4 - https:\/\/yoast.com\/wordpress\/plugins\/seo\/ -->\n<title>Informaci\u00f3n legal - Sagardoaren Lurraldea<\/title>\n<meta name=\"robots\" content=\"noindex, follow\" \/>\n<meta property=\"og:locale\" content=\"es_ES\" \/>\n<meta property=\"og:type\" content=\"article\" \/>\n<meta property=\"og:title\" content=\"Informaci\u00f3n legal - Sagardoaren Lurraldea\" \/>\n<meta property=\"og:description\" content=\"Informaci\u00f3n previa El Consorcio Sagardun en cumplimiento de las disposiciones relativas en el Reglamento (UE) 2016\/679 del Parlamento Europeo y del Consejo, informa al usuario de la p\u00e1gina web con [&hellip;]\" \/>\n<meta property=\"og:url\" content=\"https:\/\/sagardoarenlurraldea.eus\/es\/informacion-legal\/\" \/>\n<meta property=\"og:site_name\" content=\"Sagardoaren Lurraldea\" \/>\n<meta property=\"article:publisher\" content=\"https:\/\/www.facebook.com\/sagardoarenlurraldea\" \/>\n<meta property=\"article:modified_time\" content=\"2018-06-04T11:05:48+00:00\" \/>\n<meta name=\"twitter:card\" content=\"summary_large_image\" \/>\n<meta name=\"twitter:label1\" content=\"Tiempo de lectura\" \/>\n\t<meta name=\"twitter:data1\" content=\"10 minutos\" \/>\n<script type=\"application\/ld+json\" class=\"yoast-schema-graph\">{\"@context\":\"https:\/\/schema.org\",\"@graph\":[{\"@type\":\"WebPage\",\"@id\":\"https:\/\/sagardoarenlurraldea.eus\/es\/informacion-legal\/\",\"url\":\"https:\/\/sagardoarenlurraldea.eus\/es\/informacion-legal\/\",\"name\":\"Informaci\u00f3n legal - Sagardoaren Lurraldea\",\"isPartOf\":{\"@id\":\"https:\/\/sagardoarenlurraldea.eus\/es\/#website\"},\"datePublished\":\"2016-11-17T17:40:10+00:00\",\"dateModified\":\"2018-06-04T11:05:48+00:00\",\"breadcrumb\":{\"@id\":\"https:\/\/sagardoarenlurraldea.eus\/es\/informacion-legal\/#breadcrumb\"},\"inLanguage\":\"es\",\"potentialAction\":[{\"@type\":\"ReadAction\",\"target\":[\"https:\/\/sagardoarenlurraldea.eus\/es\/informacion-legal\/\"]}]},{\"@type\":\"BreadcrumbList\",\"@id\":\"https:\/\/sagardoarenlurraldea.eus\/es\/informacion-legal\/#breadcrumb\",\"itemListElement\":[{\"@type\":\"ListItem\",\"position\":1,\"name\":\"Inicio\",\"item\":\"https:\/\/sagardoarenlurraldea.eus\/es\/\"},{\"@type\":\"ListItem\",\"position\":2,\"name\":\"Informaci\u00f3n legal\"}]},{\"@type\":\"WebSite\",\"@id\":\"https:\/\/sagardoarenlurraldea.eus\/es\/#website\",\"url\":\"https:\/\/sagardoarenlurraldea.eus\/es\/\",\"name\":\"Sagardoaren Lurraldea\",\"description\":\"El territorio de la sidra\",\"potentialAction\":[{\"@type\":\"SearchAction\",\"target\":{\"@type\":\"EntryPoint\",\"urlTemplate\":\"https:\/\/sagardoarenlurraldea.eus\/es\/?s={search_term_string}\"},\"query-input\":{\"@type\":\"PropertyValueSpecification\",\"valueRequired\":true,\"valueName\":\"search_term_string\"}}],\"inLanguage\":\"es\"}]}<\/script>\n<!-- \/ Yoast SEO plugin. -->","yoast_head_json":{"title":"Informaci\u00f3n legal - Sagardoaren Lurraldea","robots":{"index":"noindex","follow":"follow"},"og_locale":"es_ES","og_type":"article","og_title":"Informaci\u00f3n legal - Sagardoaren Lurraldea","og_description":"Informaci\u00f3n previa El Consorcio Sagardun en cumplimiento de las disposiciones relativas en el Reglamento (UE) 2016\/679 del Parlamento Europeo y del Consejo, informa al usuario de la p\u00e1gina web con [&hellip;]","og_url":"https:\/\/sagardoarenlurraldea.eus\/es\/informacion-legal\/","og_site_name":"Sagardoaren Lurraldea","article_publisher":"https:\/\/www.facebook.com\/sagardoarenlurraldea","article_modified_time":"2018-06-04T11:05:48+00:00","twitter_card":"summary_large_image","twitter_misc":{"Tiempo de lectura":"10 minutos"},"schema":{"@context":"https:\/\/schema.org","@graph":[{"@type":"WebPage","@id":"https:\/\/sagardoarenlurraldea.eus\/es\/informacion-legal\/","url":"https:\/\/sagardoarenlurraldea.eus\/es\/informacion-legal\/","name":"Informaci\u00f3n legal - Sagardoaren Lurraldea","isPartOf":{"@id":"https:\/\/sagardoarenlurraldea.eus\/es\/#website"},"datePublished":"2016-11-17T17:40:10+00:00","dateModified":"2018-06-04T11:05:48+00:00","breadcrumb":{"@id":"https:\/\/sagardoarenlurraldea.eus\/es\/informacion-legal\/#breadcrumb"},"inLanguage":"es","potentialAction":[{"@type":"ReadAction","target":["https:\/\/sagardoarenlurraldea.eus\/es\/informacion-legal\/"]}]},{"@type":"BreadcrumbList","@id":"https:\/\/sagardoarenlurraldea.eus\/es\/informacion-legal\/#breadcrumb","itemListElement":[{"@type":"ListItem","position":1,"name":"Inicio","item":"https:\/\/sagardoarenlurraldea.eus\/es\/"},{"@type":"ListItem","position":2,"name":"Informaci\u00f3n legal"}]},{"@type":"WebSite","@id":"https:\/\/sagardoarenlurraldea.eus\/es\/#website","url":"https:\/\/sagardoarenlurraldea.eus\/es\/","name":"Sagardoaren Lurraldea","description":"El territorio de la sidra","potentialAction":[{"@type":"SearchAction","target":{"@type":"EntryPoint","urlTemplate":"https:\/\/sagardoarenlurraldea.eus\/es\/?s={search_term_string}"},"query-input":{"@type":"PropertyValueSpecification","valueRequired":true,"valueName":"search_term_string"}}],"inLanguage":"es"}]}},"_links":{"self":[{"href":"https:\/\/sagardoarenlurraldea.eus\/es\/wp-json\/wp\/v2\/pages\/8941","targetHints":{"allow":["GET"]}}],"collection":[{"href":"https:\/\/sagardoarenlurraldea.eus\/es\/wp-json\/wp\/v2\/pages"}],"about":[{"href":"https:\/\/sagardoarenlurraldea.eus\/es\/wp-json\/wp\/v2\/types\/page"}],"author":[{"embeddable":true,"href":"https:\/\/sagardoarenlurraldea.eus\/es\/wp-json\/wp\/v2\/users\/1"}],"replies":[{"embeddable":true,"href":"https:\/\/sagardoarenlurraldea.eus\/es\/wp-json\/wp\/v2\/comments?post=8941"}],"version-history":[{"count":0,"href":"https:\/\/sagardoarenlurraldea.eus\/es\/wp-json\/wp\/v2\/pages\/8941\/revisions"}],"wp:attachment":[{"href":"https:\/\/sagardoarenlurraldea.eus\/es\/wp-json\/wp\/v2\/media?parent=8941"}],"curies":[{"name":"wp","href":"https:\/\/api.w.org\/{rel}","templated":true}]}}