{"id":65,"date":"2016-05-09T11:44:26","date_gmt":"2016-05-09T11:44:26","guid":{"rendered":"http:\/\/www.sagardoarenlurraldea.eus\/?page_id=65"},"modified":"2024-11-04T18:18:40","modified_gmt":"2024-11-04T16:18:40","slug":"tarifas-y-horarios","status":"publish","type":"page","link":"https:\/\/sagardoarenlurraldea.eus\/es\/museo-de-la-sidra\/tarifas-y-horarios\/","title":{"rendered":"Tarifas y horarios"},"content":{"rendered":"<p>[et_pb_section fb_built=\u00bb1&#8243; custom_padding_last_edited=\u00bbon|desktop\u00bb admin_label=\u00bbsection\u00bb module_class=\u00bbcontenedor interior\u00bb _builder_version=\u00bb3.22&#8243; background_color=\u00bb#ffffff\u00bb custom_padding_tablet=\u00bb50px|0|50px|0&#8243; custom_padding_phone=\u00bb\u00bb transparent_background=\u00bboff\u00bb padding_mobile=\u00bboff\u00bb make_fullwidth=\u00bboff\u00bb use_custom_width=\u00bboff\u00bb width_unit=\u00bbon\u00bb][et_pb_row admin_label=\u00bbrow\u00bb _builder_version=\u00bb3.25&#8243; background_size=\u00bbinitial\u00bb background_position=\u00bbtop_left\u00bb background_repeat=\u00bbrepeat\u00bb][et_pb_column type=\u00bb4_4&#8243; _builder_version=\u00bb3.25&#8243; custom_padding=\u00bb|||\u00bb custom_padding__hover=\u00bb|||\u00bb][et_pb_text admin_label=\u00bbTexto\u00bb _builder_version=\u00bb3.27.4&#8243; background_size=\u00bbinitial\u00bb background_position=\u00bbtop_left\u00bb background_repeat=\u00bbrepeat\u00bb border_style=\u00bbsolid\u00bb]La entrada al museo incluye la visita a tres zonas diferenciadas y a una degustaci\u00f3n de sidra para adultos. Las zonas est\u00e1n abiertas para el disfrute del visitante a su aire. Tambi\u00e9n es posible concertar una visita guiada.<br \/>\n[\/et_pb_text][\/et_pb_column][\/et_pb_row][\/et_pb_section][et_pb_section fb_built=\u00bb1&#8243; custom_padding_last_edited=\u00bbon|desktop\u00bb admin_label=\u00bbsection\u00bb module_class=\u00bbcontenedor interior\u00bb _builder_version=\u00bb3.22&#8243; background_color=\u00bb#ffffff\u00bb custom_padding_tablet=\u00bb50px|0|50px|0&#8243; custom_padding_phone=\u00bb\u00bb transparent_background=\u00bboff\u00bb padding_mobile=\u00bboff\u00bb make_fullwidth=\u00bboff\u00bb use_custom_width=\u00bboff\u00bb width_unit=\u00bbon\u00bb][et_pb_row admin_label=\u00bbrow\u00bb _builder_version=\u00bb3.25&#8243; background_size=\u00bbinitial\u00bb background_position=\u00bbtop_left\u00bb background_repeat=\u00bbrepeat\u00bb][et_pb_column type=\u00bb4_4&#8243; _builder_version=\u00bb3.25&#8243; custom_padding=\u00bb|||\u00bb custom_padding__hover=\u00bb|||\u00bb][et_pb_divider show_divider=\u00bboff\u00bb disabled_on=\u00bbon|on|off\u00bb admin_label=\u00bbSeparador\u00bb _builder_version=\u00bb3.2&#8243; height=\u00bb40px\u00bb hide_on_mobile=\u00bbon\u00bb][\/et_pb_divider][\/et_pb_column][\/et_pb_row][\/et_pb_section][et_pb_section fb_built=\u00bb1&#8243; custom_padding_last_edited=\u00bbon|desktop\u00bb admin_label=\u00bbsection\u00bb module_id=\u00bbentradas\u00bb module_class=\u00bbcontenedor interior bloque-reservas-museo\u00bb _builder_version=\u00bb3.22&#8243; background_color=\u00bb#ffffff\u00bb custom_padding_tablet=\u00bb50px|0|50px|0&#8243; custom_padding_phone=\u00bb\u00bb padding_mobile=\u00bboff\u00bb][et_pb_row admin_label=\u00bbrow\u00bb _builder_version=\u00bb3.25&#8243; background_size=\u00bbinitial\u00bb background_position=\u00bbtop_left\u00bb background_repeat=\u00bbrepeat\u00bb][et_pb_column type=\u00bb4_4&#8243; _builder_version=\u00bb3.25&#8243; custom_padding=\u00bb|||\u00bb custom_padding__hover=\u00bb|||\u00bb][et_pb_text admin_label=\u00bbTexto\u00bb _builder_version=\u00bb3.27.4&#8243; background_size=\u00bbinitial\u00bb background_position=\u00bbtop_left\u00bb background_repeat=\u00bbrepeat\u00bb use_border_color=\u00bboff\u00bb border_color=\u00bb#ffffff\u00bb border_style=\u00bbsolid\u00bb]Principales tarifas (IVA incluido)<br \/>\n[\/et_pb_text][\/et_pb_column][\/et_pb_row][et_pb_row column_structure=\u00bb1_3,1_3,1_3&#8243; padding_mobile=\u00bboff\u00bb make_equal=\u00bbon\u00bb column_padding_mobile=\u00bbon\u00bb admin_label=\u00bbrow\u00bb module_class=\u00bbbloque_reserva_museo\u00bb _builder_version=\u00bb3.25&#8243; background_size=\u00bbinitial\u00bb background_position=\u00bbtop_left\u00bb background_repeat=\u00bbrepeat\u00bb make_fullwidth=\u00bboff\u00bb use_custom_width=\u00bboff\u00bb width_unit=\u00bbon\u00bb][et_pb_column type=\u00bb1_3&#8243; _builder_version=\u00bb3.25&#8243; custom_padding=\u00bb|||\u00bb custom_padding__hover=\u00bb|||\u00bb][et_pb_text admin_label=\u00bbTexto\u00bb _builder_version=\u00bb4.9.6&#8243; background_size=\u00bbinitial\u00bb background_position=\u00bbtop_left\u00bb background_repeat=\u00bbrepeat\u00bb border_style=\u00bbsolid\u00bb]<\/p>\n<div class=\"reserva_museo\">\n<h3>Entradas individuales<\/h3>\n<p>Incluye visita guiada y degustaci\u00f3n de sidra (adultos)<\/p>\n<p class=\"precio_museo\">5\u20ac<\/p>\n<p class=\"precio_museo_otros\">Ni\u00f1os de 11 &#8211; 17 a\u00f1os: <strong>3\u20ac<\/strong><br \/>Ni\u00f1o 0 &#8211; 10: <strong>Gratis<\/strong><\/p>\n<p class=\"boton-reservar\" style=\"text-align: center;\"><a class=\"et_pb_button\" href=\"https:\/\/sagardoarenlurraldea.eus\/es\/reservar\/museo\/entrada-individual\/\">Reservar<\/a><\/p>\n<\/div>\n<p>[\/et_pb_text][\/et_pb_column][et_pb_column type=\u00bb1_3&#8243; _builder_version=\u00bb3.25&#8243; custom_padding=\u00bb|||\u00bb custom_padding__hover=\u00bb|||\u00bb][et_pb_text admin_label=\u00bbTexto\u00bb _builder_version=\u00bb4.9.6&#8243; background_size=\u00bbinitial\u00bb background_position=\u00bbtop_left\u00bb background_repeat=\u00bbrepeat\u00bb border_style=\u00bbsolid\u00bb]<\/p>\n<div class=\"reserva_museo\">\n<h3>Entradas\u00a0grupales<\/h3>\n<p>Incluye visita guiada y degustaci\u00f3n de sidra (adultos). A partir de 10 personas adultas.<\/p>\n<p class=\"precio_museo\">4,50\u20ac<\/p>\n<p class=\"precio_museo_otros\">Ni\u00f1os de 11 &#8211; 17 a\u00f1os: <strong>3\u20ac<\/strong><br \/>Ni\u00f1o 0 &#8211; 10: <strong>Gratis<\/strong><\/p>\n<p class=\"boton-reservar\" style=\"text-align: center;\"><a class=\"et_pb_button\" href=\"https:\/\/sagardoarenlurraldea.eus\/es\/reservar\/museo\/entrada-grupos\/\">Reservar<\/a><\/p>\n<\/div>\n<p>[\/et_pb_text][\/et_pb_column][et_pb_column type=\u00bb1_3&#8243; _builder_version=\u00bb3.25&#8243; custom_padding=\u00bb|||\u00bb custom_padding__hover=\u00bb|||\u00bb][et_pb_text admin_label=\u00bbTexto\u00bb _builder_version=\u00bb4.9.6&#8243; background_size=\u00bbinitial\u00bb background_position=\u00bbtop_left\u00bb background_repeat=\u00bbrepeat\u00bb border_style=\u00bbsolid\u00bb]<\/p>\n<div class=\"reserva_museo\">\n<h3>Escolares y tiempo libre<\/h3>\n<p>Incluye vista guiada. M\u00ednimo 10 ni\u00f1os.<\/p>\n<p class=\"precio_museo\">3\u20ac<\/p>\n<p class=\"precio_museo_otros\">Ni\u00f1os de 1 &#8211; 17 a\u00f1os: <strong>3\u20ac<br \/><\/strong>Profesores \/ Monitores:<strong> Gratis<\/strong><\/p>\n<p class=\"boton-reservar\" style=\"text-align: center;\"><a class=\"et_pb_button\" href=\"https:\/\/sagardoarenlurraldea.eus\/es\/reservar\/museo\/entrada-escolares\/\">Reservar<\/a><\/p>\n<\/div>\n<p>[\/et_pb_text][\/et_pb_column][\/et_pb_row][\/et_pb_section][et_pb_section fb_built=\u00bb1&#8243; custom_padding_last_edited=\u00bbon|desktop\u00bb admin_label=\u00bbsection\u00bb module_class=\u00bbcontenedor interior\u00bb _builder_version=\u00bb3.22&#8243; background_color=\u00bb#ffffff\u00bb custom_padding_tablet=\u00bb50px|0|50px|0&#8243; custom_padding_phone=\u00bb\u00bb transparent_background=\u00bboff\u00bb padding_mobile=\u00bboff\u00bb make_fullwidth=\u00bboff\u00bb use_custom_width=\u00bboff\u00bb width_unit=\u00bbon\u00bb][et_pb_row admin_label=\u00bbrow\u00bb _builder_version=\u00bb3.25&#8243; background_size=\u00bbinitial\u00bb background_position=\u00bbtop_left\u00bb background_repeat=\u00bbrepeat\u00bb][et_pb_column type=\u00bb4_4&#8243; _builder_version=\u00bb3.25&#8243; custom_padding=\u00bb|||\u00bb custom_padding__hover=\u00bb|||\u00bb][et_pb_divider show_divider=\u00bboff\u00bb disabled_on=\u00bbon|on|off\u00bb admin_label=\u00bbSeparador\u00bb _builder_version=\u00bb3.2&#8243; height=\u00bb40px\u00bb hide_on_mobile=\u00bbon\u00bb][\/et_pb_divider][\/et_pb_column][\/et_pb_row][\/et_pb_section][et_pb_section fb_built=\u00bb1&#8243; custom_padding_last_edited=\u00bbon|desktop\u00bb admin_label=\u00bbsection\u00bb module_class=\u00bbcontenedor interior\u00bb _builder_version=\u00bb3.22&#8243; background_color=\u00bb#ffffff\u00bb custom_padding_tablet=\u00bb50px|0|50px|0&#8243; custom_padding_phone=\u00bb\u00bb transparent_background=\u00bboff\u00bb padding_mobile=\u00bboff\u00bb make_fullwidth=\u00bboff\u00bb use_custom_width=\u00bboff\u00bb width_unit=\u00bbon\u00bb][et_pb_row admin_label=\u00bbrow\u00bb _builder_version=\u00bb3.25&#8243; background_size=\u00bbinitial\u00bb background_position=\u00bbtop_left\u00bb background_repeat=\u00bbrepeat\u00bb][et_pb_column type=\u00bb4_4&#8243; _builder_version=\u00bb3.25&#8243; custom_padding=\u00bb|||\u00bb custom_padding__hover=\u00bb|||\u00bb][et_pb_text admin_label=\u00bbTexto\u00bb _builder_version=\u00bb3.27.4&#8243; background_size=\u00bbinitial\u00bb background_position=\u00bbtop_left\u00bb background_repeat=\u00bbrepeat\u00bb use_border_color=\u00bboff\u00bb border_color=\u00bb#ffffff\u00bb border_style=\u00bbsolid\u00bb]<\/p>\n<h2>Horarios &#8211; Abierto todo el a\u00f1o<\/h2>\n<p>[\/et_pb_text][\/et_pb_column][\/et_pb_row][et_pb_row column_structure=\u00bb1_2,1_2&#8243; padding_mobile=\u00bboff\u00bb make_equal=\u00bbon\u00bb column_padding_mobile=\u00bbon\u00bb admin_label=\u00bbrow\u00bb module_class=\u00bbbloque_horarios_museo\u00bb _builder_version=\u00bb3.25&#8243; background_size=\u00bbinitial\u00bb background_position=\u00bbtop_left\u00bb background_repeat=\u00bbrepeat\u00bb make_fullwidth=\u00bboff\u00bb use_custom_width=\u00bboff\u00bb width_unit=\u00bbon\u00bb][et_pb_column type=\u00bb1_2&#8243; _builder_version=\u00bb3.25&#8243; custom_padding=\u00bb|||\u00bb custom_padding__hover=\u00bb|||\u00bb][et_pb_text admin_label=\u00bbTexto\u00bb _builder_version=\u00bb3.27.4&#8243; background_size=\u00bbinitial\u00bb background_position=\u00bbtop_left\u00bb background_repeat=\u00bbrepeat\u00bb border_style=\u00bbsolid\u00bb]<\/p>\n<div class=\"horario_museo\">\n<h3>Horario de Sagardoetxea<\/h3>\n<p>De martes a s\u00e1bado de 11:00-13:30 y 16:00-19:30.<br \/>\nDomingos y festivos: 11:00-13:30.<br \/>\nLunes cerrado (excepto julio y agosto)<\/p>\n<p>D\u00edas de cierre:<br \/>\n26 de julio (tarde)<br \/>\n24, 25 y 31 de diciembre<br \/>\n1 y 6 de enero<\/p>\n<\/div>\n<p>[\/et_pb_text][\/et_pb_column][et_pb_column type=\u00bb1_2&#8243; _builder_version=\u00bb3.25&#8243; custom_padding=\u00bb|||\u00bb custom_padding__hover=\u00bb|||\u00bb][et_pb_text admin_label=\u00bbTexto\u00bb _builder_version=\u00bb3.27.4&#8243; background_size=\u00bbinitial\u00bb background_position=\u00bbtop_left\u00bb background_repeat=\u00bbrepeat\u00bb border_style=\u00bbsolid\u00bb]<\/p>\n<div class=\"horario_museo\">\n<h3>Horario para grupos<\/h3>\n<p>Consultar otros horarios.<br \/>\nTelf.: +34 943 550 575<br \/>\nMail: <a href=\"mailto: info@sagardoarenlurraldea.eus\">info@sagardoarenlurraldea.eus<\/a><\/p>\n<\/div>\n<p>[\/et_pb_text][\/et_pb_column][\/et_pb_row][\/et_pb_section][et_pb_section fb_built=\u00bb1&#8243; custom_padding_last_edited=\u00bbon|desktop\u00bb admin_label=\u00bbsection\u00bb module_class=\u00bbcontenedor interior\u00bb _builder_version=\u00bb3.22&#8243; background_color=\u00bb#ffffff\u00bb custom_padding_tablet=\u00bb50px|0|50px|0&#8243; custom_padding_phone=\u00bb\u00bb transparent_background=\u00bboff\u00bb padding_mobile=\u00bboff\u00bb make_fullwidth=\u00bboff\u00bb use_custom_width=\u00bboff\u00bb width_unit=\u00bbon\u00bb][et_pb_row admin_label=\u00bbrow\u00bb _builder_version=\u00bb3.25&#8243; background_size=\u00bbinitial\u00bb background_position=\u00bbtop_left\u00bb background_repeat=\u00bbrepeat\u00bb][et_pb_column type=\u00bb4_4&#8243; _builder_version=\u00bb3.25&#8243; custom_padding=\u00bb|||\u00bb custom_padding__hover=\u00bb|||\u00bb][et_pb_divider show_divider=\u00bboff\u00bb disabled_on=\u00bbon|on|off\u00bb admin_label=\u00bbSeparador\u00bb _builder_version=\u00bb3.2&#8243; height=\u00bb40px\u00bb hide_on_mobile=\u00bbon\u00bb][\/et_pb_divider][\/et_pb_column][\/et_pb_row][\/et_pb_section][et_pb_section fb_built=\u00bb1&#8243; custom_padding_last_edited=\u00bbon|desktop\u00bb admin_label=\u00bbsection\u00bb module_class=\u00bbcontenedor interior\u00bb _builder_version=\u00bb3.22&#8243; background_color=\u00bb#ffffff\u00bb custom_padding_tablet=\u00bb50px|0|50px|0&#8243; custom_padding_phone=\u00bb\u00bb transparent_background=\u00bboff\u00bb padding_mobile=\u00bboff\u00bb make_fullwidth=\u00bboff\u00bb use_custom_width=\u00bboff\u00bb width_unit=\u00bbon\u00bb][et_pb_row admin_label=\u00bbrow\u00bb _builder_version=\u00bb3.25&#8243; background_size=\u00bbinitial\u00bb background_position=\u00bbtop_left\u00bb background_repeat=\u00bbrepeat\u00bb][et_pb_column type=\u00bb4_4&#8243; _builder_version=\u00bb3.25&#8243; custom_padding=\u00bb|||\u00bb custom_padding__hover=\u00bb|||\u00bb][et_pb_divider color=\u00bb#000000&#8243; divider_position=\u00bbcenter\u00bb divider_weight=\u00bb2&#8243; disabled_on=\u00bbon|on|off\u00bb admin_label=\u00bbSeparador\u00bb _builder_version=\u00bb3.2&#8243; height=\u00bb80px\u00bb hide_on_mobile=\u00bbon\u00bb][\/et_pb_divider][\/et_pb_column][\/et_pb_row][et_pb_row column_structure=\u00bb1_2,1_2&#8243; admin_label=\u00bbrow\u00bb _builder_version=\u00bb3.25&#8243; background_size=\u00bbinitial\u00bb background_position=\u00bbtop_left\u00bb background_repeat=\u00bbrepeat\u00bb][et_pb_column type=\u00bb1_2&#8243; _builder_version=\u00bb3.25&#8243; custom_padding=\u00bb|||\u00bb custom_padding__hover=\u00bb|||\u00bb][et_pb_code admin_label=\u00bbC\u00f3digo\u00bb]<div style=\"background:#0c0c0c;color:#ffffff;text-align:center;padding:30px;\" class=\"modulo-cta\">\r\n\t<h2 style=\"color:#ffffff;text-align:center;\">+20 Experiencias<\/h2>\r\n\t<p style=\"color:#ffffff;text-align:center;\">Vive la cultura de la sidra a tu manera.<\/p>\r\n\t<a class=\"et_pb_button mas_experiencias et_pb_button_0 et_pb_module et_pb_bg_layout_light\" style=\"margin:20px 0 0 0 !important;color:#ffffff !important;border-color:#ffffff !important\" href=\"https:\/\/sagardoarenlurraldea.eus\/es\/experiencias\/reservar-tu-plan\/\">Planes y ofertas<\/a>\r\n<\/div>[\/et_pb_code][\/et_pb_column][et_pb_column type=\u00bb1_2&#8243; _builder_version=\u00bb3.25&#8243; custom_padding=\u00bb|||\u00bb custom_padding__hover=\u00bb|||\u00bb][et_pb_code admin_label=\u00bbC\u00f3digo\u00bb]<div style=\"background:#a0b137;color:#ffffff;text-align:center;padding:30px;\" class=\"modulo-cta\">\r\n\t<h2 style=\"color:#ffffff;text-align:center;\">Sagardoetxea + Men\u00fa sidrer\u00eda<\/h2>\r\n\t<p style=\"color:#ffffff;text-align:center;\">Completa la visita al museo con una experiencia en sidrer\u00eda. Visita al Museo + comida para degustar el men\u00fa sidrer\u00eda.<\/p>\r\n\t<a class=\"et_pb_button mas_experiencias et_pb_button_0 et_pb_module et_pb_bg_layout_light\" style=\"margin:20px 0 0 0 !important;color:#ffffff !important;border-color:#ffffff !important\" href=\"https:\/\/sagardoarenlurraldea.eus\/es\/reservar\/experiencias\/museo-sidreria\/\">Plan perfecto<\/a>\r\n<\/div>[\/et_pb_code][\/et_pb_column][\/et_pb_row][\/et_pb_section][et_pb_section fb_built=\u00bb1&#8243; custom_padding_last_edited=\u00bbon|desktop\u00bb admin_label=\u00bbsection\u00bb module_class=\u00bbcontenedor interior\u00bb _builder_version=\u00bb3.22&#8243; background_color=\u00bb#ffffff\u00bb custom_padding_tablet=\u00bb50px|0|50px|0&#8243; custom_padding_phone=\u00bb\u00bb transparent_background=\u00bboff\u00bb padding_mobile=\u00bboff\u00bb make_fullwidth=\u00bboff\u00bb use_custom_width=\u00bboff\u00bb width_unit=\u00bbon\u00bb][et_pb_row admin_label=\u00bbrow\u00bb _builder_version=\u00bb3.25&#8243; background_size=\u00bbinitial\u00bb background_position=\u00bbtop_left\u00bb background_repeat=\u00bbrepeat\u00bb][et_pb_column type=\u00bb4_4&#8243; _builder_version=\u00bb3.25&#8243; custom_padding=\u00bb|||\u00bb custom_padding__hover=\u00bb|||\u00bb][et_pb_code admin_label=\u00bbSabias que\u00bb]<div class=\"sabias_que\">\r\n\t<h3>Sab\u00edas que...<\/h3>\r\n\t<p>La clave para conseguir una buena sidra est\u00e1 en conseguir el equilibrio perfecto entre distintas <strong>variedades de manzanas<\/strong>. En la actualidad para producir la sidra, se usan mayoritariamente una docena de variedades, clasificadas en tres tipos: acidas, amargas y dulces.<\/p>\n\r\n\t<div class=\"fuente\"><span>M\u00e1s info:<\/span> <a href=\"https:\/\/sagardoarenlurraldea.eus\/museo-de-la-sidra\/sagardoetxea-el-museo\">Sagardoetxea, Museo de la Sidra Vasca<\/a><\/div>\r\n<\/div>[\/et_pb_code][\/et_pb_column][\/et_pb_row][\/et_pb_section]<\/p>\n","protected":false},"excerpt":{"rendered":"<p>La entrada al museo incluye la visita a tres zonas diferenciadas y a una degustaci\u00f3n de sidra para adultos. Las zonas est\u00e1n abiertas para el disfrute del visitante a su [&hellip;]<\/p>\n","protected":false},"author":1,"featured_media":297567,"parent":61,"menu_order":21,"comment_status":"closed","ping_status":"closed","template":"","meta":{"_acf_changed":false,"_et_pb_use_builder":"on","_et_pb_old_content":"","_et_gb_content_width":"","footnotes":""},"class_list":["post-65","page","type-page","status-publish","has-post-thumbnail","hentry"],"acf":[],"yoast_head":"<!-- This site is optimized with the Yoast SEO plugin v25.4 - https:\/\/yoast.com\/wordpress\/plugins\/seo\/ -->\n<title>Tarifas y horarios - Sagardoaren Lurraldea<\/title>\n<meta name=\"robots\" content=\"index, follow, max-snippet:-1, max-image-preview:large, max-video-preview:-1\" \/>\n<link rel=\"canonical\" href=\"https:\/\/sagardoarenlurraldea.eus\/es\/museo-de-la-sidra\/tarifas-y-horarios\/\" \/>\n<meta property=\"og:locale\" content=\"es_ES\" \/>\n<meta property=\"og:type\" content=\"article\" \/>\n<meta property=\"og:title\" content=\"Tarifas y horarios - Sagardoaren Lurraldea\" \/>\n<meta property=\"og:description\" content=\"La entrada al museo incluye la visita a tres zonas diferenciadas y a una degustaci\u00f3n de sidra para adultos. Las zonas est\u00e1n abiertas para el disfrute del visitante a su [&hellip;]\" \/>\n<meta property=\"og:url\" content=\"https:\/\/sagardoarenlurraldea.eus\/es\/museo-de-la-sidra\/tarifas-y-horarios\/\" \/>\n<meta property=\"og:site_name\" content=\"Sagardoaren Lurraldea\" \/>\n<meta property=\"article:publisher\" content=\"https:\/\/www.facebook.com\/sagardoarenlurraldea\" \/>\n<meta property=\"article:modified_time\" content=\"2024-11-04T16:18:40+00:00\" \/>\n<meta property=\"og:image\" content=\"https:\/\/sagardoarenlurraldea.eus\/wp-content\/uploads\/2024\/11\/Cabecera-Sagardoetxea.jpg\" \/>\n\t<meta property=\"og:image:width\" content=\"1903\" \/>\n\t<meta property=\"og:image:height\" content=\"220\" \/>\n\t<meta property=\"og:image:type\" content=\"image\/jpeg\" \/>\n<meta name=\"twitter:card\" content=\"summary_large_image\" \/>\n<meta name=\"twitter:label1\" content=\"Tiempo de lectura\" \/>\n\t<meta name=\"twitter:data1\" content=\"7 minutos\" \/>\n<script type=\"application\/ld+json\" class=\"yoast-schema-graph\">{\"@context\":\"https:\/\/schema.org\",\"@graph\":[{\"@type\":\"WebPage\",\"@id\":\"https:\/\/sagardoarenlurraldea.eus\/es\/museo-de-la-sidra\/tarifas-y-horarios\/\",\"url\":\"https:\/\/sagardoarenlurraldea.eus\/es\/museo-de-la-sidra\/tarifas-y-horarios\/\",\"name\":\"Tarifas y horarios - Sagardoaren Lurraldea\",\"isPartOf\":{\"@id\":\"https:\/\/sagardoarenlurraldea.eus\/es\/#website\"},\"primaryImageOfPage\":{\"@id\":\"https:\/\/sagardoarenlurraldea.eus\/es\/museo-de-la-sidra\/tarifas-y-horarios\/#primaryimage\"},\"image\":{\"@id\":\"https:\/\/sagardoarenlurraldea.eus\/es\/museo-de-la-sidra\/tarifas-y-horarios\/#primaryimage\"},\"thumbnailUrl\":\"https:\/\/sagardoarenlurraldea.eus\/wp-content\/uploads\/2024\/11\/Cabecera-Sagardoetxea.jpg\",\"datePublished\":\"2016-05-09T11:44:26+00:00\",\"dateModified\":\"2024-11-04T16:18:40+00:00\",\"breadcrumb\":{\"@id\":\"https:\/\/sagardoarenlurraldea.eus\/es\/museo-de-la-sidra\/tarifas-y-horarios\/#breadcrumb\"},\"inLanguage\":\"es\",\"potentialAction\":[{\"@type\":\"ReadAction\",\"target\":[\"https:\/\/sagardoarenlurraldea.eus\/es\/museo-de-la-sidra\/tarifas-y-horarios\/\"]}]},{\"@type\":\"ImageObject\",\"inLanguage\":\"es\",\"@id\":\"https:\/\/sagardoarenlurraldea.eus\/es\/museo-de-la-sidra\/tarifas-y-horarios\/#primaryimage\",\"url\":\"https:\/\/sagardoarenlurraldea.eus\/wp-content\/uploads\/2024\/11\/Cabecera-Sagardoetxea.jpg\",\"contentUrl\":\"https:\/\/sagardoarenlurraldea.eus\/wp-content\/uploads\/2024\/11\/Cabecera-Sagardoetxea.jpg\",\"width\":1903,\"height\":220},{\"@type\":\"BreadcrumbList\",\"@id\":\"https:\/\/sagardoarenlurraldea.eus\/es\/museo-de-la-sidra\/tarifas-y-horarios\/#breadcrumb\",\"itemListElement\":[{\"@type\":\"ListItem\",\"position\":1,\"name\":\"Inicio\",\"item\":\"https:\/\/sagardoarenlurraldea.eus\/es\/\"},{\"@type\":\"ListItem\",\"position\":2,\"name\":\"Museo de la sidra\",\"item\":\"https:\/\/sagardoarenlurraldea.eus\/es\/museo-de-la-sidra\/\"},{\"@type\":\"ListItem\",\"position\":3,\"name\":\"Tarifas y horarios\"}]},{\"@type\":\"WebSite\",\"@id\":\"https:\/\/sagardoarenlurraldea.eus\/es\/#website\",\"url\":\"https:\/\/sagardoarenlurraldea.eus\/es\/\",\"name\":\"Sagardoaren Lurraldea\",\"description\":\"El territorio de la sidra\",\"potentialAction\":[{\"@type\":\"SearchAction\",\"target\":{\"@type\":\"EntryPoint\",\"urlTemplate\":\"https:\/\/sagardoarenlurraldea.eus\/es\/?s={search_term_string}\"},\"query-input\":{\"@type\":\"PropertyValueSpecification\",\"valueRequired\":true,\"valueName\":\"search_term_string\"}}],\"inLanguage\":\"es\"}]}<\/script>\n<!-- \/ Yoast SEO plugin. -->","yoast_head_json":{"title":"Tarifas y horarios - Sagardoaren Lurraldea","robots":{"index":"index","follow":"follow","max-snippet":"max-snippet:-1","max-image-preview":"max-image-preview:large","max-video-preview":"max-video-preview:-1"},"canonical":"https:\/\/sagardoarenlurraldea.eus\/es\/museo-de-la-sidra\/tarifas-y-horarios\/","og_locale":"es_ES","og_type":"article","og_title":"Tarifas y horarios - Sagardoaren Lurraldea","og_description":"La entrada al museo incluye la visita a tres zonas diferenciadas y a una degustaci\u00f3n de sidra para adultos. Las zonas est\u00e1n abiertas para el disfrute del visitante a su [&hellip;]","og_url":"https:\/\/sagardoarenlurraldea.eus\/es\/museo-de-la-sidra\/tarifas-y-horarios\/","og_site_name":"Sagardoaren Lurraldea","article_publisher":"https:\/\/www.facebook.com\/sagardoarenlurraldea","article_modified_time":"2024-11-04T16:18:40+00:00","og_image":[{"width":1903,"height":220,"url":"https:\/\/sagardoarenlurraldea.eus\/wp-content\/uploads\/2024\/11\/Cabecera-Sagardoetxea.jpg","type":"image\/jpeg"}],"twitter_card":"summary_large_image","twitter_misc":{"Tiempo de lectura":"7 minutos"},"schema":{"@context":"https:\/\/schema.org","@graph":[{"@type":"WebPage","@id":"https:\/\/sagardoarenlurraldea.eus\/es\/museo-de-la-sidra\/tarifas-y-horarios\/","url":"https:\/\/sagardoarenlurraldea.eus\/es\/museo-de-la-sidra\/tarifas-y-horarios\/","name":"Tarifas y horarios - Sagardoaren Lurraldea","isPartOf":{"@id":"https:\/\/sagardoarenlurraldea.eus\/es\/#website"},"primaryImageOfPage":{"@id":"https:\/\/sagardoarenlurraldea.eus\/es\/museo-de-la-sidra\/tarifas-y-horarios\/#primaryimage"},"image":{"@id":"https:\/\/sagardoarenlurraldea.eus\/es\/museo-de-la-sidra\/tarifas-y-horarios\/#primaryimage"},"thumbnailUrl":"https:\/\/sagardoarenlurraldea.eus\/wp-content\/uploads\/2024\/11\/Cabecera-Sagardoetxea.jpg","datePublished":"2016-05-09T11:44:26+00:00","dateModified":"2024-11-04T16:18:40+00:00","breadcrumb":{"@id":"https:\/\/sagardoarenlurraldea.eus\/es\/museo-de-la-sidra\/tarifas-y-horarios\/#breadcrumb"},"inLanguage":"es","potentialAction":[{"@type":"ReadAction","target":["https:\/\/sagardoarenlurraldea.eus\/es\/museo-de-la-sidra\/tarifas-y-horarios\/"]}]},{"@type":"ImageObject","inLanguage":"es","@id":"https:\/\/sagardoarenlurraldea.eus\/es\/museo-de-la-sidra\/tarifas-y-horarios\/#primaryimage","url":"https:\/\/sagardoarenlurraldea.eus\/wp-content\/uploads\/2024\/11\/Cabecera-Sagardoetxea.jpg","contentUrl":"https:\/\/sagardoarenlurraldea.eus\/wp-content\/uploads\/2024\/11\/Cabecera-Sagardoetxea.jpg","width":1903,"height":220},{"@type":"BreadcrumbList","@id":"https:\/\/sagardoarenlurraldea.eus\/es\/museo-de-la-sidra\/tarifas-y-horarios\/#breadcrumb","itemListElement":[{"@type":"ListItem","position":1,"name":"Inicio","item":"https:\/\/sagardoarenlurraldea.eus\/es\/"},{"@type":"ListItem","position":2,"name":"Museo de la sidra","item":"https:\/\/sagardoarenlurraldea.eus\/es\/museo-de-la-sidra\/"},{"@type":"ListItem","position":3,"name":"Tarifas y horarios"}]},{"@type":"WebSite","@id":"https:\/\/sagardoarenlurraldea.eus\/es\/#website","url":"https:\/\/sagardoarenlurraldea.eus\/es\/","name":"Sagardoaren Lurraldea","description":"El territorio de la sidra","potentialAction":[{"@type":"SearchAction","target":{"@type":"EntryPoint","urlTemplate":"https:\/\/sagardoarenlurraldea.eus\/es\/?s={search_term_string}"},"query-input":{"@type":"PropertyValueSpecification","valueRequired":true,"valueName":"search_term_string"}}],"inLanguage":"es"}]}},"_links":{"self":[{"href":"https:\/\/sagardoarenlurraldea.eus\/es\/wp-json\/wp\/v2\/pages\/65","targetHints":{"allow":["GET"]}}],"collection":[{"href":"https:\/\/sagardoarenlurraldea.eus\/es\/wp-json\/wp\/v2\/pages"}],"about":[{"href":"https:\/\/sagardoarenlurraldea.eus\/es\/wp-json\/wp\/v2\/types\/page"}],"author":[{"embeddable":true,"href":"https:\/\/sagardoarenlurraldea.eus\/es\/wp-json\/wp\/v2\/users\/1"}],"replies":[{"embeddable":true,"href":"https:\/\/sagardoarenlurraldea.eus\/es\/wp-json\/wp\/v2\/comments?post=65"}],"version-history":[{"count":2,"href":"https:\/\/sagardoarenlurraldea.eus\/es\/wp-json\/wp\/v2\/pages\/65\/revisions"}],"predecessor-version":[{"id":298089,"href":"https:\/\/sagardoarenlurraldea.eus\/es\/wp-json\/wp\/v2\/pages\/65\/revisions\/298089"}],"up":[{"embeddable":true,"href":"https:\/\/sagardoarenlurraldea.eus\/es\/wp-json\/wp\/v2\/pages\/61"}],"wp:featuredmedia":[{"embeddable":true,"href":"https:\/\/sagardoarenlurraldea.eus\/es\/wp-json\/wp\/v2\/media\/297567"}],"wp:attachment":[{"href":"https:\/\/sagardoarenlurraldea.eus\/es\/wp-json\/wp\/v2\/media?parent=65"}],"curies":[{"name":"wp","href":"https:\/\/api.w.org\/{rel}","templated":true}]}}