{"id":5642,"date":"2016-09-05T14:23:56","date_gmt":"2016-09-05T12:23:56","guid":{"rendered":"http:\/\/www.sagardoarenlurraldea.eus\/?page_id=5642"},"modified":"2024-11-04T17:49:11","modified_gmt":"2024-11-04T15:49:11","slug":"como-llegar-y-accesos","status":"publish","type":"page","link":"https:\/\/sagardoarenlurraldea.eus\/es\/museo-de-la-sidra\/como-llegar-y-accesos\/","title":{"rendered":"C\u00f3mo llegar y accesos"},"content":{"rendered":"<p>[et_pb_section fb_built=\u00bb1&#8243; custom_padding_last_edited=\u00bbon|desktop\u00bb admin_label=\u00bbsection\u00bb module_class=\u00bbcontenedor interior como_llegar\u00bb _builder_version=\u00bb3.22&#8243; background_color=\u00bb#ffffff\u00bb custom_padding_tablet=\u00bb50px|0|50px|0&#8243; custom_padding_phone=\u00bb\u00bb transparent_background=\u00bboff\u00bb padding_mobile=\u00bboff\u00bb make_fullwidth=\u00bboff\u00bb use_custom_width=\u00bboff\u00bb width_unit=\u00bbon\u00bb][et_pb_row padding_mobile=\u00bboff\u00bb column_padding_mobile=\u00bbon\u00bb admin_label=\u00bbrow\u00bb _builder_version=\u00bb3.25&#8243; background_size=\u00bbinitial\u00bb background_position=\u00bbtop_left\u00bb background_repeat=\u00bbrepeat\u00bb make_fullwidth=\u00bboff\u00bb use_custom_width=\u00bboff\u00bb width_unit=\u00bbon\u00bb][et_pb_column type=\u00bb4_4&#8243; _builder_version=\u00bb3.25&#8243; custom_padding=\u00bb|||\u00bb custom_padding__hover=\u00bb|||\u00bb][et_pb_text admin_label=\u00bbC\u00f3mo llegar\u00bb _builder_version=\u00bb4.9.6&#8243; background_size=\u00bbinitial\u00bb background_position=\u00bbtop_left\u00bb background_repeat=\u00bbrepeat\u00bb use_border_color=\u00bboff\u00bb border_color=\u00bb#ffffff\u00bb border_style=\u00bbsolid\u00bb]<\/p>\n<h2>C\u00f3mo llegar<\/h2>\n<p>Sagardoetxea, Museo de la Sidra Vasca, se encuentra en el centro de Astigarraga (Kale Nagusia, 48), a tan solo 6 kil\u00f3metros del centro de Donostia-San Sebasti\u00e1n.<\/p>\n<p>[\/et_pb_text][\/et_pb_column][\/et_pb_row][et_pb_row padding_mobile=\u00bboff\u00bb column_padding_mobile=\u00bbon\u00bb admin_label=\u00bbrow\u00bb module_class=\u00bbmapa-como-llegar\u00bb _builder_version=\u00bb3.25&#8243; background_size=\u00bbinitial\u00bb background_position=\u00bbtop_left\u00bb background_repeat=\u00bbrepeat\u00bb make_fullwidth=\u00bboff\u00bb use_custom_width=\u00bboff\u00bb width_unit=\u00bbon\u00bb][et_pb_column type=\u00bb4_4&#8243; _builder_version=\u00bb3.25&#8243; custom_padding=\u00bb|||\u00bb custom_padding__hover=\u00bb|||\u00bb][et_pb_code admin_label=\u00bbMapa\u00bb]<iframe loading=\"lazy\" src=\"https:\/\/www.google.com\/maps\/embed?pb=!1m18!1m12!1m3!1d2904.5804340170166!2d-1.949010684082363!3d43.281164979135795!2m3!1f0!2f0!3f0!3m2!1i1024!2i768!4f13.1!3m3!1m2!1s0xd51af0703941b15%3A0xf696e43209fb0c69!2sSagardoetxea!5e0!3m2!1ses!2ses!4v1478178402987\" width=\"1200\" height=\"600\" frameborder=\"0\" style=\"border:0\" allowfullscreen><\/iframe>[\/et_pb_code][et_pb_text admin_label=\u00bbTexto\u00bb module_class=\u00bbmapa-txt\u00bb _builder_version=\u00bb3.27.4&#8243; background_size=\u00bbinitial\u00bb background_position=\u00bbtop_left\u00bb background_repeat=\u00bbrepeat\u00bb use_border_color=\u00bboff\u00bb border_color=\u00bb#ffffff\u00bb border_style=\u00bbsolid\u00bb]<a class=\"et_pb_button\" style=\"float: right; margin-top: 10px;\" href=\"https:\/\/www.google.es\/maps\/place\/Sagardoetxea\/@43.281165,-1.9490107,17z\/data=!3m1!4b1!4m5!3m4!1s0xd51af0703941b15:0xf696e43209fb0c69!8m2!3d43.281165!4d-1.946822\">Ir a Google Maps<\/a><\/p>\n<h3>C\u00f3mo llegar de&#8230;<\/h3>\n<p>Inserte su ubicaci\u00f3n en Google Maps y siga las indicaciones<br \/>\n[\/et_pb_text][\/et_pb_column][\/et_pb_row][et_pb_row padding_mobile=\u00bboff\u00bb column_padding_mobile=\u00bbon\u00bb admin_label=\u00bbrow\u00bb _builder_version=\u00bb3.25&#8243; background_size=\u00bbinitial\u00bb background_position=\u00bbtop_left\u00bb background_repeat=\u00bbrepeat\u00bb make_fullwidth=\u00bboff\u00bb use_custom_width=\u00bboff\u00bb width_unit=\u00bbon\u00bb][et_pb_column type=\u00bb4_4&#8243; _builder_version=\u00bb3.25&#8243; custom_padding=\u00bb|||\u00bb custom_padding__hover=\u00bb|||\u00bb][et_pb_text admin_label=\u00bbLlegada a Sagardoetxea\u00bb _builder_version=\u00bb4.9.6&#8243; background_size=\u00bbinitial\u00bb background_position=\u00bbtop_left\u00bb background_repeat=\u00bbrepeat\u00bb border_style=\u00bbsolid\u00bb]<\/p>\n<h4>Llegada a Sagardoetxea desde <strong>Donostia-San Sebasti\u00e1n<\/strong>:<\/h4>\n<h5>En coche \/ Autob\u00fas particular:<\/h5>\n<ul>\n<li>Desde el centro de Donostia-San Sebasti\u00e1n, cruzar el r\u00edo Urumea por el puente de Santa Catalina o el puente Maria Cristina y continuar direcci\u00f3n a la estaci\u00f3n de autobuses.<\/li>\n<li>Continuar por el Paseo de Francia direcci\u00f3n a Urumea Pasealekua.<\/li>\n<li>Continuar direcci\u00f3n Francia por la GI-41.<\/li>\n<li>Pasar el t\u00fanel y continuar direcci\u00f3n Hernani por la GI-41.<\/li>\n<li>Salida en Astigarraga.<\/li>\n<li>En la primera rotonda continuar direcci\u00f3n Sagardoetxea (seguir indicaciones de los carteles) por Pelotari kalea.<\/li>\n<li>Llegada a Kale Nagusia y estacionamiento.<\/li>\n<li>Subir las escaleras de acceso al museo desde el Punto de Informaci\u00f3n y llegada a Sagardoetxea.<\/li>\n<\/ul>\n<h5>En autob\u00fas de l\u00ednea:<\/h5>\n<ul>\n<li><a href=\"http:\/\/www.lurraldebus.eus\">L\u00ednea BU12<\/a><\/li>\n<li><a href=\"http:\/\/www.lurraldebus.eus\">L\u00ednea BU13<\/a><\/li>\n<\/ul>\n<h4>Llegada a Sagardoetxea desde <strong>otras capitales<\/strong>:<\/h4>\n<ul>\n<li>Bilbao: N-637&gt; E-70\/AP-8&gt; AP-8 Salida 19 Astigarraga<\/li>\n<li>Vitoria: N-622&gt; A-1 Salida 168 Astigarraga<\/li>\n<li>Pamplona: AP-15 Salida 168 Astigarraga<\/li>\n<li>Baiona: A63&gt; AP-8&gt;E-5\/E-70\/E-80\/AP-8 Salida 19 Astigarraga<\/li>\n<\/ul>\n<p>[\/et_pb_text][\/et_pb_column][\/et_pb_row][et_pb_row padding_mobile=\u00bboff\u00bb column_padding_mobile=\u00bbon\u00bb admin_label=\u00bbrow\u00bb _builder_version=\u00bb3.25&#8243; background_size=\u00bbinitial\u00bb background_position=\u00bbtop_left\u00bb background_repeat=\u00bbrepeat\u00bb make_fullwidth=\u00bboff\u00bb use_custom_width=\u00bboff\u00bb width_unit=\u00bbon\u00bb][et_pb_column type=\u00bb4_4&#8243; _builder_version=\u00bb3.25&#8243; custom_padding=\u00bb|||\u00bb custom_padding__hover=\u00bb|||\u00bb][et_pb_text admin_label=\u00bbAcceso para personas con movilidad reducida (PMR) al Museo\u00bb _builder_version=\u00bb4.9.6&#8243; background_size=\u00bbinitial\u00bb background_position=\u00bbtop_left\u00bb background_repeat=\u00bbrepeat\u00bb border_style=\u00bbsolid\u00bb]<\/p>\n<h2>Acceso para personas con movilidad reducida (PMR) al Museo<\/h2>\n<p>Sagardoetxea est\u00e1 totalmente adaptado para personas con movilidad reducida (PMR) y es posible realizar la visita del museo en sillas de ruedas.<\/p>\n<p>Las personas que usan sillas de ruedas pueden solicitarnos permiso para poder subir en coche o en microb\u00fas hasta la entrada del museo llamando al <strong>943 55 05 75<\/strong> o enviando un e-mail a <a href=\"mailto:info@sagardoetxea.eus\">info@sagardoetxea.eus<\/a>.<\/p>\n<p>Tambi\u00e9n se puede llegar a Sagardoetxea accediendo por la Calle Mayor y pasando por la plaza Jose Elzo, para evitar las escaleras de acceso que hay desde la Calle Mayor.<\/p>\n<p>[\/et_pb_text][\/et_pb_column][\/et_pb_row][et_pb_row padding_mobile=\u00bboff\u00bb column_padding_mobile=\u00bbon\u00bb admin_label=\u00bbrow\u00bb _builder_version=\u00bb3.25&#8243; background_size=\u00bbinitial\u00bb background_position=\u00bbtop_left\u00bb background_repeat=\u00bbrepeat\u00bb make_fullwidth=\u00bboff\u00bb use_custom_width=\u00bboff\u00bb width_unit=\u00bbon\u00bb][et_pb_column type=\u00bb4_4&#8243; _builder_version=\u00bb3.25&#8243; custom_padding=\u00bb|||\u00bb custom_padding__hover=\u00bb|||\u00bb][et_pb_text admin_label=\u00bbAccesos para grupos seniors\u00bb _builder_version=\u00bb4.9.6&#8243; background_size=\u00bbinitial\u00bb background_position=\u00bbtop_left\u00bb background_repeat=\u00bbrepeat\u00bb border_style=\u00bbsolid\u00bb]<\/p>\n<h2>Accesos para grupos seniors (tercera edad)<\/h2>\n<p>Las personas que tengan problemas de movilidad, pueden solicitarnos permiso para poder subir en coche o en microb\u00fas hasta la entrada del museo.<\/p>\n<p>En caso de viajar en autob\u00fas de mayor tama\u00f1o, las gu\u00edas del museo os iremos a buscar a un punto acordado y os acompa\u00f1aremos a Sagardoetxea por un camino que llega al museo por la parte de atr\u00e1s, evitando las escaleras de acceso.<\/p>\n<p>Para poder ayudaros con estas indicaciones, es necesario que os pong\u00e1is en contacto con nosotros llamando al <strong>943 55 05 75<\/strong> o enviando un e-mail a <a href=\"mailto:info@sagardoetxea.eus\">info@sagardoetxea.eus<\/a><\/p>\n<p>[\/et_pb_text][\/et_pb_column][\/et_pb_row][et_pb_row padding_mobile=\u00bboff\u00bb column_padding_mobile=\u00bbon\u00bb admin_label=\u00bbrow\u00bb _builder_version=\u00bb3.25&#8243; background_size=\u00bbinitial\u00bb background_position=\u00bbtop_left\u00bb background_repeat=\u00bbrepeat\u00bb make_fullwidth=\u00bboff\u00bb use_custom_width=\u00bboff\u00bb width_unit=\u00bbon\u00bb][et_pb_column type=\u00bb4_4&#8243; _builder_version=\u00bb3.25&#8243; custom_padding=\u00bb|||\u00bb custom_padding__hover=\u00bb|||\u00bb][et_pb_text admin_label=\u00bbParkings para autobuses, microbuses\u00bb _builder_version=\u00bb3.27.4&#8243; background_size=\u00bbinitial\u00bb background_position=\u00bbtop_left\u00bb background_repeat=\u00bbrepeat\u00bb use_border_color=\u00bboff\u00bb border_color=\u00bb#ffffff\u00bb border_style=\u00bbsolid\u00bb]<\/p>\n<h2>Parkings para autobuses, microbuses<\/h2>\n<p><img loading=\"lazy\" decoding=\"async\" class=\"size-full wp-image-7889 alignleft\" src=\"https:\/\/sagardoarenlurraldea.eus\/wp-content\/uploads\/2016\/09\/parking.png\" alt=\"parking\" width=\"108\" height=\"108\" srcset=\"https:\/\/sagardoarenlurraldea.eus\/wp-content\/uploads\/2016\/09\/parking.png 108w, https:\/\/sagardoarenlurraldea.eus\/wp-content\/uploads\/2016\/09\/parking-100x100.png 100w\" sizes=\"(max-width: 108px) 100vw, 108px\" \/>En la entrada de Astigarraga se encuentra el pol\u00edgono industrial Bidebitarte, que cuenta con un amplio parking para autobuses y microbuses, mientras el grupo realizar la visita a Sagardoetxea.<\/p>\n<p>Para poder acceder al Pol\u00edgono Bidebitarte, hay que coger la primera salida desde la rotonda grande (seguir indicaciones de los carteles de Parking).<br \/>\n[\/et_pb_text][\/et_pb_column][\/et_pb_row][et_pb_row admin_label=\u00bbFila\u00bb _builder_version=\u00bb3.25&#8243; background_size=\u00bbinitial\u00bb background_position=\u00bbtop_left\u00bb background_repeat=\u00bbrepeat\u00bb][et_pb_column type=\u00bb4_4&#8243; _builder_version=\u00bb3.25&#8243; custom_padding=\u00bb|||\u00bb custom_padding__hover=\u00bb|||\u00bb][et_pb_code admin_label=\u00bbC\u00f3digo\u00bb]<div class=\"sabias_que\">\r\n\t<h3>Sab\u00edas que...<\/h3>\r\n\t<p>Los <strong>pescadores de ballenas<\/strong> y bacalao que iban a Terranova, al no poder llevar fruta durante las largas traves\u00edas, consum\u00edan grandes cantidades de sidra. \u00c9sta proporcionaba a los hombres de mar los nutrientes que les preven\u00edan de las temidas enfermedades marinas como el escorbuto.<\/p>\n\r\n\t<div class=\"fuente\"><span>M\u00e1s info:<\/span> <a href=\"https:\/\/sagardoarenlurraldea.eus\/producto-categoria\/experiencias\/020-sidra-y-mar\/\">Desc\u00fabrelo con la experiencia la \u201cSidra y el mar\u201d<\/a><\/div>\r\n<\/div>[\/et_pb_code][\/et_pb_column][\/et_pb_row][\/et_pb_section]<\/p>\n","protected":false},"excerpt":{"rendered":"<p>C\u00f3mo llegar Sagardoetxea, Museo de la Sidra Vasca, se encuentra en el centro de Astigarraga (Kale Nagusia, 48), a tan solo 6 kil\u00f3metros del centro de Donostia-San Sebasti\u00e1n.Ir a Google [&hellip;]<\/p>\n","protected":false},"author":1,"featured_media":297567,"parent":61,"menu_order":20,"comment_status":"closed","ping_status":"closed","template":"","meta":{"_acf_changed":false,"_et_pb_use_builder":"on","_et_pb_old_content":"","_et_gb_content_width":"","footnotes":""},"class_list":["post-5642","page","type-page","status-publish","has-post-thumbnail","hentry"],"acf":[],"yoast_head":"<!-- This site is optimized with the Yoast SEO plugin v25.4 - https:\/\/yoast.com\/wordpress\/plugins\/seo\/ -->\n<title>C\u00f3mo llegar y accesos - Sagardoaren Lurraldea<\/title>\n<meta name=\"robots\" content=\"index, follow, max-snippet:-1, max-image-preview:large, max-video-preview:-1\" \/>\n<link rel=\"canonical\" href=\"https:\/\/sagardoarenlurraldea.eus\/es\/museo-de-la-sidra\/como-llegar-y-accesos\/\" \/>\n<meta property=\"og:locale\" content=\"es_ES\" \/>\n<meta property=\"og:type\" content=\"article\" \/>\n<meta property=\"og:title\" content=\"C\u00f3mo llegar y accesos - Sagardoaren Lurraldea\" \/>\n<meta property=\"og:description\" content=\"C\u00f3mo llegar Sagardoetxea, Museo de la Sidra Vasca, se encuentra en el centro de Astigarraga (Kale Nagusia, 48), a tan solo 6 kil\u00f3metros del centro de Donostia-San Sebasti\u00e1n.Ir a Google [&hellip;]\" \/>\n<meta property=\"og:url\" content=\"https:\/\/sagardoarenlurraldea.eus\/es\/museo-de-la-sidra\/como-llegar-y-accesos\/\" \/>\n<meta property=\"og:site_name\" content=\"Sagardoaren Lurraldea\" \/>\n<meta property=\"article:publisher\" content=\"https:\/\/www.facebook.com\/sagardoarenlurraldea\" \/>\n<meta property=\"article:modified_time\" content=\"2024-11-04T15:49:11+00:00\" \/>\n<meta property=\"og:image\" content=\"https:\/\/sagardoarenlurraldea.eus\/wp-content\/uploads\/2024\/11\/Cabecera-Sagardoetxea.jpg\" \/>\n\t<meta property=\"og:image:width\" content=\"1903\" \/>\n\t<meta property=\"og:image:height\" content=\"220\" \/>\n\t<meta property=\"og:image:type\" content=\"image\/jpeg\" \/>\n<meta name=\"twitter:card\" content=\"summary_large_image\" \/>\n<meta name=\"twitter:label1\" content=\"Tiempo de lectura\" \/>\n\t<meta name=\"twitter:data1\" content=\"5 minutos\" \/>\n<script type=\"application\/ld+json\" class=\"yoast-schema-graph\">{\"@context\":\"https:\/\/schema.org\",\"@graph\":[{\"@type\":\"WebPage\",\"@id\":\"https:\/\/sagardoarenlurraldea.eus\/es\/museo-de-la-sidra\/como-llegar-y-accesos\/\",\"url\":\"https:\/\/sagardoarenlurraldea.eus\/es\/museo-de-la-sidra\/como-llegar-y-accesos\/\",\"name\":\"C\u00f3mo llegar y accesos - Sagardoaren Lurraldea\",\"isPartOf\":{\"@id\":\"https:\/\/sagardoarenlurraldea.eus\/es\/#website\"},\"primaryImageOfPage\":{\"@id\":\"https:\/\/sagardoarenlurraldea.eus\/es\/museo-de-la-sidra\/como-llegar-y-accesos\/#primaryimage\"},\"image\":{\"@id\":\"https:\/\/sagardoarenlurraldea.eus\/es\/museo-de-la-sidra\/como-llegar-y-accesos\/#primaryimage\"},\"thumbnailUrl\":\"https:\/\/sagardoarenlurraldea.eus\/wp-content\/uploads\/2024\/11\/Cabecera-Sagardoetxea.jpg\",\"datePublished\":\"2016-09-05T12:23:56+00:00\",\"dateModified\":\"2024-11-04T15:49:11+00:00\",\"breadcrumb\":{\"@id\":\"https:\/\/sagardoarenlurraldea.eus\/es\/museo-de-la-sidra\/como-llegar-y-accesos\/#breadcrumb\"},\"inLanguage\":\"es\",\"potentialAction\":[{\"@type\":\"ReadAction\",\"target\":[\"https:\/\/sagardoarenlurraldea.eus\/es\/museo-de-la-sidra\/como-llegar-y-accesos\/\"]}]},{\"@type\":\"ImageObject\",\"inLanguage\":\"es\",\"@id\":\"https:\/\/sagardoarenlurraldea.eus\/es\/museo-de-la-sidra\/como-llegar-y-accesos\/#primaryimage\",\"url\":\"https:\/\/sagardoarenlurraldea.eus\/wp-content\/uploads\/2024\/11\/Cabecera-Sagardoetxea.jpg\",\"contentUrl\":\"https:\/\/sagardoarenlurraldea.eus\/wp-content\/uploads\/2024\/11\/Cabecera-Sagardoetxea.jpg\",\"width\":1903,\"height\":220},{\"@type\":\"BreadcrumbList\",\"@id\":\"https:\/\/sagardoarenlurraldea.eus\/es\/museo-de-la-sidra\/como-llegar-y-accesos\/#breadcrumb\",\"itemListElement\":[{\"@type\":\"ListItem\",\"position\":1,\"name\":\"Inicio\",\"item\":\"https:\/\/sagardoarenlurraldea.eus\/es\/\"},{\"@type\":\"ListItem\",\"position\":2,\"name\":\"Museo de la sidra\",\"item\":\"https:\/\/sagardoarenlurraldea.eus\/es\/museo-de-la-sidra\/\"},{\"@type\":\"ListItem\",\"position\":3,\"name\":\"C\u00f3mo llegar y accesos\"}]},{\"@type\":\"WebSite\",\"@id\":\"https:\/\/sagardoarenlurraldea.eus\/es\/#website\",\"url\":\"https:\/\/sagardoarenlurraldea.eus\/es\/\",\"name\":\"Sagardoaren Lurraldea\",\"description\":\"El territorio de la sidra\",\"potentialAction\":[{\"@type\":\"SearchAction\",\"target\":{\"@type\":\"EntryPoint\",\"urlTemplate\":\"https:\/\/sagardoarenlurraldea.eus\/es\/?s={search_term_string}\"},\"query-input\":{\"@type\":\"PropertyValueSpecification\",\"valueRequired\":true,\"valueName\":\"search_term_string\"}}],\"inLanguage\":\"es\"}]}<\/script>\n<!-- \/ Yoast SEO plugin. -->","yoast_head_json":{"title":"C\u00f3mo llegar y accesos - Sagardoaren Lurraldea","robots":{"index":"index","follow":"follow","max-snippet":"max-snippet:-1","max-image-preview":"max-image-preview:large","max-video-preview":"max-video-preview:-1"},"canonical":"https:\/\/sagardoarenlurraldea.eus\/es\/museo-de-la-sidra\/como-llegar-y-accesos\/","og_locale":"es_ES","og_type":"article","og_title":"C\u00f3mo llegar y accesos - Sagardoaren Lurraldea","og_description":"C\u00f3mo llegar Sagardoetxea, Museo de la Sidra Vasca, se encuentra en el centro de Astigarraga (Kale Nagusia, 48), a tan solo 6 kil\u00f3metros del centro de Donostia-San Sebasti\u00e1n.Ir a Google [&hellip;]","og_url":"https:\/\/sagardoarenlurraldea.eus\/es\/museo-de-la-sidra\/como-llegar-y-accesos\/","og_site_name":"Sagardoaren Lurraldea","article_publisher":"https:\/\/www.facebook.com\/sagardoarenlurraldea","article_modified_time":"2024-11-04T15:49:11+00:00","og_image":[{"width":1903,"height":220,"url":"https:\/\/sagardoarenlurraldea.eus\/wp-content\/uploads\/2024\/11\/Cabecera-Sagardoetxea.jpg","type":"image\/jpeg"}],"twitter_card":"summary_large_image","twitter_misc":{"Tiempo de lectura":"5 minutos"},"schema":{"@context":"https:\/\/schema.org","@graph":[{"@type":"WebPage","@id":"https:\/\/sagardoarenlurraldea.eus\/es\/museo-de-la-sidra\/como-llegar-y-accesos\/","url":"https:\/\/sagardoarenlurraldea.eus\/es\/museo-de-la-sidra\/como-llegar-y-accesos\/","name":"C\u00f3mo llegar y accesos - Sagardoaren Lurraldea","isPartOf":{"@id":"https:\/\/sagardoarenlurraldea.eus\/es\/#website"},"primaryImageOfPage":{"@id":"https:\/\/sagardoarenlurraldea.eus\/es\/museo-de-la-sidra\/como-llegar-y-accesos\/#primaryimage"},"image":{"@id":"https:\/\/sagardoarenlurraldea.eus\/es\/museo-de-la-sidra\/como-llegar-y-accesos\/#primaryimage"},"thumbnailUrl":"https:\/\/sagardoarenlurraldea.eus\/wp-content\/uploads\/2024\/11\/Cabecera-Sagardoetxea.jpg","datePublished":"2016-09-05T12:23:56+00:00","dateModified":"2024-11-04T15:49:11+00:00","breadcrumb":{"@id":"https:\/\/sagardoarenlurraldea.eus\/es\/museo-de-la-sidra\/como-llegar-y-accesos\/#breadcrumb"},"inLanguage":"es","potentialAction":[{"@type":"ReadAction","target":["https:\/\/sagardoarenlurraldea.eus\/es\/museo-de-la-sidra\/como-llegar-y-accesos\/"]}]},{"@type":"ImageObject","inLanguage":"es","@id":"https:\/\/sagardoarenlurraldea.eus\/es\/museo-de-la-sidra\/como-llegar-y-accesos\/#primaryimage","url":"https:\/\/sagardoarenlurraldea.eus\/wp-content\/uploads\/2024\/11\/Cabecera-Sagardoetxea.jpg","contentUrl":"https:\/\/sagardoarenlurraldea.eus\/wp-content\/uploads\/2024\/11\/Cabecera-Sagardoetxea.jpg","width":1903,"height":220},{"@type":"BreadcrumbList","@id":"https:\/\/sagardoarenlurraldea.eus\/es\/museo-de-la-sidra\/como-llegar-y-accesos\/#breadcrumb","itemListElement":[{"@type":"ListItem","position":1,"name":"Inicio","item":"https:\/\/sagardoarenlurraldea.eus\/es\/"},{"@type":"ListItem","position":2,"name":"Museo de la sidra","item":"https:\/\/sagardoarenlurraldea.eus\/es\/museo-de-la-sidra\/"},{"@type":"ListItem","position":3,"name":"C\u00f3mo llegar y accesos"}]},{"@type":"WebSite","@id":"https:\/\/sagardoarenlurraldea.eus\/es\/#website","url":"https:\/\/sagardoarenlurraldea.eus\/es\/","name":"Sagardoaren Lurraldea","description":"El territorio de la sidra","potentialAction":[{"@type":"SearchAction","target":{"@type":"EntryPoint","urlTemplate":"https:\/\/sagardoarenlurraldea.eus\/es\/?s={search_term_string}"},"query-input":{"@type":"PropertyValueSpecification","valueRequired":true,"valueName":"search_term_string"}}],"inLanguage":"es"}]}},"_links":{"self":[{"href":"https:\/\/sagardoarenlurraldea.eus\/es\/wp-json\/wp\/v2\/pages\/5642","targetHints":{"allow":["GET"]}}],"collection":[{"href":"https:\/\/sagardoarenlurraldea.eus\/es\/wp-json\/wp\/v2\/pages"}],"about":[{"href":"https:\/\/sagardoarenlurraldea.eus\/es\/wp-json\/wp\/v2\/types\/page"}],"author":[{"embeddable":true,"href":"https:\/\/sagardoarenlurraldea.eus\/es\/wp-json\/wp\/v2\/users\/1"}],"replies":[{"embeddable":true,"href":"https:\/\/sagardoarenlurraldea.eus\/es\/wp-json\/wp\/v2\/comments?post=5642"}],"version-history":[{"count":1,"href":"https:\/\/sagardoarenlurraldea.eus\/es\/wp-json\/wp\/v2\/pages\/5642\/revisions"}],"predecessor-version":[{"id":291917,"href":"https:\/\/sagardoarenlurraldea.eus\/es\/wp-json\/wp\/v2\/pages\/5642\/revisions\/291917"}],"up":[{"embeddable":true,"href":"https:\/\/sagardoarenlurraldea.eus\/es\/wp-json\/wp\/v2\/pages\/61"}],"wp:featuredmedia":[{"embeddable":true,"href":"https:\/\/sagardoarenlurraldea.eus\/es\/wp-json\/wp\/v2\/media\/297567"}],"wp:attachment":[{"href":"https:\/\/sagardoarenlurraldea.eus\/es\/wp-json\/wp\/v2\/media?parent=5642"}],"curies":[{"name":"wp","href":"https:\/\/api.w.org\/{rel}","templated":true}]}}