{"id":270025,"date":"2023-11-14T12:39:21","date_gmt":"2023-11-14T10:39:21","guid":{"rendered":"https:\/\/sagardoarenlurraldea.eus\/?page_id=270025"},"modified":"2024-11-05T10:23:23","modified_gmt":"2024-11-05T08:23:23","slug":"cider-week","status":"publish","type":"page","link":"https:\/\/sagardoarenlurraldea.eus\/es\/sagardo-forum\/cider-week\/","title":{"rendered":"Cider Week"},"content":{"rendered":"<p>[et_pb_section fb_built=\u00bb1&#8243; custom_padding_last_edited=\u00bbon|desktop\u00bb admin_label=\u00bbsection\u00bb module_class=\u00bbcontenedor interior\u00bb _builder_version=\u00bb3.22&#8243; background_color=\u00bb#ffffff\u00bb custom_padding_tablet=\u00bb50px|0|50px|0&#8243; custom_padding_phone=\u00bb\u00bb transparent_background=\u00bboff\u00bb padding_mobile=\u00bboff\u00bb make_fullwidth=\u00bboff\u00bb use_custom_width=\u00bboff\u00bb width_unit=\u00bbon\u00bb locked=\u00bboff\u00bb][et_pb_row admin_label=\u00bbFila\u00bb _builder_version=\u00bb3.25&#8243; background_size=\u00bbinitial\u00bb background_position=\u00bbtop_left\u00bb background_repeat=\u00bbrepeat\u00bb][et_pb_column type=\u00bb4_4&#8243; _builder_version=\u00bb3.25&#8243; custom_padding=\u00bb|||\u00bb custom_padding__hover=\u00bb|||\u00bb][et_pb_divider show_divider=\u00bboff\u00bb disabled_on=\u00bbon|on|on\u00bb admin_label=\u00bbSeparador\u00bb _builder_version=\u00bb3.2&#8243; height=\u00bb15px\u00bb hide_on_mobile=\u00bbon\u00bb disabled=\u00bbon\u00bb][\/et_pb_divider][et_pb_image src=\u00bbhttps:\/\/sagardoarenlurraldea.eus\/wp-content\/uploads\/2023\/11\/Sagardo-Forum-Cider-Week-2023-cas.jpg\u00bb title_text=\u00bbSagardo Forum Cider Week 2023 cas\u00bb force_fullwidth=\u00bbon\u00bb align_tablet=\u00bbcenter\u00bb align_phone=\u00bb\u00bb align_last_edited=\u00bbon|desktop\u00bb disabled_on=\u00bbon|on|on\u00bb admin_label=\u00bbCabecera Sagardo Forum\u00bb _builder_version=\u00bb4.9.6&#8243; animation=\u00bboff\u00bb sticky=\u00bboff\u00bb border_style=\u00bbsolid\u00bb always_center_on_mobile=\u00bbon\u00bb disabled=\u00bbon\u00bb][\/et_pb_image][et_pb_divider show_divider=\u00bboff\u00bb disabled_on=\u00bbon|on|on\u00bb admin_label=\u00bbSeparador\u00bb _builder_version=\u00bb4.9.6&#8243; height=\u00bb15px\u00bb hide_on_mobile=\u00bbon\u00bb disabled=\u00bbon\u00bb][\/et_pb_divider][\/et_pb_column][\/et_pb_row][\/et_pb_section][et_pb_section fb_built=\u00bb1&#8243; admin_label=\u00bbsection\u00bb module_class=\u00bbcontenedor interior\u00bb _builder_version=\u00bb3.22&#8243; custom_css_main_element=\u00bbpadding-bottom:50px !important;\u00bb locked=\u00bboff\u00bb][et_pb_row admin_label=\u00bbrow\u00bb _builder_version=\u00bb4.9.6&#8243; background_size=\u00bbinitial\u00bb background_position=\u00bbtop_left\u00bb background_repeat=\u00bbrepeat\u00bb][et_pb_column type=\u00bb4_4&#8243; _builder_version=\u00bb3.25&#8243; custom_padding=\u00bb|||\u00bb custom_padding__hover=\u00bb|||\u00bb][et_pb_divider show_divider=\u00bboff\u00bb disabled_on=\u00bbon|on|off\u00bb admin_label=\u00bbSeparador\u00bb _builder_version=\u00bb4.9.6&#8243; height=\u00bb40px\u00bb hide_on_mobile=\u00bbon\u00bb][\/et_pb_divider][\/et_pb_column][\/et_pb_row][et_pb_row column_structure=\u00bb1_2,1_2&#8243; admin_label=\u00bbFila\u00bb _builder_version=\u00bb3.25&#8243; background_size=\u00bbinitial\u00bb background_position=\u00bbtop_left\u00bb background_repeat=\u00bbrepeat\u00bb][et_pb_column type=\u00bb1_2&#8243; _builder_version=\u00bb3.25&#8243; custom_padding=\u00bb|||\u00bb custom_padding__hover=\u00bb|||\u00bb][et_pb_text admin_label=\u00bbCider Week\u00bb _builder_version=\u00bb4.9.6&#8243; border_style=\u00bbsolid\u00bb]<\/p>\n<h2 style=\"text-align: left;\">\u00a1<span id=\"translation_box\" class=\"form-control-text textarea\" role=\"textbox\">Catas de sidra, maridajes y mucho m\u00e1s<\/span>!<\/h2>\n<div class=\"mc-field-group input-group\"><span id=\"tgt_sent_0\"><span class=\"interactive\"><span id=\"translation_box\" class=\"form-control-text textarea\" role=\"textbox\">En 2024 se ha organizado la iniciativa <strong>Cider Week<\/strong> para las semanas del 21 y 28 de octubre. As\u00ed, durante estas semanas se ofrecer\u00e1n tanto catas de sidra como maridajes gastron\u00f3micos especiales con sidra local e internacional en diferentes establecimientos.<\/span><\/span><\/span><\/div>\n<div class=\"mc-field-group input-group\">\n<div id=\"output_text_dummy\" class=\"form-div minimal p-0 flex-grow-1 h-20rm\" style=\"text-align: left;\">\n<div>\u00a0<\/div>\n<div><span id=\"tgt_sent_0\"><span class=\"interactive\"><span id=\"translation_box\" class=\"form-control-text textarea\" role=\"textbox\">Los bares, restaurantes y museos que este a\u00f1o se han sumado a la Cider Week son los siguientes<\/span>:<\/span><\/span><\/div>\n<\/div>\n<\/div>\n<ol>\n<li style=\"text-align: left;\">Ama Tolosa (Tolosa) <a href=\"https:\/\/www.instagram.com\/amatolosa\/\">@amatolosa<\/a><\/li>\n<li style=\"text-align: left;\">Bertakoteka (Tolosa) <a href=\"https:\/\/www.instagram.com\/bertakoteka\/\">@bertakoteka<\/a><\/li>\n<li>Tolosaldea Jatetxea (Tolosa) <a href=\"https:\/\/www.instagram.com\/tolosaldea.jatetxea\/\">@tolosaldea.jatetxea<\/a><\/li>\n<li>Arteaga Jauregia (Arrasate) <a href=\"https:\/\/www.instagram.com\/arteagalandetxea\/\">@arteagalandetxea<\/a><\/li>\n<li>Mala Gissona (Donostia) <a href=\"https:\/\/www.instagram.com\/malagissonagros\">@malagissonagros<\/a><\/li>\n<li style=\"text-align: left;\">Errio Guarda (Hernani) <a href=\"https:\/\/www.instagram.com\/errioguardaenea\/\">@errioguardaenea<\/a><\/li>\n<li style=\"text-align: left;\">Bodega Klandestina (Donostia) <a href=\"https:\/\/www.instagram.com\/bodegaklandestina\/\">@bodegaklandestina<\/a><\/li>\n<li style=\"text-align: left;\">Taupada (Donostia) <a href=\"https:\/\/www.instagram.com\/taupada_taberna\/\">@taupada_taberna<\/a><\/li>\n<li style=\"text-align: left;\">Sukaldean Aitor Santamaria (Donostia) <a href=\"https:\/\/www.instagram.com\/sukaldeanas\/\">@sukaldeanas<\/a><\/li>\n<li>Basqueland Izakaia (Donostia) <a href=\"https:\/\/www.instagram.com\/basqueland_izakaia\/\">@basqueland_izakaia<\/a><\/li>\n<li>Sagardoetxea, Sagardoaren Museoa <a href=\"https:\/\/www.instagram.com\/sagardoetxea\/\">@sagardoetxea<\/a><\/li>\n<\/ol>\n<p>[\/et_pb_text][\/et_pb_column][et_pb_column type=\u00bb1_2&#8243; _builder_version=\u00bb3.25&#8243; custom_padding=\u00bb|||\u00bb custom_padding__hover=\u00bb|||\u00bb][et_pb_text admin_label=\u00bbCider Week\u00bb _builder_version=\u00bb4.9.6&#8243; border_style=\u00bbsolid\u00bb locked=\u00bboff\u00bb]<img loading=\"lazy\" decoding=\"async\" class=\"aligncenter wp-image-270172 size-large\" src=\"https:\/\/sagardoarenlurraldea.eus\/wp-content\/uploads\/2023\/11\/Cider-Week-1024x898.jpg\" alt=\"\" width=\"1024\" height=\"898\" srcset=\"https:\/\/sagardoarenlurraldea.eus\/wp-content\/uploads\/2023\/11\/Cider-Week-980x859.jpg 980w, https:\/\/sagardoarenlurraldea.eus\/wp-content\/uploads\/2023\/11\/Cider-Week-480x421.jpg 480w\" sizes=\"(min-width: 0px) and (max-width: 480px) 480px, (min-width: 481px) and (max-width: 980px) 980px, (min-width: 981px) 1024px, 100vw\" \/>[\/et_pb_text][\/et_pb_column][\/et_pb_row][et_pb_row _builder_version=\u00bb4.9.6&#8243; _module_preset=\u00bbdefault\u00bb][et_pb_column type=\u00bb4_4&#8243; _builder_version=\u00bb4.9.6&#8243; _module_preset=\u00bbdefault\u00bb][et_pb_divider show_divider=\u00bboff\u00bb disabled_on=\u00bbon|on|off\u00bb admin_label=\u00bbSeparador\u00bb _builder_version=\u00bb4.9.6&#8243; height=\u00bb15px\u00bb hide_on_mobile=\u00bbon\u00bb locked=\u00bboff\u00bb][\/et_pb_divider][et_pb_accordion _builder_version=\u00bb4.9.6&#8243; _module_preset=\u00bbdefault\u00bb][et_pb_accordion_item title=\u00bbCider Week (semanas del 21 y 28 de octubre)\u00bb open=\u00bbon\u00bb _builder_version=\u00bb4.9.6&#8243; _module_preset=\u00bbdefault\u00bb][\/et_pb_accordion_item][et_pb_accordion_item title=\u00bbAma Tolosa (Tolosa)\u00bb _builder_version=\u00bb4.9.6&#8243; _module_preset=\u00bbdefault\u00bb open=\u00bboff\u00bb]<\/p>\n<p><strong><img loading=\"lazy\" decoding=\"async\" class=\"wp-image-293713 size-medium alignleft\" src=\"https:\/\/sagardoarenlurraldea.eus\/wp-content\/uploads\/2024\/10\/Cider-Week2-2-300x300.jpg\" alt=\"\" width=\"300\" height=\"300\" \/>Oferta<\/strong>: <span id=\"translation_box\" class=\"form-control-text textarea\" role=\"textbox\">Degustaci\u00f3n de elaboraciones saladas y dulces con sidras de hielo. Tres bocados salados, uno dulce y cuatro sidras internacionales (EEUU, Suecia, Asturias y Euskal Herria).<\/span><\/p>\n<p><strong>D\u00eda: <\/strong>31 de octubre (jueves), a las 20:30.<\/p>\n<p><strong>Reservas:<\/strong><br \/>AMA Tolosa. 943 38 20 59.<\/p>\n<p>&nbsp;<\/p>\n<p>[\/et_pb_accordion_item][et_pb_accordion_item title=\u00bbBertakoteka (Tolosa)\u00bb _builder_version=\u00bb4.9.6&#8243; _module_preset=\u00bbdefault\u00bb open=\u00bboff\u00bb]<\/p>\n<p><strong><img loading=\"lazy\" decoding=\"async\" class=\"wp-image-293532 size-medium alignleft\" src=\"https:\/\/sagardoarenlurraldea.eus\/wp-content\/uploads\/2024\/10\/Cider-Week3-300x300.jpg\" alt=\"\" width=\"300\" height=\"300\" \/>Oferta<\/strong>: N<span id=\"translation_box\" class=\"form-control-text textarea\" role=\"textbox\">oche <em>Bertakoburger<\/em> con sidras internacionales.<br \/><\/span><\/p>\n<p><strong>D\u00eda: <\/strong>24 de octubre (jueves) y 31 de octubre (jueves).<\/p>\n<p>&nbsp;<\/p>\n<p>[\/et_pb_accordion_item][et_pb_accordion_item title=\u00bbTolosaldea Jatetxea (Tolosa)\u00bb _builder_version=\u00bb4.9.6&#8243; _module_preset=\u00bbdefault\u00bb open=\u00bboff\u00bb]<\/p>\n<p><strong><img loading=\"lazy\" decoding=\"async\" class=\"wp-image-293718 size-medium alignleft\" src=\"https:\/\/sagardoarenlurraldea.eus\/wp-content\/uploads\/2024\/10\/Cider-Week4-1-300x300.jpg\" alt=\"\" width=\"300\" height=\"300\" \/>Oferta<\/strong>: Oportunidad de disfrutar de sidras locales e internacionales.<\/p>\n<p><strong>D\u00eda: <\/strong>Semanas del 21 y 28 de octubre.<\/p>\n<p>&nbsp;<\/p>\n<p>[\/et_pb_accordion_item][et_pb_accordion_item title=\u00bbArteaga Jauregia (Arrasate)\u00bb _builder_version=\u00bb4.9.6&#8243; _module_preset=\u00bbdefault\u00bb open=\u00bboff\u00bb]<\/p>\n<p><strong><img loading=\"lazy\" decoding=\"async\" class=\"wp-image-293723 size-medium alignleft\" src=\"https:\/\/sagardoarenlurraldea.eus\/wp-content\/uploads\/2024\/10\/Cider-Week5-1-300x300.jpg\" alt=\"\" width=\"300\" height=\"300\" \/>Oferta<\/strong>: <span id=\"translation_box\" class=\"form-control-text textarea\" role=\"textbox\">Durante la semana men\u00fa ejecutivo con la sidra internacional.<\/span><\/p>\n<p><strong>D\u00eda:<\/strong> Semanas del 21 eta 28 de octubre.<\/p>\n<p>&nbsp;<\/p>\n<p>[\/et_pb_accordion_item][et_pb_accordion_item title=\u00bbMala Gissona (Donostia)\u00bb _builder_version=\u00bb4.9.6&#8243; _module_preset=\u00bbdefault\u00bb open=\u00bboff\u00bb]<\/p>\n<p><strong><img loading=\"lazy\" decoding=\"async\" class=\"wp-image-293728 size-medium alignleft\" src=\"https:\/\/sagardoarenlurraldea.eus\/wp-content\/uploads\/2024\/10\/Cider-Week6-2-300x300.jpg\" alt=\"\" width=\"300\" height=\"300\" \/>Oferta<\/strong>: Variedad de quesos y sidras internacionales.<\/p>\n<p><strong>D\u00eda:<\/strong> Semanas del 21 eta 28 de octubre.<\/p>\n<p>&nbsp;<\/p>\n<p>[\/et_pb_accordion_item][et_pb_accordion_item title=\u00bbErrioguarda Enea (Hernani) \u00bb _builder_version=\u00bb4.9.6&#8243; _module_preset=\u00bbdefault\u00bb open=\u00bboff\u00bb]<\/p>\n<p><strong><img loading=\"lazy\" decoding=\"async\" class=\"wp-image-293757 size-medium alignleft\" src=\"https:\/\/sagardoarenlurraldea.eus\/wp-content\/uploads\/2024\/10\/Cider-Week7-1-300x300.jpg\" alt=\"\" width=\"300\" height=\"300\" \/>Oferta<\/strong>: Men\u00fa del Mercado con sidra internacional<span id=\"translation_box\" class=\"form-control-text textarea\" role=\"textbox\">.<\/span><\/p>\n<p><strong>D\u00eda:<\/strong> Semanas del 21 y 28 de octubre.<\/p>\n<p>&nbsp;<\/p>\n<p>[\/et_pb_accordion_item][et_pb_accordion_item title=\u00bbBodega Klandestina (Donostia) \u00bb _builder_version=\u00bb4.9.6&#8243; _module_preset=\u00bbdefault\u00bb open=\u00bboff\u00bb]<\/p>\n<p><strong><img loading=\"lazy\" decoding=\"async\" class=\"wp-image-293733 size-medium alignleft\" src=\"https:\/\/sagardoarenlurraldea.eus\/wp-content\/uploads\/2024\/10\/Cider-Week8-1-300x300.jpg\" alt=\"\" width=\"300\" height=\"300\" \/>Oferta<\/strong>: Selecci\u00f3n exclusiva para la venta de sidras locales e internacionales.<\/p>\n<p><strong>D\u00eda:<\/strong> Semanas del 21 y 28 de octubre.<\/p>\n<p>&nbsp;<\/p>\n<p>[\/et_pb_accordion_item][et_pb_accordion_item title=\u00bbTaupada taberna (Donostia) \u00bb _builder_version=\u00bb4.9.6&#8243; _module_preset=\u00bbdefault\u00bb open=\u00bboff\u00bb]<\/p>\n<p><strong><img loading=\"lazy\" decoding=\"async\" class=\"wp-image-293739 size-medium alignleft\" src=\"https:\/\/sagardoarenlurraldea.eus\/wp-content\/uploads\/2024\/10\/Cider-Week9-1-300x300.jpg\" alt=\"\" width=\"300\" height=\"300\" \/>Oferta<\/strong>:\u00a0Degustaci\u00f3n de sidra local o internacional con el aperitivo de la comida.<\/p>\n<p><strong>D\u00eda:<\/strong> Semanas del 21 y 28 de octubre.<\/p>\n<p>&nbsp;<\/p>\n<p>&nbsp;<\/p>\n<p>[\/et_pb_accordion_item][et_pb_accordion_item title=\u00bbSukaldean Aitor Santamaria (Donostia) \u00bb _builder_version=\u00bb4.9.6&#8243; _module_preset=\u00bbdefault\u00bb open=\u00bboff\u00bb]<\/p>\n<p><strong><img loading=\"lazy\" decoding=\"async\" class=\"wp-image-293766 size-medium alignleft\" src=\"https:\/\/sagardoarenlurraldea.eus\/wp-content\/uploads\/2024\/10\/Cider-Week10-1-300x300.jpg\" alt=\"\" width=\"300\" height=\"300\" \/>Oferta:\u00a0<\/strong><span id=\"translation_box\" class=\"form-control-text textarea\" role=\"textbox\">Men\u00fa armonizado con sidras internacionales.<\/span><\/p>\n<p><strong>D\u00eda:<\/strong> Semanas del 21 y 28 de octubre.<\/p>\n<p>&nbsp;<\/p>\n<p>&nbsp;<\/p>\n<p>[\/et_pb_accordion_item][et_pb_accordion_item title=\u00bbBasqueland Izakaia (Donostia) \u00bb _builder_version=\u00bb4.9.6&#8243; _module_preset=\u00bbdefault\u00bb open=\u00bboff\u00bb]<\/p>\n<p><strong><img loading=\"lazy\" decoding=\"async\" class=\"wp-image-293744 size-medium alignleft\" src=\"https:\/\/sagardoarenlurraldea.eus\/wp-content\/uploads\/2024\/10\/Cider-Week11-2-300x300.jpg\" alt=\"\" width=\"300\" height=\"300\" \/>Oferta: <\/strong>Degustaci\u00f3n de los platos de la carta con sidras internacionales.<\/p>\n<p><strong>D\u00eda:<\/strong> Semana del 28 de octubre.<\/p>\n<p>&nbsp;<\/p>\n<p>&nbsp;<\/p>\n<p>[\/et_pb_accordion_item][et_pb_accordion_item title=\u00bbMuseo Sagardoetxea (Astigarraga)\u00bb _builder_version=\u00bb4.9.6&#8243; _module_preset=\u00bbdefault\u00bb open=\u00bboff\u00bb]<\/p>\n<p><strong><img loading=\"lazy\" decoding=\"async\" class=\"wp-image-293533 size-medium alignleft\" src=\"https:\/\/sagardoarenlurraldea.eus\/wp-content\/uploads\/2024\/10\/Cider-Week-1-300x300.jpg\" alt=\"\" width=\"300\" height=\"300\" \/>Oferta<\/strong>: En esta degustaci\u00f3n especial, se analizar\u00e1n y se degustar\u00e1n sidras de diferentes pa\u00edses clasificadas en 9 categor\u00edas. <span id=\"translation_box\" class=\"form-control-text textarea\" role=\"textbox\">La cata ser\u00e1 conducida por Haritz Rodr\u00edguez, conocido como <em>Ciderzale<\/em>, y primer pommelier o sumiller de sidra certificado de Euskal Herria<\/span>, y disfrutaremos de un viaje sensorial que nos llevar\u00e1 desde las sidras m\u00e1s tradicionales de Euskadi hasta las m\u00e1s novedosas de otros rincones del mundo:<\/p>\n<ol>\n<li>Sidra natural: sidras producidas en Euskal Herria y en Asturias<\/li>\n<li>Acidez Dominante: sidra producida en Alemania<\/li>\n<li>Amargor dominante: sidra producida en Gran Breta\u00f1a<\/li>\n<li>Sidra Espumosa Premium: sidra producida en B\u00e9lgica<\/li>\n<li>Perada: sidra producida en Austria<\/li>\n<li>Sidras de sabores o mixtas: sidra producida en Euskal Herria<\/li>\n<li>Sidra moderna: sidras producidas en Sud\u00e1frica, Austria y Euskal Herria<\/li>\n<li>Sidra de Postre: sidra producida en Asturias<\/li>\n<li>Categor\u00eda abierta: sidra producida en Euskal Herria<\/li>\n<\/ol>\n<p><strong>D\u00eda: <\/strong>10 de octubre (jueves), a las 19:00.<\/p>\n<p><strong>Reservas:<\/strong><br \/><span class=\"LrzXr zdqRlf kno-fv\">Sagardoetxea Museoa. <a href=\"info@sagardoetxea.eus\">info@sagardoetxea.eus<\/a> \/ <a href=\"https:\/\/sagardoarenlurraldea.eus\/eu\/erreserbatu\/udazken-zaporez-2\/bertako-eta-nazioarteko-sagardoen-dastaketa-gidatua\/\">Online<\/a> \/ 943550575<\/span><\/p>\n<p>[\/et_pb_accordion_item][\/et_pb_accordion][et_pb_divider show_divider=\u00bboff\u00bb disabled_on=\u00bbon|on|off\u00bb admin_label=\u00bbSeparador\u00bb _builder_version=\u00bb4.9.6&#8243; height=\u00bb15px\u00bb hide_on_mobile=\u00bbon\u00bb locked=\u00bboff\u00bb][\/et_pb_divider][et_pb_video src=\u00bbhttps:\/\/www.youtube.com\/watch?v=hGKqYNV6Nw0&#8243; image_src=\u00bbhttps:\/\/sagardoarenlurraldea.eus\/wp-content\/uploads\/2024\/10\/Cider-Week-2024_1920X1080-KARATULA-BIDEO-WEB.jpg\u00bb admin_label=\u00bbV\u00eddeo\u00bb _builder_version=\u00bb4.9.6&#8243; locked=\u00bboff\u00bb][\/et_pb_video][\/et_pb_column][\/et_pb_row][\/et_pb_section]<\/p>\n","protected":false},"excerpt":{"rendered":"<p>\u00a1Catas de sidra, maridajes y mucho m\u00e1s! En 2024 se ha organizado la iniciativa Cider Week para las semanas del 21 y 28 de octubre. As\u00ed, durante estas semanas se [&hellip;]<\/p>\n","protected":false},"author":8,"featured_media":0,"parent":30529,"menu_order":31,"comment_status":"closed","ping_status":"closed","template":"","meta":{"_acf_changed":false,"_et_pb_use_builder":"on","_et_pb_old_content":"","_et_gb_content_width":"","footnotes":""},"class_list":["post-270025","page","type-page","status-publish","hentry"],"acf":[],"yoast_head":"<!-- This site is optimized with the Yoast SEO plugin v25.4 - https:\/\/yoast.com\/wordpress\/plugins\/seo\/ -->\n<title>Cider Week - Sagardoaren Lurraldea<\/title>\n<meta name=\"robots\" content=\"index, follow, max-snippet:-1, max-image-preview:large, max-video-preview:-1\" \/>\n<link rel=\"canonical\" href=\"https:\/\/sagardoarenlurraldea.eus\/es\/sagardo-forum\/cider-week\/\" \/>\n<meta property=\"og:locale\" content=\"es_ES\" \/>\n<meta property=\"og:type\" content=\"article\" \/>\n<meta property=\"og:title\" content=\"Cider Week - Sagardoaren Lurraldea\" \/>\n<meta property=\"og:description\" content=\"\u00a1Catas de sidra, maridajes y mucho m\u00e1s! En 2024 se ha organizado la iniciativa Cider Week para las semanas del 21 y 28 de octubre. As\u00ed, durante estas semanas se [&hellip;]\" \/>\n<meta property=\"og:url\" content=\"https:\/\/sagardoarenlurraldea.eus\/es\/sagardo-forum\/cider-week\/\" \/>\n<meta property=\"og:site_name\" content=\"Sagardoaren Lurraldea\" \/>\n<meta property=\"article:publisher\" content=\"https:\/\/www.facebook.com\/sagardoarenlurraldea\" \/>\n<meta property=\"article:modified_time\" content=\"2024-11-05T08:23:23+00:00\" \/>\n<meta property=\"og:image\" content=\"https:\/\/sagardoarenlurraldea.eus\/wp-content\/uploads\/2023\/11\/Cider-Week-1024x898.jpg\" \/>\n<meta name=\"twitter:card\" content=\"summary_large_image\" \/>\n<script type=\"application\/ld+json\" class=\"yoast-schema-graph\">{\"@context\":\"https:\/\/schema.org\",\"@graph\":[{\"@type\":\"WebPage\",\"@id\":\"https:\/\/sagardoarenlurraldea.eus\/es\/sagardo-forum\/cider-week\/\",\"url\":\"https:\/\/sagardoarenlurraldea.eus\/es\/sagardo-forum\/cider-week\/\",\"name\":\"Cider Week - Sagardoaren Lurraldea\",\"isPartOf\":{\"@id\":\"https:\/\/sagardoarenlurraldea.eus\/es\/#website\"},\"primaryImageOfPage\":{\"@id\":\"https:\/\/sagardoarenlurraldea.eus\/es\/sagardo-forum\/cider-week\/#primaryimage\"},\"image\":{\"@id\":\"https:\/\/sagardoarenlurraldea.eus\/es\/sagardo-forum\/cider-week\/#primaryimage\"},\"thumbnailUrl\":\"https:\/\/sagardoarenlurraldea.eus\/wp-content\/uploads\/2023\/11\/Cider-Week-1024x898.jpg\",\"datePublished\":\"2023-11-14T10:39:21+00:00\",\"dateModified\":\"2024-11-05T08:23:23+00:00\",\"breadcrumb\":{\"@id\":\"https:\/\/sagardoarenlurraldea.eus\/es\/sagardo-forum\/cider-week\/#breadcrumb\"},\"inLanguage\":\"es\",\"potentialAction\":[{\"@type\":\"ReadAction\",\"target\":[\"https:\/\/sagardoarenlurraldea.eus\/es\/sagardo-forum\/cider-week\/\"]}]},{\"@type\":\"ImageObject\",\"inLanguage\":\"es\",\"@id\":\"https:\/\/sagardoarenlurraldea.eus\/es\/sagardo-forum\/cider-week\/#primaryimage\",\"url\":\"https:\/\/sagardoarenlurraldea.eus\/wp-content\/uploads\/2023\/11\/Cider-Week-1024x898.jpg\",\"contentUrl\":\"https:\/\/sagardoarenlurraldea.eus\/wp-content\/uploads\/2023\/11\/Cider-Week-1024x898.jpg\"},{\"@type\":\"BreadcrumbList\",\"@id\":\"https:\/\/sagardoarenlurraldea.eus\/es\/sagardo-forum\/cider-week\/#breadcrumb\",\"itemListElement\":[{\"@type\":\"ListItem\",\"position\":1,\"name\":\"Inicio\",\"item\":\"https:\/\/sagardoarenlurraldea.eus\/es\/\"},{\"@type\":\"ListItem\",\"position\":2,\"name\":\"Sagardo Forum\",\"item\":\"https:\/\/sagardoarenlurraldea.eus\/es\/sagardo-forum\/\"},{\"@type\":\"ListItem\",\"position\":3,\"name\":\"Cider Week\"}]},{\"@type\":\"WebSite\",\"@id\":\"https:\/\/sagardoarenlurraldea.eus\/es\/#website\",\"url\":\"https:\/\/sagardoarenlurraldea.eus\/es\/\",\"name\":\"Sagardoaren Lurraldea\",\"description\":\"El territorio de la sidra\",\"potentialAction\":[{\"@type\":\"SearchAction\",\"target\":{\"@type\":\"EntryPoint\",\"urlTemplate\":\"https:\/\/sagardoarenlurraldea.eus\/es\/?s={search_term_string}\"},\"query-input\":{\"@type\":\"PropertyValueSpecification\",\"valueRequired\":true,\"valueName\":\"search_term_string\"}}],\"inLanguage\":\"es\"}]}<\/script>\n<!-- \/ Yoast SEO plugin. -->","yoast_head_json":{"title":"Cider Week - Sagardoaren Lurraldea","robots":{"index":"index","follow":"follow","max-snippet":"max-snippet:-1","max-image-preview":"max-image-preview:large","max-video-preview":"max-video-preview:-1"},"canonical":"https:\/\/sagardoarenlurraldea.eus\/es\/sagardo-forum\/cider-week\/","og_locale":"es_ES","og_type":"article","og_title":"Cider Week - Sagardoaren Lurraldea","og_description":"\u00a1Catas de sidra, maridajes y mucho m\u00e1s! En 2024 se ha organizado la iniciativa Cider Week para las semanas del 21 y 28 de octubre. As\u00ed, durante estas semanas se [&hellip;]","og_url":"https:\/\/sagardoarenlurraldea.eus\/es\/sagardo-forum\/cider-week\/","og_site_name":"Sagardoaren Lurraldea","article_publisher":"https:\/\/www.facebook.com\/sagardoarenlurraldea","article_modified_time":"2024-11-05T08:23:23+00:00","og_image":[{"url":"https:\/\/sagardoarenlurraldea.eus\/wp-content\/uploads\/2023\/11\/Cider-Week-1024x898.jpg","type":"","width":"","height":""}],"twitter_card":"summary_large_image","schema":{"@context":"https:\/\/schema.org","@graph":[{"@type":"WebPage","@id":"https:\/\/sagardoarenlurraldea.eus\/es\/sagardo-forum\/cider-week\/","url":"https:\/\/sagardoarenlurraldea.eus\/es\/sagardo-forum\/cider-week\/","name":"Cider Week - Sagardoaren Lurraldea","isPartOf":{"@id":"https:\/\/sagardoarenlurraldea.eus\/es\/#website"},"primaryImageOfPage":{"@id":"https:\/\/sagardoarenlurraldea.eus\/es\/sagardo-forum\/cider-week\/#primaryimage"},"image":{"@id":"https:\/\/sagardoarenlurraldea.eus\/es\/sagardo-forum\/cider-week\/#primaryimage"},"thumbnailUrl":"https:\/\/sagardoarenlurraldea.eus\/wp-content\/uploads\/2023\/11\/Cider-Week-1024x898.jpg","datePublished":"2023-11-14T10:39:21+00:00","dateModified":"2024-11-05T08:23:23+00:00","breadcrumb":{"@id":"https:\/\/sagardoarenlurraldea.eus\/es\/sagardo-forum\/cider-week\/#breadcrumb"},"inLanguage":"es","potentialAction":[{"@type":"ReadAction","target":["https:\/\/sagardoarenlurraldea.eus\/es\/sagardo-forum\/cider-week\/"]}]},{"@type":"ImageObject","inLanguage":"es","@id":"https:\/\/sagardoarenlurraldea.eus\/es\/sagardo-forum\/cider-week\/#primaryimage","url":"https:\/\/sagardoarenlurraldea.eus\/wp-content\/uploads\/2023\/11\/Cider-Week-1024x898.jpg","contentUrl":"https:\/\/sagardoarenlurraldea.eus\/wp-content\/uploads\/2023\/11\/Cider-Week-1024x898.jpg"},{"@type":"BreadcrumbList","@id":"https:\/\/sagardoarenlurraldea.eus\/es\/sagardo-forum\/cider-week\/#breadcrumb","itemListElement":[{"@type":"ListItem","position":1,"name":"Inicio","item":"https:\/\/sagardoarenlurraldea.eus\/es\/"},{"@type":"ListItem","position":2,"name":"Sagardo Forum","item":"https:\/\/sagardoarenlurraldea.eus\/es\/sagardo-forum\/"},{"@type":"ListItem","position":3,"name":"Cider Week"}]},{"@type":"WebSite","@id":"https:\/\/sagardoarenlurraldea.eus\/es\/#website","url":"https:\/\/sagardoarenlurraldea.eus\/es\/","name":"Sagardoaren Lurraldea","description":"El territorio de la sidra","potentialAction":[{"@type":"SearchAction","target":{"@type":"EntryPoint","urlTemplate":"https:\/\/sagardoarenlurraldea.eus\/es\/?s={search_term_string}"},"query-input":{"@type":"PropertyValueSpecification","valueRequired":true,"valueName":"search_term_string"}}],"inLanguage":"es"}]}},"_links":{"self":[{"href":"https:\/\/sagardoarenlurraldea.eus\/es\/wp-json\/wp\/v2\/pages\/270025","targetHints":{"allow":["GET"]}}],"collection":[{"href":"https:\/\/sagardoarenlurraldea.eus\/es\/wp-json\/wp\/v2\/pages"}],"about":[{"href":"https:\/\/sagardoarenlurraldea.eus\/es\/wp-json\/wp\/v2\/types\/page"}],"author":[{"embeddable":true,"href":"https:\/\/sagardoarenlurraldea.eus\/es\/wp-json\/wp\/v2\/users\/8"}],"replies":[{"embeddable":true,"href":"https:\/\/sagardoarenlurraldea.eus\/es\/wp-json\/wp\/v2\/comments?post=270025"}],"version-history":[{"count":1,"href":"https:\/\/sagardoarenlurraldea.eus\/es\/wp-json\/wp\/v2\/pages\/270025\/revisions"}],"predecessor-version":[{"id":293878,"href":"https:\/\/sagardoarenlurraldea.eus\/es\/wp-json\/wp\/v2\/pages\/270025\/revisions\/293878"}],"up":[{"embeddable":true,"href":"https:\/\/sagardoarenlurraldea.eus\/es\/wp-json\/wp\/v2\/pages\/30529"}],"wp:attachment":[{"href":"https:\/\/sagardoarenlurraldea.eus\/es\/wp-json\/wp\/v2\/media?parent=270025"}],"curies":[{"name":"wp","href":"https:\/\/api.w.org\/{rel}","templated":true}]}}