{"id":24400,"date":"2017-12-26T12:48:26","date_gmt":"2017-12-26T10:48:26","guid":{"rendered":"http:\/\/www.sagardoarenlurraldea.eus\/?page_id=24400"},"modified":"2025-09-10T12:39:21","modified_gmt":"2025-09-10T10:39:21","slug":"harria-hitz-usurbil","status":"publish","type":"page","link":"https:\/\/sagardoarenlurraldea.eus\/es\/experiencias\/rutas-seleccionadas\/harria-hitz-usurbil\/","title":{"rendered":"Recorrido \u00abHarria Hitz\u00bb"},"content":{"rendered":"<p><strong>El itinerario Harria Hitz tiene por objetivo dar a conocer el papel jugado por Usurbil en la recuperaci\u00f3n de la cultura vasca contempor\u00e1nea por medio de diversos elementos que pueden contemplarse en el casco urbano.<\/strong><\/p>\n<p>Usurbil es un pueblo que ha sabido combinar espl\u00e9ndidamente la tradici\u00f3n vasca y la modernidad, siendo asimismo un pueblo comprometido con la creaci\u00f3n. En ning\u00fan lugar se refleja mejor la explosi\u00f3n cultural acaecida en Euskal Herria en la d\u00e9cada de los 60 y en ning\u00fan lugar se refleja mejor el efecto de esta explosi\u00f3n cultural de la d\u00e9cada de los 60.<\/p>\n<p>En este recorrido se descubren los aspectos m\u00e1s emblem\u00e1ticos de Usurbil en diversos puntos de la localidad:<\/p>\n<ol>\n<li>La sidra &#8211; Monumento a la sidra.<\/li>\n<li>Los hermanos Artze &#8211; Plaza de la Libertad<\/li>\n<li>Tapia &#8211; Mural<\/li>\n<li>Mikel Laboa &#8211; Plaza Mikel Laboa<\/li>\n<li>Zumeta &#8211; Mural de Zumeta<\/li>\n<li>Udarregi &#8211; Escultura en homenaje a Udarregi<\/li>\n<li>Arrastre de piedra &#8211; Dema Plaza<\/li>\n<\/ol>\n<p>Este recorrido se puede realizar con una APP para m\u00f3viles.<\/p>\n","protected":false},"excerpt":{"rendered":"<p>El itinerario Harria Hitz tiene por objetivo dar a conocer el papel jugado por Usurbil en la recuperaci\u00f3n de la cultura vasca contempor\u00e1nea por medio de diversos elementos que pueden contemplarse en el casco urbano.<\/p>\n","protected":false},"author":2,"featured_media":24408,"parent":98,"menu_order":2,"comment_status":"closed","ping_status":"closed","template":"single-rutas-seleccionadas.php","meta":{"_acf_changed":false,"_et_pb_use_builder":"","_et_pb_old_content":"","_et_gb_content_width":"","footnotes":""},"class_list":["post-24400","page","type-page","status-publish","has-post-thumbnail","hentry"],"acf":[],"yoast_head":"<!-- This site is optimized with the Yoast SEO plugin v25.4 - https:\/\/yoast.com\/wordpress\/plugins\/seo\/ -->\n<title>Recorrido &quot;Harria Hitz&quot; - Sagardoaren Lurraldea<\/title>\n<meta name=\"robots\" content=\"index, follow, max-snippet:-1, max-image-preview:large, max-video-preview:-1\" \/>\n<link rel=\"canonical\" href=\"https:\/\/sagardoarenlurraldea.eus\/es\/experiencias\/rutas-seleccionadas\/harria-hitz-usurbil\/\" \/>\n<meta property=\"og:locale\" content=\"es_ES\" \/>\n<meta property=\"og:type\" content=\"article\" \/>\n<meta property=\"og:title\" content=\"Recorrido &quot;Harria Hitz&quot; - Sagardoaren Lurraldea\" \/>\n<meta property=\"og:description\" content=\"El itinerario Harria Hitz tiene por objetivo dar a conocer el papel jugado por Usurbil en la recuperaci\u00f3n de la cultura vasca contempor\u00e1nea por medio de diversos elementos que pueden contemplarse en el casco urbano.\" \/>\n<meta property=\"og:url\" content=\"https:\/\/sagardoarenlurraldea.eus\/es\/experiencias\/rutas-seleccionadas\/harria-hitz-usurbil\/\" \/>\n<meta property=\"og:site_name\" content=\"Sagardoaren Lurraldea\" \/>\n<meta property=\"article:publisher\" content=\"https:\/\/www.facebook.com\/sagardoarenlurraldea\" \/>\n<meta property=\"article:modified_time\" content=\"2025-09-10T10:39:21+00:00\" \/>\n<meta property=\"og:image\" content=\"https:\/\/sagardoarenlurraldea.eus\/wp-content\/uploads\/2017\/12\/Zumeta-1.jpg\" \/>\n\t<meta property=\"og:image:width\" content=\"800\" \/>\n\t<meta property=\"og:image:height\" content=\"543\" \/>\n\t<meta property=\"og:image:type\" content=\"image\/jpeg\" \/>\n<meta name=\"twitter:card\" content=\"summary_large_image\" \/>\n<meta name=\"twitter:label1\" content=\"Tiempo de lectura\" \/>\n\t<meta name=\"twitter:data1\" content=\"1 minuto\" \/>\n<script type=\"application\/ld+json\" class=\"yoast-schema-graph\">{\"@context\":\"https:\/\/schema.org\",\"@graph\":[{\"@type\":\"WebPage\",\"@id\":\"https:\/\/sagardoarenlurraldea.eus\/es\/experiencias\/rutas-seleccionadas\/harria-hitz-usurbil\/\",\"url\":\"https:\/\/sagardoarenlurraldea.eus\/es\/experiencias\/rutas-seleccionadas\/harria-hitz-usurbil\/\",\"name\":\"Recorrido \\\"Harria Hitz\\\" - Sagardoaren Lurraldea\",\"isPartOf\":{\"@id\":\"https:\/\/sagardoarenlurraldea.eus\/es\/#website\"},\"primaryImageOfPage\":{\"@id\":\"https:\/\/sagardoarenlurraldea.eus\/es\/experiencias\/rutas-seleccionadas\/harria-hitz-usurbil\/#primaryimage\"},\"image\":{\"@id\":\"https:\/\/sagardoarenlurraldea.eus\/es\/experiencias\/rutas-seleccionadas\/harria-hitz-usurbil\/#primaryimage\"},\"thumbnailUrl\":\"https:\/\/sagardoarenlurraldea.eus\/wp-content\/uploads\/2017\/12\/Zumeta-1.jpg\",\"datePublished\":\"2017-12-26T10:48:26+00:00\",\"dateModified\":\"2025-09-10T10:39:21+00:00\",\"breadcrumb\":{\"@id\":\"https:\/\/sagardoarenlurraldea.eus\/es\/experiencias\/rutas-seleccionadas\/harria-hitz-usurbil\/#breadcrumb\"},\"inLanguage\":\"es\",\"potentialAction\":[{\"@type\":\"ReadAction\",\"target\":[\"https:\/\/sagardoarenlurraldea.eus\/es\/experiencias\/rutas-seleccionadas\/harria-hitz-usurbil\/\"]}]},{\"@type\":\"ImageObject\",\"inLanguage\":\"es\",\"@id\":\"https:\/\/sagardoarenlurraldea.eus\/es\/experiencias\/rutas-seleccionadas\/harria-hitz-usurbil\/#primaryimage\",\"url\":\"https:\/\/sagardoarenlurraldea.eus\/wp-content\/uploads\/2017\/12\/Zumeta-1.jpg\",\"contentUrl\":\"https:\/\/sagardoarenlurraldea.eus\/wp-content\/uploads\/2017\/12\/Zumeta-1.jpg\",\"width\":800,\"height\":543},{\"@type\":\"BreadcrumbList\",\"@id\":\"https:\/\/sagardoarenlurraldea.eus\/es\/experiencias\/rutas-seleccionadas\/harria-hitz-usurbil\/#breadcrumb\",\"itemListElement\":[{\"@type\":\"ListItem\",\"position\":1,\"name\":\"Inicio\",\"item\":\"https:\/\/sagardoarenlurraldea.eus\/es\/\"},{\"@type\":\"ListItem\",\"position\":2,\"name\":\"Experiencias\",\"item\":\"https:\/\/sagardoarenlurraldea.eus\/es\/experiencias\/\"},{\"@type\":\"ListItem\",\"position\":3,\"name\":\"Rutas seleccionadas\",\"item\":\"https:\/\/sagardoarenlurraldea.eus\/es\/experiencias\/rutas-seleccionadas\/\"},{\"@type\":\"ListItem\",\"position\":4,\"name\":\"Recorrido &#8220;Harria Hitz&#8221;\"}]},{\"@type\":\"WebSite\",\"@id\":\"https:\/\/sagardoarenlurraldea.eus\/es\/#website\",\"url\":\"https:\/\/sagardoarenlurraldea.eus\/es\/\",\"name\":\"Sagardoaren Lurraldea\",\"description\":\"El territorio de la sidra\",\"potentialAction\":[{\"@type\":\"SearchAction\",\"target\":{\"@type\":\"EntryPoint\",\"urlTemplate\":\"https:\/\/sagardoarenlurraldea.eus\/es\/?s={search_term_string}\"},\"query-input\":{\"@type\":\"PropertyValueSpecification\",\"valueRequired\":true,\"valueName\":\"search_term_string\"}}],\"inLanguage\":\"es\"}]}<\/script>\n<!-- \/ Yoast SEO plugin. -->","yoast_head_json":{"title":"Recorrido \"Harria Hitz\" - Sagardoaren Lurraldea","robots":{"index":"index","follow":"follow","max-snippet":"max-snippet:-1","max-image-preview":"max-image-preview:large","max-video-preview":"max-video-preview:-1"},"canonical":"https:\/\/sagardoarenlurraldea.eus\/es\/experiencias\/rutas-seleccionadas\/harria-hitz-usurbil\/","og_locale":"es_ES","og_type":"article","og_title":"Recorrido \"Harria Hitz\" - Sagardoaren Lurraldea","og_description":"El itinerario Harria Hitz tiene por objetivo dar a conocer el papel jugado por Usurbil en la recuperaci\u00f3n de la cultura vasca contempor\u00e1nea por medio de diversos elementos que pueden contemplarse en el casco urbano.","og_url":"https:\/\/sagardoarenlurraldea.eus\/es\/experiencias\/rutas-seleccionadas\/harria-hitz-usurbil\/","og_site_name":"Sagardoaren Lurraldea","article_publisher":"https:\/\/www.facebook.com\/sagardoarenlurraldea","article_modified_time":"2025-09-10T10:39:21+00:00","og_image":[{"width":800,"height":543,"url":"https:\/\/sagardoarenlurraldea.eus\/wp-content\/uploads\/2017\/12\/Zumeta-1.jpg","type":"image\/jpeg"}],"twitter_card":"summary_large_image","twitter_misc":{"Tiempo de lectura":"1 minuto"},"schema":{"@context":"https:\/\/schema.org","@graph":[{"@type":"WebPage","@id":"https:\/\/sagardoarenlurraldea.eus\/es\/experiencias\/rutas-seleccionadas\/harria-hitz-usurbil\/","url":"https:\/\/sagardoarenlurraldea.eus\/es\/experiencias\/rutas-seleccionadas\/harria-hitz-usurbil\/","name":"Recorrido \"Harria Hitz\" - Sagardoaren Lurraldea","isPartOf":{"@id":"https:\/\/sagardoarenlurraldea.eus\/es\/#website"},"primaryImageOfPage":{"@id":"https:\/\/sagardoarenlurraldea.eus\/es\/experiencias\/rutas-seleccionadas\/harria-hitz-usurbil\/#primaryimage"},"image":{"@id":"https:\/\/sagardoarenlurraldea.eus\/es\/experiencias\/rutas-seleccionadas\/harria-hitz-usurbil\/#primaryimage"},"thumbnailUrl":"https:\/\/sagardoarenlurraldea.eus\/wp-content\/uploads\/2017\/12\/Zumeta-1.jpg","datePublished":"2017-12-26T10:48:26+00:00","dateModified":"2025-09-10T10:39:21+00:00","breadcrumb":{"@id":"https:\/\/sagardoarenlurraldea.eus\/es\/experiencias\/rutas-seleccionadas\/harria-hitz-usurbil\/#breadcrumb"},"inLanguage":"es","potentialAction":[{"@type":"ReadAction","target":["https:\/\/sagardoarenlurraldea.eus\/es\/experiencias\/rutas-seleccionadas\/harria-hitz-usurbil\/"]}]},{"@type":"ImageObject","inLanguage":"es","@id":"https:\/\/sagardoarenlurraldea.eus\/es\/experiencias\/rutas-seleccionadas\/harria-hitz-usurbil\/#primaryimage","url":"https:\/\/sagardoarenlurraldea.eus\/wp-content\/uploads\/2017\/12\/Zumeta-1.jpg","contentUrl":"https:\/\/sagardoarenlurraldea.eus\/wp-content\/uploads\/2017\/12\/Zumeta-1.jpg","width":800,"height":543},{"@type":"BreadcrumbList","@id":"https:\/\/sagardoarenlurraldea.eus\/es\/experiencias\/rutas-seleccionadas\/harria-hitz-usurbil\/#breadcrumb","itemListElement":[{"@type":"ListItem","position":1,"name":"Inicio","item":"https:\/\/sagardoarenlurraldea.eus\/es\/"},{"@type":"ListItem","position":2,"name":"Experiencias","item":"https:\/\/sagardoarenlurraldea.eus\/es\/experiencias\/"},{"@type":"ListItem","position":3,"name":"Rutas seleccionadas","item":"https:\/\/sagardoarenlurraldea.eus\/es\/experiencias\/rutas-seleccionadas\/"},{"@type":"ListItem","position":4,"name":"Recorrido &#8220;Harria Hitz&#8221;"}]},{"@type":"WebSite","@id":"https:\/\/sagardoarenlurraldea.eus\/es\/#website","url":"https:\/\/sagardoarenlurraldea.eus\/es\/","name":"Sagardoaren Lurraldea","description":"El territorio de la sidra","potentialAction":[{"@type":"SearchAction","target":{"@type":"EntryPoint","urlTemplate":"https:\/\/sagardoarenlurraldea.eus\/es\/?s={search_term_string}"},"query-input":{"@type":"PropertyValueSpecification","valueRequired":true,"valueName":"search_term_string"}}],"inLanguage":"es"}]}},"_links":{"self":[{"href":"https:\/\/sagardoarenlurraldea.eus\/es\/wp-json\/wp\/v2\/pages\/24400","targetHints":{"allow":["GET"]}}],"collection":[{"href":"https:\/\/sagardoarenlurraldea.eus\/es\/wp-json\/wp\/v2\/pages"}],"about":[{"href":"https:\/\/sagardoarenlurraldea.eus\/es\/wp-json\/wp\/v2\/types\/page"}],"author":[{"embeddable":true,"href":"https:\/\/sagardoarenlurraldea.eus\/es\/wp-json\/wp\/v2\/users\/2"}],"replies":[{"embeddable":true,"href":"https:\/\/sagardoarenlurraldea.eus\/es\/wp-json\/wp\/v2\/comments?post=24400"}],"version-history":[{"count":2,"href":"https:\/\/sagardoarenlurraldea.eus\/es\/wp-json\/wp\/v2\/pages\/24400\/revisions"}],"predecessor-version":[{"id":302282,"href":"https:\/\/sagardoarenlurraldea.eus\/es\/wp-json\/wp\/v2\/pages\/24400\/revisions\/302282"}],"up":[{"embeddable":true,"href":"https:\/\/sagardoarenlurraldea.eus\/es\/wp-json\/wp\/v2\/pages\/98"}],"wp:featuredmedia":[{"embeddable":true,"href":"https:\/\/sagardoarenlurraldea.eus\/es\/wp-json\/wp\/v2\/media\/24408"}],"wp:attachment":[{"href":"https:\/\/sagardoarenlurraldea.eus\/es\/wp-json\/wp\/v2\/media?parent=24400"}],"curies":[{"name":"wp","href":"https:\/\/api.w.org\/{rel}","templated":true}]}}