{"id":20758,"date":"2017-08-22T13:08:24","date_gmt":"2017-08-22T11:08:24","guid":{"rendered":"http:\/\/www.sagardoarenlurraldea.eus\/?page_id=20758\/"},"modified":"2017-12-26T12:56:47","modified_gmt":"2017-12-26T10:56:47","slug":"ruta-del-faro-de-la-plata","status":"publish","type":"page","link":"https:\/\/sagardoarenlurraldea.eus\/es\/experiencias\/rutas-seleccionadas\/ruta-del-faro-de-la-plata\/","title":{"rendered":"Ruta del Faro de la Plata"},"content":{"rendered":"<p><strong>Un bonito recorrido a pie que nos permite atravesar el monte costero desde el barrio de Gros de Donostia hasta Pasaia en un par de horas. A un paso de las calles de la capital donostiarra y del activo puerto de Pasaia, el monte Ulia es un bello lugar desde donde se puede disfrutar de las vistas al mar.<\/strong><\/p>\n<p>Empezaremos nuestro recorrido cerca del extremo de la playa de La Zurriola, opuesto al Kursaal. All\u00ed, tomando la calle Zemoriya, situada detr\u00e1s de la gasolinera Larramendi, comenzaremos la ascensi\u00f3n a Ulia, quiz\u00e1s el monte donostiarra menos conocido. Unas marcas blancas y rojas nos guiar\u00e1n a lo largo del recorrido.<\/p>\n<p>Despu\u00e9s de unos diez minutos de dura pendiente, alcanzaremos una zona con buenas vistas sobre la ciudad. Una curva cerrada a mano izquierda nos conducir\u00e1 a un pinar por el que se puede bajar al promontorio de la punta de Momp\u00e1s. All\u00ed, adem\u00e1s de las ruinas de un fuerte, nos aguarda una bonita zona de rocosos acantilados habitados por gaviotas. Siguiendo el camino por una zona sombr\u00eda, encontraremos entre hortensias la fuente de Kutraila, a cuyas aguas se atribu\u00edan propiedades curativas.<\/p>\n<p>Por la izquierda, una calzada desciende hacia el mar bajo unas grandes rocas. Cuando el sendero desemboca en una pista de cemento, hay que descender unos metros y tomar el sendero que arranca de una curva. Caminaremos por un frondoso bosquecillo, y, al final de esta pista, veremos abajo la cala Murguita, pasaremos junto a dos antiguos acueductos y, entre ellos, a la fuente \u00abdel ingl\u00e9s\u00bb.<\/p>\n<p>Desde lejos veremos una construcci\u00f3n blanca y almenada, habitualmente rodeada de gaviotas, que recuerda a un castillo de cuento. Es el Faro de la Plata, situado ya sobre la bocana de entrada a la bah\u00eda de Pasaia. El faro debe su nombre a la punta de la Plata sobre la que se ubica. Al parecer, las piedras areniscas que forman este acantilado, al mojarse por el oleaje, adquieren, vistas desde el mar, un tono plateado, lo que hizo que los marinos bautizasen as\u00ed el lugar.<\/p>\n<p>Por una pista paralela a la entrada a Pasaia, comenzaremos el descenso hasta el distrito de Pasai San Pedro. Para rematar la excursi\u00f3n, nada mejor como tomar una de las lanchas motoras que continuamente unen Pasai San Pedro con Pasai San Juan, y recorrer all\u00ed su \u00fanica calle, rodeada de preciosas casas que miran al mar, adem\u00e1s de degustar un exquisito pescado.<\/p>\n","protected":false},"excerpt":{"rendered":"<p>Un bonito recorrido a pie que nos permite atravesar el monte costero desde el barrio de Gros hasta Pasaia en un par de horas. A un paso de las calles de la capital donostiarra y del activo puerto de Pasaia, el monte Ulia es un bello lugar desde donde se puede disfrutar de las vistas al mar. <\/p>\n","protected":false},"author":1,"featured_media":1486,"parent":98,"menu_order":5,"comment_status":"closed","ping_status":"closed","template":"single-rutas-seleccionadas.php","meta":{"_acf_changed":false,"_et_pb_use_builder":"","_et_pb_old_content":"","_et_gb_content_width":"","footnotes":""},"class_list":["post-20758","page","type-page","status-publish","has-post-thumbnail","hentry"],"acf":[],"yoast_head":"<!-- This site is optimized with the Yoast SEO plugin v25.4 - https:\/\/yoast.com\/wordpress\/plugins\/seo\/ -->\n<title>Ruta del Faro de la Plata - Sagardoaren Lurraldea<\/title>\n<meta name=\"robots\" content=\"index, follow, max-snippet:-1, max-image-preview:large, max-video-preview:-1\" \/>\n<link rel=\"canonical\" href=\"https:\/\/sagardoarenlurraldea.eus\/es\/experiencias\/rutas-seleccionadas\/ruta-del-faro-de-la-plata\/\" \/>\n<meta property=\"og:locale\" content=\"es_ES\" \/>\n<meta property=\"og:type\" content=\"article\" \/>\n<meta property=\"og:title\" content=\"Ruta del Faro de la Plata - Sagardoaren Lurraldea\" \/>\n<meta property=\"og:description\" content=\"Un bonito recorrido a pie que nos permite atravesar el monte costero desde el barrio de Gros hasta Pasaia en un par de horas. A un paso de las calles de la capital donostiarra y del activo puerto de Pasaia, el monte Ulia es un bello lugar desde donde se puede disfrutar de las vistas al mar.\" \/>\n<meta property=\"og:url\" content=\"https:\/\/sagardoarenlurraldea.eus\/es\/experiencias\/rutas-seleccionadas\/ruta-del-faro-de-la-plata\/\" \/>\n<meta property=\"og:site_name\" content=\"Sagardoaren Lurraldea\" \/>\n<meta property=\"article:publisher\" content=\"https:\/\/www.facebook.com\/sagardoarenlurraldea\" \/>\n<meta property=\"article:modified_time\" content=\"2017-12-26T10:56:47+00:00\" \/>\n<meta property=\"og:image\" content=\"https:\/\/sagardoarenlurraldea.eus\/wp-content\/uploads\/2016\/08\/Ruta-del-Faro-de-la-plata.jpeg\" \/>\n\t<meta property=\"og:image:width\" content=\"800\" \/>\n\t<meta property=\"og:image:height\" content=\"600\" \/>\n\t<meta property=\"og:image:type\" content=\"image\/jpeg\" \/>\n<meta name=\"twitter:card\" content=\"summary_large_image\" \/>\n<meta name=\"twitter:label1\" content=\"Tiempo de lectura\" \/>\n\t<meta name=\"twitter:data1\" content=\"2 minutos\" \/>\n<script type=\"application\/ld+json\" class=\"yoast-schema-graph\">{\"@context\":\"https:\/\/schema.org\",\"@graph\":[{\"@type\":\"WebPage\",\"@id\":\"https:\/\/sagardoarenlurraldea.eus\/es\/experiencias\/rutas-seleccionadas\/ruta-del-faro-de-la-plata\/\",\"url\":\"https:\/\/sagardoarenlurraldea.eus\/es\/experiencias\/rutas-seleccionadas\/ruta-del-faro-de-la-plata\/\",\"name\":\"Ruta del Faro de la Plata - Sagardoaren Lurraldea\",\"isPartOf\":{\"@id\":\"https:\/\/sagardoarenlurraldea.eus\/es\/#website\"},\"primaryImageOfPage\":{\"@id\":\"https:\/\/sagardoarenlurraldea.eus\/es\/experiencias\/rutas-seleccionadas\/ruta-del-faro-de-la-plata\/#primaryimage\"},\"image\":{\"@id\":\"https:\/\/sagardoarenlurraldea.eus\/es\/experiencias\/rutas-seleccionadas\/ruta-del-faro-de-la-plata\/#primaryimage\"},\"thumbnailUrl\":\"https:\/\/sagardoarenlurraldea.eus\/wp-content\/uploads\/2016\/08\/Ruta-del-Faro-de-la-plata.jpeg\",\"datePublished\":\"2017-08-22T11:08:24+00:00\",\"dateModified\":\"2017-12-26T10:56:47+00:00\",\"breadcrumb\":{\"@id\":\"https:\/\/sagardoarenlurraldea.eus\/es\/experiencias\/rutas-seleccionadas\/ruta-del-faro-de-la-plata\/#breadcrumb\"},\"inLanguage\":\"es\",\"potentialAction\":[{\"@type\":\"ReadAction\",\"target\":[\"https:\/\/sagardoarenlurraldea.eus\/es\/experiencias\/rutas-seleccionadas\/ruta-del-faro-de-la-plata\/\"]}]},{\"@type\":\"ImageObject\",\"inLanguage\":\"es\",\"@id\":\"https:\/\/sagardoarenlurraldea.eus\/es\/experiencias\/rutas-seleccionadas\/ruta-del-faro-de-la-plata\/#primaryimage\",\"url\":\"https:\/\/sagardoarenlurraldea.eus\/wp-content\/uploads\/2016\/08\/Ruta-del-Faro-de-la-plata.jpeg\",\"contentUrl\":\"https:\/\/sagardoarenlurraldea.eus\/wp-content\/uploads\/2016\/08\/Ruta-del-Faro-de-la-plata.jpeg\",\"width\":800,\"height\":600},{\"@type\":\"BreadcrumbList\",\"@id\":\"https:\/\/sagardoarenlurraldea.eus\/es\/experiencias\/rutas-seleccionadas\/ruta-del-faro-de-la-plata\/#breadcrumb\",\"itemListElement\":[{\"@type\":\"ListItem\",\"position\":1,\"name\":\"Inicio\",\"item\":\"https:\/\/sagardoarenlurraldea.eus\/es\/\"},{\"@type\":\"ListItem\",\"position\":2,\"name\":\"Experiencias\",\"item\":\"https:\/\/sagardoarenlurraldea.eus\/es\/experiencias\/\"},{\"@type\":\"ListItem\",\"position\":3,\"name\":\"Rutas seleccionadas\",\"item\":\"https:\/\/sagardoarenlurraldea.eus\/es\/experiencias\/rutas-seleccionadas\/\"},{\"@type\":\"ListItem\",\"position\":4,\"name\":\"Ruta del Faro de la Plata\"}]},{\"@type\":\"WebSite\",\"@id\":\"https:\/\/sagardoarenlurraldea.eus\/es\/#website\",\"url\":\"https:\/\/sagardoarenlurraldea.eus\/es\/\",\"name\":\"Sagardoaren Lurraldea\",\"description\":\"El territorio de la sidra\",\"potentialAction\":[{\"@type\":\"SearchAction\",\"target\":{\"@type\":\"EntryPoint\",\"urlTemplate\":\"https:\/\/sagardoarenlurraldea.eus\/es\/?s={search_term_string}\"},\"query-input\":{\"@type\":\"PropertyValueSpecification\",\"valueRequired\":true,\"valueName\":\"search_term_string\"}}],\"inLanguage\":\"es\"}]}<\/script>\n<!-- \/ Yoast SEO plugin. -->","yoast_head_json":{"title":"Ruta del Faro de la Plata - Sagardoaren Lurraldea","robots":{"index":"index","follow":"follow","max-snippet":"max-snippet:-1","max-image-preview":"max-image-preview:large","max-video-preview":"max-video-preview:-1"},"canonical":"https:\/\/sagardoarenlurraldea.eus\/es\/experiencias\/rutas-seleccionadas\/ruta-del-faro-de-la-plata\/","og_locale":"es_ES","og_type":"article","og_title":"Ruta del Faro de la Plata - Sagardoaren Lurraldea","og_description":"Un bonito recorrido a pie que nos permite atravesar el monte costero desde el barrio de Gros hasta Pasaia en un par de horas. A un paso de las calles de la capital donostiarra y del activo puerto de Pasaia, el monte Ulia es un bello lugar desde donde se puede disfrutar de las vistas al mar.","og_url":"https:\/\/sagardoarenlurraldea.eus\/es\/experiencias\/rutas-seleccionadas\/ruta-del-faro-de-la-plata\/","og_site_name":"Sagardoaren Lurraldea","article_publisher":"https:\/\/www.facebook.com\/sagardoarenlurraldea","article_modified_time":"2017-12-26T10:56:47+00:00","og_image":[{"width":800,"height":600,"url":"https:\/\/sagardoarenlurraldea.eus\/wp-content\/uploads\/2016\/08\/Ruta-del-Faro-de-la-plata.jpeg","type":"image\/jpeg"}],"twitter_card":"summary_large_image","twitter_misc":{"Tiempo de lectura":"2 minutos"},"schema":{"@context":"https:\/\/schema.org","@graph":[{"@type":"WebPage","@id":"https:\/\/sagardoarenlurraldea.eus\/es\/experiencias\/rutas-seleccionadas\/ruta-del-faro-de-la-plata\/","url":"https:\/\/sagardoarenlurraldea.eus\/es\/experiencias\/rutas-seleccionadas\/ruta-del-faro-de-la-plata\/","name":"Ruta del Faro de la Plata - Sagardoaren Lurraldea","isPartOf":{"@id":"https:\/\/sagardoarenlurraldea.eus\/es\/#website"},"primaryImageOfPage":{"@id":"https:\/\/sagardoarenlurraldea.eus\/es\/experiencias\/rutas-seleccionadas\/ruta-del-faro-de-la-plata\/#primaryimage"},"image":{"@id":"https:\/\/sagardoarenlurraldea.eus\/es\/experiencias\/rutas-seleccionadas\/ruta-del-faro-de-la-plata\/#primaryimage"},"thumbnailUrl":"https:\/\/sagardoarenlurraldea.eus\/wp-content\/uploads\/2016\/08\/Ruta-del-Faro-de-la-plata.jpeg","datePublished":"2017-08-22T11:08:24+00:00","dateModified":"2017-12-26T10:56:47+00:00","breadcrumb":{"@id":"https:\/\/sagardoarenlurraldea.eus\/es\/experiencias\/rutas-seleccionadas\/ruta-del-faro-de-la-plata\/#breadcrumb"},"inLanguage":"es","potentialAction":[{"@type":"ReadAction","target":["https:\/\/sagardoarenlurraldea.eus\/es\/experiencias\/rutas-seleccionadas\/ruta-del-faro-de-la-plata\/"]}]},{"@type":"ImageObject","inLanguage":"es","@id":"https:\/\/sagardoarenlurraldea.eus\/es\/experiencias\/rutas-seleccionadas\/ruta-del-faro-de-la-plata\/#primaryimage","url":"https:\/\/sagardoarenlurraldea.eus\/wp-content\/uploads\/2016\/08\/Ruta-del-Faro-de-la-plata.jpeg","contentUrl":"https:\/\/sagardoarenlurraldea.eus\/wp-content\/uploads\/2016\/08\/Ruta-del-Faro-de-la-plata.jpeg","width":800,"height":600},{"@type":"BreadcrumbList","@id":"https:\/\/sagardoarenlurraldea.eus\/es\/experiencias\/rutas-seleccionadas\/ruta-del-faro-de-la-plata\/#breadcrumb","itemListElement":[{"@type":"ListItem","position":1,"name":"Inicio","item":"https:\/\/sagardoarenlurraldea.eus\/es\/"},{"@type":"ListItem","position":2,"name":"Experiencias","item":"https:\/\/sagardoarenlurraldea.eus\/es\/experiencias\/"},{"@type":"ListItem","position":3,"name":"Rutas seleccionadas","item":"https:\/\/sagardoarenlurraldea.eus\/es\/experiencias\/rutas-seleccionadas\/"},{"@type":"ListItem","position":4,"name":"Ruta del Faro de la Plata"}]},{"@type":"WebSite","@id":"https:\/\/sagardoarenlurraldea.eus\/es\/#website","url":"https:\/\/sagardoarenlurraldea.eus\/es\/","name":"Sagardoaren Lurraldea","description":"El territorio de la sidra","potentialAction":[{"@type":"SearchAction","target":{"@type":"EntryPoint","urlTemplate":"https:\/\/sagardoarenlurraldea.eus\/es\/?s={search_term_string}"},"query-input":{"@type":"PropertyValueSpecification","valueRequired":true,"valueName":"search_term_string"}}],"inLanguage":"es"}]}},"_links":{"self":[{"href":"https:\/\/sagardoarenlurraldea.eus\/es\/wp-json\/wp\/v2\/pages\/20758","targetHints":{"allow":["GET"]}}],"collection":[{"href":"https:\/\/sagardoarenlurraldea.eus\/es\/wp-json\/wp\/v2\/pages"}],"about":[{"href":"https:\/\/sagardoarenlurraldea.eus\/es\/wp-json\/wp\/v2\/types\/page"}],"author":[{"embeddable":true,"href":"https:\/\/sagardoarenlurraldea.eus\/es\/wp-json\/wp\/v2\/users\/1"}],"replies":[{"embeddable":true,"href":"https:\/\/sagardoarenlurraldea.eus\/es\/wp-json\/wp\/v2\/comments?post=20758"}],"version-history":[{"count":0,"href":"https:\/\/sagardoarenlurraldea.eus\/es\/wp-json\/wp\/v2\/pages\/20758\/revisions"}],"up":[{"embeddable":true,"href":"https:\/\/sagardoarenlurraldea.eus\/es\/wp-json\/wp\/v2\/pages\/98"}],"wp:featuredmedia":[{"embeddable":true,"href":"https:\/\/sagardoarenlurraldea.eus\/es\/wp-json\/wp\/v2\/media\/1486"}],"wp:attachment":[{"href":"https:\/\/sagardoarenlurraldea.eus\/es\/wp-json\/wp\/v2\/media?parent=20758"}],"curies":[{"name":"wp","href":"https:\/\/api.w.org\/{rel}","templated":true}]}}