{"id":20752,"date":"2017-08-22T13:04:51","date_gmt":"2017-08-22T11:04:51","guid":{"rendered":"http:\/\/www.sagardoarenlurraldea.eus\/?page_id=20752\/"},"modified":"2021-06-18T12:57:17","modified_gmt":"2021-06-18T10:57:17","slug":"kayak-en-el-rio-oria","status":"publish","type":"page","link":"https:\/\/sagardoarenlurraldea.eus\/es\/experiencias\/rutas-seleccionadas\/kayak-en-el-rio-oria\/","title":{"rendered":"Kayak en el r\u00edo Oria"},"content":{"rendered":"<p><strong>La r\u00eda del Or\u00eda es el escenario perfecto para entrenarnos en el remo, no en vano es aqu\u00ed donde entrenen los remeros de la trainera de Orio, una actividad de iniciaci\u00f3n adecuada para toda la familia<\/strong>.<\/p>\n<p><a href=\"https:\/\/begi-bistan.com\/remo-y-kayak\/particulares-y-grupos\/descenso-del-oria\/\">M\u00e1s informaci\u00f3n<\/a><\/p>\n","protected":false},"excerpt":{"rendered":"<p>La r\u00eda del Or\u00eda es el escenario perfecto para entrenarnos en el remo, no en vano es aqu\u00ed donde entrenen los remeros de la trainera de Orio, una actividad de iniciaci\u00f3n adecuada para toda la familia.<\/p>\n","protected":false},"author":1,"featured_media":1482,"parent":98,"menu_order":3,"comment_status":"closed","ping_status":"closed","template":"single-rutas-seleccionadas.php","meta":{"_acf_changed":false,"_et_pb_use_builder":"","_et_pb_old_content":"","_et_gb_content_width":"","footnotes":""},"class_list":["post-20752","page","type-page","status-publish","has-post-thumbnail","hentry"],"acf":[],"yoast_head":"<!-- This site is optimized with the Yoast SEO plugin v25.4 - https:\/\/yoast.com\/wordpress\/plugins\/seo\/ -->\n<title>Kayak en el r\u00edo Oria - Sagardoaren Lurraldea<\/title>\n<meta name=\"robots\" content=\"index, follow, max-snippet:-1, max-image-preview:large, max-video-preview:-1\" \/>\n<link rel=\"canonical\" href=\"https:\/\/sagardoarenlurraldea.eus\/es\/experiencias\/rutas-seleccionadas\/kayak-en-el-rio-oria\/\" \/>\n<meta property=\"og:locale\" content=\"es_ES\" \/>\n<meta property=\"og:type\" content=\"article\" \/>\n<meta property=\"og:title\" content=\"Kayak en el r\u00edo Oria - Sagardoaren Lurraldea\" \/>\n<meta property=\"og:description\" content=\"La r\u00eda del Or\u00eda es el escenario perfecto para entrenarnos en el remo, no en vano es aqu\u00ed donde entrenen los remeros de la trainera de Orio, una actividad de iniciaci\u00f3n adecuada para toda la familia.\" \/>\n<meta property=\"og:url\" content=\"https:\/\/sagardoarenlurraldea.eus\/es\/experiencias\/rutas-seleccionadas\/kayak-en-el-rio-oria\/\" \/>\n<meta property=\"og:site_name\" content=\"Sagardoaren Lurraldea\" \/>\n<meta property=\"article:publisher\" content=\"https:\/\/www.facebook.com\/sagardoarenlurraldea\" \/>\n<meta property=\"article:modified_time\" content=\"2021-06-18T10:57:17+00:00\" \/>\n<meta property=\"og:image\" content=\"https:\/\/sagardoarenlurraldea.eus\/wp-content\/uploads\/2016\/08\/kayak-oria.jpg\" \/>\n\t<meta property=\"og:image:width\" content=\"800\" \/>\n\t<meta property=\"og:image:height\" content=\"600\" \/>\n\t<meta property=\"og:image:type\" content=\"image\/jpeg\" \/>\n<meta name=\"twitter:card\" content=\"summary_large_image\" \/>\n<meta name=\"twitter:label1\" content=\"Tiempo de lectura\" \/>\n\t<meta name=\"twitter:data1\" content=\"1 minuto\" \/>\n<script type=\"application\/ld+json\" class=\"yoast-schema-graph\">{\"@context\":\"https:\/\/schema.org\",\"@graph\":[{\"@type\":\"WebPage\",\"@id\":\"https:\/\/sagardoarenlurraldea.eus\/es\/experiencias\/rutas-seleccionadas\/kayak-en-el-rio-oria\/\",\"url\":\"https:\/\/sagardoarenlurraldea.eus\/es\/experiencias\/rutas-seleccionadas\/kayak-en-el-rio-oria\/\",\"name\":\"Kayak en el r\u00edo Oria - Sagardoaren Lurraldea\",\"isPartOf\":{\"@id\":\"https:\/\/sagardoarenlurraldea.eus\/es\/#website\"},\"primaryImageOfPage\":{\"@id\":\"https:\/\/sagardoarenlurraldea.eus\/es\/experiencias\/rutas-seleccionadas\/kayak-en-el-rio-oria\/#primaryimage\"},\"image\":{\"@id\":\"https:\/\/sagardoarenlurraldea.eus\/es\/experiencias\/rutas-seleccionadas\/kayak-en-el-rio-oria\/#primaryimage\"},\"thumbnailUrl\":\"https:\/\/sagardoarenlurraldea.eus\/wp-content\/uploads\/2016\/08\/kayak-oria.jpg\",\"datePublished\":\"2017-08-22T11:04:51+00:00\",\"dateModified\":\"2021-06-18T10:57:17+00:00\",\"breadcrumb\":{\"@id\":\"https:\/\/sagardoarenlurraldea.eus\/es\/experiencias\/rutas-seleccionadas\/kayak-en-el-rio-oria\/#breadcrumb\"},\"inLanguage\":\"es\",\"potentialAction\":[{\"@type\":\"ReadAction\",\"target\":[\"https:\/\/sagardoarenlurraldea.eus\/es\/experiencias\/rutas-seleccionadas\/kayak-en-el-rio-oria\/\"]}]},{\"@type\":\"ImageObject\",\"inLanguage\":\"es\",\"@id\":\"https:\/\/sagardoarenlurraldea.eus\/es\/experiencias\/rutas-seleccionadas\/kayak-en-el-rio-oria\/#primaryimage\",\"url\":\"https:\/\/sagardoarenlurraldea.eus\/wp-content\/uploads\/2016\/08\/kayak-oria.jpg\",\"contentUrl\":\"https:\/\/sagardoarenlurraldea.eus\/wp-content\/uploads\/2016\/08\/kayak-oria.jpg\",\"width\":800,\"height\":600},{\"@type\":\"BreadcrumbList\",\"@id\":\"https:\/\/sagardoarenlurraldea.eus\/es\/experiencias\/rutas-seleccionadas\/kayak-en-el-rio-oria\/#breadcrumb\",\"itemListElement\":[{\"@type\":\"ListItem\",\"position\":1,\"name\":\"Inicio\",\"item\":\"https:\/\/sagardoarenlurraldea.eus\/es\/\"},{\"@type\":\"ListItem\",\"position\":2,\"name\":\"Experiencias\",\"item\":\"https:\/\/sagardoarenlurraldea.eus\/es\/experiencias\/\"},{\"@type\":\"ListItem\",\"position\":3,\"name\":\"Rutas seleccionadas\",\"item\":\"https:\/\/sagardoarenlurraldea.eus\/es\/experiencias\/rutas-seleccionadas\/\"},{\"@type\":\"ListItem\",\"position\":4,\"name\":\"Kayak en el r\u00edo Oria\"}]},{\"@type\":\"WebSite\",\"@id\":\"https:\/\/sagardoarenlurraldea.eus\/es\/#website\",\"url\":\"https:\/\/sagardoarenlurraldea.eus\/es\/\",\"name\":\"Sagardoaren Lurraldea\",\"description\":\"El territorio de la sidra\",\"potentialAction\":[{\"@type\":\"SearchAction\",\"target\":{\"@type\":\"EntryPoint\",\"urlTemplate\":\"https:\/\/sagardoarenlurraldea.eus\/es\/?s={search_term_string}\"},\"query-input\":{\"@type\":\"PropertyValueSpecification\",\"valueRequired\":true,\"valueName\":\"search_term_string\"}}],\"inLanguage\":\"es\"}]}<\/script>\n<!-- \/ Yoast SEO plugin. -->","yoast_head_json":{"title":"Kayak en el r\u00edo Oria - Sagardoaren Lurraldea","robots":{"index":"index","follow":"follow","max-snippet":"max-snippet:-1","max-image-preview":"max-image-preview:large","max-video-preview":"max-video-preview:-1"},"canonical":"https:\/\/sagardoarenlurraldea.eus\/es\/experiencias\/rutas-seleccionadas\/kayak-en-el-rio-oria\/","og_locale":"es_ES","og_type":"article","og_title":"Kayak en el r\u00edo Oria - Sagardoaren Lurraldea","og_description":"La r\u00eda del Or\u00eda es el escenario perfecto para entrenarnos en el remo, no en vano es aqu\u00ed donde entrenen los remeros de la trainera de Orio, una actividad de iniciaci\u00f3n adecuada para toda la familia.","og_url":"https:\/\/sagardoarenlurraldea.eus\/es\/experiencias\/rutas-seleccionadas\/kayak-en-el-rio-oria\/","og_site_name":"Sagardoaren Lurraldea","article_publisher":"https:\/\/www.facebook.com\/sagardoarenlurraldea","article_modified_time":"2021-06-18T10:57:17+00:00","og_image":[{"width":800,"height":600,"url":"https:\/\/sagardoarenlurraldea.eus\/wp-content\/uploads\/2016\/08\/kayak-oria.jpg","type":"image\/jpeg"}],"twitter_card":"summary_large_image","twitter_misc":{"Tiempo de lectura":"1 minuto"},"schema":{"@context":"https:\/\/schema.org","@graph":[{"@type":"WebPage","@id":"https:\/\/sagardoarenlurraldea.eus\/es\/experiencias\/rutas-seleccionadas\/kayak-en-el-rio-oria\/","url":"https:\/\/sagardoarenlurraldea.eus\/es\/experiencias\/rutas-seleccionadas\/kayak-en-el-rio-oria\/","name":"Kayak en el r\u00edo Oria - Sagardoaren Lurraldea","isPartOf":{"@id":"https:\/\/sagardoarenlurraldea.eus\/es\/#website"},"primaryImageOfPage":{"@id":"https:\/\/sagardoarenlurraldea.eus\/es\/experiencias\/rutas-seleccionadas\/kayak-en-el-rio-oria\/#primaryimage"},"image":{"@id":"https:\/\/sagardoarenlurraldea.eus\/es\/experiencias\/rutas-seleccionadas\/kayak-en-el-rio-oria\/#primaryimage"},"thumbnailUrl":"https:\/\/sagardoarenlurraldea.eus\/wp-content\/uploads\/2016\/08\/kayak-oria.jpg","datePublished":"2017-08-22T11:04:51+00:00","dateModified":"2021-06-18T10:57:17+00:00","breadcrumb":{"@id":"https:\/\/sagardoarenlurraldea.eus\/es\/experiencias\/rutas-seleccionadas\/kayak-en-el-rio-oria\/#breadcrumb"},"inLanguage":"es","potentialAction":[{"@type":"ReadAction","target":["https:\/\/sagardoarenlurraldea.eus\/es\/experiencias\/rutas-seleccionadas\/kayak-en-el-rio-oria\/"]}]},{"@type":"ImageObject","inLanguage":"es","@id":"https:\/\/sagardoarenlurraldea.eus\/es\/experiencias\/rutas-seleccionadas\/kayak-en-el-rio-oria\/#primaryimage","url":"https:\/\/sagardoarenlurraldea.eus\/wp-content\/uploads\/2016\/08\/kayak-oria.jpg","contentUrl":"https:\/\/sagardoarenlurraldea.eus\/wp-content\/uploads\/2016\/08\/kayak-oria.jpg","width":800,"height":600},{"@type":"BreadcrumbList","@id":"https:\/\/sagardoarenlurraldea.eus\/es\/experiencias\/rutas-seleccionadas\/kayak-en-el-rio-oria\/#breadcrumb","itemListElement":[{"@type":"ListItem","position":1,"name":"Inicio","item":"https:\/\/sagardoarenlurraldea.eus\/es\/"},{"@type":"ListItem","position":2,"name":"Experiencias","item":"https:\/\/sagardoarenlurraldea.eus\/es\/experiencias\/"},{"@type":"ListItem","position":3,"name":"Rutas seleccionadas","item":"https:\/\/sagardoarenlurraldea.eus\/es\/experiencias\/rutas-seleccionadas\/"},{"@type":"ListItem","position":4,"name":"Kayak en el r\u00edo Oria"}]},{"@type":"WebSite","@id":"https:\/\/sagardoarenlurraldea.eus\/es\/#website","url":"https:\/\/sagardoarenlurraldea.eus\/es\/","name":"Sagardoaren Lurraldea","description":"El territorio de la sidra","potentialAction":[{"@type":"SearchAction","target":{"@type":"EntryPoint","urlTemplate":"https:\/\/sagardoarenlurraldea.eus\/es\/?s={search_term_string}"},"query-input":{"@type":"PropertyValueSpecification","valueRequired":true,"valueName":"search_term_string"}}],"inLanguage":"es"}]}},"_links":{"self":[{"href":"https:\/\/sagardoarenlurraldea.eus\/es\/wp-json\/wp\/v2\/pages\/20752","targetHints":{"allow":["GET"]}}],"collection":[{"href":"https:\/\/sagardoarenlurraldea.eus\/es\/wp-json\/wp\/v2\/pages"}],"about":[{"href":"https:\/\/sagardoarenlurraldea.eus\/es\/wp-json\/wp\/v2\/types\/page"}],"author":[{"embeddable":true,"href":"https:\/\/sagardoarenlurraldea.eus\/es\/wp-json\/wp\/v2\/users\/1"}],"replies":[{"embeddable":true,"href":"https:\/\/sagardoarenlurraldea.eus\/es\/wp-json\/wp\/v2\/comments?post=20752"}],"version-history":[{"count":0,"href":"https:\/\/sagardoarenlurraldea.eus\/es\/wp-json\/wp\/v2\/pages\/20752\/revisions"}],"up":[{"embeddable":true,"href":"https:\/\/sagardoarenlurraldea.eus\/es\/wp-json\/wp\/v2\/pages\/98"}],"wp:featuredmedia":[{"embeddable":true,"href":"https:\/\/sagardoarenlurraldea.eus\/es\/wp-json\/wp\/v2\/media\/1482"}],"wp:attachment":[{"href":"https:\/\/sagardoarenlurraldea.eus\/es\/wp-json\/wp\/v2\/media?parent=20752"}],"curies":[{"name":"wp","href":"https:\/\/api.w.org\/{rel}","templated":true}]}}